{"id":17021,"date":"2019-08-08T22:15:16","date_gmt":"2019-08-08T20:15:16","guid":{"rendered":"https:\/\/www.automobilia-atelier.de\/maison\/"},"modified":"2025-04-27T22:31:28","modified_gmt":"2025-04-27T20:31:28","slug":"maison","status":"publish","type":"page","link":"https:\/\/www.automobilia-atelier.de\/fr\/maison\/","title":{"rendered":"Maison"},"content":{"rendered":"<figure class=\"wp-block-pullquote is-style-default\"><blockquote><p>AUTOMOBILIA ATELIER est sp\u00e9cialis\u00e9 dans la distribution de volants exclusifs des ann\u00e9es 1950-1990.<\/p><p>Dans notre boutique, vous trouverez des marques telles que MOMO, Nardi \/ Personal et Atiwe ainsi que d&rsquo;autres fabricants renomm\u00e9s. Notre gamme de produits change chaque semaine. Si vous n&rsquo;avez pas trouv\u00e9 ce que vous cherchez, veuillez consulter r\u00e9guli\u00e8rement notre inventaire.  <\/p><\/blockquote><\/figure><figure class=\"wp-block-image size-large\"><img decoding=\"async\" src=\"https:\/\/www.automobilia-atelier.de\/wp-content\/uploads\/2020\/09\/DSC03728-1024x683.jpg\" alt=\"\" class=\"wp-image-907\"\/><\/figure><figure class=\"wp-block-pullquote is-style-default\"><blockquote><p>Nous sommes heureux de vous aider en tant qu&rsquo;interlocuteur comp\u00e9tent dans votre recherche du volant adapt\u00e9 \u00e0 votre voiture classique ou dans l&rsquo;\u00e9largissement de votre collection d&rsquo;automobilia.<\/p><\/blockquote><\/figure><p><\/p>","protected":false},"excerpt":{"rendered":"<p>AUTOMOBILIA ATELIER est sp\u00e9cialis\u00e9 dans la distribution de volants exclusifs des ann\u00e9es 1950-1990. Dans notre boutique, vous trouverez des marques telles que MOMO, Nardi \/ Personal et Atiwe ainsi que d&rsquo;autres fabricants renomm\u00e9s. Notre gamme de produits change chaque semaine. Si vous n&rsquo;avez pas trouv\u00e9 ce que vous cherchez, veuillez consulter r\u00e9guli\u00e8rement notre inventaire. Nous &hellip; <a href=\"https:\/\/www.automobilia-atelier.de\/fr\/maison\/\" class=\"more-link\">Continuer \u00e0 lire <span class=\"screen-reader-text\">Maison<\/span> <span class=\"meta-nav\">\u2192<\/span><\/a><\/p>\n","protected":false},"author":1,"featured_media":0,"parent":0,"menu_order":0,"comment_status":"closed","ping_status":"closed","template":"","meta":{"inline_featured_image":false,"_monsterinsights_skip_tracking":false,"_monsterinsights_sitenote_active":false,"_monsterinsights_sitenote_note":"","_monsterinsights_sitenote_category":0,"footnotes":""},"class_list":["post-17021","page","type-page","status-publish","hentry"],"yoast_head":"<!-- This site is optimized with the Yoast SEO plugin v24.7 - https:\/\/yoast.com\/wordpress\/plugins\/seo\/ -->\n<title>Maison -<\/title>\n<meta name=\"robots\" content=\"index, follow, max-snippet:-1, max-image-preview:large, max-video-preview:-1\" \/>\n<link rel=\"canonical\" href=\"https:\/\/www.automobilia-atelier.de\/fr\/maison\/\" \/>\n<meta property=\"og:locale\" content=\"fr_FR\" \/>\n<meta property=\"og:type\" content=\"article\" \/>\n<meta property=\"og:title\" content=\"Maison -\" \/>\n<meta property=\"og:description\" content=\"AUTOMOBILIA ATELIER est sp\u00e9cialis\u00e9 dans la distribution de volants exclusifs des ann\u00e9es 1950-1990. Dans notre boutique, vous trouverez des marques telles que MOMO, Nardi \/ Personal et Atiwe ainsi que d&rsquo;autres fabricants renomm\u00e9s. Notre gamme de produits change chaque semaine. Si vous n&rsquo;avez pas trouv\u00e9 ce que vous cherchez, veuillez consulter r\u00e9guli\u00e8rement notre inventaire. Nous &hellip; Continuer \u00e0 lire Maison \u2192\" \/>\n<meta property=\"og:url\" content=\"https:\/\/www.automobilia-atelier.de\/fr\/maison\/\" \/>\n<meta property=\"article:modified_time\" content=\"2025-04-27T20:31:28+00:00\" \/>\n<meta name=\"twitter:card\" content=\"summary_large_image\" \/>\n<script type=\"application\/ld+json\" class=\"yoast-schema-graph\">{\"@context\":\"https:\/\/schema.org\",\"@graph\":[{\"@type\":\"WebPage\",\"@id\":\"https:\/\/www.automobilia-atelier.de\/fr\/maison\/\",\"url\":\"https:\/\/www.automobilia-atelier.de\/fr\/maison\/\",\"name\":\"Maison -\",\"isPartOf\":{\"@id\":\"https:\/\/www.automobilia-atelier.de\/fr\/#website\"},\"primaryImageOfPage\":{\"@id\":\"https:\/\/www.automobilia-atelier.de\/fr\/maison\/#primaryimage\"},\"image\":{\"@id\":\"https:\/\/www.automobilia-atelier.de\/fr\/maison\/#primaryimage\"},\"thumbnailUrl\":\"https:\/\/www.automobilia-atelier.de\/wp-content\/uploads\/2020\/09\/DSC03728-1024x683.jpg\",\"datePublished\":\"2019-08-08T20:15:16+00:00\",\"dateModified\":\"2025-04-27T20:31:28+00:00\",\"breadcrumb\":{\"@id\":\"https:\/\/www.automobilia-atelier.de\/fr\/maison\/#breadcrumb\"},\"inLanguage\":\"fr-FR\",\"potentialAction\":[{\"@type\":\"ReadAction\",\"target\":[\"https:\/\/www.automobilia-atelier.de\/fr\/maison\/\"]}]},{\"@type\":\"ImageObject\",\"inLanguage\":\"fr-FR\",\"@id\":\"https:\/\/www.automobilia-atelier.de\/fr\/maison\/#primaryimage\",\"url\":\"https:\/\/www.automobilia-atelier.de\/wp-content\/uploads\/2020\/09\/DSC03728-1024x683.jpg\",\"contentUrl\":\"https:\/\/www.automobilia-atelier.de\/wp-content\/uploads\/2020\/09\/DSC03728-1024x683.jpg\"},{\"@type\":\"BreadcrumbList\",\"@id\":\"https:\/\/www.automobilia-atelier.de\/fr\/maison\/#breadcrumb\",\"itemListElement\":[{\"@type\":\"ListItem\",\"position\":1,\"name\":\"Startseite\",\"item\":\"https:\/\/www.automobilia-atelier.de\/fr\/\"},{\"@type\":\"ListItem\",\"position\":2,\"name\":\"Maison\"}]},{\"@type\":\"WebSite\",\"@id\":\"https:\/\/www.automobilia-atelier.de\/fr\/#website\",\"url\":\"https:\/\/www.automobilia-atelier.de\/fr\/\",\"name\":\"\",\"description\":\"\",\"potentialAction\":[{\"@type\":\"SearchAction\",\"target\":{\"@type\":\"EntryPoint\",\"urlTemplate\":\"https:\/\/www.automobilia-atelier.de\/fr\/?s={search_term_string}\"},\"query-input\":{\"@type\":\"PropertyValueSpecification\",\"valueRequired\":true,\"valueName\":\"search_term_string\"}}],\"inLanguage\":\"fr-FR\"}]}<\/script>\n<!-- \/ Yoast SEO plugin. -->","yoast_head_json":{"title":"Maison -","robots":{"index":"index","follow":"follow","max-snippet":"max-snippet:-1","max-image-preview":"max-image-preview:large","max-video-preview":"max-video-preview:-1"},"canonical":"https:\/\/www.automobilia-atelier.de\/fr\/maison\/","og_locale":"fr_FR","og_type":"article","og_title":"Maison -","og_description":"AUTOMOBILIA ATELIER est sp\u00e9cialis\u00e9 dans la distribution de volants exclusifs des ann\u00e9es 1950-1990. Dans notre boutique, vous trouverez des marques telles que MOMO, Nardi \/ Personal et Atiwe ainsi que d&rsquo;autres fabricants renomm\u00e9s. Notre gamme de produits change chaque semaine. Si vous n&rsquo;avez pas trouv\u00e9 ce que vous cherchez, veuillez consulter r\u00e9guli\u00e8rement notre inventaire. Nous &hellip; Continuer \u00e0 lire Maison \u2192","og_url":"https:\/\/www.automobilia-atelier.de\/fr\/maison\/","article_modified_time":"2025-04-27T20:31:28+00:00","twitter_card":"summary_large_image","schema":{"@context":"https:\/\/schema.org","@graph":[{"@type":"WebPage","@id":"https:\/\/www.automobilia-atelier.de\/fr\/maison\/","url":"https:\/\/www.automobilia-atelier.de\/fr\/maison\/","name":"Maison -","isPartOf":{"@id":"https:\/\/www.automobilia-atelier.de\/fr\/#website"},"primaryImageOfPage":{"@id":"https:\/\/www.automobilia-atelier.de\/fr\/maison\/#primaryimage"},"image":{"@id":"https:\/\/www.automobilia-atelier.de\/fr\/maison\/#primaryimage"},"thumbnailUrl":"https:\/\/www.automobilia-atelier.de\/wp-content\/uploads\/2020\/09\/DSC03728-1024x683.jpg","datePublished":"2019-08-08T20:15:16+00:00","dateModified":"2025-04-27T20:31:28+00:00","breadcrumb":{"@id":"https:\/\/www.automobilia-atelier.de\/fr\/maison\/#breadcrumb"},"inLanguage":"fr-FR","potentialAction":[{"@type":"ReadAction","target":["https:\/\/www.automobilia-atelier.de\/fr\/maison\/"]}]},{"@type":"ImageObject","inLanguage":"fr-FR","@id":"https:\/\/www.automobilia-atelier.de\/fr\/maison\/#primaryimage","url":"https:\/\/www.automobilia-atelier.de\/wp-content\/uploads\/2020\/09\/DSC03728-1024x683.jpg","contentUrl":"https:\/\/www.automobilia-atelier.de\/wp-content\/uploads\/2020\/09\/DSC03728-1024x683.jpg"},{"@type":"BreadcrumbList","@id":"https:\/\/www.automobilia-atelier.de\/fr\/maison\/#breadcrumb","itemListElement":[{"@type":"ListItem","position":1,"name":"Startseite","item":"https:\/\/www.automobilia-atelier.de\/fr\/"},{"@type":"ListItem","position":2,"name":"Maison"}]},{"@type":"WebSite","@id":"https:\/\/www.automobilia-atelier.de\/fr\/#website","url":"https:\/\/www.automobilia-atelier.de\/fr\/","name":"","description":"","potentialAction":[{"@type":"SearchAction","target":{"@type":"EntryPoint","urlTemplate":"https:\/\/www.automobilia-atelier.de\/fr\/?s={search_term_string}"},"query-input":{"@type":"PropertyValueSpecification","valueRequired":true,"valueName":"search_term_string"}}],"inLanguage":"fr-FR"}]}},"jetpack_sharing_enabled":true,"_links":{"self":[{"href":"https:\/\/www.automobilia-atelier.de\/fr\/wp-json\/wp\/v2\/pages\/17021","targetHints":{"allow":["GET"]}}],"collection":[{"href":"https:\/\/www.automobilia-atelier.de\/fr\/wp-json\/wp\/v2\/pages"}],"about":[{"href":"https:\/\/www.automobilia-atelier.de\/fr\/wp-json\/wp\/v2\/types\/page"}],"author":[{"embeddable":true,"href":"https:\/\/www.automobilia-atelier.de\/fr\/wp-json\/wp\/v2\/users\/1"}],"replies":[{"embeddable":true,"href":"https:\/\/www.automobilia-atelier.de\/fr\/wp-json\/wp\/v2\/comments?post=17021"}],"version-history":[{"count":1,"href":"https:\/\/www.automobilia-atelier.de\/fr\/wp-json\/wp\/v2\/pages\/17021\/revisions"}],"predecessor-version":[{"id":17022,"href":"https:\/\/www.automobilia-atelier.de\/fr\/wp-json\/wp\/v2\/pages\/17021\/revisions\/17022"}],"wp:attachment":[{"href":"https:\/\/www.automobilia-atelier.de\/fr\/wp-json\/wp\/v2\/media?parent=17021"}],"curies":[{"name":"wp","href":"https:\/\/api.w.org\/{rel}","templated":true}]}}