{"id":17036,"date":"2021-09-21T19:03:24","date_gmt":"2021-09-21T17:03:24","guid":{"rendered":"https:\/\/www.automobilia-atelier.de\/paiement-et-expedition\/"},"modified":"2025-04-27T22:31:32","modified_gmt":"2025-04-27T20:31:32","slug":"paiement-et-expedition","status":"publish","type":"page","link":"https:\/\/www.automobilia-atelier.de\/fr\/paiement-et-expedition\/","title":{"rendered":"Paiement et exp\u00e9dition"},"content":{"rendered":"<p style=\"font-size:23px\"><strong>payer<\/strong><\/p><p>Pour vos achats en toute s\u00e9curit\u00e9 et en toute commodit\u00e9 dans la boutique en ligne AUTOMOBILIA ATELIER, les modes de paiement suivants sont disponibles :<\/p><ul class=\"wp-block-list\"><li>PayPal<\/li><li>Virement bancaire \u2013 paiement anticip\u00e9<\/li><\/ul><p>Pour prot\u00e9ger vos donn\u00e9es contre tout acc\u00e8s non autoris\u00e9 par des tiers, nous utilisons des technologies de cryptage test\u00e9es. Gr\u00e2ce au processus SSL (Secure Socket Layer), toutes les donn\u00e9es de commande et de carte de cr\u00e9dit nous sont transmises sous forme crypt\u00e9e et, bien entendu, trait\u00e9es de mani\u00e8re confidentielle. <\/p><p><\/p><p><\/p><p style=\"font-size:23px\"><strong>Exp\u00e9dition<\/strong><\/p><p><strong>Nous livrons nos marchandises au sein de l&rsquo;Union europ\u00e9enne. La livraison est gratuite, quelle que soit la valeur de la commande. <\/strong><\/p><p>DHL est notre partenaire d&rsquo;exp\u00e9dition pour les livraisons au sein de l&rsquo;Union europ\u00e9enne.<\/p><p>Vos commandes seront trait\u00e9es du lundi au vendredi. Les commandes ne sont pas trait\u00e9es les week-ends et jours f\u00e9ri\u00e9s. <\/p><p>Veuillez consulter les informations ci-dessous pour conna\u00eetre les d\u00e9lais de livraison approximatifs :  <\/p><p>Livraison au sein de l&rsquo;Union europ\u00e9enne : <strong>gratuite<\/strong><\/p><p><strong>D\u00e9lai de livraison:<\/strong><\/p><p>Allemagne : 3 \u00e0 5 jours ouvrables<\/p><p>Union europ\u00e9enne : 5 \u00e0 10 jours ouvrables<\/p><p><strong>Statut d&rsquo;exp\u00e9dition<\/strong><\/p><p>D\u00e8s que votre colis quitte notre entrep\u00f4t, nous vous enverrons une confirmation d&rsquo;exp\u00e9dition par email.  <\/p><p><strong>Perte\/non-r\u00e9ception du colis<\/strong><\/p><p>Si vous ne recevez pas votre commande dans les 10 jours ouvrables suivant la r\u00e9ception de la confirmation d&rsquo;exp\u00e9dition, veuillez nous contacter pour lancer une enqu\u00eate sur le colis.<\/p>","protected":false},"excerpt":{"rendered":"<p>payer Pour vos achats en toute s\u00e9curit\u00e9 et en toute commodit\u00e9 dans la boutique en ligne AUTOMOBILIA ATELIER, les modes de paiement suivants sont disponibles : PayPal Virement bancaire \u2013 paiement anticip\u00e9 Pour prot\u00e9ger vos donn\u00e9es contre tout acc\u00e8s non autoris\u00e9 par des tiers, nous utilisons des technologies de cryptage test\u00e9es. Gr\u00e2ce au processus SSL &hellip; <a href=\"https:\/\/www.automobilia-atelier.de\/fr\/paiement-et-expedition\/\" class=\"more-link\">Continuer \u00e0 lire <span class=\"screen-reader-text\">Paiement et exp\u00e9dition<\/span> <span class=\"meta-nav\">\u2192<\/span><\/a><\/p>\n","protected":false},"author":1,"featured_media":0,"parent":0,"menu_order":0,"comment_status":"closed","ping_status":"closed","template":"","meta":{"inline_featured_image":false,"_monsterinsights_skip_tracking":false,"_monsterinsights_sitenote_active":false,"_monsterinsights_sitenote_note":"","_monsterinsights_sitenote_category":0,"footnotes":""},"class_list":["post-17036","page","type-page","status-publish","hentry"],"yoast_head":"<!-- This site is optimized with the Yoast SEO plugin v24.7 - https:\/\/yoast.com\/wordpress\/plugins\/seo\/ -->\n<title>Paiement et exp\u00e9dition -<\/title>\n<meta name=\"robots\" content=\"index, follow, max-snippet:-1, max-image-preview:large, max-video-preview:-1\" \/>\n<link rel=\"canonical\" href=\"https:\/\/www.automobilia-atelier.de\/fr\/paiement-et-expedition\/\" \/>\n<meta property=\"og:locale\" content=\"fr_FR\" \/>\n<meta property=\"og:type\" content=\"article\" \/>\n<meta property=\"og:title\" content=\"Paiement et exp\u00e9dition -\" \/>\n<meta property=\"og:description\" content=\"payer Pour vos achats en toute s\u00e9curit\u00e9 et en toute commodit\u00e9 dans la boutique en ligne AUTOMOBILIA ATELIER, les modes de paiement suivants sont disponibles : PayPal Virement bancaire \u2013 paiement anticip\u00e9 Pour prot\u00e9ger vos donn\u00e9es contre tout acc\u00e8s non autoris\u00e9 par des tiers, nous utilisons des technologies de cryptage test\u00e9es. Gr\u00e2ce au processus SSL &hellip; Continuer \u00e0 lire Paiement et exp\u00e9dition \u2192\" \/>\n<meta property=\"og:url\" content=\"https:\/\/www.automobilia-atelier.de\/fr\/paiement-et-expedition\/\" \/>\n<meta property=\"article:modified_time\" content=\"2025-04-27T20:31:32+00:00\" \/>\n<meta name=\"twitter:card\" content=\"summary_large_image\" \/>\n<meta name=\"twitter:label1\" content=\"Dur\u00e9e de lecture estim\u00e9e\" \/>\n\t<meta name=\"twitter:data1\" content=\"1 minute\" \/>\n<script type=\"application\/ld+json\" class=\"yoast-schema-graph\">{\"@context\":\"https:\/\/schema.org\",\"@graph\":[{\"@type\":\"WebPage\",\"@id\":\"https:\/\/www.automobilia-atelier.de\/fr\/paiement-et-expedition\/\",\"url\":\"https:\/\/www.automobilia-atelier.de\/fr\/paiement-et-expedition\/\",\"name\":\"Paiement et exp\u00e9dition -\",\"isPartOf\":{\"@id\":\"https:\/\/www.automobilia-atelier.de\/fr\/#website\"},\"datePublished\":\"2021-09-21T17:03:24+00:00\",\"dateModified\":\"2025-04-27T20:31:32+00:00\",\"breadcrumb\":{\"@id\":\"https:\/\/www.automobilia-atelier.de\/fr\/paiement-et-expedition\/#breadcrumb\"},\"inLanguage\":\"fr-FR\",\"potentialAction\":[{\"@type\":\"ReadAction\",\"target\":[\"https:\/\/www.automobilia-atelier.de\/fr\/paiement-et-expedition\/\"]}]},{\"@type\":\"BreadcrumbList\",\"@id\":\"https:\/\/www.automobilia-atelier.de\/fr\/paiement-et-expedition\/#breadcrumb\",\"itemListElement\":[{\"@type\":\"ListItem\",\"position\":1,\"name\":\"Startseite\",\"item\":\"https:\/\/www.automobilia-atelier.de\/fr\/\"},{\"@type\":\"ListItem\",\"position\":2,\"name\":\"Paiement et exp\u00e9dition\"}]},{\"@type\":\"WebSite\",\"@id\":\"https:\/\/www.automobilia-atelier.de\/fr\/#website\",\"url\":\"https:\/\/www.automobilia-atelier.de\/fr\/\",\"name\":\"\",\"description\":\"\",\"potentialAction\":[{\"@type\":\"SearchAction\",\"target\":{\"@type\":\"EntryPoint\",\"urlTemplate\":\"https:\/\/www.automobilia-atelier.de\/fr\/?s={search_term_string}\"},\"query-input\":{\"@type\":\"PropertyValueSpecification\",\"valueRequired\":true,\"valueName\":\"search_term_string\"}}],\"inLanguage\":\"fr-FR\"}]}<\/script>\n<!-- \/ Yoast SEO plugin. -->","yoast_head_json":{"title":"Paiement et exp\u00e9dition -","robots":{"index":"index","follow":"follow","max-snippet":"max-snippet:-1","max-image-preview":"max-image-preview:large","max-video-preview":"max-video-preview:-1"},"canonical":"https:\/\/www.automobilia-atelier.de\/fr\/paiement-et-expedition\/","og_locale":"fr_FR","og_type":"article","og_title":"Paiement et exp\u00e9dition -","og_description":"payer Pour vos achats en toute s\u00e9curit\u00e9 et en toute commodit\u00e9 dans la boutique en ligne AUTOMOBILIA ATELIER, les modes de paiement suivants sont disponibles : PayPal Virement bancaire \u2013 paiement anticip\u00e9 Pour prot\u00e9ger vos donn\u00e9es contre tout acc\u00e8s non autoris\u00e9 par des tiers, nous utilisons des technologies de cryptage test\u00e9es. Gr\u00e2ce au processus SSL &hellip; Continuer \u00e0 lire Paiement et exp\u00e9dition \u2192","og_url":"https:\/\/www.automobilia-atelier.de\/fr\/paiement-et-expedition\/","article_modified_time":"2025-04-27T20:31:32+00:00","twitter_card":"summary_large_image","twitter_misc":{"Dur\u00e9e de lecture estim\u00e9e":"1 minute"},"schema":{"@context":"https:\/\/schema.org","@graph":[{"@type":"WebPage","@id":"https:\/\/www.automobilia-atelier.de\/fr\/paiement-et-expedition\/","url":"https:\/\/www.automobilia-atelier.de\/fr\/paiement-et-expedition\/","name":"Paiement et exp\u00e9dition -","isPartOf":{"@id":"https:\/\/www.automobilia-atelier.de\/fr\/#website"},"datePublished":"2021-09-21T17:03:24+00:00","dateModified":"2025-04-27T20:31:32+00:00","breadcrumb":{"@id":"https:\/\/www.automobilia-atelier.de\/fr\/paiement-et-expedition\/#breadcrumb"},"inLanguage":"fr-FR","potentialAction":[{"@type":"ReadAction","target":["https:\/\/www.automobilia-atelier.de\/fr\/paiement-et-expedition\/"]}]},{"@type":"BreadcrumbList","@id":"https:\/\/www.automobilia-atelier.de\/fr\/paiement-et-expedition\/#breadcrumb","itemListElement":[{"@type":"ListItem","position":1,"name":"Startseite","item":"https:\/\/www.automobilia-atelier.de\/fr\/"},{"@type":"ListItem","position":2,"name":"Paiement et exp\u00e9dition"}]},{"@type":"WebSite","@id":"https:\/\/www.automobilia-atelier.de\/fr\/#website","url":"https:\/\/www.automobilia-atelier.de\/fr\/","name":"","description":"","potentialAction":[{"@type":"SearchAction","target":{"@type":"EntryPoint","urlTemplate":"https:\/\/www.automobilia-atelier.de\/fr\/?s={search_term_string}"},"query-input":{"@type":"PropertyValueSpecification","valueRequired":true,"valueName":"search_term_string"}}],"inLanguage":"fr-FR"}]}},"jetpack_sharing_enabled":true,"_links":{"self":[{"href":"https:\/\/www.automobilia-atelier.de\/fr\/wp-json\/wp\/v2\/pages\/17036","targetHints":{"allow":["GET"]}}],"collection":[{"href":"https:\/\/www.automobilia-atelier.de\/fr\/wp-json\/wp\/v2\/pages"}],"about":[{"href":"https:\/\/www.automobilia-atelier.de\/fr\/wp-json\/wp\/v2\/types\/page"}],"author":[{"embeddable":true,"href":"https:\/\/www.automobilia-atelier.de\/fr\/wp-json\/wp\/v2\/users\/1"}],"replies":[{"embeddable":true,"href":"https:\/\/www.automobilia-atelier.de\/fr\/wp-json\/wp\/v2\/comments?post=17036"}],"version-history":[{"count":1,"href":"https:\/\/www.automobilia-atelier.de\/fr\/wp-json\/wp\/v2\/pages\/17036\/revisions"}],"predecessor-version":[{"id":17037,"href":"https:\/\/www.automobilia-atelier.de\/fr\/wp-json\/wp\/v2\/pages\/17036\/revisions\/17037"}],"wp:attachment":[{"href":"https:\/\/www.automobilia-atelier.de\/fr\/wp-json\/wp\/v2\/media?parent=17036"}],"curies":[{"name":"wp","href":"https:\/\/api.w.org\/{rel}","templated":true}]}}