{"id":17038,"date":"2019-08-08T22:31:32","date_gmt":"2019-08-08T20:31:32","guid":{"rendered":"https:\/\/www.automobilia-atelier.de\/imprimer\/"},"modified":"2025-04-27T22:31:33","modified_gmt":"2025-04-27T20:31:33","slug":"imprimer","status":"publish","type":"page","link":"https:\/\/www.automobilia-atelier.de\/fr\/imprimer\/","title":{"rendered":"imprimer"},"content":{"rendered":"<h2 class=\"wp-block-heading\">Informations conform\u00e9ment au \u00a7 5 TMG<\/h2><p>Marius L\u00f6wenstein<\/p><p>Rue Christian-Seb.-Schmidt 22<\/p><p>56112 Lahnstein<\/p><p>Allemagne<\/p><p><\/p><h2 class=\"wp-block-heading\">contact<\/h2><p>T\u00e9l\u00e9phone : 0152 04828224<\/p><p>Courriel : info@automobilia-atelier.de<\/p><p>  Num\u00e9ro de TVA : DE 326801818<\/p><h2 class=\"wp-block-heading\">R\u00e9solution des litiges<\/h2><p>La Commission europ\u00e9enne met \u00e0 disposition une plateforme de r\u00e9solution des litiges en ligne (RLL) : <a href=\"https:\/\/ec.europa.eu\/consumers\/odr\" target=\"_blank\" rel=\"noreferrer noopener\">https:\/\/ec.europa.eu\/consumers\/odr<\/a> .<br\/> Vous trouverez notre adresse e-mail ci-dessus dans les mentions l\u00e9gales.<\/p><p>Nous ne sommes pas dispos\u00e9s ou oblig\u00e9s de participer \u00e0 une proc\u00e9dure de r\u00e8glement des litiges devant un conseil d&rsquo;arbitrage des consommateurs.<\/p><h3 class=\"wp-block-heading\">Responsabilit\u00e9 du contenu<\/h3><p>En tant que prestataire de services, nous sommes responsables de notre propre contenu sur ces pages conform\u00e9ment \u00e0 l&rsquo;article 7 (1) de la loi allemande sur les t\u00e9l\u00e9m\u00e9dias (TMG). Toutefois, conform\u00e9ment aux articles 8 \u00e0 10 de la loi allemande sur les t\u00e9l\u00e9m\u00e9dias (TMG), nous, en tant que prestataires de services, ne sommes pas tenus de surveiller les informations de tiers transmises ou stock\u00e9es ni d&rsquo;enqu\u00eater sur les circonstances indiquant une activit\u00e9 ill\u00e9gale.  <\/p><p>Les obligations de supprimer ou de bloquer l&rsquo;utilisation des informations en vertu du droit g\u00e9n\u00e9ral restent inchang\u00e9es. Toutefois, la responsabilit\u00e9 \u00e0 cet \u00e9gard n\u2019est possible qu\u2019\u00e0 partir du moment o\u00f9 l\u2019on a connaissance d\u2019une violation concr\u00e8te de la loi. Si nous prenons connaissance de telles violations de la loi, nous supprimerons imm\u00e9diatement ce contenu.  <\/p><h3 class=\"wp-block-heading\">Responsabilit\u00e9 des liens<\/h3><p>Notre offre contient des liens vers des sites Web externes de tiers sur le contenu desquels nous n&rsquo;avons aucune influence. Par cons\u00e9quent, nous ne pouvons assumer aucune responsabilit\u00e9 pour ce contenu externe. Le fournisseur ou l&rsquo;exploitant respectif des pages est toujours responsable du contenu des pages li\u00e9es. Les pages li\u00e9es ont \u00e9t\u00e9 v\u00e9rifi\u00e9es au moment de la cr\u00e9ation du lien afin de d\u00e9tecter d&rsquo;\u00e9ventuelles violations de la loi. Le contenu ill\u00e9gal n&rsquo;\u00e9tait pas reconnaissable au moment de la cr\u00e9ation du lien.    <\/p><p>Toutefois, un contr\u00f4le permanent du contenu des pages li\u00e9es n&rsquo;est pas raisonnable sans preuve concr\u00e8te d&rsquo;une violation de la loi. Si nous prenons connaissance de violations l\u00e9gales, nous supprimerons imm\u00e9diatement ces liens. <\/p><h3 class=\"wp-block-heading\">droits d&rsquo;auteur<\/h3><p>Les contenus et \u0153uvres de ces pages cr\u00e9\u00e9s par les exploitants du site sont soumis \u00e0 la loi allemande sur le droit d&rsquo;auteur. La reproduction, le traitement, la distribution et toute forme d&rsquo;exploitation en dehors des limites du droit d&rsquo;auteur n\u00e9cessitent le consentement \u00e9crit de l&rsquo;auteur ou du cr\u00e9ateur concern\u00e9. Les t\u00e9l\u00e9chargements et copies de ce site ne sont autoris\u00e9s que pour un usage priv\u00e9 et non commercial.  <\/p><p>Dans la mesure o\u00f9 le contenu de ce site n&rsquo;a pas \u00e9t\u00e9 cr\u00e9\u00e9 par l&rsquo;op\u00e9rateur, les droits d&rsquo;auteur de tiers sont respect\u00e9s. En particulier, le contenu tiers est marqu\u00e9 comme tel. Si vous deviez n\u00e9anmoins avoir connaissance d\u2019une violation du droit d\u2019auteur, nous vous demandons de nous en informer en cons\u00e9quence. Si nous prenons connaissance de violations l\u00e9gales, nous supprimerons imm\u00e9diatement ce contenu.   <\/p><div class=\"woocommerce woocommerce-gzd woocommerce-gzd-complaints-shortcode\">\n\t\t\t<h3>R\u00e8glement alternatif des litiges conform\u00e9ment \u00e0 l&#039;art. 14 (1) ODR-VO et \u00a7 36 VSBG :<\/h3>\n\t\n<p>Wir sind bereit, an einem au\u00dfergerichtlichen Schlichtungsverfahren teilzunehmen.<\/p>\n<\/div>","protected":false},"excerpt":{"rendered":"<p>Informations conform\u00e9ment au \u00a7 5 TMG Marius L\u00f6wenstein Rue Christian-Seb.-Schmidt 22 56112 Lahnstein Allemagne contact T\u00e9l\u00e9phone : 0152 04828224 Courriel : info@automobilia-atelier.de Num\u00e9ro de TVA : DE 326801818 R\u00e9solution des litiges La Commission europ\u00e9enne met \u00e0 disposition une plateforme de r\u00e9solution des litiges en ligne (RLL) : https:\/\/ec.europa.eu\/consumers\/odr . Vous trouverez notre adresse e-mail ci-dessus &hellip; <a href=\"https:\/\/www.automobilia-atelier.de\/fr\/imprimer\/\" class=\"more-link\">Continuer \u00e0 lire <span class=\"screen-reader-text\">imprimer<\/span> <span class=\"meta-nav\">\u2192<\/span><\/a><\/p>\n","protected":false},"author":1,"featured_media":0,"parent":0,"menu_order":0,"comment_status":"closed","ping_status":"closed","template":"","meta":{"inline_featured_image":false,"_monsterinsights_skip_tracking":false,"_monsterinsights_sitenote_active":false,"_monsterinsights_sitenote_note":"","_monsterinsights_sitenote_category":0,"footnotes":""},"class_list":["post-17038","page","type-page","status-publish","hentry"],"yoast_head":"<!-- This site is optimized with the Yoast SEO plugin v24.7 - https:\/\/yoast.com\/wordpress\/plugins\/seo\/ -->\n<title>imprimer -<\/title>\n<meta name=\"robots\" content=\"index, follow, max-snippet:-1, max-image-preview:large, max-video-preview:-1\" \/>\n<link rel=\"canonical\" href=\"https:\/\/www.automobilia-atelier.de\/fr\/imprimer\/\" \/>\n<meta property=\"og:locale\" content=\"fr_FR\" \/>\n<meta property=\"og:type\" content=\"article\" \/>\n<meta property=\"og:title\" content=\"imprimer -\" \/>\n<meta property=\"og:description\" content=\"Informations conform\u00e9ment au \u00a7 5 TMG Marius L\u00f6wenstein Rue Christian-Seb.-Schmidt 22 56112 Lahnstein Allemagne contact T\u00e9l\u00e9phone : 0152 04828224 Courriel : info@automobilia-atelier.de Num\u00e9ro de TVA : DE 326801818 R\u00e9solution des litiges La Commission europ\u00e9enne met \u00e0 disposition une plateforme de r\u00e9solution des litiges en ligne (RLL) : https:\/\/ec.europa.eu\/consumers\/odr . Vous trouverez notre adresse e-mail ci-dessus &hellip; Continuer \u00e0 lire imprimer \u2192\" \/>\n<meta property=\"og:url\" content=\"https:\/\/www.automobilia-atelier.de\/fr\/imprimer\/\" \/>\n<meta property=\"article:modified_time\" content=\"2025-04-27T20:31:33+00:00\" \/>\n<meta name=\"twitter:card\" content=\"summary_large_image\" \/>\n<meta name=\"twitter:label1\" content=\"Dur\u00e9e de lecture estim\u00e9e\" \/>\n\t<meta name=\"twitter:data1\" content=\"3 minutes\" \/>\n<script type=\"application\/ld+json\" class=\"yoast-schema-graph\">{\"@context\":\"https:\/\/schema.org\",\"@graph\":[{\"@type\":\"WebPage\",\"@id\":\"https:\/\/www.automobilia-atelier.de\/fr\/imprimer\/\",\"url\":\"https:\/\/www.automobilia-atelier.de\/fr\/imprimer\/\",\"name\":\"imprimer -\",\"isPartOf\":{\"@id\":\"https:\/\/www.automobilia-atelier.de\/fr\/#website\"},\"datePublished\":\"2019-08-08T20:31:32+00:00\",\"dateModified\":\"2025-04-27T20:31:33+00:00\",\"breadcrumb\":{\"@id\":\"https:\/\/www.automobilia-atelier.de\/fr\/imprimer\/#breadcrumb\"},\"inLanguage\":\"fr-FR\",\"potentialAction\":[{\"@type\":\"ReadAction\",\"target\":[\"https:\/\/www.automobilia-atelier.de\/fr\/imprimer\/\"]}]},{\"@type\":\"BreadcrumbList\",\"@id\":\"https:\/\/www.automobilia-atelier.de\/fr\/imprimer\/#breadcrumb\",\"itemListElement\":[{\"@type\":\"ListItem\",\"position\":1,\"name\":\"Startseite\",\"item\":\"https:\/\/www.automobilia-atelier.de\/fr\/\"},{\"@type\":\"ListItem\",\"position\":2,\"name\":\"imprimer\"}]},{\"@type\":\"WebSite\",\"@id\":\"https:\/\/www.automobilia-atelier.de\/fr\/#website\",\"url\":\"https:\/\/www.automobilia-atelier.de\/fr\/\",\"name\":\"\",\"description\":\"\",\"potentialAction\":[{\"@type\":\"SearchAction\",\"target\":{\"@type\":\"EntryPoint\",\"urlTemplate\":\"https:\/\/www.automobilia-atelier.de\/fr\/?s={search_term_string}\"},\"query-input\":{\"@type\":\"PropertyValueSpecification\",\"valueRequired\":true,\"valueName\":\"search_term_string\"}}],\"inLanguage\":\"fr-FR\"}]}<\/script>\n<!-- \/ Yoast SEO plugin. -->","yoast_head_json":{"title":"imprimer -","robots":{"index":"index","follow":"follow","max-snippet":"max-snippet:-1","max-image-preview":"max-image-preview:large","max-video-preview":"max-video-preview:-1"},"canonical":"https:\/\/www.automobilia-atelier.de\/fr\/imprimer\/","og_locale":"fr_FR","og_type":"article","og_title":"imprimer -","og_description":"Informations conform\u00e9ment au \u00a7 5 TMG Marius L\u00f6wenstein Rue Christian-Seb.-Schmidt 22 56112 Lahnstein Allemagne contact T\u00e9l\u00e9phone : 0152 04828224 Courriel : info@automobilia-atelier.de Num\u00e9ro de TVA : DE 326801818 R\u00e9solution des litiges La Commission europ\u00e9enne met \u00e0 disposition une plateforme de r\u00e9solution des litiges en ligne (RLL) : https:\/\/ec.europa.eu\/consumers\/odr . Vous trouverez notre adresse e-mail ci-dessus &hellip; Continuer \u00e0 lire imprimer \u2192","og_url":"https:\/\/www.automobilia-atelier.de\/fr\/imprimer\/","article_modified_time":"2025-04-27T20:31:33+00:00","twitter_card":"summary_large_image","twitter_misc":{"Dur\u00e9e de lecture estim\u00e9e":"3 minutes"},"schema":{"@context":"https:\/\/schema.org","@graph":[{"@type":"WebPage","@id":"https:\/\/www.automobilia-atelier.de\/fr\/imprimer\/","url":"https:\/\/www.automobilia-atelier.de\/fr\/imprimer\/","name":"imprimer -","isPartOf":{"@id":"https:\/\/www.automobilia-atelier.de\/fr\/#website"},"datePublished":"2019-08-08T20:31:32+00:00","dateModified":"2025-04-27T20:31:33+00:00","breadcrumb":{"@id":"https:\/\/www.automobilia-atelier.de\/fr\/imprimer\/#breadcrumb"},"inLanguage":"fr-FR","potentialAction":[{"@type":"ReadAction","target":["https:\/\/www.automobilia-atelier.de\/fr\/imprimer\/"]}]},{"@type":"BreadcrumbList","@id":"https:\/\/www.automobilia-atelier.de\/fr\/imprimer\/#breadcrumb","itemListElement":[{"@type":"ListItem","position":1,"name":"Startseite","item":"https:\/\/www.automobilia-atelier.de\/fr\/"},{"@type":"ListItem","position":2,"name":"imprimer"}]},{"@type":"WebSite","@id":"https:\/\/www.automobilia-atelier.de\/fr\/#website","url":"https:\/\/www.automobilia-atelier.de\/fr\/","name":"","description":"","potentialAction":[{"@type":"SearchAction","target":{"@type":"EntryPoint","urlTemplate":"https:\/\/www.automobilia-atelier.de\/fr\/?s={search_term_string}"},"query-input":{"@type":"PropertyValueSpecification","valueRequired":true,"valueName":"search_term_string"}}],"inLanguage":"fr-FR"}]}},"jetpack_sharing_enabled":true,"_links":{"self":[{"href":"https:\/\/www.automobilia-atelier.de\/fr\/wp-json\/wp\/v2\/pages\/17038","targetHints":{"allow":["GET"]}}],"collection":[{"href":"https:\/\/www.automobilia-atelier.de\/fr\/wp-json\/wp\/v2\/pages"}],"about":[{"href":"https:\/\/www.automobilia-atelier.de\/fr\/wp-json\/wp\/v2\/types\/page"}],"author":[{"embeddable":true,"href":"https:\/\/www.automobilia-atelier.de\/fr\/wp-json\/wp\/v2\/users\/1"}],"replies":[{"embeddable":true,"href":"https:\/\/www.automobilia-atelier.de\/fr\/wp-json\/wp\/v2\/comments?post=17038"}],"version-history":[{"count":1,"href":"https:\/\/www.automobilia-atelier.de\/fr\/wp-json\/wp\/v2\/pages\/17038\/revisions"}],"predecessor-version":[{"id":17039,"href":"https:\/\/www.automobilia-atelier.de\/fr\/wp-json\/wp\/v2\/pages\/17038\/revisions\/17039"}],"wp:attachment":[{"href":"https:\/\/www.automobilia-atelier.de\/fr\/wp-json\/wp\/v2\/media?parent=17038"}],"curies":[{"name":"wp","href":"https:\/\/api.w.org\/{rel}","templated":true}]}}