{"id":17049,"date":"2020-09-05T11:57:11","date_gmt":"2020-09-05T09:57:11","guid":{"rendered":"https:\/\/www.automobilia-atelier.de\/termes-et-conditions\/"},"modified":"2025-04-27T22:31:37","modified_gmt":"2025-04-27T20:31:37","slug":"termes-et-conditions","status":"publish","type":"page","link":"https:\/\/www.automobilia-atelier.de\/fr\/termes-et-conditions\/","title":{"rendered":"Termes et conditions"},"content":{"rendered":"<h1 class=\"wp-block-heading\">Conditions g\u00e9n\u00e9rales de vente avec informations client<\/h1><h2 class=\"wp-block-heading\">Table des mati\u00e8res<\/h2><ol class=\"wp-block-list\"><li>Port\u00e9e<\/li><li>Conclusion du contrat<\/li><li>Droit de r\u00e9tractation<\/li><li>Tarifs et conditions de paiement<\/li><li>Conditions de livraison et d&rsquo;exp\u00e9dition<\/li><li>R\u00e9serve de propri\u00e9t\u00e9<\/li><li>Responsabilit\u00e9 pour les d\u00e9fauts (garantie)<\/li><li>Loi applicable<\/li><li>Modes alternatifs de r\u00e9solution des conflits<\/li><\/ol><h2 class=\"wp-block-heading\">1) Port\u00e9e<\/h2><p><strong>1.1<\/strong> Les pr\u00e9sentes conditions g\u00e9n\u00e9rales de vente (ci-apr\u00e8s \u00ab CGV \u00bb) de Marius L\u00f6wenstein, exer\u00e7ant sous le nom de \u00ab Automobilia Atelier \u00bb (ci-apr\u00e8s \u00ab Vendeur \u00bb), s&rsquo;appliquent \u00e0 tous les contrats de livraison de biens qu&rsquo;un consommateur ou un entrepreneur (ci-apr\u00e8s \u00ab Client \u00bb) conclut avec le Vendeur concernant les biens pr\u00e9sent\u00e9s par le Vendeur dans sa boutique en ligne. L&rsquo;inclusion des propres conditions g\u00e9n\u00e9rales du client est par la pr\u00e9sente rejet\u00e9e, sauf accord contraire. <\/p><p><strong>1.2<\/strong> Un consommateur au sens des pr\u00e9sentes conditions g\u00e9n\u00e9rales est toute personne physique qui conclut une transaction juridique \u00e0 des fins qui ne peuvent \u00eatre principalement attribu\u00e9es ni \u00e0 son activit\u00e9 commerciale ni \u00e0 son activit\u00e9 professionnelle ind\u00e9pendante. Un entrepreneur au sens des pr\u00e9sentes conditions g\u00e9n\u00e9rales est une personne physique ou morale ou une soci\u00e9t\u00e9 de personnes dot\u00e9e de la capacit\u00e9 juridique qui, lors de la conclusion d&rsquo;une transaction juridique, agit dans l&rsquo;exercice de son activit\u00e9 professionnelle commerciale ou ind\u00e9pendante. <\/p><h2 class=\"wp-block-heading\">2) Conclusion du contrat<\/h2><p><strong>2.1<\/strong> Les descriptions de produits contenues dans la boutique en ligne du Vendeur ne constituent pas des offres fermes de la part du Vendeur, mais servent \u00e0 soumettre une offre ferme du Client.<\/p><p><strong>2.2<\/strong> Le client peut soumettre l\u2019offre via le formulaire de commande en ligne int\u00e9gr\u00e9 dans la boutique en ligne du vendeur. Apr\u00e8s avoir plac\u00e9 les marchandises s\u00e9lectionn\u00e9es dans le panier virtuel et termin\u00e9 le processus de commande \u00e9lectronique, le client soumet une offre contractuelle juridiquement contraignante concernant les marchandises contenues dans le panier en cliquant sur le bouton qui conclut le processus de commande. En outre, le client peut \u00e9galement soumettre l&rsquo;offre au vendeur par t\u00e9l\u00e9phone, par e-mail ou via le formulaire de contact en ligne.  <\/p><p><strong>2.3<\/strong> Le Vendeur peut accepter l\u2019offre du Client dans un d\u00e9lai de cinq jours,<\/p><ul class=\"wp-block-list\"><li>en envoyant au client une confirmation de commande \u00e9crite ou une confirmation de commande sous forme de texte (fax ou e-mail), la r\u00e9ception de la confirmation de commande par le client \u00e9tant d\u00e9terminante, ou<\/li><li>en livrant les marchandises command\u00e9es au client, la r\u00e9ception des marchandises par le client \u00e9tant d\u00e9terminante, ou<\/li><li>en demandant le paiement au client apr\u00e8s avoir pass\u00e9 sa commande.<\/li><\/ul><p>Si plusieurs des alternatives pr\u00e9cit\u00e9es existent, le contrat est conclu au moment o\u00f9 l&rsquo;une des alternatives pr\u00e9cit\u00e9es se pr\u00e9sente en premier. Le d\u00e9lai d&rsquo;acceptation de l&rsquo;offre commence le jour suivant l&rsquo;envoi de l&rsquo;offre par le client et se termine \u00e0 l&rsquo;expiration du cinqui\u00e8me jour suivant l&rsquo;envoi de l&rsquo;offre. Si le vendeur n&rsquo;accepte pas l&rsquo;offre du client dans le d\u00e9lai susmentionn\u00e9, cela sera consid\u00e9r\u00e9 comme un rejet de l&rsquo;offre avec pour cons\u00e9quence que le client n&rsquo;est plus li\u00e9 par sa d\u00e9claration d&rsquo;intention.  <\/p><p><strong>2.4<\/strong>Si vous s\u00e9lectionnez un mode de paiement propos\u00e9 par PayPal, le paiement sera trait\u00e9 par le prestataire de services de paiement PayPal (Europe) S.\u00e0 rl et Cie, SCA, 22-24 Boulevard Royal, L-2449 Luxembourg (ci-apr\u00e8s : \u00ab PayPal \u00bb), sous r\u00e9serve des conditions d&rsquo;utilisation de PayPal, disponibles sur https:\/\/www.paypal.com\/de\/webapps\/mpp\/ua\/useragreement-full ou \u2013 si le client n&rsquo;a pas de compte PayPal \u2013 sous r\u00e9serve des conditions g\u00e9n\u00e9rales de paiement sans compte PayPal, disponibles sur https:\/\/www.paypal.com\/de\/webapps\/mpp\/ua\/privacywax-full. Si le client paie en utilisant un mode de paiement propos\u00e9 par PayPal qui peut \u00eatre s\u00e9lectionn\u00e9 lors du processus de commande en ligne, le vendeur d\u00e9clare par la pr\u00e9sente accepter l&rsquo;offre du client au moment o\u00f9 le client clique sur le bouton qui conclut le processus de commande.<\/p><p><strong>2.5<\/strong> Lors de la soumission d&rsquo;une offre via le formulaire de commande en ligne du Vendeur, le texte du contrat sera enregistr\u00e9 par le Vendeur apr\u00e8s la conclusion du contrat et sera envoy\u00e9 au Client sous forme de texte (par exemple, e-mail, fax ou lettre) apr\u00e8s que le Client aura envoy\u00e9 la commande. Le vendeur ne rendra pas le texte du contrat disponible au-del\u00e0 de cela. Si le client a cr\u00e9\u00e9 un compte utilisateur dans la boutique en ligne du vendeur avant de soumettre sa commande, les donn\u00e9es de la commande seront archiv\u00e9es sur le site Web du vendeur et pourront \u00eatre consult\u00e9es gratuitement par le client via son compte utilisateur prot\u00e9g\u00e9 par mot de passe en fournissant les donn\u00e9es de connexion correspondantes.  <\/p><p><strong>2.6<\/strong> Avant de soumettre une commande ferme via le formulaire de commande en ligne du Vendeur, le Client peut identifier d\u2019\u00e9ventuelles erreurs de saisie en lisant attentivement les informations affich\u00e9es \u00e0 l\u2019\u00e9cran. Un moyen technique efficace pour mieux d\u00e9tecter les erreurs de saisie peut \u00eatre la fonction d&rsquo;agrandissement du navigateur, qui agrandit l&rsquo;affichage sur l&rsquo;\u00e9cran. Au cours du processus de commande \u00e9lectronique, le client peut corriger ses saisies en utilisant les fonctions habituelles du clavier et de la souris jusqu&rsquo;\u00e0 ce qu&rsquo;il clique sur le bouton qui conclut le processus de commande.  <\/p><p><strong>2.7<\/strong> Les langues allemande et anglaise sont disponibles pour la conclusion du contrat.<\/p><p><strong>2.8<\/strong> Le traitement des commandes et la prise de contact s&rsquo;effectuent g\u00e9n\u00e9ralement par courrier \u00e9lectronique et par traitement automatis\u00e9 des commandes. Le client doit s&rsquo;assurer que l&rsquo;adresse email fournie pour le traitement de la commande est correcte afin que les emails envoy\u00e9s par le vendeur puissent \u00eatre re\u00e7us \u00e0 cette adresse. En particulier, lors de l&rsquo;utilisation de filtres anti-spam, le client doit s&rsquo;assurer que tous les courriers \u00e9lectroniques envoy\u00e9s par le vendeur ou par des tiers mandat\u00e9s par le vendeur pour traiter la commande peuvent \u00eatre livr\u00e9s.  <\/p><h2 class=\"wp-block-heading\">3) Droit de r\u00e9tractation<\/h2><p><strong>3.1<\/strong> Les consommateurs disposent g\u00e9n\u00e9ralement d\u2019un droit de r\u00e9tractation.<\/p><p><strong>3.2<\/strong> De plus amples informations sur le droit de r\u00e9tractation peuvent \u00eatre trouv\u00e9es dans la politique d\u2019annulation du vendeur.<\/p><h2 class=\"wp-block-heading\">4) Prix et conditions de paiement<\/h2><p><strong>4.1<\/strong> Sauf indication contraire dans la description du produit du Vendeur, les prix indiqu\u00e9s sont des prix totaux qui incluent la TVA l\u00e9gale. Les \u00e9ventuels frais de livraison et d&rsquo;exp\u00e9dition suppl\u00e9mentaires qui pourraient survenir seront indiqu\u00e9s s\u00e9par\u00e9ment dans la description du produit concern\u00e9. <\/p><p><strong>4.2<\/strong> Les options de paiement seront communiqu\u00e9es au client dans la boutique en ligne du vendeur.<\/p><p><strong>4.3<\/strong> Si un paiement anticip\u00e9 par virement bancaire a \u00e9t\u00e9 convenu, le paiement est d\u00fb imm\u00e9diatement apr\u00e8s la conclusion du contrat, \u00e0 moins que les parties n&rsquo;aient convenu d&rsquo;une date d&rsquo;\u00e9ch\u00e9ance ult\u00e9rieure.<\/p><h2 class=\"wp-block-heading\">5) Conditions de livraison et d&rsquo;exp\u00e9dition<\/h2><p><strong>5.1<\/strong> La livraison des marchandises s&rsquo;effectue par exp\u00e9dition \u00e0 l&rsquo;adresse de livraison indiqu\u00e9e par le client, sauf convention contraire. Lors du traitement de la transaction, l&rsquo;adresse de livraison indiqu\u00e9e dans le traitement de la commande du vendeur est d\u00e9terminante. <\/p><p><strong>5.2<\/strong> Si la livraison des marchandises \u00e9choue pour des raisons dont le client est responsable, le client supportera les frais raisonnables engag\u00e9s par le vendeur en cons\u00e9quence. Ceci ne s\u2019applique pas aux frais de livraison si le client exerce effectivement son droit de r\u00e9tractation. Si le client exerce effectivement son droit de r\u00e9tractation, les frais de retour seront soumis aux dispositions de la politique d&rsquo;annulation du vendeur.  <\/p><p><strong>5.3<\/strong> En cas d&rsquo;enl\u00e8vement par le Client, le Vendeur informe au pr\u00e9alable le Client par courrier \u00e9lectronique que les marchandises command\u00e9es par lui sont pr\u00eates \u00e0 \u00eatre retir\u00e9es. Apr\u00e8s r\u00e9ception de cet e-mail, le client peut r\u00e9cup\u00e9rer la marchandise dans les locaux du vendeur apr\u00e8s consultation avec ce dernier. Dans ce cas, aucun frais de port ne sera factur\u00e9.  <\/p><h2 class=\"wp-block-heading\">6) R\u00e9serve de propri\u00e9t\u00e9<\/h2><p>Si le vendeur effectue des paiements anticip\u00e9s, il conserve la propri\u00e9t\u00e9 des marchandises livr\u00e9es jusqu&rsquo;au paiement int\u00e9gral du prix d&rsquo;achat d\u00fb.<\/p><h2 class=\"wp-block-heading\">7) Responsabilit\u00e9 pour les d\u00e9fauts (garantie)<\/h2><p><strong>7.1<\/strong> Les articles sont d\u00e9crits au mieux de nos connaissances et croyances. La description n&rsquo;est pas une propri\u00e9t\u00e9 garantie selon les \u00a7\u00a7 459 et suivants du BGB. Sauf mention expresse, les marchandises n&rsquo;ont pas \u00e9t\u00e9 test\u00e9es quant \u00e0 leur fonctionnalit\u00e9. Ils sont donc propos\u00e9s \u00e0 des fins de collection uniquement.      <\/p><p>L&rsquo;acheteur est responsable de v\u00e9rifier et d&rsquo;examiner les marchandises imm\u00e9diatement apr\u00e8s r\u00e9ception. Toute livraison de remplacement ne pourra \u00eatre effectu\u00e9e qu&rsquo;apr\u00e8s retour de la premi\u00e8re marchandise envoy\u00e9e. La garantie expire si des tiers effectuent des travaux sur la marchandise ou si d&rsquo;autres interventions sont effectu\u00e9es ou ont \u00e9t\u00e9 effectu\u00e9es.  <\/p><p><strong>7.2<\/strong> Automobilia Atelier n&rsquo;est pas responsable des dommages caus\u00e9s par des marchandises non test\u00e9es et transmises, ni de l&rsquo;ad\u00e9quation des marchandises livr\u00e9es aux fins pr\u00e9vues par l&rsquo;acheteur, ni des dommages caus\u00e9s ou r\u00e9sultant d&rsquo;un traitement, d&rsquo;une utilisation ou d&rsquo;une installation incorrecte.  <\/p><p>Dans les cas autoris\u00e9s par la loi, Automobilia Atelier limite sa responsabilit\u00e9 \u00e0 l&rsquo;objet de livraison lui-m\u00eame et n&rsquo;est donc pas responsable des dommages qui ne sont pas survenus sur l&rsquo;objet de livraison lui-m\u00eame ; en particulier, Automobilia Atelier n&rsquo;est pas responsable des pertes de b\u00e9n\u00e9fices ou autres pertes financi\u00e8res subies par l&rsquo;acheteur.<\/p><h2 class=\"wp-block-heading\">8) Loi applicable<\/h2><p>Toutes les relations juridiques entre les parties sont r\u00e9gies par le droit de la R\u00e9publique f\u00e9d\u00e9rale d&rsquo;Allemagne, \u00e0 l&rsquo;exclusion des lois r\u00e9gissant la vente internationale de biens meubles. Dans le cas des consommateurs, ce choix de loi ne s&rsquo;applique que dans la mesure o\u00f9 la protection accord\u00e9e n&rsquo;est pas retir\u00e9e par des dispositions imp\u00e9ratives de la loi du pays dans lequel le consommateur a sa r\u00e9sidence habituelle. <\/p><h2 class=\"wp-block-heading\">9) Modes alternatifs de r\u00e9solution des conflits<\/h2><p><strong>9.1<\/strong> La Commission europ\u00e9enne met \u00e0 disposition une plateforme de r\u00e9solution des litiges en ligne sur Internet \u00e0 l&rsquo;adresse suivante : https:\/\/ec.europa.eu\/consumers\/odr<\/p><p>Cette plateforme sert de point de contact pour le r\u00e8glement extrajudiciaire des litiges d\u00e9coulant de contrats de vente ou de services en ligne impliquant un consommateur.<\/p><p><strong>9.2<\/strong> Le Vendeur n&rsquo;est ni oblig\u00e9 ni dispos\u00e9 \u00e0 participer \u00e0 une proc\u00e9dure de r\u00e8glement des litiges devant un conseil d&rsquo;arbitrage des consommateurs.<\/p><div class=\"woocommerce woocommerce-gzd woocommerce-gzd-complaints-shortcode\">\n\t\t\t<h3>R\u00e8glement alternatif des litiges conform\u00e9ment \u00e0 l&#039;art. 14 (1) ODR-VO et \u00a7 36 VSBG :<\/h3>\n\t\n<p>Wir sind bereit, an einem au\u00dfergerichtlichen Schlichtungsverfahren teilzunehmen.<\/p>\n<\/div>","protected":false},"excerpt":{"rendered":"<p>Conditions g\u00e9n\u00e9rales de vente avec informations client Table des mati\u00e8res Port\u00e9e Conclusion du contrat Droit de r\u00e9tractation Tarifs et conditions de paiement Conditions de livraison et d&rsquo;exp\u00e9dition R\u00e9serve de propri\u00e9t\u00e9 Responsabilit\u00e9 pour les d\u00e9fauts (garantie) Loi applicable Modes alternatifs de r\u00e9solution des conflits 1) Port\u00e9e 1.1 Les pr\u00e9sentes conditions g\u00e9n\u00e9rales de vente (ci-apr\u00e8s \u00ab CGV &hellip; <a href=\"https:\/\/www.automobilia-atelier.de\/fr\/termes-et-conditions\/\" class=\"more-link\">Continuer \u00e0 lire <span class=\"screen-reader-text\">Termes et conditions<\/span> <span class=\"meta-nav\">\u2192<\/span><\/a><\/p>\n","protected":false},"author":1,"featured_media":0,"parent":0,"menu_order":0,"comment_status":"closed","ping_status":"closed","template":"","meta":{"inline_featured_image":false,"_monsterinsights_skip_tracking":false,"_monsterinsights_sitenote_active":false,"_monsterinsights_sitenote_note":"","_monsterinsights_sitenote_category":0,"footnotes":""},"class_list":["post-17049","page","type-page","status-publish","hentry"],"yoast_head":"<!-- This site is optimized with the Yoast SEO plugin v24.7 - https:\/\/yoast.com\/wordpress\/plugins\/seo\/ -->\n<title>Termes et conditions -<\/title>\n<meta name=\"robots\" content=\"index, follow, max-snippet:-1, max-image-preview:large, max-video-preview:-1\" \/>\n<link rel=\"canonical\" href=\"https:\/\/www.automobilia-atelier.de\/fr\/termes-et-conditions\/\" \/>\n<meta property=\"og:locale\" content=\"fr_FR\" \/>\n<meta property=\"og:type\" content=\"article\" \/>\n<meta property=\"og:title\" content=\"Termes et conditions -\" \/>\n<meta property=\"og:description\" content=\"Conditions g\u00e9n\u00e9rales de vente avec informations client Table des mati\u00e8res Port\u00e9e Conclusion du contrat Droit de r\u00e9tractation Tarifs et conditions de paiement Conditions de livraison et d&rsquo;exp\u00e9dition R\u00e9serve de propri\u00e9t\u00e9 Responsabilit\u00e9 pour les d\u00e9fauts (garantie) Loi applicable Modes alternatifs de r\u00e9solution des conflits 1) Port\u00e9e 1.1 Les pr\u00e9sentes conditions g\u00e9n\u00e9rales de vente (ci-apr\u00e8s \u00ab CGV &hellip; Continuer \u00e0 lire Termes et conditions \u2192\" \/>\n<meta property=\"og:url\" content=\"https:\/\/www.automobilia-atelier.de\/fr\/termes-et-conditions\/\" \/>\n<meta property=\"article:modified_time\" content=\"2025-04-27T20:31:37+00:00\" \/>\n<meta name=\"twitter:card\" content=\"summary_large_image\" \/>\n<meta name=\"twitter:label1\" content=\"Dur\u00e9e de lecture estim\u00e9e\" \/>\n\t<meta name=\"twitter:data1\" content=\"9 minutes\" \/>\n<script type=\"application\/ld+json\" class=\"yoast-schema-graph\">{\"@context\":\"https:\/\/schema.org\",\"@graph\":[{\"@type\":\"WebPage\",\"@id\":\"https:\/\/www.automobilia-atelier.de\/fr\/termes-et-conditions\/\",\"url\":\"https:\/\/www.automobilia-atelier.de\/fr\/termes-et-conditions\/\",\"name\":\"Termes et conditions -\",\"isPartOf\":{\"@id\":\"https:\/\/www.automobilia-atelier.de\/fr\/#website\"},\"datePublished\":\"2020-09-05T09:57:11+00:00\",\"dateModified\":\"2025-04-27T20:31:37+00:00\",\"breadcrumb\":{\"@id\":\"https:\/\/www.automobilia-atelier.de\/fr\/termes-et-conditions\/#breadcrumb\"},\"inLanguage\":\"fr-FR\",\"potentialAction\":[{\"@type\":\"ReadAction\",\"target\":[\"https:\/\/www.automobilia-atelier.de\/fr\/termes-et-conditions\/\"]}]},{\"@type\":\"BreadcrumbList\",\"@id\":\"https:\/\/www.automobilia-atelier.de\/fr\/termes-et-conditions\/#breadcrumb\",\"itemListElement\":[{\"@type\":\"ListItem\",\"position\":1,\"name\":\"Startseite\",\"item\":\"https:\/\/www.automobilia-atelier.de\/fr\/\"},{\"@type\":\"ListItem\",\"position\":2,\"name\":\"Termes et conditions\"}]},{\"@type\":\"WebSite\",\"@id\":\"https:\/\/www.automobilia-atelier.de\/fr\/#website\",\"url\":\"https:\/\/www.automobilia-atelier.de\/fr\/\",\"name\":\"\",\"description\":\"\",\"potentialAction\":[{\"@type\":\"SearchAction\",\"target\":{\"@type\":\"EntryPoint\",\"urlTemplate\":\"https:\/\/www.automobilia-atelier.de\/fr\/?s={search_term_string}\"},\"query-input\":{\"@type\":\"PropertyValueSpecification\",\"valueRequired\":true,\"valueName\":\"search_term_string\"}}],\"inLanguage\":\"fr-FR\"}]}<\/script>\n<!-- \/ Yoast SEO plugin. -->","yoast_head_json":{"title":"Termes et conditions -","robots":{"index":"index","follow":"follow","max-snippet":"max-snippet:-1","max-image-preview":"max-image-preview:large","max-video-preview":"max-video-preview:-1"},"canonical":"https:\/\/www.automobilia-atelier.de\/fr\/termes-et-conditions\/","og_locale":"fr_FR","og_type":"article","og_title":"Termes et conditions -","og_description":"Conditions g\u00e9n\u00e9rales de vente avec informations client Table des mati\u00e8res Port\u00e9e Conclusion du contrat Droit de r\u00e9tractation Tarifs et conditions de paiement Conditions de livraison et d&rsquo;exp\u00e9dition R\u00e9serve de propri\u00e9t\u00e9 Responsabilit\u00e9 pour les d\u00e9fauts (garantie) Loi applicable Modes alternatifs de r\u00e9solution des conflits 1) Port\u00e9e 1.1 Les pr\u00e9sentes conditions g\u00e9n\u00e9rales de vente (ci-apr\u00e8s \u00ab CGV &hellip; Continuer \u00e0 lire Termes et conditions \u2192","og_url":"https:\/\/www.automobilia-atelier.de\/fr\/termes-et-conditions\/","article_modified_time":"2025-04-27T20:31:37+00:00","twitter_card":"summary_large_image","twitter_misc":{"Dur\u00e9e de lecture estim\u00e9e":"9 minutes"},"schema":{"@context":"https:\/\/schema.org","@graph":[{"@type":"WebPage","@id":"https:\/\/www.automobilia-atelier.de\/fr\/termes-et-conditions\/","url":"https:\/\/www.automobilia-atelier.de\/fr\/termes-et-conditions\/","name":"Termes et conditions -","isPartOf":{"@id":"https:\/\/www.automobilia-atelier.de\/fr\/#website"},"datePublished":"2020-09-05T09:57:11+00:00","dateModified":"2025-04-27T20:31:37+00:00","breadcrumb":{"@id":"https:\/\/www.automobilia-atelier.de\/fr\/termes-et-conditions\/#breadcrumb"},"inLanguage":"fr-FR","potentialAction":[{"@type":"ReadAction","target":["https:\/\/www.automobilia-atelier.de\/fr\/termes-et-conditions\/"]}]},{"@type":"BreadcrumbList","@id":"https:\/\/www.automobilia-atelier.de\/fr\/termes-et-conditions\/#breadcrumb","itemListElement":[{"@type":"ListItem","position":1,"name":"Startseite","item":"https:\/\/www.automobilia-atelier.de\/fr\/"},{"@type":"ListItem","position":2,"name":"Termes et conditions"}]},{"@type":"WebSite","@id":"https:\/\/www.automobilia-atelier.de\/fr\/#website","url":"https:\/\/www.automobilia-atelier.de\/fr\/","name":"","description":"","potentialAction":[{"@type":"SearchAction","target":{"@type":"EntryPoint","urlTemplate":"https:\/\/www.automobilia-atelier.de\/fr\/?s={search_term_string}"},"query-input":{"@type":"PropertyValueSpecification","valueRequired":true,"valueName":"search_term_string"}}],"inLanguage":"fr-FR"}]}},"jetpack_sharing_enabled":true,"_links":{"self":[{"href":"https:\/\/www.automobilia-atelier.de\/fr\/wp-json\/wp\/v2\/pages\/17049","targetHints":{"allow":["GET"]}}],"collection":[{"href":"https:\/\/www.automobilia-atelier.de\/fr\/wp-json\/wp\/v2\/pages"}],"about":[{"href":"https:\/\/www.automobilia-atelier.de\/fr\/wp-json\/wp\/v2\/types\/page"}],"author":[{"embeddable":true,"href":"https:\/\/www.automobilia-atelier.de\/fr\/wp-json\/wp\/v2\/users\/1"}],"replies":[{"embeddable":true,"href":"https:\/\/www.automobilia-atelier.de\/fr\/wp-json\/wp\/v2\/comments?post=17049"}],"version-history":[{"count":1,"href":"https:\/\/www.automobilia-atelier.de\/fr\/wp-json\/wp\/v2\/pages\/17049\/revisions"}],"predecessor-version":[{"id":17050,"href":"https:\/\/www.automobilia-atelier.de\/fr\/wp-json\/wp\/v2\/pages\/17049\/revisions\/17050"}],"wp:attachment":[{"href":"https:\/\/www.automobilia-atelier.de\/fr\/wp-json\/wp\/v2\/media?parent=17049"}],"curies":[{"name":"wp","href":"https:\/\/api.w.org\/{rel}","templated":true}]}}