{"id":22576,"date":"2026-04-30T07:57:14","date_gmt":"2026-04-30T05:57:14","guid":{"rendered":"https:\/\/www.automobilia-atelier.de\/a-propos-de-nous-2\/"},"modified":"2026-04-30T08:51:59","modified_gmt":"2026-04-30T06:51:59","slug":"a-propos-de-nous-2","status":"publish","type":"page","link":"https:\/\/www.automobilia-atelier.de\/fr\/a-propos-de-nous-2\/","title":{"rendered":"\u00c0 propos de nous"},"content":{"rendered":"<p><strong>Bienvenue chez AUTOMOBILIA ATELIER<\/strong> \u2013 votre adresse pour des objets de collection et des accessoires automobiles de haute qualit\u00e9 issus du monde des automobiles classiques et de l&rsquo;histoire du sport automobile.<\/p><p>Notre studio est situ\u00e9 au c\u0153ur de <strong>Coblence<\/strong> , en Allemagne, \u00e0 proximit\u00e9 imm\u00e9diate du <strong>N\u00fcrburgring<\/strong> , circuit mythique de renomm\u00e9e mondiale. Notre devise, <strong>\u00ab\u00a0Fragments d&rsquo;Histoire\u00a0\u00bb,<\/strong> refl\u00e8te non seulement notre gamme de produits, mais aussi notre philosophie. Chaque objet de notre collection est bien plus qu&rsquo;une simple pi\u00e8ce de collection\u00a0: c&rsquo;est un morceau d&rsquo;histoire.  <\/p><p>Passionn\u00e9s d&rsquo;automobiles et de leur histoire, nous vous proposons une s\u00e9lection soigneusement choisie d&rsquo; <strong>objets automobiles<\/strong> rares et exclusifs qui non seulement font battre le c\u0153ur des collectionneurs, mais constituent \u00e9galement des t\u00e9moignages intemporels de l&rsquo;\u00e2ge d&rsquo;or du sport automobile.<\/p><div class=\"wp-block-media-text is-stacked-on-mobile\"><figure class=\"wp-block-media-text__media\"><img loading=\"lazy\" decoding=\"async\" width=\"1024\" height=\"1024\" src=\"https:\/\/www.automobilia-atelier.de\/wp-content\/uploads\/2026\/04\/1-2-1024x1024.jpg\" alt=\"\" class=\"wp-image-22651 size-full\" srcset=\"https:\/\/www.automobilia-atelier.de\/wp-content\/uploads\/2026\/04\/1-2-1024x1024.jpg 1024w, https:\/\/www.automobilia-atelier.de\/wp-content\/uploads\/2026\/04\/1-2-300x300.jpg 300w, https:\/\/www.automobilia-atelier.de\/wp-content\/uploads\/2026\/04\/1-2-150x150.jpg 150w, https:\/\/www.automobilia-atelier.de\/wp-content\/uploads\/2026\/04\/1-2-768x768.jpg 768w, https:\/\/www.automobilia-atelier.de\/wp-content\/uploads\/2026\/04\/1-2-1536x1536.jpg 1536w, https:\/\/www.automobilia-atelier.de\/wp-content\/uploads\/2026\/04\/1-2-2048x2048.jpg 2048w, https:\/\/www.automobilia-atelier.de\/wp-content\/uploads\/2026\/04\/1-2-700x700.jpg 700w, https:\/\/www.automobilia-atelier.de\/wp-content\/uploads\/2026\/04\/1-2-2000x2000.jpg 2000w, https:\/\/www.automobilia-atelier.de\/wp-content\/uploads\/2026\/04\/1-2-100x100.jpg 100w, https:\/\/www.automobilia-atelier.de\/wp-content\/uploads\/2026\/04\/1-2-400x400.jpg 400w, https:\/\/www.automobilia-atelier.de\/wp-content\/uploads\/2026\/04\/1-2-830x830.jpg 830w, https:\/\/www.automobilia-atelier.de\/wp-content\/uploads\/2026\/04\/1-2-894x894.jpg 894w, https:\/\/www.automobilia-atelier.de\/wp-content\/uploads\/2026\/04\/1-2-64x64.jpg 64w\" sizes=\"auto, (max-width: 1024px) 100vw, 1024px\" \/><\/figure><div class=\"wp-block-media-text__content\"><p><strong><strong>AUTOMOBILIA ATELIER<\/strong><\/strong> est bien plus qu&rsquo;un simple studio : c&rsquo;est la vision et la passion d&rsquo;un esprit cr\u00e9atif profond\u00e9ment li\u00e9 au monde de l&rsquo;automobile.<\/p>\n\n<p>N\u00e9e d&rsquo;une id\u00e9e de <strong>Marius L\u00f6wenstein<\/strong> , anim\u00e9 d&rsquo;un enthousiasme in\u00e9branlable pour tout ce qui a des roues, <strong>AUTOMOBILIA ATELIER<\/strong> est devenue un lieu o\u00f9 l&rsquo;histoire et l&rsquo;innovation fusionnent de mani\u00e8re unique.<\/p><\/div><\/div>","protected":false},"excerpt":{"rendered":"<p>Bienvenue chez AUTOMOBILIA ATELIER \u2013 votre adresse pour des objets de collection et des accessoires automobiles de haute qualit\u00e9 issus du monde des automobiles classiques et de l&rsquo;histoire du sport automobile. Notre studio est situ\u00e9 au c\u0153ur de Coblence , en Allemagne, \u00e0 proximit\u00e9 imm\u00e9diate du N\u00fcrburgring , circuit mythique de renomm\u00e9e mondiale. Notre devise, &hellip; <a href=\"https:\/\/www.automobilia-atelier.de\/fr\/a-propos-de-nous-2\/\" class=\"more-link\">Continuer \u00e0 lire <span class=\"screen-reader-text\">\u00c0 propos de nous<\/span> <span class=\"meta-nav\">\u2192<\/span><\/a><\/p>\n","protected":false},"author":1,"featured_media":0,"parent":0,"menu_order":0,"comment_status":"closed","ping_status":"closed","template":"","meta":{"inline_featured_image":false,"_monsterinsights_skip_tracking":false,"_monsterinsights_sitenote_active":false,"_monsterinsights_sitenote_note":"","_monsterinsights_sitenote_category":0,"footnotes":""},"class_list":["post-22576","page","type-page","status-publish","hentry"],"yoast_head":"<!-- This site is optimized with the Yoast SEO plugin v24.7 - https:\/\/yoast.com\/wordpress\/plugins\/seo\/ -->\n<title>\u00c0 propos de nous -<\/title>\n<meta name=\"robots\" content=\"index, follow, max-snippet:-1, max-image-preview:large, max-video-preview:-1\" \/>\n<link rel=\"canonical\" href=\"https:\/\/www.automobilia-atelier.de\/fr\/a-propos-de-nous-2\/\" \/>\n<meta property=\"og:locale\" content=\"fr_FR\" \/>\n<meta property=\"og:type\" content=\"article\" \/>\n<meta property=\"og:title\" content=\"\u00c0 propos de nous -\" \/>\n<meta property=\"og:description\" content=\"Bienvenue chez AUTOMOBILIA ATELIER \u2013 votre adresse pour des objets de collection et des accessoires automobiles de haute qualit\u00e9 issus du monde des automobiles classiques et de l&rsquo;histoire du sport automobile. Notre studio est situ\u00e9 au c\u0153ur de Coblence , en Allemagne, \u00e0 proximit\u00e9 imm\u00e9diate du N\u00fcrburgring , circuit mythique de renomm\u00e9e mondiale. Notre devise, &hellip; Continuer \u00e0 lire \u00c0 propos de nous \u2192\" \/>\n<meta property=\"og:url\" content=\"https:\/\/www.automobilia-atelier.de\/fr\/a-propos-de-nous-2\/\" \/>\n<meta property=\"article:modified_time\" content=\"2026-04-30T06:51:59+00:00\" \/>\n<meta property=\"og:image\" content=\"https:\/\/www.automobilia-atelier.de\/wp-content\/uploads\/2026\/04\/1-2-scaled.jpg\" \/>\n\t<meta property=\"og:image:width\" content=\"2400\" \/>\n\t<meta property=\"og:image:height\" content=\"2400\" \/>\n\t<meta property=\"og:image:type\" content=\"image\/jpeg\" \/>\n<meta name=\"twitter:card\" content=\"summary_large_image\" \/>\n<meta name=\"twitter:label1\" content=\"Dur\u00e9e de lecture estim\u00e9e\" \/>\n\t<meta name=\"twitter:data1\" content=\"1 minute\" \/>\n<script type=\"application\/ld+json\" class=\"yoast-schema-graph\">{\"@context\":\"https:\/\/schema.org\",\"@graph\":[{\"@type\":\"WebPage\",\"@id\":\"https:\/\/www.automobilia-atelier.de\/fr\/a-propos-de-nous-2\/\",\"url\":\"https:\/\/www.automobilia-atelier.de\/fr\/a-propos-de-nous-2\/\",\"name\":\"\u00c0 propos de nous -\",\"isPartOf\":{\"@id\":\"https:\/\/www.automobilia-atelier.de\/fr\/#website\"},\"primaryImageOfPage\":{\"@id\":\"https:\/\/www.automobilia-atelier.de\/fr\/a-propos-de-nous-2\/#primaryimage\"},\"image\":{\"@id\":\"https:\/\/www.automobilia-atelier.de\/fr\/a-propos-de-nous-2\/#primaryimage\"},\"thumbnailUrl\":\"https:\/\/www.automobilia-atelier.de\/wp-content\/uploads\/2026\/04\/1-2-1024x1024.jpg\",\"datePublished\":\"2026-04-30T05:57:14+00:00\",\"dateModified\":\"2026-04-30T06:51:59+00:00\",\"breadcrumb\":{\"@id\":\"https:\/\/www.automobilia-atelier.de\/fr\/a-propos-de-nous-2\/#breadcrumb\"},\"inLanguage\":\"fr-FR\",\"potentialAction\":[{\"@type\":\"ReadAction\",\"target\":[\"https:\/\/www.automobilia-atelier.de\/fr\/a-propos-de-nous-2\/\"]}]},{\"@type\":\"ImageObject\",\"inLanguage\":\"fr-FR\",\"@id\":\"https:\/\/www.automobilia-atelier.de\/fr\/a-propos-de-nous-2\/#primaryimage\",\"url\":\"https:\/\/www.automobilia-atelier.de\/wp-content\/uploads\/2026\/04\/1-2-1024x1024.jpg\",\"contentUrl\":\"https:\/\/www.automobilia-atelier.de\/wp-content\/uploads\/2026\/04\/1-2-1024x1024.jpg\"},{\"@type\":\"BreadcrumbList\",\"@id\":\"https:\/\/www.automobilia-atelier.de\/fr\/a-propos-de-nous-2\/#breadcrumb\",\"itemListElement\":[{\"@type\":\"ListItem\",\"position\":1,\"name\":\"Startseite\",\"item\":\"https:\/\/www.automobilia-atelier.de\/fr\/\"},{\"@type\":\"ListItem\",\"position\":2,\"name\":\"\u00c0 propos de nous\"}]},{\"@type\":\"WebSite\",\"@id\":\"https:\/\/www.automobilia-atelier.de\/fr\/#website\",\"url\":\"https:\/\/www.automobilia-atelier.de\/fr\/\",\"name\":\"\",\"description\":\"\",\"potentialAction\":[{\"@type\":\"SearchAction\",\"target\":{\"@type\":\"EntryPoint\",\"urlTemplate\":\"https:\/\/www.automobilia-atelier.de\/fr\/?s={search_term_string}\"},\"query-input\":{\"@type\":\"PropertyValueSpecification\",\"valueRequired\":true,\"valueName\":\"search_term_string\"}}],\"inLanguage\":\"fr-FR\"}]}<\/script>\n<!-- \/ Yoast SEO plugin. -->","yoast_head_json":{"title":"\u00c0 propos de nous -","robots":{"index":"index","follow":"follow","max-snippet":"max-snippet:-1","max-image-preview":"max-image-preview:large","max-video-preview":"max-video-preview:-1"},"canonical":"https:\/\/www.automobilia-atelier.de\/fr\/a-propos-de-nous-2\/","og_locale":"fr_FR","og_type":"article","og_title":"\u00c0 propos de nous -","og_description":"Bienvenue chez AUTOMOBILIA ATELIER \u2013 votre adresse pour des objets de collection et des accessoires automobiles de haute qualit\u00e9 issus du monde des automobiles classiques et de l&rsquo;histoire du sport automobile. Notre studio est situ\u00e9 au c\u0153ur de Coblence , en Allemagne, \u00e0 proximit\u00e9 imm\u00e9diate du N\u00fcrburgring , circuit mythique de renomm\u00e9e mondiale. Notre devise, &hellip; Continuer \u00e0 lire \u00c0 propos de nous \u2192","og_url":"https:\/\/www.automobilia-atelier.de\/fr\/a-propos-de-nous-2\/","article_modified_time":"2026-04-30T06:51:59+00:00","og_image":[{"width":2400,"height":2400,"url":"https:\/\/www.automobilia-atelier.de\/wp-content\/uploads\/2026\/04\/1-2-scaled.jpg","type":"image\/jpeg"}],"twitter_card":"summary_large_image","twitter_misc":{"Dur\u00e9e de lecture estim\u00e9e":"1 minute"},"schema":{"@context":"https:\/\/schema.org","@graph":[{"@type":"WebPage","@id":"https:\/\/www.automobilia-atelier.de\/fr\/a-propos-de-nous-2\/","url":"https:\/\/www.automobilia-atelier.de\/fr\/a-propos-de-nous-2\/","name":"\u00c0 propos de nous -","isPartOf":{"@id":"https:\/\/www.automobilia-atelier.de\/fr\/#website"},"primaryImageOfPage":{"@id":"https:\/\/www.automobilia-atelier.de\/fr\/a-propos-de-nous-2\/#primaryimage"},"image":{"@id":"https:\/\/www.automobilia-atelier.de\/fr\/a-propos-de-nous-2\/#primaryimage"},"thumbnailUrl":"https:\/\/www.automobilia-atelier.de\/wp-content\/uploads\/2026\/04\/1-2-1024x1024.jpg","datePublished":"2026-04-30T05:57:14+00:00","dateModified":"2026-04-30T06:51:59+00:00","breadcrumb":{"@id":"https:\/\/www.automobilia-atelier.de\/fr\/a-propos-de-nous-2\/#breadcrumb"},"inLanguage":"fr-FR","potentialAction":[{"@type":"ReadAction","target":["https:\/\/www.automobilia-atelier.de\/fr\/a-propos-de-nous-2\/"]}]},{"@type":"ImageObject","inLanguage":"fr-FR","@id":"https:\/\/www.automobilia-atelier.de\/fr\/a-propos-de-nous-2\/#primaryimage","url":"https:\/\/www.automobilia-atelier.de\/wp-content\/uploads\/2026\/04\/1-2-1024x1024.jpg","contentUrl":"https:\/\/www.automobilia-atelier.de\/wp-content\/uploads\/2026\/04\/1-2-1024x1024.jpg"},{"@type":"BreadcrumbList","@id":"https:\/\/www.automobilia-atelier.de\/fr\/a-propos-de-nous-2\/#breadcrumb","itemListElement":[{"@type":"ListItem","position":1,"name":"Startseite","item":"https:\/\/www.automobilia-atelier.de\/fr\/"},{"@type":"ListItem","position":2,"name":"\u00c0 propos de nous"}]},{"@type":"WebSite","@id":"https:\/\/www.automobilia-atelier.de\/fr\/#website","url":"https:\/\/www.automobilia-atelier.de\/fr\/","name":"","description":"","potentialAction":[{"@type":"SearchAction","target":{"@type":"EntryPoint","urlTemplate":"https:\/\/www.automobilia-atelier.de\/fr\/?s={search_term_string}"},"query-input":{"@type":"PropertyValueSpecification","valueRequired":true,"valueName":"search_term_string"}}],"inLanguage":"fr-FR"}]}},"jetpack_sharing_enabled":true,"_links":{"self":[{"href":"https:\/\/www.automobilia-atelier.de\/fr\/wp-json\/wp\/v2\/pages\/22576","targetHints":{"allow":["GET"]}}],"collection":[{"href":"https:\/\/www.automobilia-atelier.de\/fr\/wp-json\/wp\/v2\/pages"}],"about":[{"href":"https:\/\/www.automobilia-atelier.de\/fr\/wp-json\/wp\/v2\/types\/page"}],"author":[{"embeddable":true,"href":"https:\/\/www.automobilia-atelier.de\/fr\/wp-json\/wp\/v2\/users\/1"}],"replies":[{"embeddable":true,"href":"https:\/\/www.automobilia-atelier.de\/fr\/wp-json\/wp\/v2\/comments?post=22576"}],"version-history":[{"count":17,"href":"https:\/\/www.automobilia-atelier.de\/fr\/wp-json\/wp\/v2\/pages\/22576\/revisions"}],"predecessor-version":[{"id":22667,"href":"https:\/\/www.automobilia-atelier.de\/fr\/wp-json\/wp\/v2\/pages\/22576\/revisions\/22667"}],"wp:attachment":[{"href":"https:\/\/www.automobilia-atelier.de\/fr\/wp-json\/wp\/v2\/media?parent=22576"}],"curies":[{"name":"wp","href":"https:\/\/api.w.org\/{rel}","templated":true}]}}