{"id":17083,"date":"2020-09-13T08:18:01","date_gmt":"2020-09-13T06:18:01","guid":{"rendered":"https:\/\/www.automobilia-atelier.de\/produkt\/volant-nardi-1970-fiat-124-125-1100r-850-berlina\/"},"modified":"2020-09-13T08:18:01","modified_gmt":"2020-09-13T06:18:01","slug":"volant-nardi-1970-fiat-124-125-1100r-850-berlina","status":"publish","type":"product","link":"https:\/\/www.automobilia-atelier.de\/fr\/produkt\/volant-nardi-1970-fiat-124-125-1100r-850-berlina\/","title":{"rendered":"Volant Nardi 1970&prime; Fiat 124 \/ 125 \/ 1100R \/ 850 Berlina"},"content":{"rendered":"<p><strong>Fabricant :<\/strong> Nardi<br \/>\n<strong>Diam\u00e8tre :<\/strong> 385 mm<br \/>\n<strong>Date de production :<\/strong> environ 1970<br \/>\n<strong>\u00c9tat de la jante du volant :<\/strong> traces d&rsquo;usure (mati\u00e8re : mousse)<br \/>\n<strong>Ajuster:  <\/strong><\/p>\n<ul>\n<li>Fiat 124 Berlina 1965-1971<\/li>\n<li>Fiat 124 Coup\u00e9 1600-1800 de 1972<\/li>\n<li>Fiat 125 Sp\u00e9cial 1965-1971<\/li>\n<li>Fiat 1100R 1966-1969<\/li>\n<li>Fiat 850 Berlina<\/li>\n<\/ul>\n","protected":false},"excerpt":{"rendered":"<p>Fabricant : Nardi Diam\u00e8tre : 385 mm Date de production : environ 1970 \u00c9tat de la jante du volant : traces d&rsquo;usure (mati\u00e8re : mousse) Ajuster: Fiat 124 Berlina 1965-1971 Fiat 124 Coup\u00e9 1600-1800 de 1972 Fiat 125 Sp\u00e9cial 1965-1971 Fiat 1100R 1966-1969 Fiat 850 Berlina<\/p>\n","protected":false},"featured_media":17085,"template":"","meta":{"inline_featured_image":false,"_monsterinsights_skip_tracking":false,"_monsterinsights_sitenote_active":false,"_monsterinsights_sitenote_note":"","_monsterinsights_sitenote_category":0},"product_brand":[],"product_cat":[244,236,237,245],"product_tag":[],"class_list":{"0":"post-17083","1":"product","2":"type-product","3":"status-publish","4":"has-post-thumbnail","6":"product_cat-nardi-personal-fr-2","7":"product_cat-pieces-de-vehicules-classiques","8":"product_cat-volants","9":"product_cat-volants-en-cuir","11":"first","12":"outofstock","13":"sold-individually","14":"product-type-simple"},"yoast_head":"<!-- This site is optimized with the Yoast SEO plugin v24.7 - https:\/\/yoast.com\/wordpress\/plugins\/seo\/ -->\n<title>Volant Nardi 1970&#039; Fiat 124 \/ 125 \/ 1100R \/ 850 Berlina -<\/title>\n<meta name=\"robots\" content=\"index, follow, max-snippet:-1, max-image-preview:large, max-video-preview:-1\" \/>\n<link rel=\"canonical\" href=\"https:\/\/www.automobilia-atelier.de\/fr\/produkt\/volant-nardi-1970-fiat-124-125-1100r-850-berlina\/\" \/>\n<meta property=\"og:locale\" content=\"fr_FR\" \/>\n<meta property=\"og:type\" content=\"article\" \/>\n<meta property=\"og:title\" content=\"Volant Nardi 1970&#039; Fiat 124 \/ 125 \/ 1100R \/ 850 Berlina -\" \/>\n<meta property=\"og:description\" content=\"Fabricant : Nardi Diam\u00e8tre : 385 mm Date de production : environ 1970 \u00c9tat de la jante du volant : traces d&rsquo;usure (mati\u00e8re : mousse) Ajuster: Fiat 124 Berlina 1965-1971 Fiat 124 Coup\u00e9 1600-1800 de 1972 Fiat 125 Sp\u00e9cial 1965-1971 Fiat 1100R 1966-1969 Fiat 850 Berlina\" \/>\n<meta property=\"og:url\" content=\"https:\/\/www.automobilia-atelier.de\/fr\/produkt\/volant-nardi-1970-fiat-124-125-1100r-850-berlina\/\" \/>\n<meta property=\"og:image\" content=\"https:\/\/www.automobilia-atelier.de\/wp-content\/uploads\/2020\/09\/DSC7459-scaled.jpg\" \/>\n\t<meta property=\"og:image:width\" content=\"2400\" \/>\n\t<meta property=\"og:image:height\" content=\"1600\" \/>\n\t<meta property=\"og:image:type\" content=\"image\/jpeg\" \/>\n<meta name=\"twitter:card\" content=\"summary_large_image\" \/>\n<script type=\"application\/ld+json\" class=\"yoast-schema-graph\">{\"@context\":\"https:\/\/schema.org\",\"@graph\":[{\"@type\":\"WebPage\",\"@id\":\"https:\/\/www.automobilia-atelier.de\/fr\/produkt\/volant-nardi-1970-fiat-124-125-1100r-850-berlina\/\",\"url\":\"https:\/\/www.automobilia-atelier.de\/fr\/produkt\/volant-nardi-1970-fiat-124-125-1100r-850-berlina\/\",\"name\":\"Volant Nardi 1970' Fiat 124 \/ 125 \/ 1100R \/ 850 Berlina -\",\"isPartOf\":{\"@id\":\"https:\/\/www.automobilia-atelier.de\/fr\/#website\"},\"primaryImageOfPage\":{\"@id\":\"https:\/\/www.automobilia-atelier.de\/fr\/produkt\/volant-nardi-1970-fiat-124-125-1100r-850-berlina\/#primaryimage\"},\"image\":{\"@id\":\"https:\/\/www.automobilia-atelier.de\/fr\/produkt\/volant-nardi-1970-fiat-124-125-1100r-850-berlina\/#primaryimage\"},\"thumbnailUrl\":\"https:\/\/www.automobilia-atelier.de\/wp-content\/uploads\/2020\/09\/DSC7459-scaled.jpg\",\"datePublished\":\"2020-09-13T06:18:01+00:00\",\"breadcrumb\":{\"@id\":\"https:\/\/www.automobilia-atelier.de\/fr\/produkt\/volant-nardi-1970-fiat-124-125-1100r-850-berlina\/#breadcrumb\"},\"inLanguage\":\"fr-FR\",\"potentialAction\":[{\"@type\":\"ReadAction\",\"target\":[\"https:\/\/www.automobilia-atelier.de\/fr\/produkt\/volant-nardi-1970-fiat-124-125-1100r-850-berlina\/\"]}]},{\"@type\":\"ImageObject\",\"inLanguage\":\"fr-FR\",\"@id\":\"https:\/\/www.automobilia-atelier.de\/fr\/produkt\/volant-nardi-1970-fiat-124-125-1100r-850-berlina\/#primaryimage\",\"url\":\"https:\/\/www.automobilia-atelier.de\/wp-content\/uploads\/2020\/09\/DSC7459-scaled.jpg\",\"contentUrl\":\"https:\/\/www.automobilia-atelier.de\/wp-content\/uploads\/2020\/09\/DSC7459-scaled.jpg\",\"width\":2400,\"height\":1600},{\"@type\":\"BreadcrumbList\",\"@id\":\"https:\/\/www.automobilia-atelier.de\/fr\/produkt\/volant-nardi-1970-fiat-124-125-1100r-850-berlina\/#breadcrumb\",\"itemListElement\":[{\"@type\":\"ListItem\",\"position\":1,\"name\":\"Startseite\",\"item\":\"https:\/\/www.automobilia-atelier.de\/fr\/\"},{\"@type\":\"ListItem\",\"position\":2,\"name\":\"Produits\",\"item\":\"https:\/\/www.automobilia-atelier.de\/fr\/shop\/\"},{\"@type\":\"ListItem\",\"position\":3,\"name\":\"Volant Nardi 1970&prime; Fiat 124 \/ 125 \/ 1100R \/ 850 Berlina\"}]},{\"@type\":\"WebSite\",\"@id\":\"https:\/\/www.automobilia-atelier.de\/fr\/#website\",\"url\":\"https:\/\/www.automobilia-atelier.de\/fr\/\",\"name\":\"\",\"description\":\"\",\"potentialAction\":[{\"@type\":\"SearchAction\",\"target\":{\"@type\":\"EntryPoint\",\"urlTemplate\":\"https:\/\/www.automobilia-atelier.de\/fr\/?s={search_term_string}\"},\"query-input\":{\"@type\":\"PropertyValueSpecification\",\"valueRequired\":true,\"valueName\":\"search_term_string\"}}],\"inLanguage\":\"fr-FR\"}]}<\/script>\n<!-- \/ Yoast SEO plugin. -->","yoast_head_json":{"title":"Volant Nardi 1970' Fiat 124 \/ 125 \/ 1100R \/ 850 Berlina -","robots":{"index":"index","follow":"follow","max-snippet":"max-snippet:-1","max-image-preview":"max-image-preview:large","max-video-preview":"max-video-preview:-1"},"canonical":"https:\/\/www.automobilia-atelier.de\/fr\/produkt\/volant-nardi-1970-fiat-124-125-1100r-850-berlina\/","og_locale":"fr_FR","og_type":"article","og_title":"Volant Nardi 1970' Fiat 124 \/ 125 \/ 1100R \/ 850 Berlina -","og_description":"Fabricant : Nardi Diam\u00e8tre : 385 mm Date de production : environ 1970 \u00c9tat de la jante du volant : traces d&rsquo;usure (mati\u00e8re : mousse) Ajuster: Fiat 124 Berlina 1965-1971 Fiat 124 Coup\u00e9 1600-1800 de 1972 Fiat 125 Sp\u00e9cial 1965-1971 Fiat 1100R 1966-1969 Fiat 850 Berlina","og_url":"https:\/\/www.automobilia-atelier.de\/fr\/produkt\/volant-nardi-1970-fiat-124-125-1100r-850-berlina\/","og_image":[{"width":2400,"height":1600,"url":"https:\/\/www.automobilia-atelier.de\/wp-content\/uploads\/2020\/09\/DSC7459-scaled.jpg","type":"image\/jpeg"}],"twitter_card":"summary_large_image","schema":{"@context":"https:\/\/schema.org","@graph":[{"@type":"WebPage","@id":"https:\/\/www.automobilia-atelier.de\/fr\/produkt\/volant-nardi-1970-fiat-124-125-1100r-850-berlina\/","url":"https:\/\/www.automobilia-atelier.de\/fr\/produkt\/volant-nardi-1970-fiat-124-125-1100r-850-berlina\/","name":"Volant Nardi 1970' Fiat 124 \/ 125 \/ 1100R \/ 850 Berlina -","isPartOf":{"@id":"https:\/\/www.automobilia-atelier.de\/fr\/#website"},"primaryImageOfPage":{"@id":"https:\/\/www.automobilia-atelier.de\/fr\/produkt\/volant-nardi-1970-fiat-124-125-1100r-850-berlina\/#primaryimage"},"image":{"@id":"https:\/\/www.automobilia-atelier.de\/fr\/produkt\/volant-nardi-1970-fiat-124-125-1100r-850-berlina\/#primaryimage"},"thumbnailUrl":"https:\/\/www.automobilia-atelier.de\/wp-content\/uploads\/2020\/09\/DSC7459-scaled.jpg","datePublished":"2020-09-13T06:18:01+00:00","breadcrumb":{"@id":"https:\/\/www.automobilia-atelier.de\/fr\/produkt\/volant-nardi-1970-fiat-124-125-1100r-850-berlina\/#breadcrumb"},"inLanguage":"fr-FR","potentialAction":[{"@type":"ReadAction","target":["https:\/\/www.automobilia-atelier.de\/fr\/produkt\/volant-nardi-1970-fiat-124-125-1100r-850-berlina\/"]}]},{"@type":"ImageObject","inLanguage":"fr-FR","@id":"https:\/\/www.automobilia-atelier.de\/fr\/produkt\/volant-nardi-1970-fiat-124-125-1100r-850-berlina\/#primaryimage","url":"https:\/\/www.automobilia-atelier.de\/wp-content\/uploads\/2020\/09\/DSC7459-scaled.jpg","contentUrl":"https:\/\/www.automobilia-atelier.de\/wp-content\/uploads\/2020\/09\/DSC7459-scaled.jpg","width":2400,"height":1600},{"@type":"BreadcrumbList","@id":"https:\/\/www.automobilia-atelier.de\/fr\/produkt\/volant-nardi-1970-fiat-124-125-1100r-850-berlina\/#breadcrumb","itemListElement":[{"@type":"ListItem","position":1,"name":"Startseite","item":"https:\/\/www.automobilia-atelier.de\/fr\/"},{"@type":"ListItem","position":2,"name":"Produits","item":"https:\/\/www.automobilia-atelier.de\/fr\/shop\/"},{"@type":"ListItem","position":3,"name":"Volant Nardi 1970&prime; Fiat 124 \/ 125 \/ 1100R \/ 850 Berlina"}]},{"@type":"WebSite","@id":"https:\/\/www.automobilia-atelier.de\/fr\/#website","url":"https:\/\/www.automobilia-atelier.de\/fr\/","name":"","description":"","potentialAction":[{"@type":"SearchAction","target":{"@type":"EntryPoint","urlTemplate":"https:\/\/www.automobilia-atelier.de\/fr\/?s={search_term_string}"},"query-input":{"@type":"PropertyValueSpecification","valueRequired":true,"valueName":"search_term_string"}}],"inLanguage":"fr-FR"}]}},"jetpack_sharing_enabled":true,"_links":{"self":[{"href":"https:\/\/www.automobilia-atelier.de\/fr\/wp-json\/wp\/v2\/product\/17083","targetHints":{"allow":["GET"]}}],"collection":[{"href":"https:\/\/www.automobilia-atelier.de\/fr\/wp-json\/wp\/v2\/product"}],"about":[{"href":"https:\/\/www.automobilia-atelier.de\/fr\/wp-json\/wp\/v2\/types\/product"}],"wp:featuredmedia":[{"embeddable":true,"href":"https:\/\/www.automobilia-atelier.de\/fr\/wp-json\/wp\/v2\/media\/17085"}],"wp:attachment":[{"href":"https:\/\/www.automobilia-atelier.de\/fr\/wp-json\/wp\/v2\/media?parent=17083"}],"wp:term":[{"taxonomy":"product_brand","embeddable":true,"href":"https:\/\/www.automobilia-atelier.de\/fr\/wp-json\/wp\/v2\/product_brand?post=17083"},{"taxonomy":"product_cat","embeddable":true,"href":"https:\/\/www.automobilia-atelier.de\/fr\/wp-json\/wp\/v2\/product_cat?post=17083"},{"taxonomy":"product_tag","embeddable":true,"href":"https:\/\/www.automobilia-atelier.de\/fr\/wp-json\/wp\/v2\/product_tag?post=17083"}],"curies":[{"name":"wp","href":"https:\/\/api.w.org\/{rel}","templated":true}]}}