{"id":17084,"date":"2020-09-13T08:53:28","date_gmt":"2020-09-13T06:53:28","guid":{"rendered":"https:\/\/www.automobilia-atelier.de\/produkt\/porte-cles-ferrari-246-dino-formule-1-1970\/"},"modified":"2025-08-05T21:36:08","modified_gmt":"2025-08-05T19:36:08","slug":"porte-cles-ferrari-246-dino-formule-1-1970","status":"publish","type":"product","link":"https:\/\/www.automobilia-atelier.de\/fr\/produkt\/porte-cles-ferrari-246-dino-formule-1-1970\/","title":{"rendered":"Porte-cl\u00e9s Ferrari 246 Dino Formule 1 1970"},"content":{"rendered":"<p><strong>Fabricant :<\/strong> Ferrari<br \/>\n <strong>\u00c9tat :<\/strong> voir photos \u2013 prises de vue d\u00e9taill\u00e9es<\/p>\n<p> Les marchandises sont soumises \u00e0 une taxation diff\u00e9rentielle conform\u00e9ment au \u00a725a UStG, par cons\u00e9quent aucune TVA ne peut \u00eatre indiqu\u00e9e sur le bon de livraison\/la facture.<\/p>\n","protected":false},"excerpt":{"rendered":"<p>Fabricant : Ferrari \u00c9tat : voir photos \u2013 prises de vue d\u00e9taill\u00e9es Les marchandises sont soumises \u00e0 une taxation diff\u00e9rentielle conform\u00e9ment au \u00a725a UStG, par cons\u00e9quent aucune TVA ne peut \u00eatre indiqu\u00e9e sur le bon de livraison\/la facture.<\/p>\n","protected":false},"featured_media":17086,"template":"","meta":{"inline_featured_image":false,"_monsterinsights_skip_tracking":false,"_monsterinsights_sitenote_active":false,"_monsterinsights_sitenote_note":"","_monsterinsights_sitenote_category":0},"product_brand":[],"product_cat":[241,246],"product_tag":[],"class_list":{"0":"post-17084","1":"product","2":"type-product","3":"status-publish","4":"has-post-thumbnail","6":"product_cat-automobiles-fr","7":"product_cat-porte-cles","9":"first","10":"outofstock","11":"sold-individually","12":"shipping-taxable","13":"product-type-simple"},"yoast_head":"<!-- This site is optimized with the Yoast SEO plugin v24.7 - https:\/\/yoast.com\/wordpress\/plugins\/seo\/ -->\n<title>Porte-cl\u00e9s Ferrari 246 Dino Formule 1 1970 -<\/title>\n<meta name=\"robots\" content=\"index, follow, max-snippet:-1, max-image-preview:large, max-video-preview:-1\" \/>\n<link rel=\"canonical\" href=\"https:\/\/www.automobilia-atelier.de\/fr\/produkt\/porte-cles-ferrari-246-dino-formule-1-1970\/\" \/>\n<meta property=\"og:locale\" content=\"fr_FR\" \/>\n<meta property=\"og:type\" content=\"article\" \/>\n<meta property=\"og:title\" content=\"Porte-cl\u00e9s Ferrari 246 Dino Formule 1 1970 -\" \/>\n<meta property=\"og:description\" content=\"Fabricant : Ferrari \u00c9tat : voir photos \u2013 prises de vue d\u00e9taill\u00e9es Les marchandises sont soumises \u00e0 une taxation diff\u00e9rentielle conform\u00e9ment au \u00a725a UStG, par cons\u00e9quent aucune TVA ne peut \u00eatre indiqu\u00e9e sur le bon de livraison\/la facture.\" \/>\n<meta property=\"og:url\" content=\"https:\/\/www.automobilia-atelier.de\/fr\/produkt\/porte-cles-ferrari-246-dino-formule-1-1970\/\" \/>\n<meta property=\"article:modified_time\" content=\"2025-08-05T19:36:08+00:00\" \/>\n<meta property=\"og:image\" content=\"https:\/\/www.automobilia-atelier.de\/wp-content\/uploads\/2020\/09\/DSC03142-scaled.jpg\" \/>\n\t<meta property=\"og:image:width\" content=\"2400\" \/>\n\t<meta property=\"og:image:height\" content=\"1600\" \/>\n\t<meta property=\"og:image:type\" content=\"image\/jpeg\" \/>\n<meta name=\"twitter:card\" content=\"summary_large_image\" \/>\n<script type=\"application\/ld+json\" class=\"yoast-schema-graph\">{\"@context\":\"https:\/\/schema.org\",\"@graph\":[{\"@type\":\"WebPage\",\"@id\":\"https:\/\/www.automobilia-atelier.de\/fr\/produkt\/porte-cles-ferrari-246-dino-formule-1-1970\/\",\"url\":\"https:\/\/www.automobilia-atelier.de\/fr\/produkt\/porte-cles-ferrari-246-dino-formule-1-1970\/\",\"name\":\"Porte-cl\u00e9s Ferrari 246 Dino Formule 1 1970 -\",\"isPartOf\":{\"@id\":\"https:\/\/www.automobilia-atelier.de\/fr\/#website\"},\"primaryImageOfPage\":{\"@id\":\"https:\/\/www.automobilia-atelier.de\/fr\/produkt\/porte-cles-ferrari-246-dino-formule-1-1970\/#primaryimage\"},\"image\":{\"@id\":\"https:\/\/www.automobilia-atelier.de\/fr\/produkt\/porte-cles-ferrari-246-dino-formule-1-1970\/#primaryimage\"},\"thumbnailUrl\":\"https:\/\/www.automobilia-atelier.de\/wp-content\/uploads\/2020\/09\/DSC03142-scaled.jpg\",\"datePublished\":\"2020-09-13T06:53:28+00:00\",\"dateModified\":\"2025-08-05T19:36:08+00:00\",\"breadcrumb\":{\"@id\":\"https:\/\/www.automobilia-atelier.de\/fr\/produkt\/porte-cles-ferrari-246-dino-formule-1-1970\/#breadcrumb\"},\"inLanguage\":\"fr-FR\",\"potentialAction\":[{\"@type\":\"ReadAction\",\"target\":[\"https:\/\/www.automobilia-atelier.de\/fr\/produkt\/porte-cles-ferrari-246-dino-formule-1-1970\/\"]}]},{\"@type\":\"ImageObject\",\"inLanguage\":\"fr-FR\",\"@id\":\"https:\/\/www.automobilia-atelier.de\/fr\/produkt\/porte-cles-ferrari-246-dino-formule-1-1970\/#primaryimage\",\"url\":\"https:\/\/www.automobilia-atelier.de\/wp-content\/uploads\/2020\/09\/DSC03142-scaled.jpg\",\"contentUrl\":\"https:\/\/www.automobilia-atelier.de\/wp-content\/uploads\/2020\/09\/DSC03142-scaled.jpg\",\"width\":2400,\"height\":1600},{\"@type\":\"BreadcrumbList\",\"@id\":\"https:\/\/www.automobilia-atelier.de\/fr\/produkt\/porte-cles-ferrari-246-dino-formule-1-1970\/#breadcrumb\",\"itemListElement\":[{\"@type\":\"ListItem\",\"position\":1,\"name\":\"Startseite\",\"item\":\"https:\/\/www.automobilia-atelier.de\/fr\/\"},{\"@type\":\"ListItem\",\"position\":2,\"name\":\"Produits\",\"item\":\"https:\/\/www.automobilia-atelier.de\/fr\/shop\/\"},{\"@type\":\"ListItem\",\"position\":3,\"name\":\"Porte-cl\u00e9s Ferrari 246 Dino Formule 1 1970\"}]},{\"@type\":\"WebSite\",\"@id\":\"https:\/\/www.automobilia-atelier.de\/fr\/#website\",\"url\":\"https:\/\/www.automobilia-atelier.de\/fr\/\",\"name\":\"\",\"description\":\"\",\"potentialAction\":[{\"@type\":\"SearchAction\",\"target\":{\"@type\":\"EntryPoint\",\"urlTemplate\":\"https:\/\/www.automobilia-atelier.de\/fr\/?s={search_term_string}\"},\"query-input\":{\"@type\":\"PropertyValueSpecification\",\"valueRequired\":true,\"valueName\":\"search_term_string\"}}],\"inLanguage\":\"fr-FR\"}]}<\/script>\n<!-- \/ Yoast SEO plugin. -->","yoast_head_json":{"title":"Porte-cl\u00e9s Ferrari 246 Dino Formule 1 1970 -","robots":{"index":"index","follow":"follow","max-snippet":"max-snippet:-1","max-image-preview":"max-image-preview:large","max-video-preview":"max-video-preview:-1"},"canonical":"https:\/\/www.automobilia-atelier.de\/fr\/produkt\/porte-cles-ferrari-246-dino-formule-1-1970\/","og_locale":"fr_FR","og_type":"article","og_title":"Porte-cl\u00e9s Ferrari 246 Dino Formule 1 1970 -","og_description":"Fabricant : Ferrari \u00c9tat : voir photos \u2013 prises de vue d\u00e9taill\u00e9es Les marchandises sont soumises \u00e0 une taxation diff\u00e9rentielle conform\u00e9ment au \u00a725a UStG, par cons\u00e9quent aucune TVA ne peut \u00eatre indiqu\u00e9e sur le bon de livraison\/la facture.","og_url":"https:\/\/www.automobilia-atelier.de\/fr\/produkt\/porte-cles-ferrari-246-dino-formule-1-1970\/","article_modified_time":"2025-08-05T19:36:08+00:00","og_image":[{"width":2400,"height":1600,"url":"https:\/\/www.automobilia-atelier.de\/wp-content\/uploads\/2020\/09\/DSC03142-scaled.jpg","type":"image\/jpeg"}],"twitter_card":"summary_large_image","schema":{"@context":"https:\/\/schema.org","@graph":[{"@type":"WebPage","@id":"https:\/\/www.automobilia-atelier.de\/fr\/produkt\/porte-cles-ferrari-246-dino-formule-1-1970\/","url":"https:\/\/www.automobilia-atelier.de\/fr\/produkt\/porte-cles-ferrari-246-dino-formule-1-1970\/","name":"Porte-cl\u00e9s Ferrari 246 Dino Formule 1 1970 -","isPartOf":{"@id":"https:\/\/www.automobilia-atelier.de\/fr\/#website"},"primaryImageOfPage":{"@id":"https:\/\/www.automobilia-atelier.de\/fr\/produkt\/porte-cles-ferrari-246-dino-formule-1-1970\/#primaryimage"},"image":{"@id":"https:\/\/www.automobilia-atelier.de\/fr\/produkt\/porte-cles-ferrari-246-dino-formule-1-1970\/#primaryimage"},"thumbnailUrl":"https:\/\/www.automobilia-atelier.de\/wp-content\/uploads\/2020\/09\/DSC03142-scaled.jpg","datePublished":"2020-09-13T06:53:28+00:00","dateModified":"2025-08-05T19:36:08+00:00","breadcrumb":{"@id":"https:\/\/www.automobilia-atelier.de\/fr\/produkt\/porte-cles-ferrari-246-dino-formule-1-1970\/#breadcrumb"},"inLanguage":"fr-FR","potentialAction":[{"@type":"ReadAction","target":["https:\/\/www.automobilia-atelier.de\/fr\/produkt\/porte-cles-ferrari-246-dino-formule-1-1970\/"]}]},{"@type":"ImageObject","inLanguage":"fr-FR","@id":"https:\/\/www.automobilia-atelier.de\/fr\/produkt\/porte-cles-ferrari-246-dino-formule-1-1970\/#primaryimage","url":"https:\/\/www.automobilia-atelier.de\/wp-content\/uploads\/2020\/09\/DSC03142-scaled.jpg","contentUrl":"https:\/\/www.automobilia-atelier.de\/wp-content\/uploads\/2020\/09\/DSC03142-scaled.jpg","width":2400,"height":1600},{"@type":"BreadcrumbList","@id":"https:\/\/www.automobilia-atelier.de\/fr\/produkt\/porte-cles-ferrari-246-dino-formule-1-1970\/#breadcrumb","itemListElement":[{"@type":"ListItem","position":1,"name":"Startseite","item":"https:\/\/www.automobilia-atelier.de\/fr\/"},{"@type":"ListItem","position":2,"name":"Produits","item":"https:\/\/www.automobilia-atelier.de\/fr\/shop\/"},{"@type":"ListItem","position":3,"name":"Porte-cl\u00e9s Ferrari 246 Dino Formule 1 1970"}]},{"@type":"WebSite","@id":"https:\/\/www.automobilia-atelier.de\/fr\/#website","url":"https:\/\/www.automobilia-atelier.de\/fr\/","name":"","description":"","potentialAction":[{"@type":"SearchAction","target":{"@type":"EntryPoint","urlTemplate":"https:\/\/www.automobilia-atelier.de\/fr\/?s={search_term_string}"},"query-input":{"@type":"PropertyValueSpecification","valueRequired":true,"valueName":"search_term_string"}}],"inLanguage":"fr-FR"}]}},"jetpack_sharing_enabled":true,"_links":{"self":[{"href":"https:\/\/www.automobilia-atelier.de\/fr\/wp-json\/wp\/v2\/product\/17084","targetHints":{"allow":["GET"]}}],"collection":[{"href":"https:\/\/www.automobilia-atelier.de\/fr\/wp-json\/wp\/v2\/product"}],"about":[{"href":"https:\/\/www.automobilia-atelier.de\/fr\/wp-json\/wp\/v2\/types\/product"}],"wp:featuredmedia":[{"embeddable":true,"href":"https:\/\/www.automobilia-atelier.de\/fr\/wp-json\/wp\/v2\/media\/17086"}],"wp:attachment":[{"href":"https:\/\/www.automobilia-atelier.de\/fr\/wp-json\/wp\/v2\/media?parent=17084"}],"wp:term":[{"taxonomy":"product_brand","embeddable":true,"href":"https:\/\/www.automobilia-atelier.de\/fr\/wp-json\/wp\/v2\/product_brand?post=17084"},{"taxonomy":"product_cat","embeddable":true,"href":"https:\/\/www.automobilia-atelier.de\/fr\/wp-json\/wp\/v2\/product_cat?post=17084"},{"taxonomy":"product_tag","embeddable":true,"href":"https:\/\/www.automobilia-atelier.de\/fr\/wp-json\/wp\/v2\/product_tag?post=17084"}],"curies":[{"name":"wp","href":"https:\/\/api.w.org\/{rel}","templated":true}]}}