{"id":17106,"date":"2020-10-05T11:08:05","date_gmt":"2020-10-05T09:08:05","guid":{"rendered":"https:\/\/www.automobilia-atelier.de\/produkt\/volant-f1-personnel-des-annees-1980-pour-mclaren-mp4-4-williams-fw07-osella-pa10-bmw-march-711\/"},"modified":"2020-10-05T11:08:05","modified_gmt":"2020-10-05T09:08:05","slug":"volant-f1-personnel-des-annees-1980-pour-mclaren-mp4-4-williams-fw07-osella-pa10-bmw-march-711","status":"publish","type":"product","link":"https:\/\/www.automobilia-atelier.de\/fr\/produkt\/volant-f1-personnel-des-annees-1980-pour-mclaren-mp4-4-williams-fw07-osella-pa10-bmw-march-711\/","title":{"rendered":"Volant F1 personnel des ann\u00e9es 1980 pour McLaren MP4\/4 \/ Williams FW07 \/ OSELLA PA10 BMW \/ March 711"},"content":{"rendered":"<p><strong>Fabricant :<\/strong> Personnel<br \/>\n<strong>Diam\u00e8tre :<\/strong> 270 mm<br \/>\n<strong>Date de production :<\/strong> environ 1980<br \/>\n<strong>\u00c9tat :<\/strong> voir photos d\u00e9taill\u00e9es<br \/>\n<strong>Information :<\/strong> \u00c9bauche non perc\u00e9e \u00ab New Old Stock \u00bb. \u00c9bauche non perc\u00e9e \u00ab New Old Stock \u00bb. On retrouve des volants identiques dans des voitures de course telles que la McLaren MP4\/4, la March 711, la BMW OSELLA PA10 ou la Williams FW07. Le volant a \u00e9t\u00e9 mont\u00e9 sur un support d&rsquo;exposition \u2013 adapt\u00e9 au montage mural. Plaque de base recouverte de tissu gris. Dimensions du cadre : 40x50cm.<\/p>\n","protected":false},"excerpt":{"rendered":"<p>Fabricant : Personnel Diam\u00e8tre : 270 mm Date de production : environ 1980 \u00c9tat : voir photos d\u00e9taill\u00e9es Information : \u00c9bauche non perc\u00e9e \u00ab New Old Stock \u00bb. \u00c9bauche non perc\u00e9e \u00ab New Old Stock \u00bb. On retrouve des volants identiques dans des voitures de course telles que la McLaren MP4\/4, la March 711, la &hellip; <a href=\"https:\/\/www.automobilia-atelier.de\/fr\/produkt\/volant-f1-personnel-des-annees-1980-pour-mclaren-mp4-4-williams-fw07-osella-pa10-bmw-march-711\/\" class=\"more-link\">Continuer \u00e0 lire <span class=\"screen-reader-text\">Volant F1 personnel des ann\u00e9es 1980 pour McLaren MP4\/4 \/ Williams FW07 \/ OSELLA PA10 BMW \/ March 711<\/span> <span class=\"meta-nav\">\u2192<\/span><\/a><\/p>\n","protected":false},"featured_media":17109,"template":"","meta":{"inline_featured_image":false,"_monsterinsights_skip_tracking":false,"_monsterinsights_sitenote_active":false,"_monsterinsights_sitenote_note":"","_monsterinsights_sitenote_category":0},"product_brand":[],"product_cat":[238],"product_tag":[],"class_list":{"0":"post-17106","1":"product","2":"type-product","3":"status-publish","4":"has-post-thumbnail","6":"product_cat-courses","8":"first","9":"outofstock","10":"sold-individually","11":"product-type-simple"},"yoast_head":"<!-- This site is optimized with the Yoast SEO plugin v24.7 - https:\/\/yoast.com\/wordpress\/plugins\/seo\/ -->\n<title>Volant F1 personnel des ann\u00e9es 1980 pour McLaren MP4\/4 \/ Williams FW07 \/ OSELLA PA10 BMW \/ March 711 -<\/title>\n<meta name=\"robots\" content=\"index, follow, max-snippet:-1, max-image-preview:large, max-video-preview:-1\" \/>\n<link rel=\"canonical\" href=\"https:\/\/www.automobilia-atelier.de\/fr\/produkt\/volant-f1-personnel-des-annees-1980-pour-mclaren-mp4-4-williams-fw07-osella-pa10-bmw-march-711\/\" \/>\n<meta property=\"og:locale\" content=\"fr_FR\" \/>\n<meta property=\"og:type\" content=\"article\" \/>\n<meta property=\"og:title\" content=\"Volant F1 personnel des ann\u00e9es 1980 pour McLaren MP4\/4 \/ Williams FW07 \/ OSELLA PA10 BMW \/ March 711 -\" \/>\n<meta property=\"og:description\" content=\"Fabricant : Personnel Diam\u00e8tre : 270 mm Date de production : environ 1980 \u00c9tat : voir photos d\u00e9taill\u00e9es Information : \u00c9bauche non perc\u00e9e \u00ab New Old Stock \u00bb. \u00c9bauche non perc\u00e9e \u00ab New Old Stock \u00bb. On retrouve des volants identiques dans des voitures de course telles que la McLaren MP4\/4, la March 711, la &hellip; Continuer \u00e0 lire Volant F1 personnel des ann\u00e9es 1980 pour McLaren MP4\/4 \/ Williams FW07 \/ OSELLA PA10 BMW \/ March 711 \u2192\" \/>\n<meta property=\"og:url\" content=\"https:\/\/www.automobilia-atelier.de\/fr\/produkt\/volant-f1-personnel-des-annees-1980-pour-mclaren-mp4-4-williams-fw07-osella-pa10-bmw-march-711\/\" \/>\n<meta property=\"og:image\" content=\"https:\/\/www.automobilia-atelier.de\/wp-content\/uploads\/2020\/10\/DSC2127-scaled.jpg\" \/>\n\t<meta property=\"og:image:width\" content=\"2400\" \/>\n\t<meta property=\"og:image:height\" content=\"1600\" \/>\n\t<meta property=\"og:image:type\" content=\"image\/jpeg\" \/>\n<meta name=\"twitter:card\" content=\"summary_large_image\" \/>\n<script type=\"application\/ld+json\" class=\"yoast-schema-graph\">{\"@context\":\"https:\/\/schema.org\",\"@graph\":[{\"@type\":\"WebPage\",\"@id\":\"https:\/\/www.automobilia-atelier.de\/fr\/produkt\/volant-f1-personnel-des-annees-1980-pour-mclaren-mp4-4-williams-fw07-osella-pa10-bmw-march-711\/\",\"url\":\"https:\/\/www.automobilia-atelier.de\/fr\/produkt\/volant-f1-personnel-des-annees-1980-pour-mclaren-mp4-4-williams-fw07-osella-pa10-bmw-march-711\/\",\"name\":\"Volant F1 personnel des ann\u00e9es 1980 pour McLaren MP4\/4 \/ Williams FW07 \/ OSELLA PA10 BMW \/ March 711 -\",\"isPartOf\":{\"@id\":\"https:\/\/www.automobilia-atelier.de\/fr\/#website\"},\"primaryImageOfPage\":{\"@id\":\"https:\/\/www.automobilia-atelier.de\/fr\/produkt\/volant-f1-personnel-des-annees-1980-pour-mclaren-mp4-4-williams-fw07-osella-pa10-bmw-march-711\/#primaryimage\"},\"image\":{\"@id\":\"https:\/\/www.automobilia-atelier.de\/fr\/produkt\/volant-f1-personnel-des-annees-1980-pour-mclaren-mp4-4-williams-fw07-osella-pa10-bmw-march-711\/#primaryimage\"},\"thumbnailUrl\":\"https:\/\/www.automobilia-atelier.de\/wp-content\/uploads\/2020\/10\/DSC2127-scaled.jpg\",\"datePublished\":\"2020-10-05T09:08:05+00:00\",\"breadcrumb\":{\"@id\":\"https:\/\/www.automobilia-atelier.de\/fr\/produkt\/volant-f1-personnel-des-annees-1980-pour-mclaren-mp4-4-williams-fw07-osella-pa10-bmw-march-711\/#breadcrumb\"},\"inLanguage\":\"fr-FR\",\"potentialAction\":[{\"@type\":\"ReadAction\",\"target\":[\"https:\/\/www.automobilia-atelier.de\/fr\/produkt\/volant-f1-personnel-des-annees-1980-pour-mclaren-mp4-4-williams-fw07-osella-pa10-bmw-march-711\/\"]}]},{\"@type\":\"ImageObject\",\"inLanguage\":\"fr-FR\",\"@id\":\"https:\/\/www.automobilia-atelier.de\/fr\/produkt\/volant-f1-personnel-des-annees-1980-pour-mclaren-mp4-4-williams-fw07-osella-pa10-bmw-march-711\/#primaryimage\",\"url\":\"https:\/\/www.automobilia-atelier.de\/wp-content\/uploads\/2020\/10\/DSC2127-scaled.jpg\",\"contentUrl\":\"https:\/\/www.automobilia-atelier.de\/wp-content\/uploads\/2020\/10\/DSC2127-scaled.jpg\",\"width\":2400,\"height\":1600},{\"@type\":\"BreadcrumbList\",\"@id\":\"https:\/\/www.automobilia-atelier.de\/fr\/produkt\/volant-f1-personnel-des-annees-1980-pour-mclaren-mp4-4-williams-fw07-osella-pa10-bmw-march-711\/#breadcrumb\",\"itemListElement\":[{\"@type\":\"ListItem\",\"position\":1,\"name\":\"Startseite\",\"item\":\"https:\/\/www.automobilia-atelier.de\/fr\/\"},{\"@type\":\"ListItem\",\"position\":2,\"name\":\"Produits\",\"item\":\"https:\/\/www.automobilia-atelier.de\/fr\/shop\/\"},{\"@type\":\"ListItem\",\"position\":3,\"name\":\"Volant F1 personnel des ann\u00e9es 1980 pour McLaren MP4\/4 \/ Williams FW07 \/ OSELLA PA10 BMW \/ March 711\"}]},{\"@type\":\"WebSite\",\"@id\":\"https:\/\/www.automobilia-atelier.de\/fr\/#website\",\"url\":\"https:\/\/www.automobilia-atelier.de\/fr\/\",\"name\":\"\",\"description\":\"\",\"potentialAction\":[{\"@type\":\"SearchAction\",\"target\":{\"@type\":\"EntryPoint\",\"urlTemplate\":\"https:\/\/www.automobilia-atelier.de\/fr\/?s={search_term_string}\"},\"query-input\":{\"@type\":\"PropertyValueSpecification\",\"valueRequired\":true,\"valueName\":\"search_term_string\"}}],\"inLanguage\":\"fr-FR\"}]}<\/script>\n<!-- \/ Yoast SEO plugin. -->","yoast_head_json":{"title":"Volant F1 personnel des ann\u00e9es 1980 pour McLaren MP4\/4 \/ Williams FW07 \/ OSELLA PA10 BMW \/ March 711 -","robots":{"index":"index","follow":"follow","max-snippet":"max-snippet:-1","max-image-preview":"max-image-preview:large","max-video-preview":"max-video-preview:-1"},"canonical":"https:\/\/www.automobilia-atelier.de\/fr\/produkt\/volant-f1-personnel-des-annees-1980-pour-mclaren-mp4-4-williams-fw07-osella-pa10-bmw-march-711\/","og_locale":"fr_FR","og_type":"article","og_title":"Volant F1 personnel des ann\u00e9es 1980 pour McLaren MP4\/4 \/ Williams FW07 \/ OSELLA PA10 BMW \/ March 711 -","og_description":"Fabricant : Personnel Diam\u00e8tre : 270 mm Date de production : environ 1980 \u00c9tat : voir photos d\u00e9taill\u00e9es Information : \u00c9bauche non perc\u00e9e \u00ab New Old Stock \u00bb. \u00c9bauche non perc\u00e9e \u00ab New Old Stock \u00bb. On retrouve des volants identiques dans des voitures de course telles que la McLaren MP4\/4, la March 711, la &hellip; Continuer \u00e0 lire Volant F1 personnel des ann\u00e9es 1980 pour McLaren MP4\/4 \/ Williams FW07 \/ OSELLA PA10 BMW \/ March 711 \u2192","og_url":"https:\/\/www.automobilia-atelier.de\/fr\/produkt\/volant-f1-personnel-des-annees-1980-pour-mclaren-mp4-4-williams-fw07-osella-pa10-bmw-march-711\/","og_image":[{"width":2400,"height":1600,"url":"https:\/\/www.automobilia-atelier.de\/wp-content\/uploads\/2020\/10\/DSC2127-scaled.jpg","type":"image\/jpeg"}],"twitter_card":"summary_large_image","schema":{"@context":"https:\/\/schema.org","@graph":[{"@type":"WebPage","@id":"https:\/\/www.automobilia-atelier.de\/fr\/produkt\/volant-f1-personnel-des-annees-1980-pour-mclaren-mp4-4-williams-fw07-osella-pa10-bmw-march-711\/","url":"https:\/\/www.automobilia-atelier.de\/fr\/produkt\/volant-f1-personnel-des-annees-1980-pour-mclaren-mp4-4-williams-fw07-osella-pa10-bmw-march-711\/","name":"Volant F1 personnel des ann\u00e9es 1980 pour McLaren MP4\/4 \/ Williams FW07 \/ OSELLA PA10 BMW \/ March 711 -","isPartOf":{"@id":"https:\/\/www.automobilia-atelier.de\/fr\/#website"},"primaryImageOfPage":{"@id":"https:\/\/www.automobilia-atelier.de\/fr\/produkt\/volant-f1-personnel-des-annees-1980-pour-mclaren-mp4-4-williams-fw07-osella-pa10-bmw-march-711\/#primaryimage"},"image":{"@id":"https:\/\/www.automobilia-atelier.de\/fr\/produkt\/volant-f1-personnel-des-annees-1980-pour-mclaren-mp4-4-williams-fw07-osella-pa10-bmw-march-711\/#primaryimage"},"thumbnailUrl":"https:\/\/www.automobilia-atelier.de\/wp-content\/uploads\/2020\/10\/DSC2127-scaled.jpg","datePublished":"2020-10-05T09:08:05+00:00","breadcrumb":{"@id":"https:\/\/www.automobilia-atelier.de\/fr\/produkt\/volant-f1-personnel-des-annees-1980-pour-mclaren-mp4-4-williams-fw07-osella-pa10-bmw-march-711\/#breadcrumb"},"inLanguage":"fr-FR","potentialAction":[{"@type":"ReadAction","target":["https:\/\/www.automobilia-atelier.de\/fr\/produkt\/volant-f1-personnel-des-annees-1980-pour-mclaren-mp4-4-williams-fw07-osella-pa10-bmw-march-711\/"]}]},{"@type":"ImageObject","inLanguage":"fr-FR","@id":"https:\/\/www.automobilia-atelier.de\/fr\/produkt\/volant-f1-personnel-des-annees-1980-pour-mclaren-mp4-4-williams-fw07-osella-pa10-bmw-march-711\/#primaryimage","url":"https:\/\/www.automobilia-atelier.de\/wp-content\/uploads\/2020\/10\/DSC2127-scaled.jpg","contentUrl":"https:\/\/www.automobilia-atelier.de\/wp-content\/uploads\/2020\/10\/DSC2127-scaled.jpg","width":2400,"height":1600},{"@type":"BreadcrumbList","@id":"https:\/\/www.automobilia-atelier.de\/fr\/produkt\/volant-f1-personnel-des-annees-1980-pour-mclaren-mp4-4-williams-fw07-osella-pa10-bmw-march-711\/#breadcrumb","itemListElement":[{"@type":"ListItem","position":1,"name":"Startseite","item":"https:\/\/www.automobilia-atelier.de\/fr\/"},{"@type":"ListItem","position":2,"name":"Produits","item":"https:\/\/www.automobilia-atelier.de\/fr\/shop\/"},{"@type":"ListItem","position":3,"name":"Volant F1 personnel des ann\u00e9es 1980 pour McLaren MP4\/4 \/ Williams FW07 \/ OSELLA PA10 BMW \/ March 711"}]},{"@type":"WebSite","@id":"https:\/\/www.automobilia-atelier.de\/fr\/#website","url":"https:\/\/www.automobilia-atelier.de\/fr\/","name":"","description":"","potentialAction":[{"@type":"SearchAction","target":{"@type":"EntryPoint","urlTemplate":"https:\/\/www.automobilia-atelier.de\/fr\/?s={search_term_string}"},"query-input":{"@type":"PropertyValueSpecification","valueRequired":true,"valueName":"search_term_string"}}],"inLanguage":"fr-FR"}]}},"jetpack_sharing_enabled":true,"_links":{"self":[{"href":"https:\/\/www.automobilia-atelier.de\/fr\/wp-json\/wp\/v2\/product\/17106","targetHints":{"allow":["GET"]}}],"collection":[{"href":"https:\/\/www.automobilia-atelier.de\/fr\/wp-json\/wp\/v2\/product"}],"about":[{"href":"https:\/\/www.automobilia-atelier.de\/fr\/wp-json\/wp\/v2\/types\/product"}],"wp:featuredmedia":[{"embeddable":true,"href":"https:\/\/www.automobilia-atelier.de\/fr\/wp-json\/wp\/v2\/media\/17109"}],"wp:attachment":[{"href":"https:\/\/www.automobilia-atelier.de\/fr\/wp-json\/wp\/v2\/media?parent=17106"}],"wp:term":[{"taxonomy":"product_brand","embeddable":true,"href":"https:\/\/www.automobilia-atelier.de\/fr\/wp-json\/wp\/v2\/product_brand?post=17106"},{"taxonomy":"product_cat","embeddable":true,"href":"https:\/\/www.automobilia-atelier.de\/fr\/wp-json\/wp\/v2\/product_cat?post=17106"},{"taxonomy":"product_tag","embeddable":true,"href":"https:\/\/www.automobilia-atelier.de\/fr\/wp-json\/wp\/v2\/product_tag?post=17106"}],"curies":[{"name":"wp","href":"https:\/\/api.w.org\/{rel}","templated":true}]}}