{"id":17168,"date":"2021-02-03T18:07:56","date_gmt":"2021-02-03T17:07:56","guid":{"rendered":"https:\/\/www.automobilia-atelier.de\/produkt\/volant-en-bois-nardi-1967-bmw-1500-1600-1800-2000\/"},"modified":"2021-02-03T18:07:56","modified_gmt":"2021-02-03T17:07:56","slug":"volant-en-bois-nardi-1967-bmw-1500-1600-1800-2000","status":"publish","type":"product","link":"https:\/\/www.automobilia-atelier.de\/fr\/produkt\/volant-en-bois-nardi-1967-bmw-1500-1600-1800-2000\/","title":{"rendered":"Volant en bois Nardi 1967&prime; BMW 1500 \/ 1600 \/ 1800 \/ 2000"},"content":{"rendered":"<p><strong>Fabricant :<\/strong> Nardi<br \/>\n<strong>Diam\u00e8tre :<\/strong> 420 mm<br \/>\n<strong>Date de production :<\/strong> 1967<br \/>\n<strong>\u00c9tat de la jante du volant :<\/strong> \u00e9tat d&rsquo;origine<br \/>\n<strong>Ajuster:<\/strong><\/p>\n<ul>\n<li>BMW 1500<\/li>\n<li>BMW 1600<\/li>\n<li>BMW 1800<\/li>\n<li>BMW 2000<\/li>\n<\/ul>\n<p>Jusqu&rsquo;en 1968<\/p>\n","protected":false},"excerpt":{"rendered":"<p>Fabricant : Nardi Diam\u00e8tre : 420 mm Date de production : 1967 \u00c9tat de la jante du volant : \u00e9tat d&rsquo;origine Ajuster: BMW 1500 BMW 1600 BMW 1800 BMW 2000 Jusqu&rsquo;en 1968<\/p>\n","protected":false},"featured_media":17171,"template":"","meta":{"inline_featured_image":false,"_monsterinsights_skip_tracking":false,"_monsterinsights_sitenote_active":false,"_monsterinsights_sitenote_note":"","_monsterinsights_sitenote_category":0},"product_brand":[],"product_cat":[244,236,237,248],"product_tag":[],"class_list":{"0":"post-17168","1":"product","2":"type-product","3":"status-publish","4":"has-post-thumbnail","6":"product_cat-nardi-personal-fr-2","7":"product_cat-pieces-de-vehicules-classiques","8":"product_cat-volants","9":"product_cat-volants-en-bois","11":"first","12":"outofstock","13":"sold-individually","14":"product-type-simple"},"yoast_head":"<!-- This site is optimized with the Yoast SEO plugin v24.7 - https:\/\/yoast.com\/wordpress\/plugins\/seo\/ -->\n<title>Volant en bois Nardi 1967&#039; BMW 1500 \/ 1600 \/ 1800 \/ 2000 -<\/title>\n<meta name=\"robots\" content=\"index, follow, max-snippet:-1, max-image-preview:large, max-video-preview:-1\" \/>\n<link rel=\"canonical\" href=\"https:\/\/www.automobilia-atelier.de\/fr\/produkt\/volant-en-bois-nardi-1967-bmw-1500-1600-1800-2000\/\" \/>\n<meta property=\"og:locale\" content=\"fr_FR\" \/>\n<meta property=\"og:type\" content=\"article\" \/>\n<meta property=\"og:title\" content=\"Volant en bois Nardi 1967&#039; BMW 1500 \/ 1600 \/ 1800 \/ 2000 -\" \/>\n<meta property=\"og:description\" content=\"Fabricant : Nardi Diam\u00e8tre : 420 mm Date de production : 1967 \u00c9tat de la jante du volant : \u00e9tat d&rsquo;origine Ajuster: BMW 1500 BMW 1600 BMW 1800 BMW 2000 Jusqu&rsquo;en 1968\" \/>\n<meta property=\"og:url\" content=\"https:\/\/www.automobilia-atelier.de\/fr\/produkt\/volant-en-bois-nardi-1967-bmw-1500-1600-1800-2000\/\" \/>\n<meta property=\"og:image\" content=\"https:\/\/www.automobilia-atelier.de\/wp-content\/uploads\/2021\/02\/DSC7937-scaled.jpg\" \/>\n\t<meta property=\"og:image:width\" content=\"2400\" \/>\n\t<meta property=\"og:image:height\" content=\"1599\" \/>\n\t<meta property=\"og:image:type\" content=\"image\/jpeg\" \/>\n<meta name=\"twitter:card\" content=\"summary_large_image\" \/>\n<script type=\"application\/ld+json\" class=\"yoast-schema-graph\">{\"@context\":\"https:\/\/schema.org\",\"@graph\":[{\"@type\":\"WebPage\",\"@id\":\"https:\/\/www.automobilia-atelier.de\/fr\/produkt\/volant-en-bois-nardi-1967-bmw-1500-1600-1800-2000\/\",\"url\":\"https:\/\/www.automobilia-atelier.de\/fr\/produkt\/volant-en-bois-nardi-1967-bmw-1500-1600-1800-2000\/\",\"name\":\"Volant en bois Nardi 1967' BMW 1500 \/ 1600 \/ 1800 \/ 2000 -\",\"isPartOf\":{\"@id\":\"https:\/\/www.automobilia-atelier.de\/fr\/#website\"},\"primaryImageOfPage\":{\"@id\":\"https:\/\/www.automobilia-atelier.de\/fr\/produkt\/volant-en-bois-nardi-1967-bmw-1500-1600-1800-2000\/#primaryimage\"},\"image\":{\"@id\":\"https:\/\/www.automobilia-atelier.de\/fr\/produkt\/volant-en-bois-nardi-1967-bmw-1500-1600-1800-2000\/#primaryimage\"},\"thumbnailUrl\":\"https:\/\/www.automobilia-atelier.de\/wp-content\/uploads\/2021\/02\/DSC7937-scaled.jpg\",\"datePublished\":\"2021-02-03T17:07:56+00:00\",\"breadcrumb\":{\"@id\":\"https:\/\/www.automobilia-atelier.de\/fr\/produkt\/volant-en-bois-nardi-1967-bmw-1500-1600-1800-2000\/#breadcrumb\"},\"inLanguage\":\"fr-FR\",\"potentialAction\":[{\"@type\":\"ReadAction\",\"target\":[\"https:\/\/www.automobilia-atelier.de\/fr\/produkt\/volant-en-bois-nardi-1967-bmw-1500-1600-1800-2000\/\"]}]},{\"@type\":\"ImageObject\",\"inLanguage\":\"fr-FR\",\"@id\":\"https:\/\/www.automobilia-atelier.de\/fr\/produkt\/volant-en-bois-nardi-1967-bmw-1500-1600-1800-2000\/#primaryimage\",\"url\":\"https:\/\/www.automobilia-atelier.de\/wp-content\/uploads\/2021\/02\/DSC7937-scaled.jpg\",\"contentUrl\":\"https:\/\/www.automobilia-atelier.de\/wp-content\/uploads\/2021\/02\/DSC7937-scaled.jpg\",\"width\":2400,\"height\":1599},{\"@type\":\"BreadcrumbList\",\"@id\":\"https:\/\/www.automobilia-atelier.de\/fr\/produkt\/volant-en-bois-nardi-1967-bmw-1500-1600-1800-2000\/#breadcrumb\",\"itemListElement\":[{\"@type\":\"ListItem\",\"position\":1,\"name\":\"Startseite\",\"item\":\"https:\/\/www.automobilia-atelier.de\/fr\/\"},{\"@type\":\"ListItem\",\"position\":2,\"name\":\"Produits\",\"item\":\"https:\/\/www.automobilia-atelier.de\/fr\/shop\/\"},{\"@type\":\"ListItem\",\"position\":3,\"name\":\"Volant en bois Nardi 1967&prime; BMW 1500 \/ 1600 \/ 1800 \/ 2000\"}]},{\"@type\":\"WebSite\",\"@id\":\"https:\/\/www.automobilia-atelier.de\/fr\/#website\",\"url\":\"https:\/\/www.automobilia-atelier.de\/fr\/\",\"name\":\"\",\"description\":\"\",\"potentialAction\":[{\"@type\":\"SearchAction\",\"target\":{\"@type\":\"EntryPoint\",\"urlTemplate\":\"https:\/\/www.automobilia-atelier.de\/fr\/?s={search_term_string}\"},\"query-input\":{\"@type\":\"PropertyValueSpecification\",\"valueRequired\":true,\"valueName\":\"search_term_string\"}}],\"inLanguage\":\"fr-FR\"}]}<\/script>\n<!-- \/ Yoast SEO plugin. -->","yoast_head_json":{"title":"Volant en bois Nardi 1967' BMW 1500 \/ 1600 \/ 1800 \/ 2000 -","robots":{"index":"index","follow":"follow","max-snippet":"max-snippet:-1","max-image-preview":"max-image-preview:large","max-video-preview":"max-video-preview:-1"},"canonical":"https:\/\/www.automobilia-atelier.de\/fr\/produkt\/volant-en-bois-nardi-1967-bmw-1500-1600-1800-2000\/","og_locale":"fr_FR","og_type":"article","og_title":"Volant en bois Nardi 1967' BMW 1500 \/ 1600 \/ 1800 \/ 2000 -","og_description":"Fabricant : Nardi Diam\u00e8tre : 420 mm Date de production : 1967 \u00c9tat de la jante du volant : \u00e9tat d&rsquo;origine Ajuster: BMW 1500 BMW 1600 BMW 1800 BMW 2000 Jusqu&rsquo;en 1968","og_url":"https:\/\/www.automobilia-atelier.de\/fr\/produkt\/volant-en-bois-nardi-1967-bmw-1500-1600-1800-2000\/","og_image":[{"width":2400,"height":1599,"url":"https:\/\/www.automobilia-atelier.de\/wp-content\/uploads\/2021\/02\/DSC7937-scaled.jpg","type":"image\/jpeg"}],"twitter_card":"summary_large_image","schema":{"@context":"https:\/\/schema.org","@graph":[{"@type":"WebPage","@id":"https:\/\/www.automobilia-atelier.de\/fr\/produkt\/volant-en-bois-nardi-1967-bmw-1500-1600-1800-2000\/","url":"https:\/\/www.automobilia-atelier.de\/fr\/produkt\/volant-en-bois-nardi-1967-bmw-1500-1600-1800-2000\/","name":"Volant en bois Nardi 1967' BMW 1500 \/ 1600 \/ 1800 \/ 2000 -","isPartOf":{"@id":"https:\/\/www.automobilia-atelier.de\/fr\/#website"},"primaryImageOfPage":{"@id":"https:\/\/www.automobilia-atelier.de\/fr\/produkt\/volant-en-bois-nardi-1967-bmw-1500-1600-1800-2000\/#primaryimage"},"image":{"@id":"https:\/\/www.automobilia-atelier.de\/fr\/produkt\/volant-en-bois-nardi-1967-bmw-1500-1600-1800-2000\/#primaryimage"},"thumbnailUrl":"https:\/\/www.automobilia-atelier.de\/wp-content\/uploads\/2021\/02\/DSC7937-scaled.jpg","datePublished":"2021-02-03T17:07:56+00:00","breadcrumb":{"@id":"https:\/\/www.automobilia-atelier.de\/fr\/produkt\/volant-en-bois-nardi-1967-bmw-1500-1600-1800-2000\/#breadcrumb"},"inLanguage":"fr-FR","potentialAction":[{"@type":"ReadAction","target":["https:\/\/www.automobilia-atelier.de\/fr\/produkt\/volant-en-bois-nardi-1967-bmw-1500-1600-1800-2000\/"]}]},{"@type":"ImageObject","inLanguage":"fr-FR","@id":"https:\/\/www.automobilia-atelier.de\/fr\/produkt\/volant-en-bois-nardi-1967-bmw-1500-1600-1800-2000\/#primaryimage","url":"https:\/\/www.automobilia-atelier.de\/wp-content\/uploads\/2021\/02\/DSC7937-scaled.jpg","contentUrl":"https:\/\/www.automobilia-atelier.de\/wp-content\/uploads\/2021\/02\/DSC7937-scaled.jpg","width":2400,"height":1599},{"@type":"BreadcrumbList","@id":"https:\/\/www.automobilia-atelier.de\/fr\/produkt\/volant-en-bois-nardi-1967-bmw-1500-1600-1800-2000\/#breadcrumb","itemListElement":[{"@type":"ListItem","position":1,"name":"Startseite","item":"https:\/\/www.automobilia-atelier.de\/fr\/"},{"@type":"ListItem","position":2,"name":"Produits","item":"https:\/\/www.automobilia-atelier.de\/fr\/shop\/"},{"@type":"ListItem","position":3,"name":"Volant en bois Nardi 1967&prime; BMW 1500 \/ 1600 \/ 1800 \/ 2000"}]},{"@type":"WebSite","@id":"https:\/\/www.automobilia-atelier.de\/fr\/#website","url":"https:\/\/www.automobilia-atelier.de\/fr\/","name":"","description":"","potentialAction":[{"@type":"SearchAction","target":{"@type":"EntryPoint","urlTemplate":"https:\/\/www.automobilia-atelier.de\/fr\/?s={search_term_string}"},"query-input":{"@type":"PropertyValueSpecification","valueRequired":true,"valueName":"search_term_string"}}],"inLanguage":"fr-FR"}]}},"jetpack_sharing_enabled":true,"_links":{"self":[{"href":"https:\/\/www.automobilia-atelier.de\/fr\/wp-json\/wp\/v2\/product\/17168","targetHints":{"allow":["GET"]}}],"collection":[{"href":"https:\/\/www.automobilia-atelier.de\/fr\/wp-json\/wp\/v2\/product"}],"about":[{"href":"https:\/\/www.automobilia-atelier.de\/fr\/wp-json\/wp\/v2\/types\/product"}],"wp:featuredmedia":[{"embeddable":true,"href":"https:\/\/www.automobilia-atelier.de\/fr\/wp-json\/wp\/v2\/media\/17171"}],"wp:attachment":[{"href":"https:\/\/www.automobilia-atelier.de\/fr\/wp-json\/wp\/v2\/media?parent=17168"}],"wp:term":[{"taxonomy":"product_brand","embeddable":true,"href":"https:\/\/www.automobilia-atelier.de\/fr\/wp-json\/wp\/v2\/product_brand?post=17168"},{"taxonomy":"product_cat","embeddable":true,"href":"https:\/\/www.automobilia-atelier.de\/fr\/wp-json\/wp\/v2\/product_cat?post=17168"},{"taxonomy":"product_tag","embeddable":true,"href":"https:\/\/www.automobilia-atelier.de\/fr\/wp-json\/wp\/v2\/product_tag?post=17168"}],"curies":[{"name":"wp","href":"https:\/\/api.w.org\/{rel}","templated":true}]}}