{"id":17178,"date":"2021-04-15T21:26:52","date_gmt":"2021-04-15T19:26:52","guid":{"rendered":"https:\/\/www.automobilia-atelier.de\/produkt\/moyeu-de-volant-momo-c-7700-toyota-corolla-tercel-publica-crown-corona-corolla\/"},"modified":"2021-04-15T21:26:52","modified_gmt":"2021-04-15T19:26:52","slug":"moyeu-de-volant-momo-c-7700-toyota-corolla-tercel-publica-crown-corona-corolla","status":"publish","type":"product","link":"https:\/\/www.automobilia-atelier.de\/fr\/produkt\/moyeu-de-volant-momo-c-7700-toyota-corolla-tercel-publica-crown-corona-corolla\/","title":{"rendered":"Moyeu de volant MOMO (C 7700) Toyota Corolla \/ Tercel \/ Publica \/ Crown \/ Corona \/ Corolla"},"content":{"rendered":"<p><strong>Fabricant :<\/strong> MOMO<br \/>\n<strong>\u00c9tat :<\/strong> voir photos d\u00e9taill\u00e9es<br \/>\n<strong>Montage :<\/strong> moyeu n\u00b0 C7700<\/p>\n<ul>\n<li>Toyota Corolla-Liftback (E7)<\/li>\n<li>Toyota Corolla Estate (E7K)<\/li>\n<li>Toyota Tercel (Corsa) \u2013 de 1976 \u00e0 1982<\/li>\n<li>Toyota Publica \u2013 de 1976 \u00e0 1982<\/li>\n<li>Toyota Crown \u2013 de 1976 \u00e0 1983<\/li>\n<li>Toyota Corona \u2013 de 1977 \u00e0 1983<\/li>\n<li>Toyota Corolla \u2013 de 1975 \u00e0 1983<\/li>\n<li>Toyota Celica \u2013 de 1975 \u00e0 1982<\/li>\n<li>Toyota Mark II<\/li>\n<\/ul>\n","protected":false},"excerpt":{"rendered":"<p>Fabricant : MOMO \u00c9tat : voir photos d\u00e9taill\u00e9es Montage : moyeu n\u00b0 C7700 Toyota Corolla-Liftback (E7) Toyota Corolla Estate (E7K) Toyota Tercel (Corsa) \u2013 de 1976 \u00e0 1982 Toyota Publica \u2013 de 1976 \u00e0 1982 Toyota Crown \u2013 de 1976 \u00e0 1983 Toyota Corona \u2013 de 1977 \u00e0 1983 Toyota Corolla \u2013 de 1975 \u00e0 &hellip; <a href=\"https:\/\/www.automobilia-atelier.de\/fr\/produkt\/moyeu-de-volant-momo-c-7700-toyota-corolla-tercel-publica-crown-corona-corolla\/\" class=\"more-link\">Continuer \u00e0 lire <span class=\"screen-reader-text\">Moyeu de volant MOMO (C 7700) Toyota Corolla \/ Tercel \/ Publica \/ Crown \/ Corona \/ Corolla<\/span> <span class=\"meta-nav\">\u2192<\/span><\/a><\/p>\n","protected":false},"featured_media":17180,"template":"","meta":{"inline_featured_image":false,"_monsterinsights_skip_tracking":false,"_monsterinsights_sitenote_active":false,"_monsterinsights_sitenote_note":"","_monsterinsights_sitenote_category":0},"product_brand":[],"product_cat":[253,252],"product_tag":[],"class_list":{"0":"post-17178","1":"product","2":"type-product","3":"status-publish","4":"has-post-thumbnail","6":"product_cat-momo-fr-2","7":"product_cat-moyeux-de-volant","9":"first","10":"outofstock","11":"sold-individually","12":"product-type-simple"},"yoast_head":"<!-- This site is optimized with the Yoast SEO plugin v24.7 - https:\/\/yoast.com\/wordpress\/plugins\/seo\/ -->\n<title>Moyeu de volant MOMO (C 7700) Toyota Corolla \/ Tercel \/ Publica \/ Crown \/ Corona \/ Corolla -<\/title>\n<meta name=\"robots\" content=\"index, follow, max-snippet:-1, max-image-preview:large, max-video-preview:-1\" \/>\n<link rel=\"canonical\" href=\"https:\/\/www.automobilia-atelier.de\/fr\/produkt\/moyeu-de-volant-momo-c-7700-toyota-corolla-tercel-publica-crown-corona-corolla\/\" \/>\n<meta property=\"og:locale\" content=\"fr_FR\" \/>\n<meta property=\"og:type\" content=\"article\" \/>\n<meta property=\"og:title\" content=\"Moyeu de volant MOMO (C 7700) Toyota Corolla \/ Tercel \/ Publica \/ Crown \/ Corona \/ Corolla -\" \/>\n<meta property=\"og:description\" content=\"Fabricant : MOMO \u00c9tat : voir photos d\u00e9taill\u00e9es Montage : moyeu n\u00b0 C7700 Toyota Corolla-Liftback (E7) Toyota Corolla Estate (E7K) Toyota Tercel (Corsa) \u2013 de 1976 \u00e0 1982 Toyota Publica \u2013 de 1976 \u00e0 1982 Toyota Crown \u2013 de 1976 \u00e0 1983 Toyota Corona \u2013 de 1977 \u00e0 1983 Toyota Corolla \u2013 de 1975 \u00e0 &hellip; Continuer \u00e0 lire Moyeu de volant MOMO (C 7700) Toyota Corolla \/ Tercel \/ Publica \/ Crown \/ Corona \/ Corolla \u2192\" \/>\n<meta property=\"og:url\" content=\"https:\/\/www.automobilia-atelier.de\/fr\/produkt\/moyeu-de-volant-momo-c-7700-toyota-corolla-tercel-publica-crown-corona-corolla\/\" \/>\n<meta property=\"og:image\" content=\"https:\/\/www.automobilia-atelier.de\/wp-content\/uploads\/2021\/04\/DSC9570-scaled.jpg\" \/>\n\t<meta property=\"og:image:width\" content=\"2400\" \/>\n\t<meta property=\"og:image:height\" content=\"1600\" \/>\n\t<meta property=\"og:image:type\" content=\"image\/jpeg\" \/>\n<meta name=\"twitter:card\" content=\"summary_large_image\" \/>\n<script type=\"application\/ld+json\" class=\"yoast-schema-graph\">{\"@context\":\"https:\/\/schema.org\",\"@graph\":[{\"@type\":\"WebPage\",\"@id\":\"https:\/\/www.automobilia-atelier.de\/fr\/produkt\/moyeu-de-volant-momo-c-7700-toyota-corolla-tercel-publica-crown-corona-corolla\/\",\"url\":\"https:\/\/www.automobilia-atelier.de\/fr\/produkt\/moyeu-de-volant-momo-c-7700-toyota-corolla-tercel-publica-crown-corona-corolla\/\",\"name\":\"Moyeu de volant MOMO (C 7700) Toyota Corolla \/ Tercel \/ Publica \/ Crown \/ Corona \/ Corolla -\",\"isPartOf\":{\"@id\":\"https:\/\/www.automobilia-atelier.de\/fr\/#website\"},\"primaryImageOfPage\":{\"@id\":\"https:\/\/www.automobilia-atelier.de\/fr\/produkt\/moyeu-de-volant-momo-c-7700-toyota-corolla-tercel-publica-crown-corona-corolla\/#primaryimage\"},\"image\":{\"@id\":\"https:\/\/www.automobilia-atelier.de\/fr\/produkt\/moyeu-de-volant-momo-c-7700-toyota-corolla-tercel-publica-crown-corona-corolla\/#primaryimage\"},\"thumbnailUrl\":\"https:\/\/www.automobilia-atelier.de\/wp-content\/uploads\/2021\/04\/DSC9570-scaled.jpg\",\"datePublished\":\"2021-04-15T19:26:52+00:00\",\"breadcrumb\":{\"@id\":\"https:\/\/www.automobilia-atelier.de\/fr\/produkt\/moyeu-de-volant-momo-c-7700-toyota-corolla-tercel-publica-crown-corona-corolla\/#breadcrumb\"},\"inLanguage\":\"fr-FR\",\"potentialAction\":[{\"@type\":\"ReadAction\",\"target\":[\"https:\/\/www.automobilia-atelier.de\/fr\/produkt\/moyeu-de-volant-momo-c-7700-toyota-corolla-tercel-publica-crown-corona-corolla\/\"]}]},{\"@type\":\"ImageObject\",\"inLanguage\":\"fr-FR\",\"@id\":\"https:\/\/www.automobilia-atelier.de\/fr\/produkt\/moyeu-de-volant-momo-c-7700-toyota-corolla-tercel-publica-crown-corona-corolla\/#primaryimage\",\"url\":\"https:\/\/www.automobilia-atelier.de\/wp-content\/uploads\/2021\/04\/DSC9570-scaled.jpg\",\"contentUrl\":\"https:\/\/www.automobilia-atelier.de\/wp-content\/uploads\/2021\/04\/DSC9570-scaled.jpg\",\"width\":2400,\"height\":1600},{\"@type\":\"BreadcrumbList\",\"@id\":\"https:\/\/www.automobilia-atelier.de\/fr\/produkt\/moyeu-de-volant-momo-c-7700-toyota-corolla-tercel-publica-crown-corona-corolla\/#breadcrumb\",\"itemListElement\":[{\"@type\":\"ListItem\",\"position\":1,\"name\":\"Startseite\",\"item\":\"https:\/\/www.automobilia-atelier.de\/fr\/\"},{\"@type\":\"ListItem\",\"position\":2,\"name\":\"Produits\",\"item\":\"https:\/\/www.automobilia-atelier.de\/fr\/shop\/\"},{\"@type\":\"ListItem\",\"position\":3,\"name\":\"Moyeu de volant MOMO (C 7700) Toyota Corolla \/ Tercel \/ Publica \/ Crown \/ Corona \/ Corolla\"}]},{\"@type\":\"WebSite\",\"@id\":\"https:\/\/www.automobilia-atelier.de\/fr\/#website\",\"url\":\"https:\/\/www.automobilia-atelier.de\/fr\/\",\"name\":\"\",\"description\":\"\",\"potentialAction\":[{\"@type\":\"SearchAction\",\"target\":{\"@type\":\"EntryPoint\",\"urlTemplate\":\"https:\/\/www.automobilia-atelier.de\/fr\/?s={search_term_string}\"},\"query-input\":{\"@type\":\"PropertyValueSpecification\",\"valueRequired\":true,\"valueName\":\"search_term_string\"}}],\"inLanguage\":\"fr-FR\"}]}<\/script>\n<!-- \/ Yoast SEO plugin. -->","yoast_head_json":{"title":"Moyeu de volant MOMO (C 7700) Toyota Corolla \/ Tercel \/ Publica \/ Crown \/ Corona \/ Corolla -","robots":{"index":"index","follow":"follow","max-snippet":"max-snippet:-1","max-image-preview":"max-image-preview:large","max-video-preview":"max-video-preview:-1"},"canonical":"https:\/\/www.automobilia-atelier.de\/fr\/produkt\/moyeu-de-volant-momo-c-7700-toyota-corolla-tercel-publica-crown-corona-corolla\/","og_locale":"fr_FR","og_type":"article","og_title":"Moyeu de volant MOMO (C 7700) Toyota Corolla \/ Tercel \/ Publica \/ Crown \/ Corona \/ Corolla -","og_description":"Fabricant : MOMO \u00c9tat : voir photos d\u00e9taill\u00e9es Montage : moyeu n\u00b0 C7700 Toyota Corolla-Liftback (E7) Toyota Corolla Estate (E7K) Toyota Tercel (Corsa) \u2013 de 1976 \u00e0 1982 Toyota Publica \u2013 de 1976 \u00e0 1982 Toyota Crown \u2013 de 1976 \u00e0 1983 Toyota Corona \u2013 de 1977 \u00e0 1983 Toyota Corolla \u2013 de 1975 \u00e0 &hellip; Continuer \u00e0 lire Moyeu de volant MOMO (C 7700) Toyota Corolla \/ Tercel \/ Publica \/ Crown \/ Corona \/ Corolla \u2192","og_url":"https:\/\/www.automobilia-atelier.de\/fr\/produkt\/moyeu-de-volant-momo-c-7700-toyota-corolla-tercel-publica-crown-corona-corolla\/","og_image":[{"width":2400,"height":1600,"url":"https:\/\/www.automobilia-atelier.de\/wp-content\/uploads\/2021\/04\/DSC9570-scaled.jpg","type":"image\/jpeg"}],"twitter_card":"summary_large_image","schema":{"@context":"https:\/\/schema.org","@graph":[{"@type":"WebPage","@id":"https:\/\/www.automobilia-atelier.de\/fr\/produkt\/moyeu-de-volant-momo-c-7700-toyota-corolla-tercel-publica-crown-corona-corolla\/","url":"https:\/\/www.automobilia-atelier.de\/fr\/produkt\/moyeu-de-volant-momo-c-7700-toyota-corolla-tercel-publica-crown-corona-corolla\/","name":"Moyeu de volant MOMO (C 7700) Toyota Corolla \/ Tercel \/ Publica \/ Crown \/ Corona \/ Corolla -","isPartOf":{"@id":"https:\/\/www.automobilia-atelier.de\/fr\/#website"},"primaryImageOfPage":{"@id":"https:\/\/www.automobilia-atelier.de\/fr\/produkt\/moyeu-de-volant-momo-c-7700-toyota-corolla-tercel-publica-crown-corona-corolla\/#primaryimage"},"image":{"@id":"https:\/\/www.automobilia-atelier.de\/fr\/produkt\/moyeu-de-volant-momo-c-7700-toyota-corolla-tercel-publica-crown-corona-corolla\/#primaryimage"},"thumbnailUrl":"https:\/\/www.automobilia-atelier.de\/wp-content\/uploads\/2021\/04\/DSC9570-scaled.jpg","datePublished":"2021-04-15T19:26:52+00:00","breadcrumb":{"@id":"https:\/\/www.automobilia-atelier.de\/fr\/produkt\/moyeu-de-volant-momo-c-7700-toyota-corolla-tercel-publica-crown-corona-corolla\/#breadcrumb"},"inLanguage":"fr-FR","potentialAction":[{"@type":"ReadAction","target":["https:\/\/www.automobilia-atelier.de\/fr\/produkt\/moyeu-de-volant-momo-c-7700-toyota-corolla-tercel-publica-crown-corona-corolla\/"]}]},{"@type":"ImageObject","inLanguage":"fr-FR","@id":"https:\/\/www.automobilia-atelier.de\/fr\/produkt\/moyeu-de-volant-momo-c-7700-toyota-corolla-tercel-publica-crown-corona-corolla\/#primaryimage","url":"https:\/\/www.automobilia-atelier.de\/wp-content\/uploads\/2021\/04\/DSC9570-scaled.jpg","contentUrl":"https:\/\/www.automobilia-atelier.de\/wp-content\/uploads\/2021\/04\/DSC9570-scaled.jpg","width":2400,"height":1600},{"@type":"BreadcrumbList","@id":"https:\/\/www.automobilia-atelier.de\/fr\/produkt\/moyeu-de-volant-momo-c-7700-toyota-corolla-tercel-publica-crown-corona-corolla\/#breadcrumb","itemListElement":[{"@type":"ListItem","position":1,"name":"Startseite","item":"https:\/\/www.automobilia-atelier.de\/fr\/"},{"@type":"ListItem","position":2,"name":"Produits","item":"https:\/\/www.automobilia-atelier.de\/fr\/shop\/"},{"@type":"ListItem","position":3,"name":"Moyeu de volant MOMO (C 7700) Toyota Corolla \/ Tercel \/ Publica \/ Crown \/ Corona \/ Corolla"}]},{"@type":"WebSite","@id":"https:\/\/www.automobilia-atelier.de\/fr\/#website","url":"https:\/\/www.automobilia-atelier.de\/fr\/","name":"","description":"","potentialAction":[{"@type":"SearchAction","target":{"@type":"EntryPoint","urlTemplate":"https:\/\/www.automobilia-atelier.de\/fr\/?s={search_term_string}"},"query-input":{"@type":"PropertyValueSpecification","valueRequired":true,"valueName":"search_term_string"}}],"inLanguage":"fr-FR"}]}},"jetpack_sharing_enabled":true,"_links":{"self":[{"href":"https:\/\/www.automobilia-atelier.de\/fr\/wp-json\/wp\/v2\/product\/17178","targetHints":{"allow":["GET"]}}],"collection":[{"href":"https:\/\/www.automobilia-atelier.de\/fr\/wp-json\/wp\/v2\/product"}],"about":[{"href":"https:\/\/www.automobilia-atelier.de\/fr\/wp-json\/wp\/v2\/types\/product"}],"wp:featuredmedia":[{"embeddable":true,"href":"https:\/\/www.automobilia-atelier.de\/fr\/wp-json\/wp\/v2\/media\/17180"}],"wp:attachment":[{"href":"https:\/\/www.automobilia-atelier.de\/fr\/wp-json\/wp\/v2\/media?parent=17178"}],"wp:term":[{"taxonomy":"product_brand","embeddable":true,"href":"https:\/\/www.automobilia-atelier.de\/fr\/wp-json\/wp\/v2\/product_brand?post=17178"},{"taxonomy":"product_cat","embeddable":true,"href":"https:\/\/www.automobilia-atelier.de\/fr\/wp-json\/wp\/v2\/product_cat?post=17178"},{"taxonomy":"product_tag","embeddable":true,"href":"https:\/\/www.automobilia-atelier.de\/fr\/wp-json\/wp\/v2\/product_tag?post=17178"}],"curies":[{"name":"wp","href":"https:\/\/api.w.org\/{rel}","templated":true}]}}