{"id":17183,"date":"2021-04-09T11:07:30","date_gmt":"2021-04-09T09:07:30","guid":{"rendered":"https:\/\/www.automobilia-atelier.de\/produkt\/brochure-joerg-auto-sport-accessories-1984\/"},"modified":"2021-04-09T11:07:30","modified_gmt":"2021-04-09T09:07:30","slug":"brochure-joerg-auto-sport-accessories-1984","status":"publish","type":"product","link":"https:\/\/www.automobilia-atelier.de\/fr\/produkt\/brochure-joerg-auto-sport-accessories-1984\/","title":{"rendered":"Brochure J\u00f6rg Auto-Sport-Accessories 1984"},"content":{"rendered":"<p><strong>Fabricant :<\/strong> J\u00f6rg Auto-Sport-Accessories<br \/>\n<strong>Date de production :<\/strong> 1984<br \/>\n<strong>\u00c9tat :<\/strong> voir photos d\u00e9taill\u00e9es \u2013 Env. 144 pages consacr\u00e9es aux accessoires de sport automobile. Table des mati\u00e8res voir derni\u00e8re photo !<\/p>\n","protected":false},"excerpt":{"rendered":"<p>Fabricant : J\u00f6rg Auto-Sport-Accessories Date de production : 1984 \u00c9tat : voir photos d\u00e9taill\u00e9es \u2013 Env. 144 pages consacr\u00e9es aux accessoires de sport automobile. Table des mati\u00e8res voir derni\u00e8re photo !<\/p>\n","protected":false},"featured_media":17187,"template":"","meta":{"inline_featured_image":false,"_monsterinsights_skip_tracking":false,"_monsterinsights_sitenote_active":false,"_monsterinsights_sitenote_note":"","_monsterinsights_sitenote_category":0},"product_brand":[],"product_cat":[241,260],"product_tag":[],"class_list":{"0":"post-17183","1":"product","2":"type-product","3":"status-publish","4":"has-post-thumbnail","6":"product_cat-automobiles-fr","7":"product_cat-livres-brochures","9":"first","10":"outofstock","11":"sold-individually","12":"product-type-simple"},"yoast_head":"<!-- This site is optimized with the Yoast SEO plugin v24.7 - https:\/\/yoast.com\/wordpress\/plugins\/seo\/ -->\n<title>Brochure J\u00f6rg Auto-Sport-Accessories 1984 -<\/title>\n<meta name=\"robots\" content=\"index, follow, max-snippet:-1, max-image-preview:large, max-video-preview:-1\" \/>\n<link rel=\"canonical\" href=\"https:\/\/www.automobilia-atelier.de\/fr\/produkt\/brochure-joerg-auto-sport-accessories-1984\/\" \/>\n<meta property=\"og:locale\" content=\"fr_FR\" \/>\n<meta property=\"og:type\" content=\"article\" \/>\n<meta property=\"og:title\" content=\"Brochure J\u00f6rg Auto-Sport-Accessories 1984 -\" \/>\n<meta property=\"og:description\" content=\"Fabricant : J\u00f6rg Auto-Sport-Accessories Date de production : 1984 \u00c9tat : voir photos d\u00e9taill\u00e9es \u2013 Env. 144 pages consacr\u00e9es aux accessoires de sport automobile. Table des mati\u00e8res voir derni\u00e8re photo !\" \/>\n<meta property=\"og:url\" content=\"https:\/\/www.automobilia-atelier.de\/fr\/produkt\/brochure-joerg-auto-sport-accessories-1984\/\" \/>\n<meta property=\"og:image\" content=\"https:\/\/www.automobilia-atelier.de\/wp-content\/uploads\/2021\/04\/DSC9347-scaled.jpg\" \/>\n\t<meta property=\"og:image:width\" content=\"2400\" \/>\n\t<meta property=\"og:image:height\" content=\"1600\" \/>\n\t<meta property=\"og:image:type\" content=\"image\/jpeg\" \/>\n<meta name=\"twitter:card\" content=\"summary_large_image\" \/>\n<script type=\"application\/ld+json\" class=\"yoast-schema-graph\">{\"@context\":\"https:\/\/schema.org\",\"@graph\":[{\"@type\":\"WebPage\",\"@id\":\"https:\/\/www.automobilia-atelier.de\/fr\/produkt\/brochure-joerg-auto-sport-accessories-1984\/\",\"url\":\"https:\/\/www.automobilia-atelier.de\/fr\/produkt\/brochure-joerg-auto-sport-accessories-1984\/\",\"name\":\"Brochure J\u00f6rg Auto-Sport-Accessories 1984 -\",\"isPartOf\":{\"@id\":\"https:\/\/www.automobilia-atelier.de\/fr\/#website\"},\"primaryImageOfPage\":{\"@id\":\"https:\/\/www.automobilia-atelier.de\/fr\/produkt\/brochure-joerg-auto-sport-accessories-1984\/#primaryimage\"},\"image\":{\"@id\":\"https:\/\/www.automobilia-atelier.de\/fr\/produkt\/brochure-joerg-auto-sport-accessories-1984\/#primaryimage\"},\"thumbnailUrl\":\"https:\/\/www.automobilia-atelier.de\/wp-content\/uploads\/2021\/04\/DSC9347-scaled.jpg\",\"datePublished\":\"2021-04-09T09:07:30+00:00\",\"breadcrumb\":{\"@id\":\"https:\/\/www.automobilia-atelier.de\/fr\/produkt\/brochure-joerg-auto-sport-accessories-1984\/#breadcrumb\"},\"inLanguage\":\"fr-FR\",\"potentialAction\":[{\"@type\":\"ReadAction\",\"target\":[\"https:\/\/www.automobilia-atelier.de\/fr\/produkt\/brochure-joerg-auto-sport-accessories-1984\/\"]}]},{\"@type\":\"ImageObject\",\"inLanguage\":\"fr-FR\",\"@id\":\"https:\/\/www.automobilia-atelier.de\/fr\/produkt\/brochure-joerg-auto-sport-accessories-1984\/#primaryimage\",\"url\":\"https:\/\/www.automobilia-atelier.de\/wp-content\/uploads\/2021\/04\/DSC9347-scaled.jpg\",\"contentUrl\":\"https:\/\/www.automobilia-atelier.de\/wp-content\/uploads\/2021\/04\/DSC9347-scaled.jpg\",\"width\":2400,\"height\":1600},{\"@type\":\"BreadcrumbList\",\"@id\":\"https:\/\/www.automobilia-atelier.de\/fr\/produkt\/brochure-joerg-auto-sport-accessories-1984\/#breadcrumb\",\"itemListElement\":[{\"@type\":\"ListItem\",\"position\":1,\"name\":\"Startseite\",\"item\":\"https:\/\/www.automobilia-atelier.de\/fr\/\"},{\"@type\":\"ListItem\",\"position\":2,\"name\":\"Produits\",\"item\":\"https:\/\/www.automobilia-atelier.de\/fr\/shop\/\"},{\"@type\":\"ListItem\",\"position\":3,\"name\":\"Brochure J\u00f6rg Auto-Sport-Accessories 1984\"}]},{\"@type\":\"WebSite\",\"@id\":\"https:\/\/www.automobilia-atelier.de\/fr\/#website\",\"url\":\"https:\/\/www.automobilia-atelier.de\/fr\/\",\"name\":\"\",\"description\":\"\",\"potentialAction\":[{\"@type\":\"SearchAction\",\"target\":{\"@type\":\"EntryPoint\",\"urlTemplate\":\"https:\/\/www.automobilia-atelier.de\/fr\/?s={search_term_string}\"},\"query-input\":{\"@type\":\"PropertyValueSpecification\",\"valueRequired\":true,\"valueName\":\"search_term_string\"}}],\"inLanguage\":\"fr-FR\"}]}<\/script>\n<!-- \/ Yoast SEO plugin. -->","yoast_head_json":{"title":"Brochure J\u00f6rg Auto-Sport-Accessories 1984 -","robots":{"index":"index","follow":"follow","max-snippet":"max-snippet:-1","max-image-preview":"max-image-preview:large","max-video-preview":"max-video-preview:-1"},"canonical":"https:\/\/www.automobilia-atelier.de\/fr\/produkt\/brochure-joerg-auto-sport-accessories-1984\/","og_locale":"fr_FR","og_type":"article","og_title":"Brochure J\u00f6rg Auto-Sport-Accessories 1984 -","og_description":"Fabricant : J\u00f6rg Auto-Sport-Accessories Date de production : 1984 \u00c9tat : voir photos d\u00e9taill\u00e9es \u2013 Env. 144 pages consacr\u00e9es aux accessoires de sport automobile. Table des mati\u00e8res voir derni\u00e8re photo !","og_url":"https:\/\/www.automobilia-atelier.de\/fr\/produkt\/brochure-joerg-auto-sport-accessories-1984\/","og_image":[{"width":2400,"height":1600,"url":"https:\/\/www.automobilia-atelier.de\/wp-content\/uploads\/2021\/04\/DSC9347-scaled.jpg","type":"image\/jpeg"}],"twitter_card":"summary_large_image","schema":{"@context":"https:\/\/schema.org","@graph":[{"@type":"WebPage","@id":"https:\/\/www.automobilia-atelier.de\/fr\/produkt\/brochure-joerg-auto-sport-accessories-1984\/","url":"https:\/\/www.automobilia-atelier.de\/fr\/produkt\/brochure-joerg-auto-sport-accessories-1984\/","name":"Brochure J\u00f6rg Auto-Sport-Accessories 1984 -","isPartOf":{"@id":"https:\/\/www.automobilia-atelier.de\/fr\/#website"},"primaryImageOfPage":{"@id":"https:\/\/www.automobilia-atelier.de\/fr\/produkt\/brochure-joerg-auto-sport-accessories-1984\/#primaryimage"},"image":{"@id":"https:\/\/www.automobilia-atelier.de\/fr\/produkt\/brochure-joerg-auto-sport-accessories-1984\/#primaryimage"},"thumbnailUrl":"https:\/\/www.automobilia-atelier.de\/wp-content\/uploads\/2021\/04\/DSC9347-scaled.jpg","datePublished":"2021-04-09T09:07:30+00:00","breadcrumb":{"@id":"https:\/\/www.automobilia-atelier.de\/fr\/produkt\/brochure-joerg-auto-sport-accessories-1984\/#breadcrumb"},"inLanguage":"fr-FR","potentialAction":[{"@type":"ReadAction","target":["https:\/\/www.automobilia-atelier.de\/fr\/produkt\/brochure-joerg-auto-sport-accessories-1984\/"]}]},{"@type":"ImageObject","inLanguage":"fr-FR","@id":"https:\/\/www.automobilia-atelier.de\/fr\/produkt\/brochure-joerg-auto-sport-accessories-1984\/#primaryimage","url":"https:\/\/www.automobilia-atelier.de\/wp-content\/uploads\/2021\/04\/DSC9347-scaled.jpg","contentUrl":"https:\/\/www.automobilia-atelier.de\/wp-content\/uploads\/2021\/04\/DSC9347-scaled.jpg","width":2400,"height":1600},{"@type":"BreadcrumbList","@id":"https:\/\/www.automobilia-atelier.de\/fr\/produkt\/brochure-joerg-auto-sport-accessories-1984\/#breadcrumb","itemListElement":[{"@type":"ListItem","position":1,"name":"Startseite","item":"https:\/\/www.automobilia-atelier.de\/fr\/"},{"@type":"ListItem","position":2,"name":"Produits","item":"https:\/\/www.automobilia-atelier.de\/fr\/shop\/"},{"@type":"ListItem","position":3,"name":"Brochure J\u00f6rg Auto-Sport-Accessories 1984"}]},{"@type":"WebSite","@id":"https:\/\/www.automobilia-atelier.de\/fr\/#website","url":"https:\/\/www.automobilia-atelier.de\/fr\/","name":"","description":"","potentialAction":[{"@type":"SearchAction","target":{"@type":"EntryPoint","urlTemplate":"https:\/\/www.automobilia-atelier.de\/fr\/?s={search_term_string}"},"query-input":{"@type":"PropertyValueSpecification","valueRequired":true,"valueName":"search_term_string"}}],"inLanguage":"fr-FR"}]}},"jetpack_sharing_enabled":true,"_links":{"self":[{"href":"https:\/\/www.automobilia-atelier.de\/fr\/wp-json\/wp\/v2\/product\/17183","targetHints":{"allow":["GET"]}}],"collection":[{"href":"https:\/\/www.automobilia-atelier.de\/fr\/wp-json\/wp\/v2\/product"}],"about":[{"href":"https:\/\/www.automobilia-atelier.de\/fr\/wp-json\/wp\/v2\/types\/product"}],"wp:featuredmedia":[{"embeddable":true,"href":"https:\/\/www.automobilia-atelier.de\/fr\/wp-json\/wp\/v2\/media\/17187"}],"wp:attachment":[{"href":"https:\/\/www.automobilia-atelier.de\/fr\/wp-json\/wp\/v2\/media?parent=17183"}],"wp:term":[{"taxonomy":"product_brand","embeddable":true,"href":"https:\/\/www.automobilia-atelier.de\/fr\/wp-json\/wp\/v2\/product_brand?post=17183"},{"taxonomy":"product_cat","embeddable":true,"href":"https:\/\/www.automobilia-atelier.de\/fr\/wp-json\/wp\/v2\/product_cat?post=17183"},{"taxonomy":"product_tag","embeddable":true,"href":"https:\/\/www.automobilia-atelier.de\/fr\/wp-json\/wp\/v2\/product_tag?post=17183"}],"curies":[{"name":"wp","href":"https:\/\/api.w.org\/{rel}","templated":true}]}}