{"id":17185,"date":"2021-04-10T13:45:12","date_gmt":"2021-04-10T11:45:12","guid":{"rendered":"https:\/\/www.automobilia-atelier.de\/produkt\/support-mural-support-mural-pour-volant-momo\/"},"modified":"2021-04-10T13:45:12","modified_gmt":"2021-04-10T11:45:12","slug":"support-mural-support-mural-pour-volant-momo","status":"publish","type":"product","link":"https:\/\/www.automobilia-atelier.de\/fr\/produkt\/support-mural-support-mural-pour-volant-momo\/","title":{"rendered":"Support mural \/ support mural pour volant MOMO"},"content":{"rendered":"<p>Support mural adapt\u00e9 au volant MOMO (6x70mm). Livr\u00e9 sans trous. <\/p>\n<p>Comprend un \u00e9videment pour maintenir le bouton de klaxon d&rsquo;origine et un trou au centre pour le montage sur l&rsquo;objet. <\/p>\n<p>Pour des exemples, voir les deux derni\u00e8res photos de la galerie.<\/p>\n<p>&nbsp;<\/p>\n<ul>\n<li><strong>Mat\u00e9riau :<\/strong> Polyoxym\u00e9thyl\u00e8ne (POM)<\/li>\n<li><strong>Proc\u00e9d\u00e9 :<\/strong> moulage par injection<\/li>\n<\/ul>\n","protected":false},"excerpt":{"rendered":"<p>Support mural adapt\u00e9 au volant MOMO (6x70mm). Livr\u00e9 sans trous. Comprend un \u00e9videment pour maintenir le bouton de klaxon d&rsquo;origine et un trou au centre pour le montage sur l&rsquo;objet. Pour des exemples, voir les deux derni\u00e8res photos de la galerie. &nbsp; Mat\u00e9riau : Polyoxym\u00e9thyl\u00e8ne (POM) Proc\u00e9d\u00e9 : moulage par injection<\/p>\n","protected":false},"featured_media":17189,"template":"","meta":{"inline_featured_image":false,"_monsterinsights_skip_tracking":false,"_monsterinsights_sitenote_active":false,"_monsterinsights_sitenote_note":"","_monsterinsights_sitenote_category":0},"product_brand":[],"product_cat":[261,252,236],"product_tag":[],"class_list":{"0":"post-17185","1":"product","2":"type-product","3":"status-publish","4":"has-post-thumbnail","6":"product_cat-accessoires","7":"product_cat-moyeux-de-volant","8":"product_cat-pieces-de-vehicules-classiques","10":"first","11":"instock","12":"sold-individually","13":"purchasable","14":"product-type-simple"},"yoast_head":"<!-- This site is optimized with the Yoast SEO plugin v24.7 - https:\/\/yoast.com\/wordpress\/plugins\/seo\/ -->\n<title>Support mural \/ support mural pour volant MOMO -<\/title>\n<meta name=\"robots\" content=\"index, follow, max-snippet:-1, max-image-preview:large, max-video-preview:-1\" \/>\n<link rel=\"canonical\" href=\"https:\/\/www.automobilia-atelier.de\/fr\/produkt\/support-mural-support-mural-pour-volant-momo\/\" \/>\n<meta property=\"og:locale\" content=\"fr_FR\" \/>\n<meta property=\"og:type\" content=\"article\" \/>\n<meta property=\"og:title\" content=\"Support mural \/ support mural pour volant MOMO -\" \/>\n<meta property=\"og:description\" content=\"Support mural adapt\u00e9 au volant MOMO (6x70mm). Livr\u00e9 sans trous. Comprend un \u00e9videment pour maintenir le bouton de klaxon d&rsquo;origine et un trou au centre pour le montage sur l&rsquo;objet. Pour des exemples, voir les deux derni\u00e8res photos de la galerie. &nbsp; Mat\u00e9riau : Polyoxym\u00e9thyl\u00e8ne (POM) Proc\u00e9d\u00e9 : moulage par injection\" \/>\n<meta property=\"og:url\" content=\"https:\/\/www.automobilia-atelier.de\/fr\/produkt\/support-mural-support-mural-pour-volant-momo\/\" \/>\n<meta property=\"og:image\" content=\"https:\/\/www.automobilia-atelier.de\/wp-content\/uploads\/2021\/04\/DSC9399-1-scaled.jpg\" \/>\n\t<meta property=\"og:image:width\" content=\"2400\" \/>\n\t<meta property=\"og:image:height\" content=\"1600\" \/>\n\t<meta property=\"og:image:type\" content=\"image\/jpeg\" \/>\n<meta name=\"twitter:card\" content=\"summary_large_image\" \/>\n<script type=\"application\/ld+json\" class=\"yoast-schema-graph\">{\"@context\":\"https:\/\/schema.org\",\"@graph\":[{\"@type\":\"WebPage\",\"@id\":\"https:\/\/www.automobilia-atelier.de\/fr\/produkt\/support-mural-support-mural-pour-volant-momo\/\",\"url\":\"https:\/\/www.automobilia-atelier.de\/fr\/produkt\/support-mural-support-mural-pour-volant-momo\/\",\"name\":\"Support mural \/ support mural pour volant MOMO -\",\"isPartOf\":{\"@id\":\"https:\/\/www.automobilia-atelier.de\/fr\/#website\"},\"primaryImageOfPage\":{\"@id\":\"https:\/\/www.automobilia-atelier.de\/fr\/produkt\/support-mural-support-mural-pour-volant-momo\/#primaryimage\"},\"image\":{\"@id\":\"https:\/\/www.automobilia-atelier.de\/fr\/produkt\/support-mural-support-mural-pour-volant-momo\/#primaryimage\"},\"thumbnailUrl\":\"https:\/\/www.automobilia-atelier.de\/wp-content\/uploads\/2021\/04\/DSC9399-1-scaled.jpg\",\"datePublished\":\"2021-04-10T11:45:12+00:00\",\"breadcrumb\":{\"@id\":\"https:\/\/www.automobilia-atelier.de\/fr\/produkt\/support-mural-support-mural-pour-volant-momo\/#breadcrumb\"},\"inLanguage\":\"fr-FR\",\"potentialAction\":[{\"@type\":\"ReadAction\",\"target\":[\"https:\/\/www.automobilia-atelier.de\/fr\/produkt\/support-mural-support-mural-pour-volant-momo\/\"]}]},{\"@type\":\"ImageObject\",\"inLanguage\":\"fr-FR\",\"@id\":\"https:\/\/www.automobilia-atelier.de\/fr\/produkt\/support-mural-support-mural-pour-volant-momo\/#primaryimage\",\"url\":\"https:\/\/www.automobilia-atelier.de\/wp-content\/uploads\/2021\/04\/DSC9399-1-scaled.jpg\",\"contentUrl\":\"https:\/\/www.automobilia-atelier.de\/wp-content\/uploads\/2021\/04\/DSC9399-1-scaled.jpg\",\"width\":2400,\"height\":1600},{\"@type\":\"BreadcrumbList\",\"@id\":\"https:\/\/www.automobilia-atelier.de\/fr\/produkt\/support-mural-support-mural-pour-volant-momo\/#breadcrumb\",\"itemListElement\":[{\"@type\":\"ListItem\",\"position\":1,\"name\":\"Startseite\",\"item\":\"https:\/\/www.automobilia-atelier.de\/fr\/\"},{\"@type\":\"ListItem\",\"position\":2,\"name\":\"Produits\",\"item\":\"https:\/\/www.automobilia-atelier.de\/fr\/shop\/\"},{\"@type\":\"ListItem\",\"position\":3,\"name\":\"Support mural \/ support mural pour volant MOMO\"}]},{\"@type\":\"WebSite\",\"@id\":\"https:\/\/www.automobilia-atelier.de\/fr\/#website\",\"url\":\"https:\/\/www.automobilia-atelier.de\/fr\/\",\"name\":\"\",\"description\":\"\",\"potentialAction\":[{\"@type\":\"SearchAction\",\"target\":{\"@type\":\"EntryPoint\",\"urlTemplate\":\"https:\/\/www.automobilia-atelier.de\/fr\/?s={search_term_string}\"},\"query-input\":{\"@type\":\"PropertyValueSpecification\",\"valueRequired\":true,\"valueName\":\"search_term_string\"}}],\"inLanguage\":\"fr-FR\"}]}<\/script>\n<!-- \/ Yoast SEO plugin. -->","yoast_head_json":{"title":"Support mural \/ support mural pour volant MOMO -","robots":{"index":"index","follow":"follow","max-snippet":"max-snippet:-1","max-image-preview":"max-image-preview:large","max-video-preview":"max-video-preview:-1"},"canonical":"https:\/\/www.automobilia-atelier.de\/fr\/produkt\/support-mural-support-mural-pour-volant-momo\/","og_locale":"fr_FR","og_type":"article","og_title":"Support mural \/ support mural pour volant MOMO -","og_description":"Support mural adapt\u00e9 au volant MOMO (6x70mm). Livr\u00e9 sans trous. Comprend un \u00e9videment pour maintenir le bouton de klaxon d&rsquo;origine et un trou au centre pour le montage sur l&rsquo;objet. Pour des exemples, voir les deux derni\u00e8res photos de la galerie. &nbsp; Mat\u00e9riau : Polyoxym\u00e9thyl\u00e8ne (POM) Proc\u00e9d\u00e9 : moulage par injection","og_url":"https:\/\/www.automobilia-atelier.de\/fr\/produkt\/support-mural-support-mural-pour-volant-momo\/","og_image":[{"width":2400,"height":1600,"url":"https:\/\/www.automobilia-atelier.de\/wp-content\/uploads\/2021\/04\/DSC9399-1-scaled.jpg","type":"image\/jpeg"}],"twitter_card":"summary_large_image","schema":{"@context":"https:\/\/schema.org","@graph":[{"@type":"WebPage","@id":"https:\/\/www.automobilia-atelier.de\/fr\/produkt\/support-mural-support-mural-pour-volant-momo\/","url":"https:\/\/www.automobilia-atelier.de\/fr\/produkt\/support-mural-support-mural-pour-volant-momo\/","name":"Support mural \/ support mural pour volant MOMO -","isPartOf":{"@id":"https:\/\/www.automobilia-atelier.de\/fr\/#website"},"primaryImageOfPage":{"@id":"https:\/\/www.automobilia-atelier.de\/fr\/produkt\/support-mural-support-mural-pour-volant-momo\/#primaryimage"},"image":{"@id":"https:\/\/www.automobilia-atelier.de\/fr\/produkt\/support-mural-support-mural-pour-volant-momo\/#primaryimage"},"thumbnailUrl":"https:\/\/www.automobilia-atelier.de\/wp-content\/uploads\/2021\/04\/DSC9399-1-scaled.jpg","datePublished":"2021-04-10T11:45:12+00:00","breadcrumb":{"@id":"https:\/\/www.automobilia-atelier.de\/fr\/produkt\/support-mural-support-mural-pour-volant-momo\/#breadcrumb"},"inLanguage":"fr-FR","potentialAction":[{"@type":"ReadAction","target":["https:\/\/www.automobilia-atelier.de\/fr\/produkt\/support-mural-support-mural-pour-volant-momo\/"]}]},{"@type":"ImageObject","inLanguage":"fr-FR","@id":"https:\/\/www.automobilia-atelier.de\/fr\/produkt\/support-mural-support-mural-pour-volant-momo\/#primaryimage","url":"https:\/\/www.automobilia-atelier.de\/wp-content\/uploads\/2021\/04\/DSC9399-1-scaled.jpg","contentUrl":"https:\/\/www.automobilia-atelier.de\/wp-content\/uploads\/2021\/04\/DSC9399-1-scaled.jpg","width":2400,"height":1600},{"@type":"BreadcrumbList","@id":"https:\/\/www.automobilia-atelier.de\/fr\/produkt\/support-mural-support-mural-pour-volant-momo\/#breadcrumb","itemListElement":[{"@type":"ListItem","position":1,"name":"Startseite","item":"https:\/\/www.automobilia-atelier.de\/fr\/"},{"@type":"ListItem","position":2,"name":"Produits","item":"https:\/\/www.automobilia-atelier.de\/fr\/shop\/"},{"@type":"ListItem","position":3,"name":"Support mural \/ support mural pour volant MOMO"}]},{"@type":"WebSite","@id":"https:\/\/www.automobilia-atelier.de\/fr\/#website","url":"https:\/\/www.automobilia-atelier.de\/fr\/","name":"","description":"","potentialAction":[{"@type":"SearchAction","target":{"@type":"EntryPoint","urlTemplate":"https:\/\/www.automobilia-atelier.de\/fr\/?s={search_term_string}"},"query-input":{"@type":"PropertyValueSpecification","valueRequired":true,"valueName":"search_term_string"}}],"inLanguage":"fr-FR"}]}},"jetpack_sharing_enabled":true,"_links":{"self":[{"href":"https:\/\/www.automobilia-atelier.de\/fr\/wp-json\/wp\/v2\/product\/17185","targetHints":{"allow":["GET"]}}],"collection":[{"href":"https:\/\/www.automobilia-atelier.de\/fr\/wp-json\/wp\/v2\/product"}],"about":[{"href":"https:\/\/www.automobilia-atelier.de\/fr\/wp-json\/wp\/v2\/types\/product"}],"wp:featuredmedia":[{"embeddable":true,"href":"https:\/\/www.automobilia-atelier.de\/fr\/wp-json\/wp\/v2\/media\/17189"}],"wp:attachment":[{"href":"https:\/\/www.automobilia-atelier.de\/fr\/wp-json\/wp\/v2\/media?parent=17185"}],"wp:term":[{"taxonomy":"product_brand","embeddable":true,"href":"https:\/\/www.automobilia-atelier.de\/fr\/wp-json\/wp\/v2\/product_brand?post=17185"},{"taxonomy":"product_cat","embeddable":true,"href":"https:\/\/www.automobilia-atelier.de\/fr\/wp-json\/wp\/v2\/product_cat?post=17185"},{"taxonomy":"product_tag","embeddable":true,"href":"https:\/\/www.automobilia-atelier.de\/fr\/wp-json\/wp\/v2\/product_tag?post=17185"}],"curies":[{"name":"wp","href":"https:\/\/api.w.org\/{rel}","templated":true}]}}