{"id":17193,"date":"2021-04-30T17:36:27","date_gmt":"2021-04-30T15:36:27","guid":{"rendered":"https:\/\/www.automobilia-atelier.de\/produkt\/1968-volant-momo-prototipo-porsche-908-spyder\/"},"modified":"2021-04-30T17:36:27","modified_gmt":"2021-04-30T15:36:27","slug":"1968-volant-momo-prototipo-porsche-908-spyder","status":"publish","type":"product","link":"https:\/\/www.automobilia-atelier.de\/fr\/produkt\/1968-volant-momo-prototipo-porsche-908-spyder\/","title":{"rendered":"1968&prime; Volant MOMO \u00ab\u00a0prototipo\u00a0\u00bb Porsche 908 Spyder"},"content":{"rendered":"<p>&nbsp;<\/p>\n<p><strong>Information :<\/strong> Cet exemplaire est un volant d&rsquo;usine Porsche extr\u00eamement rare de la fin des ann\u00e9es 1960. On en retrouve un identique dans la Porsche 908\/03 Spyder (voir derni\u00e8re photo de la galerie). <\/p>\n<p><strong>Fabricant :<\/strong> MOMO<br \/>\n<strong>Diam\u00e8tre :<\/strong> 330 mm<br \/>\n<strong>Date de production :<\/strong> 1968<br \/>\n<strong>\u00c9tat :<\/strong> voir photos d\u00e9taill\u00e9es<br \/>\n<strong>Pr\u00e9cision d&rsquo;ajustement :<\/strong> Cercle de boulonnage = 6x70mm \u2013 Peut \u00eatre mont\u00e9 sur presque tous les v\u00e9hicules avec le moyeu appropri\u00e9. Les trous ont \u00e9t\u00e9 l\u00e9g\u00e8rement agrandis. <strong><br \/>\n<\/strong><\/p>\n","protected":false},"excerpt":{"rendered":"<p>&nbsp; Information : Cet exemplaire est un volant d&rsquo;usine Porsche extr\u00eamement rare de la fin des ann\u00e9es 1960. On en retrouve un identique dans la Porsche 908\/03 Spyder (voir derni\u00e8re photo de la galerie). Fabricant : MOMO Diam\u00e8tre : 330 mm Date de production : 1968 \u00c9tat : voir photos d\u00e9taill\u00e9es Pr\u00e9cision d&rsquo;ajustement : Cercle &hellip; <a href=\"https:\/\/www.automobilia-atelier.de\/fr\/produkt\/1968-volant-momo-prototipo-porsche-908-spyder\/\" class=\"more-link\">Continuer \u00e0 lire <span class=\"screen-reader-text\">1968&prime; Volant MOMO \u00ab\u00a0prototipo\u00a0\u00bb Porsche 908 Spyder<\/span> <span class=\"meta-nav\">\u2192<\/span><\/a><\/p>\n","protected":false},"featured_media":17196,"template":"","meta":{"inline_featured_image":false,"_monsterinsights_skip_tracking":false,"_monsterinsights_sitenote_active":false,"_monsterinsights_sitenote_note":"","_monsterinsights_sitenote_category":0},"product_brand":[],"product_cat":[239,236,237,255],"product_tag":[],"class_list":{"0":"post-17193","1":"product","2":"type-product","3":"status-publish","4":"has-post-thumbnail","6":"product_cat-momo-fr","7":"product_cat-pieces-de-vehicules-classiques","8":"product_cat-volants","9":"product_cat-volants-en-cuir-fr","11":"first","12":"outofstock","13":"sold-individually","14":"product-type-simple"},"yoast_head":"<!-- This site is optimized with the Yoast SEO plugin v24.7 - https:\/\/yoast.com\/wordpress\/plugins\/seo\/ -->\n<title>1968&#039; Volant MOMO &quot;prototipo&quot; Porsche 908 Spyder -<\/title>\n<meta name=\"robots\" content=\"index, follow, max-snippet:-1, max-image-preview:large, max-video-preview:-1\" \/>\n<link rel=\"canonical\" href=\"https:\/\/www.automobilia-atelier.de\/fr\/produkt\/1968-volant-momo-prototipo-porsche-908-spyder\/\" \/>\n<meta property=\"og:locale\" content=\"fr_FR\" \/>\n<meta property=\"og:type\" content=\"article\" \/>\n<meta property=\"og:title\" content=\"1968&#039; Volant MOMO &quot;prototipo&quot; Porsche 908 Spyder -\" \/>\n<meta property=\"og:description\" content=\"&nbsp; Information : Cet exemplaire est un volant d&rsquo;usine Porsche extr\u00eamement rare de la fin des ann\u00e9es 1960. On en retrouve un identique dans la Porsche 908\/03 Spyder (voir derni\u00e8re photo de la galerie). Fabricant : MOMO Diam\u00e8tre : 330 mm Date de production : 1968 \u00c9tat : voir photos d\u00e9taill\u00e9es Pr\u00e9cision d&rsquo;ajustement : Cercle &hellip; Continuer \u00e0 lire 1968&prime; Volant MOMO \u00ab\u00a0prototipo\u00a0\u00bb Porsche 908 Spyder \u2192\" \/>\n<meta property=\"og:url\" content=\"https:\/\/www.automobilia-atelier.de\/fr\/produkt\/1968-volant-momo-prototipo-porsche-908-spyder\/\" \/>\n<meta property=\"og:image\" content=\"https:\/\/www.automobilia-atelier.de\/wp-content\/uploads\/2021\/04\/DSC9725-scaled.jpg\" \/>\n\t<meta property=\"og:image:width\" content=\"2400\" \/>\n\t<meta property=\"og:image:height\" content=\"1599\" \/>\n\t<meta property=\"og:image:type\" content=\"image\/jpeg\" \/>\n<meta name=\"twitter:card\" content=\"summary_large_image\" \/>\n<script type=\"application\/ld+json\" class=\"yoast-schema-graph\">{\"@context\":\"https:\/\/schema.org\",\"@graph\":[{\"@type\":\"WebPage\",\"@id\":\"https:\/\/www.automobilia-atelier.de\/fr\/produkt\/1968-volant-momo-prototipo-porsche-908-spyder\/\",\"url\":\"https:\/\/www.automobilia-atelier.de\/fr\/produkt\/1968-volant-momo-prototipo-porsche-908-spyder\/\",\"name\":\"1968' Volant MOMO \\\"prototipo\\\" Porsche 908 Spyder -\",\"isPartOf\":{\"@id\":\"https:\/\/www.automobilia-atelier.de\/fr\/#website\"},\"primaryImageOfPage\":{\"@id\":\"https:\/\/www.automobilia-atelier.de\/fr\/produkt\/1968-volant-momo-prototipo-porsche-908-spyder\/#primaryimage\"},\"image\":{\"@id\":\"https:\/\/www.automobilia-atelier.de\/fr\/produkt\/1968-volant-momo-prototipo-porsche-908-spyder\/#primaryimage\"},\"thumbnailUrl\":\"https:\/\/www.automobilia-atelier.de\/wp-content\/uploads\/2021\/04\/DSC9725-scaled.jpg\",\"datePublished\":\"2021-04-30T15:36:27+00:00\",\"breadcrumb\":{\"@id\":\"https:\/\/www.automobilia-atelier.de\/fr\/produkt\/1968-volant-momo-prototipo-porsche-908-spyder\/#breadcrumb\"},\"inLanguage\":\"fr-FR\",\"potentialAction\":[{\"@type\":\"ReadAction\",\"target\":[\"https:\/\/www.automobilia-atelier.de\/fr\/produkt\/1968-volant-momo-prototipo-porsche-908-spyder\/\"]}]},{\"@type\":\"ImageObject\",\"inLanguage\":\"fr-FR\",\"@id\":\"https:\/\/www.automobilia-atelier.de\/fr\/produkt\/1968-volant-momo-prototipo-porsche-908-spyder\/#primaryimage\",\"url\":\"https:\/\/www.automobilia-atelier.de\/wp-content\/uploads\/2021\/04\/DSC9725-scaled.jpg\",\"contentUrl\":\"https:\/\/www.automobilia-atelier.de\/wp-content\/uploads\/2021\/04\/DSC9725-scaled.jpg\",\"width\":2400,\"height\":1599},{\"@type\":\"BreadcrumbList\",\"@id\":\"https:\/\/www.automobilia-atelier.de\/fr\/produkt\/1968-volant-momo-prototipo-porsche-908-spyder\/#breadcrumb\",\"itemListElement\":[{\"@type\":\"ListItem\",\"position\":1,\"name\":\"Startseite\",\"item\":\"https:\/\/www.automobilia-atelier.de\/fr\/\"},{\"@type\":\"ListItem\",\"position\":2,\"name\":\"Produits\",\"item\":\"https:\/\/www.automobilia-atelier.de\/fr\/shop\/\"},{\"@type\":\"ListItem\",\"position\":3,\"name\":\"1968&prime; Volant MOMO \u00ab\u00a0prototipo\u00a0\u00bb Porsche 908 Spyder\"}]},{\"@type\":\"WebSite\",\"@id\":\"https:\/\/www.automobilia-atelier.de\/fr\/#website\",\"url\":\"https:\/\/www.automobilia-atelier.de\/fr\/\",\"name\":\"\",\"description\":\"\",\"potentialAction\":[{\"@type\":\"SearchAction\",\"target\":{\"@type\":\"EntryPoint\",\"urlTemplate\":\"https:\/\/www.automobilia-atelier.de\/fr\/?s={search_term_string}\"},\"query-input\":{\"@type\":\"PropertyValueSpecification\",\"valueRequired\":true,\"valueName\":\"search_term_string\"}}],\"inLanguage\":\"fr-FR\"}]}<\/script>\n<!-- \/ Yoast SEO plugin. -->","yoast_head_json":{"title":"1968' Volant MOMO \"prototipo\" Porsche 908 Spyder -","robots":{"index":"index","follow":"follow","max-snippet":"max-snippet:-1","max-image-preview":"max-image-preview:large","max-video-preview":"max-video-preview:-1"},"canonical":"https:\/\/www.automobilia-atelier.de\/fr\/produkt\/1968-volant-momo-prototipo-porsche-908-spyder\/","og_locale":"fr_FR","og_type":"article","og_title":"1968' Volant MOMO \"prototipo\" Porsche 908 Spyder -","og_description":"&nbsp; Information : Cet exemplaire est un volant d&rsquo;usine Porsche extr\u00eamement rare de la fin des ann\u00e9es 1960. On en retrouve un identique dans la Porsche 908\/03 Spyder (voir derni\u00e8re photo de la galerie). Fabricant : MOMO Diam\u00e8tre : 330 mm Date de production : 1968 \u00c9tat : voir photos d\u00e9taill\u00e9es Pr\u00e9cision d&rsquo;ajustement : Cercle &hellip; Continuer \u00e0 lire 1968&prime; Volant MOMO \u00ab\u00a0prototipo\u00a0\u00bb Porsche 908 Spyder \u2192","og_url":"https:\/\/www.automobilia-atelier.de\/fr\/produkt\/1968-volant-momo-prototipo-porsche-908-spyder\/","og_image":[{"width":2400,"height":1599,"url":"https:\/\/www.automobilia-atelier.de\/wp-content\/uploads\/2021\/04\/DSC9725-scaled.jpg","type":"image\/jpeg"}],"twitter_card":"summary_large_image","schema":{"@context":"https:\/\/schema.org","@graph":[{"@type":"WebPage","@id":"https:\/\/www.automobilia-atelier.de\/fr\/produkt\/1968-volant-momo-prototipo-porsche-908-spyder\/","url":"https:\/\/www.automobilia-atelier.de\/fr\/produkt\/1968-volant-momo-prototipo-porsche-908-spyder\/","name":"1968' Volant MOMO \"prototipo\" Porsche 908 Spyder -","isPartOf":{"@id":"https:\/\/www.automobilia-atelier.de\/fr\/#website"},"primaryImageOfPage":{"@id":"https:\/\/www.automobilia-atelier.de\/fr\/produkt\/1968-volant-momo-prototipo-porsche-908-spyder\/#primaryimage"},"image":{"@id":"https:\/\/www.automobilia-atelier.de\/fr\/produkt\/1968-volant-momo-prototipo-porsche-908-spyder\/#primaryimage"},"thumbnailUrl":"https:\/\/www.automobilia-atelier.de\/wp-content\/uploads\/2021\/04\/DSC9725-scaled.jpg","datePublished":"2021-04-30T15:36:27+00:00","breadcrumb":{"@id":"https:\/\/www.automobilia-atelier.de\/fr\/produkt\/1968-volant-momo-prototipo-porsche-908-spyder\/#breadcrumb"},"inLanguage":"fr-FR","potentialAction":[{"@type":"ReadAction","target":["https:\/\/www.automobilia-atelier.de\/fr\/produkt\/1968-volant-momo-prototipo-porsche-908-spyder\/"]}]},{"@type":"ImageObject","inLanguage":"fr-FR","@id":"https:\/\/www.automobilia-atelier.de\/fr\/produkt\/1968-volant-momo-prototipo-porsche-908-spyder\/#primaryimage","url":"https:\/\/www.automobilia-atelier.de\/wp-content\/uploads\/2021\/04\/DSC9725-scaled.jpg","contentUrl":"https:\/\/www.automobilia-atelier.de\/wp-content\/uploads\/2021\/04\/DSC9725-scaled.jpg","width":2400,"height":1599},{"@type":"BreadcrumbList","@id":"https:\/\/www.automobilia-atelier.de\/fr\/produkt\/1968-volant-momo-prototipo-porsche-908-spyder\/#breadcrumb","itemListElement":[{"@type":"ListItem","position":1,"name":"Startseite","item":"https:\/\/www.automobilia-atelier.de\/fr\/"},{"@type":"ListItem","position":2,"name":"Produits","item":"https:\/\/www.automobilia-atelier.de\/fr\/shop\/"},{"@type":"ListItem","position":3,"name":"1968&prime; Volant MOMO \u00ab\u00a0prototipo\u00a0\u00bb Porsche 908 Spyder"}]},{"@type":"WebSite","@id":"https:\/\/www.automobilia-atelier.de\/fr\/#website","url":"https:\/\/www.automobilia-atelier.de\/fr\/","name":"","description":"","potentialAction":[{"@type":"SearchAction","target":{"@type":"EntryPoint","urlTemplate":"https:\/\/www.automobilia-atelier.de\/fr\/?s={search_term_string}"},"query-input":{"@type":"PropertyValueSpecification","valueRequired":true,"valueName":"search_term_string"}}],"inLanguage":"fr-FR"}]}},"jetpack_sharing_enabled":true,"_links":{"self":[{"href":"https:\/\/www.automobilia-atelier.de\/fr\/wp-json\/wp\/v2\/product\/17193","targetHints":{"allow":["GET"]}}],"collection":[{"href":"https:\/\/www.automobilia-atelier.de\/fr\/wp-json\/wp\/v2\/product"}],"about":[{"href":"https:\/\/www.automobilia-atelier.de\/fr\/wp-json\/wp\/v2\/types\/product"}],"wp:featuredmedia":[{"embeddable":true,"href":"https:\/\/www.automobilia-atelier.de\/fr\/wp-json\/wp\/v2\/media\/17196"}],"wp:attachment":[{"href":"https:\/\/www.automobilia-atelier.de\/fr\/wp-json\/wp\/v2\/media?parent=17193"}],"wp:term":[{"taxonomy":"product_brand","embeddable":true,"href":"https:\/\/www.automobilia-atelier.de\/fr\/wp-json\/wp\/v2\/product_brand?post=17193"},{"taxonomy":"product_cat","embeddable":true,"href":"https:\/\/www.automobilia-atelier.de\/fr\/wp-json\/wp\/v2\/product_cat?post=17193"},{"taxonomy":"product_tag","embeddable":true,"href":"https:\/\/www.automobilia-atelier.de\/fr\/wp-json\/wp\/v2\/product_tag?post=17193"}],"curies":[{"name":"wp","href":"https:\/\/api.w.org\/{rel}","templated":true}]}}