{"id":17200,"date":"2021-04-09T11:16:08","date_gmt":"2021-04-09T09:16:08","guid":{"rendered":"https:\/\/www.automobilia-atelier.de\/produkt\/pommeau-de-levier-de-vitesse-en-bois-grand-prix\/"},"modified":"2021-04-09T11:16:08","modified_gmt":"2021-04-09T09:16:08","slug":"pommeau-de-levier-de-vitesse-en-bois-grand-prix","status":"publish","type":"product","link":"https:\/\/www.automobilia-atelier.de\/fr\/produkt\/pommeau-de-levier-de-vitesse-en-bois-grand-prix\/","title":{"rendered":"Pommeau de levier de vitesse en bois \u00ab Grand Prix \u00bb"},"content":{"rendered":"<p><strong>Fabricant :<\/strong> Inconnu<br \/>\n <strong>Date de production :<\/strong> environ 1970<br \/>\n <strong>\u00c9tat :<\/strong> voir photos d\u00e9taill\u00e9es \u2013 Diam\u00e8tre du filetage : environ 14 mm<\/p>\n","protected":false},"excerpt":{"rendered":"<p>Fabricant : Inconnu Date de production : environ 1970 \u00c9tat : voir photos d\u00e9taill\u00e9es \u2013 Diam\u00e8tre du filetage : environ 14 mm<\/p>\n","protected":false},"featured_media":17203,"template":"","meta":{"inline_featured_image":false,"_monsterinsights_skip_tracking":false,"_monsterinsights_sitenote_active":false,"_monsterinsights_sitenote_note":"","_monsterinsights_sitenote_category":0},"product_brand":[],"product_cat":[262,236,258],"product_tag":[],"class_list":{"0":"post-17200","1":"product","2":"type-product","3":"status-publish","4":"has-post-thumbnail","6":"product_cat-autre-fr","7":"product_cat-pieces-de-vehicules-classiques","8":"product_cat-pompes-de-levier-de-vitesses","10":"first","11":"outofstock","12":"sold-individually","13":"product-type-simple"},"yoast_head":"<!-- This site is optimized with the Yoast SEO plugin v24.7 - https:\/\/yoast.com\/wordpress\/plugins\/seo\/ -->\n<title>Pommeau de levier de vitesse en bois \u00ab Grand Prix \u00bb -<\/title>\n<meta name=\"robots\" content=\"index, follow, max-snippet:-1, max-image-preview:large, max-video-preview:-1\" \/>\n<link rel=\"canonical\" href=\"https:\/\/www.automobilia-atelier.de\/fr\/produkt\/pommeau-de-levier-de-vitesse-en-bois-grand-prix\/\" \/>\n<meta property=\"og:locale\" content=\"fr_FR\" \/>\n<meta property=\"og:type\" content=\"article\" \/>\n<meta property=\"og:title\" content=\"Pommeau de levier de vitesse en bois \u00ab Grand Prix \u00bb -\" \/>\n<meta property=\"og:description\" content=\"Fabricant : Inconnu Date de production : environ 1970 \u00c9tat : voir photos d\u00e9taill\u00e9es \u2013 Diam\u00e8tre du filetage : environ 14 mm\" \/>\n<meta property=\"og:url\" content=\"https:\/\/www.automobilia-atelier.de\/fr\/produkt\/pommeau-de-levier-de-vitesse-en-bois-grand-prix\/\" \/>\n<meta property=\"og:image\" content=\"https:\/\/www.automobilia-atelier.de\/wp-content\/uploads\/2021\/04\/DSC9322-scaled.jpg\" \/>\n\t<meta property=\"og:image:width\" content=\"2400\" \/>\n\t<meta property=\"og:image:height\" content=\"1600\" \/>\n\t<meta property=\"og:image:type\" content=\"image\/jpeg\" \/>\n<meta name=\"twitter:card\" content=\"summary_large_image\" \/>\n<script type=\"application\/ld+json\" class=\"yoast-schema-graph\">{\"@context\":\"https:\/\/schema.org\",\"@graph\":[{\"@type\":\"WebPage\",\"@id\":\"https:\/\/www.automobilia-atelier.de\/fr\/produkt\/pommeau-de-levier-de-vitesse-en-bois-grand-prix\/\",\"url\":\"https:\/\/www.automobilia-atelier.de\/fr\/produkt\/pommeau-de-levier-de-vitesse-en-bois-grand-prix\/\",\"name\":\"Pommeau de levier de vitesse en bois \u00ab Grand Prix \u00bb -\",\"isPartOf\":{\"@id\":\"https:\/\/www.automobilia-atelier.de\/fr\/#website\"},\"primaryImageOfPage\":{\"@id\":\"https:\/\/www.automobilia-atelier.de\/fr\/produkt\/pommeau-de-levier-de-vitesse-en-bois-grand-prix\/#primaryimage\"},\"image\":{\"@id\":\"https:\/\/www.automobilia-atelier.de\/fr\/produkt\/pommeau-de-levier-de-vitesse-en-bois-grand-prix\/#primaryimage\"},\"thumbnailUrl\":\"https:\/\/www.automobilia-atelier.de\/wp-content\/uploads\/2021\/04\/DSC9322-scaled.jpg\",\"datePublished\":\"2021-04-09T09:16:08+00:00\",\"breadcrumb\":{\"@id\":\"https:\/\/www.automobilia-atelier.de\/fr\/produkt\/pommeau-de-levier-de-vitesse-en-bois-grand-prix\/#breadcrumb\"},\"inLanguage\":\"fr-FR\",\"potentialAction\":[{\"@type\":\"ReadAction\",\"target\":[\"https:\/\/www.automobilia-atelier.de\/fr\/produkt\/pommeau-de-levier-de-vitesse-en-bois-grand-prix\/\"]}]},{\"@type\":\"ImageObject\",\"inLanguage\":\"fr-FR\",\"@id\":\"https:\/\/www.automobilia-atelier.de\/fr\/produkt\/pommeau-de-levier-de-vitesse-en-bois-grand-prix\/#primaryimage\",\"url\":\"https:\/\/www.automobilia-atelier.de\/wp-content\/uploads\/2021\/04\/DSC9322-scaled.jpg\",\"contentUrl\":\"https:\/\/www.automobilia-atelier.de\/wp-content\/uploads\/2021\/04\/DSC9322-scaled.jpg\",\"width\":2400,\"height\":1600},{\"@type\":\"BreadcrumbList\",\"@id\":\"https:\/\/www.automobilia-atelier.de\/fr\/produkt\/pommeau-de-levier-de-vitesse-en-bois-grand-prix\/#breadcrumb\",\"itemListElement\":[{\"@type\":\"ListItem\",\"position\":1,\"name\":\"Startseite\",\"item\":\"https:\/\/www.automobilia-atelier.de\/fr\/\"},{\"@type\":\"ListItem\",\"position\":2,\"name\":\"Produits\",\"item\":\"https:\/\/www.automobilia-atelier.de\/fr\/shop\/\"},{\"@type\":\"ListItem\",\"position\":3,\"name\":\"Pommeau de levier de vitesse en bois \u00ab Grand Prix \u00bb\"}]},{\"@type\":\"WebSite\",\"@id\":\"https:\/\/www.automobilia-atelier.de\/fr\/#website\",\"url\":\"https:\/\/www.automobilia-atelier.de\/fr\/\",\"name\":\"\",\"description\":\"\",\"potentialAction\":[{\"@type\":\"SearchAction\",\"target\":{\"@type\":\"EntryPoint\",\"urlTemplate\":\"https:\/\/www.automobilia-atelier.de\/fr\/?s={search_term_string}\"},\"query-input\":{\"@type\":\"PropertyValueSpecification\",\"valueRequired\":true,\"valueName\":\"search_term_string\"}}],\"inLanguage\":\"fr-FR\"}]}<\/script>\n<!-- \/ Yoast SEO plugin. -->","yoast_head_json":{"title":"Pommeau de levier de vitesse en bois \u00ab Grand Prix \u00bb -","robots":{"index":"index","follow":"follow","max-snippet":"max-snippet:-1","max-image-preview":"max-image-preview:large","max-video-preview":"max-video-preview:-1"},"canonical":"https:\/\/www.automobilia-atelier.de\/fr\/produkt\/pommeau-de-levier-de-vitesse-en-bois-grand-prix\/","og_locale":"fr_FR","og_type":"article","og_title":"Pommeau de levier de vitesse en bois \u00ab Grand Prix \u00bb -","og_description":"Fabricant : Inconnu Date de production : environ 1970 \u00c9tat : voir photos d\u00e9taill\u00e9es \u2013 Diam\u00e8tre du filetage : environ 14 mm","og_url":"https:\/\/www.automobilia-atelier.de\/fr\/produkt\/pommeau-de-levier-de-vitesse-en-bois-grand-prix\/","og_image":[{"width":2400,"height":1600,"url":"https:\/\/www.automobilia-atelier.de\/wp-content\/uploads\/2021\/04\/DSC9322-scaled.jpg","type":"image\/jpeg"}],"twitter_card":"summary_large_image","schema":{"@context":"https:\/\/schema.org","@graph":[{"@type":"WebPage","@id":"https:\/\/www.automobilia-atelier.de\/fr\/produkt\/pommeau-de-levier-de-vitesse-en-bois-grand-prix\/","url":"https:\/\/www.automobilia-atelier.de\/fr\/produkt\/pommeau-de-levier-de-vitesse-en-bois-grand-prix\/","name":"Pommeau de levier de vitesse en bois \u00ab Grand Prix \u00bb -","isPartOf":{"@id":"https:\/\/www.automobilia-atelier.de\/fr\/#website"},"primaryImageOfPage":{"@id":"https:\/\/www.automobilia-atelier.de\/fr\/produkt\/pommeau-de-levier-de-vitesse-en-bois-grand-prix\/#primaryimage"},"image":{"@id":"https:\/\/www.automobilia-atelier.de\/fr\/produkt\/pommeau-de-levier-de-vitesse-en-bois-grand-prix\/#primaryimage"},"thumbnailUrl":"https:\/\/www.automobilia-atelier.de\/wp-content\/uploads\/2021\/04\/DSC9322-scaled.jpg","datePublished":"2021-04-09T09:16:08+00:00","breadcrumb":{"@id":"https:\/\/www.automobilia-atelier.de\/fr\/produkt\/pommeau-de-levier-de-vitesse-en-bois-grand-prix\/#breadcrumb"},"inLanguage":"fr-FR","potentialAction":[{"@type":"ReadAction","target":["https:\/\/www.automobilia-atelier.de\/fr\/produkt\/pommeau-de-levier-de-vitesse-en-bois-grand-prix\/"]}]},{"@type":"ImageObject","inLanguage":"fr-FR","@id":"https:\/\/www.automobilia-atelier.de\/fr\/produkt\/pommeau-de-levier-de-vitesse-en-bois-grand-prix\/#primaryimage","url":"https:\/\/www.automobilia-atelier.de\/wp-content\/uploads\/2021\/04\/DSC9322-scaled.jpg","contentUrl":"https:\/\/www.automobilia-atelier.de\/wp-content\/uploads\/2021\/04\/DSC9322-scaled.jpg","width":2400,"height":1600},{"@type":"BreadcrumbList","@id":"https:\/\/www.automobilia-atelier.de\/fr\/produkt\/pommeau-de-levier-de-vitesse-en-bois-grand-prix\/#breadcrumb","itemListElement":[{"@type":"ListItem","position":1,"name":"Startseite","item":"https:\/\/www.automobilia-atelier.de\/fr\/"},{"@type":"ListItem","position":2,"name":"Produits","item":"https:\/\/www.automobilia-atelier.de\/fr\/shop\/"},{"@type":"ListItem","position":3,"name":"Pommeau de levier de vitesse en bois \u00ab Grand Prix \u00bb"}]},{"@type":"WebSite","@id":"https:\/\/www.automobilia-atelier.de\/fr\/#website","url":"https:\/\/www.automobilia-atelier.de\/fr\/","name":"","description":"","potentialAction":[{"@type":"SearchAction","target":{"@type":"EntryPoint","urlTemplate":"https:\/\/www.automobilia-atelier.de\/fr\/?s={search_term_string}"},"query-input":{"@type":"PropertyValueSpecification","valueRequired":true,"valueName":"search_term_string"}}],"inLanguage":"fr-FR"}]}},"jetpack_sharing_enabled":true,"_links":{"self":[{"href":"https:\/\/www.automobilia-atelier.de\/fr\/wp-json\/wp\/v2\/product\/17200","targetHints":{"allow":["GET"]}}],"collection":[{"href":"https:\/\/www.automobilia-atelier.de\/fr\/wp-json\/wp\/v2\/product"}],"about":[{"href":"https:\/\/www.automobilia-atelier.de\/fr\/wp-json\/wp\/v2\/types\/product"}],"wp:featuredmedia":[{"embeddable":true,"href":"https:\/\/www.automobilia-atelier.de\/fr\/wp-json\/wp\/v2\/media\/17203"}],"wp:attachment":[{"href":"https:\/\/www.automobilia-atelier.de\/fr\/wp-json\/wp\/v2\/media?parent=17200"}],"wp:term":[{"taxonomy":"product_brand","embeddable":true,"href":"https:\/\/www.automobilia-atelier.de\/fr\/wp-json\/wp\/v2\/product_brand?post=17200"},{"taxonomy":"product_cat","embeddable":true,"href":"https:\/\/www.automobilia-atelier.de\/fr\/wp-json\/wp\/v2\/product_cat?post=17200"},{"taxonomy":"product_tag","embeddable":true,"href":"https:\/\/www.automobilia-atelier.de\/fr\/wp-json\/wp\/v2\/product_tag?post=17200"}],"curies":[{"name":"wp","href":"https:\/\/api.w.org\/{rel}","templated":true}]}}