{"id":17299,"date":"2021-09-25T22:20:30","date_gmt":"2021-09-25T20:20:30","guid":{"rendered":"https:\/\/www.automobilia-atelier.de\/produkt\/nardi-anneau-de-klaxon-personnel-anneau-de-moyeu-6x74-mm\/"},"modified":"2025-08-22T14:33:40","modified_gmt":"2025-08-22T12:33:40","slug":"nardi-anneau-de-klaxon-personnel-anneau-de-moyeu-6x74-mm","status":"publish","type":"product","link":"https:\/\/www.automobilia-atelier.de\/fr\/produkt\/nardi-anneau-de-klaxon-personnel-anneau-de-moyeu-6x74-mm\/","title":{"rendered":"Nardi \/ Anneau de klaxon personnel \u2013 anneau de moyeu 6&#215;74 mm"},"content":{"rendered":"<p><strong>BAGUES IDENTIQUES EN STOCK \u2013 L&rsquo;\u00c9TAT DES MARCHANDISES LIVR\u00c9ES PEUT VARIER L\u00c9G\u00c8REMENT PAR RAPPORT AUX PHOTOS<\/strong><\/p>\n<p><strong>Fabricant :<\/strong> Nardi \/ Personal<br \/>\n<strong>\u00c9tat :<\/strong> voir photos d\u00e9taill\u00e9es<br \/>\n<strong>Pr\u00e9cision d&rsquo;ajustement :<\/strong> cercle de boulonnage = 6&#215;74 mm<\/p>\n<div class=\"woocommerce-tabs wc-tabs-wrapper\">\n<div id=\"tab-description\" class=\"woocommerce-Tabs-panel woocommerce-Tabs-panel--description panel entry-content wc-tab\" role=\"tabpanel\" aria-labelledby=\"tab-title-description\">\n<p><strong>Remarque :<\/strong> cet article doit \u00eatre install\u00e9 exclusivement par du personnel qualifi\u00e9<\/p>\n<\/div>\n<\/div>\n","protected":false},"excerpt":{"rendered":"<p>BAGUES IDENTIQUES EN STOCK \u2013 L&rsquo;\u00c9TAT DES MARCHANDISES LIVR\u00c9ES PEUT VARIER L\u00c9G\u00c8REMENT PAR RAPPORT AUX PHOTOS Fabricant : Nardi \/ Personal \u00c9tat : voir photos d\u00e9taill\u00e9es Pr\u00e9cision d&rsquo;ajustement : cercle de boulonnage = 6&#215;74 mm Remarque : cet article doit \u00eatre install\u00e9 exclusivement par du personnel qualifi\u00e9<\/p>\n","protected":false},"featured_media":20646,"template":"","meta":{"inline_featured_image":false,"_monsterinsights_skip_tracking":false,"_monsterinsights_sitenote_active":false,"_monsterinsights_sitenote_note":"","_monsterinsights_sitenote_category":0},"product_brand":[],"product_cat":[261,236],"product_tag":[],"class_list":{"0":"post-17299","1":"product","2":"type-product","3":"status-publish","4":"has-post-thumbnail","6":"product_cat-accessoires","7":"product_cat-pieces-de-vehicules-classiques","9":"first","10":"outofstock","11":"sold-individually","12":"product-type-simple"},"yoast_head":"<!-- This site is optimized with the Yoast SEO plugin v24.7 - https:\/\/yoast.com\/wordpress\/plugins\/seo\/ -->\n<title>Nardi \/ Anneau de klaxon personnel - anneau de moyeu 6x74 mm -<\/title>\n<meta name=\"robots\" content=\"index, follow, max-snippet:-1, max-image-preview:large, max-video-preview:-1\" \/>\n<link rel=\"canonical\" href=\"https:\/\/www.automobilia-atelier.de\/fr\/produkt\/nardi-anneau-de-klaxon-personnel-anneau-de-moyeu-6x74-mm\/\" \/>\n<meta property=\"og:locale\" content=\"fr_FR\" \/>\n<meta property=\"og:type\" content=\"article\" \/>\n<meta property=\"og:title\" content=\"Nardi \/ Anneau de klaxon personnel - anneau de moyeu 6x74 mm -\" \/>\n<meta property=\"og:description\" content=\"BAGUES IDENTIQUES EN STOCK \u2013 L&rsquo;\u00c9TAT DES MARCHANDISES LIVR\u00c9ES PEUT VARIER L\u00c9G\u00c8REMENT PAR RAPPORT AUX PHOTOS Fabricant : Nardi \/ Personal \u00c9tat : voir photos d\u00e9taill\u00e9es Pr\u00e9cision d&rsquo;ajustement : cercle de boulonnage = 6&#215;74 mm Remarque : cet article doit \u00eatre install\u00e9 exclusivement par du personnel qualifi\u00e9\" \/>\n<meta property=\"og:url\" content=\"https:\/\/www.automobilia-atelier.de\/fr\/produkt\/nardi-anneau-de-klaxon-personnel-anneau-de-moyeu-6x74-mm\/\" \/>\n<meta property=\"article:modified_time\" content=\"2025-08-22T12:33:40+00:00\" \/>\n<meta property=\"og:image\" content=\"https:\/\/www.automobilia-atelier.de\/wp-content\/uploads\/2021\/09\/DSC9546-scaled.jpg\" \/>\n\t<meta property=\"og:image:width\" content=\"2400\" \/>\n\t<meta property=\"og:image:height\" content=\"1600\" \/>\n\t<meta property=\"og:image:type\" content=\"image\/jpeg\" \/>\n<meta name=\"twitter:card\" content=\"summary_large_image\" \/>\n<script type=\"application\/ld+json\" class=\"yoast-schema-graph\">{\"@context\":\"https:\/\/schema.org\",\"@graph\":[{\"@type\":\"WebPage\",\"@id\":\"https:\/\/www.automobilia-atelier.de\/fr\/produkt\/nardi-anneau-de-klaxon-personnel-anneau-de-moyeu-6x74-mm\/\",\"url\":\"https:\/\/www.automobilia-atelier.de\/fr\/produkt\/nardi-anneau-de-klaxon-personnel-anneau-de-moyeu-6x74-mm\/\",\"name\":\"Nardi \/ Anneau de klaxon personnel - anneau de moyeu 6x74 mm -\",\"isPartOf\":{\"@id\":\"https:\/\/www.automobilia-atelier.de\/fr\/#website\"},\"primaryImageOfPage\":{\"@id\":\"https:\/\/www.automobilia-atelier.de\/fr\/produkt\/nardi-anneau-de-klaxon-personnel-anneau-de-moyeu-6x74-mm\/#primaryimage\"},\"image\":{\"@id\":\"https:\/\/www.automobilia-atelier.de\/fr\/produkt\/nardi-anneau-de-klaxon-personnel-anneau-de-moyeu-6x74-mm\/#primaryimage\"},\"thumbnailUrl\":\"https:\/\/www.automobilia-atelier.de\/wp-content\/uploads\/2021\/09\/DSC9546-scaled.jpg\",\"datePublished\":\"2021-09-25T20:20:30+00:00\",\"dateModified\":\"2025-08-22T12:33:40+00:00\",\"breadcrumb\":{\"@id\":\"https:\/\/www.automobilia-atelier.de\/fr\/produkt\/nardi-anneau-de-klaxon-personnel-anneau-de-moyeu-6x74-mm\/#breadcrumb\"},\"inLanguage\":\"fr-FR\",\"potentialAction\":[{\"@type\":\"ReadAction\",\"target\":[\"https:\/\/www.automobilia-atelier.de\/fr\/produkt\/nardi-anneau-de-klaxon-personnel-anneau-de-moyeu-6x74-mm\/\"]}]},{\"@type\":\"ImageObject\",\"inLanguage\":\"fr-FR\",\"@id\":\"https:\/\/www.automobilia-atelier.de\/fr\/produkt\/nardi-anneau-de-klaxon-personnel-anneau-de-moyeu-6x74-mm\/#primaryimage\",\"url\":\"https:\/\/www.automobilia-atelier.de\/wp-content\/uploads\/2021\/09\/DSC9546-scaled.jpg\",\"contentUrl\":\"https:\/\/www.automobilia-atelier.de\/wp-content\/uploads\/2021\/09\/DSC9546-scaled.jpg\",\"width\":2400,\"height\":1600},{\"@type\":\"BreadcrumbList\",\"@id\":\"https:\/\/www.automobilia-atelier.de\/fr\/produkt\/nardi-anneau-de-klaxon-personnel-anneau-de-moyeu-6x74-mm\/#breadcrumb\",\"itemListElement\":[{\"@type\":\"ListItem\",\"position\":1,\"name\":\"Startseite\",\"item\":\"https:\/\/www.automobilia-atelier.de\/fr\/\"},{\"@type\":\"ListItem\",\"position\":2,\"name\":\"Produits\",\"item\":\"https:\/\/www.automobilia-atelier.de\/fr\/shop\/\"},{\"@type\":\"ListItem\",\"position\":3,\"name\":\"Nardi \/ Anneau de klaxon personnel \u2013 anneau de moyeu 6&#215;74 mm\"}]},{\"@type\":\"WebSite\",\"@id\":\"https:\/\/www.automobilia-atelier.de\/fr\/#website\",\"url\":\"https:\/\/www.automobilia-atelier.de\/fr\/\",\"name\":\"\",\"description\":\"\",\"potentialAction\":[{\"@type\":\"SearchAction\",\"target\":{\"@type\":\"EntryPoint\",\"urlTemplate\":\"https:\/\/www.automobilia-atelier.de\/fr\/?s={search_term_string}\"},\"query-input\":{\"@type\":\"PropertyValueSpecification\",\"valueRequired\":true,\"valueName\":\"search_term_string\"}}],\"inLanguage\":\"fr-FR\"}]}<\/script>\n<!-- \/ Yoast SEO plugin. -->","yoast_head_json":{"title":"Nardi \/ Anneau de klaxon personnel - anneau de moyeu 6x74 mm -","robots":{"index":"index","follow":"follow","max-snippet":"max-snippet:-1","max-image-preview":"max-image-preview:large","max-video-preview":"max-video-preview:-1"},"canonical":"https:\/\/www.automobilia-atelier.de\/fr\/produkt\/nardi-anneau-de-klaxon-personnel-anneau-de-moyeu-6x74-mm\/","og_locale":"fr_FR","og_type":"article","og_title":"Nardi \/ Anneau de klaxon personnel - anneau de moyeu 6x74 mm -","og_description":"BAGUES IDENTIQUES EN STOCK \u2013 L&rsquo;\u00c9TAT DES MARCHANDISES LIVR\u00c9ES PEUT VARIER L\u00c9G\u00c8REMENT PAR RAPPORT AUX PHOTOS Fabricant : Nardi \/ Personal \u00c9tat : voir photos d\u00e9taill\u00e9es Pr\u00e9cision d&rsquo;ajustement : cercle de boulonnage = 6&#215;74 mm Remarque : cet article doit \u00eatre install\u00e9 exclusivement par du personnel qualifi\u00e9","og_url":"https:\/\/www.automobilia-atelier.de\/fr\/produkt\/nardi-anneau-de-klaxon-personnel-anneau-de-moyeu-6x74-mm\/","article_modified_time":"2025-08-22T12:33:40+00:00","og_image":[{"width":2400,"height":1600,"url":"https:\/\/www.automobilia-atelier.de\/wp-content\/uploads\/2021\/09\/DSC9546-scaled.jpg","type":"image\/jpeg"}],"twitter_card":"summary_large_image","schema":{"@context":"https:\/\/schema.org","@graph":[{"@type":"WebPage","@id":"https:\/\/www.automobilia-atelier.de\/fr\/produkt\/nardi-anneau-de-klaxon-personnel-anneau-de-moyeu-6x74-mm\/","url":"https:\/\/www.automobilia-atelier.de\/fr\/produkt\/nardi-anneau-de-klaxon-personnel-anneau-de-moyeu-6x74-mm\/","name":"Nardi \/ Anneau de klaxon personnel - anneau de moyeu 6x74 mm -","isPartOf":{"@id":"https:\/\/www.automobilia-atelier.de\/fr\/#website"},"primaryImageOfPage":{"@id":"https:\/\/www.automobilia-atelier.de\/fr\/produkt\/nardi-anneau-de-klaxon-personnel-anneau-de-moyeu-6x74-mm\/#primaryimage"},"image":{"@id":"https:\/\/www.automobilia-atelier.de\/fr\/produkt\/nardi-anneau-de-klaxon-personnel-anneau-de-moyeu-6x74-mm\/#primaryimage"},"thumbnailUrl":"https:\/\/www.automobilia-atelier.de\/wp-content\/uploads\/2021\/09\/DSC9546-scaled.jpg","datePublished":"2021-09-25T20:20:30+00:00","dateModified":"2025-08-22T12:33:40+00:00","breadcrumb":{"@id":"https:\/\/www.automobilia-atelier.de\/fr\/produkt\/nardi-anneau-de-klaxon-personnel-anneau-de-moyeu-6x74-mm\/#breadcrumb"},"inLanguage":"fr-FR","potentialAction":[{"@type":"ReadAction","target":["https:\/\/www.automobilia-atelier.de\/fr\/produkt\/nardi-anneau-de-klaxon-personnel-anneau-de-moyeu-6x74-mm\/"]}]},{"@type":"ImageObject","inLanguage":"fr-FR","@id":"https:\/\/www.automobilia-atelier.de\/fr\/produkt\/nardi-anneau-de-klaxon-personnel-anneau-de-moyeu-6x74-mm\/#primaryimage","url":"https:\/\/www.automobilia-atelier.de\/wp-content\/uploads\/2021\/09\/DSC9546-scaled.jpg","contentUrl":"https:\/\/www.automobilia-atelier.de\/wp-content\/uploads\/2021\/09\/DSC9546-scaled.jpg","width":2400,"height":1600},{"@type":"BreadcrumbList","@id":"https:\/\/www.automobilia-atelier.de\/fr\/produkt\/nardi-anneau-de-klaxon-personnel-anneau-de-moyeu-6x74-mm\/#breadcrumb","itemListElement":[{"@type":"ListItem","position":1,"name":"Startseite","item":"https:\/\/www.automobilia-atelier.de\/fr\/"},{"@type":"ListItem","position":2,"name":"Produits","item":"https:\/\/www.automobilia-atelier.de\/fr\/shop\/"},{"@type":"ListItem","position":3,"name":"Nardi \/ Anneau de klaxon personnel \u2013 anneau de moyeu 6&#215;74 mm"}]},{"@type":"WebSite","@id":"https:\/\/www.automobilia-atelier.de\/fr\/#website","url":"https:\/\/www.automobilia-atelier.de\/fr\/","name":"","description":"","potentialAction":[{"@type":"SearchAction","target":{"@type":"EntryPoint","urlTemplate":"https:\/\/www.automobilia-atelier.de\/fr\/?s={search_term_string}"},"query-input":{"@type":"PropertyValueSpecification","valueRequired":true,"valueName":"search_term_string"}}],"inLanguage":"fr-FR"}]}},"jetpack_sharing_enabled":true,"_links":{"self":[{"href":"https:\/\/www.automobilia-atelier.de\/fr\/wp-json\/wp\/v2\/product\/17299","targetHints":{"allow":["GET"]}}],"collection":[{"href":"https:\/\/www.automobilia-atelier.de\/fr\/wp-json\/wp\/v2\/product"}],"about":[{"href":"https:\/\/www.automobilia-atelier.de\/fr\/wp-json\/wp\/v2\/types\/product"}],"wp:featuredmedia":[{"embeddable":true,"href":"https:\/\/www.automobilia-atelier.de\/fr\/wp-json\/wp\/v2\/media\/20646"}],"wp:attachment":[{"href":"https:\/\/www.automobilia-atelier.de\/fr\/wp-json\/wp\/v2\/media?parent=17299"}],"wp:term":[{"taxonomy":"product_brand","embeddable":true,"href":"https:\/\/www.automobilia-atelier.de\/fr\/wp-json\/wp\/v2\/product_brand?post=17299"},{"taxonomy":"product_cat","embeddable":true,"href":"https:\/\/www.automobilia-atelier.de\/fr\/wp-json\/wp\/v2\/product_cat?post=17299"},{"taxonomy":"product_tag","embeddable":true,"href":"https:\/\/www.automobilia-atelier.de\/fr\/wp-json\/wp\/v2\/product_tag?post=17299"}],"curies":[{"name":"wp","href":"https:\/\/api.w.org\/{rel}","templated":true}]}}