{"id":17317,"date":"2022-09-24T08:37:29","date_gmt":"2022-09-24T06:37:29","guid":{"rendered":"https:\/\/www.automobilia-atelier.de\/produkt\/moyeu-de-volant-momo-l-8014-vw-golf-corrado-jetta-passat-scirocco-polo\/"},"modified":"2022-09-24T08:37:29","modified_gmt":"2022-09-24T06:37:29","slug":"moyeu-de-volant-momo-l-8014-vw-golf-corrado-jetta-passat-scirocco-polo","status":"publish","type":"product","link":"https:\/\/www.automobilia-atelier.de\/fr\/produkt\/moyeu-de-volant-momo-l-8014-vw-golf-corrado-jetta-passat-scirocco-polo\/","title":{"rendered":"Moyeu de volant MOMO (L 8014) VW Golf \/ Corrado \/ Jetta \/ Passat \/ Scirocco \/ Polo"},"content":{"rendered":"<p><strong>LES IMAGES PR\u00c9SENT\u00c9ES SONT \u00c0 TITRE DE R\u00c9F\u00c9RENCE UNIQUEMENT, LE PRODUIT R\u00c9EL PEUT VARIER.<\/strong><\/p>\n<p><strong>Fabricant :<\/strong> MOMO<br \/>\n<strong>\u00c9tat :<\/strong> voir photos d\u00e9taill\u00e9es<br \/>\n<strong>Montage :<\/strong> moyeu n\u00b0 L 8014<\/p>\n<ul>\n<li>Seat Ibiza 6K<\/li>\n<li>Si\u00e8ge Cordoba<\/li>\n<li>VW Corrado \u2013 53i \u2013 \u00e0 partir du ch\u00e2ssis n\u00b0 50-K-003001 (\u00e0 partir de l&rsquo;ann\u00e9e mod\u00e8le 89)<\/li>\n<li>VW Golf 1 + Cabriolet \u2013 155, \u00e0 partir du ch\u00e2ssis n\u00b0 15K-009651 (\u00e0 partir de l&rsquo;ann\u00e9e mod\u00e8le 89)<\/li>\n<li>VW Caddy + Pickup \u2013 14D<\/li>\n<li>VW Golf 2 \/ Jetta 2 \u2013 19E, G60, \u00e0 partir du ch\u00e2ssis n\u00b0 1GKW272001 1GKB055693 (\u00e0 partir de l&rsquo;ann\u00e9e 89) <\/li>\n<li>VW Golf 2 Syncro \/ Rallye \/ Country \u2013 \u00e0 partir du ch\u00e2ssis n\u00b0 1GKW272001, 1GKB055693 (\u00e0 partir de l&rsquo;ann\u00e9e 89) <\/li>\n<li>VW Jetta 2 Syncro \u2013 19E-299, \u00e0 partir du ch\u00e2ssis n\u00b0 1GKW272001, 1GKB055693 (\u00e0 partir de l&rsquo;ann\u00e9e 89)<\/li>\n<li>VW Golf 3 Variant \/ Cabriolet \/ Vento \u2013 1EXO, 1HX1, 1HXO, 1HXOF, HXOE avec ou sans colonne de direction r\u00e9glable en angle<\/li>\n<li>VW Passat \u2013 35i, 35i-299, \u00e0 partir du ch\u00e2ssis n\u00b0 31-K-089316 sans colonne de direction r\u00e9glable en angle (\u00e0 partir de l&rsquo;ann\u00e9e mod\u00e8le 89)<\/li>\n<li>VW Polo \/ Polo Coup\u00e9 \/ Polo Hatchback \/ Derby \u2013 86C, \u00e0 partir du ch\u00e2ssis n\u00b0 80K-000001 (\u00e0 partir de 8\/90)<\/li>\n<li>VW Polo \u2013 6N<\/li>\n<li>VW Scirocco \u2013 53B, \u00e0 partir du ch\u00e2ssis n\u00b0 53K-020790 (\u00e0 partir de l&rsquo;ann\u00e9e 89)<\/li>\n<\/ul>\n<p>&nbsp;<\/p>\n","protected":false},"excerpt":{"rendered":"<p>LES IMAGES PR\u00c9SENT\u00c9ES SONT \u00c0 TITRE DE R\u00c9F\u00c9RENCE UNIQUEMENT, LE PRODUIT R\u00c9EL PEUT VARIER. Fabricant : MOMO \u00c9tat : voir photos d\u00e9taill\u00e9es Montage : moyeu n\u00b0 L 8014 Seat Ibiza 6K Si\u00e8ge Cordoba VW Corrado \u2013 53i \u2013 \u00e0 partir du ch\u00e2ssis n\u00b0 50-K-003001 (\u00e0 partir de l&rsquo;ann\u00e9e mod\u00e8le 89) VW Golf 1 + Cabriolet &hellip; <a href=\"https:\/\/www.automobilia-atelier.de\/fr\/produkt\/moyeu-de-volant-momo-l-8014-vw-golf-corrado-jetta-passat-scirocco-polo\/\" class=\"more-link\">Continuer \u00e0 lire <span class=\"screen-reader-text\">Moyeu de volant MOMO (L 8014) VW Golf \/ Corrado \/ Jetta \/ Passat \/ Scirocco \/ Polo<\/span> <span class=\"meta-nav\">\u2192<\/span><\/a><\/p>\n","protected":false},"featured_media":17321,"template":"","meta":{"inline_featured_image":false,"_monsterinsights_skip_tracking":false,"_monsterinsights_sitenote_active":false,"_monsterinsights_sitenote_note":"","_monsterinsights_sitenote_category":0},"product_brand":[],"product_cat":[253,252],"product_tag":[],"class_list":{"0":"post-17317","1":"product","2":"type-product","3":"status-publish","4":"has-post-thumbnail","6":"product_cat-momo-fr-2","7":"product_cat-moyeux-de-volant","9":"first","10":"outofstock","11":"sold-individually","12":"product-type-simple"},"yoast_head":"<!-- This site is optimized with the Yoast SEO plugin v24.7 - https:\/\/yoast.com\/wordpress\/plugins\/seo\/ -->\n<title>Moyeu de volant MOMO (L 8014) VW Golf \/ Corrado \/ Jetta \/ Passat \/ Scirocco \/ Polo -<\/title>\n<meta name=\"robots\" content=\"index, follow, max-snippet:-1, max-image-preview:large, max-video-preview:-1\" \/>\n<link rel=\"canonical\" href=\"https:\/\/www.automobilia-atelier.de\/fr\/produkt\/moyeu-de-volant-momo-l-8014-vw-golf-corrado-jetta-passat-scirocco-polo\/\" \/>\n<meta property=\"og:locale\" content=\"fr_FR\" \/>\n<meta property=\"og:type\" content=\"article\" \/>\n<meta property=\"og:title\" content=\"Moyeu de volant MOMO (L 8014) VW Golf \/ Corrado \/ Jetta \/ Passat \/ Scirocco \/ Polo -\" \/>\n<meta property=\"og:description\" content=\"LES IMAGES PR\u00c9SENT\u00c9ES SONT \u00c0 TITRE DE R\u00c9F\u00c9RENCE UNIQUEMENT, LE PRODUIT R\u00c9EL PEUT VARIER. Fabricant : MOMO \u00c9tat : voir photos d\u00e9taill\u00e9es Montage : moyeu n\u00b0 L 8014 Seat Ibiza 6K Si\u00e8ge Cordoba VW Corrado \u2013 53i \u2013 \u00e0 partir du ch\u00e2ssis n\u00b0 50-K-003001 (\u00e0 partir de l&rsquo;ann\u00e9e mod\u00e8le 89) VW Golf 1 + Cabriolet &hellip; Continuer \u00e0 lire Moyeu de volant MOMO (L 8014) VW Golf \/ Corrado \/ Jetta \/ Passat \/ Scirocco \/ Polo \u2192\" \/>\n<meta property=\"og:url\" content=\"https:\/\/www.automobilia-atelier.de\/fr\/produkt\/moyeu-de-volant-momo-l-8014-vw-golf-corrado-jetta-passat-scirocco-polo\/\" \/>\n<meta property=\"og:image\" content=\"https:\/\/www.automobilia-atelier.de\/wp-content\/uploads\/2021\/09\/DSC1478-scaled.jpg\" \/>\n\t<meta property=\"og:image:width\" content=\"2400\" \/>\n\t<meta property=\"og:image:height\" content=\"1600\" \/>\n\t<meta property=\"og:image:type\" content=\"image\/jpeg\" \/>\n<meta name=\"twitter:card\" content=\"summary_large_image\" \/>\n<meta name=\"twitter:label1\" content=\"Dur\u00e9e de lecture estim\u00e9e\" \/>\n\t<meta name=\"twitter:data1\" content=\"1 minute\" \/>\n<script type=\"application\/ld+json\" class=\"yoast-schema-graph\">{\"@context\":\"https:\/\/schema.org\",\"@graph\":[{\"@type\":\"WebPage\",\"@id\":\"https:\/\/www.automobilia-atelier.de\/fr\/produkt\/moyeu-de-volant-momo-l-8014-vw-golf-corrado-jetta-passat-scirocco-polo\/\",\"url\":\"https:\/\/www.automobilia-atelier.de\/fr\/produkt\/moyeu-de-volant-momo-l-8014-vw-golf-corrado-jetta-passat-scirocco-polo\/\",\"name\":\"Moyeu de volant MOMO (L 8014) VW Golf \/ Corrado \/ Jetta \/ Passat \/ Scirocco \/ Polo -\",\"isPartOf\":{\"@id\":\"https:\/\/www.automobilia-atelier.de\/fr\/#website\"},\"primaryImageOfPage\":{\"@id\":\"https:\/\/www.automobilia-atelier.de\/fr\/produkt\/moyeu-de-volant-momo-l-8014-vw-golf-corrado-jetta-passat-scirocco-polo\/#primaryimage\"},\"image\":{\"@id\":\"https:\/\/www.automobilia-atelier.de\/fr\/produkt\/moyeu-de-volant-momo-l-8014-vw-golf-corrado-jetta-passat-scirocco-polo\/#primaryimage\"},\"thumbnailUrl\":\"https:\/\/www.automobilia-atelier.de\/wp-content\/uploads\/2021\/09\/DSC1478-scaled.jpg\",\"datePublished\":\"2022-09-24T06:37:29+00:00\",\"breadcrumb\":{\"@id\":\"https:\/\/www.automobilia-atelier.de\/fr\/produkt\/moyeu-de-volant-momo-l-8014-vw-golf-corrado-jetta-passat-scirocco-polo\/#breadcrumb\"},\"inLanguage\":\"fr-FR\",\"potentialAction\":[{\"@type\":\"ReadAction\",\"target\":[\"https:\/\/www.automobilia-atelier.de\/fr\/produkt\/moyeu-de-volant-momo-l-8014-vw-golf-corrado-jetta-passat-scirocco-polo\/\"]}]},{\"@type\":\"ImageObject\",\"inLanguage\":\"fr-FR\",\"@id\":\"https:\/\/www.automobilia-atelier.de\/fr\/produkt\/moyeu-de-volant-momo-l-8014-vw-golf-corrado-jetta-passat-scirocco-polo\/#primaryimage\",\"url\":\"https:\/\/www.automobilia-atelier.de\/wp-content\/uploads\/2021\/09\/DSC1478-scaled.jpg\",\"contentUrl\":\"https:\/\/www.automobilia-atelier.de\/wp-content\/uploads\/2021\/09\/DSC1478-scaled.jpg\",\"width\":2400,\"height\":1600},{\"@type\":\"BreadcrumbList\",\"@id\":\"https:\/\/www.automobilia-atelier.de\/fr\/produkt\/moyeu-de-volant-momo-l-8014-vw-golf-corrado-jetta-passat-scirocco-polo\/#breadcrumb\",\"itemListElement\":[{\"@type\":\"ListItem\",\"position\":1,\"name\":\"Startseite\",\"item\":\"https:\/\/www.automobilia-atelier.de\/fr\/\"},{\"@type\":\"ListItem\",\"position\":2,\"name\":\"Produits\",\"item\":\"https:\/\/www.automobilia-atelier.de\/fr\/shop\/\"},{\"@type\":\"ListItem\",\"position\":3,\"name\":\"Moyeu de volant MOMO (L 8014) VW Golf \/ Corrado \/ Jetta \/ Passat \/ Scirocco \/ Polo\"}]},{\"@type\":\"WebSite\",\"@id\":\"https:\/\/www.automobilia-atelier.de\/fr\/#website\",\"url\":\"https:\/\/www.automobilia-atelier.de\/fr\/\",\"name\":\"\",\"description\":\"\",\"potentialAction\":[{\"@type\":\"SearchAction\",\"target\":{\"@type\":\"EntryPoint\",\"urlTemplate\":\"https:\/\/www.automobilia-atelier.de\/fr\/?s={search_term_string}\"},\"query-input\":{\"@type\":\"PropertyValueSpecification\",\"valueRequired\":true,\"valueName\":\"search_term_string\"}}],\"inLanguage\":\"fr-FR\"}]}<\/script>\n<!-- \/ Yoast SEO plugin. -->","yoast_head_json":{"title":"Moyeu de volant MOMO (L 8014) VW Golf \/ Corrado \/ Jetta \/ Passat \/ Scirocco \/ Polo -","robots":{"index":"index","follow":"follow","max-snippet":"max-snippet:-1","max-image-preview":"max-image-preview:large","max-video-preview":"max-video-preview:-1"},"canonical":"https:\/\/www.automobilia-atelier.de\/fr\/produkt\/moyeu-de-volant-momo-l-8014-vw-golf-corrado-jetta-passat-scirocco-polo\/","og_locale":"fr_FR","og_type":"article","og_title":"Moyeu de volant MOMO (L 8014) VW Golf \/ Corrado \/ Jetta \/ Passat \/ Scirocco \/ Polo -","og_description":"LES IMAGES PR\u00c9SENT\u00c9ES SONT \u00c0 TITRE DE R\u00c9F\u00c9RENCE UNIQUEMENT, LE PRODUIT R\u00c9EL PEUT VARIER. Fabricant : MOMO \u00c9tat : voir photos d\u00e9taill\u00e9es Montage : moyeu n\u00b0 L 8014 Seat Ibiza 6K Si\u00e8ge Cordoba VW Corrado \u2013 53i \u2013 \u00e0 partir du ch\u00e2ssis n\u00b0 50-K-003001 (\u00e0 partir de l&rsquo;ann\u00e9e mod\u00e8le 89) VW Golf 1 + Cabriolet &hellip; Continuer \u00e0 lire Moyeu de volant MOMO (L 8014) VW Golf \/ Corrado \/ Jetta \/ Passat \/ Scirocco \/ Polo \u2192","og_url":"https:\/\/www.automobilia-atelier.de\/fr\/produkt\/moyeu-de-volant-momo-l-8014-vw-golf-corrado-jetta-passat-scirocco-polo\/","og_image":[{"width":2400,"height":1600,"url":"https:\/\/www.automobilia-atelier.de\/wp-content\/uploads\/2021\/09\/DSC1478-scaled.jpg","type":"image\/jpeg"}],"twitter_card":"summary_large_image","twitter_misc":{"Dur\u00e9e de lecture estim\u00e9e":"1 minute"},"schema":{"@context":"https:\/\/schema.org","@graph":[{"@type":"WebPage","@id":"https:\/\/www.automobilia-atelier.de\/fr\/produkt\/moyeu-de-volant-momo-l-8014-vw-golf-corrado-jetta-passat-scirocco-polo\/","url":"https:\/\/www.automobilia-atelier.de\/fr\/produkt\/moyeu-de-volant-momo-l-8014-vw-golf-corrado-jetta-passat-scirocco-polo\/","name":"Moyeu de volant MOMO (L 8014) VW Golf \/ Corrado \/ Jetta \/ Passat \/ Scirocco \/ Polo -","isPartOf":{"@id":"https:\/\/www.automobilia-atelier.de\/fr\/#website"},"primaryImageOfPage":{"@id":"https:\/\/www.automobilia-atelier.de\/fr\/produkt\/moyeu-de-volant-momo-l-8014-vw-golf-corrado-jetta-passat-scirocco-polo\/#primaryimage"},"image":{"@id":"https:\/\/www.automobilia-atelier.de\/fr\/produkt\/moyeu-de-volant-momo-l-8014-vw-golf-corrado-jetta-passat-scirocco-polo\/#primaryimage"},"thumbnailUrl":"https:\/\/www.automobilia-atelier.de\/wp-content\/uploads\/2021\/09\/DSC1478-scaled.jpg","datePublished":"2022-09-24T06:37:29+00:00","breadcrumb":{"@id":"https:\/\/www.automobilia-atelier.de\/fr\/produkt\/moyeu-de-volant-momo-l-8014-vw-golf-corrado-jetta-passat-scirocco-polo\/#breadcrumb"},"inLanguage":"fr-FR","potentialAction":[{"@type":"ReadAction","target":["https:\/\/www.automobilia-atelier.de\/fr\/produkt\/moyeu-de-volant-momo-l-8014-vw-golf-corrado-jetta-passat-scirocco-polo\/"]}]},{"@type":"ImageObject","inLanguage":"fr-FR","@id":"https:\/\/www.automobilia-atelier.de\/fr\/produkt\/moyeu-de-volant-momo-l-8014-vw-golf-corrado-jetta-passat-scirocco-polo\/#primaryimage","url":"https:\/\/www.automobilia-atelier.de\/wp-content\/uploads\/2021\/09\/DSC1478-scaled.jpg","contentUrl":"https:\/\/www.automobilia-atelier.de\/wp-content\/uploads\/2021\/09\/DSC1478-scaled.jpg","width":2400,"height":1600},{"@type":"BreadcrumbList","@id":"https:\/\/www.automobilia-atelier.de\/fr\/produkt\/moyeu-de-volant-momo-l-8014-vw-golf-corrado-jetta-passat-scirocco-polo\/#breadcrumb","itemListElement":[{"@type":"ListItem","position":1,"name":"Startseite","item":"https:\/\/www.automobilia-atelier.de\/fr\/"},{"@type":"ListItem","position":2,"name":"Produits","item":"https:\/\/www.automobilia-atelier.de\/fr\/shop\/"},{"@type":"ListItem","position":3,"name":"Moyeu de volant MOMO (L 8014) VW Golf \/ Corrado \/ Jetta \/ Passat \/ Scirocco \/ Polo"}]},{"@type":"WebSite","@id":"https:\/\/www.automobilia-atelier.de\/fr\/#website","url":"https:\/\/www.automobilia-atelier.de\/fr\/","name":"","description":"","potentialAction":[{"@type":"SearchAction","target":{"@type":"EntryPoint","urlTemplate":"https:\/\/www.automobilia-atelier.de\/fr\/?s={search_term_string}"},"query-input":{"@type":"PropertyValueSpecification","valueRequired":true,"valueName":"search_term_string"}}],"inLanguage":"fr-FR"}]}},"jetpack_sharing_enabled":true,"_links":{"self":[{"href":"https:\/\/www.automobilia-atelier.de\/fr\/wp-json\/wp\/v2\/product\/17317","targetHints":{"allow":["GET"]}}],"collection":[{"href":"https:\/\/www.automobilia-atelier.de\/fr\/wp-json\/wp\/v2\/product"}],"about":[{"href":"https:\/\/www.automobilia-atelier.de\/fr\/wp-json\/wp\/v2\/types\/product"}],"wp:featuredmedia":[{"embeddable":true,"href":"https:\/\/www.automobilia-atelier.de\/fr\/wp-json\/wp\/v2\/media\/17321"}],"wp:attachment":[{"href":"https:\/\/www.automobilia-atelier.de\/fr\/wp-json\/wp\/v2\/media?parent=17317"}],"wp:term":[{"taxonomy":"product_brand","embeddable":true,"href":"https:\/\/www.automobilia-atelier.de\/fr\/wp-json\/wp\/v2\/product_brand?post=17317"},{"taxonomy":"product_cat","embeddable":true,"href":"https:\/\/www.automobilia-atelier.de\/fr\/wp-json\/wp\/v2\/product_cat?post=17317"},{"taxonomy":"product_tag","embeddable":true,"href":"https:\/\/www.automobilia-atelier.de\/fr\/wp-json\/wp\/v2\/product_tag?post=17317"}],"curies":[{"name":"wp","href":"https:\/\/api.w.org\/{rel}","templated":true}]}}