{"id":17357,"date":"2021-10-29T09:28:50","date_gmt":"2021-10-29T07:28:50","guid":{"rendered":"https:\/\/www.automobilia-atelier.de\/produkt\/volant-momo-porsche-911-993-3-8-carrera-clubsport-rs-1994\/"},"modified":"2021-10-29T09:28:50","modified_gmt":"2021-10-29T07:28:50","slug":"volant-momo-porsche-911-993-3-8-carrera-clubsport-rs-1994","status":"publish","type":"product","link":"https:\/\/www.automobilia-atelier.de\/fr\/produkt\/volant-momo-porsche-911-993-3-8-carrera-clubsport-rs-1994\/","title":{"rendered":"Volant MOMO Porsche 911 (993) 3.8 Carrera Clubsport RS 1994"},"content":{"rendered":"<p><strong>Fabricant :<\/strong> MOMO<br \/>\n<strong>Diam\u00e8tre :<\/strong> 360 mm<br \/>\n<strong>Date de production :<\/strong> 12\/1994 \u2013 premi\u00e8re version rare \u2013 pas de production actuelle. (voir gaufrage au dos)<br \/>\n<strong>\u00c9tat :<\/strong> NEUF ANCIEN STOCK \u2013 petites marques de stockage pr\u00e9sentes<br \/>\n<strong>Pr\u00e9cision d&rsquo;ajustement :<\/strong> Cercle de boulonnage = 6&#215;70 mm \u2013 Peut \u00eatre mont\u00e9 sur presque tous les v\u00e9hicules avec le moyeu appropri\u00e9<\/p>\n","protected":false},"excerpt":{"rendered":"<p>Fabricant : MOMO Diam\u00e8tre : 360 mm Date de production : 12\/1994 \u2013 premi\u00e8re version rare \u2013 pas de production actuelle. (voir gaufrage au dos) \u00c9tat : NEUF ANCIEN STOCK \u2013 petites marques de stockage pr\u00e9sentes Pr\u00e9cision d&rsquo;ajustement : Cercle de boulonnage = 6&#215;70 mm \u2013 Peut \u00eatre mont\u00e9 sur presque tous les v\u00e9hicules avec &hellip; <a href=\"https:\/\/www.automobilia-atelier.de\/fr\/produkt\/volant-momo-porsche-911-993-3-8-carrera-clubsport-rs-1994\/\" class=\"more-link\">Continuer \u00e0 lire <span class=\"screen-reader-text\">Volant MOMO Porsche 911 (993) 3.8 Carrera Clubsport RS 1994<\/span> <span class=\"meta-nav\">\u2192<\/span><\/a><\/p>\n","protected":false},"featured_media":17359,"template":"","meta":{"inline_featured_image":false,"_monsterinsights_skip_tracking":false,"_monsterinsights_sitenote_active":false,"_monsterinsights_sitenote_note":"","_monsterinsights_sitenote_category":0},"product_brand":[],"product_cat":[239,236,237,255],"product_tag":[],"class_list":{"0":"post-17357","1":"product","2":"type-product","3":"status-publish","4":"has-post-thumbnail","6":"product_cat-momo-fr","7":"product_cat-pieces-de-vehicules-classiques","8":"product_cat-volants","9":"product_cat-volants-en-cuir-fr","11":"first","12":"outofstock","13":"sold-individually","14":"product-type-simple"},"yoast_head":"<!-- This site is optimized with the Yoast SEO plugin v24.7 - https:\/\/yoast.com\/wordpress\/plugins\/seo\/ -->\n<title>Volant MOMO Porsche 911 (993) 3.8 Carrera Clubsport RS 1994 -<\/title>\n<meta name=\"robots\" content=\"index, follow, max-snippet:-1, max-image-preview:large, max-video-preview:-1\" \/>\n<link rel=\"canonical\" href=\"https:\/\/www.automobilia-atelier.de\/fr\/produkt\/volant-momo-porsche-911-993-3-8-carrera-clubsport-rs-1994\/\" \/>\n<meta property=\"og:locale\" content=\"fr_FR\" \/>\n<meta property=\"og:type\" content=\"article\" \/>\n<meta property=\"og:title\" content=\"Volant MOMO Porsche 911 (993) 3.8 Carrera Clubsport RS 1994 -\" \/>\n<meta property=\"og:description\" content=\"Fabricant : MOMO Diam\u00e8tre : 360 mm Date de production : 12\/1994 \u2013 premi\u00e8re version rare \u2013 pas de production actuelle. (voir gaufrage au dos) \u00c9tat : NEUF ANCIEN STOCK \u2013 petites marques de stockage pr\u00e9sentes Pr\u00e9cision d&rsquo;ajustement : Cercle de boulonnage = 6&#215;70 mm \u2013 Peut \u00eatre mont\u00e9 sur presque tous les v\u00e9hicules avec &hellip; Continuer \u00e0 lire Volant MOMO Porsche 911 (993) 3.8 Carrera Clubsport RS 1994 \u2192\" \/>\n<meta property=\"og:url\" content=\"https:\/\/www.automobilia-atelier.de\/fr\/produkt\/volant-momo-porsche-911-993-3-8-carrera-clubsport-rs-1994\/\" \/>\n<meta property=\"og:image\" content=\"https:\/\/www.automobilia-atelier.de\/wp-content\/uploads\/2021\/10\/DSC2248-scaled.jpg\" \/>\n\t<meta property=\"og:image:width\" content=\"2400\" \/>\n\t<meta property=\"og:image:height\" content=\"1600\" \/>\n\t<meta property=\"og:image:type\" content=\"image\/jpeg\" \/>\n<meta name=\"twitter:card\" content=\"summary_large_image\" \/>\n<script type=\"application\/ld+json\" class=\"yoast-schema-graph\">{\"@context\":\"https:\/\/schema.org\",\"@graph\":[{\"@type\":\"WebPage\",\"@id\":\"https:\/\/www.automobilia-atelier.de\/fr\/produkt\/volant-momo-porsche-911-993-3-8-carrera-clubsport-rs-1994\/\",\"url\":\"https:\/\/www.automobilia-atelier.de\/fr\/produkt\/volant-momo-porsche-911-993-3-8-carrera-clubsport-rs-1994\/\",\"name\":\"Volant MOMO Porsche 911 (993) 3.8 Carrera Clubsport RS 1994 -\",\"isPartOf\":{\"@id\":\"https:\/\/www.automobilia-atelier.de\/fr\/#website\"},\"primaryImageOfPage\":{\"@id\":\"https:\/\/www.automobilia-atelier.de\/fr\/produkt\/volant-momo-porsche-911-993-3-8-carrera-clubsport-rs-1994\/#primaryimage\"},\"image\":{\"@id\":\"https:\/\/www.automobilia-atelier.de\/fr\/produkt\/volant-momo-porsche-911-993-3-8-carrera-clubsport-rs-1994\/#primaryimage\"},\"thumbnailUrl\":\"https:\/\/www.automobilia-atelier.de\/wp-content\/uploads\/2021\/10\/DSC2248-scaled.jpg\",\"datePublished\":\"2021-10-29T07:28:50+00:00\",\"breadcrumb\":{\"@id\":\"https:\/\/www.automobilia-atelier.de\/fr\/produkt\/volant-momo-porsche-911-993-3-8-carrera-clubsport-rs-1994\/#breadcrumb\"},\"inLanguage\":\"fr-FR\",\"potentialAction\":[{\"@type\":\"ReadAction\",\"target\":[\"https:\/\/www.automobilia-atelier.de\/fr\/produkt\/volant-momo-porsche-911-993-3-8-carrera-clubsport-rs-1994\/\"]}]},{\"@type\":\"ImageObject\",\"inLanguage\":\"fr-FR\",\"@id\":\"https:\/\/www.automobilia-atelier.de\/fr\/produkt\/volant-momo-porsche-911-993-3-8-carrera-clubsport-rs-1994\/#primaryimage\",\"url\":\"https:\/\/www.automobilia-atelier.de\/wp-content\/uploads\/2021\/10\/DSC2248-scaled.jpg\",\"contentUrl\":\"https:\/\/www.automobilia-atelier.de\/wp-content\/uploads\/2021\/10\/DSC2248-scaled.jpg\",\"width\":2400,\"height\":1600},{\"@type\":\"BreadcrumbList\",\"@id\":\"https:\/\/www.automobilia-atelier.de\/fr\/produkt\/volant-momo-porsche-911-993-3-8-carrera-clubsport-rs-1994\/#breadcrumb\",\"itemListElement\":[{\"@type\":\"ListItem\",\"position\":1,\"name\":\"Startseite\",\"item\":\"https:\/\/www.automobilia-atelier.de\/fr\/\"},{\"@type\":\"ListItem\",\"position\":2,\"name\":\"Produits\",\"item\":\"https:\/\/www.automobilia-atelier.de\/fr\/shop\/\"},{\"@type\":\"ListItem\",\"position\":3,\"name\":\"Volant MOMO Porsche 911 (993) 3.8 Carrera Clubsport RS 1994\"}]},{\"@type\":\"WebSite\",\"@id\":\"https:\/\/www.automobilia-atelier.de\/fr\/#website\",\"url\":\"https:\/\/www.automobilia-atelier.de\/fr\/\",\"name\":\"\",\"description\":\"\",\"potentialAction\":[{\"@type\":\"SearchAction\",\"target\":{\"@type\":\"EntryPoint\",\"urlTemplate\":\"https:\/\/www.automobilia-atelier.de\/fr\/?s={search_term_string}\"},\"query-input\":{\"@type\":\"PropertyValueSpecification\",\"valueRequired\":true,\"valueName\":\"search_term_string\"}}],\"inLanguage\":\"fr-FR\"}]}<\/script>\n<!-- \/ Yoast SEO plugin. -->","yoast_head_json":{"title":"Volant MOMO Porsche 911 (993) 3.8 Carrera Clubsport RS 1994 -","robots":{"index":"index","follow":"follow","max-snippet":"max-snippet:-1","max-image-preview":"max-image-preview:large","max-video-preview":"max-video-preview:-1"},"canonical":"https:\/\/www.automobilia-atelier.de\/fr\/produkt\/volant-momo-porsche-911-993-3-8-carrera-clubsport-rs-1994\/","og_locale":"fr_FR","og_type":"article","og_title":"Volant MOMO Porsche 911 (993) 3.8 Carrera Clubsport RS 1994 -","og_description":"Fabricant : MOMO Diam\u00e8tre : 360 mm Date de production : 12\/1994 \u2013 premi\u00e8re version rare \u2013 pas de production actuelle. (voir gaufrage au dos) \u00c9tat : NEUF ANCIEN STOCK \u2013 petites marques de stockage pr\u00e9sentes Pr\u00e9cision d&rsquo;ajustement : Cercle de boulonnage = 6&#215;70 mm \u2013 Peut \u00eatre mont\u00e9 sur presque tous les v\u00e9hicules avec &hellip; Continuer \u00e0 lire Volant MOMO Porsche 911 (993) 3.8 Carrera Clubsport RS 1994 \u2192","og_url":"https:\/\/www.automobilia-atelier.de\/fr\/produkt\/volant-momo-porsche-911-993-3-8-carrera-clubsport-rs-1994\/","og_image":[{"width":2400,"height":1600,"url":"https:\/\/www.automobilia-atelier.de\/wp-content\/uploads\/2021\/10\/DSC2248-scaled.jpg","type":"image\/jpeg"}],"twitter_card":"summary_large_image","schema":{"@context":"https:\/\/schema.org","@graph":[{"@type":"WebPage","@id":"https:\/\/www.automobilia-atelier.de\/fr\/produkt\/volant-momo-porsche-911-993-3-8-carrera-clubsport-rs-1994\/","url":"https:\/\/www.automobilia-atelier.de\/fr\/produkt\/volant-momo-porsche-911-993-3-8-carrera-clubsport-rs-1994\/","name":"Volant MOMO Porsche 911 (993) 3.8 Carrera Clubsport RS 1994 -","isPartOf":{"@id":"https:\/\/www.automobilia-atelier.de\/fr\/#website"},"primaryImageOfPage":{"@id":"https:\/\/www.automobilia-atelier.de\/fr\/produkt\/volant-momo-porsche-911-993-3-8-carrera-clubsport-rs-1994\/#primaryimage"},"image":{"@id":"https:\/\/www.automobilia-atelier.de\/fr\/produkt\/volant-momo-porsche-911-993-3-8-carrera-clubsport-rs-1994\/#primaryimage"},"thumbnailUrl":"https:\/\/www.automobilia-atelier.de\/wp-content\/uploads\/2021\/10\/DSC2248-scaled.jpg","datePublished":"2021-10-29T07:28:50+00:00","breadcrumb":{"@id":"https:\/\/www.automobilia-atelier.de\/fr\/produkt\/volant-momo-porsche-911-993-3-8-carrera-clubsport-rs-1994\/#breadcrumb"},"inLanguage":"fr-FR","potentialAction":[{"@type":"ReadAction","target":["https:\/\/www.automobilia-atelier.de\/fr\/produkt\/volant-momo-porsche-911-993-3-8-carrera-clubsport-rs-1994\/"]}]},{"@type":"ImageObject","inLanguage":"fr-FR","@id":"https:\/\/www.automobilia-atelier.de\/fr\/produkt\/volant-momo-porsche-911-993-3-8-carrera-clubsport-rs-1994\/#primaryimage","url":"https:\/\/www.automobilia-atelier.de\/wp-content\/uploads\/2021\/10\/DSC2248-scaled.jpg","contentUrl":"https:\/\/www.automobilia-atelier.de\/wp-content\/uploads\/2021\/10\/DSC2248-scaled.jpg","width":2400,"height":1600},{"@type":"BreadcrumbList","@id":"https:\/\/www.automobilia-atelier.de\/fr\/produkt\/volant-momo-porsche-911-993-3-8-carrera-clubsport-rs-1994\/#breadcrumb","itemListElement":[{"@type":"ListItem","position":1,"name":"Startseite","item":"https:\/\/www.automobilia-atelier.de\/fr\/"},{"@type":"ListItem","position":2,"name":"Produits","item":"https:\/\/www.automobilia-atelier.de\/fr\/shop\/"},{"@type":"ListItem","position":3,"name":"Volant MOMO Porsche 911 (993) 3.8 Carrera Clubsport RS 1994"}]},{"@type":"WebSite","@id":"https:\/\/www.automobilia-atelier.de\/fr\/#website","url":"https:\/\/www.automobilia-atelier.de\/fr\/","name":"","description":"","potentialAction":[{"@type":"SearchAction","target":{"@type":"EntryPoint","urlTemplate":"https:\/\/www.automobilia-atelier.de\/fr\/?s={search_term_string}"},"query-input":{"@type":"PropertyValueSpecification","valueRequired":true,"valueName":"search_term_string"}}],"inLanguage":"fr-FR"}]}},"jetpack_sharing_enabled":true,"_links":{"self":[{"href":"https:\/\/www.automobilia-atelier.de\/fr\/wp-json\/wp\/v2\/product\/17357","targetHints":{"allow":["GET"]}}],"collection":[{"href":"https:\/\/www.automobilia-atelier.de\/fr\/wp-json\/wp\/v2\/product"}],"about":[{"href":"https:\/\/www.automobilia-atelier.de\/fr\/wp-json\/wp\/v2\/types\/product"}],"wp:featuredmedia":[{"embeddable":true,"href":"https:\/\/www.automobilia-atelier.de\/fr\/wp-json\/wp\/v2\/media\/17359"}],"wp:attachment":[{"href":"https:\/\/www.automobilia-atelier.de\/fr\/wp-json\/wp\/v2\/media?parent=17357"}],"wp:term":[{"taxonomy":"product_brand","embeddable":true,"href":"https:\/\/www.automobilia-atelier.de\/fr\/wp-json\/wp\/v2\/product_brand?post=17357"},{"taxonomy":"product_cat","embeddable":true,"href":"https:\/\/www.automobilia-atelier.de\/fr\/wp-json\/wp\/v2\/product_cat?post=17357"},{"taxonomy":"product_tag","embeddable":true,"href":"https:\/\/www.automobilia-atelier.de\/fr\/wp-json\/wp\/v2\/product_tag?post=17357"}],"curies":[{"name":"wp","href":"https:\/\/api.w.org\/{rel}","templated":true}]}}