{"id":17376,"date":"2021-10-29T10:09:28","date_gmt":"2021-10-29T08:09:28","guid":{"rendered":"https:\/\/www.automobilia-atelier.de\/produkt\/volant-victor-1980-pour-vw-golf-corrado-beetle-jetta-scirocco\/"},"modified":"2021-10-29T10:09:28","modified_gmt":"2021-10-29T08:09:28","slug":"volant-victor-1980-pour-vw-golf-corrado-beetle-jetta-scirocco","status":"publish","type":"product","link":"https:\/\/www.automobilia-atelier.de\/fr\/produkt\/volant-victor-1980-pour-vw-golf-corrado-beetle-jetta-scirocco\/","title":{"rendered":"Volant Victor 1980 pour VW Golf \/ Corrado \/ Beetle \/ Jetta \/ Scirocco"},"content":{"rendered":"<p><strong>Fabricant :<\/strong> Victor<br \/>\n<strong>Diam\u00e8tre :<\/strong> 360 mm<br \/>\n<strong>Date de production :<\/strong> 1980<br \/>\n<strong>\u00c9tat de la jante du volant :<\/strong> voir photos d\u00e9taill\u00e9es<br \/>\n<strong>Ajuster:<\/strong><\/p>\n<ul>\n<li>Audi 80 \/ 90 \u2013 Type81 \/ Type85 tous types + coup\u00e9<\/li>\n<li>Porsche 924 \/ 944<\/li>\n<li>VW Corrado \u2013 53i jusqu&rsquo;au num\u00e9ro de ch\u00e2ssis. 50-K-003000 (jusqu&rsquo;\u00e0 l&rsquo;ann\u00e9e mod\u00e8le 89)<\/li>\n<li>VW Golf 1 \u2013 17, 17CK<\/li>\n<li>VW Golf 1 Cabriolet \u2013 155 jusqu&rsquo;au num\u00e9ro de ch\u00e2ssis 15K-009650 (jusqu&rsquo;\u00e0 l&rsquo;ann\u00e9e mod\u00e8le 89)<\/li>\n<li>VW Jetta 1 \u2013 17, 17CK<\/li>\n<li>VW Caddy Pickup \u2013 14D<\/li>\n<li>VW Golf 2 + Syncro \u2013 jusqu&rsquo;au num\u00e9ro de ch\u00e2ssis. 1GKW272000, 1GKB055692 (jusqu&rsquo;\u00e0 l&rsquo;ann\u00e9e 89) <\/li>\n<li>VW Jetta 2 + Syncro \u2013 9E-299, jusqu&rsquo;au num\u00e9ro de ch\u00e2ssis 1GKW272000, 1GKB055692 (jusqu&rsquo;\u00e0 l&rsquo;ann\u00e9e 89)<\/li>\n<li>VW Coccinelle + Cabriolet \u2013 11, 15 (\u00e0 partir du 1\/74)<\/li>\n<li>VW Coccinelle 1303 + Cabriolet \u2013 13, 15 (\u00e0 partir du 1\/74)<\/li>\n<li>VW Passat \/ Santana \u2013 32, 32B, 32B-299, 33 tous types (\u00e0 partir de l&rsquo;ann\u00e9e 9\/77)<\/li>\n<li>VW Passat \u2013 35i, 35i-299, jusqu&rsquo;au num\u00e9ro de ch\u00e2ssis. 31-K-089315 avec ou sans colonne de direction \u00e0 angle r\u00e9glable (jusqu&rsquo;\u00e0 l&rsquo;ann\u00e9e mod\u00e8le 1989)<\/li>\n<li>VW Scirocco \u2013 53B, jusqu&rsquo;au num\u00e9ro de ch\u00e2ssis 53K-020789 (\u00e0 partir de l&rsquo;ann\u00e9e mod\u00e8le 5\/81-89)<\/li>\n<\/ul>\n","protected":false},"excerpt":{"rendered":"<p>Fabricant : Victor Diam\u00e8tre : 360 mm Date de production : 1980 \u00c9tat de la jante du volant : voir photos d\u00e9taill\u00e9es Ajuster: Audi 80 \/ 90 \u2013 Type81 \/ Type85 tous types + coup\u00e9 Porsche 924 \/ 944 VW Corrado \u2013 53i jusqu&rsquo;au num\u00e9ro de ch\u00e2ssis. 50-K-003000 (jusqu&rsquo;\u00e0 l&rsquo;ann\u00e9e mod\u00e8le 89) VW Golf 1 &hellip; <a href=\"https:\/\/www.automobilia-atelier.de\/fr\/produkt\/volant-victor-1980-pour-vw-golf-corrado-beetle-jetta-scirocco\/\" class=\"more-link\">Continuer \u00e0 lire <span class=\"screen-reader-text\">Volant Victor 1980 pour VW Golf \/ Corrado \/ Beetle \/ Jetta \/ Scirocco<\/span> <span class=\"meta-nav\">\u2192<\/span><\/a><\/p>\n","protected":false},"featured_media":17379,"template":"","meta":{"inline_featured_image":false,"_monsterinsights_skip_tracking":false,"_monsterinsights_sitenote_active":false,"_monsterinsights_sitenote_note":"","_monsterinsights_sitenote_category":0},"product_brand":[],"product_cat":[236,269,237],"product_tag":[],"class_list":{"0":"post-17376","1":"product","2":"type-product","3":"status-publish","4":"has-post-thumbnail","6":"product_cat-pieces-de-vehicules-classiques","7":"product_cat-victor-fr","8":"product_cat-volants","10":"first","11":"outofstock","12":"sold-individually","13":"product-type-simple"},"yoast_head":"<!-- This site is optimized with the Yoast SEO plugin v24.7 - https:\/\/yoast.com\/wordpress\/plugins\/seo\/ -->\n<title>Volant Victor 1980 pour VW Golf \/ Corrado \/ Beetle \/ Jetta \/ Scirocco -<\/title>\n<meta name=\"robots\" content=\"index, follow, max-snippet:-1, max-image-preview:large, max-video-preview:-1\" \/>\n<link rel=\"canonical\" href=\"https:\/\/www.automobilia-atelier.de\/fr\/produkt\/volant-victor-1980-pour-vw-golf-corrado-beetle-jetta-scirocco\/\" \/>\n<meta property=\"og:locale\" content=\"fr_FR\" \/>\n<meta property=\"og:type\" content=\"article\" \/>\n<meta property=\"og:title\" content=\"Volant Victor 1980 pour VW Golf \/ Corrado \/ Beetle \/ Jetta \/ Scirocco -\" \/>\n<meta property=\"og:description\" content=\"Fabricant : Victor Diam\u00e8tre : 360 mm Date de production : 1980 \u00c9tat de la jante du volant : voir photos d\u00e9taill\u00e9es Ajuster: Audi 80 \/ 90 \u2013 Type81 \/ Type85 tous types + coup\u00e9 Porsche 924 \/ 944 VW Corrado \u2013 53i jusqu&rsquo;au num\u00e9ro de ch\u00e2ssis. 50-K-003000 (jusqu&rsquo;\u00e0 l&rsquo;ann\u00e9e mod\u00e8le 89) VW Golf 1 &hellip; Continuer \u00e0 lire Volant Victor 1980 pour VW Golf \/ Corrado \/ Beetle \/ Jetta \/ Scirocco \u2192\" \/>\n<meta property=\"og:url\" content=\"https:\/\/www.automobilia-atelier.de\/fr\/produkt\/volant-victor-1980-pour-vw-golf-corrado-beetle-jetta-scirocco\/\" \/>\n<meta property=\"og:image\" content=\"https:\/\/www.automobilia-atelier.de\/wp-content\/uploads\/2021\/10\/DSC2374-scaled.jpg\" \/>\n\t<meta property=\"og:image:width\" content=\"2400\" \/>\n\t<meta property=\"og:image:height\" content=\"1600\" \/>\n\t<meta property=\"og:image:type\" content=\"image\/jpeg\" \/>\n<meta name=\"twitter:card\" content=\"summary_large_image\" \/>\n<meta name=\"twitter:label1\" content=\"Dur\u00e9e de lecture estim\u00e9e\" \/>\n\t<meta name=\"twitter:data1\" content=\"1 minute\" \/>\n<script type=\"application\/ld+json\" class=\"yoast-schema-graph\">{\"@context\":\"https:\/\/schema.org\",\"@graph\":[{\"@type\":\"WebPage\",\"@id\":\"https:\/\/www.automobilia-atelier.de\/fr\/produkt\/volant-victor-1980-pour-vw-golf-corrado-beetle-jetta-scirocco\/\",\"url\":\"https:\/\/www.automobilia-atelier.de\/fr\/produkt\/volant-victor-1980-pour-vw-golf-corrado-beetle-jetta-scirocco\/\",\"name\":\"Volant Victor 1980 pour VW Golf \/ Corrado \/ Beetle \/ Jetta \/ Scirocco -\",\"isPartOf\":{\"@id\":\"https:\/\/www.automobilia-atelier.de\/fr\/#website\"},\"primaryImageOfPage\":{\"@id\":\"https:\/\/www.automobilia-atelier.de\/fr\/produkt\/volant-victor-1980-pour-vw-golf-corrado-beetle-jetta-scirocco\/#primaryimage\"},\"image\":{\"@id\":\"https:\/\/www.automobilia-atelier.de\/fr\/produkt\/volant-victor-1980-pour-vw-golf-corrado-beetle-jetta-scirocco\/#primaryimage\"},\"thumbnailUrl\":\"https:\/\/www.automobilia-atelier.de\/wp-content\/uploads\/2021\/10\/DSC2374-scaled.jpg\",\"datePublished\":\"2021-10-29T08:09:28+00:00\",\"breadcrumb\":{\"@id\":\"https:\/\/www.automobilia-atelier.de\/fr\/produkt\/volant-victor-1980-pour-vw-golf-corrado-beetle-jetta-scirocco\/#breadcrumb\"},\"inLanguage\":\"fr-FR\",\"potentialAction\":[{\"@type\":\"ReadAction\",\"target\":[\"https:\/\/www.automobilia-atelier.de\/fr\/produkt\/volant-victor-1980-pour-vw-golf-corrado-beetle-jetta-scirocco\/\"]}]},{\"@type\":\"ImageObject\",\"inLanguage\":\"fr-FR\",\"@id\":\"https:\/\/www.automobilia-atelier.de\/fr\/produkt\/volant-victor-1980-pour-vw-golf-corrado-beetle-jetta-scirocco\/#primaryimage\",\"url\":\"https:\/\/www.automobilia-atelier.de\/wp-content\/uploads\/2021\/10\/DSC2374-scaled.jpg\",\"contentUrl\":\"https:\/\/www.automobilia-atelier.de\/wp-content\/uploads\/2021\/10\/DSC2374-scaled.jpg\",\"width\":2400,\"height\":1600},{\"@type\":\"BreadcrumbList\",\"@id\":\"https:\/\/www.automobilia-atelier.de\/fr\/produkt\/volant-victor-1980-pour-vw-golf-corrado-beetle-jetta-scirocco\/#breadcrumb\",\"itemListElement\":[{\"@type\":\"ListItem\",\"position\":1,\"name\":\"Startseite\",\"item\":\"https:\/\/www.automobilia-atelier.de\/fr\/\"},{\"@type\":\"ListItem\",\"position\":2,\"name\":\"Produits\",\"item\":\"https:\/\/www.automobilia-atelier.de\/fr\/shop\/\"},{\"@type\":\"ListItem\",\"position\":3,\"name\":\"Volant Victor 1980 pour VW Golf \/ Corrado \/ Beetle \/ Jetta \/ Scirocco\"}]},{\"@type\":\"WebSite\",\"@id\":\"https:\/\/www.automobilia-atelier.de\/fr\/#website\",\"url\":\"https:\/\/www.automobilia-atelier.de\/fr\/\",\"name\":\"\",\"description\":\"\",\"potentialAction\":[{\"@type\":\"SearchAction\",\"target\":{\"@type\":\"EntryPoint\",\"urlTemplate\":\"https:\/\/www.automobilia-atelier.de\/fr\/?s={search_term_string}\"},\"query-input\":{\"@type\":\"PropertyValueSpecification\",\"valueRequired\":true,\"valueName\":\"search_term_string\"}}],\"inLanguage\":\"fr-FR\"}]}<\/script>\n<!-- \/ Yoast SEO plugin. -->","yoast_head_json":{"title":"Volant Victor 1980 pour VW Golf \/ Corrado \/ Beetle \/ Jetta \/ Scirocco -","robots":{"index":"index","follow":"follow","max-snippet":"max-snippet:-1","max-image-preview":"max-image-preview:large","max-video-preview":"max-video-preview:-1"},"canonical":"https:\/\/www.automobilia-atelier.de\/fr\/produkt\/volant-victor-1980-pour-vw-golf-corrado-beetle-jetta-scirocco\/","og_locale":"fr_FR","og_type":"article","og_title":"Volant Victor 1980 pour VW Golf \/ Corrado \/ Beetle \/ Jetta \/ Scirocco -","og_description":"Fabricant : Victor Diam\u00e8tre : 360 mm Date de production : 1980 \u00c9tat de la jante du volant : voir photos d\u00e9taill\u00e9es Ajuster: Audi 80 \/ 90 \u2013 Type81 \/ Type85 tous types + coup\u00e9 Porsche 924 \/ 944 VW Corrado \u2013 53i jusqu&rsquo;au num\u00e9ro de ch\u00e2ssis. 50-K-003000 (jusqu&rsquo;\u00e0 l&rsquo;ann\u00e9e mod\u00e8le 89) VW Golf 1 &hellip; Continuer \u00e0 lire Volant Victor 1980 pour VW Golf \/ Corrado \/ Beetle \/ Jetta \/ Scirocco \u2192","og_url":"https:\/\/www.automobilia-atelier.de\/fr\/produkt\/volant-victor-1980-pour-vw-golf-corrado-beetle-jetta-scirocco\/","og_image":[{"width":2400,"height":1600,"url":"https:\/\/www.automobilia-atelier.de\/wp-content\/uploads\/2021\/10\/DSC2374-scaled.jpg","type":"image\/jpeg"}],"twitter_card":"summary_large_image","twitter_misc":{"Dur\u00e9e de lecture estim\u00e9e":"1 minute"},"schema":{"@context":"https:\/\/schema.org","@graph":[{"@type":"WebPage","@id":"https:\/\/www.automobilia-atelier.de\/fr\/produkt\/volant-victor-1980-pour-vw-golf-corrado-beetle-jetta-scirocco\/","url":"https:\/\/www.automobilia-atelier.de\/fr\/produkt\/volant-victor-1980-pour-vw-golf-corrado-beetle-jetta-scirocco\/","name":"Volant Victor 1980 pour VW Golf \/ Corrado \/ Beetle \/ Jetta \/ Scirocco -","isPartOf":{"@id":"https:\/\/www.automobilia-atelier.de\/fr\/#website"},"primaryImageOfPage":{"@id":"https:\/\/www.automobilia-atelier.de\/fr\/produkt\/volant-victor-1980-pour-vw-golf-corrado-beetle-jetta-scirocco\/#primaryimage"},"image":{"@id":"https:\/\/www.automobilia-atelier.de\/fr\/produkt\/volant-victor-1980-pour-vw-golf-corrado-beetle-jetta-scirocco\/#primaryimage"},"thumbnailUrl":"https:\/\/www.automobilia-atelier.de\/wp-content\/uploads\/2021\/10\/DSC2374-scaled.jpg","datePublished":"2021-10-29T08:09:28+00:00","breadcrumb":{"@id":"https:\/\/www.automobilia-atelier.de\/fr\/produkt\/volant-victor-1980-pour-vw-golf-corrado-beetle-jetta-scirocco\/#breadcrumb"},"inLanguage":"fr-FR","potentialAction":[{"@type":"ReadAction","target":["https:\/\/www.automobilia-atelier.de\/fr\/produkt\/volant-victor-1980-pour-vw-golf-corrado-beetle-jetta-scirocco\/"]}]},{"@type":"ImageObject","inLanguage":"fr-FR","@id":"https:\/\/www.automobilia-atelier.de\/fr\/produkt\/volant-victor-1980-pour-vw-golf-corrado-beetle-jetta-scirocco\/#primaryimage","url":"https:\/\/www.automobilia-atelier.de\/wp-content\/uploads\/2021\/10\/DSC2374-scaled.jpg","contentUrl":"https:\/\/www.automobilia-atelier.de\/wp-content\/uploads\/2021\/10\/DSC2374-scaled.jpg","width":2400,"height":1600},{"@type":"BreadcrumbList","@id":"https:\/\/www.automobilia-atelier.de\/fr\/produkt\/volant-victor-1980-pour-vw-golf-corrado-beetle-jetta-scirocco\/#breadcrumb","itemListElement":[{"@type":"ListItem","position":1,"name":"Startseite","item":"https:\/\/www.automobilia-atelier.de\/fr\/"},{"@type":"ListItem","position":2,"name":"Produits","item":"https:\/\/www.automobilia-atelier.de\/fr\/shop\/"},{"@type":"ListItem","position":3,"name":"Volant Victor 1980 pour VW Golf \/ Corrado \/ Beetle \/ Jetta \/ Scirocco"}]},{"@type":"WebSite","@id":"https:\/\/www.automobilia-atelier.de\/fr\/#website","url":"https:\/\/www.automobilia-atelier.de\/fr\/","name":"","description":"","potentialAction":[{"@type":"SearchAction","target":{"@type":"EntryPoint","urlTemplate":"https:\/\/www.automobilia-atelier.de\/fr\/?s={search_term_string}"},"query-input":{"@type":"PropertyValueSpecification","valueRequired":true,"valueName":"search_term_string"}}],"inLanguage":"fr-FR"}]}},"jetpack_sharing_enabled":true,"_links":{"self":[{"href":"https:\/\/www.automobilia-atelier.de\/fr\/wp-json\/wp\/v2\/product\/17376","targetHints":{"allow":["GET"]}}],"collection":[{"href":"https:\/\/www.automobilia-atelier.de\/fr\/wp-json\/wp\/v2\/product"}],"about":[{"href":"https:\/\/www.automobilia-atelier.de\/fr\/wp-json\/wp\/v2\/types\/product"}],"wp:featuredmedia":[{"embeddable":true,"href":"https:\/\/www.automobilia-atelier.de\/fr\/wp-json\/wp\/v2\/media\/17379"}],"wp:attachment":[{"href":"https:\/\/www.automobilia-atelier.de\/fr\/wp-json\/wp\/v2\/media?parent=17376"}],"wp:term":[{"taxonomy":"product_brand","embeddable":true,"href":"https:\/\/www.automobilia-atelier.de\/fr\/wp-json\/wp\/v2\/product_brand?post=17376"},{"taxonomy":"product_cat","embeddable":true,"href":"https:\/\/www.automobilia-atelier.de\/fr\/wp-json\/wp\/v2\/product_cat?post=17376"},{"taxonomy":"product_tag","embeddable":true,"href":"https:\/\/www.automobilia-atelier.de\/fr\/wp-json\/wp\/v2\/product_tag?post=17376"}],"curies":[{"name":"wp","href":"https:\/\/api.w.org\/{rel}","templated":true}]}}