{"id":17471,"date":"2021-05-21T08:19:04","date_gmt":"2021-05-21T06:19:04","guid":{"rendered":"https:\/\/www.automobilia-atelier.de\/produkt\/volant-atiwe-ruf-de-1986-pour-porsche-911-modele-g\/"},"modified":"2021-05-21T08:19:04","modified_gmt":"2021-05-21T06:19:04","slug":"volant-atiwe-ruf-de-1986-pour-porsche-911-modele-g","status":"publish","type":"product","link":"https:\/\/www.automobilia-atelier.de\/fr\/produkt\/volant-atiwe-ruf-de-1986-pour-porsche-911-modele-g\/","title":{"rendered":"Volant ATIWE \u00ab RUF \u00bb de 1986 pour Porsche 911 mod\u00e8le G"},"content":{"rendered":"<p><strong>Fabricant :<\/strong> ATIWE<br \/>\n<strong>Diam\u00e8tre :<\/strong> 360 mm<br \/>\n<strong>Date de production :<\/strong> environ 1986<br \/>\n<strong>\u00c9tat :<\/strong> voir photos d\u00e9taill\u00e9es<br \/>\n<strong>Ajuster:  <\/strong><\/p>\n<ul>\n<li>Porsche Mod\u00e8le G \u2013 1974-1989<\/li>\n<li>Porsche 928 \u2013 jusqu&rsquo;en 07\/1988<\/li>\n<\/ul>\n","protected":false},"excerpt":{"rendered":"<p>Fabricant : ATIWE Diam\u00e8tre : 360 mm Date de production : environ 1986 \u00c9tat : voir photos d\u00e9taill\u00e9es Ajuster: Porsche Mod\u00e8le G \u2013 1974-1989 Porsche 928 \u2013 jusqu&rsquo;en 07\/1988<\/p>\n","protected":false},"featured_media":17478,"template":"","meta":{"inline_featured_image":false,"_monsterinsights_skip_tracking":false,"_monsterinsights_sitenote_active":false,"_monsterinsights_sitenote_note":"","_monsterinsights_sitenote_category":0},"product_brand":[],"product_cat":[256,236,237],"product_tag":[],"class_list":{"0":"post-17471","1":"product","2":"type-product","3":"status-publish","4":"has-post-thumbnail","6":"product_cat-atiwe-fr","7":"product_cat-pieces-de-vehicules-classiques","8":"product_cat-volants","10":"first","11":"outofstock","12":"sold-individually","13":"product-type-simple"},"yoast_head":"<!-- This site is optimized with the Yoast SEO plugin v24.7 - https:\/\/yoast.com\/wordpress\/plugins\/seo\/ -->\n<title>Volant ATIWE \u00ab RUF \u00bb de 1986 pour Porsche 911 mod\u00e8le G -<\/title>\n<meta name=\"robots\" content=\"index, follow, max-snippet:-1, max-image-preview:large, max-video-preview:-1\" \/>\n<link rel=\"canonical\" href=\"https:\/\/www.automobilia-atelier.de\/fr\/produkt\/volant-atiwe-ruf-de-1986-pour-porsche-911-modele-g\/\" \/>\n<meta property=\"og:locale\" content=\"fr_FR\" \/>\n<meta property=\"og:type\" content=\"article\" \/>\n<meta property=\"og:title\" content=\"Volant ATIWE \u00ab RUF \u00bb de 1986 pour Porsche 911 mod\u00e8le G -\" \/>\n<meta property=\"og:description\" content=\"Fabricant : ATIWE Diam\u00e8tre : 360 mm Date de production : environ 1986 \u00c9tat : voir photos d\u00e9taill\u00e9es Ajuster: Porsche Mod\u00e8le G \u2013 1974-1989 Porsche 928 \u2013 jusqu&rsquo;en 07\/1988\" \/>\n<meta property=\"og:url\" content=\"https:\/\/www.automobilia-atelier.de\/fr\/produkt\/volant-atiwe-ruf-de-1986-pour-porsche-911-modele-g\/\" \/>\n<meta property=\"og:image\" content=\"https:\/\/www.automobilia-atelier.de\/wp-content\/uploads\/2021\/05\/DSC0208-scaled.jpg\" \/>\n\t<meta property=\"og:image:width\" content=\"2400\" \/>\n\t<meta property=\"og:image:height\" content=\"1600\" \/>\n\t<meta property=\"og:image:type\" content=\"image\/jpeg\" \/>\n<meta name=\"twitter:card\" content=\"summary_large_image\" \/>\n<script type=\"application\/ld+json\" class=\"yoast-schema-graph\">{\"@context\":\"https:\/\/schema.org\",\"@graph\":[{\"@type\":\"WebPage\",\"@id\":\"https:\/\/www.automobilia-atelier.de\/fr\/produkt\/volant-atiwe-ruf-de-1986-pour-porsche-911-modele-g\/\",\"url\":\"https:\/\/www.automobilia-atelier.de\/fr\/produkt\/volant-atiwe-ruf-de-1986-pour-porsche-911-modele-g\/\",\"name\":\"Volant ATIWE \u00ab RUF \u00bb de 1986 pour Porsche 911 mod\u00e8le G -\",\"isPartOf\":{\"@id\":\"https:\/\/www.automobilia-atelier.de\/fr\/#website\"},\"primaryImageOfPage\":{\"@id\":\"https:\/\/www.automobilia-atelier.de\/fr\/produkt\/volant-atiwe-ruf-de-1986-pour-porsche-911-modele-g\/#primaryimage\"},\"image\":{\"@id\":\"https:\/\/www.automobilia-atelier.de\/fr\/produkt\/volant-atiwe-ruf-de-1986-pour-porsche-911-modele-g\/#primaryimage\"},\"thumbnailUrl\":\"https:\/\/www.automobilia-atelier.de\/wp-content\/uploads\/2021\/05\/DSC0208-scaled.jpg\",\"datePublished\":\"2021-05-21T06:19:04+00:00\",\"breadcrumb\":{\"@id\":\"https:\/\/www.automobilia-atelier.de\/fr\/produkt\/volant-atiwe-ruf-de-1986-pour-porsche-911-modele-g\/#breadcrumb\"},\"inLanguage\":\"fr-FR\",\"potentialAction\":[{\"@type\":\"ReadAction\",\"target\":[\"https:\/\/www.automobilia-atelier.de\/fr\/produkt\/volant-atiwe-ruf-de-1986-pour-porsche-911-modele-g\/\"]}]},{\"@type\":\"ImageObject\",\"inLanguage\":\"fr-FR\",\"@id\":\"https:\/\/www.automobilia-atelier.de\/fr\/produkt\/volant-atiwe-ruf-de-1986-pour-porsche-911-modele-g\/#primaryimage\",\"url\":\"https:\/\/www.automobilia-atelier.de\/wp-content\/uploads\/2021\/05\/DSC0208-scaled.jpg\",\"contentUrl\":\"https:\/\/www.automobilia-atelier.de\/wp-content\/uploads\/2021\/05\/DSC0208-scaled.jpg\",\"width\":2400,\"height\":1600},{\"@type\":\"BreadcrumbList\",\"@id\":\"https:\/\/www.automobilia-atelier.de\/fr\/produkt\/volant-atiwe-ruf-de-1986-pour-porsche-911-modele-g\/#breadcrumb\",\"itemListElement\":[{\"@type\":\"ListItem\",\"position\":1,\"name\":\"Startseite\",\"item\":\"https:\/\/www.automobilia-atelier.de\/fr\/\"},{\"@type\":\"ListItem\",\"position\":2,\"name\":\"Produits\",\"item\":\"https:\/\/www.automobilia-atelier.de\/fr\/shop\/\"},{\"@type\":\"ListItem\",\"position\":3,\"name\":\"Volant ATIWE \u00ab RUF \u00bb de 1986 pour Porsche 911 mod\u00e8le G\"}]},{\"@type\":\"WebSite\",\"@id\":\"https:\/\/www.automobilia-atelier.de\/fr\/#website\",\"url\":\"https:\/\/www.automobilia-atelier.de\/fr\/\",\"name\":\"\",\"description\":\"\",\"potentialAction\":[{\"@type\":\"SearchAction\",\"target\":{\"@type\":\"EntryPoint\",\"urlTemplate\":\"https:\/\/www.automobilia-atelier.de\/fr\/?s={search_term_string}\"},\"query-input\":{\"@type\":\"PropertyValueSpecification\",\"valueRequired\":true,\"valueName\":\"search_term_string\"}}],\"inLanguage\":\"fr-FR\"}]}<\/script>\n<!-- \/ Yoast SEO plugin. -->","yoast_head_json":{"title":"Volant ATIWE \u00ab RUF \u00bb de 1986 pour Porsche 911 mod\u00e8le G -","robots":{"index":"index","follow":"follow","max-snippet":"max-snippet:-1","max-image-preview":"max-image-preview:large","max-video-preview":"max-video-preview:-1"},"canonical":"https:\/\/www.automobilia-atelier.de\/fr\/produkt\/volant-atiwe-ruf-de-1986-pour-porsche-911-modele-g\/","og_locale":"fr_FR","og_type":"article","og_title":"Volant ATIWE \u00ab RUF \u00bb de 1986 pour Porsche 911 mod\u00e8le G -","og_description":"Fabricant : ATIWE Diam\u00e8tre : 360 mm Date de production : environ 1986 \u00c9tat : voir photos d\u00e9taill\u00e9es Ajuster: Porsche Mod\u00e8le G \u2013 1974-1989 Porsche 928 \u2013 jusqu&rsquo;en 07\/1988","og_url":"https:\/\/www.automobilia-atelier.de\/fr\/produkt\/volant-atiwe-ruf-de-1986-pour-porsche-911-modele-g\/","og_image":[{"width":2400,"height":1600,"url":"https:\/\/www.automobilia-atelier.de\/wp-content\/uploads\/2021\/05\/DSC0208-scaled.jpg","type":"image\/jpeg"}],"twitter_card":"summary_large_image","schema":{"@context":"https:\/\/schema.org","@graph":[{"@type":"WebPage","@id":"https:\/\/www.automobilia-atelier.de\/fr\/produkt\/volant-atiwe-ruf-de-1986-pour-porsche-911-modele-g\/","url":"https:\/\/www.automobilia-atelier.de\/fr\/produkt\/volant-atiwe-ruf-de-1986-pour-porsche-911-modele-g\/","name":"Volant ATIWE \u00ab RUF \u00bb de 1986 pour Porsche 911 mod\u00e8le G -","isPartOf":{"@id":"https:\/\/www.automobilia-atelier.de\/fr\/#website"},"primaryImageOfPage":{"@id":"https:\/\/www.automobilia-atelier.de\/fr\/produkt\/volant-atiwe-ruf-de-1986-pour-porsche-911-modele-g\/#primaryimage"},"image":{"@id":"https:\/\/www.automobilia-atelier.de\/fr\/produkt\/volant-atiwe-ruf-de-1986-pour-porsche-911-modele-g\/#primaryimage"},"thumbnailUrl":"https:\/\/www.automobilia-atelier.de\/wp-content\/uploads\/2021\/05\/DSC0208-scaled.jpg","datePublished":"2021-05-21T06:19:04+00:00","breadcrumb":{"@id":"https:\/\/www.automobilia-atelier.de\/fr\/produkt\/volant-atiwe-ruf-de-1986-pour-porsche-911-modele-g\/#breadcrumb"},"inLanguage":"fr-FR","potentialAction":[{"@type":"ReadAction","target":["https:\/\/www.automobilia-atelier.de\/fr\/produkt\/volant-atiwe-ruf-de-1986-pour-porsche-911-modele-g\/"]}]},{"@type":"ImageObject","inLanguage":"fr-FR","@id":"https:\/\/www.automobilia-atelier.de\/fr\/produkt\/volant-atiwe-ruf-de-1986-pour-porsche-911-modele-g\/#primaryimage","url":"https:\/\/www.automobilia-atelier.de\/wp-content\/uploads\/2021\/05\/DSC0208-scaled.jpg","contentUrl":"https:\/\/www.automobilia-atelier.de\/wp-content\/uploads\/2021\/05\/DSC0208-scaled.jpg","width":2400,"height":1600},{"@type":"BreadcrumbList","@id":"https:\/\/www.automobilia-atelier.de\/fr\/produkt\/volant-atiwe-ruf-de-1986-pour-porsche-911-modele-g\/#breadcrumb","itemListElement":[{"@type":"ListItem","position":1,"name":"Startseite","item":"https:\/\/www.automobilia-atelier.de\/fr\/"},{"@type":"ListItem","position":2,"name":"Produits","item":"https:\/\/www.automobilia-atelier.de\/fr\/shop\/"},{"@type":"ListItem","position":3,"name":"Volant ATIWE \u00ab RUF \u00bb de 1986 pour Porsche 911 mod\u00e8le G"}]},{"@type":"WebSite","@id":"https:\/\/www.automobilia-atelier.de\/fr\/#website","url":"https:\/\/www.automobilia-atelier.de\/fr\/","name":"","description":"","potentialAction":[{"@type":"SearchAction","target":{"@type":"EntryPoint","urlTemplate":"https:\/\/www.automobilia-atelier.de\/fr\/?s={search_term_string}"},"query-input":{"@type":"PropertyValueSpecification","valueRequired":true,"valueName":"search_term_string"}}],"inLanguage":"fr-FR"}]}},"jetpack_sharing_enabled":true,"_links":{"self":[{"href":"https:\/\/www.automobilia-atelier.de\/fr\/wp-json\/wp\/v2\/product\/17471","targetHints":{"allow":["GET"]}}],"collection":[{"href":"https:\/\/www.automobilia-atelier.de\/fr\/wp-json\/wp\/v2\/product"}],"about":[{"href":"https:\/\/www.automobilia-atelier.de\/fr\/wp-json\/wp\/v2\/types\/product"}],"wp:featuredmedia":[{"embeddable":true,"href":"https:\/\/www.automobilia-atelier.de\/fr\/wp-json\/wp\/v2\/media\/17478"}],"wp:attachment":[{"href":"https:\/\/www.automobilia-atelier.de\/fr\/wp-json\/wp\/v2\/media?parent=17471"}],"wp:term":[{"taxonomy":"product_brand","embeddable":true,"href":"https:\/\/www.automobilia-atelier.de\/fr\/wp-json\/wp\/v2\/product_brand?post=17471"},{"taxonomy":"product_cat","embeddable":true,"href":"https:\/\/www.automobilia-atelier.de\/fr\/wp-json\/wp\/v2\/product_cat?post=17471"},{"taxonomy":"product_tag","embeddable":true,"href":"https:\/\/www.automobilia-atelier.de\/fr\/wp-json\/wp\/v2\/product_tag?post=17471"}],"curies":[{"name":"wp","href":"https:\/\/api.w.org\/{rel}","templated":true}]}}