{"id":17502,"date":"2021-04-30T18:31:34","date_gmt":"2021-04-30T16:31:34","guid":{"rendered":"https:\/\/www.automobilia-atelier.de\/produkt\/1990-volant-indianapolis-bmw-e30-m3-dtm-jaegermeister\/"},"modified":"2021-04-30T18:31:34","modified_gmt":"2021-04-30T16:31:34","slug":"1990-volant-indianapolis-bmw-e30-m3-dtm-jaegermeister","status":"publish","type":"product","link":"https:\/\/www.automobilia-atelier.de\/fr\/produkt\/1990-volant-indianapolis-bmw-e30-m3-dtm-jaegermeister\/","title":{"rendered":"1990&prime; Volant Indianapolis BMW E30 M3 DTM J\u00e4germeister"},"content":{"rendered":"<p><strong>Fabricant :<\/strong> ATIWE \u00ab Indianapolis \u00bb<br \/>\n<strong>Diam\u00e8tre :<\/strong> 360 mm<br \/>\n<strong>Date de production :<\/strong> environ 1990<br \/>\n<strong>\u00c9tat de la jante du volant :<\/strong> voir photos d\u00e9taill\u00e9es<br \/>\n<strong>Ajustement pr\u00e9cis :<\/strong> peut \u00eatre mont\u00e9 sur presque tous les v\u00e9hicules avec le moyeu appropri\u00e9. (Atiwe 3 trous) <\/p>\n<p>&nbsp;<\/p>\n<p>&nbsp;<\/p>\n","protected":false},"excerpt":{"rendered":"<p>Fabricant : ATIWE \u00ab Indianapolis \u00bb Diam\u00e8tre : 360 mm Date de production : environ 1990 \u00c9tat de la jante du volant : voir photos d\u00e9taill\u00e9es Ajustement pr\u00e9cis : peut \u00eatre mont\u00e9 sur presque tous les v\u00e9hicules avec le moyeu appropri\u00e9. (Atiwe 3 trous) &nbsp; &nbsp;<\/p>\n","protected":false},"featured_media":17507,"template":"","meta":{"inline_featured_image":false,"_monsterinsights_skip_tracking":false,"_monsterinsights_sitenote_active":false,"_monsterinsights_sitenote_note":"","_monsterinsights_sitenote_category":0},"product_brand":[],"product_cat":[256,236,237],"product_tag":[],"class_list":{"0":"post-17502","1":"product","2":"type-product","3":"status-publish","4":"has-post-thumbnail","6":"product_cat-atiwe-fr","7":"product_cat-pieces-de-vehicules-classiques","8":"product_cat-volants","10":"first","11":"outofstock","12":"sold-individually","13":"product-type-simple"},"yoast_head":"<!-- This site is optimized with the Yoast SEO plugin v24.7 - https:\/\/yoast.com\/wordpress\/plugins\/seo\/ -->\n<title>1990&#039; Volant Indianapolis BMW E30 M3 DTM J\u00e4germeister -<\/title>\n<meta name=\"robots\" content=\"index, follow, max-snippet:-1, max-image-preview:large, max-video-preview:-1\" \/>\n<link rel=\"canonical\" href=\"https:\/\/www.automobilia-atelier.de\/fr\/produkt\/1990-volant-indianapolis-bmw-e30-m3-dtm-jaegermeister\/\" \/>\n<meta property=\"og:locale\" content=\"fr_FR\" \/>\n<meta property=\"og:type\" content=\"article\" \/>\n<meta property=\"og:title\" content=\"1990&#039; Volant Indianapolis BMW E30 M3 DTM J\u00e4germeister -\" \/>\n<meta property=\"og:description\" content=\"Fabricant : ATIWE \u00ab Indianapolis \u00bb Diam\u00e8tre : 360 mm Date de production : environ 1990 \u00c9tat de la jante du volant : voir photos d\u00e9taill\u00e9es Ajustement pr\u00e9cis : peut \u00eatre mont\u00e9 sur presque tous les v\u00e9hicules avec le moyeu appropri\u00e9. (Atiwe 3 trous) &nbsp; &nbsp;\" \/>\n<meta property=\"og:url\" content=\"https:\/\/www.automobilia-atelier.de\/fr\/produkt\/1990-volant-indianapolis-bmw-e30-m3-dtm-jaegermeister\/\" \/>\n<meta property=\"og:image\" content=\"https:\/\/www.automobilia-atelier.de\/wp-content\/uploads\/2021\/04\/DSC9792-scaled.jpg\" \/>\n\t<meta property=\"og:image:width\" content=\"2400\" \/>\n\t<meta property=\"og:image:height\" content=\"1599\" \/>\n\t<meta property=\"og:image:type\" content=\"image\/jpeg\" \/>\n<meta name=\"twitter:card\" content=\"summary_large_image\" \/>\n<script type=\"application\/ld+json\" class=\"yoast-schema-graph\">{\"@context\":\"https:\/\/schema.org\",\"@graph\":[{\"@type\":\"WebPage\",\"@id\":\"https:\/\/www.automobilia-atelier.de\/fr\/produkt\/1990-volant-indianapolis-bmw-e30-m3-dtm-jaegermeister\/\",\"url\":\"https:\/\/www.automobilia-atelier.de\/fr\/produkt\/1990-volant-indianapolis-bmw-e30-m3-dtm-jaegermeister\/\",\"name\":\"1990' Volant Indianapolis BMW E30 M3 DTM J\u00e4germeister -\",\"isPartOf\":{\"@id\":\"https:\/\/www.automobilia-atelier.de\/fr\/#website\"},\"primaryImageOfPage\":{\"@id\":\"https:\/\/www.automobilia-atelier.de\/fr\/produkt\/1990-volant-indianapolis-bmw-e30-m3-dtm-jaegermeister\/#primaryimage\"},\"image\":{\"@id\":\"https:\/\/www.automobilia-atelier.de\/fr\/produkt\/1990-volant-indianapolis-bmw-e30-m3-dtm-jaegermeister\/#primaryimage\"},\"thumbnailUrl\":\"https:\/\/www.automobilia-atelier.de\/wp-content\/uploads\/2021\/04\/DSC9792-scaled.jpg\",\"datePublished\":\"2021-04-30T16:31:34+00:00\",\"breadcrumb\":{\"@id\":\"https:\/\/www.automobilia-atelier.de\/fr\/produkt\/1990-volant-indianapolis-bmw-e30-m3-dtm-jaegermeister\/#breadcrumb\"},\"inLanguage\":\"fr-FR\",\"potentialAction\":[{\"@type\":\"ReadAction\",\"target\":[\"https:\/\/www.automobilia-atelier.de\/fr\/produkt\/1990-volant-indianapolis-bmw-e30-m3-dtm-jaegermeister\/\"]}]},{\"@type\":\"ImageObject\",\"inLanguage\":\"fr-FR\",\"@id\":\"https:\/\/www.automobilia-atelier.de\/fr\/produkt\/1990-volant-indianapolis-bmw-e30-m3-dtm-jaegermeister\/#primaryimage\",\"url\":\"https:\/\/www.automobilia-atelier.de\/wp-content\/uploads\/2021\/04\/DSC9792-scaled.jpg\",\"contentUrl\":\"https:\/\/www.automobilia-atelier.de\/wp-content\/uploads\/2021\/04\/DSC9792-scaled.jpg\",\"width\":2400,\"height\":1599},{\"@type\":\"BreadcrumbList\",\"@id\":\"https:\/\/www.automobilia-atelier.de\/fr\/produkt\/1990-volant-indianapolis-bmw-e30-m3-dtm-jaegermeister\/#breadcrumb\",\"itemListElement\":[{\"@type\":\"ListItem\",\"position\":1,\"name\":\"Startseite\",\"item\":\"https:\/\/www.automobilia-atelier.de\/fr\/\"},{\"@type\":\"ListItem\",\"position\":2,\"name\":\"Produits\",\"item\":\"https:\/\/www.automobilia-atelier.de\/fr\/shop\/\"},{\"@type\":\"ListItem\",\"position\":3,\"name\":\"1990&prime; Volant Indianapolis BMW E30 M3 DTM J\u00e4germeister\"}]},{\"@type\":\"WebSite\",\"@id\":\"https:\/\/www.automobilia-atelier.de\/fr\/#website\",\"url\":\"https:\/\/www.automobilia-atelier.de\/fr\/\",\"name\":\"\",\"description\":\"\",\"potentialAction\":[{\"@type\":\"SearchAction\",\"target\":{\"@type\":\"EntryPoint\",\"urlTemplate\":\"https:\/\/www.automobilia-atelier.de\/fr\/?s={search_term_string}\"},\"query-input\":{\"@type\":\"PropertyValueSpecification\",\"valueRequired\":true,\"valueName\":\"search_term_string\"}}],\"inLanguage\":\"fr-FR\"}]}<\/script>\n<!-- \/ Yoast SEO plugin. -->","yoast_head_json":{"title":"1990' Volant Indianapolis BMW E30 M3 DTM J\u00e4germeister -","robots":{"index":"index","follow":"follow","max-snippet":"max-snippet:-1","max-image-preview":"max-image-preview:large","max-video-preview":"max-video-preview:-1"},"canonical":"https:\/\/www.automobilia-atelier.de\/fr\/produkt\/1990-volant-indianapolis-bmw-e30-m3-dtm-jaegermeister\/","og_locale":"fr_FR","og_type":"article","og_title":"1990' Volant Indianapolis BMW E30 M3 DTM J\u00e4germeister -","og_description":"Fabricant : ATIWE \u00ab Indianapolis \u00bb Diam\u00e8tre : 360 mm Date de production : environ 1990 \u00c9tat de la jante du volant : voir photos d\u00e9taill\u00e9es Ajustement pr\u00e9cis : peut \u00eatre mont\u00e9 sur presque tous les v\u00e9hicules avec le moyeu appropri\u00e9. (Atiwe 3 trous) &nbsp; &nbsp;","og_url":"https:\/\/www.automobilia-atelier.de\/fr\/produkt\/1990-volant-indianapolis-bmw-e30-m3-dtm-jaegermeister\/","og_image":[{"width":2400,"height":1599,"url":"https:\/\/www.automobilia-atelier.de\/wp-content\/uploads\/2021\/04\/DSC9792-scaled.jpg","type":"image\/jpeg"}],"twitter_card":"summary_large_image","schema":{"@context":"https:\/\/schema.org","@graph":[{"@type":"WebPage","@id":"https:\/\/www.automobilia-atelier.de\/fr\/produkt\/1990-volant-indianapolis-bmw-e30-m3-dtm-jaegermeister\/","url":"https:\/\/www.automobilia-atelier.de\/fr\/produkt\/1990-volant-indianapolis-bmw-e30-m3-dtm-jaegermeister\/","name":"1990' Volant Indianapolis BMW E30 M3 DTM J\u00e4germeister -","isPartOf":{"@id":"https:\/\/www.automobilia-atelier.de\/fr\/#website"},"primaryImageOfPage":{"@id":"https:\/\/www.automobilia-atelier.de\/fr\/produkt\/1990-volant-indianapolis-bmw-e30-m3-dtm-jaegermeister\/#primaryimage"},"image":{"@id":"https:\/\/www.automobilia-atelier.de\/fr\/produkt\/1990-volant-indianapolis-bmw-e30-m3-dtm-jaegermeister\/#primaryimage"},"thumbnailUrl":"https:\/\/www.automobilia-atelier.de\/wp-content\/uploads\/2021\/04\/DSC9792-scaled.jpg","datePublished":"2021-04-30T16:31:34+00:00","breadcrumb":{"@id":"https:\/\/www.automobilia-atelier.de\/fr\/produkt\/1990-volant-indianapolis-bmw-e30-m3-dtm-jaegermeister\/#breadcrumb"},"inLanguage":"fr-FR","potentialAction":[{"@type":"ReadAction","target":["https:\/\/www.automobilia-atelier.de\/fr\/produkt\/1990-volant-indianapolis-bmw-e30-m3-dtm-jaegermeister\/"]}]},{"@type":"ImageObject","inLanguage":"fr-FR","@id":"https:\/\/www.automobilia-atelier.de\/fr\/produkt\/1990-volant-indianapolis-bmw-e30-m3-dtm-jaegermeister\/#primaryimage","url":"https:\/\/www.automobilia-atelier.de\/wp-content\/uploads\/2021\/04\/DSC9792-scaled.jpg","contentUrl":"https:\/\/www.automobilia-atelier.de\/wp-content\/uploads\/2021\/04\/DSC9792-scaled.jpg","width":2400,"height":1599},{"@type":"BreadcrumbList","@id":"https:\/\/www.automobilia-atelier.de\/fr\/produkt\/1990-volant-indianapolis-bmw-e30-m3-dtm-jaegermeister\/#breadcrumb","itemListElement":[{"@type":"ListItem","position":1,"name":"Startseite","item":"https:\/\/www.automobilia-atelier.de\/fr\/"},{"@type":"ListItem","position":2,"name":"Produits","item":"https:\/\/www.automobilia-atelier.de\/fr\/shop\/"},{"@type":"ListItem","position":3,"name":"1990&prime; Volant Indianapolis BMW E30 M3 DTM J\u00e4germeister"}]},{"@type":"WebSite","@id":"https:\/\/www.automobilia-atelier.de\/fr\/#website","url":"https:\/\/www.automobilia-atelier.de\/fr\/","name":"","description":"","potentialAction":[{"@type":"SearchAction","target":{"@type":"EntryPoint","urlTemplate":"https:\/\/www.automobilia-atelier.de\/fr\/?s={search_term_string}"},"query-input":{"@type":"PropertyValueSpecification","valueRequired":true,"valueName":"search_term_string"}}],"inLanguage":"fr-FR"}]}},"jetpack_sharing_enabled":true,"_links":{"self":[{"href":"https:\/\/www.automobilia-atelier.de\/fr\/wp-json\/wp\/v2\/product\/17502","targetHints":{"allow":["GET"]}}],"collection":[{"href":"https:\/\/www.automobilia-atelier.de\/fr\/wp-json\/wp\/v2\/product"}],"about":[{"href":"https:\/\/www.automobilia-atelier.de\/fr\/wp-json\/wp\/v2\/types\/product"}],"wp:featuredmedia":[{"embeddable":true,"href":"https:\/\/www.automobilia-atelier.de\/fr\/wp-json\/wp\/v2\/media\/17507"}],"wp:attachment":[{"href":"https:\/\/www.automobilia-atelier.de\/fr\/wp-json\/wp\/v2\/media?parent=17502"}],"wp:term":[{"taxonomy":"product_brand","embeddable":true,"href":"https:\/\/www.automobilia-atelier.de\/fr\/wp-json\/wp\/v2\/product_brand?post=17502"},{"taxonomy":"product_cat","embeddable":true,"href":"https:\/\/www.automobilia-atelier.de\/fr\/wp-json\/wp\/v2\/product_cat?post=17502"},{"taxonomy":"product_tag","embeddable":true,"href":"https:\/\/www.automobilia-atelier.de\/fr\/wp-json\/wp\/v2\/product_tag?post=17502"}],"curies":[{"name":"wp","href":"https:\/\/api.w.org\/{rel}","templated":true}]}}