{"id":17504,"date":"2021-03-11T09:45:04","date_gmt":"2021-03-11T08:45:04","guid":{"rendered":"https:\/\/www.automobilia-atelier.de\/produkt\/moyeu-de-volant-nardi-personal-0486-g-audi-80-90-100-200\/"},"modified":"2021-03-11T09:45:04","modified_gmt":"2021-03-11T08:45:04","slug":"moyeu-de-volant-nardi-personal-0486-g-audi-80-90-100-200","status":"publish","type":"product","link":"https:\/\/www.automobilia-atelier.de\/fr\/produkt\/moyeu-de-volant-nardi-personal-0486-g-audi-80-90-100-200\/","title":{"rendered":"Moyeu de volant Nardi \/ Personal (0486 G) Audi 80 \/ 90 \/ 100 \/ 200"},"content":{"rendered":"<p><strong>Fabricant :<\/strong> NARDI \/ PERSONAL<br \/>\n<strong>\u00c9tat :<\/strong> voir photos d\u00e9taill\u00e9es<br \/>\n<strong>Montage :<\/strong> moyeu n\u00b0 0486 G<\/p>\n<ul>\n<li>Audi 80, 90 (89)<\/li>\n<li>Audi Coup\u00e9 (89)<\/li>\n<li>Audi Cabriolet (89)<\/li>\n<li>Audi 80, 90 Quattro (89Q)<\/li>\n<li>Audi Coup\u00e9 Quattro (89Q)<\/li>\n<li>Audi 80, 80 Quattro (B4)<\/li>\n<li>Audi 80 Avant, Quattro (B4)<\/li>\n<li>Audi 100,- Avant (44)<\/li>\n<li>Audi 200,- Avant (44)<\/li>\n<li>Audi 100 Avant, Quattro (44Q)<\/li>\n<li>Audi 200 Avant, Quattro (44Q)<\/li>\n<li>Audi 100 Quattro (C4)<\/li>\n<li>Audi 100 Avant, Quattro (C4)<\/li>\n<\/ul>\n","protected":false},"excerpt":{"rendered":"<p>Fabricant : NARDI \/ PERSONAL \u00c9tat : voir photos d\u00e9taill\u00e9es Montage : moyeu n\u00b0 0486 G Audi 80, 90 (89) Audi Coup\u00e9 (89) Audi Cabriolet (89) Audi 80, 90 Quattro (89Q) Audi Coup\u00e9 Quattro (89Q) Audi 80, 80 Quattro (B4) Audi 80 Avant, Quattro (B4) Audi 100,- Avant (44) Audi 200,- Avant (44) Audi 100 &hellip; <a href=\"https:\/\/www.automobilia-atelier.de\/fr\/produkt\/moyeu-de-volant-nardi-personal-0486-g-audi-80-90-100-200\/\" class=\"more-link\">Continuer \u00e0 lire <span class=\"screen-reader-text\">Moyeu de volant Nardi \/ Personal (0486 G) Audi 80 \/ 90 \/ 100 \/ 200<\/span> <span class=\"meta-nav\">\u2192<\/span><\/a><\/p>\n","protected":false},"featured_media":17511,"template":"","meta":{"inline_featured_image":false,"_monsterinsights_skip_tracking":false,"_monsterinsights_sitenote_active":false,"_monsterinsights_sitenote_note":"","_monsterinsights_sitenote_category":0},"product_brand":[],"product_cat":[252,272],"product_tag":[],"class_list":{"0":"post-17504","1":"product","2":"type-product","3":"status-publish","4":"has-post-thumbnail","6":"product_cat-moyeux-de-volant","7":"product_cat-nardi-personnel-fr-2","9":"first","10":"outofstock","11":"sold-individually","12":"product-type-simple"},"yoast_head":"<!-- This site is optimized with the Yoast SEO plugin v24.7 - https:\/\/yoast.com\/wordpress\/plugins\/seo\/ -->\n<title>Moyeu de volant Nardi \/ Personal (0486 G) Audi 80 \/ 90 \/ 100 \/ 200 -<\/title>\n<meta name=\"robots\" content=\"index, follow, max-snippet:-1, max-image-preview:large, max-video-preview:-1\" \/>\n<link rel=\"canonical\" href=\"https:\/\/www.automobilia-atelier.de\/fr\/produkt\/moyeu-de-volant-nardi-personal-0486-g-audi-80-90-100-200\/\" \/>\n<meta property=\"og:locale\" content=\"fr_FR\" \/>\n<meta property=\"og:type\" content=\"article\" \/>\n<meta property=\"og:title\" content=\"Moyeu de volant Nardi \/ Personal (0486 G) Audi 80 \/ 90 \/ 100 \/ 200 -\" \/>\n<meta property=\"og:description\" content=\"Fabricant : NARDI \/ PERSONAL \u00c9tat : voir photos d\u00e9taill\u00e9es Montage : moyeu n\u00b0 0486 G Audi 80, 90 (89) Audi Coup\u00e9 (89) Audi Cabriolet (89) Audi 80, 90 Quattro (89Q) Audi Coup\u00e9 Quattro (89Q) Audi 80, 80 Quattro (B4) Audi 80 Avant, Quattro (B4) Audi 100,- Avant (44) Audi 200,- Avant (44) Audi 100 &hellip; Continuer \u00e0 lire Moyeu de volant Nardi \/ Personal (0486 G) Audi 80 \/ 90 \/ 100 \/ 200 \u2192\" \/>\n<meta property=\"og:url\" content=\"https:\/\/www.automobilia-atelier.de\/fr\/produkt\/moyeu-de-volant-nardi-personal-0486-g-audi-80-90-100-200\/\" \/>\n<meta property=\"og:image\" content=\"https:\/\/www.automobilia-atelier.de\/wp-content\/uploads\/2022\/03\/DSC3483-1-scaled.jpg\" \/>\n\t<meta property=\"og:image:width\" content=\"2400\" \/>\n\t<meta property=\"og:image:height\" content=\"1600\" \/>\n\t<meta property=\"og:image:type\" content=\"image\/jpeg\" \/>\n<meta name=\"twitter:card\" content=\"summary_large_image\" \/>\n<script type=\"application\/ld+json\" class=\"yoast-schema-graph\">{\"@context\":\"https:\/\/schema.org\",\"@graph\":[{\"@type\":\"WebPage\",\"@id\":\"https:\/\/www.automobilia-atelier.de\/fr\/produkt\/moyeu-de-volant-nardi-personal-0486-g-audi-80-90-100-200\/\",\"url\":\"https:\/\/www.automobilia-atelier.de\/fr\/produkt\/moyeu-de-volant-nardi-personal-0486-g-audi-80-90-100-200\/\",\"name\":\"Moyeu de volant Nardi \/ Personal (0486 G) Audi 80 \/ 90 \/ 100 \/ 200 -\",\"isPartOf\":{\"@id\":\"https:\/\/www.automobilia-atelier.de\/fr\/#website\"},\"primaryImageOfPage\":{\"@id\":\"https:\/\/www.automobilia-atelier.de\/fr\/produkt\/moyeu-de-volant-nardi-personal-0486-g-audi-80-90-100-200\/#primaryimage\"},\"image\":{\"@id\":\"https:\/\/www.automobilia-atelier.de\/fr\/produkt\/moyeu-de-volant-nardi-personal-0486-g-audi-80-90-100-200\/#primaryimage\"},\"thumbnailUrl\":\"https:\/\/www.automobilia-atelier.de\/wp-content\/uploads\/2022\/03\/DSC3483-1-scaled.jpg\",\"datePublished\":\"2021-03-11T08:45:04+00:00\",\"breadcrumb\":{\"@id\":\"https:\/\/www.automobilia-atelier.de\/fr\/produkt\/moyeu-de-volant-nardi-personal-0486-g-audi-80-90-100-200\/#breadcrumb\"},\"inLanguage\":\"fr-FR\",\"potentialAction\":[{\"@type\":\"ReadAction\",\"target\":[\"https:\/\/www.automobilia-atelier.de\/fr\/produkt\/moyeu-de-volant-nardi-personal-0486-g-audi-80-90-100-200\/\"]}]},{\"@type\":\"ImageObject\",\"inLanguage\":\"fr-FR\",\"@id\":\"https:\/\/www.automobilia-atelier.de\/fr\/produkt\/moyeu-de-volant-nardi-personal-0486-g-audi-80-90-100-200\/#primaryimage\",\"url\":\"https:\/\/www.automobilia-atelier.de\/wp-content\/uploads\/2022\/03\/DSC3483-1-scaled.jpg\",\"contentUrl\":\"https:\/\/www.automobilia-atelier.de\/wp-content\/uploads\/2022\/03\/DSC3483-1-scaled.jpg\",\"width\":2400,\"height\":1600},{\"@type\":\"BreadcrumbList\",\"@id\":\"https:\/\/www.automobilia-atelier.de\/fr\/produkt\/moyeu-de-volant-nardi-personal-0486-g-audi-80-90-100-200\/#breadcrumb\",\"itemListElement\":[{\"@type\":\"ListItem\",\"position\":1,\"name\":\"Startseite\",\"item\":\"https:\/\/www.automobilia-atelier.de\/fr\/\"},{\"@type\":\"ListItem\",\"position\":2,\"name\":\"Produits\",\"item\":\"https:\/\/www.automobilia-atelier.de\/fr\/shop\/\"},{\"@type\":\"ListItem\",\"position\":3,\"name\":\"Moyeu de volant Nardi \/ Personal (0486 G) Audi 80 \/ 90 \/ 100 \/ 200\"}]},{\"@type\":\"WebSite\",\"@id\":\"https:\/\/www.automobilia-atelier.de\/fr\/#website\",\"url\":\"https:\/\/www.automobilia-atelier.de\/fr\/\",\"name\":\"\",\"description\":\"\",\"potentialAction\":[{\"@type\":\"SearchAction\",\"target\":{\"@type\":\"EntryPoint\",\"urlTemplate\":\"https:\/\/www.automobilia-atelier.de\/fr\/?s={search_term_string}\"},\"query-input\":{\"@type\":\"PropertyValueSpecification\",\"valueRequired\":true,\"valueName\":\"search_term_string\"}}],\"inLanguage\":\"fr-FR\"}]}<\/script>\n<!-- \/ Yoast SEO plugin. -->","yoast_head_json":{"title":"Moyeu de volant Nardi \/ Personal (0486 G) Audi 80 \/ 90 \/ 100 \/ 200 -","robots":{"index":"index","follow":"follow","max-snippet":"max-snippet:-1","max-image-preview":"max-image-preview:large","max-video-preview":"max-video-preview:-1"},"canonical":"https:\/\/www.automobilia-atelier.de\/fr\/produkt\/moyeu-de-volant-nardi-personal-0486-g-audi-80-90-100-200\/","og_locale":"fr_FR","og_type":"article","og_title":"Moyeu de volant Nardi \/ Personal (0486 G) Audi 80 \/ 90 \/ 100 \/ 200 -","og_description":"Fabricant : NARDI \/ PERSONAL \u00c9tat : voir photos d\u00e9taill\u00e9es Montage : moyeu n\u00b0 0486 G Audi 80, 90 (89) Audi Coup\u00e9 (89) Audi Cabriolet (89) Audi 80, 90 Quattro (89Q) Audi Coup\u00e9 Quattro (89Q) Audi 80, 80 Quattro (B4) Audi 80 Avant, Quattro (B4) Audi 100,- Avant (44) Audi 200,- Avant (44) Audi 100 &hellip; Continuer \u00e0 lire Moyeu de volant Nardi \/ Personal (0486 G) Audi 80 \/ 90 \/ 100 \/ 200 \u2192","og_url":"https:\/\/www.automobilia-atelier.de\/fr\/produkt\/moyeu-de-volant-nardi-personal-0486-g-audi-80-90-100-200\/","og_image":[{"width":2400,"height":1600,"url":"https:\/\/www.automobilia-atelier.de\/wp-content\/uploads\/2022\/03\/DSC3483-1-scaled.jpg","type":"image\/jpeg"}],"twitter_card":"summary_large_image","schema":{"@context":"https:\/\/schema.org","@graph":[{"@type":"WebPage","@id":"https:\/\/www.automobilia-atelier.de\/fr\/produkt\/moyeu-de-volant-nardi-personal-0486-g-audi-80-90-100-200\/","url":"https:\/\/www.automobilia-atelier.de\/fr\/produkt\/moyeu-de-volant-nardi-personal-0486-g-audi-80-90-100-200\/","name":"Moyeu de volant Nardi \/ Personal (0486 G) Audi 80 \/ 90 \/ 100 \/ 200 -","isPartOf":{"@id":"https:\/\/www.automobilia-atelier.de\/fr\/#website"},"primaryImageOfPage":{"@id":"https:\/\/www.automobilia-atelier.de\/fr\/produkt\/moyeu-de-volant-nardi-personal-0486-g-audi-80-90-100-200\/#primaryimage"},"image":{"@id":"https:\/\/www.automobilia-atelier.de\/fr\/produkt\/moyeu-de-volant-nardi-personal-0486-g-audi-80-90-100-200\/#primaryimage"},"thumbnailUrl":"https:\/\/www.automobilia-atelier.de\/wp-content\/uploads\/2022\/03\/DSC3483-1-scaled.jpg","datePublished":"2021-03-11T08:45:04+00:00","breadcrumb":{"@id":"https:\/\/www.automobilia-atelier.de\/fr\/produkt\/moyeu-de-volant-nardi-personal-0486-g-audi-80-90-100-200\/#breadcrumb"},"inLanguage":"fr-FR","potentialAction":[{"@type":"ReadAction","target":["https:\/\/www.automobilia-atelier.de\/fr\/produkt\/moyeu-de-volant-nardi-personal-0486-g-audi-80-90-100-200\/"]}]},{"@type":"ImageObject","inLanguage":"fr-FR","@id":"https:\/\/www.automobilia-atelier.de\/fr\/produkt\/moyeu-de-volant-nardi-personal-0486-g-audi-80-90-100-200\/#primaryimage","url":"https:\/\/www.automobilia-atelier.de\/wp-content\/uploads\/2022\/03\/DSC3483-1-scaled.jpg","contentUrl":"https:\/\/www.automobilia-atelier.de\/wp-content\/uploads\/2022\/03\/DSC3483-1-scaled.jpg","width":2400,"height":1600},{"@type":"BreadcrumbList","@id":"https:\/\/www.automobilia-atelier.de\/fr\/produkt\/moyeu-de-volant-nardi-personal-0486-g-audi-80-90-100-200\/#breadcrumb","itemListElement":[{"@type":"ListItem","position":1,"name":"Startseite","item":"https:\/\/www.automobilia-atelier.de\/fr\/"},{"@type":"ListItem","position":2,"name":"Produits","item":"https:\/\/www.automobilia-atelier.de\/fr\/shop\/"},{"@type":"ListItem","position":3,"name":"Moyeu de volant Nardi \/ Personal (0486 G) Audi 80 \/ 90 \/ 100 \/ 200"}]},{"@type":"WebSite","@id":"https:\/\/www.automobilia-atelier.de\/fr\/#website","url":"https:\/\/www.automobilia-atelier.de\/fr\/","name":"","description":"","potentialAction":[{"@type":"SearchAction","target":{"@type":"EntryPoint","urlTemplate":"https:\/\/www.automobilia-atelier.de\/fr\/?s={search_term_string}"},"query-input":{"@type":"PropertyValueSpecification","valueRequired":true,"valueName":"search_term_string"}}],"inLanguage":"fr-FR"}]}},"jetpack_sharing_enabled":true,"_links":{"self":[{"href":"https:\/\/www.automobilia-atelier.de\/fr\/wp-json\/wp\/v2\/product\/17504","targetHints":{"allow":["GET"]}}],"collection":[{"href":"https:\/\/www.automobilia-atelier.de\/fr\/wp-json\/wp\/v2\/product"}],"about":[{"href":"https:\/\/www.automobilia-atelier.de\/fr\/wp-json\/wp\/v2\/types\/product"}],"wp:featuredmedia":[{"embeddable":true,"href":"https:\/\/www.automobilia-atelier.de\/fr\/wp-json\/wp\/v2\/media\/17511"}],"wp:attachment":[{"href":"https:\/\/www.automobilia-atelier.de\/fr\/wp-json\/wp\/v2\/media?parent=17504"}],"wp:term":[{"taxonomy":"product_brand","embeddable":true,"href":"https:\/\/www.automobilia-atelier.de\/fr\/wp-json\/wp\/v2\/product_brand?post=17504"},{"taxonomy":"product_cat","embeddable":true,"href":"https:\/\/www.automobilia-atelier.de\/fr\/wp-json\/wp\/v2\/product_cat?post=17504"},{"taxonomy":"product_tag","embeddable":true,"href":"https:\/\/www.automobilia-atelier.de\/fr\/wp-json\/wp\/v2\/product_tag?post=17504"}],"curies":[{"name":"wp","href":"https:\/\/api.w.org\/{rel}","templated":true}]}}