{"id":17575,"date":"2021-10-12T19:49:20","date_gmt":"2021-10-12T17:49:20","guid":{"rendered":"https:\/\/www.automobilia-atelier.de\/produkt\/amortisseur-momo-des-annees-1980-jaguar-mercedes-bmw-mg\/"},"modified":"2021-10-12T19:49:20","modified_gmt":"2021-10-12T17:49:20","slug":"amortisseur-momo-des-annees-1980-jaguar-mercedes-bmw-mg","status":"publish","type":"product","link":"https:\/\/www.automobilia-atelier.de\/fr\/produkt\/amortisseur-momo-des-annees-1980-jaguar-mercedes-bmw-mg\/","title":{"rendered":"Amortisseur MOMO des ann\u00e9es 1980 Jaguar \/ Mercedes \/ BMW \/ MG"},"content":{"rendered":"<p><strong>Fabricant :<\/strong> MOMO<br \/>\n<strong>Date de production :<\/strong> environ 1980<br \/>\n<strong>Etat :<\/strong> voir photos d\u00e9taill\u00e9es. La derni\u00e8re photo de la galerie montre le volant qui s&rsquo;adapte \u00e0 cet amortisseur<\/p>\n","protected":false},"excerpt":{"rendered":"<p>Fabricant : MOMO Date de production : environ 1980 Etat : voir photos d\u00e9taill\u00e9es. La derni\u00e8re photo de la galerie montre le volant qui s&rsquo;adapte \u00e0 cet amortisseur<\/p>\n","protected":false},"featured_media":17582,"template":"","meta":{"inline_featured_image":false,"_monsterinsights_skip_tracking":false,"_monsterinsights_sitenote_active":false,"_monsterinsights_sitenote_note":"","_monsterinsights_sitenote_category":0},"product_brand":[],"product_cat":[249,266],"product_tag":[],"class_list":{"0":"post-17575","1":"product","2":"type-product","3":"status-publish","4":"has-post-thumbnail","6":"product_cat-boutons-de-corne","7":"product_cat-momo-fr-4","9":"first","10":"outofstock","11":"sold-individually","12":"product-type-simple"},"yoast_head":"<!-- This site is optimized with the Yoast SEO plugin v24.7 - https:\/\/yoast.com\/wordpress\/plugins\/seo\/ -->\n<title>Amortisseur MOMO des ann\u00e9es 1980 Jaguar \/ Mercedes \/ BMW \/ MG -<\/title>\n<meta name=\"robots\" content=\"index, follow, max-snippet:-1, max-image-preview:large, max-video-preview:-1\" \/>\n<link rel=\"canonical\" href=\"https:\/\/www.automobilia-atelier.de\/fr\/produkt\/amortisseur-momo-des-annees-1980-jaguar-mercedes-bmw-mg\/\" \/>\n<meta property=\"og:locale\" content=\"fr_FR\" \/>\n<meta property=\"og:type\" content=\"article\" \/>\n<meta property=\"og:title\" content=\"Amortisseur MOMO des ann\u00e9es 1980 Jaguar \/ Mercedes \/ BMW \/ MG -\" \/>\n<meta property=\"og:description\" content=\"Fabricant : MOMO Date de production : environ 1980 Etat : voir photos d\u00e9taill\u00e9es. La derni\u00e8re photo de la galerie montre le volant qui s&rsquo;adapte \u00e0 cet amortisseur\" \/>\n<meta property=\"og:url\" content=\"https:\/\/www.automobilia-atelier.de\/fr\/produkt\/amortisseur-momo-des-annees-1980-jaguar-mercedes-bmw-mg\/\" \/>\n<meta property=\"og:image\" content=\"https:\/\/www.automobilia-atelier.de\/wp-content\/uploads\/2022\/10\/DSC5754-scaled.jpg\" \/>\n\t<meta property=\"og:image:width\" content=\"2400\" \/>\n\t<meta property=\"og:image:height\" content=\"1600\" \/>\n\t<meta property=\"og:image:type\" content=\"image\/jpeg\" \/>\n<meta name=\"twitter:card\" content=\"summary_large_image\" \/>\n<script type=\"application\/ld+json\" class=\"yoast-schema-graph\">{\"@context\":\"https:\/\/schema.org\",\"@graph\":[{\"@type\":\"WebPage\",\"@id\":\"https:\/\/www.automobilia-atelier.de\/fr\/produkt\/amortisseur-momo-des-annees-1980-jaguar-mercedes-bmw-mg\/\",\"url\":\"https:\/\/www.automobilia-atelier.de\/fr\/produkt\/amortisseur-momo-des-annees-1980-jaguar-mercedes-bmw-mg\/\",\"name\":\"Amortisseur MOMO des ann\u00e9es 1980 Jaguar \/ Mercedes \/ BMW \/ MG -\",\"isPartOf\":{\"@id\":\"https:\/\/www.automobilia-atelier.de\/fr\/#website\"},\"primaryImageOfPage\":{\"@id\":\"https:\/\/www.automobilia-atelier.de\/fr\/produkt\/amortisseur-momo-des-annees-1980-jaguar-mercedes-bmw-mg\/#primaryimage\"},\"image\":{\"@id\":\"https:\/\/www.automobilia-atelier.de\/fr\/produkt\/amortisseur-momo-des-annees-1980-jaguar-mercedes-bmw-mg\/#primaryimage\"},\"thumbnailUrl\":\"https:\/\/www.automobilia-atelier.de\/wp-content\/uploads\/2022\/10\/DSC5754-scaled.jpg\",\"datePublished\":\"2021-10-12T17:49:20+00:00\",\"breadcrumb\":{\"@id\":\"https:\/\/www.automobilia-atelier.de\/fr\/produkt\/amortisseur-momo-des-annees-1980-jaguar-mercedes-bmw-mg\/#breadcrumb\"},\"inLanguage\":\"fr-FR\",\"potentialAction\":[{\"@type\":\"ReadAction\",\"target\":[\"https:\/\/www.automobilia-atelier.de\/fr\/produkt\/amortisseur-momo-des-annees-1980-jaguar-mercedes-bmw-mg\/\"]}]},{\"@type\":\"ImageObject\",\"inLanguage\":\"fr-FR\",\"@id\":\"https:\/\/www.automobilia-atelier.de\/fr\/produkt\/amortisseur-momo-des-annees-1980-jaguar-mercedes-bmw-mg\/#primaryimage\",\"url\":\"https:\/\/www.automobilia-atelier.de\/wp-content\/uploads\/2022\/10\/DSC5754-scaled.jpg\",\"contentUrl\":\"https:\/\/www.automobilia-atelier.de\/wp-content\/uploads\/2022\/10\/DSC5754-scaled.jpg\",\"width\":2400,\"height\":1600},{\"@type\":\"BreadcrumbList\",\"@id\":\"https:\/\/www.automobilia-atelier.de\/fr\/produkt\/amortisseur-momo-des-annees-1980-jaguar-mercedes-bmw-mg\/#breadcrumb\",\"itemListElement\":[{\"@type\":\"ListItem\",\"position\":1,\"name\":\"Startseite\",\"item\":\"https:\/\/www.automobilia-atelier.de\/fr\/\"},{\"@type\":\"ListItem\",\"position\":2,\"name\":\"Produits\",\"item\":\"https:\/\/www.automobilia-atelier.de\/fr\/shop\/\"},{\"@type\":\"ListItem\",\"position\":3,\"name\":\"Amortisseur MOMO des ann\u00e9es 1980 Jaguar \/ Mercedes \/ BMW \/ MG\"}]},{\"@type\":\"WebSite\",\"@id\":\"https:\/\/www.automobilia-atelier.de\/fr\/#website\",\"url\":\"https:\/\/www.automobilia-atelier.de\/fr\/\",\"name\":\"\",\"description\":\"\",\"potentialAction\":[{\"@type\":\"SearchAction\",\"target\":{\"@type\":\"EntryPoint\",\"urlTemplate\":\"https:\/\/www.automobilia-atelier.de\/fr\/?s={search_term_string}\"},\"query-input\":{\"@type\":\"PropertyValueSpecification\",\"valueRequired\":true,\"valueName\":\"search_term_string\"}}],\"inLanguage\":\"fr-FR\"}]}<\/script>\n<!-- \/ Yoast SEO plugin. -->","yoast_head_json":{"title":"Amortisseur MOMO des ann\u00e9es 1980 Jaguar \/ Mercedes \/ BMW \/ MG -","robots":{"index":"index","follow":"follow","max-snippet":"max-snippet:-1","max-image-preview":"max-image-preview:large","max-video-preview":"max-video-preview:-1"},"canonical":"https:\/\/www.automobilia-atelier.de\/fr\/produkt\/amortisseur-momo-des-annees-1980-jaguar-mercedes-bmw-mg\/","og_locale":"fr_FR","og_type":"article","og_title":"Amortisseur MOMO des ann\u00e9es 1980 Jaguar \/ Mercedes \/ BMW \/ MG -","og_description":"Fabricant : MOMO Date de production : environ 1980 Etat : voir photos d\u00e9taill\u00e9es. La derni\u00e8re photo de la galerie montre le volant qui s&rsquo;adapte \u00e0 cet amortisseur","og_url":"https:\/\/www.automobilia-atelier.de\/fr\/produkt\/amortisseur-momo-des-annees-1980-jaguar-mercedes-bmw-mg\/","og_image":[{"width":2400,"height":1600,"url":"https:\/\/www.automobilia-atelier.de\/wp-content\/uploads\/2022\/10\/DSC5754-scaled.jpg","type":"image\/jpeg"}],"twitter_card":"summary_large_image","schema":{"@context":"https:\/\/schema.org","@graph":[{"@type":"WebPage","@id":"https:\/\/www.automobilia-atelier.de\/fr\/produkt\/amortisseur-momo-des-annees-1980-jaguar-mercedes-bmw-mg\/","url":"https:\/\/www.automobilia-atelier.de\/fr\/produkt\/amortisseur-momo-des-annees-1980-jaguar-mercedes-bmw-mg\/","name":"Amortisseur MOMO des ann\u00e9es 1980 Jaguar \/ Mercedes \/ BMW \/ MG -","isPartOf":{"@id":"https:\/\/www.automobilia-atelier.de\/fr\/#website"},"primaryImageOfPage":{"@id":"https:\/\/www.automobilia-atelier.de\/fr\/produkt\/amortisseur-momo-des-annees-1980-jaguar-mercedes-bmw-mg\/#primaryimage"},"image":{"@id":"https:\/\/www.automobilia-atelier.de\/fr\/produkt\/amortisseur-momo-des-annees-1980-jaguar-mercedes-bmw-mg\/#primaryimage"},"thumbnailUrl":"https:\/\/www.automobilia-atelier.de\/wp-content\/uploads\/2022\/10\/DSC5754-scaled.jpg","datePublished":"2021-10-12T17:49:20+00:00","breadcrumb":{"@id":"https:\/\/www.automobilia-atelier.de\/fr\/produkt\/amortisseur-momo-des-annees-1980-jaguar-mercedes-bmw-mg\/#breadcrumb"},"inLanguage":"fr-FR","potentialAction":[{"@type":"ReadAction","target":["https:\/\/www.automobilia-atelier.de\/fr\/produkt\/amortisseur-momo-des-annees-1980-jaguar-mercedes-bmw-mg\/"]}]},{"@type":"ImageObject","inLanguage":"fr-FR","@id":"https:\/\/www.automobilia-atelier.de\/fr\/produkt\/amortisseur-momo-des-annees-1980-jaguar-mercedes-bmw-mg\/#primaryimage","url":"https:\/\/www.automobilia-atelier.de\/wp-content\/uploads\/2022\/10\/DSC5754-scaled.jpg","contentUrl":"https:\/\/www.automobilia-atelier.de\/wp-content\/uploads\/2022\/10\/DSC5754-scaled.jpg","width":2400,"height":1600},{"@type":"BreadcrumbList","@id":"https:\/\/www.automobilia-atelier.de\/fr\/produkt\/amortisseur-momo-des-annees-1980-jaguar-mercedes-bmw-mg\/#breadcrumb","itemListElement":[{"@type":"ListItem","position":1,"name":"Startseite","item":"https:\/\/www.automobilia-atelier.de\/fr\/"},{"@type":"ListItem","position":2,"name":"Produits","item":"https:\/\/www.automobilia-atelier.de\/fr\/shop\/"},{"@type":"ListItem","position":3,"name":"Amortisseur MOMO des ann\u00e9es 1980 Jaguar \/ Mercedes \/ BMW \/ MG"}]},{"@type":"WebSite","@id":"https:\/\/www.automobilia-atelier.de\/fr\/#website","url":"https:\/\/www.automobilia-atelier.de\/fr\/","name":"","description":"","potentialAction":[{"@type":"SearchAction","target":{"@type":"EntryPoint","urlTemplate":"https:\/\/www.automobilia-atelier.de\/fr\/?s={search_term_string}"},"query-input":{"@type":"PropertyValueSpecification","valueRequired":true,"valueName":"search_term_string"}}],"inLanguage":"fr-FR"}]}},"jetpack_sharing_enabled":true,"_links":{"self":[{"href":"https:\/\/www.automobilia-atelier.de\/fr\/wp-json\/wp\/v2\/product\/17575","targetHints":{"allow":["GET"]}}],"collection":[{"href":"https:\/\/www.automobilia-atelier.de\/fr\/wp-json\/wp\/v2\/product"}],"about":[{"href":"https:\/\/www.automobilia-atelier.de\/fr\/wp-json\/wp\/v2\/types\/product"}],"wp:featuredmedia":[{"embeddable":true,"href":"https:\/\/www.automobilia-atelier.de\/fr\/wp-json\/wp\/v2\/media\/17582"}],"wp:attachment":[{"href":"https:\/\/www.automobilia-atelier.de\/fr\/wp-json\/wp\/v2\/media?parent=17575"}],"wp:term":[{"taxonomy":"product_brand","embeddable":true,"href":"https:\/\/www.automobilia-atelier.de\/fr\/wp-json\/wp\/v2\/product_brand?post=17575"},{"taxonomy":"product_cat","embeddable":true,"href":"https:\/\/www.automobilia-atelier.de\/fr\/wp-json\/wp\/v2\/product_cat?post=17575"},{"taxonomy":"product_tag","embeddable":true,"href":"https:\/\/www.automobilia-atelier.de\/fr\/wp-json\/wp\/v2\/product_tag?post=17575"}],"curies":[{"name":"wp","href":"https:\/\/api.w.org\/{rel}","templated":true}]}}