{"id":17579,"date":"2021-11-11T16:36:49","date_gmt":"2021-11-11T15:36:49","guid":{"rendered":"https:\/\/www.automobilia-atelier.de\/produkt\/moyeu-de-volant-momo-s153-s154-s156-bmw-1800-2000-e3-e9-e10\/"},"modified":"2021-11-11T16:36:49","modified_gmt":"2021-11-11T15:36:49","slug":"moyeu-de-volant-momo-s153-s154-s156-bmw-1800-2000-e3-e9-e10","status":"publish","type":"product","link":"https:\/\/www.automobilia-atelier.de\/fr\/produkt\/moyeu-de-volant-momo-s153-s154-s156-bmw-1800-2000-e3-e9-e10\/","title":{"rendered":"Moyeu de volant MOMO (S153 \/ S154 \/ S156) BMW 1800 \/ 2000 \/ E3 \/ E9 \/ E10"},"content":{"rendered":"<p><strong>Fabricant :<\/strong> MOMO<br \/>\n<strong>\u00c9tat :<\/strong> voir photos d\u00e9taill\u00e9es<br \/>\n<strong>Ajuster:<\/strong><strong> <\/strong>Hub n\u00b0 S 153 \/ 154 \/ 156 <\/p>\n<ul>\n<li>BMW 1800 \/ 1800 Ti<\/li>\n<li>BMW 2000 Ti \/ Tii \/ Tilux<\/li>\n<li>BMW E3 \u2013 2500 \/ 2800<\/li>\n<li>BMW E9 \u2013 2500 \u2013 3.0 CSL<\/li>\n<li>BMW E10 \u2013 1602 de 01\/1974 \u00e0 08\/1974<\/li>\n<li>BMW E10 \u2013 1502 \/ 1600 \/ 1802 \/ 2002 \u2013 tous types<\/li>\n<li>BMW E21 Type 3 \u2013 jusqu&rsquo;en 1982<\/li>\n<li>BMW E23 Type 7 \u2013 jusqu&rsquo;en 1986<\/li>\n<li>BMW E28 \u2013 jusqu&rsquo;en 1981<\/li>\n<li>BMW S\u00e9rie 6 Type CS\/1 \u2013 toutes jusqu&rsquo;\u00e0 8\/83<\/li>\n<\/ul>\n<p>Selon le mod\u00e8le, la conversion de la bague collectrice en broche de meulage peut \u00eatre n\u00e9cessaire.<\/p>\n","protected":false},"excerpt":{"rendered":"<p>Fabricant : MOMO \u00c9tat : voir photos d\u00e9taill\u00e9es Ajuster: Hub n\u00b0 S 153 \/ 154 \/ 156 BMW 1800 \/ 1800 Ti BMW 2000 Ti \/ Tii \/ Tilux BMW E3 \u2013 2500 \/ 2800 BMW E9 \u2013 2500 \u2013 3.0 CSL BMW E10 \u2013 1602 de 01\/1974 \u00e0 08\/1974 BMW E10 \u2013 1502 \/ &hellip; <a href=\"https:\/\/www.automobilia-atelier.de\/fr\/produkt\/moyeu-de-volant-momo-s153-s154-s156-bmw-1800-2000-e3-e9-e10\/\" class=\"more-link\">Continuer \u00e0 lire <span class=\"screen-reader-text\">Moyeu de volant MOMO (S153 \/ S154 \/ S156) BMW 1800 \/ 2000 \/ E3 \/ E9 \/ E10<\/span> <span class=\"meta-nav\">\u2192<\/span><\/a><\/p>\n","protected":false},"featured_media":17585,"template":"","meta":{"inline_featured_image":false,"_monsterinsights_skip_tracking":false,"_monsterinsights_sitenote_active":false,"_monsterinsights_sitenote_note":"","_monsterinsights_sitenote_category":0},"product_brand":[],"product_cat":[253,252],"product_tag":[],"class_list":{"0":"post-17579","1":"product","2":"type-product","3":"status-publish","4":"has-post-thumbnail","6":"product_cat-momo-fr-2","7":"product_cat-moyeux-de-volant","9":"first","10":"outofstock","11":"sold-individually","12":"product-type-simple"},"yoast_head":"<!-- This site is optimized with the Yoast SEO plugin v24.7 - https:\/\/yoast.com\/wordpress\/plugins\/seo\/ -->\n<title>Moyeu de volant MOMO (S153 \/ S154 \/ S156) BMW 1800 \/ 2000 \/ E3 \/ E9 \/ E10 -<\/title>\n<meta name=\"robots\" content=\"index, follow, max-snippet:-1, max-image-preview:large, max-video-preview:-1\" \/>\n<link rel=\"canonical\" href=\"https:\/\/www.automobilia-atelier.de\/fr\/produkt\/moyeu-de-volant-momo-s153-s154-s156-bmw-1800-2000-e3-e9-e10\/\" \/>\n<meta property=\"og:locale\" content=\"fr_FR\" \/>\n<meta property=\"og:type\" content=\"article\" \/>\n<meta property=\"og:title\" content=\"Moyeu de volant MOMO (S153 \/ S154 \/ S156) BMW 1800 \/ 2000 \/ E3 \/ E9 \/ E10 -\" \/>\n<meta property=\"og:description\" content=\"Fabricant : MOMO \u00c9tat : voir photos d\u00e9taill\u00e9es Ajuster: Hub n\u00b0 S 153 \/ 154 \/ 156 BMW 1800 \/ 1800 Ti BMW 2000 Ti \/ Tii \/ Tilux BMW E3 \u2013 2500 \/ 2800 BMW E9 \u2013 2500 \u2013 3.0 CSL BMW E10 \u2013 1602 de 01\/1974 \u00e0 08\/1974 BMW E10 \u2013 1502 \/ &hellip; Continuer \u00e0 lire Moyeu de volant MOMO (S153 \/ S154 \/ S156) BMW 1800 \/ 2000 \/ E3 \/ E9 \/ E10 \u2192\" \/>\n<meta property=\"og:url\" content=\"https:\/\/www.automobilia-atelier.de\/fr\/produkt\/moyeu-de-volant-momo-s153-s154-s156-bmw-1800-2000-e3-e9-e10\/\" \/>\n<meta property=\"og:image\" content=\"https:\/\/www.automobilia-atelier.de\/wp-content\/uploads\/2022\/11\/DSC6036-1-scaled.jpg\" \/>\n\t<meta property=\"og:image:width\" content=\"2400\" \/>\n\t<meta property=\"og:image:height\" content=\"1600\" \/>\n\t<meta property=\"og:image:type\" content=\"image\/jpeg\" \/>\n<meta name=\"twitter:card\" content=\"summary_large_image\" \/>\n<script type=\"application\/ld+json\" class=\"yoast-schema-graph\">{\"@context\":\"https:\/\/schema.org\",\"@graph\":[{\"@type\":\"WebPage\",\"@id\":\"https:\/\/www.automobilia-atelier.de\/fr\/produkt\/moyeu-de-volant-momo-s153-s154-s156-bmw-1800-2000-e3-e9-e10\/\",\"url\":\"https:\/\/www.automobilia-atelier.de\/fr\/produkt\/moyeu-de-volant-momo-s153-s154-s156-bmw-1800-2000-e3-e9-e10\/\",\"name\":\"Moyeu de volant MOMO (S153 \/ S154 \/ S156) BMW 1800 \/ 2000 \/ E3 \/ E9 \/ E10 -\",\"isPartOf\":{\"@id\":\"https:\/\/www.automobilia-atelier.de\/fr\/#website\"},\"primaryImageOfPage\":{\"@id\":\"https:\/\/www.automobilia-atelier.de\/fr\/produkt\/moyeu-de-volant-momo-s153-s154-s156-bmw-1800-2000-e3-e9-e10\/#primaryimage\"},\"image\":{\"@id\":\"https:\/\/www.automobilia-atelier.de\/fr\/produkt\/moyeu-de-volant-momo-s153-s154-s156-bmw-1800-2000-e3-e9-e10\/#primaryimage\"},\"thumbnailUrl\":\"https:\/\/www.automobilia-atelier.de\/wp-content\/uploads\/2022\/11\/DSC6036-1-scaled.jpg\",\"datePublished\":\"2021-11-11T15:36:49+00:00\",\"breadcrumb\":{\"@id\":\"https:\/\/www.automobilia-atelier.de\/fr\/produkt\/moyeu-de-volant-momo-s153-s154-s156-bmw-1800-2000-e3-e9-e10\/#breadcrumb\"},\"inLanguage\":\"fr-FR\",\"potentialAction\":[{\"@type\":\"ReadAction\",\"target\":[\"https:\/\/www.automobilia-atelier.de\/fr\/produkt\/moyeu-de-volant-momo-s153-s154-s156-bmw-1800-2000-e3-e9-e10\/\"]}]},{\"@type\":\"ImageObject\",\"inLanguage\":\"fr-FR\",\"@id\":\"https:\/\/www.automobilia-atelier.de\/fr\/produkt\/moyeu-de-volant-momo-s153-s154-s156-bmw-1800-2000-e3-e9-e10\/#primaryimage\",\"url\":\"https:\/\/www.automobilia-atelier.de\/wp-content\/uploads\/2022\/11\/DSC6036-1-scaled.jpg\",\"contentUrl\":\"https:\/\/www.automobilia-atelier.de\/wp-content\/uploads\/2022\/11\/DSC6036-1-scaled.jpg\",\"width\":2400,\"height\":1600},{\"@type\":\"BreadcrumbList\",\"@id\":\"https:\/\/www.automobilia-atelier.de\/fr\/produkt\/moyeu-de-volant-momo-s153-s154-s156-bmw-1800-2000-e3-e9-e10\/#breadcrumb\",\"itemListElement\":[{\"@type\":\"ListItem\",\"position\":1,\"name\":\"Startseite\",\"item\":\"https:\/\/www.automobilia-atelier.de\/fr\/\"},{\"@type\":\"ListItem\",\"position\":2,\"name\":\"Produits\",\"item\":\"https:\/\/www.automobilia-atelier.de\/fr\/shop\/\"},{\"@type\":\"ListItem\",\"position\":3,\"name\":\"Moyeu de volant MOMO (S153 \/ S154 \/ S156) BMW 1800 \/ 2000 \/ E3 \/ E9 \/ E10\"}]},{\"@type\":\"WebSite\",\"@id\":\"https:\/\/www.automobilia-atelier.de\/fr\/#website\",\"url\":\"https:\/\/www.automobilia-atelier.de\/fr\/\",\"name\":\"\",\"description\":\"\",\"potentialAction\":[{\"@type\":\"SearchAction\",\"target\":{\"@type\":\"EntryPoint\",\"urlTemplate\":\"https:\/\/www.automobilia-atelier.de\/fr\/?s={search_term_string}\"},\"query-input\":{\"@type\":\"PropertyValueSpecification\",\"valueRequired\":true,\"valueName\":\"search_term_string\"}}],\"inLanguage\":\"fr-FR\"}]}<\/script>\n<!-- \/ Yoast SEO plugin. -->","yoast_head_json":{"title":"Moyeu de volant MOMO (S153 \/ S154 \/ S156) BMW 1800 \/ 2000 \/ E3 \/ E9 \/ E10 -","robots":{"index":"index","follow":"follow","max-snippet":"max-snippet:-1","max-image-preview":"max-image-preview:large","max-video-preview":"max-video-preview:-1"},"canonical":"https:\/\/www.automobilia-atelier.de\/fr\/produkt\/moyeu-de-volant-momo-s153-s154-s156-bmw-1800-2000-e3-e9-e10\/","og_locale":"fr_FR","og_type":"article","og_title":"Moyeu de volant MOMO (S153 \/ S154 \/ S156) BMW 1800 \/ 2000 \/ E3 \/ E9 \/ E10 -","og_description":"Fabricant : MOMO \u00c9tat : voir photos d\u00e9taill\u00e9es Ajuster: Hub n\u00b0 S 153 \/ 154 \/ 156 BMW 1800 \/ 1800 Ti BMW 2000 Ti \/ Tii \/ Tilux BMW E3 \u2013 2500 \/ 2800 BMW E9 \u2013 2500 \u2013 3.0 CSL BMW E10 \u2013 1602 de 01\/1974 \u00e0 08\/1974 BMW E10 \u2013 1502 \/ &hellip; Continuer \u00e0 lire Moyeu de volant MOMO (S153 \/ S154 \/ S156) BMW 1800 \/ 2000 \/ E3 \/ E9 \/ E10 \u2192","og_url":"https:\/\/www.automobilia-atelier.de\/fr\/produkt\/moyeu-de-volant-momo-s153-s154-s156-bmw-1800-2000-e3-e9-e10\/","og_image":[{"width":2400,"height":1600,"url":"https:\/\/www.automobilia-atelier.de\/wp-content\/uploads\/2022\/11\/DSC6036-1-scaled.jpg","type":"image\/jpeg"}],"twitter_card":"summary_large_image","schema":{"@context":"https:\/\/schema.org","@graph":[{"@type":"WebPage","@id":"https:\/\/www.automobilia-atelier.de\/fr\/produkt\/moyeu-de-volant-momo-s153-s154-s156-bmw-1800-2000-e3-e9-e10\/","url":"https:\/\/www.automobilia-atelier.de\/fr\/produkt\/moyeu-de-volant-momo-s153-s154-s156-bmw-1800-2000-e3-e9-e10\/","name":"Moyeu de volant MOMO (S153 \/ S154 \/ S156) BMW 1800 \/ 2000 \/ E3 \/ E9 \/ E10 -","isPartOf":{"@id":"https:\/\/www.automobilia-atelier.de\/fr\/#website"},"primaryImageOfPage":{"@id":"https:\/\/www.automobilia-atelier.de\/fr\/produkt\/moyeu-de-volant-momo-s153-s154-s156-bmw-1800-2000-e3-e9-e10\/#primaryimage"},"image":{"@id":"https:\/\/www.automobilia-atelier.de\/fr\/produkt\/moyeu-de-volant-momo-s153-s154-s156-bmw-1800-2000-e3-e9-e10\/#primaryimage"},"thumbnailUrl":"https:\/\/www.automobilia-atelier.de\/wp-content\/uploads\/2022\/11\/DSC6036-1-scaled.jpg","datePublished":"2021-11-11T15:36:49+00:00","breadcrumb":{"@id":"https:\/\/www.automobilia-atelier.de\/fr\/produkt\/moyeu-de-volant-momo-s153-s154-s156-bmw-1800-2000-e3-e9-e10\/#breadcrumb"},"inLanguage":"fr-FR","potentialAction":[{"@type":"ReadAction","target":["https:\/\/www.automobilia-atelier.de\/fr\/produkt\/moyeu-de-volant-momo-s153-s154-s156-bmw-1800-2000-e3-e9-e10\/"]}]},{"@type":"ImageObject","inLanguage":"fr-FR","@id":"https:\/\/www.automobilia-atelier.de\/fr\/produkt\/moyeu-de-volant-momo-s153-s154-s156-bmw-1800-2000-e3-e9-e10\/#primaryimage","url":"https:\/\/www.automobilia-atelier.de\/wp-content\/uploads\/2022\/11\/DSC6036-1-scaled.jpg","contentUrl":"https:\/\/www.automobilia-atelier.de\/wp-content\/uploads\/2022\/11\/DSC6036-1-scaled.jpg","width":2400,"height":1600},{"@type":"BreadcrumbList","@id":"https:\/\/www.automobilia-atelier.de\/fr\/produkt\/moyeu-de-volant-momo-s153-s154-s156-bmw-1800-2000-e3-e9-e10\/#breadcrumb","itemListElement":[{"@type":"ListItem","position":1,"name":"Startseite","item":"https:\/\/www.automobilia-atelier.de\/fr\/"},{"@type":"ListItem","position":2,"name":"Produits","item":"https:\/\/www.automobilia-atelier.de\/fr\/shop\/"},{"@type":"ListItem","position":3,"name":"Moyeu de volant MOMO (S153 \/ S154 \/ S156) BMW 1800 \/ 2000 \/ E3 \/ E9 \/ E10"}]},{"@type":"WebSite","@id":"https:\/\/www.automobilia-atelier.de\/fr\/#website","url":"https:\/\/www.automobilia-atelier.de\/fr\/","name":"","description":"","potentialAction":[{"@type":"SearchAction","target":{"@type":"EntryPoint","urlTemplate":"https:\/\/www.automobilia-atelier.de\/fr\/?s={search_term_string}"},"query-input":{"@type":"PropertyValueSpecification","valueRequired":true,"valueName":"search_term_string"}}],"inLanguage":"fr-FR"}]}},"jetpack_sharing_enabled":true,"_links":{"self":[{"href":"https:\/\/www.automobilia-atelier.de\/fr\/wp-json\/wp\/v2\/product\/17579","targetHints":{"allow":["GET"]}}],"collection":[{"href":"https:\/\/www.automobilia-atelier.de\/fr\/wp-json\/wp\/v2\/product"}],"about":[{"href":"https:\/\/www.automobilia-atelier.de\/fr\/wp-json\/wp\/v2\/types\/product"}],"wp:featuredmedia":[{"embeddable":true,"href":"https:\/\/www.automobilia-atelier.de\/fr\/wp-json\/wp\/v2\/media\/17585"}],"wp:attachment":[{"href":"https:\/\/www.automobilia-atelier.de\/fr\/wp-json\/wp\/v2\/media?parent=17579"}],"wp:term":[{"taxonomy":"product_brand","embeddable":true,"href":"https:\/\/www.automobilia-atelier.de\/fr\/wp-json\/wp\/v2\/product_brand?post=17579"},{"taxonomy":"product_cat","embeddable":true,"href":"https:\/\/www.automobilia-atelier.de\/fr\/wp-json\/wp\/v2\/product_cat?post=17579"},{"taxonomy":"product_tag","embeddable":true,"href":"https:\/\/www.automobilia-atelier.de\/fr\/wp-json\/wp\/v2\/product_tag?post=17579"}],"curies":[{"name":"wp","href":"https:\/\/api.w.org\/{rel}","templated":true}]}}