{"id":17600,"date":"2022-11-11T16:07:26","date_gmt":"2022-11-11T15:07:26","guid":{"rendered":"https:\/\/www.automobilia-atelier.de\/produkt\/volant-targa-porsche-911-1970\/"},"modified":"2022-11-11T16:07:26","modified_gmt":"2022-11-11T15:07:26","slug":"volant-targa-porsche-911-1970","status":"publish","type":"product","link":"https:\/\/www.automobilia-atelier.de\/fr\/produkt\/volant-targa-porsche-911-1970\/","title":{"rendered":"Volant TARGA Porsche 911 1970"},"content":{"rendered":"<p><strong>Fabricant :<\/strong> TARGA<br \/>\n <strong>Diam\u00e8tre :<\/strong> 360 mm<br \/>\n <strong>Date de production :<\/strong> environ 1970<br \/>\n <strong>\u00c9tat :<\/strong> voir photos d\u00e9taill\u00e9es<br \/>\n <strong>Ajustement pr\u00e9cis :<\/strong> peut \u00eatre mont\u00e9 sur presque tous les v\u00e9hicules avec le moyeu appropri\u00e9<\/p>\n<p> Remarque : cet article ne peut \u00eatre install\u00e9 que par du personnel qualifi\u00e9.<\/p>\n","protected":false},"excerpt":{"rendered":"<p>Fabricant : TARGA Diam\u00e8tre : 360 mm Date de production : environ 1970 \u00c9tat : voir photos d\u00e9taill\u00e9es Ajustement pr\u00e9cis : peut \u00eatre mont\u00e9 sur presque tous les v\u00e9hicules avec le moyeu appropri\u00e9 Remarque : cet article ne peut \u00eatre install\u00e9 que par du personnel qualifi\u00e9.<\/p>\n","protected":false},"featured_media":17602,"template":"","meta":{"inline_featured_image":false,"_monsterinsights_skip_tracking":false,"_monsterinsights_sitenote_active":false,"_monsterinsights_sitenote_note":"","_monsterinsights_sitenote_category":0},"product_brand":[],"product_cat":[236,274,237],"product_tag":[],"class_list":{"0":"post-17600","1":"product","2":"type-product","3":"status-publish","4":"has-post-thumbnail","6":"product_cat-pieces-de-vehicules-classiques","7":"product_cat-targa-fr","8":"product_cat-volants","10":"first","11":"outofstock","12":"sold-individually","13":"product-type-simple"},"yoast_head":"<!-- This site is optimized with the Yoast SEO plugin v24.7 - https:\/\/yoast.com\/wordpress\/plugins\/seo\/ -->\n<title>Volant TARGA Porsche 911 1970 -<\/title>\n<meta name=\"robots\" content=\"index, follow, max-snippet:-1, max-image-preview:large, max-video-preview:-1\" \/>\n<link rel=\"canonical\" href=\"https:\/\/www.automobilia-atelier.de\/fr\/produkt\/volant-targa-porsche-911-1970\/\" \/>\n<meta property=\"og:locale\" content=\"fr_FR\" \/>\n<meta property=\"og:type\" content=\"article\" \/>\n<meta property=\"og:title\" content=\"Volant TARGA Porsche 911 1970 -\" \/>\n<meta property=\"og:description\" content=\"Fabricant : TARGA Diam\u00e8tre : 360 mm Date de production : environ 1970 \u00c9tat : voir photos d\u00e9taill\u00e9es Ajustement pr\u00e9cis : peut \u00eatre mont\u00e9 sur presque tous les v\u00e9hicules avec le moyeu appropri\u00e9 Remarque : cet article ne peut \u00eatre install\u00e9 que par du personnel qualifi\u00e9.\" \/>\n<meta property=\"og:url\" content=\"https:\/\/www.automobilia-atelier.de\/fr\/produkt\/volant-targa-porsche-911-1970\/\" \/>\n<meta property=\"og:image\" content=\"https:\/\/www.automobilia-atelier.de\/wp-content\/uploads\/2022\/11\/DSC6021-1-scaled.jpg\" \/>\n\t<meta property=\"og:image:width\" content=\"2400\" \/>\n\t<meta property=\"og:image:height\" content=\"1600\" \/>\n\t<meta property=\"og:image:type\" content=\"image\/jpeg\" \/>\n<meta name=\"twitter:card\" content=\"summary_large_image\" \/>\n<script type=\"application\/ld+json\" class=\"yoast-schema-graph\">{\"@context\":\"https:\/\/schema.org\",\"@graph\":[{\"@type\":\"WebPage\",\"@id\":\"https:\/\/www.automobilia-atelier.de\/fr\/produkt\/volant-targa-porsche-911-1970\/\",\"url\":\"https:\/\/www.automobilia-atelier.de\/fr\/produkt\/volant-targa-porsche-911-1970\/\",\"name\":\"Volant TARGA Porsche 911 1970 -\",\"isPartOf\":{\"@id\":\"https:\/\/www.automobilia-atelier.de\/fr\/#website\"},\"primaryImageOfPage\":{\"@id\":\"https:\/\/www.automobilia-atelier.de\/fr\/produkt\/volant-targa-porsche-911-1970\/#primaryimage\"},\"image\":{\"@id\":\"https:\/\/www.automobilia-atelier.de\/fr\/produkt\/volant-targa-porsche-911-1970\/#primaryimage\"},\"thumbnailUrl\":\"https:\/\/www.automobilia-atelier.de\/wp-content\/uploads\/2022\/11\/DSC6021-1-scaled.jpg\",\"datePublished\":\"2022-11-11T15:07:26+00:00\",\"breadcrumb\":{\"@id\":\"https:\/\/www.automobilia-atelier.de\/fr\/produkt\/volant-targa-porsche-911-1970\/#breadcrumb\"},\"inLanguage\":\"fr-FR\",\"potentialAction\":[{\"@type\":\"ReadAction\",\"target\":[\"https:\/\/www.automobilia-atelier.de\/fr\/produkt\/volant-targa-porsche-911-1970\/\"]}]},{\"@type\":\"ImageObject\",\"inLanguage\":\"fr-FR\",\"@id\":\"https:\/\/www.automobilia-atelier.de\/fr\/produkt\/volant-targa-porsche-911-1970\/#primaryimage\",\"url\":\"https:\/\/www.automobilia-atelier.de\/wp-content\/uploads\/2022\/11\/DSC6021-1-scaled.jpg\",\"contentUrl\":\"https:\/\/www.automobilia-atelier.de\/wp-content\/uploads\/2022\/11\/DSC6021-1-scaled.jpg\",\"width\":2400,\"height\":1600},{\"@type\":\"BreadcrumbList\",\"@id\":\"https:\/\/www.automobilia-atelier.de\/fr\/produkt\/volant-targa-porsche-911-1970\/#breadcrumb\",\"itemListElement\":[{\"@type\":\"ListItem\",\"position\":1,\"name\":\"Startseite\",\"item\":\"https:\/\/www.automobilia-atelier.de\/fr\/\"},{\"@type\":\"ListItem\",\"position\":2,\"name\":\"Produits\",\"item\":\"https:\/\/www.automobilia-atelier.de\/fr\/shop\/\"},{\"@type\":\"ListItem\",\"position\":3,\"name\":\"Volant TARGA Porsche 911 1970\"}]},{\"@type\":\"WebSite\",\"@id\":\"https:\/\/www.automobilia-atelier.de\/fr\/#website\",\"url\":\"https:\/\/www.automobilia-atelier.de\/fr\/\",\"name\":\"\",\"description\":\"\",\"potentialAction\":[{\"@type\":\"SearchAction\",\"target\":{\"@type\":\"EntryPoint\",\"urlTemplate\":\"https:\/\/www.automobilia-atelier.de\/fr\/?s={search_term_string}\"},\"query-input\":{\"@type\":\"PropertyValueSpecification\",\"valueRequired\":true,\"valueName\":\"search_term_string\"}}],\"inLanguage\":\"fr-FR\"}]}<\/script>\n<!-- \/ Yoast SEO plugin. -->","yoast_head_json":{"title":"Volant TARGA Porsche 911 1970 -","robots":{"index":"index","follow":"follow","max-snippet":"max-snippet:-1","max-image-preview":"max-image-preview:large","max-video-preview":"max-video-preview:-1"},"canonical":"https:\/\/www.automobilia-atelier.de\/fr\/produkt\/volant-targa-porsche-911-1970\/","og_locale":"fr_FR","og_type":"article","og_title":"Volant TARGA Porsche 911 1970 -","og_description":"Fabricant : TARGA Diam\u00e8tre : 360 mm Date de production : environ 1970 \u00c9tat : voir photos d\u00e9taill\u00e9es Ajustement pr\u00e9cis : peut \u00eatre mont\u00e9 sur presque tous les v\u00e9hicules avec le moyeu appropri\u00e9 Remarque : cet article ne peut \u00eatre install\u00e9 que par du personnel qualifi\u00e9.","og_url":"https:\/\/www.automobilia-atelier.de\/fr\/produkt\/volant-targa-porsche-911-1970\/","og_image":[{"width":2400,"height":1600,"url":"https:\/\/www.automobilia-atelier.de\/wp-content\/uploads\/2022\/11\/DSC6021-1-scaled.jpg","type":"image\/jpeg"}],"twitter_card":"summary_large_image","schema":{"@context":"https:\/\/schema.org","@graph":[{"@type":"WebPage","@id":"https:\/\/www.automobilia-atelier.de\/fr\/produkt\/volant-targa-porsche-911-1970\/","url":"https:\/\/www.automobilia-atelier.de\/fr\/produkt\/volant-targa-porsche-911-1970\/","name":"Volant TARGA Porsche 911 1970 -","isPartOf":{"@id":"https:\/\/www.automobilia-atelier.de\/fr\/#website"},"primaryImageOfPage":{"@id":"https:\/\/www.automobilia-atelier.de\/fr\/produkt\/volant-targa-porsche-911-1970\/#primaryimage"},"image":{"@id":"https:\/\/www.automobilia-atelier.de\/fr\/produkt\/volant-targa-porsche-911-1970\/#primaryimage"},"thumbnailUrl":"https:\/\/www.automobilia-atelier.de\/wp-content\/uploads\/2022\/11\/DSC6021-1-scaled.jpg","datePublished":"2022-11-11T15:07:26+00:00","breadcrumb":{"@id":"https:\/\/www.automobilia-atelier.de\/fr\/produkt\/volant-targa-porsche-911-1970\/#breadcrumb"},"inLanguage":"fr-FR","potentialAction":[{"@type":"ReadAction","target":["https:\/\/www.automobilia-atelier.de\/fr\/produkt\/volant-targa-porsche-911-1970\/"]}]},{"@type":"ImageObject","inLanguage":"fr-FR","@id":"https:\/\/www.automobilia-atelier.de\/fr\/produkt\/volant-targa-porsche-911-1970\/#primaryimage","url":"https:\/\/www.automobilia-atelier.de\/wp-content\/uploads\/2022\/11\/DSC6021-1-scaled.jpg","contentUrl":"https:\/\/www.automobilia-atelier.de\/wp-content\/uploads\/2022\/11\/DSC6021-1-scaled.jpg","width":2400,"height":1600},{"@type":"BreadcrumbList","@id":"https:\/\/www.automobilia-atelier.de\/fr\/produkt\/volant-targa-porsche-911-1970\/#breadcrumb","itemListElement":[{"@type":"ListItem","position":1,"name":"Startseite","item":"https:\/\/www.automobilia-atelier.de\/fr\/"},{"@type":"ListItem","position":2,"name":"Produits","item":"https:\/\/www.automobilia-atelier.de\/fr\/shop\/"},{"@type":"ListItem","position":3,"name":"Volant TARGA Porsche 911 1970"}]},{"@type":"WebSite","@id":"https:\/\/www.automobilia-atelier.de\/fr\/#website","url":"https:\/\/www.automobilia-atelier.de\/fr\/","name":"","description":"","potentialAction":[{"@type":"SearchAction","target":{"@type":"EntryPoint","urlTemplate":"https:\/\/www.automobilia-atelier.de\/fr\/?s={search_term_string}"},"query-input":{"@type":"PropertyValueSpecification","valueRequired":true,"valueName":"search_term_string"}}],"inLanguage":"fr-FR"}]}},"jetpack_sharing_enabled":true,"_links":{"self":[{"href":"https:\/\/www.automobilia-atelier.de\/fr\/wp-json\/wp\/v2\/product\/17600","targetHints":{"allow":["GET"]}}],"collection":[{"href":"https:\/\/www.automobilia-atelier.de\/fr\/wp-json\/wp\/v2\/product"}],"about":[{"href":"https:\/\/www.automobilia-atelier.de\/fr\/wp-json\/wp\/v2\/types\/product"}],"wp:featuredmedia":[{"embeddable":true,"href":"https:\/\/www.automobilia-atelier.de\/fr\/wp-json\/wp\/v2\/media\/17602"}],"wp:attachment":[{"href":"https:\/\/www.automobilia-atelier.de\/fr\/wp-json\/wp\/v2\/media?parent=17600"}],"wp:term":[{"taxonomy":"product_brand","embeddable":true,"href":"https:\/\/www.automobilia-atelier.de\/fr\/wp-json\/wp\/v2\/product_brand?post=17600"},{"taxonomy":"product_cat","embeddable":true,"href":"https:\/\/www.automobilia-atelier.de\/fr\/wp-json\/wp\/v2\/product_cat?post=17600"},{"taxonomy":"product_tag","embeddable":true,"href":"https:\/\/www.automobilia-atelier.de\/fr\/wp-json\/wp\/v2\/product_tag?post=17600"}],"curies":[{"name":"wp","href":"https:\/\/api.w.org\/{rel}","templated":true}]}}