{"id":17687,"date":"2021-06-10T09:44:11","date_gmt":"2021-06-10T07:44:11","guid":{"rendered":"https:\/\/www.automobilia-atelier.de\/produkt\/volant-raid-4-kamei-des-annees-1980-pour-vw-golf-scirocco-jetta\/"},"modified":"2021-06-10T09:44:11","modified_gmt":"2021-06-10T07:44:11","slug":"volant-raid-4-kamei-des-annees-1980-pour-vw-golf-scirocco-jetta","status":"publish","type":"product","link":"https:\/\/www.automobilia-atelier.de\/fr\/produkt\/volant-raid-4-kamei-des-annees-1980-pour-vw-golf-scirocco-jetta\/","title":{"rendered":"Volant RAID 4 \u00ab KAMEI \u00bb des ann\u00e9es 1980 pour VW Golf \/ Scirocco \/ Jetta"},"content":{"rendered":"<p><strong>Fabricant :<\/strong> RAID<br \/>\n<strong>Diam\u00e8tre :<\/strong> 355 mm<br \/>\n<strong>Date de production :<\/strong> environ 1980-1990<br \/>\n<strong>\u00c9tat :<\/strong> voir photos d\u00e9taill\u00e9es<br \/>\n<strong>Pr\u00e9cision d&rsquo;ajustement :<\/strong> cercle de boulonnage = 6 x 74 mm (comme Nardi \/ Personal). Peut \u00eatre mont\u00e9 sur presque tous les v\u00e9hicules avec le moyeu appropri\u00e9<\/p>\n","protected":false},"excerpt":{"rendered":"<p>Fabricant : RAID Diam\u00e8tre : 355 mm Date de production : environ 1980-1990 \u00c9tat : voir photos d\u00e9taill\u00e9es Pr\u00e9cision d&rsquo;ajustement : cercle de boulonnage = 6 x 74 mm (comme Nardi \/ Personal). Peut \u00eatre mont\u00e9 sur presque tous les v\u00e9hicules avec le moyeu appropri\u00e9<\/p>\n","protected":false},"featured_media":17689,"template":"","meta":{"inline_featured_image":false,"_monsterinsights_skip_tracking":false,"_monsterinsights_sitenote_active":false,"_monsterinsights_sitenote_note":"","_monsterinsights_sitenote_category":0},"product_brand":[],"product_cat":[236,263,237],"product_tag":[],"class_list":{"0":"post-17687","1":"product","2":"type-product","3":"status-publish","4":"has-post-thumbnail","6":"product_cat-pieces-de-vehicules-classiques","7":"product_cat-raid-fr","8":"product_cat-volants","10":"first","11":"outofstock","12":"sold-individually","13":"product-type-simple"},"yoast_head":"<!-- This site is optimized with the Yoast SEO plugin v24.7 - https:\/\/yoast.com\/wordpress\/plugins\/seo\/ -->\n<title>Volant RAID 4 \u00ab KAMEI \u00bb des ann\u00e9es 1980 pour VW Golf \/ Scirocco \/ Jetta -<\/title>\n<meta name=\"robots\" content=\"index, follow, max-snippet:-1, max-image-preview:large, max-video-preview:-1\" \/>\n<link rel=\"canonical\" href=\"https:\/\/www.automobilia-atelier.de\/fr\/produkt\/volant-raid-4-kamei-des-annees-1980-pour-vw-golf-scirocco-jetta\/\" \/>\n<meta property=\"og:locale\" content=\"fr_FR\" \/>\n<meta property=\"og:type\" content=\"article\" \/>\n<meta property=\"og:title\" content=\"Volant RAID 4 \u00ab KAMEI \u00bb des ann\u00e9es 1980 pour VW Golf \/ Scirocco \/ Jetta -\" \/>\n<meta property=\"og:description\" content=\"Fabricant : RAID Diam\u00e8tre : 355 mm Date de production : environ 1980-1990 \u00c9tat : voir photos d\u00e9taill\u00e9es Pr\u00e9cision d&rsquo;ajustement : cercle de boulonnage = 6 x 74 mm (comme Nardi \/ Personal). Peut \u00eatre mont\u00e9 sur presque tous les v\u00e9hicules avec le moyeu appropri\u00e9\" \/>\n<meta property=\"og:url\" content=\"https:\/\/www.automobilia-atelier.de\/fr\/produkt\/volant-raid-4-kamei-des-annees-1980-pour-vw-golf-scirocco-jetta\/\" \/>\n<meta property=\"og:image\" content=\"https:\/\/www.automobilia-atelier.de\/wp-content\/uploads\/2022\/06\/DSC4405-scaled.jpg\" \/>\n\t<meta property=\"og:image:width\" content=\"2400\" \/>\n\t<meta property=\"og:image:height\" content=\"1600\" \/>\n\t<meta property=\"og:image:type\" content=\"image\/jpeg\" \/>\n<meta name=\"twitter:card\" content=\"summary_large_image\" \/>\n<script type=\"application\/ld+json\" class=\"yoast-schema-graph\">{\"@context\":\"https:\/\/schema.org\",\"@graph\":[{\"@type\":\"WebPage\",\"@id\":\"https:\/\/www.automobilia-atelier.de\/fr\/produkt\/volant-raid-4-kamei-des-annees-1980-pour-vw-golf-scirocco-jetta\/\",\"url\":\"https:\/\/www.automobilia-atelier.de\/fr\/produkt\/volant-raid-4-kamei-des-annees-1980-pour-vw-golf-scirocco-jetta\/\",\"name\":\"Volant RAID 4 \u00ab KAMEI \u00bb des ann\u00e9es 1980 pour VW Golf \/ Scirocco \/ Jetta -\",\"isPartOf\":{\"@id\":\"https:\/\/www.automobilia-atelier.de\/fr\/#website\"},\"primaryImageOfPage\":{\"@id\":\"https:\/\/www.automobilia-atelier.de\/fr\/produkt\/volant-raid-4-kamei-des-annees-1980-pour-vw-golf-scirocco-jetta\/#primaryimage\"},\"image\":{\"@id\":\"https:\/\/www.automobilia-atelier.de\/fr\/produkt\/volant-raid-4-kamei-des-annees-1980-pour-vw-golf-scirocco-jetta\/#primaryimage\"},\"thumbnailUrl\":\"https:\/\/www.automobilia-atelier.de\/wp-content\/uploads\/2022\/06\/DSC4405-scaled.jpg\",\"datePublished\":\"2021-06-10T07:44:11+00:00\",\"breadcrumb\":{\"@id\":\"https:\/\/www.automobilia-atelier.de\/fr\/produkt\/volant-raid-4-kamei-des-annees-1980-pour-vw-golf-scirocco-jetta\/#breadcrumb\"},\"inLanguage\":\"fr-FR\",\"potentialAction\":[{\"@type\":\"ReadAction\",\"target\":[\"https:\/\/www.automobilia-atelier.de\/fr\/produkt\/volant-raid-4-kamei-des-annees-1980-pour-vw-golf-scirocco-jetta\/\"]}]},{\"@type\":\"ImageObject\",\"inLanguage\":\"fr-FR\",\"@id\":\"https:\/\/www.automobilia-atelier.de\/fr\/produkt\/volant-raid-4-kamei-des-annees-1980-pour-vw-golf-scirocco-jetta\/#primaryimage\",\"url\":\"https:\/\/www.automobilia-atelier.de\/wp-content\/uploads\/2022\/06\/DSC4405-scaled.jpg\",\"contentUrl\":\"https:\/\/www.automobilia-atelier.de\/wp-content\/uploads\/2022\/06\/DSC4405-scaled.jpg\",\"width\":2400,\"height\":1600},{\"@type\":\"BreadcrumbList\",\"@id\":\"https:\/\/www.automobilia-atelier.de\/fr\/produkt\/volant-raid-4-kamei-des-annees-1980-pour-vw-golf-scirocco-jetta\/#breadcrumb\",\"itemListElement\":[{\"@type\":\"ListItem\",\"position\":1,\"name\":\"Startseite\",\"item\":\"https:\/\/www.automobilia-atelier.de\/fr\/\"},{\"@type\":\"ListItem\",\"position\":2,\"name\":\"Produits\",\"item\":\"https:\/\/www.automobilia-atelier.de\/fr\/shop\/\"},{\"@type\":\"ListItem\",\"position\":3,\"name\":\"Volant RAID 4 \u00ab KAMEI \u00bb des ann\u00e9es 1980 pour VW Golf \/ Scirocco \/ Jetta\"}]},{\"@type\":\"WebSite\",\"@id\":\"https:\/\/www.automobilia-atelier.de\/fr\/#website\",\"url\":\"https:\/\/www.automobilia-atelier.de\/fr\/\",\"name\":\"\",\"description\":\"\",\"potentialAction\":[{\"@type\":\"SearchAction\",\"target\":{\"@type\":\"EntryPoint\",\"urlTemplate\":\"https:\/\/www.automobilia-atelier.de\/fr\/?s={search_term_string}\"},\"query-input\":{\"@type\":\"PropertyValueSpecification\",\"valueRequired\":true,\"valueName\":\"search_term_string\"}}],\"inLanguage\":\"fr-FR\"}]}<\/script>\n<!-- \/ Yoast SEO plugin. -->","yoast_head_json":{"title":"Volant RAID 4 \u00ab KAMEI \u00bb des ann\u00e9es 1980 pour VW Golf \/ Scirocco \/ Jetta -","robots":{"index":"index","follow":"follow","max-snippet":"max-snippet:-1","max-image-preview":"max-image-preview:large","max-video-preview":"max-video-preview:-1"},"canonical":"https:\/\/www.automobilia-atelier.de\/fr\/produkt\/volant-raid-4-kamei-des-annees-1980-pour-vw-golf-scirocco-jetta\/","og_locale":"fr_FR","og_type":"article","og_title":"Volant RAID 4 \u00ab KAMEI \u00bb des ann\u00e9es 1980 pour VW Golf \/ Scirocco \/ Jetta -","og_description":"Fabricant : RAID Diam\u00e8tre : 355 mm Date de production : environ 1980-1990 \u00c9tat : voir photos d\u00e9taill\u00e9es Pr\u00e9cision d&rsquo;ajustement : cercle de boulonnage = 6 x 74 mm (comme Nardi \/ Personal). Peut \u00eatre mont\u00e9 sur presque tous les v\u00e9hicules avec le moyeu appropri\u00e9","og_url":"https:\/\/www.automobilia-atelier.de\/fr\/produkt\/volant-raid-4-kamei-des-annees-1980-pour-vw-golf-scirocco-jetta\/","og_image":[{"width":2400,"height":1600,"url":"https:\/\/www.automobilia-atelier.de\/wp-content\/uploads\/2022\/06\/DSC4405-scaled.jpg","type":"image\/jpeg"}],"twitter_card":"summary_large_image","schema":{"@context":"https:\/\/schema.org","@graph":[{"@type":"WebPage","@id":"https:\/\/www.automobilia-atelier.de\/fr\/produkt\/volant-raid-4-kamei-des-annees-1980-pour-vw-golf-scirocco-jetta\/","url":"https:\/\/www.automobilia-atelier.de\/fr\/produkt\/volant-raid-4-kamei-des-annees-1980-pour-vw-golf-scirocco-jetta\/","name":"Volant RAID 4 \u00ab KAMEI \u00bb des ann\u00e9es 1980 pour VW Golf \/ Scirocco \/ Jetta -","isPartOf":{"@id":"https:\/\/www.automobilia-atelier.de\/fr\/#website"},"primaryImageOfPage":{"@id":"https:\/\/www.automobilia-atelier.de\/fr\/produkt\/volant-raid-4-kamei-des-annees-1980-pour-vw-golf-scirocco-jetta\/#primaryimage"},"image":{"@id":"https:\/\/www.automobilia-atelier.de\/fr\/produkt\/volant-raid-4-kamei-des-annees-1980-pour-vw-golf-scirocco-jetta\/#primaryimage"},"thumbnailUrl":"https:\/\/www.automobilia-atelier.de\/wp-content\/uploads\/2022\/06\/DSC4405-scaled.jpg","datePublished":"2021-06-10T07:44:11+00:00","breadcrumb":{"@id":"https:\/\/www.automobilia-atelier.de\/fr\/produkt\/volant-raid-4-kamei-des-annees-1980-pour-vw-golf-scirocco-jetta\/#breadcrumb"},"inLanguage":"fr-FR","potentialAction":[{"@type":"ReadAction","target":["https:\/\/www.automobilia-atelier.de\/fr\/produkt\/volant-raid-4-kamei-des-annees-1980-pour-vw-golf-scirocco-jetta\/"]}]},{"@type":"ImageObject","inLanguage":"fr-FR","@id":"https:\/\/www.automobilia-atelier.de\/fr\/produkt\/volant-raid-4-kamei-des-annees-1980-pour-vw-golf-scirocco-jetta\/#primaryimage","url":"https:\/\/www.automobilia-atelier.de\/wp-content\/uploads\/2022\/06\/DSC4405-scaled.jpg","contentUrl":"https:\/\/www.automobilia-atelier.de\/wp-content\/uploads\/2022\/06\/DSC4405-scaled.jpg","width":2400,"height":1600},{"@type":"BreadcrumbList","@id":"https:\/\/www.automobilia-atelier.de\/fr\/produkt\/volant-raid-4-kamei-des-annees-1980-pour-vw-golf-scirocco-jetta\/#breadcrumb","itemListElement":[{"@type":"ListItem","position":1,"name":"Startseite","item":"https:\/\/www.automobilia-atelier.de\/fr\/"},{"@type":"ListItem","position":2,"name":"Produits","item":"https:\/\/www.automobilia-atelier.de\/fr\/shop\/"},{"@type":"ListItem","position":3,"name":"Volant RAID 4 \u00ab KAMEI \u00bb des ann\u00e9es 1980 pour VW Golf \/ Scirocco \/ Jetta"}]},{"@type":"WebSite","@id":"https:\/\/www.automobilia-atelier.de\/fr\/#website","url":"https:\/\/www.automobilia-atelier.de\/fr\/","name":"","description":"","potentialAction":[{"@type":"SearchAction","target":{"@type":"EntryPoint","urlTemplate":"https:\/\/www.automobilia-atelier.de\/fr\/?s={search_term_string}"},"query-input":{"@type":"PropertyValueSpecification","valueRequired":true,"valueName":"search_term_string"}}],"inLanguage":"fr-FR"}]}},"jetpack_sharing_enabled":true,"_links":{"self":[{"href":"https:\/\/www.automobilia-atelier.de\/fr\/wp-json\/wp\/v2\/product\/17687","targetHints":{"allow":["GET"]}}],"collection":[{"href":"https:\/\/www.automobilia-atelier.de\/fr\/wp-json\/wp\/v2\/product"}],"about":[{"href":"https:\/\/www.automobilia-atelier.de\/fr\/wp-json\/wp\/v2\/types\/product"}],"wp:featuredmedia":[{"embeddable":true,"href":"https:\/\/www.automobilia-atelier.de\/fr\/wp-json\/wp\/v2\/media\/17689"}],"wp:attachment":[{"href":"https:\/\/www.automobilia-atelier.de\/fr\/wp-json\/wp\/v2\/media?parent=17687"}],"wp:term":[{"taxonomy":"product_brand","embeddable":true,"href":"https:\/\/www.automobilia-atelier.de\/fr\/wp-json\/wp\/v2\/product_brand?post=17687"},{"taxonomy":"product_cat","embeddable":true,"href":"https:\/\/www.automobilia-atelier.de\/fr\/wp-json\/wp\/v2\/product_cat?post=17687"},{"taxonomy":"product_tag","embeddable":true,"href":"https:\/\/www.automobilia-atelier.de\/fr\/wp-json\/wp\/v2\/product_tag?post=17687"}],"curies":[{"name":"wp","href":"https:\/\/api.w.org\/{rel}","templated":true}]}}