{"id":17695,"date":"2024-08-07T20:50:06","date_gmt":"2024-08-07T18:50:06","guid":{"rendered":"https:\/\/www.automobilia-atelier.de\/produkt\/volant-momo-des-annees-1960-pour-ferrari-330-p3-p4-dino-206-sp\/"},"modified":"2025-10-26T18:04:18","modified_gmt":"2025-10-26T17:04:18","slug":"volant-momo-des-annees-1960-pour-ferrari-330-p3-p4-dino-206-sp","status":"publish","type":"product","link":"https:\/\/www.automobilia-atelier.de\/fr\/produkt\/volant-momo-des-annees-1960-pour-ferrari-330-p3-p4-dino-206-sp\/","title":{"rendered":"Volant MOMO des ann\u00e9es 1960 pour Ferrari 330 P3 \/ P4 \/ Dino 206 SP"},"content":{"rendered":"<p><strong>Fabricant :<\/strong> VICTOR prod. par MOMO<br \/>\n<strong>Diam\u00e8tre :<\/strong> 350 mm<br \/>\n<strong>Date de production :<\/strong> environ 1965-1968<br \/>\n<strong>\u00c9tat :<\/strong> voir photos d\u00e9taill\u00e9es<br \/>\n<strong>Montage :<\/strong> mod\u00e8le de boulon Ferrari Motorsport (8x70mm) \u2013 utilis\u00e9 environ. 1965-1968. Les deux derni\u00e8res photos montrent des volants d&rsquo;usine avec le m\u00eame cercle de boulons.<\/p>\n","protected":false},"excerpt":{"rendered":"<p>Fabricant : VICTOR prod. par MOMO Diam\u00e8tre : 350 mm Date de production : environ 1965-1968 \u00c9tat : voir photos d\u00e9taill\u00e9es Montage : mod\u00e8le de boulon Ferrari Motorsport (8x70mm) \u2013 utilis\u00e9 environ. 1965-1968. Les deux derni\u00e8res photos montrent des volants d&rsquo;usine avec le m\u00eame cercle de boulons.<\/p>\n","protected":false},"featured_media":17696,"template":"","meta":{"inline_featured_image":false,"_monsterinsights_skip_tracking":false,"_monsterinsights_sitenote_active":false,"_monsterinsights_sitenote_note":"","_monsterinsights_sitenote_category":0},"product_brand":[],"product_cat":[239,236,237,255],"product_tag":[],"class_list":{"0":"post-17695","1":"product","2":"type-product","3":"status-publish","4":"has-post-thumbnail","6":"product_cat-momo-fr","7":"product_cat-pieces-de-vehicules-classiques","8":"product_cat-volants","9":"product_cat-volants-en-cuir-fr","11":"first","12":"instock","13":"sold-individually","14":"purchasable","15":"product-type-simple"},"yoast_head":"<!-- This site is optimized with the Yoast SEO plugin v24.7 - https:\/\/yoast.com\/wordpress\/plugins\/seo\/ -->\n<title>Volant MOMO des ann\u00e9es 1960 pour Ferrari 330 P3 \/ P4 \/ Dino 206 SP -<\/title>\n<meta name=\"robots\" content=\"index, follow, max-snippet:-1, max-image-preview:large, max-video-preview:-1\" \/>\n<link rel=\"canonical\" href=\"https:\/\/www.automobilia-atelier.de\/fr\/produkt\/volant-momo-des-annees-1960-pour-ferrari-330-p3-p4-dino-206-sp\/\" \/>\n<meta property=\"og:locale\" content=\"fr_FR\" \/>\n<meta property=\"og:type\" content=\"article\" \/>\n<meta property=\"og:title\" content=\"Volant MOMO des ann\u00e9es 1960 pour Ferrari 330 P3 \/ P4 \/ Dino 206 SP -\" \/>\n<meta property=\"og:description\" content=\"Fabricant : VICTOR prod. par MOMO Diam\u00e8tre : 350 mm Date de production : environ 1965-1968 \u00c9tat : voir photos d\u00e9taill\u00e9es Montage : mod\u00e8le de boulon Ferrari Motorsport (8x70mm) \u2013 utilis\u00e9 environ. 1965-1968. Les deux derni\u00e8res photos montrent des volants d&rsquo;usine avec le m\u00eame cercle de boulons.\" \/>\n<meta property=\"og:url\" content=\"https:\/\/www.automobilia-atelier.de\/fr\/produkt\/volant-momo-des-annees-1960-pour-ferrari-330-p3-p4-dino-206-sp\/\" \/>\n<meta property=\"article:modified_time\" content=\"2025-10-26T17:04:18+00:00\" \/>\n<meta property=\"og:image\" content=\"https:\/\/www.automobilia-atelier.de\/wp-content\/uploads\/2022\/06\/DSC4556-2-scaled.jpg\" \/>\n\t<meta property=\"og:image:width\" content=\"2400\" \/>\n\t<meta property=\"og:image:height\" content=\"1600\" \/>\n\t<meta property=\"og:image:type\" content=\"image\/jpeg\" \/>\n<meta name=\"twitter:card\" content=\"summary_large_image\" \/>\n<script type=\"application\/ld+json\" class=\"yoast-schema-graph\">{\"@context\":\"https:\/\/schema.org\",\"@graph\":[{\"@type\":\"WebPage\",\"@id\":\"https:\/\/www.automobilia-atelier.de\/fr\/produkt\/volant-momo-des-annees-1960-pour-ferrari-330-p3-p4-dino-206-sp\/\",\"url\":\"https:\/\/www.automobilia-atelier.de\/fr\/produkt\/volant-momo-des-annees-1960-pour-ferrari-330-p3-p4-dino-206-sp\/\",\"name\":\"Volant MOMO des ann\u00e9es 1960 pour Ferrari 330 P3 \/ P4 \/ Dino 206 SP -\",\"isPartOf\":{\"@id\":\"https:\/\/www.automobilia-atelier.de\/fr\/#website\"},\"primaryImageOfPage\":{\"@id\":\"https:\/\/www.automobilia-atelier.de\/fr\/produkt\/volant-momo-des-annees-1960-pour-ferrari-330-p3-p4-dino-206-sp\/#primaryimage\"},\"image\":{\"@id\":\"https:\/\/www.automobilia-atelier.de\/fr\/produkt\/volant-momo-des-annees-1960-pour-ferrari-330-p3-p4-dino-206-sp\/#primaryimage\"},\"thumbnailUrl\":\"https:\/\/www.automobilia-atelier.de\/wp-content\/uploads\/2022\/06\/DSC4556-2-scaled.jpg\",\"datePublished\":\"2024-08-07T18:50:06+00:00\",\"dateModified\":\"2025-10-26T17:04:18+00:00\",\"breadcrumb\":{\"@id\":\"https:\/\/www.automobilia-atelier.de\/fr\/produkt\/volant-momo-des-annees-1960-pour-ferrari-330-p3-p4-dino-206-sp\/#breadcrumb\"},\"inLanguage\":\"fr-FR\",\"potentialAction\":[{\"@type\":\"ReadAction\",\"target\":[\"https:\/\/www.automobilia-atelier.de\/fr\/produkt\/volant-momo-des-annees-1960-pour-ferrari-330-p3-p4-dino-206-sp\/\"]}]},{\"@type\":\"ImageObject\",\"inLanguage\":\"fr-FR\",\"@id\":\"https:\/\/www.automobilia-atelier.de\/fr\/produkt\/volant-momo-des-annees-1960-pour-ferrari-330-p3-p4-dino-206-sp\/#primaryimage\",\"url\":\"https:\/\/www.automobilia-atelier.de\/wp-content\/uploads\/2022\/06\/DSC4556-2-scaled.jpg\",\"contentUrl\":\"https:\/\/www.automobilia-atelier.de\/wp-content\/uploads\/2022\/06\/DSC4556-2-scaled.jpg\",\"width\":2400,\"height\":1600},{\"@type\":\"BreadcrumbList\",\"@id\":\"https:\/\/www.automobilia-atelier.de\/fr\/produkt\/volant-momo-des-annees-1960-pour-ferrari-330-p3-p4-dino-206-sp\/#breadcrumb\",\"itemListElement\":[{\"@type\":\"ListItem\",\"position\":1,\"name\":\"Startseite\",\"item\":\"https:\/\/www.automobilia-atelier.de\/fr\/\"},{\"@type\":\"ListItem\",\"position\":2,\"name\":\"Produits\",\"item\":\"https:\/\/www.automobilia-atelier.de\/fr\/shop\/\"},{\"@type\":\"ListItem\",\"position\":3,\"name\":\"Volant MOMO des ann\u00e9es 1960 pour Ferrari 330 P3 \/ P4 \/ Dino 206 SP\"}]},{\"@type\":\"WebSite\",\"@id\":\"https:\/\/www.automobilia-atelier.de\/fr\/#website\",\"url\":\"https:\/\/www.automobilia-atelier.de\/fr\/\",\"name\":\"\",\"description\":\"\",\"potentialAction\":[{\"@type\":\"SearchAction\",\"target\":{\"@type\":\"EntryPoint\",\"urlTemplate\":\"https:\/\/www.automobilia-atelier.de\/fr\/?s={search_term_string}\"},\"query-input\":{\"@type\":\"PropertyValueSpecification\",\"valueRequired\":true,\"valueName\":\"search_term_string\"}}],\"inLanguage\":\"fr-FR\"}]}<\/script>\n<!-- \/ Yoast SEO plugin. -->","yoast_head_json":{"title":"Volant MOMO des ann\u00e9es 1960 pour Ferrari 330 P3 \/ P4 \/ Dino 206 SP -","robots":{"index":"index","follow":"follow","max-snippet":"max-snippet:-1","max-image-preview":"max-image-preview:large","max-video-preview":"max-video-preview:-1"},"canonical":"https:\/\/www.automobilia-atelier.de\/fr\/produkt\/volant-momo-des-annees-1960-pour-ferrari-330-p3-p4-dino-206-sp\/","og_locale":"fr_FR","og_type":"article","og_title":"Volant MOMO des ann\u00e9es 1960 pour Ferrari 330 P3 \/ P4 \/ Dino 206 SP -","og_description":"Fabricant : VICTOR prod. par MOMO Diam\u00e8tre : 350 mm Date de production : environ 1965-1968 \u00c9tat : voir photos d\u00e9taill\u00e9es Montage : mod\u00e8le de boulon Ferrari Motorsport (8x70mm) \u2013 utilis\u00e9 environ. 1965-1968. Les deux derni\u00e8res photos montrent des volants d&rsquo;usine avec le m\u00eame cercle de boulons.","og_url":"https:\/\/www.automobilia-atelier.de\/fr\/produkt\/volant-momo-des-annees-1960-pour-ferrari-330-p3-p4-dino-206-sp\/","article_modified_time":"2025-10-26T17:04:18+00:00","og_image":[{"width":2400,"height":1600,"url":"https:\/\/www.automobilia-atelier.de\/wp-content\/uploads\/2022\/06\/DSC4556-2-scaled.jpg","type":"image\/jpeg"}],"twitter_card":"summary_large_image","schema":{"@context":"https:\/\/schema.org","@graph":[{"@type":"WebPage","@id":"https:\/\/www.automobilia-atelier.de\/fr\/produkt\/volant-momo-des-annees-1960-pour-ferrari-330-p3-p4-dino-206-sp\/","url":"https:\/\/www.automobilia-atelier.de\/fr\/produkt\/volant-momo-des-annees-1960-pour-ferrari-330-p3-p4-dino-206-sp\/","name":"Volant MOMO des ann\u00e9es 1960 pour Ferrari 330 P3 \/ P4 \/ Dino 206 SP -","isPartOf":{"@id":"https:\/\/www.automobilia-atelier.de\/fr\/#website"},"primaryImageOfPage":{"@id":"https:\/\/www.automobilia-atelier.de\/fr\/produkt\/volant-momo-des-annees-1960-pour-ferrari-330-p3-p4-dino-206-sp\/#primaryimage"},"image":{"@id":"https:\/\/www.automobilia-atelier.de\/fr\/produkt\/volant-momo-des-annees-1960-pour-ferrari-330-p3-p4-dino-206-sp\/#primaryimage"},"thumbnailUrl":"https:\/\/www.automobilia-atelier.de\/wp-content\/uploads\/2022\/06\/DSC4556-2-scaled.jpg","datePublished":"2024-08-07T18:50:06+00:00","dateModified":"2025-10-26T17:04:18+00:00","breadcrumb":{"@id":"https:\/\/www.automobilia-atelier.de\/fr\/produkt\/volant-momo-des-annees-1960-pour-ferrari-330-p3-p4-dino-206-sp\/#breadcrumb"},"inLanguage":"fr-FR","potentialAction":[{"@type":"ReadAction","target":["https:\/\/www.automobilia-atelier.de\/fr\/produkt\/volant-momo-des-annees-1960-pour-ferrari-330-p3-p4-dino-206-sp\/"]}]},{"@type":"ImageObject","inLanguage":"fr-FR","@id":"https:\/\/www.automobilia-atelier.de\/fr\/produkt\/volant-momo-des-annees-1960-pour-ferrari-330-p3-p4-dino-206-sp\/#primaryimage","url":"https:\/\/www.automobilia-atelier.de\/wp-content\/uploads\/2022\/06\/DSC4556-2-scaled.jpg","contentUrl":"https:\/\/www.automobilia-atelier.de\/wp-content\/uploads\/2022\/06\/DSC4556-2-scaled.jpg","width":2400,"height":1600},{"@type":"BreadcrumbList","@id":"https:\/\/www.automobilia-atelier.de\/fr\/produkt\/volant-momo-des-annees-1960-pour-ferrari-330-p3-p4-dino-206-sp\/#breadcrumb","itemListElement":[{"@type":"ListItem","position":1,"name":"Startseite","item":"https:\/\/www.automobilia-atelier.de\/fr\/"},{"@type":"ListItem","position":2,"name":"Produits","item":"https:\/\/www.automobilia-atelier.de\/fr\/shop\/"},{"@type":"ListItem","position":3,"name":"Volant MOMO des ann\u00e9es 1960 pour Ferrari 330 P3 \/ P4 \/ Dino 206 SP"}]},{"@type":"WebSite","@id":"https:\/\/www.automobilia-atelier.de\/fr\/#website","url":"https:\/\/www.automobilia-atelier.de\/fr\/","name":"","description":"","potentialAction":[{"@type":"SearchAction","target":{"@type":"EntryPoint","urlTemplate":"https:\/\/www.automobilia-atelier.de\/fr\/?s={search_term_string}"},"query-input":{"@type":"PropertyValueSpecification","valueRequired":true,"valueName":"search_term_string"}}],"inLanguage":"fr-FR"}]}},"jetpack_sharing_enabled":true,"_links":{"self":[{"href":"https:\/\/www.automobilia-atelier.de\/fr\/wp-json\/wp\/v2\/product\/17695","targetHints":{"allow":["GET"]}}],"collection":[{"href":"https:\/\/www.automobilia-atelier.de\/fr\/wp-json\/wp\/v2\/product"}],"about":[{"href":"https:\/\/www.automobilia-atelier.de\/fr\/wp-json\/wp\/v2\/types\/product"}],"wp:featuredmedia":[{"embeddable":true,"href":"https:\/\/www.automobilia-atelier.de\/fr\/wp-json\/wp\/v2\/media\/17696"}],"wp:attachment":[{"href":"https:\/\/www.automobilia-atelier.de\/fr\/wp-json\/wp\/v2\/media?parent=17695"}],"wp:term":[{"taxonomy":"product_brand","embeddable":true,"href":"https:\/\/www.automobilia-atelier.de\/fr\/wp-json\/wp\/v2\/product_brand?post=17695"},{"taxonomy":"product_cat","embeddable":true,"href":"https:\/\/www.automobilia-atelier.de\/fr\/wp-json\/wp\/v2\/product_cat?post=17695"},{"taxonomy":"product_tag","embeddable":true,"href":"https:\/\/www.automobilia-atelier.de\/fr\/wp-json\/wp\/v2\/product_tag?post=17695"}],"curies":[{"name":"wp","href":"https:\/\/api.w.org\/{rel}","templated":true}]}}