{"id":17759,"date":"2022-07-22T08:35:45","date_gmt":"2022-07-22T06:35:45","guid":{"rendered":"https:\/\/www.automobilia-atelier.de\/produkt\/volant-momo-mts-m40-des-annees-1990-pour-mercedes-w201-w123-w124-w126-w460-r107-r129\/"},"modified":"2022-07-22T08:35:45","modified_gmt":"2022-07-22T06:35:45","slug":"volant-momo-mts-m40-des-annees-1990-pour-mercedes-w201-w123-w124-w126-w460-r107-r129","status":"publish","type":"product","link":"https:\/\/www.automobilia-atelier.de\/fr\/produkt\/volant-momo-mts-m40-des-annees-1990-pour-mercedes-w201-w123-w124-w126-w460-r107-r129\/","title":{"rendered":"Volant MOMO \u00ab&nbsp;MTS&nbsp;\u00bb M40 des ann\u00e9es 1990 pour Mercedes W201 \/ W123 \/ W124 \/ W126 \/ W460 \/ R107 \/ R129"},"content":{"rendered":"<p><strong>Fabricant :<\/strong> MOMO<br \/>\n<strong>Diam\u00e8tre :<\/strong> 400 mm<br \/>\n<strong>Date de production :<\/strong> environ 1990<br \/>\n<strong>\u00c9tat de la jante du volant :<\/strong> voir photos d\u00e9taill\u00e9es<br \/>\n<strong>Montage :<\/strong> moyeu n\u00b0 L6004 <\/p>\n<ul>\n<li>Mercedes-Benz W201 \u2013 190 \u00e0 190E 2.6 \/ 190D \u00e0 190 D 2.5 Turbo (2)<\/li>\n<li>Mercedes-Benz W201 E-190E 2.5-16 \u00c9volution (2)<\/li>\n<li>Mercedes-Benz W201 \u00c9volution II \u2013 190E 2.5-16 \u00c9volution II (2)<\/li>\n<li>Mercedes-Benz W123 \u2013 200 \u00e0 280E (1)<\/li>\n<li>Mercedes-Benz W123 D \u2013 200 D \u00e0 300 D (1)<\/li>\n<li>Mercedes-Benz W123 C \u2013 230 C \u00e0 300 CD (1)<\/li>\n<li>Mercedes-Benz W123 T \u2013 200 T \u00e0 300 TD (1)<\/li>\n<li>Mercedes-Benz W124 \u2013 200 \u00e0 500 E \/ 200D \/ 250 D \/ 300D (2) (3)<\/li>\n<li>Mercedes-Benz W124 T \u2013 200 T \/ 230 TE \/ 300 TE \/ 200 TD \/ 250 TD \/ 300 TD (2) (3)<\/li>\n<li>Mercedes-Benz W126 \u2013 280 SE \u00e0 500 SE (2)<\/li>\n<li>Mercedes-Benz W126 \u2013 260 SE \u00e0 560 SE (2)<\/li>\n<li>Mercedes-Benz W126 C \u2013 380 SEC \/ 500 SEC (2)<\/li>\n<li>Mercedes-Benz W126 C \u2013 420 SEC \/ 560 SEC (2)<\/li>\n<li>Mercedes-Benz W460 \u2013 230GE \u2013 300GE<\/li>\n<li>Mercedes-Benz R107 \u2013 280 SL \u00e0 500 SLC (4)<\/li>\n<li>Mercedes-Benz R129 \u2013 300SL \u00e0 500 SL (2) (5) (6)<\/li>\n<\/ul>\n<p>(1) de la production 08\/79<\/p>\n<p>(2) Ne convient pas aux v\u00e9hicules \u00e9quip\u00e9s d&rsquo;un r\u00e9gulateur de vitesse<\/p>\n<p>(3) pas pour les v\u00e9hicules avec 4Matic<\/p>\n<p>(4) uniquement pour les v\u00e9hicules avec cannelures d&rsquo;arbre de direction 66 dents<\/p>\n<p>(5) \u00e9galement pour les v\u00e9hicules avec colonne de direction \u00e0 angle r\u00e9glable<\/p>\n<p>(6) Ne convient pas aux v\u00e9hicules \u00e9quip\u00e9s d&rsquo;ADS (syst\u00e8me d&rsquo;amortissement adaptatif)<\/p>\n","protected":false},"excerpt":{"rendered":"<p>Fabricant : MOMO Diam\u00e8tre : 400 mm Date de production : environ 1990 \u00c9tat de la jante du volant : voir photos d\u00e9taill\u00e9es Montage : moyeu n\u00b0 L6004 Mercedes-Benz W201 \u2013 190 \u00e0 190E 2.6 \/ 190D \u00e0 190 D 2.5 Turbo (2) Mercedes-Benz W201 E-190E 2.5-16 \u00c9volution (2) Mercedes-Benz W201 \u00c9volution II \u2013 190E &hellip; <a href=\"https:\/\/www.automobilia-atelier.de\/fr\/produkt\/volant-momo-mts-m40-des-annees-1990-pour-mercedes-w201-w123-w124-w126-w460-r107-r129\/\" class=\"more-link\">Continuer \u00e0 lire <span class=\"screen-reader-text\">Volant MOMO \u00ab&nbsp;MTS&nbsp;\u00bb M40 des ann\u00e9es 1990 pour Mercedes W201 \/ W123 \/ W124 \/ W126 \/ W460 \/ R107 \/ R129<\/span> <span class=\"meta-nav\">\u2192<\/span><\/a><\/p>\n","protected":false},"featured_media":17760,"template":"","meta":{"inline_featured_image":false,"_monsterinsights_skip_tracking":false,"_monsterinsights_sitenote_active":false,"_monsterinsights_sitenote_note":"","_monsterinsights_sitenote_category":0},"product_brand":[],"product_cat":[239,236,237,255],"product_tag":[],"class_list":{"0":"post-17759","1":"product","2":"type-product","3":"status-publish","4":"has-post-thumbnail","6":"product_cat-momo-fr","7":"product_cat-pieces-de-vehicules-classiques","8":"product_cat-volants","9":"product_cat-volants-en-cuir-fr","11":"first","12":"outofstock","13":"sold-individually","14":"product-type-simple"},"yoast_head":"<!-- This site is optimized with the Yoast SEO plugin v24.7 - https:\/\/yoast.com\/wordpress\/plugins\/seo\/ -->\n<title>Volant MOMO \u00ab&nbsp;MTS&nbsp;\u00bb M40 des ann\u00e9es 1990 pour Mercedes W201 \/ W123 \/ W124 \/ W126 \/ W460 \/ R107 \/ R129 -<\/title>\n<meta name=\"robots\" content=\"index, follow, max-snippet:-1, max-image-preview:large, max-video-preview:-1\" \/>\n<link rel=\"canonical\" href=\"https:\/\/www.automobilia-atelier.de\/fr\/produkt\/volant-momo-mts-m40-des-annees-1990-pour-mercedes-w201-w123-w124-w126-w460-r107-r129\/\" \/>\n<meta property=\"og:locale\" content=\"fr_FR\" \/>\n<meta property=\"og:type\" content=\"article\" \/>\n<meta property=\"og:title\" content=\"Volant MOMO \u00ab&nbsp;MTS&nbsp;\u00bb M40 des ann\u00e9es 1990 pour Mercedes W201 \/ W123 \/ W124 \/ W126 \/ W460 \/ R107 \/ R129 -\" \/>\n<meta property=\"og:description\" content=\"Fabricant : MOMO Diam\u00e8tre : 400 mm Date de production : environ 1990 \u00c9tat de la jante du volant : voir photos d\u00e9taill\u00e9es Montage : moyeu n\u00b0 L6004 Mercedes-Benz W201 \u2013 190 \u00e0 190E 2.6 \/ 190D \u00e0 190 D 2.5 Turbo (2) Mercedes-Benz W201 E-190E 2.5-16 \u00c9volution (2) Mercedes-Benz W201 \u00c9volution II \u2013 190E &hellip; Continuer \u00e0 lire Volant MOMO \u00ab&nbsp;MTS&nbsp;\u00bb M40 des ann\u00e9es 1990 pour Mercedes W201 \/ W123 \/ W124 \/ W126 \/ W460 \/ R107 \/ R129 \u2192\" \/>\n<meta property=\"og:url\" content=\"https:\/\/www.automobilia-atelier.de\/fr\/produkt\/volant-momo-mts-m40-des-annees-1990-pour-mercedes-w201-w123-w124-w126-w460-r107-r129\/\" \/>\n<meta property=\"og:image\" content=\"https:\/\/www.automobilia-atelier.de\/wp-content\/uploads\/2022\/07\/DSC4797-scaled.jpg\" \/>\n\t<meta property=\"og:image:width\" content=\"2400\" \/>\n\t<meta property=\"og:image:height\" content=\"1600\" \/>\n\t<meta property=\"og:image:type\" content=\"image\/jpeg\" \/>\n<meta name=\"twitter:card\" content=\"summary_large_image\" \/>\n<meta name=\"twitter:label1\" content=\"Dur\u00e9e de lecture estim\u00e9e\" \/>\n\t<meta name=\"twitter:data1\" content=\"1 minute\" \/>\n<script type=\"application\/ld+json\" class=\"yoast-schema-graph\">{\"@context\":\"https:\/\/schema.org\",\"@graph\":[{\"@type\":\"WebPage\",\"@id\":\"https:\/\/www.automobilia-atelier.de\/fr\/produkt\/volant-momo-mts-m40-des-annees-1990-pour-mercedes-w201-w123-w124-w126-w460-r107-r129\/\",\"url\":\"https:\/\/www.automobilia-atelier.de\/fr\/produkt\/volant-momo-mts-m40-des-annees-1990-pour-mercedes-w201-w123-w124-w126-w460-r107-r129\/\",\"name\":\"Volant MOMO \u00ab&nbsp;MTS&nbsp;\u00bb M40 des ann\u00e9es 1990 pour Mercedes W201 \/ W123 \/ W124 \/ W126 \/ W460 \/ R107 \/ R129 -\",\"isPartOf\":{\"@id\":\"https:\/\/www.automobilia-atelier.de\/fr\/#website\"},\"primaryImageOfPage\":{\"@id\":\"https:\/\/www.automobilia-atelier.de\/fr\/produkt\/volant-momo-mts-m40-des-annees-1990-pour-mercedes-w201-w123-w124-w126-w460-r107-r129\/#primaryimage\"},\"image\":{\"@id\":\"https:\/\/www.automobilia-atelier.de\/fr\/produkt\/volant-momo-mts-m40-des-annees-1990-pour-mercedes-w201-w123-w124-w126-w460-r107-r129\/#primaryimage\"},\"thumbnailUrl\":\"https:\/\/www.automobilia-atelier.de\/wp-content\/uploads\/2022\/07\/DSC4797-scaled.jpg\",\"datePublished\":\"2022-07-22T06:35:45+00:00\",\"breadcrumb\":{\"@id\":\"https:\/\/www.automobilia-atelier.de\/fr\/produkt\/volant-momo-mts-m40-des-annees-1990-pour-mercedes-w201-w123-w124-w126-w460-r107-r129\/#breadcrumb\"},\"inLanguage\":\"fr-FR\",\"potentialAction\":[{\"@type\":\"ReadAction\",\"target\":[\"https:\/\/www.automobilia-atelier.de\/fr\/produkt\/volant-momo-mts-m40-des-annees-1990-pour-mercedes-w201-w123-w124-w126-w460-r107-r129\/\"]}]},{\"@type\":\"ImageObject\",\"inLanguage\":\"fr-FR\",\"@id\":\"https:\/\/www.automobilia-atelier.de\/fr\/produkt\/volant-momo-mts-m40-des-annees-1990-pour-mercedes-w201-w123-w124-w126-w460-r107-r129\/#primaryimage\",\"url\":\"https:\/\/www.automobilia-atelier.de\/wp-content\/uploads\/2022\/07\/DSC4797-scaled.jpg\",\"contentUrl\":\"https:\/\/www.automobilia-atelier.de\/wp-content\/uploads\/2022\/07\/DSC4797-scaled.jpg\",\"width\":2400,\"height\":1600},{\"@type\":\"BreadcrumbList\",\"@id\":\"https:\/\/www.automobilia-atelier.de\/fr\/produkt\/volant-momo-mts-m40-des-annees-1990-pour-mercedes-w201-w123-w124-w126-w460-r107-r129\/#breadcrumb\",\"itemListElement\":[{\"@type\":\"ListItem\",\"position\":1,\"name\":\"Startseite\",\"item\":\"https:\/\/www.automobilia-atelier.de\/fr\/\"},{\"@type\":\"ListItem\",\"position\":2,\"name\":\"Produits\",\"item\":\"https:\/\/www.automobilia-atelier.de\/fr\/shop\/\"},{\"@type\":\"ListItem\",\"position\":3,\"name\":\"Volant MOMO \u00ab&nbsp;MTS&nbsp;\u00bb M40 des ann\u00e9es 1990 pour Mercedes W201 \/ W123 \/ W124 \/ W126 \/ W460 \/ R107 \/ R129\"}]},{\"@type\":\"WebSite\",\"@id\":\"https:\/\/www.automobilia-atelier.de\/fr\/#website\",\"url\":\"https:\/\/www.automobilia-atelier.de\/fr\/\",\"name\":\"\",\"description\":\"\",\"potentialAction\":[{\"@type\":\"SearchAction\",\"target\":{\"@type\":\"EntryPoint\",\"urlTemplate\":\"https:\/\/www.automobilia-atelier.de\/fr\/?s={search_term_string}\"},\"query-input\":{\"@type\":\"PropertyValueSpecification\",\"valueRequired\":true,\"valueName\":\"search_term_string\"}}],\"inLanguage\":\"fr-FR\"}]}<\/script>\n<!-- \/ Yoast SEO plugin. -->","yoast_head_json":{"title":"Volant MOMO \u00ab&nbsp;MTS&nbsp;\u00bb M40 des ann\u00e9es 1990 pour Mercedes W201 \/ W123 \/ W124 \/ W126 \/ W460 \/ R107 \/ R129 -","robots":{"index":"index","follow":"follow","max-snippet":"max-snippet:-1","max-image-preview":"max-image-preview:large","max-video-preview":"max-video-preview:-1"},"canonical":"https:\/\/www.automobilia-atelier.de\/fr\/produkt\/volant-momo-mts-m40-des-annees-1990-pour-mercedes-w201-w123-w124-w126-w460-r107-r129\/","og_locale":"fr_FR","og_type":"article","og_title":"Volant MOMO \u00ab&nbsp;MTS&nbsp;\u00bb M40 des ann\u00e9es 1990 pour Mercedes W201 \/ W123 \/ W124 \/ W126 \/ W460 \/ R107 \/ R129 -","og_description":"Fabricant : MOMO Diam\u00e8tre : 400 mm Date de production : environ 1990 \u00c9tat de la jante du volant : voir photos d\u00e9taill\u00e9es Montage : moyeu n\u00b0 L6004 Mercedes-Benz W201 \u2013 190 \u00e0 190E 2.6 \/ 190D \u00e0 190 D 2.5 Turbo (2) Mercedes-Benz W201 E-190E 2.5-16 \u00c9volution (2) Mercedes-Benz W201 \u00c9volution II \u2013 190E &hellip; Continuer \u00e0 lire Volant MOMO \u00ab&nbsp;MTS&nbsp;\u00bb M40 des ann\u00e9es 1990 pour Mercedes W201 \/ W123 \/ W124 \/ W126 \/ W460 \/ R107 \/ R129 \u2192","og_url":"https:\/\/www.automobilia-atelier.de\/fr\/produkt\/volant-momo-mts-m40-des-annees-1990-pour-mercedes-w201-w123-w124-w126-w460-r107-r129\/","og_image":[{"width":2400,"height":1600,"url":"https:\/\/www.automobilia-atelier.de\/wp-content\/uploads\/2022\/07\/DSC4797-scaled.jpg","type":"image\/jpeg"}],"twitter_card":"summary_large_image","twitter_misc":{"Dur\u00e9e de lecture estim\u00e9e":"1 minute"},"schema":{"@context":"https:\/\/schema.org","@graph":[{"@type":"WebPage","@id":"https:\/\/www.automobilia-atelier.de\/fr\/produkt\/volant-momo-mts-m40-des-annees-1990-pour-mercedes-w201-w123-w124-w126-w460-r107-r129\/","url":"https:\/\/www.automobilia-atelier.de\/fr\/produkt\/volant-momo-mts-m40-des-annees-1990-pour-mercedes-w201-w123-w124-w126-w460-r107-r129\/","name":"Volant MOMO \u00ab&nbsp;MTS&nbsp;\u00bb M40 des ann\u00e9es 1990 pour Mercedes W201 \/ W123 \/ W124 \/ W126 \/ W460 \/ R107 \/ R129 -","isPartOf":{"@id":"https:\/\/www.automobilia-atelier.de\/fr\/#website"},"primaryImageOfPage":{"@id":"https:\/\/www.automobilia-atelier.de\/fr\/produkt\/volant-momo-mts-m40-des-annees-1990-pour-mercedes-w201-w123-w124-w126-w460-r107-r129\/#primaryimage"},"image":{"@id":"https:\/\/www.automobilia-atelier.de\/fr\/produkt\/volant-momo-mts-m40-des-annees-1990-pour-mercedes-w201-w123-w124-w126-w460-r107-r129\/#primaryimage"},"thumbnailUrl":"https:\/\/www.automobilia-atelier.de\/wp-content\/uploads\/2022\/07\/DSC4797-scaled.jpg","datePublished":"2022-07-22T06:35:45+00:00","breadcrumb":{"@id":"https:\/\/www.automobilia-atelier.de\/fr\/produkt\/volant-momo-mts-m40-des-annees-1990-pour-mercedes-w201-w123-w124-w126-w460-r107-r129\/#breadcrumb"},"inLanguage":"fr-FR","potentialAction":[{"@type":"ReadAction","target":["https:\/\/www.automobilia-atelier.de\/fr\/produkt\/volant-momo-mts-m40-des-annees-1990-pour-mercedes-w201-w123-w124-w126-w460-r107-r129\/"]}]},{"@type":"ImageObject","inLanguage":"fr-FR","@id":"https:\/\/www.automobilia-atelier.de\/fr\/produkt\/volant-momo-mts-m40-des-annees-1990-pour-mercedes-w201-w123-w124-w126-w460-r107-r129\/#primaryimage","url":"https:\/\/www.automobilia-atelier.de\/wp-content\/uploads\/2022\/07\/DSC4797-scaled.jpg","contentUrl":"https:\/\/www.automobilia-atelier.de\/wp-content\/uploads\/2022\/07\/DSC4797-scaled.jpg","width":2400,"height":1600},{"@type":"BreadcrumbList","@id":"https:\/\/www.automobilia-atelier.de\/fr\/produkt\/volant-momo-mts-m40-des-annees-1990-pour-mercedes-w201-w123-w124-w126-w460-r107-r129\/#breadcrumb","itemListElement":[{"@type":"ListItem","position":1,"name":"Startseite","item":"https:\/\/www.automobilia-atelier.de\/fr\/"},{"@type":"ListItem","position":2,"name":"Produits","item":"https:\/\/www.automobilia-atelier.de\/fr\/shop\/"},{"@type":"ListItem","position":3,"name":"Volant MOMO \u00ab&nbsp;MTS&nbsp;\u00bb M40 des ann\u00e9es 1990 pour Mercedes W201 \/ W123 \/ W124 \/ W126 \/ W460 \/ R107 \/ R129"}]},{"@type":"WebSite","@id":"https:\/\/www.automobilia-atelier.de\/fr\/#website","url":"https:\/\/www.automobilia-atelier.de\/fr\/","name":"","description":"","potentialAction":[{"@type":"SearchAction","target":{"@type":"EntryPoint","urlTemplate":"https:\/\/www.automobilia-atelier.de\/fr\/?s={search_term_string}"},"query-input":{"@type":"PropertyValueSpecification","valueRequired":true,"valueName":"search_term_string"}}],"inLanguage":"fr-FR"}]}},"jetpack_sharing_enabled":true,"_links":{"self":[{"href":"https:\/\/www.automobilia-atelier.de\/fr\/wp-json\/wp\/v2\/product\/17759","targetHints":{"allow":["GET"]}}],"collection":[{"href":"https:\/\/www.automobilia-atelier.de\/fr\/wp-json\/wp\/v2\/product"}],"about":[{"href":"https:\/\/www.automobilia-atelier.de\/fr\/wp-json\/wp\/v2\/types\/product"}],"wp:featuredmedia":[{"embeddable":true,"href":"https:\/\/www.automobilia-atelier.de\/fr\/wp-json\/wp\/v2\/media\/17760"}],"wp:attachment":[{"href":"https:\/\/www.automobilia-atelier.de\/fr\/wp-json\/wp\/v2\/media?parent=17759"}],"wp:term":[{"taxonomy":"product_brand","embeddable":true,"href":"https:\/\/www.automobilia-atelier.de\/fr\/wp-json\/wp\/v2\/product_brand?post=17759"},{"taxonomy":"product_cat","embeddable":true,"href":"https:\/\/www.automobilia-atelier.de\/fr\/wp-json\/wp\/v2\/product_cat?post=17759"},{"taxonomy":"product_tag","embeddable":true,"href":"https:\/\/www.automobilia-atelier.de\/fr\/wp-json\/wp\/v2\/product_tag?post=17759"}],"curies":[{"name":"wp","href":"https:\/\/api.w.org\/{rel}","templated":true}]}}