{"id":17810,"date":"2021-09-02T10:17:11","date_gmt":"2021-09-02T08:17:11","guid":{"rendered":"https:\/\/www.automobilia-atelier.de\/produkt\/volant-ts-intertrade-1970-bmw-porsche-fiat-alfa-2\/"},"modified":"2021-09-02T10:17:11","modified_gmt":"2021-09-02T08:17:11","slug":"volant-ts-intertrade-1970-bmw-porsche-fiat-alfa-2","status":"publish","type":"product","link":"https:\/\/www.automobilia-atelier.de\/fr\/produkt\/volant-ts-intertrade-1970-bmw-porsche-fiat-alfa-2\/","title":{"rendered":"Volant TS INTERTRADE 1970&prime; BMW \/ Porsche \/ Fiat \/ Alfa"},"content":{"rendered":"<p><strong>Fabricant :<\/strong> TS INTERTRADE<br \/>\n<strong>Diam\u00e8tre :<\/strong> 340 mm<br \/>\n<strong>Date de production :<\/strong> environ 1970<br \/>\n<strong>\u00c9tat :<\/strong> voir photos d\u00e9taill\u00e9es<br \/>\n<strong>Pr\u00e9cision d&rsquo;ajustement :<\/strong> cercle de boulonnage = 6 x 74 mm (comme Nardi \/ Personal). Peut \u00eatre mont\u00e9 sur presque tous les v\u00e9hicules avec le moyeu appropri\u00e9<\/p>\n","protected":false},"excerpt":{"rendered":"<p>Fabricant : TS INTERTRADE Diam\u00e8tre : 340 mm Date de production : environ 1970 \u00c9tat : voir photos d\u00e9taill\u00e9es Pr\u00e9cision d&rsquo;ajustement : cercle de boulonnage = 6 x 74 mm (comme Nardi \/ Personal). Peut \u00eatre mont\u00e9 sur presque tous les v\u00e9hicules avec le moyeu appropri\u00e9<\/p>\n","protected":false},"featured_media":17813,"template":"","meta":{"inline_featured_image":false,"_monsterinsights_skip_tracking":false,"_monsterinsights_sitenote_active":false,"_monsterinsights_sitenote_note":"","_monsterinsights_sitenote_category":0},"product_brand":[],"product_cat":[236,277,237],"product_tag":[],"class_list":{"0":"post-17810","1":"product","2":"type-product","3":"status-publish","4":"has-post-thumbnail","6":"product_cat-pieces-de-vehicules-classiques","7":"product_cat-ts-intertrade-fr","8":"product_cat-volants","10":"first","11":"outofstock","12":"sold-individually","13":"product-type-simple"},"yoast_head":"<!-- This site is optimized with the Yoast SEO plugin v24.7 - https:\/\/yoast.com\/wordpress\/plugins\/seo\/ -->\n<title>Volant TS INTERTRADE 1970&#039; BMW \/ Porsche \/ Fiat \/ Alfa -<\/title>\n<meta name=\"robots\" content=\"index, follow, max-snippet:-1, max-image-preview:large, max-video-preview:-1\" \/>\n<link rel=\"canonical\" href=\"https:\/\/www.automobilia-atelier.de\/fr\/produkt\/volant-ts-intertrade-1970-bmw-porsche-fiat-alfa-2\/\" \/>\n<meta property=\"og:locale\" content=\"fr_FR\" \/>\n<meta property=\"og:type\" content=\"article\" \/>\n<meta property=\"og:title\" content=\"Volant TS INTERTRADE 1970&#039; BMW \/ Porsche \/ Fiat \/ Alfa -\" \/>\n<meta property=\"og:description\" content=\"Fabricant : TS INTERTRADE Diam\u00e8tre : 340 mm Date de production : environ 1970 \u00c9tat : voir photos d\u00e9taill\u00e9es Pr\u00e9cision d&rsquo;ajustement : cercle de boulonnage = 6 x 74 mm (comme Nardi \/ Personal). Peut \u00eatre mont\u00e9 sur presque tous les v\u00e9hicules avec le moyeu appropri\u00e9\" \/>\n<meta property=\"og:url\" content=\"https:\/\/www.automobilia-atelier.de\/fr\/produkt\/volant-ts-intertrade-1970-bmw-porsche-fiat-alfa-2\/\" \/>\n<meta property=\"og:image\" content=\"https:\/\/www.automobilia-atelier.de\/wp-content\/uploads\/2022\/09\/DSC5346-scaled.jpg\" \/>\n\t<meta property=\"og:image:width\" content=\"2400\" \/>\n\t<meta property=\"og:image:height\" content=\"1600\" \/>\n\t<meta property=\"og:image:type\" content=\"image\/jpeg\" \/>\n<meta name=\"twitter:card\" content=\"summary_large_image\" \/>\n<script type=\"application\/ld+json\" class=\"yoast-schema-graph\">{\"@context\":\"https:\/\/schema.org\",\"@graph\":[{\"@type\":\"WebPage\",\"@id\":\"https:\/\/www.automobilia-atelier.de\/fr\/produkt\/volant-ts-intertrade-1970-bmw-porsche-fiat-alfa-2\/\",\"url\":\"https:\/\/www.automobilia-atelier.de\/fr\/produkt\/volant-ts-intertrade-1970-bmw-porsche-fiat-alfa-2\/\",\"name\":\"Volant TS INTERTRADE 1970' BMW \/ Porsche \/ Fiat \/ Alfa -\",\"isPartOf\":{\"@id\":\"https:\/\/www.automobilia-atelier.de\/fr\/#website\"},\"primaryImageOfPage\":{\"@id\":\"https:\/\/www.automobilia-atelier.de\/fr\/produkt\/volant-ts-intertrade-1970-bmw-porsche-fiat-alfa-2\/#primaryimage\"},\"image\":{\"@id\":\"https:\/\/www.automobilia-atelier.de\/fr\/produkt\/volant-ts-intertrade-1970-bmw-porsche-fiat-alfa-2\/#primaryimage\"},\"thumbnailUrl\":\"https:\/\/www.automobilia-atelier.de\/wp-content\/uploads\/2022\/09\/DSC5346-scaled.jpg\",\"datePublished\":\"2021-09-02T08:17:11+00:00\",\"breadcrumb\":{\"@id\":\"https:\/\/www.automobilia-atelier.de\/fr\/produkt\/volant-ts-intertrade-1970-bmw-porsche-fiat-alfa-2\/#breadcrumb\"},\"inLanguage\":\"fr-FR\",\"potentialAction\":[{\"@type\":\"ReadAction\",\"target\":[\"https:\/\/www.automobilia-atelier.de\/fr\/produkt\/volant-ts-intertrade-1970-bmw-porsche-fiat-alfa-2\/\"]}]},{\"@type\":\"ImageObject\",\"inLanguage\":\"fr-FR\",\"@id\":\"https:\/\/www.automobilia-atelier.de\/fr\/produkt\/volant-ts-intertrade-1970-bmw-porsche-fiat-alfa-2\/#primaryimage\",\"url\":\"https:\/\/www.automobilia-atelier.de\/wp-content\/uploads\/2022\/09\/DSC5346-scaled.jpg\",\"contentUrl\":\"https:\/\/www.automobilia-atelier.de\/wp-content\/uploads\/2022\/09\/DSC5346-scaled.jpg\",\"width\":2400,\"height\":1600},{\"@type\":\"BreadcrumbList\",\"@id\":\"https:\/\/www.automobilia-atelier.de\/fr\/produkt\/volant-ts-intertrade-1970-bmw-porsche-fiat-alfa-2\/#breadcrumb\",\"itemListElement\":[{\"@type\":\"ListItem\",\"position\":1,\"name\":\"Startseite\",\"item\":\"https:\/\/www.automobilia-atelier.de\/fr\/\"},{\"@type\":\"ListItem\",\"position\":2,\"name\":\"Produits\",\"item\":\"https:\/\/www.automobilia-atelier.de\/fr\/shop\/\"},{\"@type\":\"ListItem\",\"position\":3,\"name\":\"Volant TS INTERTRADE 1970&prime; BMW \/ Porsche \/ Fiat \/ Alfa\"}]},{\"@type\":\"WebSite\",\"@id\":\"https:\/\/www.automobilia-atelier.de\/fr\/#website\",\"url\":\"https:\/\/www.automobilia-atelier.de\/fr\/\",\"name\":\"\",\"description\":\"\",\"potentialAction\":[{\"@type\":\"SearchAction\",\"target\":{\"@type\":\"EntryPoint\",\"urlTemplate\":\"https:\/\/www.automobilia-atelier.de\/fr\/?s={search_term_string}\"},\"query-input\":{\"@type\":\"PropertyValueSpecification\",\"valueRequired\":true,\"valueName\":\"search_term_string\"}}],\"inLanguage\":\"fr-FR\"}]}<\/script>\n<!-- \/ Yoast SEO plugin. -->","yoast_head_json":{"title":"Volant TS INTERTRADE 1970' BMW \/ Porsche \/ Fiat \/ Alfa -","robots":{"index":"index","follow":"follow","max-snippet":"max-snippet:-1","max-image-preview":"max-image-preview:large","max-video-preview":"max-video-preview:-1"},"canonical":"https:\/\/www.automobilia-atelier.de\/fr\/produkt\/volant-ts-intertrade-1970-bmw-porsche-fiat-alfa-2\/","og_locale":"fr_FR","og_type":"article","og_title":"Volant TS INTERTRADE 1970' BMW \/ Porsche \/ Fiat \/ Alfa -","og_description":"Fabricant : TS INTERTRADE Diam\u00e8tre : 340 mm Date de production : environ 1970 \u00c9tat : voir photos d\u00e9taill\u00e9es Pr\u00e9cision d&rsquo;ajustement : cercle de boulonnage = 6 x 74 mm (comme Nardi \/ Personal). Peut \u00eatre mont\u00e9 sur presque tous les v\u00e9hicules avec le moyeu appropri\u00e9","og_url":"https:\/\/www.automobilia-atelier.de\/fr\/produkt\/volant-ts-intertrade-1970-bmw-porsche-fiat-alfa-2\/","og_image":[{"width":2400,"height":1600,"url":"https:\/\/www.automobilia-atelier.de\/wp-content\/uploads\/2022\/09\/DSC5346-scaled.jpg","type":"image\/jpeg"}],"twitter_card":"summary_large_image","schema":{"@context":"https:\/\/schema.org","@graph":[{"@type":"WebPage","@id":"https:\/\/www.automobilia-atelier.de\/fr\/produkt\/volant-ts-intertrade-1970-bmw-porsche-fiat-alfa-2\/","url":"https:\/\/www.automobilia-atelier.de\/fr\/produkt\/volant-ts-intertrade-1970-bmw-porsche-fiat-alfa-2\/","name":"Volant TS INTERTRADE 1970' BMW \/ Porsche \/ Fiat \/ Alfa -","isPartOf":{"@id":"https:\/\/www.automobilia-atelier.de\/fr\/#website"},"primaryImageOfPage":{"@id":"https:\/\/www.automobilia-atelier.de\/fr\/produkt\/volant-ts-intertrade-1970-bmw-porsche-fiat-alfa-2\/#primaryimage"},"image":{"@id":"https:\/\/www.automobilia-atelier.de\/fr\/produkt\/volant-ts-intertrade-1970-bmw-porsche-fiat-alfa-2\/#primaryimage"},"thumbnailUrl":"https:\/\/www.automobilia-atelier.de\/wp-content\/uploads\/2022\/09\/DSC5346-scaled.jpg","datePublished":"2021-09-02T08:17:11+00:00","breadcrumb":{"@id":"https:\/\/www.automobilia-atelier.de\/fr\/produkt\/volant-ts-intertrade-1970-bmw-porsche-fiat-alfa-2\/#breadcrumb"},"inLanguage":"fr-FR","potentialAction":[{"@type":"ReadAction","target":["https:\/\/www.automobilia-atelier.de\/fr\/produkt\/volant-ts-intertrade-1970-bmw-porsche-fiat-alfa-2\/"]}]},{"@type":"ImageObject","inLanguage":"fr-FR","@id":"https:\/\/www.automobilia-atelier.de\/fr\/produkt\/volant-ts-intertrade-1970-bmw-porsche-fiat-alfa-2\/#primaryimage","url":"https:\/\/www.automobilia-atelier.de\/wp-content\/uploads\/2022\/09\/DSC5346-scaled.jpg","contentUrl":"https:\/\/www.automobilia-atelier.de\/wp-content\/uploads\/2022\/09\/DSC5346-scaled.jpg","width":2400,"height":1600},{"@type":"BreadcrumbList","@id":"https:\/\/www.automobilia-atelier.de\/fr\/produkt\/volant-ts-intertrade-1970-bmw-porsche-fiat-alfa-2\/#breadcrumb","itemListElement":[{"@type":"ListItem","position":1,"name":"Startseite","item":"https:\/\/www.automobilia-atelier.de\/fr\/"},{"@type":"ListItem","position":2,"name":"Produits","item":"https:\/\/www.automobilia-atelier.de\/fr\/shop\/"},{"@type":"ListItem","position":3,"name":"Volant TS INTERTRADE 1970&prime; BMW \/ Porsche \/ Fiat \/ Alfa"}]},{"@type":"WebSite","@id":"https:\/\/www.automobilia-atelier.de\/fr\/#website","url":"https:\/\/www.automobilia-atelier.de\/fr\/","name":"","description":"","potentialAction":[{"@type":"SearchAction","target":{"@type":"EntryPoint","urlTemplate":"https:\/\/www.automobilia-atelier.de\/fr\/?s={search_term_string}"},"query-input":{"@type":"PropertyValueSpecification","valueRequired":true,"valueName":"search_term_string"}}],"inLanguage":"fr-FR"}]}},"jetpack_sharing_enabled":true,"_links":{"self":[{"href":"https:\/\/www.automobilia-atelier.de\/fr\/wp-json\/wp\/v2\/product\/17810","targetHints":{"allow":["GET"]}}],"collection":[{"href":"https:\/\/www.automobilia-atelier.de\/fr\/wp-json\/wp\/v2\/product"}],"about":[{"href":"https:\/\/www.automobilia-atelier.de\/fr\/wp-json\/wp\/v2\/types\/product"}],"wp:featuredmedia":[{"embeddable":true,"href":"https:\/\/www.automobilia-atelier.de\/fr\/wp-json\/wp\/v2\/media\/17813"}],"wp:attachment":[{"href":"https:\/\/www.automobilia-atelier.de\/fr\/wp-json\/wp\/v2\/media?parent=17810"}],"wp:term":[{"taxonomy":"product_brand","embeddable":true,"href":"https:\/\/www.automobilia-atelier.de\/fr\/wp-json\/wp\/v2\/product_brand?post=17810"},{"taxonomy":"product_cat","embeddable":true,"href":"https:\/\/www.automobilia-atelier.de\/fr\/wp-json\/wp\/v2\/product_cat?post=17810"},{"taxonomy":"product_tag","embeddable":true,"href":"https:\/\/www.automobilia-atelier.de\/fr\/wp-json\/wp\/v2\/product_tag?post=17810"}],"curies":[{"name":"wp","href":"https:\/\/api.w.org\/{rel}","templated":true}]}}