{"id":17871,"date":"2026-04-04T09:14:40","date_gmt":"2026-04-04T07:14:40","guid":{"rendered":"https:\/\/www.automobilia-atelier.de\/produkt\/volant-momo-monza-des-annees-1960-pour-porsche-bmw-ferrari-mini-fiat\/"},"modified":"2026-04-05T17:16:30","modified_gmt":"2026-04-05T15:16:30","slug":"volant-momo-monza-des-annees-1960-pour-porsche-bmw-ferrari-mini-fiat","status":"publish","type":"product","link":"https:\/\/www.automobilia-atelier.de\/fr\/produkt\/volant-momo-monza-des-annees-1960-pour-porsche-bmw-ferrari-mini-fiat\/","title":{"rendered":"Volant MOMO \u00ab Monza \u00bb des ann\u00e9es 1960 pour Porsche \/ BMW \/ Ferrari \/ Mini \/ Fiat"},"content":{"rendered":"<p><strong>Fabricant :<\/strong> MOMO<br \/>\n <strong>Diam\u00e8tre :<\/strong> 310 mm<br \/>\n <strong>Date de production :<\/strong> environ 1968-1973<br \/>\n <strong>\u00c9tat :<\/strong> voir photos d\u00e9taill\u00e9es<br \/>\n <strong>Ajustement parfait :<\/strong> Entraxe = 6&#215;70 mm \u2013 Peut \u00eatre mont\u00e9 sur presque tous les v\u00e9hicules dot\u00e9s du moyeu appropri\u00e9.<\/p>\n<p> <b>Remarque :<\/b> Cet article doit \u00eatre install\u00e9 uniquement par des professionnels qualifi\u00e9s.<\/p>\n","protected":false},"excerpt":{"rendered":"<p>Fabricant : MOMO Diam\u00e8tre : 310 mm Date de production : environ 1968-1973 \u00c9tat : voir photos d\u00e9taill\u00e9es Ajustement parfait : Entraxe = 6&#215;70 mm \u2013 Peut \u00eatre mont\u00e9 sur presque tous les v\u00e9hicules dot\u00e9s du moyeu appropri\u00e9. Remarque : Cet article doit \u00eatre install\u00e9 uniquement par des professionnels qualifi\u00e9s.<\/p>\n","protected":false},"featured_media":22387,"template":"","meta":{"inline_featured_image":false,"_monsterinsights_skip_tracking":false,"_monsterinsights_sitenote_active":false,"_monsterinsights_sitenote_note":"","_monsterinsights_sitenote_category":0},"product_brand":[],"product_cat":[239,236,237,255],"product_tag":[],"class_list":{"0":"post-17871","1":"product","2":"type-product","3":"status-publish","4":"has-post-thumbnail","6":"product_cat-momo-fr","7":"product_cat-pieces-de-vehicules-classiques","8":"product_cat-volants","9":"product_cat-volants-en-cuir-fr","11":"first","12":"instock","13":"sold-individually","14":"purchasable","15":"product-type-simple"},"yoast_head":"<!-- This site is optimized with the Yoast SEO plugin v24.7 - https:\/\/yoast.com\/wordpress\/plugins\/seo\/ -->\n<title>Volant MOMO \u00ab Monza \u00bb des ann\u00e9es 1960 pour Porsche \/ BMW \/ Ferrari \/ Mini \/ Fiat -<\/title>\n<meta name=\"robots\" content=\"index, follow, max-snippet:-1, max-image-preview:large, max-video-preview:-1\" \/>\n<link rel=\"canonical\" href=\"https:\/\/www.automobilia-atelier.de\/fr\/produkt\/volant-momo-monza-des-annees-1960-pour-porsche-bmw-ferrari-mini-fiat\/\" \/>\n<meta property=\"og:locale\" content=\"fr_FR\" \/>\n<meta property=\"og:type\" content=\"article\" \/>\n<meta property=\"og:title\" content=\"Volant MOMO \u00ab Monza \u00bb des ann\u00e9es 1960 pour Porsche \/ BMW \/ Ferrari \/ Mini \/ Fiat -\" \/>\n<meta property=\"og:description\" content=\"Fabricant : MOMO Diam\u00e8tre : 310 mm Date de production : environ 1968-1973 \u00c9tat : voir photos d\u00e9taill\u00e9es Ajustement parfait : Entraxe = 6&#215;70 mm \u2013 Peut \u00eatre mont\u00e9 sur presque tous les v\u00e9hicules dot\u00e9s du moyeu appropri\u00e9. Remarque : Cet article doit \u00eatre install\u00e9 uniquement par des professionnels qualifi\u00e9s.\" \/>\n<meta property=\"og:url\" content=\"https:\/\/www.automobilia-atelier.de\/fr\/produkt\/volant-momo-monza-des-annees-1960-pour-porsche-bmw-ferrari-mini-fiat\/\" \/>\n<meta property=\"article:modified_time\" content=\"2026-04-05T15:16:30+00:00\" \/>\n<meta property=\"og:image\" content=\"https:\/\/www.automobilia-atelier.de\/wp-content\/uploads\/2023\/07\/DSC0246-scaled.jpg\" \/>\n\t<meta property=\"og:image:width\" content=\"2400\" \/>\n\t<meta property=\"og:image:height\" content=\"1600\" \/>\n\t<meta property=\"og:image:type\" content=\"image\/jpeg\" \/>\n<meta name=\"twitter:card\" content=\"summary_large_image\" \/>\n<script type=\"application\/ld+json\" class=\"yoast-schema-graph\">{\"@context\":\"https:\/\/schema.org\",\"@graph\":[{\"@type\":\"WebPage\",\"@id\":\"https:\/\/www.automobilia-atelier.de\/fr\/produkt\/volant-momo-monza-des-annees-1960-pour-porsche-bmw-ferrari-mini-fiat\/\",\"url\":\"https:\/\/www.automobilia-atelier.de\/fr\/produkt\/volant-momo-monza-des-annees-1960-pour-porsche-bmw-ferrari-mini-fiat\/\",\"name\":\"Volant MOMO \u00ab Monza \u00bb des ann\u00e9es 1960 pour Porsche \/ BMW \/ Ferrari \/ Mini \/ Fiat -\",\"isPartOf\":{\"@id\":\"https:\/\/www.automobilia-atelier.de\/fr\/#website\"},\"primaryImageOfPage\":{\"@id\":\"https:\/\/www.automobilia-atelier.de\/fr\/produkt\/volant-momo-monza-des-annees-1960-pour-porsche-bmw-ferrari-mini-fiat\/#primaryimage\"},\"image\":{\"@id\":\"https:\/\/www.automobilia-atelier.de\/fr\/produkt\/volant-momo-monza-des-annees-1960-pour-porsche-bmw-ferrari-mini-fiat\/#primaryimage\"},\"thumbnailUrl\":\"https:\/\/www.automobilia-atelier.de\/wp-content\/uploads\/2023\/07\/DSC0246-scaled.jpg\",\"datePublished\":\"2026-04-04T07:14:40+00:00\",\"dateModified\":\"2026-04-05T15:16:30+00:00\",\"breadcrumb\":{\"@id\":\"https:\/\/www.automobilia-atelier.de\/fr\/produkt\/volant-momo-monza-des-annees-1960-pour-porsche-bmw-ferrari-mini-fiat\/#breadcrumb\"},\"inLanguage\":\"fr-FR\",\"potentialAction\":[{\"@type\":\"ReadAction\",\"target\":[\"https:\/\/www.automobilia-atelier.de\/fr\/produkt\/volant-momo-monza-des-annees-1960-pour-porsche-bmw-ferrari-mini-fiat\/\"]}]},{\"@type\":\"ImageObject\",\"inLanguage\":\"fr-FR\",\"@id\":\"https:\/\/www.automobilia-atelier.de\/fr\/produkt\/volant-momo-monza-des-annees-1960-pour-porsche-bmw-ferrari-mini-fiat\/#primaryimage\",\"url\":\"https:\/\/www.automobilia-atelier.de\/wp-content\/uploads\/2023\/07\/DSC0246-scaled.jpg\",\"contentUrl\":\"https:\/\/www.automobilia-atelier.de\/wp-content\/uploads\/2023\/07\/DSC0246-scaled.jpg\",\"width\":2400,\"height\":1600},{\"@type\":\"BreadcrumbList\",\"@id\":\"https:\/\/www.automobilia-atelier.de\/fr\/produkt\/volant-momo-monza-des-annees-1960-pour-porsche-bmw-ferrari-mini-fiat\/#breadcrumb\",\"itemListElement\":[{\"@type\":\"ListItem\",\"position\":1,\"name\":\"Startseite\",\"item\":\"https:\/\/www.automobilia-atelier.de\/fr\/\"},{\"@type\":\"ListItem\",\"position\":2,\"name\":\"Produits\",\"item\":\"https:\/\/www.automobilia-atelier.de\/fr\/shop\/\"},{\"@type\":\"ListItem\",\"position\":3,\"name\":\"Volant MOMO \u00ab Monza \u00bb des ann\u00e9es 1960 pour Porsche \/ BMW \/ Ferrari \/ Mini \/ Fiat\"}]},{\"@type\":\"WebSite\",\"@id\":\"https:\/\/www.automobilia-atelier.de\/fr\/#website\",\"url\":\"https:\/\/www.automobilia-atelier.de\/fr\/\",\"name\":\"\",\"description\":\"\",\"potentialAction\":[{\"@type\":\"SearchAction\",\"target\":{\"@type\":\"EntryPoint\",\"urlTemplate\":\"https:\/\/www.automobilia-atelier.de\/fr\/?s={search_term_string}\"},\"query-input\":{\"@type\":\"PropertyValueSpecification\",\"valueRequired\":true,\"valueName\":\"search_term_string\"}}],\"inLanguage\":\"fr-FR\"}]}<\/script>\n<!-- \/ Yoast SEO plugin. -->","yoast_head_json":{"title":"Volant MOMO \u00ab Monza \u00bb des ann\u00e9es 1960 pour Porsche \/ BMW \/ Ferrari \/ Mini \/ Fiat -","robots":{"index":"index","follow":"follow","max-snippet":"max-snippet:-1","max-image-preview":"max-image-preview:large","max-video-preview":"max-video-preview:-1"},"canonical":"https:\/\/www.automobilia-atelier.de\/fr\/produkt\/volant-momo-monza-des-annees-1960-pour-porsche-bmw-ferrari-mini-fiat\/","og_locale":"fr_FR","og_type":"article","og_title":"Volant MOMO \u00ab Monza \u00bb des ann\u00e9es 1960 pour Porsche \/ BMW \/ Ferrari \/ Mini \/ Fiat -","og_description":"Fabricant : MOMO Diam\u00e8tre : 310 mm Date de production : environ 1968-1973 \u00c9tat : voir photos d\u00e9taill\u00e9es Ajustement parfait : Entraxe = 6&#215;70 mm \u2013 Peut \u00eatre mont\u00e9 sur presque tous les v\u00e9hicules dot\u00e9s du moyeu appropri\u00e9. Remarque : Cet article doit \u00eatre install\u00e9 uniquement par des professionnels qualifi\u00e9s.","og_url":"https:\/\/www.automobilia-atelier.de\/fr\/produkt\/volant-momo-monza-des-annees-1960-pour-porsche-bmw-ferrari-mini-fiat\/","article_modified_time":"2026-04-05T15:16:30+00:00","og_image":[{"width":2400,"height":1600,"url":"https:\/\/www.automobilia-atelier.de\/wp-content\/uploads\/2023\/07\/DSC0246-scaled.jpg","type":"image\/jpeg"}],"twitter_card":"summary_large_image","schema":{"@context":"https:\/\/schema.org","@graph":[{"@type":"WebPage","@id":"https:\/\/www.automobilia-atelier.de\/fr\/produkt\/volant-momo-monza-des-annees-1960-pour-porsche-bmw-ferrari-mini-fiat\/","url":"https:\/\/www.automobilia-atelier.de\/fr\/produkt\/volant-momo-monza-des-annees-1960-pour-porsche-bmw-ferrari-mini-fiat\/","name":"Volant MOMO \u00ab Monza \u00bb des ann\u00e9es 1960 pour Porsche \/ BMW \/ Ferrari \/ Mini \/ Fiat -","isPartOf":{"@id":"https:\/\/www.automobilia-atelier.de\/fr\/#website"},"primaryImageOfPage":{"@id":"https:\/\/www.automobilia-atelier.de\/fr\/produkt\/volant-momo-monza-des-annees-1960-pour-porsche-bmw-ferrari-mini-fiat\/#primaryimage"},"image":{"@id":"https:\/\/www.automobilia-atelier.de\/fr\/produkt\/volant-momo-monza-des-annees-1960-pour-porsche-bmw-ferrari-mini-fiat\/#primaryimage"},"thumbnailUrl":"https:\/\/www.automobilia-atelier.de\/wp-content\/uploads\/2023\/07\/DSC0246-scaled.jpg","datePublished":"2026-04-04T07:14:40+00:00","dateModified":"2026-04-05T15:16:30+00:00","breadcrumb":{"@id":"https:\/\/www.automobilia-atelier.de\/fr\/produkt\/volant-momo-monza-des-annees-1960-pour-porsche-bmw-ferrari-mini-fiat\/#breadcrumb"},"inLanguage":"fr-FR","potentialAction":[{"@type":"ReadAction","target":["https:\/\/www.automobilia-atelier.de\/fr\/produkt\/volant-momo-monza-des-annees-1960-pour-porsche-bmw-ferrari-mini-fiat\/"]}]},{"@type":"ImageObject","inLanguage":"fr-FR","@id":"https:\/\/www.automobilia-atelier.de\/fr\/produkt\/volant-momo-monza-des-annees-1960-pour-porsche-bmw-ferrari-mini-fiat\/#primaryimage","url":"https:\/\/www.automobilia-atelier.de\/wp-content\/uploads\/2023\/07\/DSC0246-scaled.jpg","contentUrl":"https:\/\/www.automobilia-atelier.de\/wp-content\/uploads\/2023\/07\/DSC0246-scaled.jpg","width":2400,"height":1600},{"@type":"BreadcrumbList","@id":"https:\/\/www.automobilia-atelier.de\/fr\/produkt\/volant-momo-monza-des-annees-1960-pour-porsche-bmw-ferrari-mini-fiat\/#breadcrumb","itemListElement":[{"@type":"ListItem","position":1,"name":"Startseite","item":"https:\/\/www.automobilia-atelier.de\/fr\/"},{"@type":"ListItem","position":2,"name":"Produits","item":"https:\/\/www.automobilia-atelier.de\/fr\/shop\/"},{"@type":"ListItem","position":3,"name":"Volant MOMO \u00ab Monza \u00bb des ann\u00e9es 1960 pour Porsche \/ BMW \/ Ferrari \/ Mini \/ Fiat"}]},{"@type":"WebSite","@id":"https:\/\/www.automobilia-atelier.de\/fr\/#website","url":"https:\/\/www.automobilia-atelier.de\/fr\/","name":"","description":"","potentialAction":[{"@type":"SearchAction","target":{"@type":"EntryPoint","urlTemplate":"https:\/\/www.automobilia-atelier.de\/fr\/?s={search_term_string}"},"query-input":{"@type":"PropertyValueSpecification","valueRequired":true,"valueName":"search_term_string"}}],"inLanguage":"fr-FR"}]}},"jetpack_sharing_enabled":true,"_links":{"self":[{"href":"https:\/\/www.automobilia-atelier.de\/fr\/wp-json\/wp\/v2\/product\/17871","targetHints":{"allow":["GET"]}}],"collection":[{"href":"https:\/\/www.automobilia-atelier.de\/fr\/wp-json\/wp\/v2\/product"}],"about":[{"href":"https:\/\/www.automobilia-atelier.de\/fr\/wp-json\/wp\/v2\/types\/product"}],"wp:featuredmedia":[{"embeddable":true,"href":"https:\/\/www.automobilia-atelier.de\/fr\/wp-json\/wp\/v2\/media\/22387"}],"wp:attachment":[{"href":"https:\/\/www.automobilia-atelier.de\/fr\/wp-json\/wp\/v2\/media?parent=17871"}],"wp:term":[{"taxonomy":"product_brand","embeddable":true,"href":"https:\/\/www.automobilia-atelier.de\/fr\/wp-json\/wp\/v2\/product_brand?post=17871"},{"taxonomy":"product_cat","embeddable":true,"href":"https:\/\/www.automobilia-atelier.de\/fr\/wp-json\/wp\/v2\/product_cat?post=17871"},{"taxonomy":"product_tag","embeddable":true,"href":"https:\/\/www.automobilia-atelier.de\/fr\/wp-json\/wp\/v2\/product_tag?post=17871"}],"curies":[{"name":"wp","href":"https:\/\/api.w.org\/{rel}","templated":true}]}}