{"id":17954,"date":"2024-11-01T12:26:53","date_gmt":"2024-11-01T11:26:53","guid":{"rendered":"https:\/\/www.automobilia-atelier.de\/produkt\/1966-volant-en-bois-vg-hellebore-alfa-romeo-giulia-sprint-gta-gt-gtv\/"},"modified":"2024-11-01T12:26:53","modified_gmt":"2024-11-01T11:26:53","slug":"1966-volant-en-bois-vg-hellebore-alfa-romeo-giulia-sprint-gta-gt-gtv","status":"publish","type":"product","link":"https:\/\/www.automobilia-atelier.de\/fr\/produkt\/1966-volant-en-bois-vg-hellebore-alfa-romeo-giulia-sprint-gta-gt-gtv\/","title":{"rendered":"1966&prime; Volant en bois VG Hellebore Alfa Romeo Giulia Sprint GTA GT GTV"},"content":{"rendered":"<p><strong>Fabricant :<\/strong> VG Hellebore<br \/>\n <strong>Diam\u00e8tre :<\/strong> environ 380 mm<br \/>\n <strong>Date de production :<\/strong> environ 1966<br \/>\n <strong>\u00c9tat :<\/strong> voir photos d\u00e9taill\u00e9es<\/p>\n<p> Remarque : cet article ne peut \u00eatre install\u00e9 que par du personnel qualifi\u00e9.<\/p>\n<p>&nbsp;<\/p>\n","protected":false},"excerpt":{"rendered":"<p>Fabricant : VG Hellebore Diam\u00e8tre : environ 380 mm Date de production : environ 1966 \u00c9tat : voir photos d\u00e9taill\u00e9es Remarque : cet article ne peut \u00eatre install\u00e9 que par du personnel qualifi\u00e9. &nbsp;<\/p>\n","protected":false},"featured_media":17959,"template":"","meta":{"inline_featured_image":false,"_monsterinsights_skip_tracking":false,"_monsterinsights_sitenote_active":false,"_monsterinsights_sitenote_note":"","_monsterinsights_sitenote_category":0},"product_brand":[],"product_cat":[247,237],"product_tag":[],"class_list":{"0":"post-17954","1":"product","2":"type-product","3":"status-publish","4":"has-post-thumbnail","6":"product_cat-autre","7":"product_cat-volants","9":"first","10":"outofstock","11":"sold-individually","12":"product-type-simple"},"yoast_head":"<!-- This site is optimized with the Yoast SEO plugin v24.7 - https:\/\/yoast.com\/wordpress\/plugins\/seo\/ -->\n<title>1966&#039; Volant en bois VG Hellebore Alfa Romeo Giulia Sprint GTA GT GTV -<\/title>\n<meta name=\"robots\" content=\"index, follow, max-snippet:-1, max-image-preview:large, max-video-preview:-1\" \/>\n<link rel=\"canonical\" href=\"https:\/\/www.automobilia-atelier.de\/fr\/produkt\/1966-volant-en-bois-vg-hellebore-alfa-romeo-giulia-sprint-gta-gt-gtv\/\" \/>\n<meta property=\"og:locale\" content=\"fr_FR\" \/>\n<meta property=\"og:type\" content=\"article\" \/>\n<meta property=\"og:title\" content=\"1966&#039; Volant en bois VG Hellebore Alfa Romeo Giulia Sprint GTA GT GTV -\" \/>\n<meta property=\"og:description\" content=\"Fabricant : VG Hellebore Diam\u00e8tre : environ 380 mm Date de production : environ 1966 \u00c9tat : voir photos d\u00e9taill\u00e9es Remarque : cet article ne peut \u00eatre install\u00e9 que par du personnel qualifi\u00e9. &nbsp;\" \/>\n<meta property=\"og:url\" content=\"https:\/\/www.automobilia-atelier.de\/fr\/produkt\/1966-volant-en-bois-vg-hellebore-alfa-romeo-giulia-sprint-gta-gt-gtv\/\" \/>\n<meta property=\"og:image\" content=\"https:\/\/www.automobilia-atelier.de\/wp-content\/uploads\/2024\/11\/DSC7913-scaled.jpg\" \/>\n\t<meta property=\"og:image:width\" content=\"2400\" \/>\n\t<meta property=\"og:image:height\" content=\"1600\" \/>\n\t<meta property=\"og:image:type\" content=\"image\/jpeg\" \/>\n<meta name=\"twitter:card\" content=\"summary_large_image\" \/>\n<script type=\"application\/ld+json\" class=\"yoast-schema-graph\">{\"@context\":\"https:\/\/schema.org\",\"@graph\":[{\"@type\":\"WebPage\",\"@id\":\"https:\/\/www.automobilia-atelier.de\/fr\/produkt\/1966-volant-en-bois-vg-hellebore-alfa-romeo-giulia-sprint-gta-gt-gtv\/\",\"url\":\"https:\/\/www.automobilia-atelier.de\/fr\/produkt\/1966-volant-en-bois-vg-hellebore-alfa-romeo-giulia-sprint-gta-gt-gtv\/\",\"name\":\"1966' Volant en bois VG Hellebore Alfa Romeo Giulia Sprint GTA GT GTV -\",\"isPartOf\":{\"@id\":\"https:\/\/www.automobilia-atelier.de\/fr\/#website\"},\"primaryImageOfPage\":{\"@id\":\"https:\/\/www.automobilia-atelier.de\/fr\/produkt\/1966-volant-en-bois-vg-hellebore-alfa-romeo-giulia-sprint-gta-gt-gtv\/#primaryimage\"},\"image\":{\"@id\":\"https:\/\/www.automobilia-atelier.de\/fr\/produkt\/1966-volant-en-bois-vg-hellebore-alfa-romeo-giulia-sprint-gta-gt-gtv\/#primaryimage\"},\"thumbnailUrl\":\"https:\/\/www.automobilia-atelier.de\/wp-content\/uploads\/2024\/11\/DSC7913-scaled.jpg\",\"datePublished\":\"2024-11-01T11:26:53+00:00\",\"breadcrumb\":{\"@id\":\"https:\/\/www.automobilia-atelier.de\/fr\/produkt\/1966-volant-en-bois-vg-hellebore-alfa-romeo-giulia-sprint-gta-gt-gtv\/#breadcrumb\"},\"inLanguage\":\"fr-FR\",\"potentialAction\":[{\"@type\":\"ReadAction\",\"target\":[\"https:\/\/www.automobilia-atelier.de\/fr\/produkt\/1966-volant-en-bois-vg-hellebore-alfa-romeo-giulia-sprint-gta-gt-gtv\/\"]}]},{\"@type\":\"ImageObject\",\"inLanguage\":\"fr-FR\",\"@id\":\"https:\/\/www.automobilia-atelier.de\/fr\/produkt\/1966-volant-en-bois-vg-hellebore-alfa-romeo-giulia-sprint-gta-gt-gtv\/#primaryimage\",\"url\":\"https:\/\/www.automobilia-atelier.de\/wp-content\/uploads\/2024\/11\/DSC7913-scaled.jpg\",\"contentUrl\":\"https:\/\/www.automobilia-atelier.de\/wp-content\/uploads\/2024\/11\/DSC7913-scaled.jpg\",\"width\":2400,\"height\":1600},{\"@type\":\"BreadcrumbList\",\"@id\":\"https:\/\/www.automobilia-atelier.de\/fr\/produkt\/1966-volant-en-bois-vg-hellebore-alfa-romeo-giulia-sprint-gta-gt-gtv\/#breadcrumb\",\"itemListElement\":[{\"@type\":\"ListItem\",\"position\":1,\"name\":\"Startseite\",\"item\":\"https:\/\/www.automobilia-atelier.de\/fr\/\"},{\"@type\":\"ListItem\",\"position\":2,\"name\":\"Produits\",\"item\":\"https:\/\/www.automobilia-atelier.de\/fr\/shop\/\"},{\"@type\":\"ListItem\",\"position\":3,\"name\":\"1966&prime; Volant en bois VG Hellebore Alfa Romeo Giulia Sprint GTA GT GTV\"}]},{\"@type\":\"WebSite\",\"@id\":\"https:\/\/www.automobilia-atelier.de\/fr\/#website\",\"url\":\"https:\/\/www.automobilia-atelier.de\/fr\/\",\"name\":\"\",\"description\":\"\",\"potentialAction\":[{\"@type\":\"SearchAction\",\"target\":{\"@type\":\"EntryPoint\",\"urlTemplate\":\"https:\/\/www.automobilia-atelier.de\/fr\/?s={search_term_string}\"},\"query-input\":{\"@type\":\"PropertyValueSpecification\",\"valueRequired\":true,\"valueName\":\"search_term_string\"}}],\"inLanguage\":\"fr-FR\"}]}<\/script>\n<!-- \/ Yoast SEO plugin. -->","yoast_head_json":{"title":"1966' Volant en bois VG Hellebore Alfa Romeo Giulia Sprint GTA GT GTV -","robots":{"index":"index","follow":"follow","max-snippet":"max-snippet:-1","max-image-preview":"max-image-preview:large","max-video-preview":"max-video-preview:-1"},"canonical":"https:\/\/www.automobilia-atelier.de\/fr\/produkt\/1966-volant-en-bois-vg-hellebore-alfa-romeo-giulia-sprint-gta-gt-gtv\/","og_locale":"fr_FR","og_type":"article","og_title":"1966' Volant en bois VG Hellebore Alfa Romeo Giulia Sprint GTA GT GTV -","og_description":"Fabricant : VG Hellebore Diam\u00e8tre : environ 380 mm Date de production : environ 1966 \u00c9tat : voir photos d\u00e9taill\u00e9es Remarque : cet article ne peut \u00eatre install\u00e9 que par du personnel qualifi\u00e9. &nbsp;","og_url":"https:\/\/www.automobilia-atelier.de\/fr\/produkt\/1966-volant-en-bois-vg-hellebore-alfa-romeo-giulia-sprint-gta-gt-gtv\/","og_image":[{"width":2400,"height":1600,"url":"https:\/\/www.automobilia-atelier.de\/wp-content\/uploads\/2024\/11\/DSC7913-scaled.jpg","type":"image\/jpeg"}],"twitter_card":"summary_large_image","schema":{"@context":"https:\/\/schema.org","@graph":[{"@type":"WebPage","@id":"https:\/\/www.automobilia-atelier.de\/fr\/produkt\/1966-volant-en-bois-vg-hellebore-alfa-romeo-giulia-sprint-gta-gt-gtv\/","url":"https:\/\/www.automobilia-atelier.de\/fr\/produkt\/1966-volant-en-bois-vg-hellebore-alfa-romeo-giulia-sprint-gta-gt-gtv\/","name":"1966' Volant en bois VG Hellebore Alfa Romeo Giulia Sprint GTA GT GTV -","isPartOf":{"@id":"https:\/\/www.automobilia-atelier.de\/fr\/#website"},"primaryImageOfPage":{"@id":"https:\/\/www.automobilia-atelier.de\/fr\/produkt\/1966-volant-en-bois-vg-hellebore-alfa-romeo-giulia-sprint-gta-gt-gtv\/#primaryimage"},"image":{"@id":"https:\/\/www.automobilia-atelier.de\/fr\/produkt\/1966-volant-en-bois-vg-hellebore-alfa-romeo-giulia-sprint-gta-gt-gtv\/#primaryimage"},"thumbnailUrl":"https:\/\/www.automobilia-atelier.de\/wp-content\/uploads\/2024\/11\/DSC7913-scaled.jpg","datePublished":"2024-11-01T11:26:53+00:00","breadcrumb":{"@id":"https:\/\/www.automobilia-atelier.de\/fr\/produkt\/1966-volant-en-bois-vg-hellebore-alfa-romeo-giulia-sprint-gta-gt-gtv\/#breadcrumb"},"inLanguage":"fr-FR","potentialAction":[{"@type":"ReadAction","target":["https:\/\/www.automobilia-atelier.de\/fr\/produkt\/1966-volant-en-bois-vg-hellebore-alfa-romeo-giulia-sprint-gta-gt-gtv\/"]}]},{"@type":"ImageObject","inLanguage":"fr-FR","@id":"https:\/\/www.automobilia-atelier.de\/fr\/produkt\/1966-volant-en-bois-vg-hellebore-alfa-romeo-giulia-sprint-gta-gt-gtv\/#primaryimage","url":"https:\/\/www.automobilia-atelier.de\/wp-content\/uploads\/2024\/11\/DSC7913-scaled.jpg","contentUrl":"https:\/\/www.automobilia-atelier.de\/wp-content\/uploads\/2024\/11\/DSC7913-scaled.jpg","width":2400,"height":1600},{"@type":"BreadcrumbList","@id":"https:\/\/www.automobilia-atelier.de\/fr\/produkt\/1966-volant-en-bois-vg-hellebore-alfa-romeo-giulia-sprint-gta-gt-gtv\/#breadcrumb","itemListElement":[{"@type":"ListItem","position":1,"name":"Startseite","item":"https:\/\/www.automobilia-atelier.de\/fr\/"},{"@type":"ListItem","position":2,"name":"Produits","item":"https:\/\/www.automobilia-atelier.de\/fr\/shop\/"},{"@type":"ListItem","position":3,"name":"1966&prime; Volant en bois VG Hellebore Alfa Romeo Giulia Sprint GTA GT GTV"}]},{"@type":"WebSite","@id":"https:\/\/www.automobilia-atelier.de\/fr\/#website","url":"https:\/\/www.automobilia-atelier.de\/fr\/","name":"","description":"","potentialAction":[{"@type":"SearchAction","target":{"@type":"EntryPoint","urlTemplate":"https:\/\/www.automobilia-atelier.de\/fr\/?s={search_term_string}"},"query-input":{"@type":"PropertyValueSpecification","valueRequired":true,"valueName":"search_term_string"}}],"inLanguage":"fr-FR"}]}},"jetpack_sharing_enabled":true,"_links":{"self":[{"href":"https:\/\/www.automobilia-atelier.de\/fr\/wp-json\/wp\/v2\/product\/17954","targetHints":{"allow":["GET"]}}],"collection":[{"href":"https:\/\/www.automobilia-atelier.de\/fr\/wp-json\/wp\/v2\/product"}],"about":[{"href":"https:\/\/www.automobilia-atelier.de\/fr\/wp-json\/wp\/v2\/types\/product"}],"wp:featuredmedia":[{"embeddable":true,"href":"https:\/\/www.automobilia-atelier.de\/fr\/wp-json\/wp\/v2\/media\/17959"}],"wp:attachment":[{"href":"https:\/\/www.automobilia-atelier.de\/fr\/wp-json\/wp\/v2\/media?parent=17954"}],"wp:term":[{"taxonomy":"product_brand","embeddable":true,"href":"https:\/\/www.automobilia-atelier.de\/fr\/wp-json\/wp\/v2\/product_brand?post=17954"},{"taxonomy":"product_cat","embeddable":true,"href":"https:\/\/www.automobilia-atelier.de\/fr\/wp-json\/wp\/v2\/product_cat?post=17954"},{"taxonomy":"product_tag","embeddable":true,"href":"https:\/\/www.automobilia-atelier.de\/fr\/wp-json\/wp\/v2\/product_tag?post=17954"}],"curies":[{"name":"wp","href":"https:\/\/api.w.org\/{rel}","templated":true}]}}