{"id":17957,"date":"2024-07-05T09:40:54","date_gmt":"2024-07-05T07:40:54","guid":{"rendered":"https:\/\/www.automobilia-atelier.de\/produkt\/moyeu-de-volant-momo-c-2007-bmw-e30-e28-e32-e34-e24-z1\/"},"modified":"2025-08-12T11:32:17","modified_gmt":"2025-08-12T09:32:17","slug":"moyeu-de-volant-momo-c-2007-bmw-e30-e28-e32-e34-e24-z1","status":"publish","type":"product","link":"https:\/\/www.automobilia-atelier.de\/fr\/produkt\/moyeu-de-volant-momo-c-2007-bmw-e30-e28-e32-e34-e24-z1\/","title":{"rendered":"Moyeu de volant MOMO (C 2007) BMW E30 \/ E28 \/ E32 \/ E34 \/ E24 \/ Z1"},"content":{"rendered":"<p><strong>MOYEUX IDENTIQUES EN STOCK \u2013 L&rsquo;\u00c9TAT DES MARCHANDISES LIVR\u00c9ES PEUT VARIER L\u00c9G\u00c8REMENT PAR RAPPORT AUX PHOTOS<\/strong><\/p>\n<p><strong>Fabricant :<\/strong> MOMO<br \/>\n<strong>\u00c9tat :<\/strong> voir photos d\u00e9taill\u00e9es<br \/>\n<strong>Montage :<\/strong> moyeu n\u00b0 C 2007<\/p>\n<ul>\n<li>BMW E30 (S\u00e9rie 3) \u2013 3, 3\/1, 3\/A, 3\/R, M3 \u2013 315-325i, 325ix \u2013 tous types<\/li>\n<li>BMW E28 (S\u00e9rie 5) \u2013 5\/1 tous types \u2013 de l&rsquo;ann\u00e9e 9\/85 au 1\/88 <\/li>\n<li>BMW E34 (S\u00e9rie 5) \u2013 5 H 520i-535i, M5, Touring \u2013 \u00e0 partir de l&rsquo;ann\u00e9e de fabrication. 1\/88<\/li>\n<li>BMW E24 (S\u00e9rie 6) \u2013 6CS1, 628CSI-M635CSI \u2013 \u00e0 partir de l&rsquo;ann\u00e9e mod\u00e8le 9\/85<\/li>\n<li>BMW E32 (S\u00e9rie 7) \u2013 730i \u00e0 750iL \u2013 \u00e0 partir de l&rsquo;ann\u00e9e mod\u00e8le 87<\/li>\n<li>BMW Z1<\/li>\n<\/ul>\n<p><b>Remarque :<\/b> cet article ne peut \u00eatre install\u00e9 que par du personnel qualifi\u00e9.<\/p>\n","protected":false},"excerpt":{"rendered":"<p>MOYEUX IDENTIQUES EN STOCK \u2013 L&rsquo;\u00c9TAT DES MARCHANDISES LIVR\u00c9ES PEUT VARIER L\u00c9G\u00c8REMENT PAR RAPPORT AUX PHOTOS Fabricant : MOMO \u00c9tat : voir photos d\u00e9taill\u00e9es Montage : moyeu n\u00b0 C 2007 BMW E30 (S\u00e9rie 3) \u2013 3, 3\/1, 3\/A, 3\/R, M3 \u2013 315-325i, 325ix \u2013 tous types BMW E28 (S\u00e9rie 5) \u2013 5\/1 tous types \u2013 &hellip; <a href=\"https:\/\/www.automobilia-atelier.de\/fr\/produkt\/moyeu-de-volant-momo-c-2007-bmw-e30-e28-e32-e34-e24-z1\/\" class=\"more-link\">Continuer \u00e0 lire <span class=\"screen-reader-text\">Moyeu de volant MOMO (C 2007) BMW E30 \/ E28 \/ E32 \/ E34 \/ E24 \/ Z1<\/span> <span class=\"meta-nav\">\u2192<\/span><\/a><\/p>\n","protected":false},"featured_media":17985,"template":"","meta":{"inline_featured_image":false,"_monsterinsights_skip_tracking":false,"_monsterinsights_sitenote_active":false,"_monsterinsights_sitenote_note":"","_monsterinsights_sitenote_category":0},"product_brand":[],"product_cat":[253,252],"product_tag":[],"class_list":{"0":"post-17957","1":"product","2":"type-product","3":"status-publish","4":"has-post-thumbnail","6":"product_cat-momo-fr-2","7":"product_cat-moyeux-de-volant","9":"first","10":"outofstock","11":"sold-individually","12":"product-type-simple"},"yoast_head":"<!-- This site is optimized with the Yoast SEO plugin v24.7 - https:\/\/yoast.com\/wordpress\/plugins\/seo\/ -->\n<title>Moyeu de volant MOMO (C 2007) BMW E30 \/ E28 \/ E32 \/ E34 \/ E24 \/ Z1 -<\/title>\n<meta name=\"robots\" content=\"index, follow, max-snippet:-1, max-image-preview:large, max-video-preview:-1\" \/>\n<link rel=\"canonical\" href=\"https:\/\/www.automobilia-atelier.de\/fr\/produkt\/moyeu-de-volant-momo-c-2007-bmw-e30-e28-e32-e34-e24-z1\/\" \/>\n<meta property=\"og:locale\" content=\"fr_FR\" \/>\n<meta property=\"og:type\" content=\"article\" \/>\n<meta property=\"og:title\" content=\"Moyeu de volant MOMO (C 2007) BMW E30 \/ E28 \/ E32 \/ E34 \/ E24 \/ Z1 -\" \/>\n<meta property=\"og:description\" content=\"MOYEUX IDENTIQUES EN STOCK \u2013 L&rsquo;\u00c9TAT DES MARCHANDISES LIVR\u00c9ES PEUT VARIER L\u00c9G\u00c8REMENT PAR RAPPORT AUX PHOTOS Fabricant : MOMO \u00c9tat : voir photos d\u00e9taill\u00e9es Montage : moyeu n\u00b0 C 2007 BMW E30 (S\u00e9rie 3) \u2013 3, 3\/1, 3\/A, 3\/R, M3 \u2013 315-325i, 325ix \u2013 tous types BMW E28 (S\u00e9rie 5) \u2013 5\/1 tous types \u2013 &hellip; Continuer \u00e0 lire Moyeu de volant MOMO (C 2007) BMW E30 \/ E28 \/ E32 \/ E34 \/ E24 \/ Z1 \u2192\" \/>\n<meta property=\"og:url\" content=\"https:\/\/www.automobilia-atelier.de\/fr\/produkt\/moyeu-de-volant-momo-c-2007-bmw-e30-e28-e32-e34-e24-z1\/\" \/>\n<meta property=\"article:modified_time\" content=\"2025-08-12T09:32:17+00:00\" \/>\n<meta property=\"og:image\" content=\"https:\/\/www.automobilia-atelier.de\/wp-content\/uploads\/2024\/07\/DSC7665-scaled.jpg\" \/>\n\t<meta property=\"og:image:width\" content=\"2400\" \/>\n\t<meta property=\"og:image:height\" content=\"1600\" \/>\n\t<meta property=\"og:image:type\" content=\"image\/jpeg\" \/>\n<meta name=\"twitter:card\" content=\"summary_large_image\" \/>\n<meta name=\"twitter:label1\" content=\"Dur\u00e9e de lecture estim\u00e9e\" \/>\n\t<meta name=\"twitter:data1\" content=\"1 minute\" \/>\n<script type=\"application\/ld+json\" class=\"yoast-schema-graph\">{\"@context\":\"https:\/\/schema.org\",\"@graph\":[{\"@type\":\"WebPage\",\"@id\":\"https:\/\/www.automobilia-atelier.de\/fr\/produkt\/moyeu-de-volant-momo-c-2007-bmw-e30-e28-e32-e34-e24-z1\/\",\"url\":\"https:\/\/www.automobilia-atelier.de\/fr\/produkt\/moyeu-de-volant-momo-c-2007-bmw-e30-e28-e32-e34-e24-z1\/\",\"name\":\"Moyeu de volant MOMO (C 2007) BMW E30 \/ E28 \/ E32 \/ E34 \/ E24 \/ Z1 -\",\"isPartOf\":{\"@id\":\"https:\/\/www.automobilia-atelier.de\/fr\/#website\"},\"primaryImageOfPage\":{\"@id\":\"https:\/\/www.automobilia-atelier.de\/fr\/produkt\/moyeu-de-volant-momo-c-2007-bmw-e30-e28-e32-e34-e24-z1\/#primaryimage\"},\"image\":{\"@id\":\"https:\/\/www.automobilia-atelier.de\/fr\/produkt\/moyeu-de-volant-momo-c-2007-bmw-e30-e28-e32-e34-e24-z1\/#primaryimage\"},\"thumbnailUrl\":\"https:\/\/www.automobilia-atelier.de\/wp-content\/uploads\/2024\/07\/DSC7665-scaled.jpg\",\"datePublished\":\"2024-07-05T07:40:54+00:00\",\"dateModified\":\"2025-08-12T09:32:17+00:00\",\"breadcrumb\":{\"@id\":\"https:\/\/www.automobilia-atelier.de\/fr\/produkt\/moyeu-de-volant-momo-c-2007-bmw-e30-e28-e32-e34-e24-z1\/#breadcrumb\"},\"inLanguage\":\"fr-FR\",\"potentialAction\":[{\"@type\":\"ReadAction\",\"target\":[\"https:\/\/www.automobilia-atelier.de\/fr\/produkt\/moyeu-de-volant-momo-c-2007-bmw-e30-e28-e32-e34-e24-z1\/\"]}]},{\"@type\":\"ImageObject\",\"inLanguage\":\"fr-FR\",\"@id\":\"https:\/\/www.automobilia-atelier.de\/fr\/produkt\/moyeu-de-volant-momo-c-2007-bmw-e30-e28-e32-e34-e24-z1\/#primaryimage\",\"url\":\"https:\/\/www.automobilia-atelier.de\/wp-content\/uploads\/2024\/07\/DSC7665-scaled.jpg\",\"contentUrl\":\"https:\/\/www.automobilia-atelier.de\/wp-content\/uploads\/2024\/07\/DSC7665-scaled.jpg\",\"width\":2400,\"height\":1600},{\"@type\":\"BreadcrumbList\",\"@id\":\"https:\/\/www.automobilia-atelier.de\/fr\/produkt\/moyeu-de-volant-momo-c-2007-bmw-e30-e28-e32-e34-e24-z1\/#breadcrumb\",\"itemListElement\":[{\"@type\":\"ListItem\",\"position\":1,\"name\":\"Startseite\",\"item\":\"https:\/\/www.automobilia-atelier.de\/fr\/\"},{\"@type\":\"ListItem\",\"position\":2,\"name\":\"Produits\",\"item\":\"https:\/\/www.automobilia-atelier.de\/fr\/shop\/\"},{\"@type\":\"ListItem\",\"position\":3,\"name\":\"Moyeu de volant MOMO (C 2007) BMW E30 \/ E28 \/ E32 \/ E34 \/ E24 \/ Z1\"}]},{\"@type\":\"WebSite\",\"@id\":\"https:\/\/www.automobilia-atelier.de\/fr\/#website\",\"url\":\"https:\/\/www.automobilia-atelier.de\/fr\/\",\"name\":\"\",\"description\":\"\",\"potentialAction\":[{\"@type\":\"SearchAction\",\"target\":{\"@type\":\"EntryPoint\",\"urlTemplate\":\"https:\/\/www.automobilia-atelier.de\/fr\/?s={search_term_string}\"},\"query-input\":{\"@type\":\"PropertyValueSpecification\",\"valueRequired\":true,\"valueName\":\"search_term_string\"}}],\"inLanguage\":\"fr-FR\"}]}<\/script>\n<!-- \/ Yoast SEO plugin. -->","yoast_head_json":{"title":"Moyeu de volant MOMO (C 2007) BMW E30 \/ E28 \/ E32 \/ E34 \/ E24 \/ Z1 -","robots":{"index":"index","follow":"follow","max-snippet":"max-snippet:-1","max-image-preview":"max-image-preview:large","max-video-preview":"max-video-preview:-1"},"canonical":"https:\/\/www.automobilia-atelier.de\/fr\/produkt\/moyeu-de-volant-momo-c-2007-bmw-e30-e28-e32-e34-e24-z1\/","og_locale":"fr_FR","og_type":"article","og_title":"Moyeu de volant MOMO (C 2007) BMW E30 \/ E28 \/ E32 \/ E34 \/ E24 \/ Z1 -","og_description":"MOYEUX IDENTIQUES EN STOCK \u2013 L&rsquo;\u00c9TAT DES MARCHANDISES LIVR\u00c9ES PEUT VARIER L\u00c9G\u00c8REMENT PAR RAPPORT AUX PHOTOS Fabricant : MOMO \u00c9tat : voir photos d\u00e9taill\u00e9es Montage : moyeu n\u00b0 C 2007 BMW E30 (S\u00e9rie 3) \u2013 3, 3\/1, 3\/A, 3\/R, M3 \u2013 315-325i, 325ix \u2013 tous types BMW E28 (S\u00e9rie 5) \u2013 5\/1 tous types \u2013 &hellip; Continuer \u00e0 lire Moyeu de volant MOMO (C 2007) BMW E30 \/ E28 \/ E32 \/ E34 \/ E24 \/ Z1 \u2192","og_url":"https:\/\/www.automobilia-atelier.de\/fr\/produkt\/moyeu-de-volant-momo-c-2007-bmw-e30-e28-e32-e34-e24-z1\/","article_modified_time":"2025-08-12T09:32:17+00:00","og_image":[{"width":2400,"height":1600,"url":"https:\/\/www.automobilia-atelier.de\/wp-content\/uploads\/2024\/07\/DSC7665-scaled.jpg","type":"image\/jpeg"}],"twitter_card":"summary_large_image","twitter_misc":{"Dur\u00e9e de lecture estim\u00e9e":"1 minute"},"schema":{"@context":"https:\/\/schema.org","@graph":[{"@type":"WebPage","@id":"https:\/\/www.automobilia-atelier.de\/fr\/produkt\/moyeu-de-volant-momo-c-2007-bmw-e30-e28-e32-e34-e24-z1\/","url":"https:\/\/www.automobilia-atelier.de\/fr\/produkt\/moyeu-de-volant-momo-c-2007-bmw-e30-e28-e32-e34-e24-z1\/","name":"Moyeu de volant MOMO (C 2007) BMW E30 \/ E28 \/ E32 \/ E34 \/ E24 \/ Z1 -","isPartOf":{"@id":"https:\/\/www.automobilia-atelier.de\/fr\/#website"},"primaryImageOfPage":{"@id":"https:\/\/www.automobilia-atelier.de\/fr\/produkt\/moyeu-de-volant-momo-c-2007-bmw-e30-e28-e32-e34-e24-z1\/#primaryimage"},"image":{"@id":"https:\/\/www.automobilia-atelier.de\/fr\/produkt\/moyeu-de-volant-momo-c-2007-bmw-e30-e28-e32-e34-e24-z1\/#primaryimage"},"thumbnailUrl":"https:\/\/www.automobilia-atelier.de\/wp-content\/uploads\/2024\/07\/DSC7665-scaled.jpg","datePublished":"2024-07-05T07:40:54+00:00","dateModified":"2025-08-12T09:32:17+00:00","breadcrumb":{"@id":"https:\/\/www.automobilia-atelier.de\/fr\/produkt\/moyeu-de-volant-momo-c-2007-bmw-e30-e28-e32-e34-e24-z1\/#breadcrumb"},"inLanguage":"fr-FR","potentialAction":[{"@type":"ReadAction","target":["https:\/\/www.automobilia-atelier.de\/fr\/produkt\/moyeu-de-volant-momo-c-2007-bmw-e30-e28-e32-e34-e24-z1\/"]}]},{"@type":"ImageObject","inLanguage":"fr-FR","@id":"https:\/\/www.automobilia-atelier.de\/fr\/produkt\/moyeu-de-volant-momo-c-2007-bmw-e30-e28-e32-e34-e24-z1\/#primaryimage","url":"https:\/\/www.automobilia-atelier.de\/wp-content\/uploads\/2024\/07\/DSC7665-scaled.jpg","contentUrl":"https:\/\/www.automobilia-atelier.de\/wp-content\/uploads\/2024\/07\/DSC7665-scaled.jpg","width":2400,"height":1600},{"@type":"BreadcrumbList","@id":"https:\/\/www.automobilia-atelier.de\/fr\/produkt\/moyeu-de-volant-momo-c-2007-bmw-e30-e28-e32-e34-e24-z1\/#breadcrumb","itemListElement":[{"@type":"ListItem","position":1,"name":"Startseite","item":"https:\/\/www.automobilia-atelier.de\/fr\/"},{"@type":"ListItem","position":2,"name":"Produits","item":"https:\/\/www.automobilia-atelier.de\/fr\/shop\/"},{"@type":"ListItem","position":3,"name":"Moyeu de volant MOMO (C 2007) BMW E30 \/ E28 \/ E32 \/ E34 \/ E24 \/ Z1"}]},{"@type":"WebSite","@id":"https:\/\/www.automobilia-atelier.de\/fr\/#website","url":"https:\/\/www.automobilia-atelier.de\/fr\/","name":"","description":"","potentialAction":[{"@type":"SearchAction","target":{"@type":"EntryPoint","urlTemplate":"https:\/\/www.automobilia-atelier.de\/fr\/?s={search_term_string}"},"query-input":{"@type":"PropertyValueSpecification","valueRequired":true,"valueName":"search_term_string"}}],"inLanguage":"fr-FR"}]}},"jetpack_sharing_enabled":true,"_links":{"self":[{"href":"https:\/\/www.automobilia-atelier.de\/fr\/wp-json\/wp\/v2\/product\/17957","targetHints":{"allow":["GET"]}}],"collection":[{"href":"https:\/\/www.automobilia-atelier.de\/fr\/wp-json\/wp\/v2\/product"}],"about":[{"href":"https:\/\/www.automobilia-atelier.de\/fr\/wp-json\/wp\/v2\/types\/product"}],"wp:featuredmedia":[{"embeddable":true,"href":"https:\/\/www.automobilia-atelier.de\/fr\/wp-json\/wp\/v2\/media\/17985"}],"wp:attachment":[{"href":"https:\/\/www.automobilia-atelier.de\/fr\/wp-json\/wp\/v2\/media?parent=17957"}],"wp:term":[{"taxonomy":"product_brand","embeddable":true,"href":"https:\/\/www.automobilia-atelier.de\/fr\/wp-json\/wp\/v2\/product_brand?post=17957"},{"taxonomy":"product_cat","embeddable":true,"href":"https:\/\/www.automobilia-atelier.de\/fr\/wp-json\/wp\/v2\/product_cat?post=17957"},{"taxonomy":"product_tag","embeddable":true,"href":"https:\/\/www.automobilia-atelier.de\/fr\/wp-json\/wp\/v2\/product_tag?post=17957"}],"curies":[{"name":"wp","href":"https:\/\/api.w.org\/{rel}","templated":true}]}}