{"id":18330,"date":"2025-02-27T20:45:46","date_gmt":"2025-02-27T19:45:46","guid":{"rendered":"https:\/\/www.automobilia-atelier.de\/produkt\/volant-petri-bb-des-annees-1980-pour-vw-polo-carat-paris-rainer-buchmann\/"},"modified":"2025-02-27T20:45:46","modified_gmt":"2025-02-27T19:45:46","slug":"volant-petri-bb-des-annees-1980-pour-vw-polo-carat-paris-rainer-buchmann","status":"publish","type":"product","link":"https:\/\/www.automobilia-atelier.de\/fr\/produkt\/volant-petri-bb-des-annees-1980-pour-vw-polo-carat-paris-rainer-buchmann\/","title":{"rendered":"Volant Petri \u00ab&nbsp;bb&nbsp;\u00bb des ann\u00e9es 1980 pour VW Polo Carat \/ Paris Rainer Buchmann"},"content":{"rendered":"<p><strong>Fabricant :<\/strong> PETRI<br \/>\n<strong>Diam\u00e8tre :<\/strong> 360 mm<br \/>\n<strong>Date de production :<\/strong> environ 1983<br \/>\n<strong>\u00c9tat :<\/strong> voir photos d\u00e9taill\u00e9es<br \/>\n<strong>Ajuster:<\/strong><\/p>\n<ul>\n<li>VW Polo (Type 86C)<\/li>\n<\/ul>\n<p><strong>Remarque :<\/strong> cet article doit \u00eatre install\u00e9 exclusivement par du personnel qualifi\u00e9<\/p>\n","protected":false},"excerpt":{"rendered":"<p>Fabricant : PETRI Diam\u00e8tre : 360 mm Date de production : environ 1983 \u00c9tat : voir photos d\u00e9taill\u00e9es Ajuster: VW Polo (Type 86C) Remarque : cet article doit \u00eatre install\u00e9 exclusivement par du personnel qualifi\u00e9<\/p>\n","protected":false},"featured_media":18331,"template":"","meta":{"inline_featured_image":false,"_monsterinsights_skip_tracking":false,"_monsterinsights_sitenote_active":false,"_monsterinsights_sitenote_note":"","_monsterinsights_sitenote_category":0},"product_brand":[],"product_cat":[257,236,237],"product_tag":[],"class_list":{"0":"post-18330","1":"product","2":"type-product","3":"status-publish","4":"has-post-thumbnail","6":"product_cat-petri-fr-2","7":"product_cat-pieces-de-vehicules-classiques","8":"product_cat-volants","10":"first","11":"outofstock","12":"sold-individually","13":"shipping-taxable","14":"product-type-simple"},"yoast_head":"<!-- This site is optimized with the Yoast SEO plugin v24.7 - https:\/\/yoast.com\/wordpress\/plugins\/seo\/ -->\n<title>Volant Petri \u00ab&nbsp;bb&nbsp;\u00bb des ann\u00e9es 1980 pour VW Polo Carat \/ Paris Rainer Buchmann -<\/title>\n<meta name=\"robots\" content=\"index, follow, max-snippet:-1, max-image-preview:large, max-video-preview:-1\" \/>\n<link rel=\"canonical\" href=\"https:\/\/www.automobilia-atelier.de\/fr\/produkt\/volant-petri-bb-des-annees-1980-pour-vw-polo-carat-paris-rainer-buchmann\/\" \/>\n<meta property=\"og:locale\" content=\"fr_FR\" \/>\n<meta property=\"og:type\" content=\"article\" \/>\n<meta property=\"og:title\" content=\"Volant Petri \u00ab&nbsp;bb&nbsp;\u00bb des ann\u00e9es 1980 pour VW Polo Carat \/ Paris Rainer Buchmann -\" \/>\n<meta property=\"og:description\" content=\"Fabricant : PETRI Diam\u00e8tre : 360 mm Date de production : environ 1983 \u00c9tat : voir photos d\u00e9taill\u00e9es Ajuster: VW Polo (Type 86C) Remarque : cet article doit \u00eatre install\u00e9 exclusivement par du personnel qualifi\u00e9\" \/>\n<meta property=\"og:url\" content=\"https:\/\/www.automobilia-atelier.de\/fr\/produkt\/volant-petri-bb-des-annees-1980-pour-vw-polo-carat-paris-rainer-buchmann\/\" \/>\n<meta property=\"og:image\" content=\"https:\/\/www.automobilia-atelier.de\/wp-content\/uploads\/2025\/02\/DSC8635-scaled.jpg\" \/>\n\t<meta property=\"og:image:width\" content=\"2400\" \/>\n\t<meta property=\"og:image:height\" content=\"1600\" \/>\n\t<meta property=\"og:image:type\" content=\"image\/jpeg\" \/>\n<meta name=\"twitter:card\" content=\"summary_large_image\" \/>\n<script type=\"application\/ld+json\" class=\"yoast-schema-graph\">{\"@context\":\"https:\/\/schema.org\",\"@graph\":[{\"@type\":\"WebPage\",\"@id\":\"https:\/\/www.automobilia-atelier.de\/fr\/produkt\/volant-petri-bb-des-annees-1980-pour-vw-polo-carat-paris-rainer-buchmann\/\",\"url\":\"https:\/\/www.automobilia-atelier.de\/fr\/produkt\/volant-petri-bb-des-annees-1980-pour-vw-polo-carat-paris-rainer-buchmann\/\",\"name\":\"Volant Petri \u00ab&nbsp;bb&nbsp;\u00bb des ann\u00e9es 1980 pour VW Polo Carat \/ Paris Rainer Buchmann -\",\"isPartOf\":{\"@id\":\"https:\/\/www.automobilia-atelier.de\/fr\/#website\"},\"primaryImageOfPage\":{\"@id\":\"https:\/\/www.automobilia-atelier.de\/fr\/produkt\/volant-petri-bb-des-annees-1980-pour-vw-polo-carat-paris-rainer-buchmann\/#primaryimage\"},\"image\":{\"@id\":\"https:\/\/www.automobilia-atelier.de\/fr\/produkt\/volant-petri-bb-des-annees-1980-pour-vw-polo-carat-paris-rainer-buchmann\/#primaryimage\"},\"thumbnailUrl\":\"https:\/\/www.automobilia-atelier.de\/wp-content\/uploads\/2025\/02\/DSC8635-scaled.jpg\",\"datePublished\":\"2025-02-27T19:45:46+00:00\",\"breadcrumb\":{\"@id\":\"https:\/\/www.automobilia-atelier.de\/fr\/produkt\/volant-petri-bb-des-annees-1980-pour-vw-polo-carat-paris-rainer-buchmann\/#breadcrumb\"},\"inLanguage\":\"fr-FR\",\"potentialAction\":[{\"@type\":\"ReadAction\",\"target\":[\"https:\/\/www.automobilia-atelier.de\/fr\/produkt\/volant-petri-bb-des-annees-1980-pour-vw-polo-carat-paris-rainer-buchmann\/\"]}]},{\"@type\":\"ImageObject\",\"inLanguage\":\"fr-FR\",\"@id\":\"https:\/\/www.automobilia-atelier.de\/fr\/produkt\/volant-petri-bb-des-annees-1980-pour-vw-polo-carat-paris-rainer-buchmann\/#primaryimage\",\"url\":\"https:\/\/www.automobilia-atelier.de\/wp-content\/uploads\/2025\/02\/DSC8635-scaled.jpg\",\"contentUrl\":\"https:\/\/www.automobilia-atelier.de\/wp-content\/uploads\/2025\/02\/DSC8635-scaled.jpg\",\"width\":2400,\"height\":1600},{\"@type\":\"BreadcrumbList\",\"@id\":\"https:\/\/www.automobilia-atelier.de\/fr\/produkt\/volant-petri-bb-des-annees-1980-pour-vw-polo-carat-paris-rainer-buchmann\/#breadcrumb\",\"itemListElement\":[{\"@type\":\"ListItem\",\"position\":1,\"name\":\"Startseite\",\"item\":\"https:\/\/www.automobilia-atelier.de\/fr\/\"},{\"@type\":\"ListItem\",\"position\":2,\"name\":\"Produits\",\"item\":\"https:\/\/www.automobilia-atelier.de\/fr\/shop\/\"},{\"@type\":\"ListItem\",\"position\":3,\"name\":\"Volant Petri \u00ab&nbsp;bb&nbsp;\u00bb des ann\u00e9es 1980 pour VW Polo Carat \/ Paris Rainer Buchmann\"}]},{\"@type\":\"WebSite\",\"@id\":\"https:\/\/www.automobilia-atelier.de\/fr\/#website\",\"url\":\"https:\/\/www.automobilia-atelier.de\/fr\/\",\"name\":\"\",\"description\":\"\",\"potentialAction\":[{\"@type\":\"SearchAction\",\"target\":{\"@type\":\"EntryPoint\",\"urlTemplate\":\"https:\/\/www.automobilia-atelier.de\/fr\/?s={search_term_string}\"},\"query-input\":{\"@type\":\"PropertyValueSpecification\",\"valueRequired\":true,\"valueName\":\"search_term_string\"}}],\"inLanguage\":\"fr-FR\"}]}<\/script>\n<!-- \/ Yoast SEO plugin. -->","yoast_head_json":{"title":"Volant Petri \u00ab&nbsp;bb&nbsp;\u00bb des ann\u00e9es 1980 pour VW Polo Carat \/ Paris Rainer Buchmann -","robots":{"index":"index","follow":"follow","max-snippet":"max-snippet:-1","max-image-preview":"max-image-preview:large","max-video-preview":"max-video-preview:-1"},"canonical":"https:\/\/www.automobilia-atelier.de\/fr\/produkt\/volant-petri-bb-des-annees-1980-pour-vw-polo-carat-paris-rainer-buchmann\/","og_locale":"fr_FR","og_type":"article","og_title":"Volant Petri \u00ab&nbsp;bb&nbsp;\u00bb des ann\u00e9es 1980 pour VW Polo Carat \/ Paris Rainer Buchmann -","og_description":"Fabricant : PETRI Diam\u00e8tre : 360 mm Date de production : environ 1983 \u00c9tat : voir photos d\u00e9taill\u00e9es Ajuster: VW Polo (Type 86C) Remarque : cet article doit \u00eatre install\u00e9 exclusivement par du personnel qualifi\u00e9","og_url":"https:\/\/www.automobilia-atelier.de\/fr\/produkt\/volant-petri-bb-des-annees-1980-pour-vw-polo-carat-paris-rainer-buchmann\/","og_image":[{"width":2400,"height":1600,"url":"https:\/\/www.automobilia-atelier.de\/wp-content\/uploads\/2025\/02\/DSC8635-scaled.jpg","type":"image\/jpeg"}],"twitter_card":"summary_large_image","schema":{"@context":"https:\/\/schema.org","@graph":[{"@type":"WebPage","@id":"https:\/\/www.automobilia-atelier.de\/fr\/produkt\/volant-petri-bb-des-annees-1980-pour-vw-polo-carat-paris-rainer-buchmann\/","url":"https:\/\/www.automobilia-atelier.de\/fr\/produkt\/volant-petri-bb-des-annees-1980-pour-vw-polo-carat-paris-rainer-buchmann\/","name":"Volant Petri \u00ab&nbsp;bb&nbsp;\u00bb des ann\u00e9es 1980 pour VW Polo Carat \/ Paris Rainer Buchmann -","isPartOf":{"@id":"https:\/\/www.automobilia-atelier.de\/fr\/#website"},"primaryImageOfPage":{"@id":"https:\/\/www.automobilia-atelier.de\/fr\/produkt\/volant-petri-bb-des-annees-1980-pour-vw-polo-carat-paris-rainer-buchmann\/#primaryimage"},"image":{"@id":"https:\/\/www.automobilia-atelier.de\/fr\/produkt\/volant-petri-bb-des-annees-1980-pour-vw-polo-carat-paris-rainer-buchmann\/#primaryimage"},"thumbnailUrl":"https:\/\/www.automobilia-atelier.de\/wp-content\/uploads\/2025\/02\/DSC8635-scaled.jpg","datePublished":"2025-02-27T19:45:46+00:00","breadcrumb":{"@id":"https:\/\/www.automobilia-atelier.de\/fr\/produkt\/volant-petri-bb-des-annees-1980-pour-vw-polo-carat-paris-rainer-buchmann\/#breadcrumb"},"inLanguage":"fr-FR","potentialAction":[{"@type":"ReadAction","target":["https:\/\/www.automobilia-atelier.de\/fr\/produkt\/volant-petri-bb-des-annees-1980-pour-vw-polo-carat-paris-rainer-buchmann\/"]}]},{"@type":"ImageObject","inLanguage":"fr-FR","@id":"https:\/\/www.automobilia-atelier.de\/fr\/produkt\/volant-petri-bb-des-annees-1980-pour-vw-polo-carat-paris-rainer-buchmann\/#primaryimage","url":"https:\/\/www.automobilia-atelier.de\/wp-content\/uploads\/2025\/02\/DSC8635-scaled.jpg","contentUrl":"https:\/\/www.automobilia-atelier.de\/wp-content\/uploads\/2025\/02\/DSC8635-scaled.jpg","width":2400,"height":1600},{"@type":"BreadcrumbList","@id":"https:\/\/www.automobilia-atelier.de\/fr\/produkt\/volant-petri-bb-des-annees-1980-pour-vw-polo-carat-paris-rainer-buchmann\/#breadcrumb","itemListElement":[{"@type":"ListItem","position":1,"name":"Startseite","item":"https:\/\/www.automobilia-atelier.de\/fr\/"},{"@type":"ListItem","position":2,"name":"Produits","item":"https:\/\/www.automobilia-atelier.de\/fr\/shop\/"},{"@type":"ListItem","position":3,"name":"Volant Petri \u00ab&nbsp;bb&nbsp;\u00bb des ann\u00e9es 1980 pour VW Polo Carat \/ Paris Rainer Buchmann"}]},{"@type":"WebSite","@id":"https:\/\/www.automobilia-atelier.de\/fr\/#website","url":"https:\/\/www.automobilia-atelier.de\/fr\/","name":"","description":"","potentialAction":[{"@type":"SearchAction","target":{"@type":"EntryPoint","urlTemplate":"https:\/\/www.automobilia-atelier.de\/fr\/?s={search_term_string}"},"query-input":{"@type":"PropertyValueSpecification","valueRequired":true,"valueName":"search_term_string"}}],"inLanguage":"fr-FR"}]}},"jetpack_sharing_enabled":true,"_links":{"self":[{"href":"https:\/\/www.automobilia-atelier.de\/fr\/wp-json\/wp\/v2\/product\/18330","targetHints":{"allow":["GET"]}}],"collection":[{"href":"https:\/\/www.automobilia-atelier.de\/fr\/wp-json\/wp\/v2\/product"}],"about":[{"href":"https:\/\/www.automobilia-atelier.de\/fr\/wp-json\/wp\/v2\/types\/product"}],"wp:featuredmedia":[{"embeddable":true,"href":"https:\/\/www.automobilia-atelier.de\/fr\/wp-json\/wp\/v2\/media\/18331"}],"wp:attachment":[{"href":"https:\/\/www.automobilia-atelier.de\/fr\/wp-json\/wp\/v2\/media?parent=18330"}],"wp:term":[{"taxonomy":"product_brand","embeddable":true,"href":"https:\/\/www.automobilia-atelier.de\/fr\/wp-json\/wp\/v2\/product_brand?post=18330"},{"taxonomy":"product_cat","embeddable":true,"href":"https:\/\/www.automobilia-atelier.de\/fr\/wp-json\/wp\/v2\/product_cat?post=18330"},{"taxonomy":"product_tag","embeddable":true,"href":"https:\/\/www.automobilia-atelier.de\/fr\/wp-json\/wp\/v2\/product_tag?post=18330"}],"curies":[{"name":"wp","href":"https:\/\/api.w.org\/{rel}","templated":true}]}}