{"id":18371,"date":"2024-12-06T11:46:27","date_gmt":"2024-12-06T10:46:27","guid":{"rendered":"https:\/\/www.automobilia-atelier.de\/produkt\/volant-momo-m38-ac-schnitzer-de-1987-pour-bmw-e30-e28-e34-e24-e32-z1\/"},"modified":"2025-05-01T22:22:05","modified_gmt":"2025-05-01T20:22:05","slug":"volant-momo-m38-ac-schnitzer-de-1987-pour-bmw-e30-e28-e34-e24-e32-z1","status":"publish","type":"product","link":"https:\/\/www.automobilia-atelier.de\/fr\/produkt\/volant-momo-m38-ac-schnitzer-de-1987-pour-bmw-e30-e28-e34-e24-e32-z1\/","title":{"rendered":"Volant MOMO M38 \u00ab AC SCHNITZER \u00bb de 1987 pour BMW E30 \/ E28 \/ E34 \/ E24 \/ E32 \/ Z1"},"content":{"rendered":"<p><strong>Fabricant :<\/strong> MOMO (KBA 70056)<br \/>\n <strong>Diam\u00e8tre :<\/strong> 380 mm<br \/>\n <strong>Date de production :<\/strong> 09-1987<br \/>\n <strong>\u00c9tat :<\/strong> voir photos d\u00e9taill\u00e9es<br \/>\n <strong>Pr\u00e9cision d&rsquo;ajustement :<\/strong> Cercle de boulonnage = 6&#215;70 mm \u2013 Peut \u00eatre mont\u00e9 sur plusieurs v\u00e9hicules avec le moyeu appropri\u00e9<\/p>\n<p> <b>Remarque :<\/b> cet article ne peut \u00eatre install\u00e9 que par du personnel qualifi\u00e9.<\/p>\n","protected":false},"excerpt":{"rendered":"<p>Fabricant : MOMO (KBA 70056) Diam\u00e8tre : 380 mm Date de production : 09-1987 \u00c9tat : voir photos d\u00e9taill\u00e9es Pr\u00e9cision d&rsquo;ajustement : Cercle de boulonnage = 6&#215;70 mm \u2013 Peut \u00eatre mont\u00e9 sur plusieurs v\u00e9hicules avec le moyeu appropri\u00e9 Remarque : cet article ne peut \u00eatre install\u00e9 que par du personnel qualifi\u00e9.<\/p>\n","protected":false},"featured_media":18378,"template":"","meta":{"inline_featured_image":false,"_monsterinsights_skip_tracking":false,"_monsterinsights_sitenote_active":false,"_monsterinsights_sitenote_note":"","_monsterinsights_sitenote_category":0},"product_brand":[],"product_cat":[239,236,237,255],"product_tag":[],"class_list":{"0":"post-18371","1":"product","2":"type-product","3":"status-publish","4":"has-post-thumbnail","6":"product_cat-momo-fr","7":"product_cat-pieces-de-vehicules-classiques","8":"product_cat-volants","9":"product_cat-volants-en-cuir-fr","11":"first","12":"outofstock","13":"sold-individually","14":"product-type-simple"},"yoast_head":"<!-- This site is optimized with the Yoast SEO plugin v24.7 - https:\/\/yoast.com\/wordpress\/plugins\/seo\/ -->\n<title>Volant MOMO M38 \u00ab AC SCHNITZER \u00bb de 1987 pour BMW E30 \/ E28 \/ E34 \/ E24 \/ E32 \/ Z1 -<\/title>\n<meta name=\"robots\" content=\"index, follow, max-snippet:-1, max-image-preview:large, max-video-preview:-1\" \/>\n<link rel=\"canonical\" href=\"https:\/\/www.automobilia-atelier.de\/fr\/produkt\/volant-momo-m38-ac-schnitzer-de-1987-pour-bmw-e30-e28-e34-e24-e32-z1\/\" \/>\n<meta property=\"og:locale\" content=\"fr_FR\" \/>\n<meta property=\"og:type\" content=\"article\" \/>\n<meta property=\"og:title\" content=\"Volant MOMO M38 \u00ab AC SCHNITZER \u00bb de 1987 pour BMW E30 \/ E28 \/ E34 \/ E24 \/ E32 \/ Z1 -\" \/>\n<meta property=\"og:description\" content=\"Fabricant : MOMO (KBA 70056) Diam\u00e8tre : 380 mm Date de production : 09-1987 \u00c9tat : voir photos d\u00e9taill\u00e9es Pr\u00e9cision d&rsquo;ajustement : Cercle de boulonnage = 6&#215;70 mm \u2013 Peut \u00eatre mont\u00e9 sur plusieurs v\u00e9hicules avec le moyeu appropri\u00e9 Remarque : cet article ne peut \u00eatre install\u00e9 que par du personnel qualifi\u00e9.\" \/>\n<meta property=\"og:url\" content=\"https:\/\/www.automobilia-atelier.de\/fr\/produkt\/volant-momo-m38-ac-schnitzer-de-1987-pour-bmw-e30-e28-e34-e24-e32-z1\/\" \/>\n<meta property=\"article:modified_time\" content=\"2025-05-01T20:22:05+00:00\" \/>\n<meta property=\"og:image\" content=\"https:\/\/www.automobilia-atelier.de\/wp-content\/uploads\/2024\/12\/DSC8124-scaled.jpg\" \/>\n\t<meta property=\"og:image:width\" content=\"2400\" \/>\n\t<meta property=\"og:image:height\" content=\"1600\" \/>\n\t<meta property=\"og:image:type\" content=\"image\/jpeg\" \/>\n<meta name=\"twitter:card\" content=\"summary_large_image\" \/>\n<script type=\"application\/ld+json\" class=\"yoast-schema-graph\">{\"@context\":\"https:\/\/schema.org\",\"@graph\":[{\"@type\":\"WebPage\",\"@id\":\"https:\/\/www.automobilia-atelier.de\/fr\/produkt\/volant-momo-m38-ac-schnitzer-de-1987-pour-bmw-e30-e28-e34-e24-e32-z1\/\",\"url\":\"https:\/\/www.automobilia-atelier.de\/fr\/produkt\/volant-momo-m38-ac-schnitzer-de-1987-pour-bmw-e30-e28-e34-e24-e32-z1\/\",\"name\":\"Volant MOMO M38 \u00ab AC SCHNITZER \u00bb de 1987 pour BMW E30 \/ E28 \/ E34 \/ E24 \/ E32 \/ Z1 -\",\"isPartOf\":{\"@id\":\"https:\/\/www.automobilia-atelier.de\/fr\/#website\"},\"primaryImageOfPage\":{\"@id\":\"https:\/\/www.automobilia-atelier.de\/fr\/produkt\/volant-momo-m38-ac-schnitzer-de-1987-pour-bmw-e30-e28-e34-e24-e32-z1\/#primaryimage\"},\"image\":{\"@id\":\"https:\/\/www.automobilia-atelier.de\/fr\/produkt\/volant-momo-m38-ac-schnitzer-de-1987-pour-bmw-e30-e28-e34-e24-e32-z1\/#primaryimage\"},\"thumbnailUrl\":\"https:\/\/www.automobilia-atelier.de\/wp-content\/uploads\/2024\/12\/DSC8124-scaled.jpg\",\"datePublished\":\"2024-12-06T10:46:27+00:00\",\"dateModified\":\"2025-05-01T20:22:05+00:00\",\"breadcrumb\":{\"@id\":\"https:\/\/www.automobilia-atelier.de\/fr\/produkt\/volant-momo-m38-ac-schnitzer-de-1987-pour-bmw-e30-e28-e34-e24-e32-z1\/#breadcrumb\"},\"inLanguage\":\"fr-FR\",\"potentialAction\":[{\"@type\":\"ReadAction\",\"target\":[\"https:\/\/www.automobilia-atelier.de\/fr\/produkt\/volant-momo-m38-ac-schnitzer-de-1987-pour-bmw-e30-e28-e34-e24-e32-z1\/\"]}]},{\"@type\":\"ImageObject\",\"inLanguage\":\"fr-FR\",\"@id\":\"https:\/\/www.automobilia-atelier.de\/fr\/produkt\/volant-momo-m38-ac-schnitzer-de-1987-pour-bmw-e30-e28-e34-e24-e32-z1\/#primaryimage\",\"url\":\"https:\/\/www.automobilia-atelier.de\/wp-content\/uploads\/2024\/12\/DSC8124-scaled.jpg\",\"contentUrl\":\"https:\/\/www.automobilia-atelier.de\/wp-content\/uploads\/2024\/12\/DSC8124-scaled.jpg\",\"width\":2400,\"height\":1600},{\"@type\":\"BreadcrumbList\",\"@id\":\"https:\/\/www.automobilia-atelier.de\/fr\/produkt\/volant-momo-m38-ac-schnitzer-de-1987-pour-bmw-e30-e28-e34-e24-e32-z1\/#breadcrumb\",\"itemListElement\":[{\"@type\":\"ListItem\",\"position\":1,\"name\":\"Startseite\",\"item\":\"https:\/\/www.automobilia-atelier.de\/fr\/\"},{\"@type\":\"ListItem\",\"position\":2,\"name\":\"Produits\",\"item\":\"https:\/\/www.automobilia-atelier.de\/fr\/shop\/\"},{\"@type\":\"ListItem\",\"position\":3,\"name\":\"Volant MOMO M38 \u00ab AC SCHNITZER \u00bb de 1987 pour BMW E30 \/ E28 \/ E34 \/ E24 \/ E32 \/ Z1\"}]},{\"@type\":\"WebSite\",\"@id\":\"https:\/\/www.automobilia-atelier.de\/fr\/#website\",\"url\":\"https:\/\/www.automobilia-atelier.de\/fr\/\",\"name\":\"\",\"description\":\"\",\"potentialAction\":[{\"@type\":\"SearchAction\",\"target\":{\"@type\":\"EntryPoint\",\"urlTemplate\":\"https:\/\/www.automobilia-atelier.de\/fr\/?s={search_term_string}\"},\"query-input\":{\"@type\":\"PropertyValueSpecification\",\"valueRequired\":true,\"valueName\":\"search_term_string\"}}],\"inLanguage\":\"fr-FR\"}]}<\/script>\n<!-- \/ Yoast SEO plugin. -->","yoast_head_json":{"title":"Volant MOMO M38 \u00ab AC SCHNITZER \u00bb de 1987 pour BMW E30 \/ E28 \/ E34 \/ E24 \/ E32 \/ Z1 -","robots":{"index":"index","follow":"follow","max-snippet":"max-snippet:-1","max-image-preview":"max-image-preview:large","max-video-preview":"max-video-preview:-1"},"canonical":"https:\/\/www.automobilia-atelier.de\/fr\/produkt\/volant-momo-m38-ac-schnitzer-de-1987-pour-bmw-e30-e28-e34-e24-e32-z1\/","og_locale":"fr_FR","og_type":"article","og_title":"Volant MOMO M38 \u00ab AC SCHNITZER \u00bb de 1987 pour BMW E30 \/ E28 \/ E34 \/ E24 \/ E32 \/ Z1 -","og_description":"Fabricant : MOMO (KBA 70056) Diam\u00e8tre : 380 mm Date de production : 09-1987 \u00c9tat : voir photos d\u00e9taill\u00e9es Pr\u00e9cision d&rsquo;ajustement : Cercle de boulonnage = 6&#215;70 mm \u2013 Peut \u00eatre mont\u00e9 sur plusieurs v\u00e9hicules avec le moyeu appropri\u00e9 Remarque : cet article ne peut \u00eatre install\u00e9 que par du personnel qualifi\u00e9.","og_url":"https:\/\/www.automobilia-atelier.de\/fr\/produkt\/volant-momo-m38-ac-schnitzer-de-1987-pour-bmw-e30-e28-e34-e24-e32-z1\/","article_modified_time":"2025-05-01T20:22:05+00:00","og_image":[{"width":2400,"height":1600,"url":"https:\/\/www.automobilia-atelier.de\/wp-content\/uploads\/2024\/12\/DSC8124-scaled.jpg","type":"image\/jpeg"}],"twitter_card":"summary_large_image","schema":{"@context":"https:\/\/schema.org","@graph":[{"@type":"WebPage","@id":"https:\/\/www.automobilia-atelier.de\/fr\/produkt\/volant-momo-m38-ac-schnitzer-de-1987-pour-bmw-e30-e28-e34-e24-e32-z1\/","url":"https:\/\/www.automobilia-atelier.de\/fr\/produkt\/volant-momo-m38-ac-schnitzer-de-1987-pour-bmw-e30-e28-e34-e24-e32-z1\/","name":"Volant MOMO M38 \u00ab AC SCHNITZER \u00bb de 1987 pour BMW E30 \/ E28 \/ E34 \/ E24 \/ E32 \/ Z1 -","isPartOf":{"@id":"https:\/\/www.automobilia-atelier.de\/fr\/#website"},"primaryImageOfPage":{"@id":"https:\/\/www.automobilia-atelier.de\/fr\/produkt\/volant-momo-m38-ac-schnitzer-de-1987-pour-bmw-e30-e28-e34-e24-e32-z1\/#primaryimage"},"image":{"@id":"https:\/\/www.automobilia-atelier.de\/fr\/produkt\/volant-momo-m38-ac-schnitzer-de-1987-pour-bmw-e30-e28-e34-e24-e32-z1\/#primaryimage"},"thumbnailUrl":"https:\/\/www.automobilia-atelier.de\/wp-content\/uploads\/2024\/12\/DSC8124-scaled.jpg","datePublished":"2024-12-06T10:46:27+00:00","dateModified":"2025-05-01T20:22:05+00:00","breadcrumb":{"@id":"https:\/\/www.automobilia-atelier.de\/fr\/produkt\/volant-momo-m38-ac-schnitzer-de-1987-pour-bmw-e30-e28-e34-e24-e32-z1\/#breadcrumb"},"inLanguage":"fr-FR","potentialAction":[{"@type":"ReadAction","target":["https:\/\/www.automobilia-atelier.de\/fr\/produkt\/volant-momo-m38-ac-schnitzer-de-1987-pour-bmw-e30-e28-e34-e24-e32-z1\/"]}]},{"@type":"ImageObject","inLanguage":"fr-FR","@id":"https:\/\/www.automobilia-atelier.de\/fr\/produkt\/volant-momo-m38-ac-schnitzer-de-1987-pour-bmw-e30-e28-e34-e24-e32-z1\/#primaryimage","url":"https:\/\/www.automobilia-atelier.de\/wp-content\/uploads\/2024\/12\/DSC8124-scaled.jpg","contentUrl":"https:\/\/www.automobilia-atelier.de\/wp-content\/uploads\/2024\/12\/DSC8124-scaled.jpg","width":2400,"height":1600},{"@type":"BreadcrumbList","@id":"https:\/\/www.automobilia-atelier.de\/fr\/produkt\/volant-momo-m38-ac-schnitzer-de-1987-pour-bmw-e30-e28-e34-e24-e32-z1\/#breadcrumb","itemListElement":[{"@type":"ListItem","position":1,"name":"Startseite","item":"https:\/\/www.automobilia-atelier.de\/fr\/"},{"@type":"ListItem","position":2,"name":"Produits","item":"https:\/\/www.automobilia-atelier.de\/fr\/shop\/"},{"@type":"ListItem","position":3,"name":"Volant MOMO M38 \u00ab AC SCHNITZER \u00bb de 1987 pour BMW E30 \/ E28 \/ E34 \/ E24 \/ E32 \/ Z1"}]},{"@type":"WebSite","@id":"https:\/\/www.automobilia-atelier.de\/fr\/#website","url":"https:\/\/www.automobilia-atelier.de\/fr\/","name":"","description":"","potentialAction":[{"@type":"SearchAction","target":{"@type":"EntryPoint","urlTemplate":"https:\/\/www.automobilia-atelier.de\/fr\/?s={search_term_string}"},"query-input":{"@type":"PropertyValueSpecification","valueRequired":true,"valueName":"search_term_string"}}],"inLanguage":"fr-FR"}]}},"jetpack_sharing_enabled":true,"_links":{"self":[{"href":"https:\/\/www.automobilia-atelier.de\/fr\/wp-json\/wp\/v2\/product\/18371","targetHints":{"allow":["GET"]}}],"collection":[{"href":"https:\/\/www.automobilia-atelier.de\/fr\/wp-json\/wp\/v2\/product"}],"about":[{"href":"https:\/\/www.automobilia-atelier.de\/fr\/wp-json\/wp\/v2\/types\/product"}],"wp:featuredmedia":[{"embeddable":true,"href":"https:\/\/www.automobilia-atelier.de\/fr\/wp-json\/wp\/v2\/media\/18378"}],"wp:attachment":[{"href":"https:\/\/www.automobilia-atelier.de\/fr\/wp-json\/wp\/v2\/media?parent=18371"}],"wp:term":[{"taxonomy":"product_brand","embeddable":true,"href":"https:\/\/www.automobilia-atelier.de\/fr\/wp-json\/wp\/v2\/product_brand?post=18371"},{"taxonomy":"product_cat","embeddable":true,"href":"https:\/\/www.automobilia-atelier.de\/fr\/wp-json\/wp\/v2\/product_cat?post=18371"},{"taxonomy":"product_tag","embeddable":true,"href":"https:\/\/www.automobilia-atelier.de\/fr\/wp-json\/wp\/v2\/product_tag?post=18371"}],"curies":[{"name":"wp","href":"https:\/\/api.w.org\/{rel}","templated":true}]}}