{"id":18456,"date":"2022-10-27T11:55:24","date_gmt":"2022-10-27T09:55:24","guid":{"rendered":"https:\/\/www.automobilia-atelier.de\/produkt\/moyeu-de-volant-nardi-personal-0230-lotus-opel-tvr-daewoo\/"},"modified":"2022-10-27T11:55:24","modified_gmt":"2022-10-27T09:55:24","slug":"moyeu-de-volant-nardi-personal-0230-lotus-opel-tvr-daewoo","status":"publish","type":"product","link":"https:\/\/www.automobilia-atelier.de\/fr\/produkt\/moyeu-de-volant-nardi-personal-0230-lotus-opel-tvr-daewoo\/","title":{"rendered":"Moyeu de volant Nardi \/ Personal (0230) Lotus \/ Opel \/ TVR \/ Daewoo"},"content":{"rendered":"<p><strong>Fabricant :<\/strong> Nardi \/ Personal<br \/>\n<strong>\u00c9tat :<\/strong> voir photos d\u00e9taill\u00e9es<br \/>\n<strong>Montage :<\/strong> moyeu n\u00b0 0230<\/p>\n<ul>\n<li>Opel Ascona \u2013 C \/ C \u2013 CC<\/li>\n<li>Opel Calibra \u2013 A<\/li>\n<li>Opel Astra-F-CC\/F-Carav. \/ F \/ F \u2013 Cabriolet <\/li>\n<li>Opel Corsa \u2013 A \/ A \u2013 CC<\/li>\n<li>Opel Corsa-B<\/li>\n<li>Opel Kadett \u2013 D \/ D \u2013 Carav. \/ E \u2013 CC \/ E \u2013 Carav. <\/li>\n<li>Opel Kadett-E\/E-Cabrio\/E-CC\/E-Carav.<\/li>\n<li>Opel Omega \u2013 A<\/li>\n<li>Opel Omega Caravane \u2013 A \u2013 Carav.<\/li>\n<li>Opel Senator \u2013 B<\/li>\n<li>Opel Vectra \u2013 A \/ A \u2013 CC \/ A \u2013 X<\/li>\n<li><span style=\"color: #000000;\">Lotus Elise S1 et S2 (<\/span> <u style=\"color: #000000;\">sans airbag)<\/u><\/li>\n<li>TVR (Tous les mod\u00e8les 1995 \u2013 2000)<\/li>\n<li>Daewoo Lemans (sans airbag)<\/li>\n<li>Daewoo Nexia (sans airbag)<\/li>\n<\/ul>\n","protected":false},"excerpt":{"rendered":"<p>Fabricant : Nardi \/ Personal \u00c9tat : voir photos d\u00e9taill\u00e9es Montage : moyeu n\u00b0 0230 Opel Ascona \u2013 C \/ C \u2013 CC Opel Calibra \u2013 A Opel Astra-F-CC\/F-Carav. \/ F \/ F \u2013 Cabriolet Opel Corsa \u2013 A \/ A \u2013 CC Opel Corsa-B Opel Kadett \u2013 D \/ D \u2013 Carav. \/ E &hellip; <a href=\"https:\/\/www.automobilia-atelier.de\/fr\/produkt\/moyeu-de-volant-nardi-personal-0230-lotus-opel-tvr-daewoo\/\" class=\"more-link\">Continuer \u00e0 lire <span class=\"screen-reader-text\">Moyeu de volant Nardi \/ Personal (0230) Lotus \/ Opel \/ TVR \/ Daewoo<\/span> <span class=\"meta-nav\">\u2192<\/span><\/a><\/p>\n","protected":false},"featured_media":18458,"template":"","meta":{"inline_featured_image":false,"_monsterinsights_skip_tracking":false,"_monsterinsights_sitenote_active":false,"_monsterinsights_sitenote_note":"","_monsterinsights_sitenote_category":0},"product_brand":[],"product_cat":[252,272],"product_tag":[],"class_list":{"0":"post-18456","1":"product","2":"type-product","3":"status-publish","4":"has-post-thumbnail","6":"product_cat-moyeux-de-volant","7":"product_cat-nardi-personnel-fr-2","9":"first","10":"instock","11":"sold-individually","12":"purchasable","13":"product-type-simple"},"yoast_head":"<!-- This site is optimized with the Yoast SEO plugin v24.7 - https:\/\/yoast.com\/wordpress\/plugins\/seo\/ -->\n<title>Moyeu de volant Nardi \/ Personal (0230) Lotus \/ Opel \/ TVR \/ Daewoo -<\/title>\n<meta name=\"robots\" content=\"index, follow, max-snippet:-1, max-image-preview:large, max-video-preview:-1\" \/>\n<link rel=\"canonical\" href=\"https:\/\/www.automobilia-atelier.de\/fr\/produkt\/moyeu-de-volant-nardi-personal-0230-lotus-opel-tvr-daewoo\/\" \/>\n<meta property=\"og:locale\" content=\"fr_FR\" \/>\n<meta property=\"og:type\" content=\"article\" \/>\n<meta property=\"og:title\" content=\"Moyeu de volant Nardi \/ Personal (0230) Lotus \/ Opel \/ TVR \/ Daewoo -\" \/>\n<meta property=\"og:description\" content=\"Fabricant : Nardi \/ Personal \u00c9tat : voir photos d\u00e9taill\u00e9es Montage : moyeu n\u00b0 0230 Opel Ascona \u2013 C \/ C \u2013 CC Opel Calibra \u2013 A Opel Astra-F-CC\/F-Carav. \/ F \/ F \u2013 Cabriolet Opel Corsa \u2013 A \/ A \u2013 CC Opel Corsa-B Opel Kadett \u2013 D \/ D \u2013 Carav. \/ E &hellip; Continuer \u00e0 lire Moyeu de volant Nardi \/ Personal (0230) Lotus \/ Opel \/ TVR \/ Daewoo \u2192\" \/>\n<meta property=\"og:url\" content=\"https:\/\/www.automobilia-atelier.de\/fr\/produkt\/moyeu-de-volant-nardi-personal-0230-lotus-opel-tvr-daewoo\/\" \/>\n<meta property=\"og:image\" content=\"https:\/\/www.automobilia-atelier.de\/wp-content\/uploads\/2023\/10\/DSC6578-scaled.jpg\" \/>\n\t<meta property=\"og:image:width\" content=\"2400\" \/>\n\t<meta property=\"og:image:height\" content=\"1600\" \/>\n\t<meta property=\"og:image:type\" content=\"image\/jpeg\" \/>\n<meta name=\"twitter:card\" content=\"summary_large_image\" \/>\n<meta name=\"twitter:label1\" content=\"Dur\u00e9e de lecture estim\u00e9e\" \/>\n\t<meta name=\"twitter:data1\" content=\"1 minute\" \/>\n<script type=\"application\/ld+json\" class=\"yoast-schema-graph\">{\"@context\":\"https:\/\/schema.org\",\"@graph\":[{\"@type\":\"WebPage\",\"@id\":\"https:\/\/www.automobilia-atelier.de\/fr\/produkt\/moyeu-de-volant-nardi-personal-0230-lotus-opel-tvr-daewoo\/\",\"url\":\"https:\/\/www.automobilia-atelier.de\/fr\/produkt\/moyeu-de-volant-nardi-personal-0230-lotus-opel-tvr-daewoo\/\",\"name\":\"Moyeu de volant Nardi \/ Personal (0230) Lotus \/ Opel \/ TVR \/ Daewoo -\",\"isPartOf\":{\"@id\":\"https:\/\/www.automobilia-atelier.de\/fr\/#website\"},\"primaryImageOfPage\":{\"@id\":\"https:\/\/www.automobilia-atelier.de\/fr\/produkt\/moyeu-de-volant-nardi-personal-0230-lotus-opel-tvr-daewoo\/#primaryimage\"},\"image\":{\"@id\":\"https:\/\/www.automobilia-atelier.de\/fr\/produkt\/moyeu-de-volant-nardi-personal-0230-lotus-opel-tvr-daewoo\/#primaryimage\"},\"thumbnailUrl\":\"https:\/\/www.automobilia-atelier.de\/wp-content\/uploads\/2023\/10\/DSC6578-scaled.jpg\",\"datePublished\":\"2022-10-27T09:55:24+00:00\",\"breadcrumb\":{\"@id\":\"https:\/\/www.automobilia-atelier.de\/fr\/produkt\/moyeu-de-volant-nardi-personal-0230-lotus-opel-tvr-daewoo\/#breadcrumb\"},\"inLanguage\":\"fr-FR\",\"potentialAction\":[{\"@type\":\"ReadAction\",\"target\":[\"https:\/\/www.automobilia-atelier.de\/fr\/produkt\/moyeu-de-volant-nardi-personal-0230-lotus-opel-tvr-daewoo\/\"]}]},{\"@type\":\"ImageObject\",\"inLanguage\":\"fr-FR\",\"@id\":\"https:\/\/www.automobilia-atelier.de\/fr\/produkt\/moyeu-de-volant-nardi-personal-0230-lotus-opel-tvr-daewoo\/#primaryimage\",\"url\":\"https:\/\/www.automobilia-atelier.de\/wp-content\/uploads\/2023\/10\/DSC6578-scaled.jpg\",\"contentUrl\":\"https:\/\/www.automobilia-atelier.de\/wp-content\/uploads\/2023\/10\/DSC6578-scaled.jpg\",\"width\":2400,\"height\":1600},{\"@type\":\"BreadcrumbList\",\"@id\":\"https:\/\/www.automobilia-atelier.de\/fr\/produkt\/moyeu-de-volant-nardi-personal-0230-lotus-opel-tvr-daewoo\/#breadcrumb\",\"itemListElement\":[{\"@type\":\"ListItem\",\"position\":1,\"name\":\"Startseite\",\"item\":\"https:\/\/www.automobilia-atelier.de\/fr\/\"},{\"@type\":\"ListItem\",\"position\":2,\"name\":\"Produits\",\"item\":\"https:\/\/www.automobilia-atelier.de\/fr\/shop\/\"},{\"@type\":\"ListItem\",\"position\":3,\"name\":\"Moyeu de volant Nardi \/ Personal (0230) Lotus \/ Opel \/ TVR \/ Daewoo\"}]},{\"@type\":\"WebSite\",\"@id\":\"https:\/\/www.automobilia-atelier.de\/fr\/#website\",\"url\":\"https:\/\/www.automobilia-atelier.de\/fr\/\",\"name\":\"\",\"description\":\"\",\"potentialAction\":[{\"@type\":\"SearchAction\",\"target\":{\"@type\":\"EntryPoint\",\"urlTemplate\":\"https:\/\/www.automobilia-atelier.de\/fr\/?s={search_term_string}\"},\"query-input\":{\"@type\":\"PropertyValueSpecification\",\"valueRequired\":true,\"valueName\":\"search_term_string\"}}],\"inLanguage\":\"fr-FR\"}]}<\/script>\n<!-- \/ Yoast SEO plugin. -->","yoast_head_json":{"title":"Moyeu de volant Nardi \/ Personal (0230) Lotus \/ Opel \/ TVR \/ Daewoo -","robots":{"index":"index","follow":"follow","max-snippet":"max-snippet:-1","max-image-preview":"max-image-preview:large","max-video-preview":"max-video-preview:-1"},"canonical":"https:\/\/www.automobilia-atelier.de\/fr\/produkt\/moyeu-de-volant-nardi-personal-0230-lotus-opel-tvr-daewoo\/","og_locale":"fr_FR","og_type":"article","og_title":"Moyeu de volant Nardi \/ Personal (0230) Lotus \/ Opel \/ TVR \/ Daewoo -","og_description":"Fabricant : Nardi \/ Personal \u00c9tat : voir photos d\u00e9taill\u00e9es Montage : moyeu n\u00b0 0230 Opel Ascona \u2013 C \/ C \u2013 CC Opel Calibra \u2013 A Opel Astra-F-CC\/F-Carav. \/ F \/ F \u2013 Cabriolet Opel Corsa \u2013 A \/ A \u2013 CC Opel Corsa-B Opel Kadett \u2013 D \/ D \u2013 Carav. \/ E &hellip; Continuer \u00e0 lire Moyeu de volant Nardi \/ Personal (0230) Lotus \/ Opel \/ TVR \/ Daewoo \u2192","og_url":"https:\/\/www.automobilia-atelier.de\/fr\/produkt\/moyeu-de-volant-nardi-personal-0230-lotus-opel-tvr-daewoo\/","og_image":[{"width":2400,"height":1600,"url":"https:\/\/www.automobilia-atelier.de\/wp-content\/uploads\/2023\/10\/DSC6578-scaled.jpg","type":"image\/jpeg"}],"twitter_card":"summary_large_image","twitter_misc":{"Dur\u00e9e de lecture estim\u00e9e":"1 minute"},"schema":{"@context":"https:\/\/schema.org","@graph":[{"@type":"WebPage","@id":"https:\/\/www.automobilia-atelier.de\/fr\/produkt\/moyeu-de-volant-nardi-personal-0230-lotus-opel-tvr-daewoo\/","url":"https:\/\/www.automobilia-atelier.de\/fr\/produkt\/moyeu-de-volant-nardi-personal-0230-lotus-opel-tvr-daewoo\/","name":"Moyeu de volant Nardi \/ Personal (0230) Lotus \/ Opel \/ TVR \/ Daewoo -","isPartOf":{"@id":"https:\/\/www.automobilia-atelier.de\/fr\/#website"},"primaryImageOfPage":{"@id":"https:\/\/www.automobilia-atelier.de\/fr\/produkt\/moyeu-de-volant-nardi-personal-0230-lotus-opel-tvr-daewoo\/#primaryimage"},"image":{"@id":"https:\/\/www.automobilia-atelier.de\/fr\/produkt\/moyeu-de-volant-nardi-personal-0230-lotus-opel-tvr-daewoo\/#primaryimage"},"thumbnailUrl":"https:\/\/www.automobilia-atelier.de\/wp-content\/uploads\/2023\/10\/DSC6578-scaled.jpg","datePublished":"2022-10-27T09:55:24+00:00","breadcrumb":{"@id":"https:\/\/www.automobilia-atelier.de\/fr\/produkt\/moyeu-de-volant-nardi-personal-0230-lotus-opel-tvr-daewoo\/#breadcrumb"},"inLanguage":"fr-FR","potentialAction":[{"@type":"ReadAction","target":["https:\/\/www.automobilia-atelier.de\/fr\/produkt\/moyeu-de-volant-nardi-personal-0230-lotus-opel-tvr-daewoo\/"]}]},{"@type":"ImageObject","inLanguage":"fr-FR","@id":"https:\/\/www.automobilia-atelier.de\/fr\/produkt\/moyeu-de-volant-nardi-personal-0230-lotus-opel-tvr-daewoo\/#primaryimage","url":"https:\/\/www.automobilia-atelier.de\/wp-content\/uploads\/2023\/10\/DSC6578-scaled.jpg","contentUrl":"https:\/\/www.automobilia-atelier.de\/wp-content\/uploads\/2023\/10\/DSC6578-scaled.jpg","width":2400,"height":1600},{"@type":"BreadcrumbList","@id":"https:\/\/www.automobilia-atelier.de\/fr\/produkt\/moyeu-de-volant-nardi-personal-0230-lotus-opel-tvr-daewoo\/#breadcrumb","itemListElement":[{"@type":"ListItem","position":1,"name":"Startseite","item":"https:\/\/www.automobilia-atelier.de\/fr\/"},{"@type":"ListItem","position":2,"name":"Produits","item":"https:\/\/www.automobilia-atelier.de\/fr\/shop\/"},{"@type":"ListItem","position":3,"name":"Moyeu de volant Nardi \/ Personal (0230) Lotus \/ Opel \/ TVR \/ Daewoo"}]},{"@type":"WebSite","@id":"https:\/\/www.automobilia-atelier.de\/fr\/#website","url":"https:\/\/www.automobilia-atelier.de\/fr\/","name":"","description":"","potentialAction":[{"@type":"SearchAction","target":{"@type":"EntryPoint","urlTemplate":"https:\/\/www.automobilia-atelier.de\/fr\/?s={search_term_string}"},"query-input":{"@type":"PropertyValueSpecification","valueRequired":true,"valueName":"search_term_string"}}],"inLanguage":"fr-FR"}]}},"jetpack_sharing_enabled":true,"_links":{"self":[{"href":"https:\/\/www.automobilia-atelier.de\/fr\/wp-json\/wp\/v2\/product\/18456","targetHints":{"allow":["GET"]}}],"collection":[{"href":"https:\/\/www.automobilia-atelier.de\/fr\/wp-json\/wp\/v2\/product"}],"about":[{"href":"https:\/\/www.automobilia-atelier.de\/fr\/wp-json\/wp\/v2\/types\/product"}],"wp:featuredmedia":[{"embeddable":true,"href":"https:\/\/www.automobilia-atelier.de\/fr\/wp-json\/wp\/v2\/media\/18458"}],"wp:attachment":[{"href":"https:\/\/www.automobilia-atelier.de\/fr\/wp-json\/wp\/v2\/media?parent=18456"}],"wp:term":[{"taxonomy":"product_brand","embeddable":true,"href":"https:\/\/www.automobilia-atelier.de\/fr\/wp-json\/wp\/v2\/product_brand?post=18456"},{"taxonomy":"product_cat","embeddable":true,"href":"https:\/\/www.automobilia-atelier.de\/fr\/wp-json\/wp\/v2\/product_cat?post=18456"},{"taxonomy":"product_tag","embeddable":true,"href":"https:\/\/www.automobilia-atelier.de\/fr\/wp-json\/wp\/v2\/product_tag?post=18456"}],"curies":[{"name":"wp","href":"https:\/\/api.w.org\/{rel}","templated":true}]}}