{"id":18478,"date":"2023-10-28T10:18:04","date_gmt":"2023-10-28T08:18:04","guid":{"rendered":"https:\/\/www.automobilia-atelier.de\/produkt\/volant-momo-niki-lauda-des-annees-1970-edition-signature\/"},"modified":"2023-10-28T10:18:04","modified_gmt":"2023-10-28T08:18:04","slug":"volant-momo-niki-lauda-des-annees-1970-edition-signature","status":"publish","type":"product","link":"https:\/\/www.automobilia-atelier.de\/fr\/produkt\/volant-momo-niki-lauda-des-annees-1970-edition-signature\/","title":{"rendered":"Volant MOMO \u00ab NIKI LAUDA \u00bb des ann\u00e9es 1970, \u00e9dition Signature"},"content":{"rendered":"<p>Rare volant MOMO \u00ab\u00a0NIKI LAUDA\u00a0\u00bb de l&rsquo;\u00e9dition Signature. Mont\u00e9 sur \u00e9cran \u2013 adapt\u00e9 au montage mural. Plaque de base recouverte de tissu marron.  <\/p>\n<p><strong>Fabricant :<\/strong> MOMO<br \/>\n<strong>Date de production :<\/strong> environ 1970<br \/>\n<strong>Taille du cadre :<\/strong> 50x60cm<br \/>\n<strong>\u00c9tat :<\/strong> voir photos d\u00e9taill\u00e9es<br \/>\n<strong>Pr\u00e9cision d&rsquo;ajustement :<\/strong> Cercle de boulonnage = 6&#215;70 mm \u2013 Peut \u00eatre mont\u00e9 sur presque tous les v\u00e9hicules avec le moyeu appropri\u00e9<\/p>\n","protected":false},"excerpt":{"rendered":"<p>Rare volant MOMO \u00ab\u00a0NIKI LAUDA\u00a0\u00bb de l&rsquo;\u00e9dition Signature. Mont\u00e9 sur \u00e9cran \u2013 adapt\u00e9 au montage mural. Plaque de base recouverte de tissu marron. Fabricant : MOMO Date de production : environ 1970 Taille du cadre : 50x60cm \u00c9tat : voir photos d\u00e9taill\u00e9es Pr\u00e9cision d&rsquo;ajustement : Cercle de boulonnage = 6&#215;70 mm \u2013 Peut \u00eatre mont\u00e9 &hellip; <a href=\"https:\/\/www.automobilia-atelier.de\/fr\/produkt\/volant-momo-niki-lauda-des-annees-1970-edition-signature\/\" class=\"more-link\">Continuer \u00e0 lire <span class=\"screen-reader-text\">Volant MOMO \u00ab NIKI LAUDA \u00bb des ann\u00e9es 1970, \u00e9dition Signature<\/span> <span class=\"meta-nav\">\u2192<\/span><\/a><\/p>\n","protected":false},"featured_media":18483,"template":"","meta":{"inline_featured_image":false,"_monsterinsights_skip_tracking":false,"_monsterinsights_sitenote_active":false,"_monsterinsights_sitenote_note":"","_monsterinsights_sitenote_category":0},"product_brand":[],"product_cat":[239,236,237,255],"product_tag":[],"class_list":{"0":"post-18478","1":"product","2":"type-product","3":"status-publish","4":"has-post-thumbnail","6":"product_cat-momo-fr","7":"product_cat-pieces-de-vehicules-classiques","8":"product_cat-volants","9":"product_cat-volants-en-cuir-fr","11":"first","12":"outofstock","13":"sold-individually","14":"product-type-simple"},"yoast_head":"<!-- This site is optimized with the Yoast SEO plugin v24.7 - https:\/\/yoast.com\/wordpress\/plugins\/seo\/ -->\n<title>Volant MOMO \u00ab NIKI LAUDA \u00bb des ann\u00e9es 1970, \u00e9dition Signature -<\/title>\n<meta name=\"robots\" content=\"index, follow, max-snippet:-1, max-image-preview:large, max-video-preview:-1\" \/>\n<link rel=\"canonical\" href=\"https:\/\/www.automobilia-atelier.de\/fr\/produkt\/volant-momo-niki-lauda-des-annees-1970-edition-signature\/\" \/>\n<meta property=\"og:locale\" content=\"fr_FR\" \/>\n<meta property=\"og:type\" content=\"article\" \/>\n<meta property=\"og:title\" content=\"Volant MOMO \u00ab NIKI LAUDA \u00bb des ann\u00e9es 1970, \u00e9dition Signature -\" \/>\n<meta property=\"og:description\" content=\"Rare volant MOMO \u00ab\u00a0NIKI LAUDA\u00a0\u00bb de l&rsquo;\u00e9dition Signature. Mont\u00e9 sur \u00e9cran \u2013 adapt\u00e9 au montage mural. Plaque de base recouverte de tissu marron. Fabricant : MOMO Date de production : environ 1970 Taille du cadre : 50x60cm \u00c9tat : voir photos d\u00e9taill\u00e9es Pr\u00e9cision d&rsquo;ajustement : Cercle de boulonnage = 6&#215;70 mm \u2013 Peut \u00eatre mont\u00e9 &hellip; Continuer \u00e0 lire Volant MOMO \u00ab NIKI LAUDA \u00bb des ann\u00e9es 1970, \u00e9dition Signature \u2192\" \/>\n<meta property=\"og:url\" content=\"https:\/\/www.automobilia-atelier.de\/fr\/produkt\/volant-momo-niki-lauda-des-annees-1970-edition-signature\/\" \/>\n<meta property=\"og:image\" content=\"https:\/\/www.automobilia-atelier.de\/wp-content\/uploads\/2023\/10\/DSC6740-scaled.jpg\" \/>\n\t<meta property=\"og:image:width\" content=\"2400\" \/>\n\t<meta property=\"og:image:height\" content=\"1600\" \/>\n\t<meta property=\"og:image:type\" content=\"image\/jpeg\" \/>\n<meta name=\"twitter:card\" content=\"summary_large_image\" \/>\n<script type=\"application\/ld+json\" class=\"yoast-schema-graph\">{\"@context\":\"https:\/\/schema.org\",\"@graph\":[{\"@type\":\"WebPage\",\"@id\":\"https:\/\/www.automobilia-atelier.de\/fr\/produkt\/volant-momo-niki-lauda-des-annees-1970-edition-signature\/\",\"url\":\"https:\/\/www.automobilia-atelier.de\/fr\/produkt\/volant-momo-niki-lauda-des-annees-1970-edition-signature\/\",\"name\":\"Volant MOMO \u00ab NIKI LAUDA \u00bb des ann\u00e9es 1970, \u00e9dition Signature -\",\"isPartOf\":{\"@id\":\"https:\/\/www.automobilia-atelier.de\/fr\/#website\"},\"primaryImageOfPage\":{\"@id\":\"https:\/\/www.automobilia-atelier.de\/fr\/produkt\/volant-momo-niki-lauda-des-annees-1970-edition-signature\/#primaryimage\"},\"image\":{\"@id\":\"https:\/\/www.automobilia-atelier.de\/fr\/produkt\/volant-momo-niki-lauda-des-annees-1970-edition-signature\/#primaryimage\"},\"thumbnailUrl\":\"https:\/\/www.automobilia-atelier.de\/wp-content\/uploads\/2023\/10\/DSC6740-scaled.jpg\",\"datePublished\":\"2023-10-28T08:18:04+00:00\",\"breadcrumb\":{\"@id\":\"https:\/\/www.automobilia-atelier.de\/fr\/produkt\/volant-momo-niki-lauda-des-annees-1970-edition-signature\/#breadcrumb\"},\"inLanguage\":\"fr-FR\",\"potentialAction\":[{\"@type\":\"ReadAction\",\"target\":[\"https:\/\/www.automobilia-atelier.de\/fr\/produkt\/volant-momo-niki-lauda-des-annees-1970-edition-signature\/\"]}]},{\"@type\":\"ImageObject\",\"inLanguage\":\"fr-FR\",\"@id\":\"https:\/\/www.automobilia-atelier.de\/fr\/produkt\/volant-momo-niki-lauda-des-annees-1970-edition-signature\/#primaryimage\",\"url\":\"https:\/\/www.automobilia-atelier.de\/wp-content\/uploads\/2023\/10\/DSC6740-scaled.jpg\",\"contentUrl\":\"https:\/\/www.automobilia-atelier.de\/wp-content\/uploads\/2023\/10\/DSC6740-scaled.jpg\",\"width\":2400,\"height\":1600},{\"@type\":\"BreadcrumbList\",\"@id\":\"https:\/\/www.automobilia-atelier.de\/fr\/produkt\/volant-momo-niki-lauda-des-annees-1970-edition-signature\/#breadcrumb\",\"itemListElement\":[{\"@type\":\"ListItem\",\"position\":1,\"name\":\"Startseite\",\"item\":\"https:\/\/www.automobilia-atelier.de\/fr\/\"},{\"@type\":\"ListItem\",\"position\":2,\"name\":\"Produits\",\"item\":\"https:\/\/www.automobilia-atelier.de\/fr\/shop\/\"},{\"@type\":\"ListItem\",\"position\":3,\"name\":\"Volant MOMO \u00ab NIKI LAUDA \u00bb des ann\u00e9es 1970, \u00e9dition Signature\"}]},{\"@type\":\"WebSite\",\"@id\":\"https:\/\/www.automobilia-atelier.de\/fr\/#website\",\"url\":\"https:\/\/www.automobilia-atelier.de\/fr\/\",\"name\":\"\",\"description\":\"\",\"potentialAction\":[{\"@type\":\"SearchAction\",\"target\":{\"@type\":\"EntryPoint\",\"urlTemplate\":\"https:\/\/www.automobilia-atelier.de\/fr\/?s={search_term_string}\"},\"query-input\":{\"@type\":\"PropertyValueSpecification\",\"valueRequired\":true,\"valueName\":\"search_term_string\"}}],\"inLanguage\":\"fr-FR\"}]}<\/script>\n<!-- \/ Yoast SEO plugin. -->","yoast_head_json":{"title":"Volant MOMO \u00ab NIKI LAUDA \u00bb des ann\u00e9es 1970, \u00e9dition Signature -","robots":{"index":"index","follow":"follow","max-snippet":"max-snippet:-1","max-image-preview":"max-image-preview:large","max-video-preview":"max-video-preview:-1"},"canonical":"https:\/\/www.automobilia-atelier.de\/fr\/produkt\/volant-momo-niki-lauda-des-annees-1970-edition-signature\/","og_locale":"fr_FR","og_type":"article","og_title":"Volant MOMO \u00ab NIKI LAUDA \u00bb des ann\u00e9es 1970, \u00e9dition Signature -","og_description":"Rare volant MOMO \u00ab\u00a0NIKI LAUDA\u00a0\u00bb de l&rsquo;\u00e9dition Signature. Mont\u00e9 sur \u00e9cran \u2013 adapt\u00e9 au montage mural. Plaque de base recouverte de tissu marron. Fabricant : MOMO Date de production : environ 1970 Taille du cadre : 50x60cm \u00c9tat : voir photos d\u00e9taill\u00e9es Pr\u00e9cision d&rsquo;ajustement : Cercle de boulonnage = 6&#215;70 mm \u2013 Peut \u00eatre mont\u00e9 &hellip; Continuer \u00e0 lire Volant MOMO \u00ab NIKI LAUDA \u00bb des ann\u00e9es 1970, \u00e9dition Signature \u2192","og_url":"https:\/\/www.automobilia-atelier.de\/fr\/produkt\/volant-momo-niki-lauda-des-annees-1970-edition-signature\/","og_image":[{"width":2400,"height":1600,"url":"https:\/\/www.automobilia-atelier.de\/wp-content\/uploads\/2023\/10\/DSC6740-scaled.jpg","type":"image\/jpeg"}],"twitter_card":"summary_large_image","schema":{"@context":"https:\/\/schema.org","@graph":[{"@type":"WebPage","@id":"https:\/\/www.automobilia-atelier.de\/fr\/produkt\/volant-momo-niki-lauda-des-annees-1970-edition-signature\/","url":"https:\/\/www.automobilia-atelier.de\/fr\/produkt\/volant-momo-niki-lauda-des-annees-1970-edition-signature\/","name":"Volant MOMO \u00ab NIKI LAUDA \u00bb des ann\u00e9es 1970, \u00e9dition Signature -","isPartOf":{"@id":"https:\/\/www.automobilia-atelier.de\/fr\/#website"},"primaryImageOfPage":{"@id":"https:\/\/www.automobilia-atelier.de\/fr\/produkt\/volant-momo-niki-lauda-des-annees-1970-edition-signature\/#primaryimage"},"image":{"@id":"https:\/\/www.automobilia-atelier.de\/fr\/produkt\/volant-momo-niki-lauda-des-annees-1970-edition-signature\/#primaryimage"},"thumbnailUrl":"https:\/\/www.automobilia-atelier.de\/wp-content\/uploads\/2023\/10\/DSC6740-scaled.jpg","datePublished":"2023-10-28T08:18:04+00:00","breadcrumb":{"@id":"https:\/\/www.automobilia-atelier.de\/fr\/produkt\/volant-momo-niki-lauda-des-annees-1970-edition-signature\/#breadcrumb"},"inLanguage":"fr-FR","potentialAction":[{"@type":"ReadAction","target":["https:\/\/www.automobilia-atelier.de\/fr\/produkt\/volant-momo-niki-lauda-des-annees-1970-edition-signature\/"]}]},{"@type":"ImageObject","inLanguage":"fr-FR","@id":"https:\/\/www.automobilia-atelier.de\/fr\/produkt\/volant-momo-niki-lauda-des-annees-1970-edition-signature\/#primaryimage","url":"https:\/\/www.automobilia-atelier.de\/wp-content\/uploads\/2023\/10\/DSC6740-scaled.jpg","contentUrl":"https:\/\/www.automobilia-atelier.de\/wp-content\/uploads\/2023\/10\/DSC6740-scaled.jpg","width":2400,"height":1600},{"@type":"BreadcrumbList","@id":"https:\/\/www.automobilia-atelier.de\/fr\/produkt\/volant-momo-niki-lauda-des-annees-1970-edition-signature\/#breadcrumb","itemListElement":[{"@type":"ListItem","position":1,"name":"Startseite","item":"https:\/\/www.automobilia-atelier.de\/fr\/"},{"@type":"ListItem","position":2,"name":"Produits","item":"https:\/\/www.automobilia-atelier.de\/fr\/shop\/"},{"@type":"ListItem","position":3,"name":"Volant MOMO \u00ab NIKI LAUDA \u00bb des ann\u00e9es 1970, \u00e9dition Signature"}]},{"@type":"WebSite","@id":"https:\/\/www.automobilia-atelier.de\/fr\/#website","url":"https:\/\/www.automobilia-atelier.de\/fr\/","name":"","description":"","potentialAction":[{"@type":"SearchAction","target":{"@type":"EntryPoint","urlTemplate":"https:\/\/www.automobilia-atelier.de\/fr\/?s={search_term_string}"},"query-input":{"@type":"PropertyValueSpecification","valueRequired":true,"valueName":"search_term_string"}}],"inLanguage":"fr-FR"}]}},"jetpack_sharing_enabled":true,"_links":{"self":[{"href":"https:\/\/www.automobilia-atelier.de\/fr\/wp-json\/wp\/v2\/product\/18478","targetHints":{"allow":["GET"]}}],"collection":[{"href":"https:\/\/www.automobilia-atelier.de\/fr\/wp-json\/wp\/v2\/product"}],"about":[{"href":"https:\/\/www.automobilia-atelier.de\/fr\/wp-json\/wp\/v2\/types\/product"}],"wp:featuredmedia":[{"embeddable":true,"href":"https:\/\/www.automobilia-atelier.de\/fr\/wp-json\/wp\/v2\/media\/18483"}],"wp:attachment":[{"href":"https:\/\/www.automobilia-atelier.de\/fr\/wp-json\/wp\/v2\/media?parent=18478"}],"wp:term":[{"taxonomy":"product_brand","embeddable":true,"href":"https:\/\/www.automobilia-atelier.de\/fr\/wp-json\/wp\/v2\/product_brand?post=18478"},{"taxonomy":"product_cat","embeddable":true,"href":"https:\/\/www.automobilia-atelier.de\/fr\/wp-json\/wp\/v2\/product_cat?post=18478"},{"taxonomy":"product_tag","embeddable":true,"href":"https:\/\/www.automobilia-atelier.de\/fr\/wp-json\/wp\/v2\/product_tag?post=18478"}],"curies":[{"name":"wp","href":"https:\/\/api.w.org\/{rel}","templated":true}]}}