{"id":18597,"date":"2023-05-17T09:50:01","date_gmt":"2023-05-17T07:50:01","guid":{"rendered":"https:\/\/www.automobilia-atelier.de\/produkt\/moyeu-de-volant-momo-l-8012-vw-t4\/"},"modified":"2025-08-22T08:53:58","modified_gmt":"2025-08-22T06:53:58","slug":"moyeu-de-volant-momo-l-8012-vw-t4","status":"publish","type":"product","link":"https:\/\/www.automobilia-atelier.de\/fr\/produkt\/moyeu-de-volant-momo-l-8012-vw-t4\/","title":{"rendered":"Moyeu de volant MOMO (C 8012) VW T4"},"content":{"rendered":"<p><strong>MOYEUX IDENTIQUES EN STOCK \u2013 L&rsquo;\u00c9TAT DES MARCHANDISES LIVR\u00c9ES PEUT DIFF\u00c9RER DE CELUI DES PHOTOS<\/strong><\/p>\n<p><strong>Fabricant :<\/strong> MOMO<br \/>\n<strong>\u00c9tat :<\/strong> voir photos d\u00e9taill\u00e9es<br \/>\n<strong>Montage :<\/strong> moyeu n\u00b0 C8012<\/p>\n<ul>\n<li>Bus VW, Transporter, T4, Type 70 X 0 \u2013 tous types<\/li>\n<\/ul>\n<p>&nbsp;<\/p>\n","protected":false},"excerpt":{"rendered":"<p>MOYEUX IDENTIQUES EN STOCK \u2013 L&rsquo;\u00c9TAT DES MARCHANDISES LIVR\u00c9ES PEUT DIFF\u00c9RER DE CELUI DES PHOTOS Fabricant : MOMO \u00c9tat : voir photos d\u00e9taill\u00e9es Montage : moyeu n\u00b0 C8012 Bus VW, Transporter, T4, Type 70 X 0 \u2013 tous types &nbsp;<\/p>\n","protected":false},"featured_media":20590,"template":"","meta":{"inline_featured_image":false,"_monsterinsights_skip_tracking":false,"_monsterinsights_sitenote_active":false,"_monsterinsights_sitenote_note":"","_monsterinsights_sitenote_category":0},"product_brand":[],"product_cat":[253,252],"product_tag":[],"class_list":{"0":"post-18597","1":"product","2":"type-product","3":"status-publish","4":"has-post-thumbnail","6":"product_cat-momo-fr-2","7":"product_cat-moyeux-de-volant","9":"first","10":"outofstock","11":"sold-individually","12":"product-type-simple"},"yoast_head":"<!-- This site is optimized with the Yoast SEO plugin v24.7 - https:\/\/yoast.com\/wordpress\/plugins\/seo\/ -->\n<title>Moyeu de volant MOMO (C 8012) VW T4 -<\/title>\n<meta name=\"robots\" content=\"index, follow, max-snippet:-1, max-image-preview:large, max-video-preview:-1\" \/>\n<link rel=\"canonical\" href=\"https:\/\/www.automobilia-atelier.de\/fr\/produkt\/moyeu-de-volant-momo-l-8012-vw-t4\/\" \/>\n<meta property=\"og:locale\" content=\"fr_FR\" \/>\n<meta property=\"og:type\" content=\"article\" \/>\n<meta property=\"og:title\" content=\"Moyeu de volant MOMO (C 8012) VW T4 -\" \/>\n<meta property=\"og:description\" content=\"MOYEUX IDENTIQUES EN STOCK \u2013 L&rsquo;\u00c9TAT DES MARCHANDISES LIVR\u00c9ES PEUT DIFF\u00c9RER DE CELUI DES PHOTOS Fabricant : MOMO \u00c9tat : voir photos d\u00e9taill\u00e9es Montage : moyeu n\u00b0 C8012 Bus VW, Transporter, T4, Type 70 X 0 \u2013 tous types &nbsp;\" \/>\n<meta property=\"og:url\" content=\"https:\/\/www.automobilia-atelier.de\/fr\/produkt\/moyeu-de-volant-momo-l-8012-vw-t4\/\" \/>\n<meta property=\"article:modified_time\" content=\"2025-08-22T06:53:58+00:00\" \/>\n<meta name=\"twitter:card\" content=\"summary_large_image\" \/>\n<script type=\"application\/ld+json\" class=\"yoast-schema-graph\">{\"@context\":\"https:\/\/schema.org\",\"@graph\":[{\"@type\":\"WebPage\",\"@id\":\"https:\/\/www.automobilia-atelier.de\/fr\/produkt\/moyeu-de-volant-momo-l-8012-vw-t4\/\",\"url\":\"https:\/\/www.automobilia-atelier.de\/fr\/produkt\/moyeu-de-volant-momo-l-8012-vw-t4\/\",\"name\":\"Moyeu de volant MOMO (C 8012) VW T4 -\",\"isPartOf\":{\"@id\":\"https:\/\/www.automobilia-atelier.de\/fr\/#website\"},\"primaryImageOfPage\":{\"@id\":\"https:\/\/www.automobilia-atelier.de\/fr\/produkt\/moyeu-de-volant-momo-l-8012-vw-t4\/#primaryimage\"},\"image\":{\"@id\":\"https:\/\/www.automobilia-atelier.de\/fr\/produkt\/moyeu-de-volant-momo-l-8012-vw-t4\/#primaryimage\"},\"thumbnailUrl\":\"https:\/\/www.automobilia-atelier.de\/wp-content\/uploads\/2023\/05\/DSC7203-2-scaled.jpg\",\"datePublished\":\"2023-05-17T07:50:01+00:00\",\"dateModified\":\"2025-08-22T06:53:58+00:00\",\"breadcrumb\":{\"@id\":\"https:\/\/www.automobilia-atelier.de\/fr\/produkt\/moyeu-de-volant-momo-l-8012-vw-t4\/#breadcrumb\"},\"inLanguage\":\"fr-FR\",\"potentialAction\":[{\"@type\":\"ReadAction\",\"target\":[\"https:\/\/www.automobilia-atelier.de\/fr\/produkt\/moyeu-de-volant-momo-l-8012-vw-t4\/\"]}]},{\"@type\":\"ImageObject\",\"inLanguage\":\"fr-FR\",\"@id\":\"https:\/\/www.automobilia-atelier.de\/fr\/produkt\/moyeu-de-volant-momo-l-8012-vw-t4\/#primaryimage\",\"url\":\"https:\/\/www.automobilia-atelier.de\/wp-content\/uploads\/2023\/05\/DSC7203-2-scaled.jpg\",\"contentUrl\":\"https:\/\/www.automobilia-atelier.de\/wp-content\/uploads\/2023\/05\/DSC7203-2-scaled.jpg\",\"width\":2400,\"height\":1600},{\"@type\":\"BreadcrumbList\",\"@id\":\"https:\/\/www.automobilia-atelier.de\/fr\/produkt\/moyeu-de-volant-momo-l-8012-vw-t4\/#breadcrumb\",\"itemListElement\":[{\"@type\":\"ListItem\",\"position\":1,\"name\":\"Startseite\",\"item\":\"https:\/\/www.automobilia-atelier.de\/fr\/\"},{\"@type\":\"ListItem\",\"position\":2,\"name\":\"Produits\",\"item\":\"https:\/\/www.automobilia-atelier.de\/fr\/shop\/\"},{\"@type\":\"ListItem\",\"position\":3,\"name\":\"Moyeu de volant MOMO (C 8012) VW T4\"}]},{\"@type\":\"WebSite\",\"@id\":\"https:\/\/www.automobilia-atelier.de\/fr\/#website\",\"url\":\"https:\/\/www.automobilia-atelier.de\/fr\/\",\"name\":\"\",\"description\":\"\",\"potentialAction\":[{\"@type\":\"SearchAction\",\"target\":{\"@type\":\"EntryPoint\",\"urlTemplate\":\"https:\/\/www.automobilia-atelier.de\/fr\/?s={search_term_string}\"},\"query-input\":{\"@type\":\"PropertyValueSpecification\",\"valueRequired\":true,\"valueName\":\"search_term_string\"}}],\"inLanguage\":\"fr-FR\"}]}<\/script>\n<!-- \/ Yoast SEO plugin. -->","yoast_head_json":{"title":"Moyeu de volant MOMO (C 8012) VW T4 -","robots":{"index":"index","follow":"follow","max-snippet":"max-snippet:-1","max-image-preview":"max-image-preview:large","max-video-preview":"max-video-preview:-1"},"canonical":"https:\/\/www.automobilia-atelier.de\/fr\/produkt\/moyeu-de-volant-momo-l-8012-vw-t4\/","og_locale":"fr_FR","og_type":"article","og_title":"Moyeu de volant MOMO (C 8012) VW T4 -","og_description":"MOYEUX IDENTIQUES EN STOCK \u2013 L&rsquo;\u00c9TAT DES MARCHANDISES LIVR\u00c9ES PEUT DIFF\u00c9RER DE CELUI DES PHOTOS Fabricant : MOMO \u00c9tat : voir photos d\u00e9taill\u00e9es Montage : moyeu n\u00b0 C8012 Bus VW, Transporter, T4, Type 70 X 0 \u2013 tous types &nbsp;","og_url":"https:\/\/www.automobilia-atelier.de\/fr\/produkt\/moyeu-de-volant-momo-l-8012-vw-t4\/","article_modified_time":"2025-08-22T06:53:58+00:00","twitter_card":"summary_large_image","schema":{"@context":"https:\/\/schema.org","@graph":[{"@type":"WebPage","@id":"https:\/\/www.automobilia-atelier.de\/fr\/produkt\/moyeu-de-volant-momo-l-8012-vw-t4\/","url":"https:\/\/www.automobilia-atelier.de\/fr\/produkt\/moyeu-de-volant-momo-l-8012-vw-t4\/","name":"Moyeu de volant MOMO (C 8012) VW T4 -","isPartOf":{"@id":"https:\/\/www.automobilia-atelier.de\/fr\/#website"},"primaryImageOfPage":{"@id":"https:\/\/www.automobilia-atelier.de\/fr\/produkt\/moyeu-de-volant-momo-l-8012-vw-t4\/#primaryimage"},"image":{"@id":"https:\/\/www.automobilia-atelier.de\/fr\/produkt\/moyeu-de-volant-momo-l-8012-vw-t4\/#primaryimage"},"thumbnailUrl":"https:\/\/www.automobilia-atelier.de\/wp-content\/uploads\/2023\/05\/DSC7203-2-scaled.jpg","datePublished":"2023-05-17T07:50:01+00:00","dateModified":"2025-08-22T06:53:58+00:00","breadcrumb":{"@id":"https:\/\/www.automobilia-atelier.de\/fr\/produkt\/moyeu-de-volant-momo-l-8012-vw-t4\/#breadcrumb"},"inLanguage":"fr-FR","potentialAction":[{"@type":"ReadAction","target":["https:\/\/www.automobilia-atelier.de\/fr\/produkt\/moyeu-de-volant-momo-l-8012-vw-t4\/"]}]},{"@type":"ImageObject","inLanguage":"fr-FR","@id":"https:\/\/www.automobilia-atelier.de\/fr\/produkt\/moyeu-de-volant-momo-l-8012-vw-t4\/#primaryimage","url":"https:\/\/www.automobilia-atelier.de\/wp-content\/uploads\/2023\/05\/DSC7203-2-scaled.jpg","contentUrl":"https:\/\/www.automobilia-atelier.de\/wp-content\/uploads\/2023\/05\/DSC7203-2-scaled.jpg","width":2400,"height":1600},{"@type":"BreadcrumbList","@id":"https:\/\/www.automobilia-atelier.de\/fr\/produkt\/moyeu-de-volant-momo-l-8012-vw-t4\/#breadcrumb","itemListElement":[{"@type":"ListItem","position":1,"name":"Startseite","item":"https:\/\/www.automobilia-atelier.de\/fr\/"},{"@type":"ListItem","position":2,"name":"Produits","item":"https:\/\/www.automobilia-atelier.de\/fr\/shop\/"},{"@type":"ListItem","position":3,"name":"Moyeu de volant MOMO (C 8012) VW T4"}]},{"@type":"WebSite","@id":"https:\/\/www.automobilia-atelier.de\/fr\/#website","url":"https:\/\/www.automobilia-atelier.de\/fr\/","name":"","description":"","potentialAction":[{"@type":"SearchAction","target":{"@type":"EntryPoint","urlTemplate":"https:\/\/www.automobilia-atelier.de\/fr\/?s={search_term_string}"},"query-input":{"@type":"PropertyValueSpecification","valueRequired":true,"valueName":"search_term_string"}}],"inLanguage":"fr-FR"}]}},"jetpack_sharing_enabled":true,"_links":{"self":[{"href":"https:\/\/www.automobilia-atelier.de\/fr\/wp-json\/wp\/v2\/product\/18597","targetHints":{"allow":["GET"]}}],"collection":[{"href":"https:\/\/www.automobilia-atelier.de\/fr\/wp-json\/wp\/v2\/product"}],"about":[{"href":"https:\/\/www.automobilia-atelier.de\/fr\/wp-json\/wp\/v2\/types\/product"}],"wp:featuredmedia":[{"embeddable":true,"href":"https:\/\/www.automobilia-atelier.de\/fr\/wp-json\/wp\/v2\/media\/20590"}],"wp:attachment":[{"href":"https:\/\/www.automobilia-atelier.de\/fr\/wp-json\/wp\/v2\/media?parent=18597"}],"wp:term":[{"taxonomy":"product_brand","embeddable":true,"href":"https:\/\/www.automobilia-atelier.de\/fr\/wp-json\/wp\/v2\/product_brand?post=18597"},{"taxonomy":"product_cat","embeddable":true,"href":"https:\/\/www.automobilia-atelier.de\/fr\/wp-json\/wp\/v2\/product_cat?post=18597"},{"taxonomy":"product_tag","embeddable":true,"href":"https:\/\/www.automobilia-atelier.de\/fr\/wp-json\/wp\/v2\/product_tag?post=18597"}],"curies":[{"name":"wp","href":"https:\/\/api.w.org\/{rel}","templated":true}]}}