{"id":18598,"date":"2024-05-30T08:34:09","date_gmt":"2024-05-30T06:34:09","guid":{"rendered":"https:\/\/www.automobilia-atelier.de\/produkt\/2008-livre-chronographe-heuer-par-arno-m-haslinger\/"},"modified":"2024-05-30T08:34:09","modified_gmt":"2024-05-30T06:34:09","slug":"2008-livre-chronographe-heuer-par-arno-m-haslinger","status":"publish","type":"product","link":"https:\/\/www.automobilia-atelier.de\/fr\/produkt\/2008-livre-chronographe-heuer-par-arno-m-haslinger\/","title":{"rendered":"2008&prime; Livre Chronographe Heuer par Arno M. Haslinger"},"content":{"rendered":"<p><strong>\u00c9diteur :<\/strong> Callwey<br \/>\n<strong>Date de production :<\/strong> 2008<br \/>\n<strong>Etat :<\/strong> voir photos d\u00e9taill\u00e9es. Traces d&rsquo;usure sur la couverture rigide. Pages en tr\u00e8s bon \u00e9tat.   Texte allemand\/anglais.<\/p>\n<p>Autavia, Carrera, Daytona, Monaco, Monza, Silverstone \u2013 les chronographes de la maison horlog\u00e8re suisse Heuer sont des pi\u00e8ces de collection recherch\u00e9es et exceptionnelles. Ils le doivent \u00e0 leur design \u00e9l\u00e9gant et \u00e0 leur haute qualit\u00e9 technique.<br \/>\n Ce livre Callwey pr\u00e9sente les s\u00e9ries de mod\u00e8les les plus importantes des ann\u00e9es 1960 et 1970 avec leurs cadrans, leurs mouvements et les agrandissements de d\u00e9tails les plus marquants.<br \/>\n De nombreux portraits, des affiches de course de cette p\u00e9riode et quelques images in\u00e9dites font de cet ouvrage de r\u00e9f\u00e9rence un plaisir de lecture particulier pour tous les fans de sport automobile et rappellent le lien \u00e9troit entre la maison horlog\u00e8re Heuer et les grands de la Formule 1 tels que Jacky Ickx, Niki Lauda, \u200b\u200b\u200b\u200bClay Regazzoni, Jochen Rindt, Jo Siffert et Steve McQueen dans le film culte Le Mans.<br \/>\n Un d\u00e9lice pour tout collectionneur de montres et amateur de marques de sport automobile de luxe !<\/p>\n","protected":false},"excerpt":{"rendered":"<p>\u00c9diteur : Callwey Date de production : 2008 Etat : voir photos d\u00e9taill\u00e9es. Traces d&rsquo;usure sur la couverture rigide. Pages en tr\u00e8s bon \u00e9tat. Texte allemand\/anglais. Autavia, Carrera, Daytona, Monaco, Monza, Silverstone \u2013 les chronographes de la maison horlog\u00e8re suisse Heuer sont des pi\u00e8ces de collection recherch\u00e9es et exceptionnelles. Ils le doivent \u00e0 leur design &hellip; <a href=\"https:\/\/www.automobilia-atelier.de\/fr\/produkt\/2008-livre-chronographe-heuer-par-arno-m-haslinger\/\" class=\"more-link\">Continuer \u00e0 lire <span class=\"screen-reader-text\">2008&prime; Livre Chronographe Heuer par Arno M. Haslinger<\/span> <span class=\"meta-nav\">\u2192<\/span><\/a><\/p>\n","protected":false},"featured_media":18599,"template":"","meta":{"inline_featured_image":false,"_monsterinsights_skip_tracking":false,"_monsterinsights_sitenote_active":false,"_monsterinsights_sitenote_note":"","_monsterinsights_sitenote_category":0},"product_brand":[],"product_cat":[241,260],"product_tag":[],"class_list":{"0":"post-18598","1":"product","2":"type-product","3":"status-publish","4":"has-post-thumbnail","6":"product_cat-automobiles-fr","7":"product_cat-livres-brochures","9":"first","10":"outofstock","11":"sold-individually","12":"product-type-simple"},"yoast_head":"<!-- This site is optimized with the Yoast SEO plugin v24.7 - https:\/\/yoast.com\/wordpress\/plugins\/seo\/ -->\n<title>2008&#039; Livre Chronographe Heuer par Arno M. Haslinger -<\/title>\n<meta name=\"robots\" content=\"index, follow, max-snippet:-1, max-image-preview:large, max-video-preview:-1\" \/>\n<link rel=\"canonical\" href=\"https:\/\/www.automobilia-atelier.de\/fr\/produkt\/2008-livre-chronographe-heuer-par-arno-m-haslinger\/\" \/>\n<meta property=\"og:locale\" content=\"fr_FR\" \/>\n<meta property=\"og:type\" content=\"article\" \/>\n<meta property=\"og:title\" content=\"2008&#039; Livre Chronographe Heuer par Arno M. Haslinger -\" \/>\n<meta property=\"og:description\" content=\"\u00c9diteur : Callwey Date de production : 2008 Etat : voir photos d\u00e9taill\u00e9es. Traces d&rsquo;usure sur la couverture rigide. Pages en tr\u00e8s bon \u00e9tat. Texte allemand\/anglais. Autavia, Carrera, Daytona, Monaco, Monza, Silverstone \u2013 les chronographes de la maison horlog\u00e8re suisse Heuer sont des pi\u00e8ces de collection recherch\u00e9es et exceptionnelles. Ils le doivent \u00e0 leur design &hellip; Continuer \u00e0 lire 2008&prime; Livre Chronographe Heuer par Arno M. Haslinger \u2192\" \/>\n<meta property=\"og:url\" content=\"https:\/\/www.automobilia-atelier.de\/fr\/produkt\/2008-livre-chronographe-heuer-par-arno-m-haslinger\/\" \/>\n<meta property=\"og:image\" content=\"https:\/\/www.automobilia-atelier.de\/wp-content\/uploads\/2024\/05\/DSC7236-scaled.jpg\" \/>\n\t<meta property=\"og:image:width\" content=\"2400\" \/>\n\t<meta property=\"og:image:height\" content=\"1600\" \/>\n\t<meta property=\"og:image:type\" content=\"image\/jpeg\" \/>\n<meta name=\"twitter:card\" content=\"summary_large_image\" \/>\n<meta name=\"twitter:label1\" content=\"Dur\u00e9e de lecture estim\u00e9e\" \/>\n\t<meta name=\"twitter:data1\" content=\"1 minute\" \/>\n<script type=\"application\/ld+json\" class=\"yoast-schema-graph\">{\"@context\":\"https:\/\/schema.org\",\"@graph\":[{\"@type\":\"WebPage\",\"@id\":\"https:\/\/www.automobilia-atelier.de\/fr\/produkt\/2008-livre-chronographe-heuer-par-arno-m-haslinger\/\",\"url\":\"https:\/\/www.automobilia-atelier.de\/fr\/produkt\/2008-livre-chronographe-heuer-par-arno-m-haslinger\/\",\"name\":\"2008' Livre Chronographe Heuer par Arno M. Haslinger -\",\"isPartOf\":{\"@id\":\"https:\/\/www.automobilia-atelier.de\/fr\/#website\"},\"primaryImageOfPage\":{\"@id\":\"https:\/\/www.automobilia-atelier.de\/fr\/produkt\/2008-livre-chronographe-heuer-par-arno-m-haslinger\/#primaryimage\"},\"image\":{\"@id\":\"https:\/\/www.automobilia-atelier.de\/fr\/produkt\/2008-livre-chronographe-heuer-par-arno-m-haslinger\/#primaryimage\"},\"thumbnailUrl\":\"https:\/\/www.automobilia-atelier.de\/wp-content\/uploads\/2024\/05\/DSC7236-scaled.jpg\",\"datePublished\":\"2024-05-30T06:34:09+00:00\",\"breadcrumb\":{\"@id\":\"https:\/\/www.automobilia-atelier.de\/fr\/produkt\/2008-livre-chronographe-heuer-par-arno-m-haslinger\/#breadcrumb\"},\"inLanguage\":\"fr-FR\",\"potentialAction\":[{\"@type\":\"ReadAction\",\"target\":[\"https:\/\/www.automobilia-atelier.de\/fr\/produkt\/2008-livre-chronographe-heuer-par-arno-m-haslinger\/\"]}]},{\"@type\":\"ImageObject\",\"inLanguage\":\"fr-FR\",\"@id\":\"https:\/\/www.automobilia-atelier.de\/fr\/produkt\/2008-livre-chronographe-heuer-par-arno-m-haslinger\/#primaryimage\",\"url\":\"https:\/\/www.automobilia-atelier.de\/wp-content\/uploads\/2024\/05\/DSC7236-scaled.jpg\",\"contentUrl\":\"https:\/\/www.automobilia-atelier.de\/wp-content\/uploads\/2024\/05\/DSC7236-scaled.jpg\",\"width\":2400,\"height\":1600},{\"@type\":\"BreadcrumbList\",\"@id\":\"https:\/\/www.automobilia-atelier.de\/fr\/produkt\/2008-livre-chronographe-heuer-par-arno-m-haslinger\/#breadcrumb\",\"itemListElement\":[{\"@type\":\"ListItem\",\"position\":1,\"name\":\"Startseite\",\"item\":\"https:\/\/www.automobilia-atelier.de\/fr\/\"},{\"@type\":\"ListItem\",\"position\":2,\"name\":\"Produits\",\"item\":\"https:\/\/www.automobilia-atelier.de\/fr\/shop\/\"},{\"@type\":\"ListItem\",\"position\":3,\"name\":\"2008&prime; Livre Chronographe Heuer par Arno M. Haslinger\"}]},{\"@type\":\"WebSite\",\"@id\":\"https:\/\/www.automobilia-atelier.de\/fr\/#website\",\"url\":\"https:\/\/www.automobilia-atelier.de\/fr\/\",\"name\":\"\",\"description\":\"\",\"potentialAction\":[{\"@type\":\"SearchAction\",\"target\":{\"@type\":\"EntryPoint\",\"urlTemplate\":\"https:\/\/www.automobilia-atelier.de\/fr\/?s={search_term_string}\"},\"query-input\":{\"@type\":\"PropertyValueSpecification\",\"valueRequired\":true,\"valueName\":\"search_term_string\"}}],\"inLanguage\":\"fr-FR\"}]}<\/script>\n<!-- \/ Yoast SEO plugin. -->","yoast_head_json":{"title":"2008' Livre Chronographe Heuer par Arno M. Haslinger -","robots":{"index":"index","follow":"follow","max-snippet":"max-snippet:-1","max-image-preview":"max-image-preview:large","max-video-preview":"max-video-preview:-1"},"canonical":"https:\/\/www.automobilia-atelier.de\/fr\/produkt\/2008-livre-chronographe-heuer-par-arno-m-haslinger\/","og_locale":"fr_FR","og_type":"article","og_title":"2008' Livre Chronographe Heuer par Arno M. Haslinger -","og_description":"\u00c9diteur : Callwey Date de production : 2008 Etat : voir photos d\u00e9taill\u00e9es. Traces d&rsquo;usure sur la couverture rigide. Pages en tr\u00e8s bon \u00e9tat. Texte allemand\/anglais. Autavia, Carrera, Daytona, Monaco, Monza, Silverstone \u2013 les chronographes de la maison horlog\u00e8re suisse Heuer sont des pi\u00e8ces de collection recherch\u00e9es et exceptionnelles. Ils le doivent \u00e0 leur design &hellip; Continuer \u00e0 lire 2008&prime; Livre Chronographe Heuer par Arno M. Haslinger \u2192","og_url":"https:\/\/www.automobilia-atelier.de\/fr\/produkt\/2008-livre-chronographe-heuer-par-arno-m-haslinger\/","og_image":[{"width":2400,"height":1600,"url":"https:\/\/www.automobilia-atelier.de\/wp-content\/uploads\/2024\/05\/DSC7236-scaled.jpg","type":"image\/jpeg"}],"twitter_card":"summary_large_image","twitter_misc":{"Dur\u00e9e de lecture estim\u00e9e":"1 minute"},"schema":{"@context":"https:\/\/schema.org","@graph":[{"@type":"WebPage","@id":"https:\/\/www.automobilia-atelier.de\/fr\/produkt\/2008-livre-chronographe-heuer-par-arno-m-haslinger\/","url":"https:\/\/www.automobilia-atelier.de\/fr\/produkt\/2008-livre-chronographe-heuer-par-arno-m-haslinger\/","name":"2008' Livre Chronographe Heuer par Arno M. Haslinger -","isPartOf":{"@id":"https:\/\/www.automobilia-atelier.de\/fr\/#website"},"primaryImageOfPage":{"@id":"https:\/\/www.automobilia-atelier.de\/fr\/produkt\/2008-livre-chronographe-heuer-par-arno-m-haslinger\/#primaryimage"},"image":{"@id":"https:\/\/www.automobilia-atelier.de\/fr\/produkt\/2008-livre-chronographe-heuer-par-arno-m-haslinger\/#primaryimage"},"thumbnailUrl":"https:\/\/www.automobilia-atelier.de\/wp-content\/uploads\/2024\/05\/DSC7236-scaled.jpg","datePublished":"2024-05-30T06:34:09+00:00","breadcrumb":{"@id":"https:\/\/www.automobilia-atelier.de\/fr\/produkt\/2008-livre-chronographe-heuer-par-arno-m-haslinger\/#breadcrumb"},"inLanguage":"fr-FR","potentialAction":[{"@type":"ReadAction","target":["https:\/\/www.automobilia-atelier.de\/fr\/produkt\/2008-livre-chronographe-heuer-par-arno-m-haslinger\/"]}]},{"@type":"ImageObject","inLanguage":"fr-FR","@id":"https:\/\/www.automobilia-atelier.de\/fr\/produkt\/2008-livre-chronographe-heuer-par-arno-m-haslinger\/#primaryimage","url":"https:\/\/www.automobilia-atelier.de\/wp-content\/uploads\/2024\/05\/DSC7236-scaled.jpg","contentUrl":"https:\/\/www.automobilia-atelier.de\/wp-content\/uploads\/2024\/05\/DSC7236-scaled.jpg","width":2400,"height":1600},{"@type":"BreadcrumbList","@id":"https:\/\/www.automobilia-atelier.de\/fr\/produkt\/2008-livre-chronographe-heuer-par-arno-m-haslinger\/#breadcrumb","itemListElement":[{"@type":"ListItem","position":1,"name":"Startseite","item":"https:\/\/www.automobilia-atelier.de\/fr\/"},{"@type":"ListItem","position":2,"name":"Produits","item":"https:\/\/www.automobilia-atelier.de\/fr\/shop\/"},{"@type":"ListItem","position":3,"name":"2008&prime; Livre Chronographe Heuer par Arno M. Haslinger"}]},{"@type":"WebSite","@id":"https:\/\/www.automobilia-atelier.de\/fr\/#website","url":"https:\/\/www.automobilia-atelier.de\/fr\/","name":"","description":"","potentialAction":[{"@type":"SearchAction","target":{"@type":"EntryPoint","urlTemplate":"https:\/\/www.automobilia-atelier.de\/fr\/?s={search_term_string}"},"query-input":{"@type":"PropertyValueSpecification","valueRequired":true,"valueName":"search_term_string"}}],"inLanguage":"fr-FR"}]}},"jetpack_sharing_enabled":true,"_links":{"self":[{"href":"https:\/\/www.automobilia-atelier.de\/fr\/wp-json\/wp\/v2\/product\/18598","targetHints":{"allow":["GET"]}}],"collection":[{"href":"https:\/\/www.automobilia-atelier.de\/fr\/wp-json\/wp\/v2\/product"}],"about":[{"href":"https:\/\/www.automobilia-atelier.de\/fr\/wp-json\/wp\/v2\/types\/product"}],"wp:featuredmedia":[{"embeddable":true,"href":"https:\/\/www.automobilia-atelier.de\/fr\/wp-json\/wp\/v2\/media\/18599"}],"wp:attachment":[{"href":"https:\/\/www.automobilia-atelier.de\/fr\/wp-json\/wp\/v2\/media?parent=18598"}],"wp:term":[{"taxonomy":"product_brand","embeddable":true,"href":"https:\/\/www.automobilia-atelier.de\/fr\/wp-json\/wp\/v2\/product_brand?post=18598"},{"taxonomy":"product_cat","embeddable":true,"href":"https:\/\/www.automobilia-atelier.de\/fr\/wp-json\/wp\/v2\/product_cat?post=18598"},{"taxonomy":"product_tag","embeddable":true,"href":"https:\/\/www.automobilia-atelier.de\/fr\/wp-json\/wp\/v2\/product_tag?post=18598"}],"curies":[{"name":"wp","href":"https:\/\/api.w.org\/{rel}","templated":true}]}}