{"id":18671,"date":"2023-06-23T20:01:17","date_gmt":"2023-06-23T18:01:17","guid":{"rendered":"https:\/\/www.automobilia-atelier.de\/produkt\/moyeu-de-volant-petri-bmw-1800-2000-e3-e9-e10-e12-e21-e23-e24-e28\/"},"modified":"2023-06-23T20:01:17","modified_gmt":"2023-06-23T18:01:17","slug":"moyeu-de-volant-petri-bmw-1800-2000-e3-e9-e10-e12-e21-e23-e24-e28","status":"publish","type":"product","link":"https:\/\/www.automobilia-atelier.de\/fr\/produkt\/moyeu-de-volant-petri-bmw-1800-2000-e3-e9-e10-e12-e21-e23-e24-e28\/","title":{"rendered":"Moyeu de volant PETRI BMW 1800 \/ 2000 \/ E3 \/ E9 \/ E10 \/ E12 \/ E21 \/ E23 \/ E24 \/ E28"},"content":{"rendered":"<p><strong>Fabricant :<\/strong> PETRI<br \/>\n<strong>\u00c9tat :<\/strong> voir photos d\u00e9taill\u00e9es<br \/>\n<strong>Ajuster:  <\/strong><\/p>\n<ul>\n<li>BMW 1800 \/ 1800 Ti<\/li>\n<li>BMW 2000 Ti \/ Tii \/ Tilux<\/li>\n<li>BMW E3 (2500 \/ 2800)<\/li>\n<li>BMW E9 (2500 \u2013 3.0 CSL)<\/li>\n<li>BMW E10 (1602) \u2013 de 01\/74 \u00e0 08\/74<\/li>\n<li>BMW E10 (1502 \/ 1600 \/ 1802 \/ 2002) \u2013 tous types<\/li>\n<li>BMW E12 (S\u00e9rie 5) \u2013 jusqu&rsquo;\u00e0 l&rsquo;ann\u00e9e mod\u00e8le 7\/81<\/li>\n<li>BMW E21 (S\u00e9rie 3) \u2013 jusqu&rsquo;\u00e0 l&rsquo;ann\u00e9e mod\u00e8le 10\/82<\/li>\n<li>BMW E23 (S\u00e9rie 7) \u2013 \u00e0 partir de l&rsquo;ann\u00e9e mod\u00e8le 7\/83 \u2013 8\/85<\/li>\n<li>BMW E24 (S\u00e9rie 6) \u2013 tous types jusqu&rsquo;\u00e0 l&rsquo;ann\u00e9e mod\u00e8le 8\/85<\/li>\n<li>BMW E28 (S\u00e9rie 5) \u2013 \u00e0 partir de l&rsquo;ann\u00e9e mod\u00e8le 9\/81 \u2013 8\/75<\/li>\n<\/ul>\n<p>Selon le mod\u00e8le, la conversion de la bague collectrice en broche de meulage peut \u00eatre n\u00e9cessaire.<\/p>\n<p>&nbsp;<\/p>\n<p><b>Remarque :<\/b> cet article ne peut \u00eatre install\u00e9 que par du personnel qualifi\u00e9.<\/p>\n","protected":false},"excerpt":{"rendered":"<p>Fabricant : PETRI \u00c9tat : voir photos d\u00e9taill\u00e9es Ajuster: BMW 1800 \/ 1800 Ti BMW 2000 Ti \/ Tii \/ Tilux BMW E3 (2500 \/ 2800) BMW E9 (2500 \u2013 3.0 CSL) BMW E10 (1602) \u2013 de 01\/74 \u00e0 08\/74 BMW E10 (1502 \/ 1600 \/ 1802 \/ 2002) \u2013 tous types BMW E12 (S\u00e9rie &hellip; <a href=\"https:\/\/www.automobilia-atelier.de\/fr\/produkt\/moyeu-de-volant-petri-bmw-1800-2000-e3-e9-e10-e12-e21-e23-e24-e28\/\" class=\"more-link\">Continuer \u00e0 lire <span class=\"screen-reader-text\">Moyeu de volant PETRI BMW 1800 \/ 2000 \/ E3 \/ E9 \/ E10 \/ E12 \/ E21 \/ E23 \/ E24 \/ E28<\/span> <span class=\"meta-nav\">\u2192<\/span><\/a><\/p>\n","protected":false},"featured_media":18672,"template":"","meta":{"inline_featured_image":false,"_monsterinsights_skip_tracking":false,"_monsterinsights_sitenote_active":false,"_monsterinsights_sitenote_note":"","_monsterinsights_sitenote_category":0},"product_brand":[],"product_cat":[276,252],"product_tag":[],"class_list":{"0":"post-18671","1":"product","2":"type-product","3":"status-publish","4":"has-post-thumbnail","6":"product_cat-autre-fr-5","7":"product_cat-moyeux-de-volant","9":"first","10":"outofstock","11":"sold-individually","12":"product-type-simple"},"yoast_head":"<!-- This site is optimized with the Yoast SEO plugin v24.7 - https:\/\/yoast.com\/wordpress\/plugins\/seo\/ -->\n<title>Moyeu de volant PETRI BMW 1800 \/ 2000 \/ E3 \/ E9 \/ E10 \/ E12 \/ E21 \/ E23 \/ E24 \/ E28 -<\/title>\n<meta name=\"robots\" content=\"index, follow, max-snippet:-1, max-image-preview:large, max-video-preview:-1\" \/>\n<link rel=\"canonical\" href=\"https:\/\/www.automobilia-atelier.de\/fr\/produkt\/moyeu-de-volant-petri-bmw-1800-2000-e3-e9-e10-e12-e21-e23-e24-e28\/\" \/>\n<meta property=\"og:locale\" content=\"fr_FR\" \/>\n<meta property=\"og:type\" content=\"article\" \/>\n<meta property=\"og:title\" content=\"Moyeu de volant PETRI BMW 1800 \/ 2000 \/ E3 \/ E9 \/ E10 \/ E12 \/ E21 \/ E23 \/ E24 \/ E28 -\" \/>\n<meta property=\"og:description\" content=\"Fabricant : PETRI \u00c9tat : voir photos d\u00e9taill\u00e9es Ajuster: BMW 1800 \/ 1800 Ti BMW 2000 Ti \/ Tii \/ Tilux BMW E3 (2500 \/ 2800) BMW E9 (2500 \u2013 3.0 CSL) BMW E10 (1602) \u2013 de 01\/74 \u00e0 08\/74 BMW E10 (1502 \/ 1600 \/ 1802 \/ 2002) \u2013 tous types BMW E12 (S\u00e9rie &hellip; Continuer \u00e0 lire Moyeu de volant PETRI BMW 1800 \/ 2000 \/ E3 \/ E9 \/ E10 \/ E12 \/ E21 \/ E23 \/ E24 \/ E28 \u2192\" \/>\n<meta property=\"og:url\" content=\"https:\/\/www.automobilia-atelier.de\/fr\/produkt\/moyeu-de-volant-petri-bmw-1800-2000-e3-e9-e10-e12-e21-e23-e24-e28\/\" \/>\n<meta property=\"og:image\" content=\"https:\/\/www.automobilia-atelier.de\/wp-content\/uploads\/2024\/06\/DSC7633-scaled.jpg\" \/>\n\t<meta property=\"og:image:width\" content=\"2400\" \/>\n\t<meta property=\"og:image:height\" content=\"1600\" \/>\n\t<meta property=\"og:image:type\" content=\"image\/jpeg\" \/>\n<meta name=\"twitter:card\" content=\"summary_large_image\" \/>\n<meta name=\"twitter:label1\" content=\"Dur\u00e9e de lecture estim\u00e9e\" \/>\n\t<meta name=\"twitter:data1\" content=\"1 minute\" \/>\n<script type=\"application\/ld+json\" class=\"yoast-schema-graph\">{\"@context\":\"https:\/\/schema.org\",\"@graph\":[{\"@type\":\"WebPage\",\"@id\":\"https:\/\/www.automobilia-atelier.de\/fr\/produkt\/moyeu-de-volant-petri-bmw-1800-2000-e3-e9-e10-e12-e21-e23-e24-e28\/\",\"url\":\"https:\/\/www.automobilia-atelier.de\/fr\/produkt\/moyeu-de-volant-petri-bmw-1800-2000-e3-e9-e10-e12-e21-e23-e24-e28\/\",\"name\":\"Moyeu de volant PETRI BMW 1800 \/ 2000 \/ E3 \/ E9 \/ E10 \/ E12 \/ E21 \/ E23 \/ E24 \/ E28 -\",\"isPartOf\":{\"@id\":\"https:\/\/www.automobilia-atelier.de\/fr\/#website\"},\"primaryImageOfPage\":{\"@id\":\"https:\/\/www.automobilia-atelier.de\/fr\/produkt\/moyeu-de-volant-petri-bmw-1800-2000-e3-e9-e10-e12-e21-e23-e24-e28\/#primaryimage\"},\"image\":{\"@id\":\"https:\/\/www.automobilia-atelier.de\/fr\/produkt\/moyeu-de-volant-petri-bmw-1800-2000-e3-e9-e10-e12-e21-e23-e24-e28\/#primaryimage\"},\"thumbnailUrl\":\"https:\/\/www.automobilia-atelier.de\/wp-content\/uploads\/2024\/06\/DSC7633-scaled.jpg\",\"datePublished\":\"2023-06-23T18:01:17+00:00\",\"breadcrumb\":{\"@id\":\"https:\/\/www.automobilia-atelier.de\/fr\/produkt\/moyeu-de-volant-petri-bmw-1800-2000-e3-e9-e10-e12-e21-e23-e24-e28\/#breadcrumb\"},\"inLanguage\":\"fr-FR\",\"potentialAction\":[{\"@type\":\"ReadAction\",\"target\":[\"https:\/\/www.automobilia-atelier.de\/fr\/produkt\/moyeu-de-volant-petri-bmw-1800-2000-e3-e9-e10-e12-e21-e23-e24-e28\/\"]}]},{\"@type\":\"ImageObject\",\"inLanguage\":\"fr-FR\",\"@id\":\"https:\/\/www.automobilia-atelier.de\/fr\/produkt\/moyeu-de-volant-petri-bmw-1800-2000-e3-e9-e10-e12-e21-e23-e24-e28\/#primaryimage\",\"url\":\"https:\/\/www.automobilia-atelier.de\/wp-content\/uploads\/2024\/06\/DSC7633-scaled.jpg\",\"contentUrl\":\"https:\/\/www.automobilia-atelier.de\/wp-content\/uploads\/2024\/06\/DSC7633-scaled.jpg\",\"width\":2400,\"height\":1600},{\"@type\":\"BreadcrumbList\",\"@id\":\"https:\/\/www.automobilia-atelier.de\/fr\/produkt\/moyeu-de-volant-petri-bmw-1800-2000-e3-e9-e10-e12-e21-e23-e24-e28\/#breadcrumb\",\"itemListElement\":[{\"@type\":\"ListItem\",\"position\":1,\"name\":\"Startseite\",\"item\":\"https:\/\/www.automobilia-atelier.de\/fr\/\"},{\"@type\":\"ListItem\",\"position\":2,\"name\":\"Produits\",\"item\":\"https:\/\/www.automobilia-atelier.de\/fr\/shop\/\"},{\"@type\":\"ListItem\",\"position\":3,\"name\":\"Moyeu de volant PETRI BMW 1800 \/ 2000 \/ E3 \/ E9 \/ E10 \/ E12 \/ E21 \/ E23 \/ E24 \/ E28\"}]},{\"@type\":\"WebSite\",\"@id\":\"https:\/\/www.automobilia-atelier.de\/fr\/#website\",\"url\":\"https:\/\/www.automobilia-atelier.de\/fr\/\",\"name\":\"\",\"description\":\"\",\"potentialAction\":[{\"@type\":\"SearchAction\",\"target\":{\"@type\":\"EntryPoint\",\"urlTemplate\":\"https:\/\/www.automobilia-atelier.de\/fr\/?s={search_term_string}\"},\"query-input\":{\"@type\":\"PropertyValueSpecification\",\"valueRequired\":true,\"valueName\":\"search_term_string\"}}],\"inLanguage\":\"fr-FR\"}]}<\/script>\n<!-- \/ Yoast SEO plugin. -->","yoast_head_json":{"title":"Moyeu de volant PETRI BMW 1800 \/ 2000 \/ E3 \/ E9 \/ E10 \/ E12 \/ E21 \/ E23 \/ E24 \/ E28 -","robots":{"index":"index","follow":"follow","max-snippet":"max-snippet:-1","max-image-preview":"max-image-preview:large","max-video-preview":"max-video-preview:-1"},"canonical":"https:\/\/www.automobilia-atelier.de\/fr\/produkt\/moyeu-de-volant-petri-bmw-1800-2000-e3-e9-e10-e12-e21-e23-e24-e28\/","og_locale":"fr_FR","og_type":"article","og_title":"Moyeu de volant PETRI BMW 1800 \/ 2000 \/ E3 \/ E9 \/ E10 \/ E12 \/ E21 \/ E23 \/ E24 \/ E28 -","og_description":"Fabricant : PETRI \u00c9tat : voir photos d\u00e9taill\u00e9es Ajuster: BMW 1800 \/ 1800 Ti BMW 2000 Ti \/ Tii \/ Tilux BMW E3 (2500 \/ 2800) BMW E9 (2500 \u2013 3.0 CSL) BMW E10 (1602) \u2013 de 01\/74 \u00e0 08\/74 BMW E10 (1502 \/ 1600 \/ 1802 \/ 2002) \u2013 tous types BMW E12 (S\u00e9rie &hellip; Continuer \u00e0 lire Moyeu de volant PETRI BMW 1800 \/ 2000 \/ E3 \/ E9 \/ E10 \/ E12 \/ E21 \/ E23 \/ E24 \/ E28 \u2192","og_url":"https:\/\/www.automobilia-atelier.de\/fr\/produkt\/moyeu-de-volant-petri-bmw-1800-2000-e3-e9-e10-e12-e21-e23-e24-e28\/","og_image":[{"width":2400,"height":1600,"url":"https:\/\/www.automobilia-atelier.de\/wp-content\/uploads\/2024\/06\/DSC7633-scaled.jpg","type":"image\/jpeg"}],"twitter_card":"summary_large_image","twitter_misc":{"Dur\u00e9e de lecture estim\u00e9e":"1 minute"},"schema":{"@context":"https:\/\/schema.org","@graph":[{"@type":"WebPage","@id":"https:\/\/www.automobilia-atelier.de\/fr\/produkt\/moyeu-de-volant-petri-bmw-1800-2000-e3-e9-e10-e12-e21-e23-e24-e28\/","url":"https:\/\/www.automobilia-atelier.de\/fr\/produkt\/moyeu-de-volant-petri-bmw-1800-2000-e3-e9-e10-e12-e21-e23-e24-e28\/","name":"Moyeu de volant PETRI BMW 1800 \/ 2000 \/ E3 \/ E9 \/ E10 \/ E12 \/ E21 \/ E23 \/ E24 \/ E28 -","isPartOf":{"@id":"https:\/\/www.automobilia-atelier.de\/fr\/#website"},"primaryImageOfPage":{"@id":"https:\/\/www.automobilia-atelier.de\/fr\/produkt\/moyeu-de-volant-petri-bmw-1800-2000-e3-e9-e10-e12-e21-e23-e24-e28\/#primaryimage"},"image":{"@id":"https:\/\/www.automobilia-atelier.de\/fr\/produkt\/moyeu-de-volant-petri-bmw-1800-2000-e3-e9-e10-e12-e21-e23-e24-e28\/#primaryimage"},"thumbnailUrl":"https:\/\/www.automobilia-atelier.de\/wp-content\/uploads\/2024\/06\/DSC7633-scaled.jpg","datePublished":"2023-06-23T18:01:17+00:00","breadcrumb":{"@id":"https:\/\/www.automobilia-atelier.de\/fr\/produkt\/moyeu-de-volant-petri-bmw-1800-2000-e3-e9-e10-e12-e21-e23-e24-e28\/#breadcrumb"},"inLanguage":"fr-FR","potentialAction":[{"@type":"ReadAction","target":["https:\/\/www.automobilia-atelier.de\/fr\/produkt\/moyeu-de-volant-petri-bmw-1800-2000-e3-e9-e10-e12-e21-e23-e24-e28\/"]}]},{"@type":"ImageObject","inLanguage":"fr-FR","@id":"https:\/\/www.automobilia-atelier.de\/fr\/produkt\/moyeu-de-volant-petri-bmw-1800-2000-e3-e9-e10-e12-e21-e23-e24-e28\/#primaryimage","url":"https:\/\/www.automobilia-atelier.de\/wp-content\/uploads\/2024\/06\/DSC7633-scaled.jpg","contentUrl":"https:\/\/www.automobilia-atelier.de\/wp-content\/uploads\/2024\/06\/DSC7633-scaled.jpg","width":2400,"height":1600},{"@type":"BreadcrumbList","@id":"https:\/\/www.automobilia-atelier.de\/fr\/produkt\/moyeu-de-volant-petri-bmw-1800-2000-e3-e9-e10-e12-e21-e23-e24-e28\/#breadcrumb","itemListElement":[{"@type":"ListItem","position":1,"name":"Startseite","item":"https:\/\/www.automobilia-atelier.de\/fr\/"},{"@type":"ListItem","position":2,"name":"Produits","item":"https:\/\/www.automobilia-atelier.de\/fr\/shop\/"},{"@type":"ListItem","position":3,"name":"Moyeu de volant PETRI BMW 1800 \/ 2000 \/ E3 \/ E9 \/ E10 \/ E12 \/ E21 \/ E23 \/ E24 \/ E28"}]},{"@type":"WebSite","@id":"https:\/\/www.automobilia-atelier.de\/fr\/#website","url":"https:\/\/www.automobilia-atelier.de\/fr\/","name":"","description":"","potentialAction":[{"@type":"SearchAction","target":{"@type":"EntryPoint","urlTemplate":"https:\/\/www.automobilia-atelier.de\/fr\/?s={search_term_string}"},"query-input":{"@type":"PropertyValueSpecification","valueRequired":true,"valueName":"search_term_string"}}],"inLanguage":"fr-FR"}]}},"jetpack_sharing_enabled":true,"_links":{"self":[{"href":"https:\/\/www.automobilia-atelier.de\/fr\/wp-json\/wp\/v2\/product\/18671","targetHints":{"allow":["GET"]}}],"collection":[{"href":"https:\/\/www.automobilia-atelier.de\/fr\/wp-json\/wp\/v2\/product"}],"about":[{"href":"https:\/\/www.automobilia-atelier.de\/fr\/wp-json\/wp\/v2\/types\/product"}],"wp:featuredmedia":[{"embeddable":true,"href":"https:\/\/www.automobilia-atelier.de\/fr\/wp-json\/wp\/v2\/media\/18672"}],"wp:attachment":[{"href":"https:\/\/www.automobilia-atelier.de\/fr\/wp-json\/wp\/v2\/media?parent=18671"}],"wp:term":[{"taxonomy":"product_brand","embeddable":true,"href":"https:\/\/www.automobilia-atelier.de\/fr\/wp-json\/wp\/v2\/product_brand?post=18671"},{"taxonomy":"product_cat","embeddable":true,"href":"https:\/\/www.automobilia-atelier.de\/fr\/wp-json\/wp\/v2\/product_cat?post=18671"},{"taxonomy":"product_tag","embeddable":true,"href":"https:\/\/www.automobilia-atelier.de\/fr\/wp-json\/wp\/v2\/product_tag?post=18671"}],"curies":[{"name":"wp","href":"https:\/\/api.w.org\/{rel}","templated":true}]}}