{"id":18708,"date":"2024-06-14T11:40:33","date_gmt":"2024-06-14T09:40:33","guid":{"rendered":"https:\/\/www.automobilia-atelier.de\/produkt\/volant-moto-lita-des-annees-1980-jaguar-xjs-xj6-xj12\/"},"modified":"2024-06-14T11:40:33","modified_gmt":"2024-06-14T09:40:33","slug":"volant-moto-lita-des-annees-1980-jaguar-xjs-xj6-xj12","status":"publish","type":"product","link":"https:\/\/www.automobilia-atelier.de\/fr\/produkt\/volant-moto-lita-des-annees-1980-jaguar-xjs-xj6-xj12\/","title":{"rendered":"Volant Moto-Lita des ann\u00e9es 1980 Jaguar XJS \/ XJ6 \/ XJ12"},"content":{"rendered":"<p><strong>Fabricant :<\/strong> Moto-Lita<br \/>\n<strong>Diam\u00e8tre :<\/strong> 365 mm<br \/>\n<strong>Date de production :<\/strong> environ 1980<br \/>\n<strong>\u00c9tat :<\/strong> voir photos d\u00e9taill\u00e9es<br \/>\n<strong>Ajuster:  <\/strong><\/p>\n<ul>\n<li>Jaguar XJS \u2013 du VIN 100 001 au VIN 165 790<\/li>\n<li>Jaguar XJ6, XJ12 (S\u00e9rie 1) \u2013 \u00e0 partir du VIN 300 001<\/li>\n<li>Jaguar XJ6, XJ12 (S\u00e9rie 2) \u2013 \u00e0 partir du VIN 300 001<\/li>\n<li>Jaguar XJ6, XJ12 (S\u00e9rie 3) \u2013 \u00e0 partir du VIN 300 001<\/li>\n<\/ul>\n","protected":false},"excerpt":{"rendered":"<p>Fabricant : Moto-Lita Diam\u00e8tre : 365 mm Date de production : environ 1980 \u00c9tat : voir photos d\u00e9taill\u00e9es Ajuster: Jaguar XJS \u2013 du VIN 100 001 au VIN 165 790 Jaguar XJ6, XJ12 (S\u00e9rie 1) \u2013 \u00e0 partir du VIN 300 001 Jaguar XJ6, XJ12 (S\u00e9rie 2) \u2013 \u00e0 partir du VIN 300 001 Jaguar &hellip; <a href=\"https:\/\/www.automobilia-atelier.de\/fr\/produkt\/volant-moto-lita-des-annees-1980-jaguar-xjs-xj6-xj12\/\" class=\"more-link\">Continuer \u00e0 lire <span class=\"screen-reader-text\">Volant Moto-Lita des ann\u00e9es 1980 Jaguar XJS \/ XJ6 \/ XJ12<\/span> <span class=\"meta-nav\">\u2192<\/span><\/a><\/p>\n","protected":false},"featured_media":18713,"template":"","meta":{"inline_featured_image":false,"_monsterinsights_skip_tracking":false,"_monsterinsights_sitenote_active":false,"_monsterinsights_sitenote_note":"","_monsterinsights_sitenote_category":0},"product_brand":[],"product_cat":[271,236,237],"product_tag":[],"class_list":{"0":"post-18708","1":"product","2":"type-product","3":"status-publish","4":"has-post-thumbnail","6":"product_cat-moto-lita-fr","7":"product_cat-pieces-de-vehicules-classiques","8":"product_cat-volants","10":"first","11":"outofstock","12":"sold-individually","13":"product-type-simple"},"yoast_head":"<!-- This site is optimized with the Yoast SEO plugin v24.7 - https:\/\/yoast.com\/wordpress\/plugins\/seo\/ -->\n<title>Volant Moto-Lita des ann\u00e9es 1980 Jaguar XJS \/ XJ6 \/ XJ12 -<\/title>\n<meta name=\"robots\" content=\"index, follow, max-snippet:-1, max-image-preview:large, max-video-preview:-1\" \/>\n<link rel=\"canonical\" href=\"https:\/\/www.automobilia-atelier.de\/fr\/produkt\/volant-moto-lita-des-annees-1980-jaguar-xjs-xj6-xj12\/\" \/>\n<meta property=\"og:locale\" content=\"fr_FR\" \/>\n<meta property=\"og:type\" content=\"article\" \/>\n<meta property=\"og:title\" content=\"Volant Moto-Lita des ann\u00e9es 1980 Jaguar XJS \/ XJ6 \/ XJ12 -\" \/>\n<meta property=\"og:description\" content=\"Fabricant : Moto-Lita Diam\u00e8tre : 365 mm Date de production : environ 1980 \u00c9tat : voir photos d\u00e9taill\u00e9es Ajuster: Jaguar XJS \u2013 du VIN 100 001 au VIN 165 790 Jaguar XJ6, XJ12 (S\u00e9rie 1) \u2013 \u00e0 partir du VIN 300 001 Jaguar XJ6, XJ12 (S\u00e9rie 2) \u2013 \u00e0 partir du VIN 300 001 Jaguar &hellip; Continuer \u00e0 lire Volant Moto-Lita des ann\u00e9es 1980 Jaguar XJS \/ XJ6 \/ XJ12 \u2192\" \/>\n<meta property=\"og:url\" content=\"https:\/\/www.automobilia-atelier.de\/fr\/produkt\/volant-moto-lita-des-annees-1980-jaguar-xjs-xj6-xj12\/\" \/>\n<meta property=\"og:image\" content=\"https:\/\/www.automobilia-atelier.de\/wp-content\/uploads\/2024\/06\/DSC7599-scaled.jpg\" \/>\n\t<meta property=\"og:image:width\" content=\"2400\" \/>\n\t<meta property=\"og:image:height\" content=\"1600\" \/>\n\t<meta property=\"og:image:type\" content=\"image\/jpeg\" \/>\n<meta name=\"twitter:card\" content=\"summary_large_image\" \/>\n<script type=\"application\/ld+json\" class=\"yoast-schema-graph\">{\"@context\":\"https:\/\/schema.org\",\"@graph\":[{\"@type\":\"WebPage\",\"@id\":\"https:\/\/www.automobilia-atelier.de\/fr\/produkt\/volant-moto-lita-des-annees-1980-jaguar-xjs-xj6-xj12\/\",\"url\":\"https:\/\/www.automobilia-atelier.de\/fr\/produkt\/volant-moto-lita-des-annees-1980-jaguar-xjs-xj6-xj12\/\",\"name\":\"Volant Moto-Lita des ann\u00e9es 1980 Jaguar XJS \/ XJ6 \/ XJ12 -\",\"isPartOf\":{\"@id\":\"https:\/\/www.automobilia-atelier.de\/fr\/#website\"},\"primaryImageOfPage\":{\"@id\":\"https:\/\/www.automobilia-atelier.de\/fr\/produkt\/volant-moto-lita-des-annees-1980-jaguar-xjs-xj6-xj12\/#primaryimage\"},\"image\":{\"@id\":\"https:\/\/www.automobilia-atelier.de\/fr\/produkt\/volant-moto-lita-des-annees-1980-jaguar-xjs-xj6-xj12\/#primaryimage\"},\"thumbnailUrl\":\"https:\/\/www.automobilia-atelier.de\/wp-content\/uploads\/2024\/06\/DSC7599-scaled.jpg\",\"datePublished\":\"2024-06-14T09:40:33+00:00\",\"breadcrumb\":{\"@id\":\"https:\/\/www.automobilia-atelier.de\/fr\/produkt\/volant-moto-lita-des-annees-1980-jaguar-xjs-xj6-xj12\/#breadcrumb\"},\"inLanguage\":\"fr-FR\",\"potentialAction\":[{\"@type\":\"ReadAction\",\"target\":[\"https:\/\/www.automobilia-atelier.de\/fr\/produkt\/volant-moto-lita-des-annees-1980-jaguar-xjs-xj6-xj12\/\"]}]},{\"@type\":\"ImageObject\",\"inLanguage\":\"fr-FR\",\"@id\":\"https:\/\/www.automobilia-atelier.de\/fr\/produkt\/volant-moto-lita-des-annees-1980-jaguar-xjs-xj6-xj12\/#primaryimage\",\"url\":\"https:\/\/www.automobilia-atelier.de\/wp-content\/uploads\/2024\/06\/DSC7599-scaled.jpg\",\"contentUrl\":\"https:\/\/www.automobilia-atelier.de\/wp-content\/uploads\/2024\/06\/DSC7599-scaled.jpg\",\"width\":2400,\"height\":1600},{\"@type\":\"BreadcrumbList\",\"@id\":\"https:\/\/www.automobilia-atelier.de\/fr\/produkt\/volant-moto-lita-des-annees-1980-jaguar-xjs-xj6-xj12\/#breadcrumb\",\"itemListElement\":[{\"@type\":\"ListItem\",\"position\":1,\"name\":\"Startseite\",\"item\":\"https:\/\/www.automobilia-atelier.de\/fr\/\"},{\"@type\":\"ListItem\",\"position\":2,\"name\":\"Produits\",\"item\":\"https:\/\/www.automobilia-atelier.de\/fr\/shop\/\"},{\"@type\":\"ListItem\",\"position\":3,\"name\":\"Volant Moto-Lita des ann\u00e9es 1980 Jaguar XJS \/ XJ6 \/ XJ12\"}]},{\"@type\":\"WebSite\",\"@id\":\"https:\/\/www.automobilia-atelier.de\/fr\/#website\",\"url\":\"https:\/\/www.automobilia-atelier.de\/fr\/\",\"name\":\"\",\"description\":\"\",\"potentialAction\":[{\"@type\":\"SearchAction\",\"target\":{\"@type\":\"EntryPoint\",\"urlTemplate\":\"https:\/\/www.automobilia-atelier.de\/fr\/?s={search_term_string}\"},\"query-input\":{\"@type\":\"PropertyValueSpecification\",\"valueRequired\":true,\"valueName\":\"search_term_string\"}}],\"inLanguage\":\"fr-FR\"}]}<\/script>\n<!-- \/ Yoast SEO plugin. -->","yoast_head_json":{"title":"Volant Moto-Lita des ann\u00e9es 1980 Jaguar XJS \/ XJ6 \/ XJ12 -","robots":{"index":"index","follow":"follow","max-snippet":"max-snippet:-1","max-image-preview":"max-image-preview:large","max-video-preview":"max-video-preview:-1"},"canonical":"https:\/\/www.automobilia-atelier.de\/fr\/produkt\/volant-moto-lita-des-annees-1980-jaguar-xjs-xj6-xj12\/","og_locale":"fr_FR","og_type":"article","og_title":"Volant Moto-Lita des ann\u00e9es 1980 Jaguar XJS \/ XJ6 \/ XJ12 -","og_description":"Fabricant : Moto-Lita Diam\u00e8tre : 365 mm Date de production : environ 1980 \u00c9tat : voir photos d\u00e9taill\u00e9es Ajuster: Jaguar XJS \u2013 du VIN 100 001 au VIN 165 790 Jaguar XJ6, XJ12 (S\u00e9rie 1) \u2013 \u00e0 partir du VIN 300 001 Jaguar XJ6, XJ12 (S\u00e9rie 2) \u2013 \u00e0 partir du VIN 300 001 Jaguar &hellip; Continuer \u00e0 lire Volant Moto-Lita des ann\u00e9es 1980 Jaguar XJS \/ XJ6 \/ XJ12 \u2192","og_url":"https:\/\/www.automobilia-atelier.de\/fr\/produkt\/volant-moto-lita-des-annees-1980-jaguar-xjs-xj6-xj12\/","og_image":[{"width":2400,"height":1600,"url":"https:\/\/www.automobilia-atelier.de\/wp-content\/uploads\/2024\/06\/DSC7599-scaled.jpg","type":"image\/jpeg"}],"twitter_card":"summary_large_image","schema":{"@context":"https:\/\/schema.org","@graph":[{"@type":"WebPage","@id":"https:\/\/www.automobilia-atelier.de\/fr\/produkt\/volant-moto-lita-des-annees-1980-jaguar-xjs-xj6-xj12\/","url":"https:\/\/www.automobilia-atelier.de\/fr\/produkt\/volant-moto-lita-des-annees-1980-jaguar-xjs-xj6-xj12\/","name":"Volant Moto-Lita des ann\u00e9es 1980 Jaguar XJS \/ XJ6 \/ XJ12 -","isPartOf":{"@id":"https:\/\/www.automobilia-atelier.de\/fr\/#website"},"primaryImageOfPage":{"@id":"https:\/\/www.automobilia-atelier.de\/fr\/produkt\/volant-moto-lita-des-annees-1980-jaguar-xjs-xj6-xj12\/#primaryimage"},"image":{"@id":"https:\/\/www.automobilia-atelier.de\/fr\/produkt\/volant-moto-lita-des-annees-1980-jaguar-xjs-xj6-xj12\/#primaryimage"},"thumbnailUrl":"https:\/\/www.automobilia-atelier.de\/wp-content\/uploads\/2024\/06\/DSC7599-scaled.jpg","datePublished":"2024-06-14T09:40:33+00:00","breadcrumb":{"@id":"https:\/\/www.automobilia-atelier.de\/fr\/produkt\/volant-moto-lita-des-annees-1980-jaguar-xjs-xj6-xj12\/#breadcrumb"},"inLanguage":"fr-FR","potentialAction":[{"@type":"ReadAction","target":["https:\/\/www.automobilia-atelier.de\/fr\/produkt\/volant-moto-lita-des-annees-1980-jaguar-xjs-xj6-xj12\/"]}]},{"@type":"ImageObject","inLanguage":"fr-FR","@id":"https:\/\/www.automobilia-atelier.de\/fr\/produkt\/volant-moto-lita-des-annees-1980-jaguar-xjs-xj6-xj12\/#primaryimage","url":"https:\/\/www.automobilia-atelier.de\/wp-content\/uploads\/2024\/06\/DSC7599-scaled.jpg","contentUrl":"https:\/\/www.automobilia-atelier.de\/wp-content\/uploads\/2024\/06\/DSC7599-scaled.jpg","width":2400,"height":1600},{"@type":"BreadcrumbList","@id":"https:\/\/www.automobilia-atelier.de\/fr\/produkt\/volant-moto-lita-des-annees-1980-jaguar-xjs-xj6-xj12\/#breadcrumb","itemListElement":[{"@type":"ListItem","position":1,"name":"Startseite","item":"https:\/\/www.automobilia-atelier.de\/fr\/"},{"@type":"ListItem","position":2,"name":"Produits","item":"https:\/\/www.automobilia-atelier.de\/fr\/shop\/"},{"@type":"ListItem","position":3,"name":"Volant Moto-Lita des ann\u00e9es 1980 Jaguar XJS \/ XJ6 \/ XJ12"}]},{"@type":"WebSite","@id":"https:\/\/www.automobilia-atelier.de\/fr\/#website","url":"https:\/\/www.automobilia-atelier.de\/fr\/","name":"","description":"","potentialAction":[{"@type":"SearchAction","target":{"@type":"EntryPoint","urlTemplate":"https:\/\/www.automobilia-atelier.de\/fr\/?s={search_term_string}"},"query-input":{"@type":"PropertyValueSpecification","valueRequired":true,"valueName":"search_term_string"}}],"inLanguage":"fr-FR"}]}},"jetpack_sharing_enabled":true,"_links":{"self":[{"href":"https:\/\/www.automobilia-atelier.de\/fr\/wp-json\/wp\/v2\/product\/18708","targetHints":{"allow":["GET"]}}],"collection":[{"href":"https:\/\/www.automobilia-atelier.de\/fr\/wp-json\/wp\/v2\/product"}],"about":[{"href":"https:\/\/www.automobilia-atelier.de\/fr\/wp-json\/wp\/v2\/types\/product"}],"wp:featuredmedia":[{"embeddable":true,"href":"https:\/\/www.automobilia-atelier.de\/fr\/wp-json\/wp\/v2\/media\/18713"}],"wp:attachment":[{"href":"https:\/\/www.automobilia-atelier.de\/fr\/wp-json\/wp\/v2\/media?parent=18708"}],"wp:term":[{"taxonomy":"product_brand","embeddable":true,"href":"https:\/\/www.automobilia-atelier.de\/fr\/wp-json\/wp\/v2\/product_brand?post=18708"},{"taxonomy":"product_cat","embeddable":true,"href":"https:\/\/www.automobilia-atelier.de\/fr\/wp-json\/wp\/v2\/product_cat?post=18708"},{"taxonomy":"product_tag","embeddable":true,"href":"https:\/\/www.automobilia-atelier.de\/fr\/wp-json\/wp\/v2\/product_tag?post=18708"}],"curies":[{"name":"wp","href":"https:\/\/api.w.org\/{rel}","templated":true}]}}