{"id":18762,"date":"2024-01-08T15:00:23","date_gmt":"2024-01-08T14:00:23","guid":{"rendered":"https:\/\/www.automobilia-atelier.de\/produkt\/volant-en-bois-nardi-des-annees-1970-pour-fiat-124-125-1100-1300-1500-850\/"},"modified":"2024-01-08T15:00:23","modified_gmt":"2024-01-08T14:00:23","slug":"volant-en-bois-nardi-des-annees-1970-pour-fiat-124-125-1100-1300-1500-850","status":"publish","type":"product","link":"https:\/\/www.automobilia-atelier.de\/fr\/produkt\/volant-en-bois-nardi-des-annees-1970-pour-fiat-124-125-1100-1300-1500-850\/","title":{"rendered":"Volant en bois Nardi des ann\u00e9es 1970 pour Fiat 124 \/ 125 \/ 1100 \/ 1300 \/ 1500 \/ 850"},"content":{"rendered":"<p><strong>Fabricant :<\/strong> Nardi<br \/>\n<strong>Diam\u00e8tre :<\/strong> 360 mm<br \/>\n<strong>Date de production :<\/strong> environ 1970<br \/>\n<strong>\u00c9tat :<\/strong> voir photos d\u00e9taill\u00e9es<br \/>\n<strong>Ajuster:  <\/strong><\/p>\n<ul>\n<li>Fiat 124 Berlina 1965-1971<\/li>\n<li>Fiat 124 Coup\u00e9 1965-1971<\/li>\n<li>Fiat 125 Sp\u00e9cial \u2013 1965-1971<\/li>\n<li>Fiat 1100 \u2013 1966-1969<\/li>\n<li>Fiat 1300<\/li>\n<li>Fiat 1500<\/li>\n<li>Fiat 850<\/li>\n<\/ul>\n","protected":false},"excerpt":{"rendered":"<p>Fabricant : Nardi Diam\u00e8tre : 360 mm Date de production : environ 1970 \u00c9tat : voir photos d\u00e9taill\u00e9es Ajuster: Fiat 124 Berlina 1965-1971 Fiat 124 Coup\u00e9 1965-1971 Fiat 125 Sp\u00e9cial \u2013 1965-1971 Fiat 1100 \u2013 1966-1969 Fiat 1300 Fiat 1500 Fiat 850<\/p>\n","protected":false},"featured_media":18771,"template":"","meta":{"inline_featured_image":false,"_monsterinsights_skip_tracking":false,"_monsterinsights_sitenote_active":false,"_monsterinsights_sitenote_note":"","_monsterinsights_sitenote_category":0},"product_brand":[],"product_cat":[244,236,237,248],"product_tag":[],"class_list":{"0":"post-18762","1":"product","2":"type-product","3":"status-publish","4":"has-post-thumbnail","6":"product_cat-nardi-personal-fr-2","7":"product_cat-pieces-de-vehicules-classiques","8":"product_cat-volants","9":"product_cat-volants-en-bois","11":"first","12":"outofstock","13":"sold-individually","14":"product-type-simple"},"yoast_head":"<!-- This site is optimized with the Yoast SEO plugin v24.7 - https:\/\/yoast.com\/wordpress\/plugins\/seo\/ -->\n<title>Volant en bois Nardi des ann\u00e9es 1970 pour Fiat 124 \/ 125 \/ 1100 \/ 1300 \/ 1500 \/ 850 -<\/title>\n<meta name=\"robots\" content=\"index, follow, max-snippet:-1, max-image-preview:large, max-video-preview:-1\" \/>\n<link rel=\"canonical\" href=\"https:\/\/www.automobilia-atelier.de\/fr\/produkt\/volant-en-bois-nardi-des-annees-1970-pour-fiat-124-125-1100-1300-1500-850\/\" \/>\n<meta property=\"og:locale\" content=\"fr_FR\" \/>\n<meta property=\"og:type\" content=\"article\" \/>\n<meta property=\"og:title\" content=\"Volant en bois Nardi des ann\u00e9es 1970 pour Fiat 124 \/ 125 \/ 1100 \/ 1300 \/ 1500 \/ 850 -\" \/>\n<meta property=\"og:description\" content=\"Fabricant : Nardi Diam\u00e8tre : 360 mm Date de production : environ 1970 \u00c9tat : voir photos d\u00e9taill\u00e9es Ajuster: Fiat 124 Berlina 1965-1971 Fiat 124 Coup\u00e9 1965-1971 Fiat 125 Sp\u00e9cial \u2013 1965-1971 Fiat 1100 \u2013 1966-1969 Fiat 1300 Fiat 1500 Fiat 850\" \/>\n<meta property=\"og:url\" content=\"https:\/\/www.automobilia-atelier.de\/fr\/produkt\/volant-en-bois-nardi-des-annees-1970-pour-fiat-124-125-1100-1300-1500-850\/\" \/>\n<meta property=\"og:image\" content=\"https:\/\/www.automobilia-atelier.de\/wp-content\/uploads\/2024\/01\/DSC7034-scaled.jpg\" \/>\n\t<meta property=\"og:image:width\" content=\"2400\" \/>\n\t<meta property=\"og:image:height\" content=\"1600\" \/>\n\t<meta property=\"og:image:type\" content=\"image\/jpeg\" \/>\n<meta name=\"twitter:card\" content=\"summary_large_image\" \/>\n<script type=\"application\/ld+json\" class=\"yoast-schema-graph\">{\"@context\":\"https:\/\/schema.org\",\"@graph\":[{\"@type\":\"WebPage\",\"@id\":\"https:\/\/www.automobilia-atelier.de\/fr\/produkt\/volant-en-bois-nardi-des-annees-1970-pour-fiat-124-125-1100-1300-1500-850\/\",\"url\":\"https:\/\/www.automobilia-atelier.de\/fr\/produkt\/volant-en-bois-nardi-des-annees-1970-pour-fiat-124-125-1100-1300-1500-850\/\",\"name\":\"Volant en bois Nardi des ann\u00e9es 1970 pour Fiat 124 \/ 125 \/ 1100 \/ 1300 \/ 1500 \/ 850 -\",\"isPartOf\":{\"@id\":\"https:\/\/www.automobilia-atelier.de\/fr\/#website\"},\"primaryImageOfPage\":{\"@id\":\"https:\/\/www.automobilia-atelier.de\/fr\/produkt\/volant-en-bois-nardi-des-annees-1970-pour-fiat-124-125-1100-1300-1500-850\/#primaryimage\"},\"image\":{\"@id\":\"https:\/\/www.automobilia-atelier.de\/fr\/produkt\/volant-en-bois-nardi-des-annees-1970-pour-fiat-124-125-1100-1300-1500-850\/#primaryimage\"},\"thumbnailUrl\":\"https:\/\/www.automobilia-atelier.de\/wp-content\/uploads\/2024\/01\/DSC7034-scaled.jpg\",\"datePublished\":\"2024-01-08T14:00:23+00:00\",\"breadcrumb\":{\"@id\":\"https:\/\/www.automobilia-atelier.de\/fr\/produkt\/volant-en-bois-nardi-des-annees-1970-pour-fiat-124-125-1100-1300-1500-850\/#breadcrumb\"},\"inLanguage\":\"fr-FR\",\"potentialAction\":[{\"@type\":\"ReadAction\",\"target\":[\"https:\/\/www.automobilia-atelier.de\/fr\/produkt\/volant-en-bois-nardi-des-annees-1970-pour-fiat-124-125-1100-1300-1500-850\/\"]}]},{\"@type\":\"ImageObject\",\"inLanguage\":\"fr-FR\",\"@id\":\"https:\/\/www.automobilia-atelier.de\/fr\/produkt\/volant-en-bois-nardi-des-annees-1970-pour-fiat-124-125-1100-1300-1500-850\/#primaryimage\",\"url\":\"https:\/\/www.automobilia-atelier.de\/wp-content\/uploads\/2024\/01\/DSC7034-scaled.jpg\",\"contentUrl\":\"https:\/\/www.automobilia-atelier.de\/wp-content\/uploads\/2024\/01\/DSC7034-scaled.jpg\",\"width\":2400,\"height\":1600},{\"@type\":\"BreadcrumbList\",\"@id\":\"https:\/\/www.automobilia-atelier.de\/fr\/produkt\/volant-en-bois-nardi-des-annees-1970-pour-fiat-124-125-1100-1300-1500-850\/#breadcrumb\",\"itemListElement\":[{\"@type\":\"ListItem\",\"position\":1,\"name\":\"Startseite\",\"item\":\"https:\/\/www.automobilia-atelier.de\/fr\/\"},{\"@type\":\"ListItem\",\"position\":2,\"name\":\"Produits\",\"item\":\"https:\/\/www.automobilia-atelier.de\/fr\/shop\/\"},{\"@type\":\"ListItem\",\"position\":3,\"name\":\"Volant en bois Nardi des ann\u00e9es 1970 pour Fiat 124 \/ 125 \/ 1100 \/ 1300 \/ 1500 \/ 850\"}]},{\"@type\":\"WebSite\",\"@id\":\"https:\/\/www.automobilia-atelier.de\/fr\/#website\",\"url\":\"https:\/\/www.automobilia-atelier.de\/fr\/\",\"name\":\"\",\"description\":\"\",\"potentialAction\":[{\"@type\":\"SearchAction\",\"target\":{\"@type\":\"EntryPoint\",\"urlTemplate\":\"https:\/\/www.automobilia-atelier.de\/fr\/?s={search_term_string}\"},\"query-input\":{\"@type\":\"PropertyValueSpecification\",\"valueRequired\":true,\"valueName\":\"search_term_string\"}}],\"inLanguage\":\"fr-FR\"}]}<\/script>\n<!-- \/ Yoast SEO plugin. -->","yoast_head_json":{"title":"Volant en bois Nardi des ann\u00e9es 1970 pour Fiat 124 \/ 125 \/ 1100 \/ 1300 \/ 1500 \/ 850 -","robots":{"index":"index","follow":"follow","max-snippet":"max-snippet:-1","max-image-preview":"max-image-preview:large","max-video-preview":"max-video-preview:-1"},"canonical":"https:\/\/www.automobilia-atelier.de\/fr\/produkt\/volant-en-bois-nardi-des-annees-1970-pour-fiat-124-125-1100-1300-1500-850\/","og_locale":"fr_FR","og_type":"article","og_title":"Volant en bois Nardi des ann\u00e9es 1970 pour Fiat 124 \/ 125 \/ 1100 \/ 1300 \/ 1500 \/ 850 -","og_description":"Fabricant : Nardi Diam\u00e8tre : 360 mm Date de production : environ 1970 \u00c9tat : voir photos d\u00e9taill\u00e9es Ajuster: Fiat 124 Berlina 1965-1971 Fiat 124 Coup\u00e9 1965-1971 Fiat 125 Sp\u00e9cial \u2013 1965-1971 Fiat 1100 \u2013 1966-1969 Fiat 1300 Fiat 1500 Fiat 850","og_url":"https:\/\/www.automobilia-atelier.de\/fr\/produkt\/volant-en-bois-nardi-des-annees-1970-pour-fiat-124-125-1100-1300-1500-850\/","og_image":[{"width":2400,"height":1600,"url":"https:\/\/www.automobilia-atelier.de\/wp-content\/uploads\/2024\/01\/DSC7034-scaled.jpg","type":"image\/jpeg"}],"twitter_card":"summary_large_image","schema":{"@context":"https:\/\/schema.org","@graph":[{"@type":"WebPage","@id":"https:\/\/www.automobilia-atelier.de\/fr\/produkt\/volant-en-bois-nardi-des-annees-1970-pour-fiat-124-125-1100-1300-1500-850\/","url":"https:\/\/www.automobilia-atelier.de\/fr\/produkt\/volant-en-bois-nardi-des-annees-1970-pour-fiat-124-125-1100-1300-1500-850\/","name":"Volant en bois Nardi des ann\u00e9es 1970 pour Fiat 124 \/ 125 \/ 1100 \/ 1300 \/ 1500 \/ 850 -","isPartOf":{"@id":"https:\/\/www.automobilia-atelier.de\/fr\/#website"},"primaryImageOfPage":{"@id":"https:\/\/www.automobilia-atelier.de\/fr\/produkt\/volant-en-bois-nardi-des-annees-1970-pour-fiat-124-125-1100-1300-1500-850\/#primaryimage"},"image":{"@id":"https:\/\/www.automobilia-atelier.de\/fr\/produkt\/volant-en-bois-nardi-des-annees-1970-pour-fiat-124-125-1100-1300-1500-850\/#primaryimage"},"thumbnailUrl":"https:\/\/www.automobilia-atelier.de\/wp-content\/uploads\/2024\/01\/DSC7034-scaled.jpg","datePublished":"2024-01-08T14:00:23+00:00","breadcrumb":{"@id":"https:\/\/www.automobilia-atelier.de\/fr\/produkt\/volant-en-bois-nardi-des-annees-1970-pour-fiat-124-125-1100-1300-1500-850\/#breadcrumb"},"inLanguage":"fr-FR","potentialAction":[{"@type":"ReadAction","target":["https:\/\/www.automobilia-atelier.de\/fr\/produkt\/volant-en-bois-nardi-des-annees-1970-pour-fiat-124-125-1100-1300-1500-850\/"]}]},{"@type":"ImageObject","inLanguage":"fr-FR","@id":"https:\/\/www.automobilia-atelier.de\/fr\/produkt\/volant-en-bois-nardi-des-annees-1970-pour-fiat-124-125-1100-1300-1500-850\/#primaryimage","url":"https:\/\/www.automobilia-atelier.de\/wp-content\/uploads\/2024\/01\/DSC7034-scaled.jpg","contentUrl":"https:\/\/www.automobilia-atelier.de\/wp-content\/uploads\/2024\/01\/DSC7034-scaled.jpg","width":2400,"height":1600},{"@type":"BreadcrumbList","@id":"https:\/\/www.automobilia-atelier.de\/fr\/produkt\/volant-en-bois-nardi-des-annees-1970-pour-fiat-124-125-1100-1300-1500-850\/#breadcrumb","itemListElement":[{"@type":"ListItem","position":1,"name":"Startseite","item":"https:\/\/www.automobilia-atelier.de\/fr\/"},{"@type":"ListItem","position":2,"name":"Produits","item":"https:\/\/www.automobilia-atelier.de\/fr\/shop\/"},{"@type":"ListItem","position":3,"name":"Volant en bois Nardi des ann\u00e9es 1970 pour Fiat 124 \/ 125 \/ 1100 \/ 1300 \/ 1500 \/ 850"}]},{"@type":"WebSite","@id":"https:\/\/www.automobilia-atelier.de\/fr\/#website","url":"https:\/\/www.automobilia-atelier.de\/fr\/","name":"","description":"","potentialAction":[{"@type":"SearchAction","target":{"@type":"EntryPoint","urlTemplate":"https:\/\/www.automobilia-atelier.de\/fr\/?s={search_term_string}"},"query-input":{"@type":"PropertyValueSpecification","valueRequired":true,"valueName":"search_term_string"}}],"inLanguage":"fr-FR"}]}},"jetpack_sharing_enabled":true,"_links":{"self":[{"href":"https:\/\/www.automobilia-atelier.de\/fr\/wp-json\/wp\/v2\/product\/18762","targetHints":{"allow":["GET"]}}],"collection":[{"href":"https:\/\/www.automobilia-atelier.de\/fr\/wp-json\/wp\/v2\/product"}],"about":[{"href":"https:\/\/www.automobilia-atelier.de\/fr\/wp-json\/wp\/v2\/types\/product"}],"wp:featuredmedia":[{"embeddable":true,"href":"https:\/\/www.automobilia-atelier.de\/fr\/wp-json\/wp\/v2\/media\/18771"}],"wp:attachment":[{"href":"https:\/\/www.automobilia-atelier.de\/fr\/wp-json\/wp\/v2\/media?parent=18762"}],"wp:term":[{"taxonomy":"product_brand","embeddable":true,"href":"https:\/\/www.automobilia-atelier.de\/fr\/wp-json\/wp\/v2\/product_brand?post=18762"},{"taxonomy":"product_cat","embeddable":true,"href":"https:\/\/www.automobilia-atelier.de\/fr\/wp-json\/wp\/v2\/product_cat?post=18762"},{"taxonomy":"product_tag","embeddable":true,"href":"https:\/\/www.automobilia-atelier.de\/fr\/wp-json\/wp\/v2\/product_tag?post=18762"}],"curies":[{"name":"wp","href":"https:\/\/api.w.org\/{rel}","templated":true}]}}