{"id":18847,"date":"2021-04-01T17:20:42","date_gmt":"2021-04-01T15:20:42","guid":{"rendered":"https:\/\/www.automobilia-atelier.de\/produkt\/moyeu-de-volant-ford-fiesta-rs-mk1-h77-f63k-699-aa\/"},"modified":"2021-04-01T17:20:42","modified_gmt":"2021-04-01T15:20:42","slug":"moyeu-de-volant-ford-fiesta-rs-mk1-h77-f63k-699-aa","status":"publish","type":"product","link":"https:\/\/www.automobilia-atelier.de\/fr\/produkt\/moyeu-de-volant-ford-fiesta-rs-mk1-h77-f63k-699-aa\/","title":{"rendered":"Moyeu de volant Ford Fiesta \u00ab RS \u00bb Mk1 (H77 F63K 699 AA)"},"content":{"rendered":"<p><strong>Fabricant :<\/strong> Ford<br \/>\n<strong>\u00c9tat :<\/strong> voir photos d\u00e9taill\u00e9es<br \/>\n<strong>Ajuster:  <\/strong><\/p>\n<ul>\n<li>Ford Fiesta Mk1 (GFBT \/ WFBT)<\/li>\n<\/ul>\n","protected":false},"excerpt":{"rendered":"<p>Fabricant : Ford \u00c9tat : voir photos d\u00e9taill\u00e9es Ajuster: Ford Fiesta Mk1 (GFBT \/ WFBT)<\/p>\n","protected":false},"featured_media":18852,"template":"","meta":{"inline_featured_image":false,"_monsterinsights_skip_tracking":false,"_monsterinsights_sitenote_active":false,"_monsterinsights_sitenote_note":"","_monsterinsights_sitenote_category":0},"product_brand":[],"product_cat":[276,252],"product_tag":[],"class_list":{"0":"post-18847","1":"product","2":"type-product","3":"status-publish","4":"has-post-thumbnail","6":"product_cat-autre-fr-5","7":"product_cat-moyeux-de-volant","9":"first","10":"outofstock","11":"sold-individually","12":"product-type-simple"},"yoast_head":"<!-- This site is optimized with the Yoast SEO plugin v24.7 - https:\/\/yoast.com\/wordpress\/plugins\/seo\/ -->\n<title>Moyeu de volant Ford Fiesta \u00ab RS \u00bb Mk1 (H77 F63K 699 AA) -<\/title>\n<meta name=\"robots\" content=\"index, follow, max-snippet:-1, max-image-preview:large, max-video-preview:-1\" \/>\n<link rel=\"canonical\" href=\"https:\/\/www.automobilia-atelier.de\/fr\/produkt\/moyeu-de-volant-ford-fiesta-rs-mk1-h77-f63k-699-aa\/\" \/>\n<meta property=\"og:locale\" content=\"fr_FR\" \/>\n<meta property=\"og:type\" content=\"article\" \/>\n<meta property=\"og:title\" content=\"Moyeu de volant Ford Fiesta \u00ab RS \u00bb Mk1 (H77 F63K 699 AA) -\" \/>\n<meta property=\"og:description\" content=\"Fabricant : Ford \u00c9tat : voir photos d\u00e9taill\u00e9es Ajuster: Ford Fiesta Mk1 (GFBT \/ WFBT)\" \/>\n<meta property=\"og:url\" content=\"https:\/\/www.automobilia-atelier.de\/fr\/produkt\/moyeu-de-volant-ford-fiesta-rs-mk1-h77-f63k-699-aa\/\" \/>\n<meta property=\"og:image\" content=\"https:\/\/www.automobilia-atelier.de\/wp-content\/uploads\/2022\/04\/DSC3588-scaled.jpg\" \/>\n\t<meta property=\"og:image:width\" content=\"2400\" \/>\n\t<meta property=\"og:image:height\" content=\"1600\" \/>\n\t<meta property=\"og:image:type\" content=\"image\/jpeg\" \/>\n<meta name=\"twitter:card\" content=\"summary_large_image\" \/>\n<script type=\"application\/ld+json\" class=\"yoast-schema-graph\">{\"@context\":\"https:\/\/schema.org\",\"@graph\":[{\"@type\":\"WebPage\",\"@id\":\"https:\/\/www.automobilia-atelier.de\/fr\/produkt\/moyeu-de-volant-ford-fiesta-rs-mk1-h77-f63k-699-aa\/\",\"url\":\"https:\/\/www.automobilia-atelier.de\/fr\/produkt\/moyeu-de-volant-ford-fiesta-rs-mk1-h77-f63k-699-aa\/\",\"name\":\"Moyeu de volant Ford Fiesta \u00ab RS \u00bb Mk1 (H77 F63K 699 AA) -\",\"isPartOf\":{\"@id\":\"https:\/\/www.automobilia-atelier.de\/fr\/#website\"},\"primaryImageOfPage\":{\"@id\":\"https:\/\/www.automobilia-atelier.de\/fr\/produkt\/moyeu-de-volant-ford-fiesta-rs-mk1-h77-f63k-699-aa\/#primaryimage\"},\"image\":{\"@id\":\"https:\/\/www.automobilia-atelier.de\/fr\/produkt\/moyeu-de-volant-ford-fiesta-rs-mk1-h77-f63k-699-aa\/#primaryimage\"},\"thumbnailUrl\":\"https:\/\/www.automobilia-atelier.de\/wp-content\/uploads\/2022\/04\/DSC3588-scaled.jpg\",\"datePublished\":\"2021-04-01T15:20:42+00:00\",\"breadcrumb\":{\"@id\":\"https:\/\/www.automobilia-atelier.de\/fr\/produkt\/moyeu-de-volant-ford-fiesta-rs-mk1-h77-f63k-699-aa\/#breadcrumb\"},\"inLanguage\":\"fr-FR\",\"potentialAction\":[{\"@type\":\"ReadAction\",\"target\":[\"https:\/\/www.automobilia-atelier.de\/fr\/produkt\/moyeu-de-volant-ford-fiesta-rs-mk1-h77-f63k-699-aa\/\"]}]},{\"@type\":\"ImageObject\",\"inLanguage\":\"fr-FR\",\"@id\":\"https:\/\/www.automobilia-atelier.de\/fr\/produkt\/moyeu-de-volant-ford-fiesta-rs-mk1-h77-f63k-699-aa\/#primaryimage\",\"url\":\"https:\/\/www.automobilia-atelier.de\/wp-content\/uploads\/2022\/04\/DSC3588-scaled.jpg\",\"contentUrl\":\"https:\/\/www.automobilia-atelier.de\/wp-content\/uploads\/2022\/04\/DSC3588-scaled.jpg\",\"width\":2400,\"height\":1600},{\"@type\":\"BreadcrumbList\",\"@id\":\"https:\/\/www.automobilia-atelier.de\/fr\/produkt\/moyeu-de-volant-ford-fiesta-rs-mk1-h77-f63k-699-aa\/#breadcrumb\",\"itemListElement\":[{\"@type\":\"ListItem\",\"position\":1,\"name\":\"Startseite\",\"item\":\"https:\/\/www.automobilia-atelier.de\/fr\/\"},{\"@type\":\"ListItem\",\"position\":2,\"name\":\"Produits\",\"item\":\"https:\/\/www.automobilia-atelier.de\/fr\/shop\/\"},{\"@type\":\"ListItem\",\"position\":3,\"name\":\"Moyeu de volant Ford Fiesta \u00ab RS \u00bb Mk1 (H77 F63K 699 AA)\"}]},{\"@type\":\"WebSite\",\"@id\":\"https:\/\/www.automobilia-atelier.de\/fr\/#website\",\"url\":\"https:\/\/www.automobilia-atelier.de\/fr\/\",\"name\":\"\",\"description\":\"\",\"potentialAction\":[{\"@type\":\"SearchAction\",\"target\":{\"@type\":\"EntryPoint\",\"urlTemplate\":\"https:\/\/www.automobilia-atelier.de\/fr\/?s={search_term_string}\"},\"query-input\":{\"@type\":\"PropertyValueSpecification\",\"valueRequired\":true,\"valueName\":\"search_term_string\"}}],\"inLanguage\":\"fr-FR\"}]}<\/script>\n<!-- \/ Yoast SEO plugin. -->","yoast_head_json":{"title":"Moyeu de volant Ford Fiesta \u00ab RS \u00bb Mk1 (H77 F63K 699 AA) -","robots":{"index":"index","follow":"follow","max-snippet":"max-snippet:-1","max-image-preview":"max-image-preview:large","max-video-preview":"max-video-preview:-1"},"canonical":"https:\/\/www.automobilia-atelier.de\/fr\/produkt\/moyeu-de-volant-ford-fiesta-rs-mk1-h77-f63k-699-aa\/","og_locale":"fr_FR","og_type":"article","og_title":"Moyeu de volant Ford Fiesta \u00ab RS \u00bb Mk1 (H77 F63K 699 AA) -","og_description":"Fabricant : Ford \u00c9tat : voir photos d\u00e9taill\u00e9es Ajuster: Ford Fiesta Mk1 (GFBT \/ WFBT)","og_url":"https:\/\/www.automobilia-atelier.de\/fr\/produkt\/moyeu-de-volant-ford-fiesta-rs-mk1-h77-f63k-699-aa\/","og_image":[{"width":2400,"height":1600,"url":"https:\/\/www.automobilia-atelier.de\/wp-content\/uploads\/2022\/04\/DSC3588-scaled.jpg","type":"image\/jpeg"}],"twitter_card":"summary_large_image","schema":{"@context":"https:\/\/schema.org","@graph":[{"@type":"WebPage","@id":"https:\/\/www.automobilia-atelier.de\/fr\/produkt\/moyeu-de-volant-ford-fiesta-rs-mk1-h77-f63k-699-aa\/","url":"https:\/\/www.automobilia-atelier.de\/fr\/produkt\/moyeu-de-volant-ford-fiesta-rs-mk1-h77-f63k-699-aa\/","name":"Moyeu de volant Ford Fiesta \u00ab RS \u00bb Mk1 (H77 F63K 699 AA) -","isPartOf":{"@id":"https:\/\/www.automobilia-atelier.de\/fr\/#website"},"primaryImageOfPage":{"@id":"https:\/\/www.automobilia-atelier.de\/fr\/produkt\/moyeu-de-volant-ford-fiesta-rs-mk1-h77-f63k-699-aa\/#primaryimage"},"image":{"@id":"https:\/\/www.automobilia-atelier.de\/fr\/produkt\/moyeu-de-volant-ford-fiesta-rs-mk1-h77-f63k-699-aa\/#primaryimage"},"thumbnailUrl":"https:\/\/www.automobilia-atelier.de\/wp-content\/uploads\/2022\/04\/DSC3588-scaled.jpg","datePublished":"2021-04-01T15:20:42+00:00","breadcrumb":{"@id":"https:\/\/www.automobilia-atelier.de\/fr\/produkt\/moyeu-de-volant-ford-fiesta-rs-mk1-h77-f63k-699-aa\/#breadcrumb"},"inLanguage":"fr-FR","potentialAction":[{"@type":"ReadAction","target":["https:\/\/www.automobilia-atelier.de\/fr\/produkt\/moyeu-de-volant-ford-fiesta-rs-mk1-h77-f63k-699-aa\/"]}]},{"@type":"ImageObject","inLanguage":"fr-FR","@id":"https:\/\/www.automobilia-atelier.de\/fr\/produkt\/moyeu-de-volant-ford-fiesta-rs-mk1-h77-f63k-699-aa\/#primaryimage","url":"https:\/\/www.automobilia-atelier.de\/wp-content\/uploads\/2022\/04\/DSC3588-scaled.jpg","contentUrl":"https:\/\/www.automobilia-atelier.de\/wp-content\/uploads\/2022\/04\/DSC3588-scaled.jpg","width":2400,"height":1600},{"@type":"BreadcrumbList","@id":"https:\/\/www.automobilia-atelier.de\/fr\/produkt\/moyeu-de-volant-ford-fiesta-rs-mk1-h77-f63k-699-aa\/#breadcrumb","itemListElement":[{"@type":"ListItem","position":1,"name":"Startseite","item":"https:\/\/www.automobilia-atelier.de\/fr\/"},{"@type":"ListItem","position":2,"name":"Produits","item":"https:\/\/www.automobilia-atelier.de\/fr\/shop\/"},{"@type":"ListItem","position":3,"name":"Moyeu de volant Ford Fiesta \u00ab RS \u00bb Mk1 (H77 F63K 699 AA)"}]},{"@type":"WebSite","@id":"https:\/\/www.automobilia-atelier.de\/fr\/#website","url":"https:\/\/www.automobilia-atelier.de\/fr\/","name":"","description":"","potentialAction":[{"@type":"SearchAction","target":{"@type":"EntryPoint","urlTemplate":"https:\/\/www.automobilia-atelier.de\/fr\/?s={search_term_string}"},"query-input":{"@type":"PropertyValueSpecification","valueRequired":true,"valueName":"search_term_string"}}],"inLanguage":"fr-FR"}]}},"jetpack_sharing_enabled":true,"_links":{"self":[{"href":"https:\/\/www.automobilia-atelier.de\/fr\/wp-json\/wp\/v2\/product\/18847","targetHints":{"allow":["GET"]}}],"collection":[{"href":"https:\/\/www.automobilia-atelier.de\/fr\/wp-json\/wp\/v2\/product"}],"about":[{"href":"https:\/\/www.automobilia-atelier.de\/fr\/wp-json\/wp\/v2\/types\/product"}],"wp:featuredmedia":[{"embeddable":true,"href":"https:\/\/www.automobilia-atelier.de\/fr\/wp-json\/wp\/v2\/media\/18852"}],"wp:attachment":[{"href":"https:\/\/www.automobilia-atelier.de\/fr\/wp-json\/wp\/v2\/media?parent=18847"}],"wp:term":[{"taxonomy":"product_brand","embeddable":true,"href":"https:\/\/www.automobilia-atelier.de\/fr\/wp-json\/wp\/v2\/product_brand?post=18847"},{"taxonomy":"product_cat","embeddable":true,"href":"https:\/\/www.automobilia-atelier.de\/fr\/wp-json\/wp\/v2\/product_cat?post=18847"},{"taxonomy":"product_tag","embeddable":true,"href":"https:\/\/www.automobilia-atelier.de\/fr\/wp-json\/wp\/v2\/product_tag?post=18847"}],"curies":[{"name":"wp","href":"https:\/\/api.w.org\/{rel}","templated":true}]}}