{"id":18850,"date":"2021-03-11T08:57:02","date_gmt":"2021-03-11T07:57:02","guid":{"rendered":"https:\/\/www.automobilia-atelier.de\/produkt\/moyeu-de-volant-momo-nardi-vw-audi-porsche\/"},"modified":"2021-03-11T08:57:02","modified_gmt":"2021-03-11T07:57:02","slug":"moyeu-de-volant-momo-nardi-vw-audi-porsche","status":"publish","type":"product","link":"https:\/\/www.automobilia-atelier.de\/fr\/produkt\/moyeu-de-volant-momo-nardi-vw-audi-porsche\/","title":{"rendered":"Moyeu de volant MOMO \/ Nardi VW \/ Audi \/ Porsche"},"content":{"rendered":"<p><strong>Fabricant :<\/strong> MOMO \/ Nardi<br \/>\n<strong>\u00c9tat :<\/strong> voir photos d\u00e9taill\u00e9es<br \/>\n<strong>Ajustement :<\/strong> Double cercle de boulonnage MOMO + Nardi \/ Personal<\/p>\n<ul>\n<li>Audi 80 \/ 90 \u2013 Type81 \/ Type85 tous types + coup\u00e9<\/li>\n<li>Porsche 924 \/ 944<\/li>\n<li>VW Corrado \u2013 53i jusqu&rsquo;au num\u00e9ro de ch\u00e2ssis. 50-K-003000 (jusqu&rsquo;\u00e0 l&rsquo;ann\u00e9e mod\u00e8le 89)<\/li>\n<li>VW Golf 1 \u2013 17, 17CK<\/li>\n<li>VW Golf 1 Cabriolet \u2013 155 jusqu&rsquo;au num\u00e9ro de ch\u00e2ssis 15K-009650 (jusqu&rsquo;\u00e0 l&rsquo;ann\u00e9e mod\u00e8le 89)<\/li>\n<li>VW Jetta 1 \u2013 17, 17CK<\/li>\n<li>VW Caddy Pickup \u2013 14D<\/li>\n<li>VW Golf 2 + Syncro \u2013 jusqu&rsquo;au num\u00e9ro de ch\u00e2ssis. 1GKW272000, 1GKB055692 (jusqu&rsquo;\u00e0 l&rsquo;ann\u00e9e 89) <\/li>\n<li>VW Jetta 2 + Syncro \u2013 9E-299, jusqu&rsquo;au num\u00e9ro de ch\u00e2ssis 1GKW272000, 1GKB055692 (jusqu&rsquo;\u00e0 l&rsquo;ann\u00e9e 89)<\/li>\n<li>VW Coccinelle + Cabriolet \u2013 11, 15 (\u00e0 partir du 1\/74)<\/li>\n<li>VW Coccinelle 1303 + Cabriolet \u2013 13, 15 (\u00e0 partir du 1\/74)<\/li>\n<li>VW Passat \/ Santana \u2013 32, 32B, 32B-299, 33 tous types (\u00e0 partir de l&rsquo;ann\u00e9e 9\/77)<\/li>\n<li>VW Passat \u2013 35i, 35i-299, jusqu&rsquo;au num\u00e9ro de ch\u00e2ssis. 31-K-089315 avec ou sans colonne de direction \u00e0 angle r\u00e9glable (jusqu&rsquo;\u00e0 l&rsquo;ann\u00e9e mod\u00e8le 1989)<\/li>\n<li>VW Scirocco \u2013 53B, jusqu&rsquo;au num\u00e9ro de ch\u00e2ssis 53K-020789 (\u00e0 partir de l&rsquo;ann\u00e9e mod\u00e8le 5\/81-89)<\/li>\n<\/ul>\n<p>&nbsp;<\/p>\n","protected":false},"excerpt":{"rendered":"<p>Fabricant : MOMO \/ Nardi \u00c9tat : voir photos d\u00e9taill\u00e9es Ajustement : Double cercle de boulonnage MOMO + Nardi \/ Personal Audi 80 \/ 90 \u2013 Type81 \/ Type85 tous types + coup\u00e9 Porsche 924 \/ 944 VW Corrado \u2013 53i jusqu&rsquo;au num\u00e9ro de ch\u00e2ssis. 50-K-003000 (jusqu&rsquo;\u00e0 l&rsquo;ann\u00e9e mod\u00e8le 89) VW Golf 1 \u2013 17, &hellip; <a href=\"https:\/\/www.automobilia-atelier.de\/fr\/produkt\/moyeu-de-volant-momo-nardi-vw-audi-porsche\/\" class=\"more-link\">Continuer \u00e0 lire <span class=\"screen-reader-text\">Moyeu de volant MOMO \/ Nardi VW \/ Audi \/ Porsche<\/span> <span class=\"meta-nav\">\u2192<\/span><\/a><\/p>\n","protected":false},"featured_media":18856,"template":"","meta":{"inline_featured_image":false,"_monsterinsights_skip_tracking":false,"_monsterinsights_sitenote_active":false,"_monsterinsights_sitenote_note":"","_monsterinsights_sitenote_category":0},"product_brand":[],"product_cat":[253,252,272],"product_tag":[],"class_list":{"0":"post-18850","1":"product","2":"type-product","3":"status-publish","4":"has-post-thumbnail","6":"product_cat-momo-fr-2","7":"product_cat-moyeux-de-volant","8":"product_cat-nardi-personnel-fr-2","10":"first","11":"outofstock","12":"sold-individually","13":"product-type-simple"},"yoast_head":"<!-- This site is optimized with the Yoast SEO plugin v24.7 - https:\/\/yoast.com\/wordpress\/plugins\/seo\/ -->\n<title>Moyeu de volant MOMO \/ Nardi VW \/ Audi \/ Porsche -<\/title>\n<meta name=\"robots\" content=\"index, follow, max-snippet:-1, max-image-preview:large, max-video-preview:-1\" \/>\n<link rel=\"canonical\" href=\"https:\/\/www.automobilia-atelier.de\/fr\/produkt\/moyeu-de-volant-momo-nardi-vw-audi-porsche\/\" \/>\n<meta property=\"og:locale\" content=\"fr_FR\" \/>\n<meta property=\"og:type\" content=\"article\" \/>\n<meta property=\"og:title\" content=\"Moyeu de volant MOMO \/ Nardi VW \/ Audi \/ Porsche -\" \/>\n<meta property=\"og:description\" content=\"Fabricant : MOMO \/ Nardi \u00c9tat : voir photos d\u00e9taill\u00e9es Ajustement : Double cercle de boulonnage MOMO + Nardi \/ Personal Audi 80 \/ 90 \u2013 Type81 \/ Type85 tous types + coup\u00e9 Porsche 924 \/ 944 VW Corrado \u2013 53i jusqu&rsquo;au num\u00e9ro de ch\u00e2ssis. 50-K-003000 (jusqu&rsquo;\u00e0 l&rsquo;ann\u00e9e mod\u00e8le 89) VW Golf 1 \u2013 17, &hellip; Continuer \u00e0 lire Moyeu de volant MOMO \/ Nardi VW \/ Audi \/ Porsche \u2192\" \/>\n<meta property=\"og:url\" content=\"https:\/\/www.automobilia-atelier.de\/fr\/produkt\/moyeu-de-volant-momo-nardi-vw-audi-porsche\/\" \/>\n<meta property=\"og:image\" content=\"https:\/\/www.automobilia-atelier.de\/wp-content\/uploads\/2022\/03\/DSC3464-scaled.jpg\" \/>\n\t<meta property=\"og:image:width\" content=\"2400\" \/>\n\t<meta property=\"og:image:height\" content=\"1600\" \/>\n\t<meta property=\"og:image:type\" content=\"image\/jpeg\" \/>\n<meta name=\"twitter:card\" content=\"summary_large_image\" \/>\n<meta name=\"twitter:label1\" content=\"Dur\u00e9e de lecture estim\u00e9e\" \/>\n\t<meta name=\"twitter:data1\" content=\"1 minute\" \/>\n<script type=\"application\/ld+json\" class=\"yoast-schema-graph\">{\"@context\":\"https:\/\/schema.org\",\"@graph\":[{\"@type\":\"WebPage\",\"@id\":\"https:\/\/www.automobilia-atelier.de\/fr\/produkt\/moyeu-de-volant-momo-nardi-vw-audi-porsche\/\",\"url\":\"https:\/\/www.automobilia-atelier.de\/fr\/produkt\/moyeu-de-volant-momo-nardi-vw-audi-porsche\/\",\"name\":\"Moyeu de volant MOMO \/ Nardi VW \/ Audi \/ Porsche -\",\"isPartOf\":{\"@id\":\"https:\/\/www.automobilia-atelier.de\/fr\/#website\"},\"primaryImageOfPage\":{\"@id\":\"https:\/\/www.automobilia-atelier.de\/fr\/produkt\/moyeu-de-volant-momo-nardi-vw-audi-porsche\/#primaryimage\"},\"image\":{\"@id\":\"https:\/\/www.automobilia-atelier.de\/fr\/produkt\/moyeu-de-volant-momo-nardi-vw-audi-porsche\/#primaryimage\"},\"thumbnailUrl\":\"https:\/\/www.automobilia-atelier.de\/wp-content\/uploads\/2022\/03\/DSC3464-scaled.jpg\",\"datePublished\":\"2021-03-11T07:57:02+00:00\",\"breadcrumb\":{\"@id\":\"https:\/\/www.automobilia-atelier.de\/fr\/produkt\/moyeu-de-volant-momo-nardi-vw-audi-porsche\/#breadcrumb\"},\"inLanguage\":\"fr-FR\",\"potentialAction\":[{\"@type\":\"ReadAction\",\"target\":[\"https:\/\/www.automobilia-atelier.de\/fr\/produkt\/moyeu-de-volant-momo-nardi-vw-audi-porsche\/\"]}]},{\"@type\":\"ImageObject\",\"inLanguage\":\"fr-FR\",\"@id\":\"https:\/\/www.automobilia-atelier.de\/fr\/produkt\/moyeu-de-volant-momo-nardi-vw-audi-porsche\/#primaryimage\",\"url\":\"https:\/\/www.automobilia-atelier.de\/wp-content\/uploads\/2022\/03\/DSC3464-scaled.jpg\",\"contentUrl\":\"https:\/\/www.automobilia-atelier.de\/wp-content\/uploads\/2022\/03\/DSC3464-scaled.jpg\",\"width\":2400,\"height\":1600},{\"@type\":\"BreadcrumbList\",\"@id\":\"https:\/\/www.automobilia-atelier.de\/fr\/produkt\/moyeu-de-volant-momo-nardi-vw-audi-porsche\/#breadcrumb\",\"itemListElement\":[{\"@type\":\"ListItem\",\"position\":1,\"name\":\"Startseite\",\"item\":\"https:\/\/www.automobilia-atelier.de\/fr\/\"},{\"@type\":\"ListItem\",\"position\":2,\"name\":\"Produits\",\"item\":\"https:\/\/www.automobilia-atelier.de\/fr\/shop\/\"},{\"@type\":\"ListItem\",\"position\":3,\"name\":\"Moyeu de volant MOMO \/ Nardi VW \/ Audi \/ Porsche\"}]},{\"@type\":\"WebSite\",\"@id\":\"https:\/\/www.automobilia-atelier.de\/fr\/#website\",\"url\":\"https:\/\/www.automobilia-atelier.de\/fr\/\",\"name\":\"\",\"description\":\"\",\"potentialAction\":[{\"@type\":\"SearchAction\",\"target\":{\"@type\":\"EntryPoint\",\"urlTemplate\":\"https:\/\/www.automobilia-atelier.de\/fr\/?s={search_term_string}\"},\"query-input\":{\"@type\":\"PropertyValueSpecification\",\"valueRequired\":true,\"valueName\":\"search_term_string\"}}],\"inLanguage\":\"fr-FR\"}]}<\/script>\n<!-- \/ Yoast SEO plugin. -->","yoast_head_json":{"title":"Moyeu de volant MOMO \/ Nardi VW \/ Audi \/ Porsche -","robots":{"index":"index","follow":"follow","max-snippet":"max-snippet:-1","max-image-preview":"max-image-preview:large","max-video-preview":"max-video-preview:-1"},"canonical":"https:\/\/www.automobilia-atelier.de\/fr\/produkt\/moyeu-de-volant-momo-nardi-vw-audi-porsche\/","og_locale":"fr_FR","og_type":"article","og_title":"Moyeu de volant MOMO \/ Nardi VW \/ Audi \/ Porsche -","og_description":"Fabricant : MOMO \/ Nardi \u00c9tat : voir photos d\u00e9taill\u00e9es Ajustement : Double cercle de boulonnage MOMO + Nardi \/ Personal Audi 80 \/ 90 \u2013 Type81 \/ Type85 tous types + coup\u00e9 Porsche 924 \/ 944 VW Corrado \u2013 53i jusqu&rsquo;au num\u00e9ro de ch\u00e2ssis. 50-K-003000 (jusqu&rsquo;\u00e0 l&rsquo;ann\u00e9e mod\u00e8le 89) VW Golf 1 \u2013 17, &hellip; Continuer \u00e0 lire Moyeu de volant MOMO \/ Nardi VW \/ Audi \/ Porsche \u2192","og_url":"https:\/\/www.automobilia-atelier.de\/fr\/produkt\/moyeu-de-volant-momo-nardi-vw-audi-porsche\/","og_image":[{"width":2400,"height":1600,"url":"https:\/\/www.automobilia-atelier.de\/wp-content\/uploads\/2022\/03\/DSC3464-scaled.jpg","type":"image\/jpeg"}],"twitter_card":"summary_large_image","twitter_misc":{"Dur\u00e9e de lecture estim\u00e9e":"1 minute"},"schema":{"@context":"https:\/\/schema.org","@graph":[{"@type":"WebPage","@id":"https:\/\/www.automobilia-atelier.de\/fr\/produkt\/moyeu-de-volant-momo-nardi-vw-audi-porsche\/","url":"https:\/\/www.automobilia-atelier.de\/fr\/produkt\/moyeu-de-volant-momo-nardi-vw-audi-porsche\/","name":"Moyeu de volant MOMO \/ Nardi VW \/ Audi \/ Porsche -","isPartOf":{"@id":"https:\/\/www.automobilia-atelier.de\/fr\/#website"},"primaryImageOfPage":{"@id":"https:\/\/www.automobilia-atelier.de\/fr\/produkt\/moyeu-de-volant-momo-nardi-vw-audi-porsche\/#primaryimage"},"image":{"@id":"https:\/\/www.automobilia-atelier.de\/fr\/produkt\/moyeu-de-volant-momo-nardi-vw-audi-porsche\/#primaryimage"},"thumbnailUrl":"https:\/\/www.automobilia-atelier.de\/wp-content\/uploads\/2022\/03\/DSC3464-scaled.jpg","datePublished":"2021-03-11T07:57:02+00:00","breadcrumb":{"@id":"https:\/\/www.automobilia-atelier.de\/fr\/produkt\/moyeu-de-volant-momo-nardi-vw-audi-porsche\/#breadcrumb"},"inLanguage":"fr-FR","potentialAction":[{"@type":"ReadAction","target":["https:\/\/www.automobilia-atelier.de\/fr\/produkt\/moyeu-de-volant-momo-nardi-vw-audi-porsche\/"]}]},{"@type":"ImageObject","inLanguage":"fr-FR","@id":"https:\/\/www.automobilia-atelier.de\/fr\/produkt\/moyeu-de-volant-momo-nardi-vw-audi-porsche\/#primaryimage","url":"https:\/\/www.automobilia-atelier.de\/wp-content\/uploads\/2022\/03\/DSC3464-scaled.jpg","contentUrl":"https:\/\/www.automobilia-atelier.de\/wp-content\/uploads\/2022\/03\/DSC3464-scaled.jpg","width":2400,"height":1600},{"@type":"BreadcrumbList","@id":"https:\/\/www.automobilia-atelier.de\/fr\/produkt\/moyeu-de-volant-momo-nardi-vw-audi-porsche\/#breadcrumb","itemListElement":[{"@type":"ListItem","position":1,"name":"Startseite","item":"https:\/\/www.automobilia-atelier.de\/fr\/"},{"@type":"ListItem","position":2,"name":"Produits","item":"https:\/\/www.automobilia-atelier.de\/fr\/shop\/"},{"@type":"ListItem","position":3,"name":"Moyeu de volant MOMO \/ Nardi VW \/ Audi \/ Porsche"}]},{"@type":"WebSite","@id":"https:\/\/www.automobilia-atelier.de\/fr\/#website","url":"https:\/\/www.automobilia-atelier.de\/fr\/","name":"","description":"","potentialAction":[{"@type":"SearchAction","target":{"@type":"EntryPoint","urlTemplate":"https:\/\/www.automobilia-atelier.de\/fr\/?s={search_term_string}"},"query-input":{"@type":"PropertyValueSpecification","valueRequired":true,"valueName":"search_term_string"}}],"inLanguage":"fr-FR"}]}},"jetpack_sharing_enabled":true,"_links":{"self":[{"href":"https:\/\/www.automobilia-atelier.de\/fr\/wp-json\/wp\/v2\/product\/18850","targetHints":{"allow":["GET"]}}],"collection":[{"href":"https:\/\/www.automobilia-atelier.de\/fr\/wp-json\/wp\/v2\/product"}],"about":[{"href":"https:\/\/www.automobilia-atelier.de\/fr\/wp-json\/wp\/v2\/types\/product"}],"wp:featuredmedia":[{"embeddable":true,"href":"https:\/\/www.automobilia-atelier.de\/fr\/wp-json\/wp\/v2\/media\/18856"}],"wp:attachment":[{"href":"https:\/\/www.automobilia-atelier.de\/fr\/wp-json\/wp\/v2\/media?parent=18850"}],"wp:term":[{"taxonomy":"product_brand","embeddable":true,"href":"https:\/\/www.automobilia-atelier.de\/fr\/wp-json\/wp\/v2\/product_brand?post=18850"},{"taxonomy":"product_cat","embeddable":true,"href":"https:\/\/www.automobilia-atelier.de\/fr\/wp-json\/wp\/v2\/product_cat?post=18850"},{"taxonomy":"product_tag","embeddable":true,"href":"https:\/\/www.automobilia-atelier.de\/fr\/wp-json\/wp\/v2\/product_tag?post=18850"}],"curies":[{"name":"wp","href":"https:\/\/api.w.org\/{rel}","templated":true}]}}