{"id":18929,"date":"2023-09-06T09:02:02","date_gmt":"2023-09-06T07:02:02","guid":{"rendered":"https:\/\/www.automobilia-atelier.de\/produkt\/volant-en-bois-des-annees-1960-pour-ford-cortina-lotus-elan-triumph-spitfire\/"},"modified":"2023-09-06T09:02:02","modified_gmt":"2023-09-06T07:02:02","slug":"volant-en-bois-des-annees-1960-pour-ford-cortina-lotus-elan-triumph-spitfire","status":"publish","type":"product","link":"https:\/\/www.automobilia-atelier.de\/fr\/produkt\/volant-en-bois-des-annees-1960-pour-ford-cortina-lotus-elan-triumph-spitfire\/","title":{"rendered":"Volant en bois des ann\u00e9es 1960 pour Ford Cortina \/ Lotus Elan \/ Triumph Spitfire"},"content":{"rendered":"<p><strong>Fabricant :<\/strong> Inconnu<br \/>\n<strong>Diam\u00e8tre :<\/strong> 365 mm<br \/>\n<strong>Date de production :<\/strong> environ 1960-1970<br \/>\n<strong>\u00c9tat :<\/strong> voir photos d\u00e9taill\u00e9es<br \/>\n<strong>Pr\u00e9cision d&rsquo;ajustement :<\/strong> denture 36 dents \/ 16mm de diam\u00e8tre. V\u00e9rifiez s&rsquo;il vous pla\u00eet! <\/p>\n<ul>\n<li>Ford Lotus Cortina MK1<\/li>\n<li>Lotus Elan MK1<\/li>\n<li>Lotus Elan MK2<\/li>\n<li>Triumph Spitfire 4 Mk1<\/li>\n<li>Triumph Spitfire MK2<\/li>\n<\/ul>\n<p>bouton de klaxon Triumph disponible en alternative<\/p>\n","protected":false},"excerpt":{"rendered":"<p>Fabricant : Inconnu Diam\u00e8tre : 365 mm Date de production : environ 1960-1970 \u00c9tat : voir photos d\u00e9taill\u00e9es Pr\u00e9cision d&rsquo;ajustement : denture 36 dents \/ 16mm de diam\u00e8tre. V\u00e9rifiez s&rsquo;il vous pla\u00eet! Ford Lotus Cortina MK1 Lotus Elan MK1 Lotus Elan MK2 Triumph Spitfire 4 Mk1 Triumph Spitfire MK2 bouton de klaxon Triumph disponible en &hellip; <a href=\"https:\/\/www.automobilia-atelier.de\/fr\/produkt\/volant-en-bois-des-annees-1960-pour-ford-cortina-lotus-elan-triumph-spitfire\/\" class=\"more-link\">Continuer \u00e0 lire <span class=\"screen-reader-text\">Volant en bois des ann\u00e9es 1960 pour Ford Cortina \/ Lotus Elan \/ Triumph Spitfire<\/span> <span class=\"meta-nav\">\u2192<\/span><\/a><\/p>\n","protected":false},"featured_media":18931,"template":"","meta":{"inline_featured_image":false,"_monsterinsights_skip_tracking":false,"_monsterinsights_sitenote_active":false,"_monsterinsights_sitenote_note":"","_monsterinsights_sitenote_category":0},"product_brand":[],"product_cat":[247,236,237],"product_tag":[],"class_list":{"0":"post-18929","1":"product","2":"type-product","3":"status-publish","4":"has-post-thumbnail","6":"product_cat-autre","7":"product_cat-pieces-de-vehicules-classiques","8":"product_cat-volants","10":"first","11":"outofstock","12":"sold-individually","13":"product-type-simple"},"yoast_head":"<!-- This site is optimized with the Yoast SEO plugin v24.7 - https:\/\/yoast.com\/wordpress\/plugins\/seo\/ -->\n<title>Volant en bois des ann\u00e9es 1960 pour Ford Cortina \/ Lotus Elan \/ Triumph Spitfire -<\/title>\n<meta name=\"robots\" content=\"index, follow, max-snippet:-1, max-image-preview:large, max-video-preview:-1\" \/>\n<link rel=\"canonical\" href=\"https:\/\/www.automobilia-atelier.de\/fr\/produkt\/volant-en-bois-des-annees-1960-pour-ford-cortina-lotus-elan-triumph-spitfire\/\" \/>\n<meta property=\"og:locale\" content=\"fr_FR\" \/>\n<meta property=\"og:type\" content=\"article\" \/>\n<meta property=\"og:title\" content=\"Volant en bois des ann\u00e9es 1960 pour Ford Cortina \/ Lotus Elan \/ Triumph Spitfire -\" \/>\n<meta property=\"og:description\" content=\"Fabricant : Inconnu Diam\u00e8tre : 365 mm Date de production : environ 1960-1970 \u00c9tat : voir photos d\u00e9taill\u00e9es Pr\u00e9cision d&rsquo;ajustement : denture 36 dents \/ 16mm de diam\u00e8tre. V\u00e9rifiez s&rsquo;il vous pla\u00eet! Ford Lotus Cortina MK1 Lotus Elan MK1 Lotus Elan MK2 Triumph Spitfire 4 Mk1 Triumph Spitfire MK2 bouton de klaxon Triumph disponible en &hellip; Continuer \u00e0 lire Volant en bois des ann\u00e9es 1960 pour Ford Cortina \/ Lotus Elan \/ Triumph Spitfire \u2192\" \/>\n<meta property=\"og:url\" content=\"https:\/\/www.automobilia-atelier.de\/fr\/produkt\/volant-en-bois-des-annees-1960-pour-ford-cortina-lotus-elan-triumph-spitfire\/\" \/>\n<meta property=\"og:image\" content=\"https:\/\/www.automobilia-atelier.de\/wp-content\/uploads\/2022\/05\/DSC4486-scaled.jpg\" \/>\n\t<meta property=\"og:image:width\" content=\"2400\" \/>\n\t<meta property=\"og:image:height\" content=\"1600\" \/>\n\t<meta property=\"og:image:type\" content=\"image\/jpeg\" \/>\n<meta name=\"twitter:card\" content=\"summary_large_image\" \/>\n<script type=\"application\/ld+json\" class=\"yoast-schema-graph\">{\"@context\":\"https:\/\/schema.org\",\"@graph\":[{\"@type\":\"WebPage\",\"@id\":\"https:\/\/www.automobilia-atelier.de\/fr\/produkt\/volant-en-bois-des-annees-1960-pour-ford-cortina-lotus-elan-triumph-spitfire\/\",\"url\":\"https:\/\/www.automobilia-atelier.de\/fr\/produkt\/volant-en-bois-des-annees-1960-pour-ford-cortina-lotus-elan-triumph-spitfire\/\",\"name\":\"Volant en bois des ann\u00e9es 1960 pour Ford Cortina \/ Lotus Elan \/ Triumph Spitfire -\",\"isPartOf\":{\"@id\":\"https:\/\/www.automobilia-atelier.de\/fr\/#website\"},\"primaryImageOfPage\":{\"@id\":\"https:\/\/www.automobilia-atelier.de\/fr\/produkt\/volant-en-bois-des-annees-1960-pour-ford-cortina-lotus-elan-triumph-spitfire\/#primaryimage\"},\"image\":{\"@id\":\"https:\/\/www.automobilia-atelier.de\/fr\/produkt\/volant-en-bois-des-annees-1960-pour-ford-cortina-lotus-elan-triumph-spitfire\/#primaryimage\"},\"thumbnailUrl\":\"https:\/\/www.automobilia-atelier.de\/wp-content\/uploads\/2022\/05\/DSC4486-scaled.jpg\",\"datePublished\":\"2023-09-06T07:02:02+00:00\",\"breadcrumb\":{\"@id\":\"https:\/\/www.automobilia-atelier.de\/fr\/produkt\/volant-en-bois-des-annees-1960-pour-ford-cortina-lotus-elan-triumph-spitfire\/#breadcrumb\"},\"inLanguage\":\"fr-FR\",\"potentialAction\":[{\"@type\":\"ReadAction\",\"target\":[\"https:\/\/www.automobilia-atelier.de\/fr\/produkt\/volant-en-bois-des-annees-1960-pour-ford-cortina-lotus-elan-triumph-spitfire\/\"]}]},{\"@type\":\"ImageObject\",\"inLanguage\":\"fr-FR\",\"@id\":\"https:\/\/www.automobilia-atelier.de\/fr\/produkt\/volant-en-bois-des-annees-1960-pour-ford-cortina-lotus-elan-triumph-spitfire\/#primaryimage\",\"url\":\"https:\/\/www.automobilia-atelier.de\/wp-content\/uploads\/2022\/05\/DSC4486-scaled.jpg\",\"contentUrl\":\"https:\/\/www.automobilia-atelier.de\/wp-content\/uploads\/2022\/05\/DSC4486-scaled.jpg\",\"width\":2400,\"height\":1600},{\"@type\":\"BreadcrumbList\",\"@id\":\"https:\/\/www.automobilia-atelier.de\/fr\/produkt\/volant-en-bois-des-annees-1960-pour-ford-cortina-lotus-elan-triumph-spitfire\/#breadcrumb\",\"itemListElement\":[{\"@type\":\"ListItem\",\"position\":1,\"name\":\"Startseite\",\"item\":\"https:\/\/www.automobilia-atelier.de\/fr\/\"},{\"@type\":\"ListItem\",\"position\":2,\"name\":\"Produits\",\"item\":\"https:\/\/www.automobilia-atelier.de\/fr\/shop\/\"},{\"@type\":\"ListItem\",\"position\":3,\"name\":\"Volant en bois des ann\u00e9es 1960 pour Ford Cortina \/ Lotus Elan \/ Triumph Spitfire\"}]},{\"@type\":\"WebSite\",\"@id\":\"https:\/\/www.automobilia-atelier.de\/fr\/#website\",\"url\":\"https:\/\/www.automobilia-atelier.de\/fr\/\",\"name\":\"\",\"description\":\"\",\"potentialAction\":[{\"@type\":\"SearchAction\",\"target\":{\"@type\":\"EntryPoint\",\"urlTemplate\":\"https:\/\/www.automobilia-atelier.de\/fr\/?s={search_term_string}\"},\"query-input\":{\"@type\":\"PropertyValueSpecification\",\"valueRequired\":true,\"valueName\":\"search_term_string\"}}],\"inLanguage\":\"fr-FR\"}]}<\/script>\n<!-- \/ Yoast SEO plugin. -->","yoast_head_json":{"title":"Volant en bois des ann\u00e9es 1960 pour Ford Cortina \/ Lotus Elan \/ Triumph Spitfire -","robots":{"index":"index","follow":"follow","max-snippet":"max-snippet:-1","max-image-preview":"max-image-preview:large","max-video-preview":"max-video-preview:-1"},"canonical":"https:\/\/www.automobilia-atelier.de\/fr\/produkt\/volant-en-bois-des-annees-1960-pour-ford-cortina-lotus-elan-triumph-spitfire\/","og_locale":"fr_FR","og_type":"article","og_title":"Volant en bois des ann\u00e9es 1960 pour Ford Cortina \/ Lotus Elan \/ Triumph Spitfire -","og_description":"Fabricant : Inconnu Diam\u00e8tre : 365 mm Date de production : environ 1960-1970 \u00c9tat : voir photos d\u00e9taill\u00e9es Pr\u00e9cision d&rsquo;ajustement : denture 36 dents \/ 16mm de diam\u00e8tre. V\u00e9rifiez s&rsquo;il vous pla\u00eet! Ford Lotus Cortina MK1 Lotus Elan MK1 Lotus Elan MK2 Triumph Spitfire 4 Mk1 Triumph Spitfire MK2 bouton de klaxon Triumph disponible en &hellip; Continuer \u00e0 lire Volant en bois des ann\u00e9es 1960 pour Ford Cortina \/ Lotus Elan \/ Triumph Spitfire \u2192","og_url":"https:\/\/www.automobilia-atelier.de\/fr\/produkt\/volant-en-bois-des-annees-1960-pour-ford-cortina-lotus-elan-triumph-spitfire\/","og_image":[{"width":2400,"height":1600,"url":"https:\/\/www.automobilia-atelier.de\/wp-content\/uploads\/2022\/05\/DSC4486-scaled.jpg","type":"image\/jpeg"}],"twitter_card":"summary_large_image","schema":{"@context":"https:\/\/schema.org","@graph":[{"@type":"WebPage","@id":"https:\/\/www.automobilia-atelier.de\/fr\/produkt\/volant-en-bois-des-annees-1960-pour-ford-cortina-lotus-elan-triumph-spitfire\/","url":"https:\/\/www.automobilia-atelier.de\/fr\/produkt\/volant-en-bois-des-annees-1960-pour-ford-cortina-lotus-elan-triumph-spitfire\/","name":"Volant en bois des ann\u00e9es 1960 pour Ford Cortina \/ Lotus Elan \/ Triumph Spitfire -","isPartOf":{"@id":"https:\/\/www.automobilia-atelier.de\/fr\/#website"},"primaryImageOfPage":{"@id":"https:\/\/www.automobilia-atelier.de\/fr\/produkt\/volant-en-bois-des-annees-1960-pour-ford-cortina-lotus-elan-triumph-spitfire\/#primaryimage"},"image":{"@id":"https:\/\/www.automobilia-atelier.de\/fr\/produkt\/volant-en-bois-des-annees-1960-pour-ford-cortina-lotus-elan-triumph-spitfire\/#primaryimage"},"thumbnailUrl":"https:\/\/www.automobilia-atelier.de\/wp-content\/uploads\/2022\/05\/DSC4486-scaled.jpg","datePublished":"2023-09-06T07:02:02+00:00","breadcrumb":{"@id":"https:\/\/www.automobilia-atelier.de\/fr\/produkt\/volant-en-bois-des-annees-1960-pour-ford-cortina-lotus-elan-triumph-spitfire\/#breadcrumb"},"inLanguage":"fr-FR","potentialAction":[{"@type":"ReadAction","target":["https:\/\/www.automobilia-atelier.de\/fr\/produkt\/volant-en-bois-des-annees-1960-pour-ford-cortina-lotus-elan-triumph-spitfire\/"]}]},{"@type":"ImageObject","inLanguage":"fr-FR","@id":"https:\/\/www.automobilia-atelier.de\/fr\/produkt\/volant-en-bois-des-annees-1960-pour-ford-cortina-lotus-elan-triumph-spitfire\/#primaryimage","url":"https:\/\/www.automobilia-atelier.de\/wp-content\/uploads\/2022\/05\/DSC4486-scaled.jpg","contentUrl":"https:\/\/www.automobilia-atelier.de\/wp-content\/uploads\/2022\/05\/DSC4486-scaled.jpg","width":2400,"height":1600},{"@type":"BreadcrumbList","@id":"https:\/\/www.automobilia-atelier.de\/fr\/produkt\/volant-en-bois-des-annees-1960-pour-ford-cortina-lotus-elan-triumph-spitfire\/#breadcrumb","itemListElement":[{"@type":"ListItem","position":1,"name":"Startseite","item":"https:\/\/www.automobilia-atelier.de\/fr\/"},{"@type":"ListItem","position":2,"name":"Produits","item":"https:\/\/www.automobilia-atelier.de\/fr\/shop\/"},{"@type":"ListItem","position":3,"name":"Volant en bois des ann\u00e9es 1960 pour Ford Cortina \/ Lotus Elan \/ Triumph Spitfire"}]},{"@type":"WebSite","@id":"https:\/\/www.automobilia-atelier.de\/fr\/#website","url":"https:\/\/www.automobilia-atelier.de\/fr\/","name":"","description":"","potentialAction":[{"@type":"SearchAction","target":{"@type":"EntryPoint","urlTemplate":"https:\/\/www.automobilia-atelier.de\/fr\/?s={search_term_string}"},"query-input":{"@type":"PropertyValueSpecification","valueRequired":true,"valueName":"search_term_string"}}],"inLanguage":"fr-FR"}]}},"jetpack_sharing_enabled":true,"_links":{"self":[{"href":"https:\/\/www.automobilia-atelier.de\/fr\/wp-json\/wp\/v2\/product\/18929","targetHints":{"allow":["GET"]}}],"collection":[{"href":"https:\/\/www.automobilia-atelier.de\/fr\/wp-json\/wp\/v2\/product"}],"about":[{"href":"https:\/\/www.automobilia-atelier.de\/fr\/wp-json\/wp\/v2\/types\/product"}],"wp:featuredmedia":[{"embeddable":true,"href":"https:\/\/www.automobilia-atelier.de\/fr\/wp-json\/wp\/v2\/media\/18931"}],"wp:attachment":[{"href":"https:\/\/www.automobilia-atelier.de\/fr\/wp-json\/wp\/v2\/media?parent=18929"}],"wp:term":[{"taxonomy":"product_brand","embeddable":true,"href":"https:\/\/www.automobilia-atelier.de\/fr\/wp-json\/wp\/v2\/product_brand?post=18929"},{"taxonomy":"product_cat","embeddable":true,"href":"https:\/\/www.automobilia-atelier.de\/fr\/wp-json\/wp\/v2\/product_cat?post=18929"},{"taxonomy":"product_tag","embeddable":true,"href":"https:\/\/www.automobilia-atelier.de\/fr\/wp-json\/wp\/v2\/product_tag?post=18929"}],"curies":[{"name":"wp","href":"https:\/\/api.w.org\/{rel}","templated":true}]}}