{"id":19001,"date":"2020-10-01T17:27:14","date_gmt":"2020-10-01T15:27:14","guid":{"rendered":"https:\/\/www.automobilia-atelier.de\/produkt\/volant-en-bois-nardi-de-fiat-2300-s-coupe-de-1964\/"},"modified":"2020-10-01T17:27:14","modified_gmt":"2020-10-01T15:27:14","slug":"volant-en-bois-nardi-de-fiat-2300-s-coupe-de-1964","status":"publish","type":"product","link":"https:\/\/www.automobilia-atelier.de\/fr\/produkt\/volant-en-bois-nardi-de-fiat-2300-s-coupe-de-1964\/","title":{"rendered":"Volant en bois Nardi de Fiat 2300 S Coup\u00e9 de 1964"},"content":{"rendered":"<p><strong>Fabricant :<\/strong> Nardi<br \/>\n <strong>Diam\u00e8tre :<\/strong> 430 mm<br \/>\n <strong>Date de production :<\/strong> 1964<br \/>\n <strong>\u00c9tat de la jante du volant :<\/strong> \u00e9tat d&rsquo;origine<br \/>\n <strong>Compatibilit\u00e9 :<\/strong> Fiat 2300S Coup\u00e9<\/p>\n","protected":false},"excerpt":{"rendered":"<p>Fabricant : Nardi Diam\u00e8tre : 430 mm Date de production : 1964 \u00c9tat de la jante du volant : \u00e9tat d&rsquo;origine Compatibilit\u00e9 : Fiat 2300S Coup\u00e9<\/p>\n","protected":false},"featured_media":19003,"template":"","meta":{"inline_featured_image":false,"_monsterinsights_skip_tracking":false,"_monsterinsights_sitenote_active":false,"_monsterinsights_sitenote_note":"","_monsterinsights_sitenote_category":0},"product_brand":[],"product_cat":[244,236,237,248],"product_tag":[],"class_list":{"0":"post-19001","1":"product","2":"type-product","3":"status-publish","4":"has-post-thumbnail","6":"product_cat-nardi-personal-fr-2","7":"product_cat-pieces-de-vehicules-classiques","8":"product_cat-volants","9":"product_cat-volants-en-bois","11":"first","12":"outofstock","13":"sold-individually","14":"product-type-simple"},"yoast_head":"<!-- This site is optimized with the Yoast SEO plugin v24.7 - https:\/\/yoast.com\/wordpress\/plugins\/seo\/ -->\n<title>Volant en bois Nardi de Fiat 2300 S Coup\u00e9 de 1964 -<\/title>\n<meta name=\"robots\" content=\"index, follow, max-snippet:-1, max-image-preview:large, max-video-preview:-1\" \/>\n<link rel=\"canonical\" href=\"https:\/\/www.automobilia-atelier.de\/fr\/produkt\/volant-en-bois-nardi-de-fiat-2300-s-coupe-de-1964\/\" \/>\n<meta property=\"og:locale\" content=\"fr_FR\" \/>\n<meta property=\"og:type\" content=\"article\" \/>\n<meta property=\"og:title\" content=\"Volant en bois Nardi de Fiat 2300 S Coup\u00e9 de 1964 -\" \/>\n<meta property=\"og:description\" content=\"Fabricant : Nardi Diam\u00e8tre : 430 mm Date de production : 1964 \u00c9tat de la jante du volant : \u00e9tat d&rsquo;origine Compatibilit\u00e9 : Fiat 2300S Coup\u00e9\" \/>\n<meta property=\"og:url\" content=\"https:\/\/www.automobilia-atelier.de\/fr\/produkt\/volant-en-bois-nardi-de-fiat-2300-s-coupe-de-1964\/\" \/>\n<meta property=\"og:image\" content=\"https:\/\/www.automobilia-atelier.de\/wp-content\/uploads\/2020\/10\/DSC6977-scaled.jpg\" \/>\n\t<meta property=\"og:image:width\" content=\"2560\" \/>\n\t<meta property=\"og:image:height\" content=\"1707\" \/>\n\t<meta property=\"og:image:type\" content=\"image\/jpeg\" \/>\n<meta name=\"twitter:card\" content=\"summary_large_image\" \/>\n<script type=\"application\/ld+json\" class=\"yoast-schema-graph\">{\"@context\":\"https:\/\/schema.org\",\"@graph\":[{\"@type\":\"WebPage\",\"@id\":\"https:\/\/www.automobilia-atelier.de\/fr\/produkt\/volant-en-bois-nardi-de-fiat-2300-s-coupe-de-1964\/\",\"url\":\"https:\/\/www.automobilia-atelier.de\/fr\/produkt\/volant-en-bois-nardi-de-fiat-2300-s-coupe-de-1964\/\",\"name\":\"Volant en bois Nardi de Fiat 2300 S Coup\u00e9 de 1964 -\",\"isPartOf\":{\"@id\":\"https:\/\/www.automobilia-atelier.de\/fr\/#website\"},\"primaryImageOfPage\":{\"@id\":\"https:\/\/www.automobilia-atelier.de\/fr\/produkt\/volant-en-bois-nardi-de-fiat-2300-s-coupe-de-1964\/#primaryimage\"},\"image\":{\"@id\":\"https:\/\/www.automobilia-atelier.de\/fr\/produkt\/volant-en-bois-nardi-de-fiat-2300-s-coupe-de-1964\/#primaryimage\"},\"thumbnailUrl\":\"https:\/\/www.automobilia-atelier.de\/wp-content\/uploads\/2020\/10\/DSC6977-scaled.jpg\",\"datePublished\":\"2020-10-01T15:27:14+00:00\",\"breadcrumb\":{\"@id\":\"https:\/\/www.automobilia-atelier.de\/fr\/produkt\/volant-en-bois-nardi-de-fiat-2300-s-coupe-de-1964\/#breadcrumb\"},\"inLanguage\":\"fr-FR\",\"potentialAction\":[{\"@type\":\"ReadAction\",\"target\":[\"https:\/\/www.automobilia-atelier.de\/fr\/produkt\/volant-en-bois-nardi-de-fiat-2300-s-coupe-de-1964\/\"]}]},{\"@type\":\"ImageObject\",\"inLanguage\":\"fr-FR\",\"@id\":\"https:\/\/www.automobilia-atelier.de\/fr\/produkt\/volant-en-bois-nardi-de-fiat-2300-s-coupe-de-1964\/#primaryimage\",\"url\":\"https:\/\/www.automobilia-atelier.de\/wp-content\/uploads\/2020\/10\/DSC6977-scaled.jpg\",\"contentUrl\":\"https:\/\/www.automobilia-atelier.de\/wp-content\/uploads\/2020\/10\/DSC6977-scaled.jpg\",\"width\":2560,\"height\":1707},{\"@type\":\"BreadcrumbList\",\"@id\":\"https:\/\/www.automobilia-atelier.de\/fr\/produkt\/volant-en-bois-nardi-de-fiat-2300-s-coupe-de-1964\/#breadcrumb\",\"itemListElement\":[{\"@type\":\"ListItem\",\"position\":1,\"name\":\"Startseite\",\"item\":\"https:\/\/www.automobilia-atelier.de\/fr\/\"},{\"@type\":\"ListItem\",\"position\":2,\"name\":\"Produits\",\"item\":\"https:\/\/www.automobilia-atelier.de\/fr\/shop\/\"},{\"@type\":\"ListItem\",\"position\":3,\"name\":\"Volant en bois Nardi de Fiat 2300 S Coup\u00e9 de 1964\"}]},{\"@type\":\"WebSite\",\"@id\":\"https:\/\/www.automobilia-atelier.de\/fr\/#website\",\"url\":\"https:\/\/www.automobilia-atelier.de\/fr\/\",\"name\":\"\",\"description\":\"\",\"potentialAction\":[{\"@type\":\"SearchAction\",\"target\":{\"@type\":\"EntryPoint\",\"urlTemplate\":\"https:\/\/www.automobilia-atelier.de\/fr\/?s={search_term_string}\"},\"query-input\":{\"@type\":\"PropertyValueSpecification\",\"valueRequired\":true,\"valueName\":\"search_term_string\"}}],\"inLanguage\":\"fr-FR\"}]}<\/script>\n<!-- \/ Yoast SEO plugin. -->","yoast_head_json":{"title":"Volant en bois Nardi de Fiat 2300 S Coup\u00e9 de 1964 -","robots":{"index":"index","follow":"follow","max-snippet":"max-snippet:-1","max-image-preview":"max-image-preview:large","max-video-preview":"max-video-preview:-1"},"canonical":"https:\/\/www.automobilia-atelier.de\/fr\/produkt\/volant-en-bois-nardi-de-fiat-2300-s-coupe-de-1964\/","og_locale":"fr_FR","og_type":"article","og_title":"Volant en bois Nardi de Fiat 2300 S Coup\u00e9 de 1964 -","og_description":"Fabricant : Nardi Diam\u00e8tre : 430 mm Date de production : 1964 \u00c9tat de la jante du volant : \u00e9tat d&rsquo;origine Compatibilit\u00e9 : Fiat 2300S Coup\u00e9","og_url":"https:\/\/www.automobilia-atelier.de\/fr\/produkt\/volant-en-bois-nardi-de-fiat-2300-s-coupe-de-1964\/","og_image":[{"width":2560,"height":1707,"url":"https:\/\/www.automobilia-atelier.de\/wp-content\/uploads\/2020\/10\/DSC6977-scaled.jpg","type":"image\/jpeg"}],"twitter_card":"summary_large_image","schema":{"@context":"https:\/\/schema.org","@graph":[{"@type":"WebPage","@id":"https:\/\/www.automobilia-atelier.de\/fr\/produkt\/volant-en-bois-nardi-de-fiat-2300-s-coupe-de-1964\/","url":"https:\/\/www.automobilia-atelier.de\/fr\/produkt\/volant-en-bois-nardi-de-fiat-2300-s-coupe-de-1964\/","name":"Volant en bois Nardi de Fiat 2300 S Coup\u00e9 de 1964 -","isPartOf":{"@id":"https:\/\/www.automobilia-atelier.de\/fr\/#website"},"primaryImageOfPage":{"@id":"https:\/\/www.automobilia-atelier.de\/fr\/produkt\/volant-en-bois-nardi-de-fiat-2300-s-coupe-de-1964\/#primaryimage"},"image":{"@id":"https:\/\/www.automobilia-atelier.de\/fr\/produkt\/volant-en-bois-nardi-de-fiat-2300-s-coupe-de-1964\/#primaryimage"},"thumbnailUrl":"https:\/\/www.automobilia-atelier.de\/wp-content\/uploads\/2020\/10\/DSC6977-scaled.jpg","datePublished":"2020-10-01T15:27:14+00:00","breadcrumb":{"@id":"https:\/\/www.automobilia-atelier.de\/fr\/produkt\/volant-en-bois-nardi-de-fiat-2300-s-coupe-de-1964\/#breadcrumb"},"inLanguage":"fr-FR","potentialAction":[{"@type":"ReadAction","target":["https:\/\/www.automobilia-atelier.de\/fr\/produkt\/volant-en-bois-nardi-de-fiat-2300-s-coupe-de-1964\/"]}]},{"@type":"ImageObject","inLanguage":"fr-FR","@id":"https:\/\/www.automobilia-atelier.de\/fr\/produkt\/volant-en-bois-nardi-de-fiat-2300-s-coupe-de-1964\/#primaryimage","url":"https:\/\/www.automobilia-atelier.de\/wp-content\/uploads\/2020\/10\/DSC6977-scaled.jpg","contentUrl":"https:\/\/www.automobilia-atelier.de\/wp-content\/uploads\/2020\/10\/DSC6977-scaled.jpg","width":2560,"height":1707},{"@type":"BreadcrumbList","@id":"https:\/\/www.automobilia-atelier.de\/fr\/produkt\/volant-en-bois-nardi-de-fiat-2300-s-coupe-de-1964\/#breadcrumb","itemListElement":[{"@type":"ListItem","position":1,"name":"Startseite","item":"https:\/\/www.automobilia-atelier.de\/fr\/"},{"@type":"ListItem","position":2,"name":"Produits","item":"https:\/\/www.automobilia-atelier.de\/fr\/shop\/"},{"@type":"ListItem","position":3,"name":"Volant en bois Nardi de Fiat 2300 S Coup\u00e9 de 1964"}]},{"@type":"WebSite","@id":"https:\/\/www.automobilia-atelier.de\/fr\/#website","url":"https:\/\/www.automobilia-atelier.de\/fr\/","name":"","description":"","potentialAction":[{"@type":"SearchAction","target":{"@type":"EntryPoint","urlTemplate":"https:\/\/www.automobilia-atelier.de\/fr\/?s={search_term_string}"},"query-input":{"@type":"PropertyValueSpecification","valueRequired":true,"valueName":"search_term_string"}}],"inLanguage":"fr-FR"}]}},"jetpack_sharing_enabled":true,"_links":{"self":[{"href":"https:\/\/www.automobilia-atelier.de\/fr\/wp-json\/wp\/v2\/product\/19001","targetHints":{"allow":["GET"]}}],"collection":[{"href":"https:\/\/www.automobilia-atelier.de\/fr\/wp-json\/wp\/v2\/product"}],"about":[{"href":"https:\/\/www.automobilia-atelier.de\/fr\/wp-json\/wp\/v2\/types\/product"}],"wp:featuredmedia":[{"embeddable":true,"href":"https:\/\/www.automobilia-atelier.de\/fr\/wp-json\/wp\/v2\/media\/19003"}],"wp:attachment":[{"href":"https:\/\/www.automobilia-atelier.de\/fr\/wp-json\/wp\/v2\/media?parent=19001"}],"wp:term":[{"taxonomy":"product_brand","embeddable":true,"href":"https:\/\/www.automobilia-atelier.de\/fr\/wp-json\/wp\/v2\/product_brand?post=19001"},{"taxonomy":"product_cat","embeddable":true,"href":"https:\/\/www.automobilia-atelier.de\/fr\/wp-json\/wp\/v2\/product_cat?post=19001"},{"taxonomy":"product_tag","embeddable":true,"href":"https:\/\/www.automobilia-atelier.de\/fr\/wp-json\/wp\/v2\/product_tag?post=19001"}],"curies":[{"name":"wp","href":"https:\/\/api.w.org\/{rel}","templated":true}]}}