{"id":19002,"date":"2020-10-31T12:32:15","date_gmt":"2020-10-31T11:32:15","guid":{"rendered":"https:\/\/www.automobilia-atelier.de\/produkt\/volant-de-moura-renault-alpine-a310-v6-turbo-1970\/"},"modified":"2020-10-31T12:32:15","modified_gmt":"2020-10-31T11:32:15","slug":"volant-de-moura-renault-alpine-a310-v6-turbo-1970","status":"publish","type":"product","link":"https:\/\/www.automobilia-atelier.de\/fr\/produkt\/volant-de-moura-renault-alpine-a310-v6-turbo-1970\/","title":{"rendered":"Volant DE MOURA Renault Alpine A310 V6 Turbo 1970"},"content":{"rendered":"<p><strong>Fabricant :<\/strong> DE MOURA<br \/>\n<strong>Diam\u00e8tre :<\/strong> 355 mm<br \/>\n<strong>Date de production :<\/strong> environ 1970<br \/>\n<strong>\u00c9tat de la jante du volant :<\/strong> Vinyle \u2013 signes d&rsquo;usure pr\u00e9sents<br \/>\n<strong>Ajuster:<\/strong><\/p>\n<ul>\n<li>Renault Alpine A310<\/li>\n<\/ul>\n<p>Les marchandises sont soumises \u00e0 une taxation diff\u00e9rentielle conform\u00e9ment au \u00a725a UStG, par cons\u00e9quent aucune TVA ne peut \u00eatre indiqu\u00e9e sur le bon de livraison\/la facture.<\/p>\n","protected":false},"excerpt":{"rendered":"<p>Fabricant : DE MOURA Diam\u00e8tre : 355 mm Date de production : environ 1970 \u00c9tat de la jante du volant : Vinyle \u2013 signes d&rsquo;usure pr\u00e9sents Ajuster: Renault Alpine A310 Les marchandises sont soumises \u00e0 une taxation diff\u00e9rentielle conform\u00e9ment au \u00a725a UStG, par cons\u00e9quent aucune TVA ne peut \u00eatre indiqu\u00e9e sur le bon de livraison\/la &hellip; <a href=\"https:\/\/www.automobilia-atelier.de\/fr\/produkt\/volant-de-moura-renault-alpine-a310-v6-turbo-1970\/\" class=\"more-link\">Continuer \u00e0 lire <span class=\"screen-reader-text\">Volant DE MOURA Renault Alpine A310 V6 Turbo 1970<\/span> <span class=\"meta-nav\">\u2192<\/span><\/a><\/p>\n","protected":false},"featured_media":19007,"template":"","meta":{"inline_featured_image":false,"_monsterinsights_skip_tracking":false,"_monsterinsights_sitenote_active":false,"_monsterinsights_sitenote_note":"","_monsterinsights_sitenote_category":0},"product_brand":[],"product_cat":[247,236,237],"product_tag":[],"class_list":{"0":"post-19002","1":"product","2":"type-product","3":"status-publish","4":"has-post-thumbnail","6":"product_cat-autre","7":"product_cat-pieces-de-vehicules-classiques","8":"product_cat-volants","10":"first","11":"outofstock","12":"sold-individually","13":"shipping-taxable","14":"product-type-simple"},"yoast_head":"<!-- This site is optimized with the Yoast SEO plugin v24.7 - https:\/\/yoast.com\/wordpress\/plugins\/seo\/ -->\n<title>Volant DE MOURA Renault Alpine A310 V6 Turbo 1970 -<\/title>\n<meta name=\"robots\" content=\"index, follow, max-snippet:-1, max-image-preview:large, max-video-preview:-1\" \/>\n<link rel=\"canonical\" href=\"https:\/\/www.automobilia-atelier.de\/fr\/produkt\/volant-de-moura-renault-alpine-a310-v6-turbo-1970\/\" \/>\n<meta property=\"og:locale\" content=\"fr_FR\" \/>\n<meta property=\"og:type\" content=\"article\" \/>\n<meta property=\"og:title\" content=\"Volant DE MOURA Renault Alpine A310 V6 Turbo 1970 -\" \/>\n<meta property=\"og:description\" content=\"Fabricant : DE MOURA Diam\u00e8tre : 355 mm Date de production : environ 1970 \u00c9tat de la jante du volant : Vinyle \u2013 signes d&rsquo;usure pr\u00e9sents Ajuster: Renault Alpine A310 Les marchandises sont soumises \u00e0 une taxation diff\u00e9rentielle conform\u00e9ment au \u00a725a UStG, par cons\u00e9quent aucune TVA ne peut \u00eatre indiqu\u00e9e sur le bon de livraison\/la &hellip; Continuer \u00e0 lire Volant DE MOURA Renault Alpine A310 V6 Turbo 1970 \u2192\" \/>\n<meta property=\"og:url\" content=\"https:\/\/www.automobilia-atelier.de\/fr\/produkt\/volant-de-moura-renault-alpine-a310-v6-turbo-1970\/\" \/>\n<meta property=\"og:image\" content=\"https:\/\/www.automobilia-atelier.de\/wp-content\/uploads\/2020\/10\/DSC5899-scaled.jpg\" \/>\n\t<meta property=\"og:image:width\" content=\"2400\" \/>\n\t<meta property=\"og:image:height\" content=\"1600\" \/>\n\t<meta property=\"og:image:type\" content=\"image\/jpeg\" \/>\n<meta name=\"twitter:card\" content=\"summary_large_image\" \/>\n<script type=\"application\/ld+json\" class=\"yoast-schema-graph\">{\"@context\":\"https:\/\/schema.org\",\"@graph\":[{\"@type\":\"WebPage\",\"@id\":\"https:\/\/www.automobilia-atelier.de\/fr\/produkt\/volant-de-moura-renault-alpine-a310-v6-turbo-1970\/\",\"url\":\"https:\/\/www.automobilia-atelier.de\/fr\/produkt\/volant-de-moura-renault-alpine-a310-v6-turbo-1970\/\",\"name\":\"Volant DE MOURA Renault Alpine A310 V6 Turbo 1970 -\",\"isPartOf\":{\"@id\":\"https:\/\/www.automobilia-atelier.de\/fr\/#website\"},\"primaryImageOfPage\":{\"@id\":\"https:\/\/www.automobilia-atelier.de\/fr\/produkt\/volant-de-moura-renault-alpine-a310-v6-turbo-1970\/#primaryimage\"},\"image\":{\"@id\":\"https:\/\/www.automobilia-atelier.de\/fr\/produkt\/volant-de-moura-renault-alpine-a310-v6-turbo-1970\/#primaryimage\"},\"thumbnailUrl\":\"https:\/\/www.automobilia-atelier.de\/wp-content\/uploads\/2020\/10\/DSC5899-scaled.jpg\",\"datePublished\":\"2020-10-31T11:32:15+00:00\",\"breadcrumb\":{\"@id\":\"https:\/\/www.automobilia-atelier.de\/fr\/produkt\/volant-de-moura-renault-alpine-a310-v6-turbo-1970\/#breadcrumb\"},\"inLanguage\":\"fr-FR\",\"potentialAction\":[{\"@type\":\"ReadAction\",\"target\":[\"https:\/\/www.automobilia-atelier.de\/fr\/produkt\/volant-de-moura-renault-alpine-a310-v6-turbo-1970\/\"]}]},{\"@type\":\"ImageObject\",\"inLanguage\":\"fr-FR\",\"@id\":\"https:\/\/www.automobilia-atelier.de\/fr\/produkt\/volant-de-moura-renault-alpine-a310-v6-turbo-1970\/#primaryimage\",\"url\":\"https:\/\/www.automobilia-atelier.de\/wp-content\/uploads\/2020\/10\/DSC5899-scaled.jpg\",\"contentUrl\":\"https:\/\/www.automobilia-atelier.de\/wp-content\/uploads\/2020\/10\/DSC5899-scaled.jpg\",\"width\":2400,\"height\":1600},{\"@type\":\"BreadcrumbList\",\"@id\":\"https:\/\/www.automobilia-atelier.de\/fr\/produkt\/volant-de-moura-renault-alpine-a310-v6-turbo-1970\/#breadcrumb\",\"itemListElement\":[{\"@type\":\"ListItem\",\"position\":1,\"name\":\"Startseite\",\"item\":\"https:\/\/www.automobilia-atelier.de\/fr\/\"},{\"@type\":\"ListItem\",\"position\":2,\"name\":\"Produits\",\"item\":\"https:\/\/www.automobilia-atelier.de\/fr\/shop\/\"},{\"@type\":\"ListItem\",\"position\":3,\"name\":\"Volant DE MOURA Renault Alpine A310 V6 Turbo 1970\"}]},{\"@type\":\"WebSite\",\"@id\":\"https:\/\/www.automobilia-atelier.de\/fr\/#website\",\"url\":\"https:\/\/www.automobilia-atelier.de\/fr\/\",\"name\":\"\",\"description\":\"\",\"potentialAction\":[{\"@type\":\"SearchAction\",\"target\":{\"@type\":\"EntryPoint\",\"urlTemplate\":\"https:\/\/www.automobilia-atelier.de\/fr\/?s={search_term_string}\"},\"query-input\":{\"@type\":\"PropertyValueSpecification\",\"valueRequired\":true,\"valueName\":\"search_term_string\"}}],\"inLanguage\":\"fr-FR\"}]}<\/script>\n<!-- \/ Yoast SEO plugin. -->","yoast_head_json":{"title":"Volant DE MOURA Renault Alpine A310 V6 Turbo 1970 -","robots":{"index":"index","follow":"follow","max-snippet":"max-snippet:-1","max-image-preview":"max-image-preview:large","max-video-preview":"max-video-preview:-1"},"canonical":"https:\/\/www.automobilia-atelier.de\/fr\/produkt\/volant-de-moura-renault-alpine-a310-v6-turbo-1970\/","og_locale":"fr_FR","og_type":"article","og_title":"Volant DE MOURA Renault Alpine A310 V6 Turbo 1970 -","og_description":"Fabricant : DE MOURA Diam\u00e8tre : 355 mm Date de production : environ 1970 \u00c9tat de la jante du volant : Vinyle \u2013 signes d&rsquo;usure pr\u00e9sents Ajuster: Renault Alpine A310 Les marchandises sont soumises \u00e0 une taxation diff\u00e9rentielle conform\u00e9ment au \u00a725a UStG, par cons\u00e9quent aucune TVA ne peut \u00eatre indiqu\u00e9e sur le bon de livraison\/la &hellip; Continuer \u00e0 lire Volant DE MOURA Renault Alpine A310 V6 Turbo 1970 \u2192","og_url":"https:\/\/www.automobilia-atelier.de\/fr\/produkt\/volant-de-moura-renault-alpine-a310-v6-turbo-1970\/","og_image":[{"width":2400,"height":1600,"url":"https:\/\/www.automobilia-atelier.de\/wp-content\/uploads\/2020\/10\/DSC5899-scaled.jpg","type":"image\/jpeg"}],"twitter_card":"summary_large_image","schema":{"@context":"https:\/\/schema.org","@graph":[{"@type":"WebPage","@id":"https:\/\/www.automobilia-atelier.de\/fr\/produkt\/volant-de-moura-renault-alpine-a310-v6-turbo-1970\/","url":"https:\/\/www.automobilia-atelier.de\/fr\/produkt\/volant-de-moura-renault-alpine-a310-v6-turbo-1970\/","name":"Volant DE MOURA Renault Alpine A310 V6 Turbo 1970 -","isPartOf":{"@id":"https:\/\/www.automobilia-atelier.de\/fr\/#website"},"primaryImageOfPage":{"@id":"https:\/\/www.automobilia-atelier.de\/fr\/produkt\/volant-de-moura-renault-alpine-a310-v6-turbo-1970\/#primaryimage"},"image":{"@id":"https:\/\/www.automobilia-atelier.de\/fr\/produkt\/volant-de-moura-renault-alpine-a310-v6-turbo-1970\/#primaryimage"},"thumbnailUrl":"https:\/\/www.automobilia-atelier.de\/wp-content\/uploads\/2020\/10\/DSC5899-scaled.jpg","datePublished":"2020-10-31T11:32:15+00:00","breadcrumb":{"@id":"https:\/\/www.automobilia-atelier.de\/fr\/produkt\/volant-de-moura-renault-alpine-a310-v6-turbo-1970\/#breadcrumb"},"inLanguage":"fr-FR","potentialAction":[{"@type":"ReadAction","target":["https:\/\/www.automobilia-atelier.de\/fr\/produkt\/volant-de-moura-renault-alpine-a310-v6-turbo-1970\/"]}]},{"@type":"ImageObject","inLanguage":"fr-FR","@id":"https:\/\/www.automobilia-atelier.de\/fr\/produkt\/volant-de-moura-renault-alpine-a310-v6-turbo-1970\/#primaryimage","url":"https:\/\/www.automobilia-atelier.de\/wp-content\/uploads\/2020\/10\/DSC5899-scaled.jpg","contentUrl":"https:\/\/www.automobilia-atelier.de\/wp-content\/uploads\/2020\/10\/DSC5899-scaled.jpg","width":2400,"height":1600},{"@type":"BreadcrumbList","@id":"https:\/\/www.automobilia-atelier.de\/fr\/produkt\/volant-de-moura-renault-alpine-a310-v6-turbo-1970\/#breadcrumb","itemListElement":[{"@type":"ListItem","position":1,"name":"Startseite","item":"https:\/\/www.automobilia-atelier.de\/fr\/"},{"@type":"ListItem","position":2,"name":"Produits","item":"https:\/\/www.automobilia-atelier.de\/fr\/shop\/"},{"@type":"ListItem","position":3,"name":"Volant DE MOURA Renault Alpine A310 V6 Turbo 1970"}]},{"@type":"WebSite","@id":"https:\/\/www.automobilia-atelier.de\/fr\/#website","url":"https:\/\/www.automobilia-atelier.de\/fr\/","name":"","description":"","potentialAction":[{"@type":"SearchAction","target":{"@type":"EntryPoint","urlTemplate":"https:\/\/www.automobilia-atelier.de\/fr\/?s={search_term_string}"},"query-input":{"@type":"PropertyValueSpecification","valueRequired":true,"valueName":"search_term_string"}}],"inLanguage":"fr-FR"}]}},"jetpack_sharing_enabled":true,"_links":{"self":[{"href":"https:\/\/www.automobilia-atelier.de\/fr\/wp-json\/wp\/v2\/product\/19002","targetHints":{"allow":["GET"]}}],"collection":[{"href":"https:\/\/www.automobilia-atelier.de\/fr\/wp-json\/wp\/v2\/product"}],"about":[{"href":"https:\/\/www.automobilia-atelier.de\/fr\/wp-json\/wp\/v2\/types\/product"}],"wp:featuredmedia":[{"embeddable":true,"href":"https:\/\/www.automobilia-atelier.de\/fr\/wp-json\/wp\/v2\/media\/19007"}],"wp:attachment":[{"href":"https:\/\/www.automobilia-atelier.de\/fr\/wp-json\/wp\/v2\/media?parent=19002"}],"wp:term":[{"taxonomy":"product_brand","embeddable":true,"href":"https:\/\/www.automobilia-atelier.de\/fr\/wp-json\/wp\/v2\/product_brand?post=19002"},{"taxonomy":"product_cat","embeddable":true,"href":"https:\/\/www.automobilia-atelier.de\/fr\/wp-json\/wp\/v2\/product_cat?post=19002"},{"taxonomy":"product_tag","embeddable":true,"href":"https:\/\/www.automobilia-atelier.de\/fr\/wp-json\/wp\/v2\/product_tag?post=19002"}],"curies":[{"name":"wp","href":"https:\/\/api.w.org\/{rel}","templated":true}]}}