{"id":19041,"date":"2025-04-21T12:47:59","date_gmt":"2025-04-21T10:47:59","guid":{"rendered":"https:\/\/www.automobilia-atelier.de\/produkt\/volant-ts-intertrade-irmscher-des-annees-1970-pour-opel-commodore-gt-manta\/"},"modified":"2026-03-06T21:48:10","modified_gmt":"2026-03-06T20:48:10","slug":"volant-ts-intertrade-irmscher-des-annees-1970-pour-opel-commodore-gt-manta","status":"publish","type":"product","link":"https:\/\/www.automobilia-atelier.de\/fr\/produkt\/volant-ts-intertrade-irmscher-des-annees-1970-pour-opel-commodore-gt-manta\/","title":{"rendered":"Volant TS Intertrade \u00ab&nbsp;IRMSCHER&nbsp;\u00bb des ann\u00e9es 1970 pour Opel Commodore \/ GT \/ Manta"},"content":{"rendered":"<p><strong>Fabricant :<\/strong> TS Intertrade<br \/>\n<strong>Diam\u00e8tre :<\/strong> 355 mm<br \/>\n<strong>Date de production :<\/strong> environ 1970<br \/>\n<strong>\u00c9tat :<\/strong> voir photos d\u00e9taill\u00e9es<br \/>\n<strong>Pr\u00e9cision d&rsquo;ajustement :<\/strong> cercle de boulonnage = 6 x 74 mm (tel que Nardi \/ Personal \/ Raid). Peut \u00eatre mont\u00e9 sur de nombreux v\u00e9hicules avec le moyeu appropri\u00e9. Moyeu adapt\u00e9 \u00e0 ce volant pour diff\u00e9rents mod\u00e8les Opel sur demande.  <\/p>\n<p><strong>Remarque :<\/strong> cet article ne peut \u00eatre install\u00e9 que par du personnel qualifi\u00e9.<\/p>\n","protected":false},"excerpt":{"rendered":"<p>Fabricant : TS Intertrade Diam\u00e8tre : 355 mm Date de production : environ 1970 \u00c9tat : voir photos d\u00e9taill\u00e9es Pr\u00e9cision d&rsquo;ajustement : cercle de boulonnage = 6 x 74 mm (tel que Nardi \/ Personal \/ Raid). Peut \u00eatre mont\u00e9 sur de nombreux v\u00e9hicules avec le moyeu appropri\u00e9. Moyeu adapt\u00e9 \u00e0 ce volant pour diff\u00e9rents &hellip; <a href=\"https:\/\/www.automobilia-atelier.de\/fr\/produkt\/volant-ts-intertrade-irmscher-des-annees-1970-pour-opel-commodore-gt-manta\/\" class=\"more-link\">Continuer \u00e0 lire <span class=\"screen-reader-text\">Volant TS Intertrade \u00ab&nbsp;IRMSCHER&nbsp;\u00bb des ann\u00e9es 1970 pour Opel Commodore \/ GT \/ Manta<\/span> <span class=\"meta-nav\">\u2192<\/span><\/a><\/p>\n","protected":false},"featured_media":19053,"template":"","meta":{"inline_featured_image":false,"_monsterinsights_skip_tracking":false,"_monsterinsights_sitenote_active":false,"_monsterinsights_sitenote_note":"","_monsterinsights_sitenote_category":0},"product_brand":[],"product_cat":[236,277,237],"product_tag":[],"class_list":{"0":"post-19041","1":"product","2":"type-product","3":"status-publish","4":"has-post-thumbnail","6":"product_cat-pieces-de-vehicules-classiques","7":"product_cat-ts-intertrade-fr","8":"product_cat-volants","10":"first","11":"outofstock","12":"sold-individually","13":"product-type-simple"},"yoast_head":"<!-- This site is optimized with the Yoast SEO plugin v24.7 - https:\/\/yoast.com\/wordpress\/plugins\/seo\/ -->\n<title>Volant TS Intertrade \u00ab&nbsp;IRMSCHER&nbsp;\u00bb des ann\u00e9es 1970 pour Opel Commodore \/ GT \/ Manta -<\/title>\n<meta name=\"robots\" content=\"index, follow, max-snippet:-1, max-image-preview:large, max-video-preview:-1\" \/>\n<link rel=\"canonical\" href=\"https:\/\/www.automobilia-atelier.de\/fr\/produkt\/volant-ts-intertrade-irmscher-des-annees-1970-pour-opel-commodore-gt-manta\/\" \/>\n<meta property=\"og:locale\" content=\"fr_FR\" \/>\n<meta property=\"og:type\" content=\"article\" \/>\n<meta property=\"og:title\" content=\"Volant TS Intertrade \u00ab&nbsp;IRMSCHER&nbsp;\u00bb des ann\u00e9es 1970 pour Opel Commodore \/ GT \/ Manta -\" \/>\n<meta property=\"og:description\" content=\"Fabricant : TS Intertrade Diam\u00e8tre : 355 mm Date de production : environ 1970 \u00c9tat : voir photos d\u00e9taill\u00e9es Pr\u00e9cision d&rsquo;ajustement : cercle de boulonnage = 6 x 74 mm (tel que Nardi \/ Personal \/ Raid). Peut \u00eatre mont\u00e9 sur de nombreux v\u00e9hicules avec le moyeu appropri\u00e9. Moyeu adapt\u00e9 \u00e0 ce volant pour diff\u00e9rents &hellip; Continuer \u00e0 lire Volant TS Intertrade \u00ab&nbsp;IRMSCHER&nbsp;\u00bb des ann\u00e9es 1970 pour Opel Commodore \/ GT \/ Manta \u2192\" \/>\n<meta property=\"og:url\" content=\"https:\/\/www.automobilia-atelier.de\/fr\/produkt\/volant-ts-intertrade-irmscher-des-annees-1970-pour-opel-commodore-gt-manta\/\" \/>\n<meta property=\"article:modified_time\" content=\"2026-03-06T20:48:10+00:00\" \/>\n<meta property=\"og:image\" content=\"https:\/\/www.automobilia-atelier.de\/wp-content\/uploads\/2025\/04\/DSC9274-scaled.jpg\" \/>\n\t<meta property=\"og:image:width\" content=\"2400\" \/>\n\t<meta property=\"og:image:height\" content=\"1600\" \/>\n\t<meta property=\"og:image:type\" content=\"image\/jpeg\" \/>\n<meta name=\"twitter:card\" content=\"summary_large_image\" \/>\n<script type=\"application\/ld+json\" class=\"yoast-schema-graph\">{\"@context\":\"https:\/\/schema.org\",\"@graph\":[{\"@type\":\"WebPage\",\"@id\":\"https:\/\/www.automobilia-atelier.de\/fr\/produkt\/volant-ts-intertrade-irmscher-des-annees-1970-pour-opel-commodore-gt-manta\/\",\"url\":\"https:\/\/www.automobilia-atelier.de\/fr\/produkt\/volant-ts-intertrade-irmscher-des-annees-1970-pour-opel-commodore-gt-manta\/\",\"name\":\"Volant TS Intertrade \u00ab&nbsp;IRMSCHER&nbsp;\u00bb des ann\u00e9es 1970 pour Opel Commodore \/ GT \/ Manta -\",\"isPartOf\":{\"@id\":\"https:\/\/www.automobilia-atelier.de\/fr\/#website\"},\"primaryImageOfPage\":{\"@id\":\"https:\/\/www.automobilia-atelier.de\/fr\/produkt\/volant-ts-intertrade-irmscher-des-annees-1970-pour-opel-commodore-gt-manta\/#primaryimage\"},\"image\":{\"@id\":\"https:\/\/www.automobilia-atelier.de\/fr\/produkt\/volant-ts-intertrade-irmscher-des-annees-1970-pour-opel-commodore-gt-manta\/#primaryimage\"},\"thumbnailUrl\":\"https:\/\/www.automobilia-atelier.de\/wp-content\/uploads\/2025\/04\/DSC9274-scaled.jpg\",\"datePublished\":\"2025-04-21T10:47:59+00:00\",\"dateModified\":\"2026-03-06T20:48:10+00:00\",\"breadcrumb\":{\"@id\":\"https:\/\/www.automobilia-atelier.de\/fr\/produkt\/volant-ts-intertrade-irmscher-des-annees-1970-pour-opel-commodore-gt-manta\/#breadcrumb\"},\"inLanguage\":\"fr-FR\",\"potentialAction\":[{\"@type\":\"ReadAction\",\"target\":[\"https:\/\/www.automobilia-atelier.de\/fr\/produkt\/volant-ts-intertrade-irmscher-des-annees-1970-pour-opel-commodore-gt-manta\/\"]}]},{\"@type\":\"ImageObject\",\"inLanguage\":\"fr-FR\",\"@id\":\"https:\/\/www.automobilia-atelier.de\/fr\/produkt\/volant-ts-intertrade-irmscher-des-annees-1970-pour-opel-commodore-gt-manta\/#primaryimage\",\"url\":\"https:\/\/www.automobilia-atelier.de\/wp-content\/uploads\/2025\/04\/DSC9274-scaled.jpg\",\"contentUrl\":\"https:\/\/www.automobilia-atelier.de\/wp-content\/uploads\/2025\/04\/DSC9274-scaled.jpg\",\"width\":2400,\"height\":1600},{\"@type\":\"BreadcrumbList\",\"@id\":\"https:\/\/www.automobilia-atelier.de\/fr\/produkt\/volant-ts-intertrade-irmscher-des-annees-1970-pour-opel-commodore-gt-manta\/#breadcrumb\",\"itemListElement\":[{\"@type\":\"ListItem\",\"position\":1,\"name\":\"Startseite\",\"item\":\"https:\/\/www.automobilia-atelier.de\/fr\/\"},{\"@type\":\"ListItem\",\"position\":2,\"name\":\"Produits\",\"item\":\"https:\/\/www.automobilia-atelier.de\/fr\/shop\/\"},{\"@type\":\"ListItem\",\"position\":3,\"name\":\"Volant TS Intertrade \u00ab&nbsp;IRMSCHER&nbsp;\u00bb des ann\u00e9es 1970 pour Opel Commodore \/ GT \/ Manta\"}]},{\"@type\":\"WebSite\",\"@id\":\"https:\/\/www.automobilia-atelier.de\/fr\/#website\",\"url\":\"https:\/\/www.automobilia-atelier.de\/fr\/\",\"name\":\"\",\"description\":\"\",\"potentialAction\":[{\"@type\":\"SearchAction\",\"target\":{\"@type\":\"EntryPoint\",\"urlTemplate\":\"https:\/\/www.automobilia-atelier.de\/fr\/?s={search_term_string}\"},\"query-input\":{\"@type\":\"PropertyValueSpecification\",\"valueRequired\":true,\"valueName\":\"search_term_string\"}}],\"inLanguage\":\"fr-FR\"}]}<\/script>\n<!-- \/ Yoast SEO plugin. -->","yoast_head_json":{"title":"Volant TS Intertrade \u00ab&nbsp;IRMSCHER&nbsp;\u00bb des ann\u00e9es 1970 pour Opel Commodore \/ GT \/ Manta -","robots":{"index":"index","follow":"follow","max-snippet":"max-snippet:-1","max-image-preview":"max-image-preview:large","max-video-preview":"max-video-preview:-1"},"canonical":"https:\/\/www.automobilia-atelier.de\/fr\/produkt\/volant-ts-intertrade-irmscher-des-annees-1970-pour-opel-commodore-gt-manta\/","og_locale":"fr_FR","og_type":"article","og_title":"Volant TS Intertrade \u00ab&nbsp;IRMSCHER&nbsp;\u00bb des ann\u00e9es 1970 pour Opel Commodore \/ GT \/ Manta -","og_description":"Fabricant : TS Intertrade Diam\u00e8tre : 355 mm Date de production : environ 1970 \u00c9tat : voir photos d\u00e9taill\u00e9es Pr\u00e9cision d&rsquo;ajustement : cercle de boulonnage = 6 x 74 mm (tel que Nardi \/ Personal \/ Raid). Peut \u00eatre mont\u00e9 sur de nombreux v\u00e9hicules avec le moyeu appropri\u00e9. Moyeu adapt\u00e9 \u00e0 ce volant pour diff\u00e9rents &hellip; Continuer \u00e0 lire Volant TS Intertrade \u00ab&nbsp;IRMSCHER&nbsp;\u00bb des ann\u00e9es 1970 pour Opel Commodore \/ GT \/ Manta \u2192","og_url":"https:\/\/www.automobilia-atelier.de\/fr\/produkt\/volant-ts-intertrade-irmscher-des-annees-1970-pour-opel-commodore-gt-manta\/","article_modified_time":"2026-03-06T20:48:10+00:00","og_image":[{"width":2400,"height":1600,"url":"https:\/\/www.automobilia-atelier.de\/wp-content\/uploads\/2025\/04\/DSC9274-scaled.jpg","type":"image\/jpeg"}],"twitter_card":"summary_large_image","schema":{"@context":"https:\/\/schema.org","@graph":[{"@type":"WebPage","@id":"https:\/\/www.automobilia-atelier.de\/fr\/produkt\/volant-ts-intertrade-irmscher-des-annees-1970-pour-opel-commodore-gt-manta\/","url":"https:\/\/www.automobilia-atelier.de\/fr\/produkt\/volant-ts-intertrade-irmscher-des-annees-1970-pour-opel-commodore-gt-manta\/","name":"Volant TS Intertrade \u00ab&nbsp;IRMSCHER&nbsp;\u00bb des ann\u00e9es 1970 pour Opel Commodore \/ GT \/ Manta -","isPartOf":{"@id":"https:\/\/www.automobilia-atelier.de\/fr\/#website"},"primaryImageOfPage":{"@id":"https:\/\/www.automobilia-atelier.de\/fr\/produkt\/volant-ts-intertrade-irmscher-des-annees-1970-pour-opel-commodore-gt-manta\/#primaryimage"},"image":{"@id":"https:\/\/www.automobilia-atelier.de\/fr\/produkt\/volant-ts-intertrade-irmscher-des-annees-1970-pour-opel-commodore-gt-manta\/#primaryimage"},"thumbnailUrl":"https:\/\/www.automobilia-atelier.de\/wp-content\/uploads\/2025\/04\/DSC9274-scaled.jpg","datePublished":"2025-04-21T10:47:59+00:00","dateModified":"2026-03-06T20:48:10+00:00","breadcrumb":{"@id":"https:\/\/www.automobilia-atelier.de\/fr\/produkt\/volant-ts-intertrade-irmscher-des-annees-1970-pour-opel-commodore-gt-manta\/#breadcrumb"},"inLanguage":"fr-FR","potentialAction":[{"@type":"ReadAction","target":["https:\/\/www.automobilia-atelier.de\/fr\/produkt\/volant-ts-intertrade-irmscher-des-annees-1970-pour-opel-commodore-gt-manta\/"]}]},{"@type":"ImageObject","inLanguage":"fr-FR","@id":"https:\/\/www.automobilia-atelier.de\/fr\/produkt\/volant-ts-intertrade-irmscher-des-annees-1970-pour-opel-commodore-gt-manta\/#primaryimage","url":"https:\/\/www.automobilia-atelier.de\/wp-content\/uploads\/2025\/04\/DSC9274-scaled.jpg","contentUrl":"https:\/\/www.automobilia-atelier.de\/wp-content\/uploads\/2025\/04\/DSC9274-scaled.jpg","width":2400,"height":1600},{"@type":"BreadcrumbList","@id":"https:\/\/www.automobilia-atelier.de\/fr\/produkt\/volant-ts-intertrade-irmscher-des-annees-1970-pour-opel-commodore-gt-manta\/#breadcrumb","itemListElement":[{"@type":"ListItem","position":1,"name":"Startseite","item":"https:\/\/www.automobilia-atelier.de\/fr\/"},{"@type":"ListItem","position":2,"name":"Produits","item":"https:\/\/www.automobilia-atelier.de\/fr\/shop\/"},{"@type":"ListItem","position":3,"name":"Volant TS Intertrade \u00ab&nbsp;IRMSCHER&nbsp;\u00bb des ann\u00e9es 1970 pour Opel Commodore \/ GT \/ Manta"}]},{"@type":"WebSite","@id":"https:\/\/www.automobilia-atelier.de\/fr\/#website","url":"https:\/\/www.automobilia-atelier.de\/fr\/","name":"","description":"","potentialAction":[{"@type":"SearchAction","target":{"@type":"EntryPoint","urlTemplate":"https:\/\/www.automobilia-atelier.de\/fr\/?s={search_term_string}"},"query-input":{"@type":"PropertyValueSpecification","valueRequired":true,"valueName":"search_term_string"}}],"inLanguage":"fr-FR"}]}},"jetpack_sharing_enabled":true,"_links":{"self":[{"href":"https:\/\/www.automobilia-atelier.de\/fr\/wp-json\/wp\/v2\/product\/19041","targetHints":{"allow":["GET"]}}],"collection":[{"href":"https:\/\/www.automobilia-atelier.de\/fr\/wp-json\/wp\/v2\/product"}],"about":[{"href":"https:\/\/www.automobilia-atelier.de\/fr\/wp-json\/wp\/v2\/types\/product"}],"wp:featuredmedia":[{"embeddable":true,"href":"https:\/\/www.automobilia-atelier.de\/fr\/wp-json\/wp\/v2\/media\/19053"}],"wp:attachment":[{"href":"https:\/\/www.automobilia-atelier.de\/fr\/wp-json\/wp\/v2\/media?parent=19041"}],"wp:term":[{"taxonomy":"product_brand","embeddable":true,"href":"https:\/\/www.automobilia-atelier.de\/fr\/wp-json\/wp\/v2\/product_brand?post=19041"},{"taxonomy":"product_cat","embeddable":true,"href":"https:\/\/www.automobilia-atelier.de\/fr\/wp-json\/wp\/v2\/product_cat?post=19041"},{"taxonomy":"product_tag","embeddable":true,"href":"https:\/\/www.automobilia-atelier.de\/fr\/wp-json\/wp\/v2\/product_tag?post=19041"}],"curies":[{"name":"wp","href":"https:\/\/api.w.org\/{rel}","templated":true}]}}