{"id":19111,"date":"2024-04-21T12:05:32","date_gmt":"2024-04-21T10:05:32","guid":{"rendered":"https:\/\/www.automobilia-atelier.de\/produkt\/volant-en-bois-personnel-des-annees-1970-pour-fiat-abarth-500-600-595-695-750-1000\/"},"modified":"2024-04-21T12:05:32","modified_gmt":"2024-04-21T10:05:32","slug":"volant-en-bois-personnel-des-annees-1970-pour-fiat-abarth-500-600-595-695-750-1000","status":"publish","type":"product","link":"https:\/\/www.automobilia-atelier.de\/fr\/produkt\/volant-en-bois-personnel-des-annees-1970-pour-fiat-abarth-500-600-595-695-750-1000\/","title":{"rendered":"Volant en bois PERSONNEL des ann\u00e9es 1970 pour Fiat Abarth 500 \/ 600 \/ 595 \/ 695 \/ 750 \/ 1000"},"content":{"rendered":"<p><strong>Fabricant :<\/strong> PERSONAL<br \/>\n<strong>Diam\u00e8tre :<\/strong> 400 mm<br \/>\n<strong>Date de production :<\/strong> environ 1970<br \/>\n<strong>Etat :<\/strong> voir photos d\u00e9taill\u00e9es. Porte-bague collectrice d\u00e9fectueux \/ plus disponible (voir derni\u00e8re photo)<br \/>\n<strong>Ajuster:  <\/strong><\/p>\n<ul>\n<li>Fiat 500<\/li>\n<li>Fiat 600<\/li>\n<li>Fiat 595<\/li>\n<li>Fiat 695<\/li>\n<li>Fiat 750<\/li>\n<li>Fiat 1000 TCR<\/li>\n<\/ul>\n<p>! Veuillez v\u00e9rifier la denture avant l&rsquo;achat : PAS de rainure de clavette \/ denture env. 19 mm de diam\u00e8tre !<\/p>\n<p><b>Remarque :<\/b> cet article ne peut \u00eatre install\u00e9 que par du personnel qualifi\u00e9.<\/p>\n","protected":false},"excerpt":{"rendered":"<p>Fabricant : PERSONAL Diam\u00e8tre : 400 mm Date de production : environ 1970 Etat : voir photos d\u00e9taill\u00e9es. Porte-bague collectrice d\u00e9fectueux \/ plus disponible (voir derni\u00e8re photo) Ajuster: Fiat 500 Fiat 600 Fiat 595 Fiat 695 Fiat 750 Fiat 1000 TCR ! Veuillez v\u00e9rifier la denture avant l&rsquo;achat : PAS de rainure de clavette \/ &hellip; <a href=\"https:\/\/www.automobilia-atelier.de\/fr\/produkt\/volant-en-bois-personnel-des-annees-1970-pour-fiat-abarth-500-600-595-695-750-1000\/\" class=\"more-link\">Continuer \u00e0 lire <span class=\"screen-reader-text\">Volant en bois PERSONNEL des ann\u00e9es 1970 pour Fiat Abarth 500 \/ 600 \/ 595 \/ 695 \/ 750 \/ 1000<\/span> <span class=\"meta-nav\">\u2192<\/span><\/a><\/p>\n","protected":false},"featured_media":19112,"template":"","meta":{"inline_featured_image":false,"_monsterinsights_skip_tracking":false,"_monsterinsights_sitenote_active":false,"_monsterinsights_sitenote_note":"","_monsterinsights_sitenote_category":0},"product_brand":[],"product_cat":[244,236,237,248],"product_tag":[],"class_list":{"0":"post-19111","1":"product","2":"type-product","3":"status-publish","4":"has-post-thumbnail","6":"product_cat-nardi-personal-fr-2","7":"product_cat-pieces-de-vehicules-classiques","8":"product_cat-volants","9":"product_cat-volants-en-bois","11":"first","12":"outofstock","13":"sold-individually","14":"product-type-simple"},"yoast_head":"<!-- This site is optimized with the Yoast SEO plugin v24.7 - https:\/\/yoast.com\/wordpress\/plugins\/seo\/ -->\n<title>Volant en bois PERSONNEL des ann\u00e9es 1970 pour Fiat Abarth 500 \/ 600 \/ 595 \/ 695 \/ 750 \/ 1000 -<\/title>\n<meta name=\"robots\" content=\"index, follow, max-snippet:-1, max-image-preview:large, max-video-preview:-1\" \/>\n<link rel=\"canonical\" href=\"https:\/\/www.automobilia-atelier.de\/fr\/produkt\/volant-en-bois-personnel-des-annees-1970-pour-fiat-abarth-500-600-595-695-750-1000\/\" \/>\n<meta property=\"og:locale\" content=\"fr_FR\" \/>\n<meta property=\"og:type\" content=\"article\" \/>\n<meta property=\"og:title\" content=\"Volant en bois PERSONNEL des ann\u00e9es 1970 pour Fiat Abarth 500 \/ 600 \/ 595 \/ 695 \/ 750 \/ 1000 -\" \/>\n<meta property=\"og:description\" content=\"Fabricant : PERSONAL Diam\u00e8tre : 400 mm Date de production : environ 1970 Etat : voir photos d\u00e9taill\u00e9es. Porte-bague collectrice d\u00e9fectueux \/ plus disponible (voir derni\u00e8re photo) Ajuster: Fiat 500 Fiat 600 Fiat 595 Fiat 695 Fiat 750 Fiat 1000 TCR ! Veuillez v\u00e9rifier la denture avant l&rsquo;achat : PAS de rainure de clavette \/ &hellip; Continuer \u00e0 lire Volant en bois PERSONNEL des ann\u00e9es 1970 pour Fiat Abarth 500 \/ 600 \/ 595 \/ 695 \/ 750 \/ 1000 \u2192\" \/>\n<meta property=\"og:url\" content=\"https:\/\/www.automobilia-atelier.de\/fr\/produkt\/volant-en-bois-personnel-des-annees-1970-pour-fiat-abarth-500-600-595-695-750-1000\/\" \/>\n<meta property=\"og:image\" content=\"https:\/\/www.automobilia-atelier.de\/wp-content\/uploads\/2025\/04\/DSC9259-scaled.jpg\" \/>\n\t<meta property=\"og:image:width\" content=\"2400\" \/>\n\t<meta property=\"og:image:height\" content=\"1600\" \/>\n\t<meta property=\"og:image:type\" content=\"image\/jpeg\" \/>\n<meta name=\"twitter:card\" content=\"summary_large_image\" \/>\n<script type=\"application\/ld+json\" class=\"yoast-schema-graph\">{\"@context\":\"https:\/\/schema.org\",\"@graph\":[{\"@type\":\"WebPage\",\"@id\":\"https:\/\/www.automobilia-atelier.de\/fr\/produkt\/volant-en-bois-personnel-des-annees-1970-pour-fiat-abarth-500-600-595-695-750-1000\/\",\"url\":\"https:\/\/www.automobilia-atelier.de\/fr\/produkt\/volant-en-bois-personnel-des-annees-1970-pour-fiat-abarth-500-600-595-695-750-1000\/\",\"name\":\"Volant en bois PERSONNEL des ann\u00e9es 1970 pour Fiat Abarth 500 \/ 600 \/ 595 \/ 695 \/ 750 \/ 1000 -\",\"isPartOf\":{\"@id\":\"https:\/\/www.automobilia-atelier.de\/fr\/#website\"},\"primaryImageOfPage\":{\"@id\":\"https:\/\/www.automobilia-atelier.de\/fr\/produkt\/volant-en-bois-personnel-des-annees-1970-pour-fiat-abarth-500-600-595-695-750-1000\/#primaryimage\"},\"image\":{\"@id\":\"https:\/\/www.automobilia-atelier.de\/fr\/produkt\/volant-en-bois-personnel-des-annees-1970-pour-fiat-abarth-500-600-595-695-750-1000\/#primaryimage\"},\"thumbnailUrl\":\"https:\/\/www.automobilia-atelier.de\/wp-content\/uploads\/2025\/04\/DSC9259-scaled.jpg\",\"datePublished\":\"2024-04-21T10:05:32+00:00\",\"breadcrumb\":{\"@id\":\"https:\/\/www.automobilia-atelier.de\/fr\/produkt\/volant-en-bois-personnel-des-annees-1970-pour-fiat-abarth-500-600-595-695-750-1000\/#breadcrumb\"},\"inLanguage\":\"fr-FR\",\"potentialAction\":[{\"@type\":\"ReadAction\",\"target\":[\"https:\/\/www.automobilia-atelier.de\/fr\/produkt\/volant-en-bois-personnel-des-annees-1970-pour-fiat-abarth-500-600-595-695-750-1000\/\"]}]},{\"@type\":\"ImageObject\",\"inLanguage\":\"fr-FR\",\"@id\":\"https:\/\/www.automobilia-atelier.de\/fr\/produkt\/volant-en-bois-personnel-des-annees-1970-pour-fiat-abarth-500-600-595-695-750-1000\/#primaryimage\",\"url\":\"https:\/\/www.automobilia-atelier.de\/wp-content\/uploads\/2025\/04\/DSC9259-scaled.jpg\",\"contentUrl\":\"https:\/\/www.automobilia-atelier.de\/wp-content\/uploads\/2025\/04\/DSC9259-scaled.jpg\",\"width\":2400,\"height\":1600},{\"@type\":\"BreadcrumbList\",\"@id\":\"https:\/\/www.automobilia-atelier.de\/fr\/produkt\/volant-en-bois-personnel-des-annees-1970-pour-fiat-abarth-500-600-595-695-750-1000\/#breadcrumb\",\"itemListElement\":[{\"@type\":\"ListItem\",\"position\":1,\"name\":\"Startseite\",\"item\":\"https:\/\/www.automobilia-atelier.de\/fr\/\"},{\"@type\":\"ListItem\",\"position\":2,\"name\":\"Produits\",\"item\":\"https:\/\/www.automobilia-atelier.de\/fr\/shop\/\"},{\"@type\":\"ListItem\",\"position\":3,\"name\":\"Volant en bois PERSONNEL des ann\u00e9es 1970 pour Fiat Abarth 500 \/ 600 \/ 595 \/ 695 \/ 750 \/ 1000\"}]},{\"@type\":\"WebSite\",\"@id\":\"https:\/\/www.automobilia-atelier.de\/fr\/#website\",\"url\":\"https:\/\/www.automobilia-atelier.de\/fr\/\",\"name\":\"\",\"description\":\"\",\"potentialAction\":[{\"@type\":\"SearchAction\",\"target\":{\"@type\":\"EntryPoint\",\"urlTemplate\":\"https:\/\/www.automobilia-atelier.de\/fr\/?s={search_term_string}\"},\"query-input\":{\"@type\":\"PropertyValueSpecification\",\"valueRequired\":true,\"valueName\":\"search_term_string\"}}],\"inLanguage\":\"fr-FR\"}]}<\/script>\n<!-- \/ Yoast SEO plugin. -->","yoast_head_json":{"title":"Volant en bois PERSONNEL des ann\u00e9es 1970 pour Fiat Abarth 500 \/ 600 \/ 595 \/ 695 \/ 750 \/ 1000 -","robots":{"index":"index","follow":"follow","max-snippet":"max-snippet:-1","max-image-preview":"max-image-preview:large","max-video-preview":"max-video-preview:-1"},"canonical":"https:\/\/www.automobilia-atelier.de\/fr\/produkt\/volant-en-bois-personnel-des-annees-1970-pour-fiat-abarth-500-600-595-695-750-1000\/","og_locale":"fr_FR","og_type":"article","og_title":"Volant en bois PERSONNEL des ann\u00e9es 1970 pour Fiat Abarth 500 \/ 600 \/ 595 \/ 695 \/ 750 \/ 1000 -","og_description":"Fabricant : PERSONAL Diam\u00e8tre : 400 mm Date de production : environ 1970 Etat : voir photos d\u00e9taill\u00e9es. Porte-bague collectrice d\u00e9fectueux \/ plus disponible (voir derni\u00e8re photo) Ajuster: Fiat 500 Fiat 600 Fiat 595 Fiat 695 Fiat 750 Fiat 1000 TCR ! Veuillez v\u00e9rifier la denture avant l&rsquo;achat : PAS de rainure de clavette \/ &hellip; Continuer \u00e0 lire Volant en bois PERSONNEL des ann\u00e9es 1970 pour Fiat Abarth 500 \/ 600 \/ 595 \/ 695 \/ 750 \/ 1000 \u2192","og_url":"https:\/\/www.automobilia-atelier.de\/fr\/produkt\/volant-en-bois-personnel-des-annees-1970-pour-fiat-abarth-500-600-595-695-750-1000\/","og_image":[{"width":2400,"height":1600,"url":"https:\/\/www.automobilia-atelier.de\/wp-content\/uploads\/2025\/04\/DSC9259-scaled.jpg","type":"image\/jpeg"}],"twitter_card":"summary_large_image","schema":{"@context":"https:\/\/schema.org","@graph":[{"@type":"WebPage","@id":"https:\/\/www.automobilia-atelier.de\/fr\/produkt\/volant-en-bois-personnel-des-annees-1970-pour-fiat-abarth-500-600-595-695-750-1000\/","url":"https:\/\/www.automobilia-atelier.de\/fr\/produkt\/volant-en-bois-personnel-des-annees-1970-pour-fiat-abarth-500-600-595-695-750-1000\/","name":"Volant en bois PERSONNEL des ann\u00e9es 1970 pour Fiat Abarth 500 \/ 600 \/ 595 \/ 695 \/ 750 \/ 1000 -","isPartOf":{"@id":"https:\/\/www.automobilia-atelier.de\/fr\/#website"},"primaryImageOfPage":{"@id":"https:\/\/www.automobilia-atelier.de\/fr\/produkt\/volant-en-bois-personnel-des-annees-1970-pour-fiat-abarth-500-600-595-695-750-1000\/#primaryimage"},"image":{"@id":"https:\/\/www.automobilia-atelier.de\/fr\/produkt\/volant-en-bois-personnel-des-annees-1970-pour-fiat-abarth-500-600-595-695-750-1000\/#primaryimage"},"thumbnailUrl":"https:\/\/www.automobilia-atelier.de\/wp-content\/uploads\/2025\/04\/DSC9259-scaled.jpg","datePublished":"2024-04-21T10:05:32+00:00","breadcrumb":{"@id":"https:\/\/www.automobilia-atelier.de\/fr\/produkt\/volant-en-bois-personnel-des-annees-1970-pour-fiat-abarth-500-600-595-695-750-1000\/#breadcrumb"},"inLanguage":"fr-FR","potentialAction":[{"@type":"ReadAction","target":["https:\/\/www.automobilia-atelier.de\/fr\/produkt\/volant-en-bois-personnel-des-annees-1970-pour-fiat-abarth-500-600-595-695-750-1000\/"]}]},{"@type":"ImageObject","inLanguage":"fr-FR","@id":"https:\/\/www.automobilia-atelier.de\/fr\/produkt\/volant-en-bois-personnel-des-annees-1970-pour-fiat-abarth-500-600-595-695-750-1000\/#primaryimage","url":"https:\/\/www.automobilia-atelier.de\/wp-content\/uploads\/2025\/04\/DSC9259-scaled.jpg","contentUrl":"https:\/\/www.automobilia-atelier.de\/wp-content\/uploads\/2025\/04\/DSC9259-scaled.jpg","width":2400,"height":1600},{"@type":"BreadcrumbList","@id":"https:\/\/www.automobilia-atelier.de\/fr\/produkt\/volant-en-bois-personnel-des-annees-1970-pour-fiat-abarth-500-600-595-695-750-1000\/#breadcrumb","itemListElement":[{"@type":"ListItem","position":1,"name":"Startseite","item":"https:\/\/www.automobilia-atelier.de\/fr\/"},{"@type":"ListItem","position":2,"name":"Produits","item":"https:\/\/www.automobilia-atelier.de\/fr\/shop\/"},{"@type":"ListItem","position":3,"name":"Volant en bois PERSONNEL des ann\u00e9es 1970 pour Fiat Abarth 500 \/ 600 \/ 595 \/ 695 \/ 750 \/ 1000"}]},{"@type":"WebSite","@id":"https:\/\/www.automobilia-atelier.de\/fr\/#website","url":"https:\/\/www.automobilia-atelier.de\/fr\/","name":"","description":"","potentialAction":[{"@type":"SearchAction","target":{"@type":"EntryPoint","urlTemplate":"https:\/\/www.automobilia-atelier.de\/fr\/?s={search_term_string}"},"query-input":{"@type":"PropertyValueSpecification","valueRequired":true,"valueName":"search_term_string"}}],"inLanguage":"fr-FR"}]}},"jetpack_sharing_enabled":true,"_links":{"self":[{"href":"https:\/\/www.automobilia-atelier.de\/fr\/wp-json\/wp\/v2\/product\/19111","targetHints":{"allow":["GET"]}}],"collection":[{"href":"https:\/\/www.automobilia-atelier.de\/fr\/wp-json\/wp\/v2\/product"}],"about":[{"href":"https:\/\/www.automobilia-atelier.de\/fr\/wp-json\/wp\/v2\/types\/product"}],"wp:featuredmedia":[{"embeddable":true,"href":"https:\/\/www.automobilia-atelier.de\/fr\/wp-json\/wp\/v2\/media\/19112"}],"wp:attachment":[{"href":"https:\/\/www.automobilia-atelier.de\/fr\/wp-json\/wp\/v2\/media?parent=19111"}],"wp:term":[{"taxonomy":"product_brand","embeddable":true,"href":"https:\/\/www.automobilia-atelier.de\/fr\/wp-json\/wp\/v2\/product_brand?post=19111"},{"taxonomy":"product_cat","embeddable":true,"href":"https:\/\/www.automobilia-atelier.de\/fr\/wp-json\/wp\/v2\/product_cat?post=19111"},{"taxonomy":"product_tag","embeddable":true,"href":"https:\/\/www.automobilia-atelier.de\/fr\/wp-json\/wp\/v2\/product_tag?post=19111"}],"curies":[{"name":"wp","href":"https:\/\/api.w.org\/{rel}","templated":true}]}}