{"id":20016,"date":"2026-03-21T12:28:30","date_gmt":"2026-03-21T11:28:30","guid":{"rendered":"https:\/\/www.automobilia-atelier.de\/?post_type=product&#038;p=20016"},"modified":"2026-03-22T09:06:58","modified_gmt":"2026-03-22T08:06:58","slug":"1991-volant-en-bois-momo-vl35-zender-vw-audi-mercedes-bmw-kopie","status":"publish","type":"product","link":"https:\/\/www.automobilia-atelier.de\/fr\/produkt\/1991-volant-en-bois-momo-vl35-zender-vw-audi-mercedes-bmw-kopie\/","title":{"rendered":"Volant en bois MOMO ML38 de 1991 pour Opel Ascona \/ Astra \/ Calibra \/ Corsa \/ Kadett"},"content":{"rendered":"<p><strong>Fabricant :<\/strong> MOMO (KBA 70100)<br \/>\n<strong>Diam\u00e8tre :<\/strong> 380 mm<br \/>\n<strong>Date de production :<\/strong> juillet 1991<br \/>\n<strong>\u00c9tat :<\/strong> voir photos d\u00e9taill\u00e9es<br \/>\n<strong>Montage :<\/strong> moyeu n\u00b0 L 6605<\/p>\n<ul>\n<li>Opel Ascona C, CC (265, 266) jusqu&rsquo;\u00e0 l&rsquo;ann\u00e9e de fabrication. 1983<\/li>\n<li>Opel Ascona C, CC (265, 266) de 1984<\/li>\n<li>Opel Astra F-CC, caravane, cabriolet<\/li>\n<li>Opel Calibra, A, 4\u00d74<\/li>\n<li>Opel Corsa A, A-CC<\/li>\n<li>Opel Kadett D \u2013 tous types<\/li>\n<li>Opel Kadett E, CC \u2013 tous types<\/li>\n<li>Opel Omega A, Lim. Caravane <\/li>\n<li>Opel Senator B, E 478, E 478\/1<\/li>\n<li>Opel Vectra A, A-CC, AX, 4\u00d74, -2000<\/li>\n<\/ul>\n<p>&nbsp;<\/p>\n<p><b>Remarque :<\/b> cet article ne peut \u00eatre install\u00e9 que par du personnel qualifi\u00e9.<\/p>\n","protected":false},"excerpt":{"rendered":"<p>Fabricant : MOMO (KBA 70100) Diam\u00e8tre : 380 mm Date de production : juillet 1991 \u00c9tat : voir photos d\u00e9taill\u00e9es Montage : moyeu n\u00b0 L 6605 Opel Ascona C, CC (265, 266) jusqu&rsquo;\u00e0 l&rsquo;ann\u00e9e de fabrication. 1983 Opel Ascona C, CC (265, 266) de 1984 Opel Astra F-CC, caravane, cabriolet Opel Calibra, A, 4\u00d74 Opel &hellip; <a href=\"https:\/\/www.automobilia-atelier.de\/fr\/produkt\/1991-volant-en-bois-momo-vl35-zender-vw-audi-mercedes-bmw-kopie\/\" class=\"more-link\">Continuer \u00e0 lire <span class=\"screen-reader-text\">Volant en bois MOMO ML38 de 1991 pour Opel Ascona \/ Astra \/ Calibra \/ Corsa \/ Kadett<\/span> <span class=\"meta-nav\">\u2192<\/span><\/a><\/p>\n","protected":false},"featured_media":22041,"template":"","meta":{"inline_featured_image":false,"_monsterinsights_skip_tracking":false,"_monsterinsights_sitenote_active":false,"_monsterinsights_sitenote_note":"","_monsterinsights_sitenote_category":0},"product_brand":[],"product_cat":[239,236,237,254],"product_tag":[],"class_list":{"0":"post-20016","1":"product","2":"type-product","3":"status-publish","4":"has-post-thumbnail","6":"product_cat-momo-fr","7":"product_cat-pieces-de-vehicules-classiques","8":"product_cat-volants","9":"product_cat-volants-en-bois-fr","11":"first","12":"instock","13":"sold-individually","14":"purchasable","15":"product-type-simple"},"yoast_head":"<!-- This site is optimized with the Yoast SEO plugin v24.7 - https:\/\/yoast.com\/wordpress\/plugins\/seo\/ -->\n<title>Volant en bois MOMO ML38 de 1991 pour Opel Ascona \/ Astra \/ Calibra \/ Corsa \/ Kadett -<\/title>\n<meta name=\"robots\" content=\"index, follow, max-snippet:-1, max-image-preview:large, max-video-preview:-1\" \/>\n<link rel=\"canonical\" href=\"https:\/\/www.automobilia-atelier.de\/fr\/produkt\/1991-volant-en-bois-momo-vl35-zender-vw-audi-mercedes-bmw-kopie\/\" \/>\n<meta property=\"og:locale\" content=\"fr_FR\" \/>\n<meta property=\"og:type\" content=\"article\" \/>\n<meta property=\"og:title\" content=\"Volant en bois MOMO ML38 de 1991 pour Opel Ascona \/ Astra \/ Calibra \/ Corsa \/ Kadett -\" \/>\n<meta property=\"og:description\" content=\"Fabricant : MOMO (KBA 70100) Diam\u00e8tre : 380 mm Date de production : juillet 1991 \u00c9tat : voir photos d\u00e9taill\u00e9es Montage : moyeu n\u00b0 L 6605 Opel Ascona C, CC (265, 266) jusqu&rsquo;\u00e0 l&rsquo;ann\u00e9e de fabrication. 1983 Opel Ascona C, CC (265, 266) de 1984 Opel Astra F-CC, caravane, cabriolet Opel Calibra, A, 4\u00d74 Opel &hellip; Continuer \u00e0 lire Volant en bois MOMO ML38 de 1991 pour Opel Ascona \/ Astra \/ Calibra \/ Corsa \/ Kadett \u2192\" \/>\n<meta property=\"og:url\" content=\"https:\/\/www.automobilia-atelier.de\/fr\/produkt\/1991-volant-en-bois-momo-vl35-zender-vw-audi-mercedes-bmw-kopie\/\" \/>\n<meta property=\"article:modified_time\" content=\"2026-03-22T08:06:58+00:00\" \/>\n<meta property=\"og:image\" content=\"https:\/\/www.automobilia-atelier.de\/wp-content\/uploads\/2025\/08\/DSC0053-scaled.jpg\" \/>\n\t<meta property=\"og:image:width\" content=\"2400\" \/>\n\t<meta property=\"og:image:height\" content=\"1600\" \/>\n\t<meta property=\"og:image:type\" content=\"image\/jpeg\" \/>\n<meta name=\"twitter:card\" content=\"summary_large_image\" \/>\n<script type=\"application\/ld+json\" class=\"yoast-schema-graph\">{\"@context\":\"https:\/\/schema.org\",\"@graph\":[{\"@type\":\"WebPage\",\"@id\":\"https:\/\/www.automobilia-atelier.de\/fr\/produkt\/1991-volant-en-bois-momo-vl35-zender-vw-audi-mercedes-bmw-kopie\/\",\"url\":\"https:\/\/www.automobilia-atelier.de\/fr\/produkt\/1991-volant-en-bois-momo-vl35-zender-vw-audi-mercedes-bmw-kopie\/\",\"name\":\"Volant en bois MOMO ML38 de 1991 pour Opel Ascona \/ Astra \/ Calibra \/ Corsa \/ Kadett -\",\"isPartOf\":{\"@id\":\"https:\/\/www.automobilia-atelier.de\/fr\/#website\"},\"primaryImageOfPage\":{\"@id\":\"https:\/\/www.automobilia-atelier.de\/fr\/produkt\/1991-volant-en-bois-momo-vl35-zender-vw-audi-mercedes-bmw-kopie\/#primaryimage\"},\"image\":{\"@id\":\"https:\/\/www.automobilia-atelier.de\/fr\/produkt\/1991-volant-en-bois-momo-vl35-zender-vw-audi-mercedes-bmw-kopie\/#primaryimage\"},\"thumbnailUrl\":\"https:\/\/www.automobilia-atelier.de\/wp-content\/uploads\/2025\/08\/DSC0053-scaled.jpg\",\"datePublished\":\"2026-03-21T11:28:30+00:00\",\"dateModified\":\"2026-03-22T08:06:58+00:00\",\"breadcrumb\":{\"@id\":\"https:\/\/www.automobilia-atelier.de\/fr\/produkt\/1991-volant-en-bois-momo-vl35-zender-vw-audi-mercedes-bmw-kopie\/#breadcrumb\"},\"inLanguage\":\"fr-FR\",\"potentialAction\":[{\"@type\":\"ReadAction\",\"target\":[\"https:\/\/www.automobilia-atelier.de\/fr\/produkt\/1991-volant-en-bois-momo-vl35-zender-vw-audi-mercedes-bmw-kopie\/\"]}]},{\"@type\":\"ImageObject\",\"inLanguage\":\"fr-FR\",\"@id\":\"https:\/\/www.automobilia-atelier.de\/fr\/produkt\/1991-volant-en-bois-momo-vl35-zender-vw-audi-mercedes-bmw-kopie\/#primaryimage\",\"url\":\"https:\/\/www.automobilia-atelier.de\/wp-content\/uploads\/2025\/08\/DSC0053-scaled.jpg\",\"contentUrl\":\"https:\/\/www.automobilia-atelier.de\/wp-content\/uploads\/2025\/08\/DSC0053-scaled.jpg\",\"width\":2400,\"height\":1600},{\"@type\":\"BreadcrumbList\",\"@id\":\"https:\/\/www.automobilia-atelier.de\/fr\/produkt\/1991-volant-en-bois-momo-vl35-zender-vw-audi-mercedes-bmw-kopie\/#breadcrumb\",\"itemListElement\":[{\"@type\":\"ListItem\",\"position\":1,\"name\":\"Startseite\",\"item\":\"https:\/\/www.automobilia-atelier.de\/fr\/\"},{\"@type\":\"ListItem\",\"position\":2,\"name\":\"Produits\",\"item\":\"https:\/\/www.automobilia-atelier.de\/fr\/shop\/\"},{\"@type\":\"ListItem\",\"position\":3,\"name\":\"Volant en bois MOMO ML38 de 1991 pour Opel Ascona \/ Astra \/ Calibra \/ Corsa \/ Kadett\"}]},{\"@type\":\"WebSite\",\"@id\":\"https:\/\/www.automobilia-atelier.de\/fr\/#website\",\"url\":\"https:\/\/www.automobilia-atelier.de\/fr\/\",\"name\":\"\",\"description\":\"\",\"potentialAction\":[{\"@type\":\"SearchAction\",\"target\":{\"@type\":\"EntryPoint\",\"urlTemplate\":\"https:\/\/www.automobilia-atelier.de\/fr\/?s={search_term_string}\"},\"query-input\":{\"@type\":\"PropertyValueSpecification\",\"valueRequired\":true,\"valueName\":\"search_term_string\"}}],\"inLanguage\":\"fr-FR\"}]}<\/script>\n<!-- \/ Yoast SEO plugin. -->","yoast_head_json":{"title":"Volant en bois MOMO ML38 de 1991 pour Opel Ascona \/ Astra \/ Calibra \/ Corsa \/ Kadett -","robots":{"index":"index","follow":"follow","max-snippet":"max-snippet:-1","max-image-preview":"max-image-preview:large","max-video-preview":"max-video-preview:-1"},"canonical":"https:\/\/www.automobilia-atelier.de\/fr\/produkt\/1991-volant-en-bois-momo-vl35-zender-vw-audi-mercedes-bmw-kopie\/","og_locale":"fr_FR","og_type":"article","og_title":"Volant en bois MOMO ML38 de 1991 pour Opel Ascona \/ Astra \/ Calibra \/ Corsa \/ Kadett -","og_description":"Fabricant : MOMO (KBA 70100) Diam\u00e8tre : 380 mm Date de production : juillet 1991 \u00c9tat : voir photos d\u00e9taill\u00e9es Montage : moyeu n\u00b0 L 6605 Opel Ascona C, CC (265, 266) jusqu&rsquo;\u00e0 l&rsquo;ann\u00e9e de fabrication. 1983 Opel Ascona C, CC (265, 266) de 1984 Opel Astra F-CC, caravane, cabriolet Opel Calibra, A, 4\u00d74 Opel &hellip; Continuer \u00e0 lire Volant en bois MOMO ML38 de 1991 pour Opel Ascona \/ Astra \/ Calibra \/ Corsa \/ Kadett \u2192","og_url":"https:\/\/www.automobilia-atelier.de\/fr\/produkt\/1991-volant-en-bois-momo-vl35-zender-vw-audi-mercedes-bmw-kopie\/","article_modified_time":"2026-03-22T08:06:58+00:00","og_image":[{"width":2400,"height":1600,"url":"https:\/\/www.automobilia-atelier.de\/wp-content\/uploads\/2025\/08\/DSC0053-scaled.jpg","type":"image\/jpeg"}],"twitter_card":"summary_large_image","schema":{"@context":"https:\/\/schema.org","@graph":[{"@type":"WebPage","@id":"https:\/\/www.automobilia-atelier.de\/fr\/produkt\/1991-volant-en-bois-momo-vl35-zender-vw-audi-mercedes-bmw-kopie\/","url":"https:\/\/www.automobilia-atelier.de\/fr\/produkt\/1991-volant-en-bois-momo-vl35-zender-vw-audi-mercedes-bmw-kopie\/","name":"Volant en bois MOMO ML38 de 1991 pour Opel Ascona \/ Astra \/ Calibra \/ Corsa \/ Kadett -","isPartOf":{"@id":"https:\/\/www.automobilia-atelier.de\/fr\/#website"},"primaryImageOfPage":{"@id":"https:\/\/www.automobilia-atelier.de\/fr\/produkt\/1991-volant-en-bois-momo-vl35-zender-vw-audi-mercedes-bmw-kopie\/#primaryimage"},"image":{"@id":"https:\/\/www.automobilia-atelier.de\/fr\/produkt\/1991-volant-en-bois-momo-vl35-zender-vw-audi-mercedes-bmw-kopie\/#primaryimage"},"thumbnailUrl":"https:\/\/www.automobilia-atelier.de\/wp-content\/uploads\/2025\/08\/DSC0053-scaled.jpg","datePublished":"2026-03-21T11:28:30+00:00","dateModified":"2026-03-22T08:06:58+00:00","breadcrumb":{"@id":"https:\/\/www.automobilia-atelier.de\/fr\/produkt\/1991-volant-en-bois-momo-vl35-zender-vw-audi-mercedes-bmw-kopie\/#breadcrumb"},"inLanguage":"fr-FR","potentialAction":[{"@type":"ReadAction","target":["https:\/\/www.automobilia-atelier.de\/fr\/produkt\/1991-volant-en-bois-momo-vl35-zender-vw-audi-mercedes-bmw-kopie\/"]}]},{"@type":"ImageObject","inLanguage":"fr-FR","@id":"https:\/\/www.automobilia-atelier.de\/fr\/produkt\/1991-volant-en-bois-momo-vl35-zender-vw-audi-mercedes-bmw-kopie\/#primaryimage","url":"https:\/\/www.automobilia-atelier.de\/wp-content\/uploads\/2025\/08\/DSC0053-scaled.jpg","contentUrl":"https:\/\/www.automobilia-atelier.de\/wp-content\/uploads\/2025\/08\/DSC0053-scaled.jpg","width":2400,"height":1600},{"@type":"BreadcrumbList","@id":"https:\/\/www.automobilia-atelier.de\/fr\/produkt\/1991-volant-en-bois-momo-vl35-zender-vw-audi-mercedes-bmw-kopie\/#breadcrumb","itemListElement":[{"@type":"ListItem","position":1,"name":"Startseite","item":"https:\/\/www.automobilia-atelier.de\/fr\/"},{"@type":"ListItem","position":2,"name":"Produits","item":"https:\/\/www.automobilia-atelier.de\/fr\/shop\/"},{"@type":"ListItem","position":3,"name":"Volant en bois MOMO ML38 de 1991 pour Opel Ascona \/ Astra \/ Calibra \/ Corsa \/ Kadett"}]},{"@type":"WebSite","@id":"https:\/\/www.automobilia-atelier.de\/fr\/#website","url":"https:\/\/www.automobilia-atelier.de\/fr\/","name":"","description":"","potentialAction":[{"@type":"SearchAction","target":{"@type":"EntryPoint","urlTemplate":"https:\/\/www.automobilia-atelier.de\/fr\/?s={search_term_string}"},"query-input":{"@type":"PropertyValueSpecification","valueRequired":true,"valueName":"search_term_string"}}],"inLanguage":"fr-FR"}]}},"jetpack_sharing_enabled":true,"_links":{"self":[{"href":"https:\/\/www.automobilia-atelier.de\/fr\/wp-json\/wp\/v2\/product\/20016","targetHints":{"allow":["GET"]}}],"collection":[{"href":"https:\/\/www.automobilia-atelier.de\/fr\/wp-json\/wp\/v2\/product"}],"about":[{"href":"https:\/\/www.automobilia-atelier.de\/fr\/wp-json\/wp\/v2\/types\/product"}],"wp:featuredmedia":[{"embeddable":true,"href":"https:\/\/www.automobilia-atelier.de\/fr\/wp-json\/wp\/v2\/media\/22041"}],"wp:attachment":[{"href":"https:\/\/www.automobilia-atelier.de\/fr\/wp-json\/wp\/v2\/media?parent=20016"}],"wp:term":[{"taxonomy":"product_brand","embeddable":true,"href":"https:\/\/www.automobilia-atelier.de\/fr\/wp-json\/wp\/v2\/product_brand?post=20016"},{"taxonomy":"product_cat","embeddable":true,"href":"https:\/\/www.automobilia-atelier.de\/fr\/wp-json\/wp\/v2\/product_cat?post=20016"},{"taxonomy":"product_tag","embeddable":true,"href":"https:\/\/www.automobilia-atelier.de\/fr\/wp-json\/wp\/v2\/product_tag?post=20016"}],"curies":[{"name":"wp","href":"https:\/\/api.w.org\/{rel}","templated":true}]}}