{"id":20551,"date":"2025-08-21T22:29:04","date_gmt":"2025-08-21T20:29:04","guid":{"rendered":"https:\/\/www.automobilia-atelier.de\/?post_type=product&#038;p=20551"},"modified":"2025-08-21T22:42:33","modified_gmt":"2025-08-21T20:42:33","slug":"t-shirt-monaco-f1-historique-dautomobilia-atelier-kopie","status":"publish","type":"product","link":"https:\/\/www.automobilia-atelier.de\/fr\/produkt\/t-shirt-monaco-f1-historique-dautomobilia-atelier-kopie\/","title":{"rendered":"T-shirt AUTOMOBILIA ATELIER \u00ab&nbsp;962&nbsp;\u00bb"},"content":{"rendered":"<p>Ce maillot fait entrer la 962 sur le l\u00e9gendaire circuit de Spa-Francorchamps dans votre garde-robe&nbsp;: un imprim\u00e9 \u00e9l\u00e9gant sur le devant et un grand imprim\u00e9 au dos au look vintage. Il allie confort haut de gamme et passion pour la course. <\/p>\n<ul>\n<li>S\u00e9rigraphie petit format recto \/ grand format verso Pantone 426 C<\/li>\n<li>100 % coton*, environ 165 g\/m2<\/li>\n<li>col rond<\/li>\n<li>blanc<\/li>\n<li>unisexe<\/li>\n<li>Fruit du m\u00e9tier \u00e0 tisser<\/li>\n<\/ul>\n<div>\n<div class=\"summary__title\">\n<h5 class=\"h4 accordion__title inline-richtext\">Taille et coupe<\/h5>\n<\/div>\n<\/div>\n<div id=\"ProductAccordion-collapsible_tab_U4ahTt-template--25076365787461__main\" class=\"accordion__content rte\">\n<ul>\n<li><span class=\"metafield-multi_line_text_field\">Coupe d\u00e9contract\u00e9e  <\/span><\/li>\n<li>Il est pr\u00e9f\u00e9rable de choisir une taille plus grande pour un look d\u00e9contract\u00e9<\/li>\n<li><span class=\"metafield-multi_line_text_field\">  Le mannequin (1,90 m ; 90 kg) porte une taille XL<\/span><\/li>\n<\/ul>\n<\/div>\n","protected":false},"excerpt":{"rendered":"<p>Ce maillot fait entrer la 962 sur le l\u00e9gendaire circuit de Spa-Francorchamps dans votre garde-robe&nbsp;: un imprim\u00e9 \u00e9l\u00e9gant sur le devant et un grand imprim\u00e9 au dos au look vintage. Il allie confort haut de gamme et passion pour la course. S\u00e9rigraphie petit format recto \/ grand format verso Pantone 426 C 100 % coton*, &hellip; <a href=\"https:\/\/www.automobilia-atelier.de\/fr\/produkt\/t-shirt-monaco-f1-historique-dautomobilia-atelier-kopie\/\" class=\"more-link\">Continuer \u00e0 lire <span class=\"screen-reader-text\">T-shirt AUTOMOBILIA ATELIER \u00ab&nbsp;962&nbsp;\u00bb<\/span> <span class=\"meta-nav\">\u2192<\/span><\/a><\/p>\n","protected":false},"featured_media":20565,"template":"","meta":{"inline_featured_image":false,"_monsterinsights_skip_tracking":false,"_monsterinsights_sitenote_active":false,"_monsterinsights_sitenote_note":"","_monsterinsights_sitenote_category":0},"product_brand":[],"product_cat":[286],"product_tag":[],"class_list":{"0":"post-20551","1":"product","2":"type-product","3":"status-publish","4":"has-post-thumbnail","6":"product_cat-collection-fr","7":"product_shipping_class-t-shirt","9":"first","10":"instock","11":"featured","12":"shipping-taxable","13":"purchasable","14":"product-type-variable","15":"has-default-attributes"},"yoast_head":"<!-- This site is optimized with the Yoast SEO plugin v24.7 - https:\/\/yoast.com\/wordpress\/plugins\/seo\/ -->\n<title>T-shirt AUTOMOBILIA ATELIER \u00ab&nbsp;962&nbsp;\u00bb -<\/title>\n<meta name=\"robots\" content=\"index, follow, max-snippet:-1, max-image-preview:large, max-video-preview:-1\" \/>\n<link rel=\"canonical\" href=\"https:\/\/www.automobilia-atelier.de\/fr\/produkt\/t-shirt-monaco-f1-historique-dautomobilia-atelier-kopie\/\" \/>\n<meta property=\"og:locale\" content=\"fr_FR\" \/>\n<meta property=\"og:type\" content=\"article\" \/>\n<meta property=\"og:title\" content=\"T-shirt AUTOMOBILIA ATELIER \u00ab&nbsp;962&nbsp;\u00bb -\" \/>\n<meta property=\"og:description\" content=\"Ce maillot fait entrer la 962 sur le l\u00e9gendaire circuit de Spa-Francorchamps dans votre garde-robe&nbsp;: un imprim\u00e9 \u00e9l\u00e9gant sur le devant et un grand imprim\u00e9 au dos au look vintage. Il allie confort haut de gamme et passion pour la course. S\u00e9rigraphie petit format recto \/ grand format verso Pantone 426 C 100 % coton*, &hellip; Continuer \u00e0 lire T-shirt AUTOMOBILIA ATELIER \u00ab&nbsp;962&nbsp;\u00bb \u2192\" \/>\n<meta property=\"og:url\" content=\"https:\/\/www.automobilia-atelier.de\/fr\/produkt\/t-shirt-monaco-f1-historique-dautomobilia-atelier-kopie\/\" \/>\n<meta property=\"article:modified_time\" content=\"2025-08-21T20:42:33+00:00\" \/>\n<meta property=\"og:image\" content=\"https:\/\/www.automobilia-atelier.de\/wp-content\/uploads\/2025\/08\/e267a5d4-56fa-4fc9-bfcf-a761442126c9-2-1.png\" \/>\n\t<meta property=\"og:image:width\" content=\"1423\" \/>\n\t<meta property=\"og:image:height\" content=\"1423\" \/>\n\t<meta property=\"og:image:type\" content=\"image\/png\" \/>\n<meta name=\"twitter:card\" content=\"summary_large_image\" \/>\n<script type=\"application\/ld+json\" class=\"yoast-schema-graph\">{\"@context\":\"https:\/\/schema.org\",\"@graph\":[{\"@type\":\"WebPage\",\"@id\":\"https:\/\/www.automobilia-atelier.de\/fr\/produkt\/t-shirt-monaco-f1-historique-dautomobilia-atelier-kopie\/\",\"url\":\"https:\/\/www.automobilia-atelier.de\/fr\/produkt\/t-shirt-monaco-f1-historique-dautomobilia-atelier-kopie\/\",\"name\":\"T-shirt AUTOMOBILIA ATELIER \u00ab&nbsp;962&nbsp;\u00bb -\",\"isPartOf\":{\"@id\":\"https:\/\/www.automobilia-atelier.de\/fr\/#website\"},\"primaryImageOfPage\":{\"@id\":\"https:\/\/www.automobilia-atelier.de\/fr\/produkt\/t-shirt-monaco-f1-historique-dautomobilia-atelier-kopie\/#primaryimage\"},\"image\":{\"@id\":\"https:\/\/www.automobilia-atelier.de\/fr\/produkt\/t-shirt-monaco-f1-historique-dautomobilia-atelier-kopie\/#primaryimage\"},\"thumbnailUrl\":\"https:\/\/www.automobilia-atelier.de\/wp-content\/uploads\/2025\/08\/e267a5d4-56fa-4fc9-bfcf-a761442126c9-2-1.png\",\"datePublished\":\"2025-08-21T20:29:04+00:00\",\"dateModified\":\"2025-08-21T20:42:33+00:00\",\"breadcrumb\":{\"@id\":\"https:\/\/www.automobilia-atelier.de\/fr\/produkt\/t-shirt-monaco-f1-historique-dautomobilia-atelier-kopie\/#breadcrumb\"},\"inLanguage\":\"fr-FR\",\"potentialAction\":[{\"@type\":\"ReadAction\",\"target\":[\"https:\/\/www.automobilia-atelier.de\/fr\/produkt\/t-shirt-monaco-f1-historique-dautomobilia-atelier-kopie\/\"]}]},{\"@type\":\"ImageObject\",\"inLanguage\":\"fr-FR\",\"@id\":\"https:\/\/www.automobilia-atelier.de\/fr\/produkt\/t-shirt-monaco-f1-historique-dautomobilia-atelier-kopie\/#primaryimage\",\"url\":\"https:\/\/www.automobilia-atelier.de\/wp-content\/uploads\/2025\/08\/e267a5d4-56fa-4fc9-bfcf-a761442126c9-2-1.png\",\"contentUrl\":\"https:\/\/www.automobilia-atelier.de\/wp-content\/uploads\/2025\/08\/e267a5d4-56fa-4fc9-bfcf-a761442126c9-2-1.png\",\"width\":1423,\"height\":1423},{\"@type\":\"BreadcrumbList\",\"@id\":\"https:\/\/www.automobilia-atelier.de\/fr\/produkt\/t-shirt-monaco-f1-historique-dautomobilia-atelier-kopie\/#breadcrumb\",\"itemListElement\":[{\"@type\":\"ListItem\",\"position\":1,\"name\":\"Startseite\",\"item\":\"https:\/\/www.automobilia-atelier.de\/fr\/\"},{\"@type\":\"ListItem\",\"position\":2,\"name\":\"Produits\",\"item\":\"https:\/\/www.automobilia-atelier.de\/fr\/shop\/\"},{\"@type\":\"ListItem\",\"position\":3,\"name\":\"T-shirt AUTOMOBILIA ATELIER \u00ab&nbsp;962&nbsp;\u00bb\"}]},{\"@type\":\"WebSite\",\"@id\":\"https:\/\/www.automobilia-atelier.de\/fr\/#website\",\"url\":\"https:\/\/www.automobilia-atelier.de\/fr\/\",\"name\":\"\",\"description\":\"\",\"potentialAction\":[{\"@type\":\"SearchAction\",\"target\":{\"@type\":\"EntryPoint\",\"urlTemplate\":\"https:\/\/www.automobilia-atelier.de\/fr\/?s={search_term_string}\"},\"query-input\":{\"@type\":\"PropertyValueSpecification\",\"valueRequired\":true,\"valueName\":\"search_term_string\"}}],\"inLanguage\":\"fr-FR\"}]}<\/script>\n<!-- \/ Yoast SEO plugin. -->","yoast_head_json":{"title":"T-shirt AUTOMOBILIA ATELIER \u00ab&nbsp;962&nbsp;\u00bb -","robots":{"index":"index","follow":"follow","max-snippet":"max-snippet:-1","max-image-preview":"max-image-preview:large","max-video-preview":"max-video-preview:-1"},"canonical":"https:\/\/www.automobilia-atelier.de\/fr\/produkt\/t-shirt-monaco-f1-historique-dautomobilia-atelier-kopie\/","og_locale":"fr_FR","og_type":"article","og_title":"T-shirt AUTOMOBILIA ATELIER \u00ab&nbsp;962&nbsp;\u00bb -","og_description":"Ce maillot fait entrer la 962 sur le l\u00e9gendaire circuit de Spa-Francorchamps dans votre garde-robe&nbsp;: un imprim\u00e9 \u00e9l\u00e9gant sur le devant et un grand imprim\u00e9 au dos au look vintage. Il allie confort haut de gamme et passion pour la course. S\u00e9rigraphie petit format recto \/ grand format verso Pantone 426 C 100 % coton*, &hellip; Continuer \u00e0 lire T-shirt AUTOMOBILIA ATELIER \u00ab&nbsp;962&nbsp;\u00bb \u2192","og_url":"https:\/\/www.automobilia-atelier.de\/fr\/produkt\/t-shirt-monaco-f1-historique-dautomobilia-atelier-kopie\/","article_modified_time":"2025-08-21T20:42:33+00:00","og_image":[{"width":1423,"height":1423,"url":"https:\/\/www.automobilia-atelier.de\/wp-content\/uploads\/2025\/08\/e267a5d4-56fa-4fc9-bfcf-a761442126c9-2-1.png","type":"image\/png"}],"twitter_card":"summary_large_image","schema":{"@context":"https:\/\/schema.org","@graph":[{"@type":"WebPage","@id":"https:\/\/www.automobilia-atelier.de\/fr\/produkt\/t-shirt-monaco-f1-historique-dautomobilia-atelier-kopie\/","url":"https:\/\/www.automobilia-atelier.de\/fr\/produkt\/t-shirt-monaco-f1-historique-dautomobilia-atelier-kopie\/","name":"T-shirt AUTOMOBILIA ATELIER \u00ab&nbsp;962&nbsp;\u00bb -","isPartOf":{"@id":"https:\/\/www.automobilia-atelier.de\/fr\/#website"},"primaryImageOfPage":{"@id":"https:\/\/www.automobilia-atelier.de\/fr\/produkt\/t-shirt-monaco-f1-historique-dautomobilia-atelier-kopie\/#primaryimage"},"image":{"@id":"https:\/\/www.automobilia-atelier.de\/fr\/produkt\/t-shirt-monaco-f1-historique-dautomobilia-atelier-kopie\/#primaryimage"},"thumbnailUrl":"https:\/\/www.automobilia-atelier.de\/wp-content\/uploads\/2025\/08\/e267a5d4-56fa-4fc9-bfcf-a761442126c9-2-1.png","datePublished":"2025-08-21T20:29:04+00:00","dateModified":"2025-08-21T20:42:33+00:00","breadcrumb":{"@id":"https:\/\/www.automobilia-atelier.de\/fr\/produkt\/t-shirt-monaco-f1-historique-dautomobilia-atelier-kopie\/#breadcrumb"},"inLanguage":"fr-FR","potentialAction":[{"@type":"ReadAction","target":["https:\/\/www.automobilia-atelier.de\/fr\/produkt\/t-shirt-monaco-f1-historique-dautomobilia-atelier-kopie\/"]}]},{"@type":"ImageObject","inLanguage":"fr-FR","@id":"https:\/\/www.automobilia-atelier.de\/fr\/produkt\/t-shirt-monaco-f1-historique-dautomobilia-atelier-kopie\/#primaryimage","url":"https:\/\/www.automobilia-atelier.de\/wp-content\/uploads\/2025\/08\/e267a5d4-56fa-4fc9-bfcf-a761442126c9-2-1.png","contentUrl":"https:\/\/www.automobilia-atelier.de\/wp-content\/uploads\/2025\/08\/e267a5d4-56fa-4fc9-bfcf-a761442126c9-2-1.png","width":1423,"height":1423},{"@type":"BreadcrumbList","@id":"https:\/\/www.automobilia-atelier.de\/fr\/produkt\/t-shirt-monaco-f1-historique-dautomobilia-atelier-kopie\/#breadcrumb","itemListElement":[{"@type":"ListItem","position":1,"name":"Startseite","item":"https:\/\/www.automobilia-atelier.de\/fr\/"},{"@type":"ListItem","position":2,"name":"Produits","item":"https:\/\/www.automobilia-atelier.de\/fr\/shop\/"},{"@type":"ListItem","position":3,"name":"T-shirt AUTOMOBILIA ATELIER \u00ab&nbsp;962&nbsp;\u00bb"}]},{"@type":"WebSite","@id":"https:\/\/www.automobilia-atelier.de\/fr\/#website","url":"https:\/\/www.automobilia-atelier.de\/fr\/","name":"","description":"","potentialAction":[{"@type":"SearchAction","target":{"@type":"EntryPoint","urlTemplate":"https:\/\/www.automobilia-atelier.de\/fr\/?s={search_term_string}"},"query-input":{"@type":"PropertyValueSpecification","valueRequired":true,"valueName":"search_term_string"}}],"inLanguage":"fr-FR"}]}},"jetpack_sharing_enabled":true,"_links":{"self":[{"href":"https:\/\/www.automobilia-atelier.de\/fr\/wp-json\/wp\/v2\/product\/20551","targetHints":{"allow":["GET"]}}],"collection":[{"href":"https:\/\/www.automobilia-atelier.de\/fr\/wp-json\/wp\/v2\/product"}],"about":[{"href":"https:\/\/www.automobilia-atelier.de\/fr\/wp-json\/wp\/v2\/types\/product"}],"wp:featuredmedia":[{"embeddable":true,"href":"https:\/\/www.automobilia-atelier.de\/fr\/wp-json\/wp\/v2\/media\/20565"}],"wp:attachment":[{"href":"https:\/\/www.automobilia-atelier.de\/fr\/wp-json\/wp\/v2\/media?parent=20551"}],"wp:term":[{"taxonomy":"product_brand","embeddable":true,"href":"https:\/\/www.automobilia-atelier.de\/fr\/wp-json\/wp\/v2\/product_brand?post=20551"},{"taxonomy":"product_cat","embeddable":true,"href":"https:\/\/www.automobilia-atelier.de\/fr\/wp-json\/wp\/v2\/product_cat?post=20551"},{"taxonomy":"product_tag","embeddable":true,"href":"https:\/\/www.automobilia-atelier.de\/fr\/wp-json\/wp\/v2\/product_tag?post=20551"}],"curies":[{"name":"wp","href":"https:\/\/api.w.org\/{rel}","templated":true}]}}