{"id":22182,"date":"2026-03-22T09:51:58","date_gmt":"2026-03-22T08:51:58","guid":{"rendered":"https:\/\/www.automobilia-atelier.de\/?post_type=product&#038;p=22182"},"modified":"2026-03-25T12:50:39","modified_gmt":"2026-03-25T11:50:39","slug":"1969-volant-collaudo-personnel-bmw-porsche-ferrari-kopie","status":"publish","type":"product","link":"https:\/\/www.automobilia-atelier.de\/fr\/produkt\/1969-volant-collaudo-personnel-bmw-porsche-ferrari-kopie\/","title":{"rendered":"Volant Nardi \/ Personal L390 \u00ab&nbsp;Design Giugiaro&nbsp;\u00bb des ann\u00e9es 1980"},"content":{"rendered":"<p><strong>Fabricant :<\/strong> Nardi \/ Personnel (KBA 70062)<br \/>\n<strong>Diam\u00e8tre :<\/strong> 390 mm<br \/>\n<strong>Date de production :<\/strong> environ 1980<br \/>\n<strong>\u00c9tat :<\/strong> voir photos d\u00e9taill\u00e9es \u2013 stock neuf ancien<br \/>\n<strong>Compatibilit\u00e9&nbsp;:<\/strong> Entraxe = 6 x 74 mm \u2013 Peut \u00eatre mont\u00e9 sur de nombreux v\u00e9hicules \u00e9quip\u00e9s du moyeu appropri\u00e9. Le moyeu de montage pr\u00e9sent\u00e9 est d\u00e9fectueux \u2013 \u00e0 titre indicatif uniquement. <\/p>\n<p><b>Remarque :<\/b> cet article ne peut \u00eatre install\u00e9 que par du personnel qualifi\u00e9.<\/p>\n","protected":false},"excerpt":{"rendered":"<p>Fabricant : Nardi \/ Personnel (KBA 70062) Diam\u00e8tre : 390 mm Date de production : environ 1980 \u00c9tat : voir photos d\u00e9taill\u00e9es \u2013 stock neuf ancien Compatibilit\u00e9&nbsp;: Entraxe = 6 x 74 mm \u2013 Peut \u00eatre mont\u00e9 sur de nombreux v\u00e9hicules \u00e9quip\u00e9s du moyeu appropri\u00e9. Le moyeu de montage pr\u00e9sent\u00e9 est d\u00e9fectueux \u2013 \u00e0 titre &hellip; <a href=\"https:\/\/www.automobilia-atelier.de\/fr\/produkt\/1969-volant-collaudo-personnel-bmw-porsche-ferrari-kopie\/\" class=\"more-link\">Continuer \u00e0 lire <span class=\"screen-reader-text\">Volant Nardi \/ Personal L390 \u00ab&nbsp;Design Giugiaro&nbsp;\u00bb des ann\u00e9es 1980<\/span> <span class=\"meta-nav\">\u2192<\/span><\/a><\/p>\n","protected":false},"featured_media":22185,"template":"","meta":{"inline_featured_image":false,"_monsterinsights_skip_tracking":false,"_monsterinsights_sitenote_active":false,"_monsterinsights_sitenote_note":"","_monsterinsights_sitenote_category":0},"product_brand":[],"product_cat":[244,236,237,245],"product_tag":[],"class_list":{"0":"post-22182","1":"product","2":"type-product","3":"status-publish","4":"has-post-thumbnail","6":"product_cat-nardi-personal-fr-2","7":"product_cat-pieces-de-vehicules-classiques","8":"product_cat-volants","9":"product_cat-volants-en-cuir","11":"first","12":"instock","13":"sold-individually","14":"purchasable","15":"product-type-simple"},"yoast_head":"<!-- This site is optimized with the Yoast SEO plugin v24.7 - https:\/\/yoast.com\/wordpress\/plugins\/seo\/ -->\n<title>Volant Nardi \/ Personal L390 \u00ab&nbsp;Design Giugiaro&nbsp;\u00bb des ann\u00e9es 1980 -<\/title>\n<meta name=\"robots\" content=\"index, follow, max-snippet:-1, max-image-preview:large, max-video-preview:-1\" \/>\n<link rel=\"canonical\" href=\"https:\/\/www.automobilia-atelier.de\/fr\/produkt\/1969-volant-collaudo-personnel-bmw-porsche-ferrari-kopie\/\" \/>\n<meta property=\"og:locale\" content=\"fr_FR\" \/>\n<meta property=\"og:type\" content=\"article\" \/>\n<meta property=\"og:title\" content=\"Volant Nardi \/ Personal L390 \u00ab&nbsp;Design Giugiaro&nbsp;\u00bb des ann\u00e9es 1980 -\" \/>\n<meta property=\"og:description\" content=\"Fabricant : Nardi \/ Personnel (KBA 70062) Diam\u00e8tre : 390 mm Date de production : environ 1980 \u00c9tat : voir photos d\u00e9taill\u00e9es \u2013 stock neuf ancien Compatibilit\u00e9&nbsp;: Entraxe = 6 x 74 mm \u2013 Peut \u00eatre mont\u00e9 sur de nombreux v\u00e9hicules \u00e9quip\u00e9s du moyeu appropri\u00e9. Le moyeu de montage pr\u00e9sent\u00e9 est d\u00e9fectueux \u2013 \u00e0 titre &hellip; Continuer \u00e0 lire Volant Nardi \/ Personal L390 \u00ab&nbsp;Design Giugiaro&nbsp;\u00bb des ann\u00e9es 1980 \u2192\" \/>\n<meta property=\"og:url\" content=\"https:\/\/www.automobilia-atelier.de\/fr\/produkt\/1969-volant-collaudo-personnel-bmw-porsche-ferrari-kopie\/\" \/>\n<meta property=\"article:modified_time\" content=\"2026-03-25T11:50:39+00:00\" \/>\n<meta property=\"og:image\" content=\"https:\/\/www.automobilia-atelier.de\/wp-content\/uploads\/2026\/03\/DSC0147-scaled.jpg\" \/>\n\t<meta property=\"og:image:width\" content=\"2400\" \/>\n\t<meta property=\"og:image:height\" content=\"1600\" \/>\n\t<meta property=\"og:image:type\" content=\"image\/jpeg\" \/>\n<meta name=\"twitter:card\" content=\"summary_large_image\" \/>\n<script type=\"application\/ld+json\" class=\"yoast-schema-graph\">{\"@context\":\"https:\/\/schema.org\",\"@graph\":[{\"@type\":\"WebPage\",\"@id\":\"https:\/\/www.automobilia-atelier.de\/fr\/produkt\/1969-volant-collaudo-personnel-bmw-porsche-ferrari-kopie\/\",\"url\":\"https:\/\/www.automobilia-atelier.de\/fr\/produkt\/1969-volant-collaudo-personnel-bmw-porsche-ferrari-kopie\/\",\"name\":\"Volant Nardi \/ Personal L390 \u00ab&nbsp;Design Giugiaro&nbsp;\u00bb des ann\u00e9es 1980 -\",\"isPartOf\":{\"@id\":\"https:\/\/www.automobilia-atelier.de\/fr\/#website\"},\"primaryImageOfPage\":{\"@id\":\"https:\/\/www.automobilia-atelier.de\/fr\/produkt\/1969-volant-collaudo-personnel-bmw-porsche-ferrari-kopie\/#primaryimage\"},\"image\":{\"@id\":\"https:\/\/www.automobilia-atelier.de\/fr\/produkt\/1969-volant-collaudo-personnel-bmw-porsche-ferrari-kopie\/#primaryimage\"},\"thumbnailUrl\":\"https:\/\/www.automobilia-atelier.de\/wp-content\/uploads\/2026\/03\/DSC0147-scaled.jpg\",\"datePublished\":\"2026-03-22T08:51:58+00:00\",\"dateModified\":\"2026-03-25T11:50:39+00:00\",\"breadcrumb\":{\"@id\":\"https:\/\/www.automobilia-atelier.de\/fr\/produkt\/1969-volant-collaudo-personnel-bmw-porsche-ferrari-kopie\/#breadcrumb\"},\"inLanguage\":\"fr-FR\",\"potentialAction\":[{\"@type\":\"ReadAction\",\"target\":[\"https:\/\/www.automobilia-atelier.de\/fr\/produkt\/1969-volant-collaudo-personnel-bmw-porsche-ferrari-kopie\/\"]}]},{\"@type\":\"ImageObject\",\"inLanguage\":\"fr-FR\",\"@id\":\"https:\/\/www.automobilia-atelier.de\/fr\/produkt\/1969-volant-collaudo-personnel-bmw-porsche-ferrari-kopie\/#primaryimage\",\"url\":\"https:\/\/www.automobilia-atelier.de\/wp-content\/uploads\/2026\/03\/DSC0147-scaled.jpg\",\"contentUrl\":\"https:\/\/www.automobilia-atelier.de\/wp-content\/uploads\/2026\/03\/DSC0147-scaled.jpg\",\"width\":2400,\"height\":1600},{\"@type\":\"BreadcrumbList\",\"@id\":\"https:\/\/www.automobilia-atelier.de\/fr\/produkt\/1969-volant-collaudo-personnel-bmw-porsche-ferrari-kopie\/#breadcrumb\",\"itemListElement\":[{\"@type\":\"ListItem\",\"position\":1,\"name\":\"Startseite\",\"item\":\"https:\/\/www.automobilia-atelier.de\/fr\/\"},{\"@type\":\"ListItem\",\"position\":2,\"name\":\"Produits\",\"item\":\"https:\/\/www.automobilia-atelier.de\/fr\/shop\/\"},{\"@type\":\"ListItem\",\"position\":3,\"name\":\"Volant Nardi \/ Personal L390 \u00ab&nbsp;Design Giugiaro&nbsp;\u00bb des ann\u00e9es 1980\"}]},{\"@type\":\"WebSite\",\"@id\":\"https:\/\/www.automobilia-atelier.de\/fr\/#website\",\"url\":\"https:\/\/www.automobilia-atelier.de\/fr\/\",\"name\":\"\",\"description\":\"\",\"potentialAction\":[{\"@type\":\"SearchAction\",\"target\":{\"@type\":\"EntryPoint\",\"urlTemplate\":\"https:\/\/www.automobilia-atelier.de\/fr\/?s={search_term_string}\"},\"query-input\":{\"@type\":\"PropertyValueSpecification\",\"valueRequired\":true,\"valueName\":\"search_term_string\"}}],\"inLanguage\":\"fr-FR\"}]}<\/script>\n<!-- \/ Yoast SEO plugin. -->","yoast_head_json":{"title":"Volant Nardi \/ Personal L390 \u00ab&nbsp;Design Giugiaro&nbsp;\u00bb des ann\u00e9es 1980 -","robots":{"index":"index","follow":"follow","max-snippet":"max-snippet:-1","max-image-preview":"max-image-preview:large","max-video-preview":"max-video-preview:-1"},"canonical":"https:\/\/www.automobilia-atelier.de\/fr\/produkt\/1969-volant-collaudo-personnel-bmw-porsche-ferrari-kopie\/","og_locale":"fr_FR","og_type":"article","og_title":"Volant Nardi \/ Personal L390 \u00ab&nbsp;Design Giugiaro&nbsp;\u00bb des ann\u00e9es 1980 -","og_description":"Fabricant : Nardi \/ Personnel (KBA 70062) Diam\u00e8tre : 390 mm Date de production : environ 1980 \u00c9tat : voir photos d\u00e9taill\u00e9es \u2013 stock neuf ancien Compatibilit\u00e9&nbsp;: Entraxe = 6 x 74 mm \u2013 Peut \u00eatre mont\u00e9 sur de nombreux v\u00e9hicules \u00e9quip\u00e9s du moyeu appropri\u00e9. Le moyeu de montage pr\u00e9sent\u00e9 est d\u00e9fectueux \u2013 \u00e0 titre &hellip; Continuer \u00e0 lire Volant Nardi \/ Personal L390 \u00ab&nbsp;Design Giugiaro&nbsp;\u00bb des ann\u00e9es 1980 \u2192","og_url":"https:\/\/www.automobilia-atelier.de\/fr\/produkt\/1969-volant-collaudo-personnel-bmw-porsche-ferrari-kopie\/","article_modified_time":"2026-03-25T11:50:39+00:00","og_image":[{"width":2400,"height":1600,"url":"https:\/\/www.automobilia-atelier.de\/wp-content\/uploads\/2026\/03\/DSC0147-scaled.jpg","type":"image\/jpeg"}],"twitter_card":"summary_large_image","schema":{"@context":"https:\/\/schema.org","@graph":[{"@type":"WebPage","@id":"https:\/\/www.automobilia-atelier.de\/fr\/produkt\/1969-volant-collaudo-personnel-bmw-porsche-ferrari-kopie\/","url":"https:\/\/www.automobilia-atelier.de\/fr\/produkt\/1969-volant-collaudo-personnel-bmw-porsche-ferrari-kopie\/","name":"Volant Nardi \/ Personal L390 \u00ab&nbsp;Design Giugiaro&nbsp;\u00bb des ann\u00e9es 1980 -","isPartOf":{"@id":"https:\/\/www.automobilia-atelier.de\/fr\/#website"},"primaryImageOfPage":{"@id":"https:\/\/www.automobilia-atelier.de\/fr\/produkt\/1969-volant-collaudo-personnel-bmw-porsche-ferrari-kopie\/#primaryimage"},"image":{"@id":"https:\/\/www.automobilia-atelier.de\/fr\/produkt\/1969-volant-collaudo-personnel-bmw-porsche-ferrari-kopie\/#primaryimage"},"thumbnailUrl":"https:\/\/www.automobilia-atelier.de\/wp-content\/uploads\/2026\/03\/DSC0147-scaled.jpg","datePublished":"2026-03-22T08:51:58+00:00","dateModified":"2026-03-25T11:50:39+00:00","breadcrumb":{"@id":"https:\/\/www.automobilia-atelier.de\/fr\/produkt\/1969-volant-collaudo-personnel-bmw-porsche-ferrari-kopie\/#breadcrumb"},"inLanguage":"fr-FR","potentialAction":[{"@type":"ReadAction","target":["https:\/\/www.automobilia-atelier.de\/fr\/produkt\/1969-volant-collaudo-personnel-bmw-porsche-ferrari-kopie\/"]}]},{"@type":"ImageObject","inLanguage":"fr-FR","@id":"https:\/\/www.automobilia-atelier.de\/fr\/produkt\/1969-volant-collaudo-personnel-bmw-porsche-ferrari-kopie\/#primaryimage","url":"https:\/\/www.automobilia-atelier.de\/wp-content\/uploads\/2026\/03\/DSC0147-scaled.jpg","contentUrl":"https:\/\/www.automobilia-atelier.de\/wp-content\/uploads\/2026\/03\/DSC0147-scaled.jpg","width":2400,"height":1600},{"@type":"BreadcrumbList","@id":"https:\/\/www.automobilia-atelier.de\/fr\/produkt\/1969-volant-collaudo-personnel-bmw-porsche-ferrari-kopie\/#breadcrumb","itemListElement":[{"@type":"ListItem","position":1,"name":"Startseite","item":"https:\/\/www.automobilia-atelier.de\/fr\/"},{"@type":"ListItem","position":2,"name":"Produits","item":"https:\/\/www.automobilia-atelier.de\/fr\/shop\/"},{"@type":"ListItem","position":3,"name":"Volant Nardi \/ Personal L390 \u00ab&nbsp;Design Giugiaro&nbsp;\u00bb des ann\u00e9es 1980"}]},{"@type":"WebSite","@id":"https:\/\/www.automobilia-atelier.de\/fr\/#website","url":"https:\/\/www.automobilia-atelier.de\/fr\/","name":"","description":"","potentialAction":[{"@type":"SearchAction","target":{"@type":"EntryPoint","urlTemplate":"https:\/\/www.automobilia-atelier.de\/fr\/?s={search_term_string}"},"query-input":{"@type":"PropertyValueSpecification","valueRequired":true,"valueName":"search_term_string"}}],"inLanguage":"fr-FR"}]}},"jetpack_sharing_enabled":true,"_links":{"self":[{"href":"https:\/\/www.automobilia-atelier.de\/fr\/wp-json\/wp\/v2\/product\/22182","targetHints":{"allow":["GET"]}}],"collection":[{"href":"https:\/\/www.automobilia-atelier.de\/fr\/wp-json\/wp\/v2\/product"}],"about":[{"href":"https:\/\/www.automobilia-atelier.de\/fr\/wp-json\/wp\/v2\/types\/product"}],"wp:featuredmedia":[{"embeddable":true,"href":"https:\/\/www.automobilia-atelier.de\/fr\/wp-json\/wp\/v2\/media\/22185"}],"wp:attachment":[{"href":"https:\/\/www.automobilia-atelier.de\/fr\/wp-json\/wp\/v2\/media?parent=22182"}],"wp:term":[{"taxonomy":"product_brand","embeddable":true,"href":"https:\/\/www.automobilia-atelier.de\/fr\/wp-json\/wp\/v2\/product_brand?post=22182"},{"taxonomy":"product_cat","embeddable":true,"href":"https:\/\/www.automobilia-atelier.de\/fr\/wp-json\/wp\/v2\/product_cat?post=22182"},{"taxonomy":"product_tag","embeddable":true,"href":"https:\/\/www.automobilia-atelier.de\/fr\/wp-json\/wp\/v2\/product_tag?post=22182"}],"curies":[{"name":"wp","href":"https:\/\/api.w.org\/{rel}","templated":true}]}}